{"id":6160,"date":"2024-05-03T06:32:25","date_gmt":"2024-05-03T06:32:25","guid":{"rendered":"https:\/\/elfsight.com\/pt\/?page_id=6160"},"modified":"2024-11-13T11:53:09","modified_gmt":"2024-11-13T11:53:09","slug":"webflow","status":"publish","type":"page","link":"https:\/\/elfsight.com\/pt\/click-to-call-widget\/webflow\/","title":{"rendered":"Click to Call &#8211; Webflow"},"content":{"rendered":"<div class=\"application-platform-content-item-description application-platform-content-item\" id=\"description\" data-nav-section=\"description\"> <h2>Incorporar Click to Call no Webflow com o widget Elfsight<\/h2> <p>O Elfsight Call Now Button \u00e9 um widget simples para um site, o que torna mais r\u00e1pido para os clientes ligarem para voc\u00ea. Visualizado em celulares, o widget come\u00e7a a discar seu n\u00famero assim que o usu\u00e1rio clica no bal\u00e3o do telefone. Quando usado em desktops, o clique mostrar\u00e1 seu n\u00famero na p\u00e1gina para ajudar os usu\u00e1rios a ligar para voc\u00ea imediatamente. Existe a op\u00e7\u00e3o n\u00e3o s\u00f3 de adicionar o n\u00famero de telefone, mas tamb\u00e9m de configurar a janela de chamada, que inclui o nome e a foto do contato do cliente e uma legenda. Todas as partes s\u00e3o flex\u00edveis e permitem configur\u00e1-lo para obter qualquer variante da interface. Tamb\u00e9m existe a op\u00e7\u00e3o de escolher um gatilho que fa\u00e7a o bal\u00e3o do telefone aparecer e decidir qual categoria de usu\u00e1rios o ver\u00e1. <\/p> <div class=\"faq\" data-component=\"FAQ\"><div class=\"faq-item\">\r\n\t\t\t\t\t<div class=\"faq-item-question\">\r\n\t\t\t\t\t\t<h3 class=\"faq-item-question-text\">Onde posso incorporar o widget<\/h3>\r\n\r\n\t\t\t\t\t\t<div class=\"faq-item-question-icon\"><\/div>\r\n\t\t\t\t\t<\/div>\r\n\r\n\t\t\t\t\t<div class=\"faq-item-answer\">\r\n\t\t\t\t\t\t<div class=\"faq-item-answer-text\"> <p>Voc\u00ea pode adicion\u00e1-lo a qualquer p\u00e1gina do seu site ou a todas as p\u00e1ginas da web. Nas configura\u00e7\u00f5es do widget, voc\u00ea pode inserir os URLs de p\u00e1ginas espec\u00edficas onde voc\u00ea precisa ativar o widget. Ou use o recurso Excluir e insira os URLs das p\u00e1ginas onde voc\u00ea precisa proibir a exibi\u00e7\u00e3o do widget.<\/p> <\/div>\r\n\t\t\t\t\t<\/div>\r\n\t\t\t\t<\/div><div class=\"faq-item\">\r\n\t\t\t\t\t<div class=\"faq-item-question\">\r\n\t\t\t\t\t\t<h3 class=\"faq-item-question-text\">Quais benef\u00edcios isso pode me trazer?<\/h3>\r\n\r\n\t\t\t\t\t\t<div class=\"faq-item-question-icon\"><\/div>\r\n\t\t\t\t\t<\/div>\r\n\r\n\t\t\t\t\t<div class=\"faq-item-answer\">\r\n\t\t\t\t\t\t<div class=\"faq-item-answer-text\"> <p>Voc\u00ea pode fazer mais chamadas dos clientes gra\u00e7as \u00e0 forma r\u00e1pida e pr\u00e1tica de telefonar para voc\u00ea, sem sair da p\u00e1gina web. Isso pode ajud\u00e1-lo a obter comunica\u00e7\u00f5es mais diretas e converter visitantes em clientes. Al\u00e9m disso, voc\u00ea pode criar sua base de clientes potenciais. <\/p> <\/div>\r\n\t\t\t\t\t<\/div>\r\n\t\t\t\t<\/div> <div class=\"faq-item\">\r\n\t\t\t\t\t<div class=\"faq-item-question\">\r\n\t\t\t\t\t\t<h3 class=\"faq-item-question-text\">Como fa\u00e7o para incorporar o bot\u00e3o de chamada ao meu site Webflow?<\/h3>\r\n\r\n\t\t\t\t\t\t<div class=\"faq-item-question-icon\"><\/div>\r\n\t\t\t\t\t<\/div>\r\n\r\n\t\t\t\t\t<div class=\"faq-item-answer\">\r\n\t\t\t\t\t\t<div class=\"faq-item-answer-text\"> <p>Voc\u00ea s\u00f3 precisa de um minuto para configurar. Este processo \u00e9 muito r\u00e1pido, gratuito e n\u00e3o requer codifica\u00e7\u00e3o. <\/p> <p>Voc\u00ea pode adicionar o widget Chamada ao seu site em nosso servi\u00e7o. Para isso, siga as instru\u00e7\u00f5es a seguir nesta p\u00e1gina.<\/p> <\/div>\r\n\t\t\t\t\t<\/div>\r\n\t\t\t\t<\/div> <\/div> <\/div> <div class=\"application-platform-content-item-features application-platform-content-item\" id=\"features\" data-nav-section=\"features\"> <h2>Principais recursos do widget Click to Call<\/h2> <p>Para ter um conhecimento completo do widget, aqui est\u00e1 a lista das principais caracter\u00edsticas. Eles tornam nosso widget incrivelmente eficiente para voc\u00ea: <\/p> <ul><li>Chamadas r\u00e1pidas em celulares; <\/li> <li>Escolha uma das tr\u00eas op\u00e7\u00f5es de posicionamento do widget: flutuante \u00e0 esquerda ou \u00e0 direita ou personalizado; <\/li> <li>A op\u00e7\u00e3o de incorporar widget em p\u00e1ginas espec\u00edficas ou excluir p\u00e1ginas da web; <\/li> <li>Escolha as categorias de usu\u00e1rios que ver\u00e3o o widget: todos, novos ou antigos; <\/li> <li> Gatilhos de widget integrados: tempo na p\u00e1gina, tempo no site, porcentagem de rolagem e tentativa de sair do site. <\/li> <\/ul><p><a href=\"#demo\">A demonstra\u00e7\u00e3o abrir\u00e1 mais recursos para voc\u00ea<\/a><\/p> <\/div> <div class=\"application-platform-content-item-installation application-platform-content-item\" id=\"installation\" data-nav-section=\"installation\"> <h2> Como adicionar o bot\u00e3o Click To Call ao seu site Webflow<\/h2> <p>Essas diversas a\u00e7\u00f5es s\u00e3o tudo que voc\u00ea precisa fazer para instalar o widget. <\/p> <ol><li><b>Gere seu widget de chamada exclusivo<\/b><br> Atrav\u00e9s de nosso editor gratuito, obtenha um plugin com design e fun\u00e7\u00f5es selecionados. <\/li><li><b>Receba o c\u00f3digo individual para instalar o plugin<\/b><br> Depois de configurar o seu widget, ir\u00e1 adquirir o c\u00f3digo de instala\u00e7\u00e3o a partir da notifica\u00e7\u00e3o que aparece nas aplica\u00e7\u00f5es Elfsight. Copie este c\u00f3digo para uso posterior. <\/li> <li><b>Exiba o plugin em seu site Webflow<\/b><br> V\u00e1 at\u00e9 o local onde deseja colocar o plugin e adicione o c\u00f3digo copiado l\u00e1. Aplique as altera\u00e7\u00f5es.<\/li> <li><b>Conclu\u00eddo! <\/b><br> Entre na loja para dar uma olhada no seu bot\u00e3o de chamada. <\/li> <\/ol><p>Ainda n\u00e3o consegue decidir? Ou tem perguntas a fazer? Basta direcionar uma solicita\u00e7\u00e3o ao nosso atendimento ao cliente para ajud\u00e1-lo com qualquer problema. <\/p> <\/div>","protected":false},"excerpt":{"rendered":"","protected":false},"author":9,"featured_media":0,"parent":1149,"menu_order":0,"comment_status":"closed","ping_status":"closed","template":"templates\/template-application-platform.php","meta":{"publish_to_discourse":"","publish_post_category":"","wpdc_auto_publish_overridden":"","wpdc_topic_tags":"","wpdc_pin_topic":"","wpdc_pin_until":"","discourse_post_id":"","discourse_permalink":"","wpdc_publishing_response":"","wpdc_publishing_error":"","footnotes":""},"class_list":["post-6160","page","type-page","status-publish","hentry"],"yoast_head":"<!-- This site is optimized with the Yoast SEO plugin v25.3.1 - https:\/\/yoast.com\/wordpress\/plugins\/seo\/ -->\n<title>Adicione o widget Click to Call Button ao seu site Webflow (em 2 minutos)<\/title>\n<meta name=\"description\" content=\"\u00c9 absolutamente simples moldar seu widget Click to Call Now Button e adicion\u00e1-lo ao site Webflow. O atendimento ao cliente da Elfsight \u00e9 gratuito e r\u00e1pido.\" \/>\n<meta name=\"robots\" content=\"index, follow, max-snippet:-1, max-image-preview:large, max-video-preview:-1\" \/>\n<link rel=\"canonical\" href=\"https:\/\/elfsight.com\/pt\/click-to-call-widget\/webflow\/\" \/>\n<meta property=\"og:locale\" content=\"pt_PT\" \/>\n<meta property=\"og:type\" content=\"article\" \/>\n<meta property=\"og:title\" content=\"Adicione o widget Click to Call Button ao seu site Webflow (em 2 minutos)\" \/>\n<meta property=\"og:description\" content=\"\u00c9 absolutamente simples moldar seu widget Click to Call Now Button e adicion\u00e1-lo ao site Webflow. O atendimento ao cliente da Elfsight \u00e9 gratuito e r\u00e1pido.\" \/>\n<meta property=\"og:url\" content=\"https:\/\/elfsight.com\/pt\/click-to-call-widget\/webflow\/\" \/>\n<meta property=\"og:site_name\" content=\"Elfsight PT\" \/>\n<meta property=\"article:modified_time\" content=\"2024-11-13T11:53:09+00:00\" \/>\n<meta name=\"twitter:card\" content=\"summary_large_image\" \/>\n<meta name=\"twitter:label1\" content=\"Tempo estimado de leitura\" \/>\n\t<meta name=\"twitter:data1\" content=\"3 minutos\" \/>\n<!-- \/ Yoast SEO plugin. -->","yoast_head_json":{"title":"Adicione o widget Click to Call Button ao seu site Webflow (em 2 minutos)","description":"\u00c9 absolutamente simples moldar seu widget Click to Call Now Button e adicion\u00e1-lo ao site Webflow. O atendimento ao cliente da Elfsight \u00e9 gratuito e r\u00e1pido.","robots":{"index":"index","follow":"follow","max-snippet":"max-snippet:-1","max-image-preview":"max-image-preview:large","max-video-preview":"max-video-preview:-1"},"canonical":"https:\/\/elfsight.com\/pt\/click-to-call-widget\/webflow\/","og_locale":"pt_PT","og_type":"article","og_title":"Adicione o widget Click to Call Button ao seu site Webflow (em 2 minutos)","og_description":"\u00c9 absolutamente simples moldar seu widget Click to Call Now Button e adicion\u00e1-lo ao site Webflow. O atendimento ao cliente da Elfsight \u00e9 gratuito e r\u00e1pido.","og_url":"https:\/\/elfsight.com\/pt\/click-to-call-widget\/webflow\/","og_site_name":"Elfsight PT","article_modified_time":"2024-11-13T11:53:09+00:00","twitter_card":"summary_large_image","twitter_misc":{"Tempo estimado de leitura":"3 minutos"},"schema":{"@context":"https:\/\/schema.org","@graph":[{"@type":"WebPage","@id":"https:\/\/elfsight.com\/pt\/click-to-call-widget\/webflow\/","url":"https:\/\/elfsight.com\/pt\/click-to-call-widget\/webflow\/","name":"Adicione o widget Click to Call Button ao seu site Webflow (em 2 minutos)","isPartOf":{"@id":"https:\/\/elfsight.com\/pt\/#website"},"datePublished":"2024-05-03T06:32:25+00:00","dateModified":"2024-11-13T11:53:09+00:00","description":"\u00c9 absolutamente simples moldar seu widget Click to Call Now Button e adicion\u00e1-lo ao site Webflow. O atendimento ao cliente da Elfsight \u00e9 gratuito e r\u00e1pido.","breadcrumb":{"@id":"https:\/\/elfsight.com\/pt\/click-to-call-widget\/webflow\/#breadcrumb"},"inLanguage":"pt-PT","potentialAction":[{"@type":"ReadAction","target":["https:\/\/elfsight.com\/pt\/click-to-call-widget\/webflow\/"]}]},{"@type":"BreadcrumbList","@id":"https:\/\/elfsight.com\/pt\/click-to-call-widget\/webflow\/#breadcrumb","itemListElement":[{"@type":"ListItem","position":1,"name":"Home","item":"https:\/\/elfsight.com\/pt\/"},{"@type":"ListItem","position":2,"name":"Click to Call","item":"https:\/\/elfsight.com\/pt\/click-to-call-widget\/"},{"@type":"ListItem","position":3,"name":"Click to Call &#8211; Webflow"}]},{"@type":"WebSite","@id":"https:\/\/elfsight.com\/pt\/#website","url":"https:\/\/elfsight.com\/pt\/","name":"Elfsight PT","description":"Just another Elfsight Sites site","potentialAction":[{"@type":"SearchAction","target":{"@type":"EntryPoint","urlTemplate":"https:\/\/elfsight.com\/pt\/?s={search_term_string}"},"query-input":{"@type":"PropertyValueSpecification","valueRequired":true,"valueName":"search_term_string"}}],"inLanguage":"pt-PT"}]}},"meta_box":{"industry":"","seo_heading":"","heading":"","description":"","cta_heading":"","cta_description":"","application":"1148","h1":"Bot\u00e3o Clique para ligar do Webflow","h1_caption":"O m\u00e9todo mais r\u00e1pido para os usu\u00e1rios ligarem para voc\u00ea","application_category":[],"applications_title":"","applications_request_title":"","applications_request_button_text":"","hero_text":"","hero_video":"","hero_video_schema_markup":"","selling_points_title":"","selling_points_caption":"","selling_points":[],"selling_points_cta_text":"","features_title":"","features":"","ed_cta_examples_text":"","ed_cta_examples_hidden":"","ed_cta_demo_text":"","ed_cta_demo_hidden":"","why_caption":"","why_editor_title":"","why_editor_text":"","why_team_title":"","why_team_text":"","why_service_title":"","why_service_text":"","template_catalog_visible":"","template_catalog_title":"","template_catalog_text":"","template_catalog_categories_visible":"","demo_title":"Crie seu widget Click to Call","demo_caption":"Configure seu Click to Call e adicione-o ao seu site Webflow gratuitamente!","default_faq_hidden":"","app_template_category":[],"platform":"70","template_public_id":"","codecanyon_url":"","codecanyon_item_id":"","codecanyon_price":"","pricing_caption":"","pricing_elfsight_apps_hide_column":"","pricing_elfsight_apps_url":"","pricing_codecanyon_price_caption":"","integration_category":[],"integration_request_title":"","integration_request_cta":"","integration_platform":"","integrations":[],"platform_category":[],"video_schema_markup":"","price":"a partir de US$ 0\/m\u00eas","trial":"","benefits":[{"text":"Assist\u00eancia de instala\u00e7\u00e3o gratuita"},{"text":"Suporte premium"},{"text":"Garantia de devolu\u00e7\u00e3o do dinheiro em 14 dias"},{"text":"Melhorias gratuitas vital\u00edcias"}],"button_url":"#demo","button_target_blank":"","button_nofollow":"","attributes":[{"name":"Instala\u00e7\u00f5es","content":"10,000 - 100,000"},{"name":"Responsivo","content":"Sim"},{"name":"Navegadores compat\u00edveis","content":"Chrome, Firefox, Safari, Opera, Edge"}],"tags":[],"tags_disable_links":"","hide_more_platforms":"","video_object":"","demo_hide_cta":"","demo_hide_cloud_options":"","pricing_title":"","pricing":[{"pricing_icon":"platform","pricing_title":"Elfsight Apps","pricing_title_caption":"Software independente de plataforma que se adapta a qualquer site","pricing_price":"a partir de US$ 0\/m\u00eas","pricing_price_caption":"comece com plano gratuito","pricing_benefits":[{"text":"Dom\u00ednios ilimitados"},{"text":"Servi\u00e7o de instala\u00e7\u00e3o gratuito"},{"text":"Servi\u00e7o de instala\u00e7\u00e3o gratuito"},{"text":"Oferta especial para v\u00e1rios aplicativos"}],"pricing_button_text":"Adicionar ao site","pricing_button_url":"#demo"}],"related_apps_title":"","related_apps_hidden":"","author":"","image":[],"title":"","job":"","social_networks":[]},"_links":{"self":[{"href":"https:\/\/elfsight.com\/pt\/wp-json\/wp\/v2\/pages\/6160","targetHints":{"allow":["GET"]}}],"collection":[{"href":"https:\/\/elfsight.com\/pt\/wp-json\/wp\/v2\/pages"}],"about":[{"href":"https:\/\/elfsight.com\/pt\/wp-json\/wp\/v2\/types\/page"}],"author":[{"embeddable":true,"href":"https:\/\/elfsight.com\/pt\/wp-json\/wp\/v2\/users\/9"}],"replies":[{"embeddable":true,"href":"https:\/\/elfsight.com\/pt\/wp-json\/wp\/v2\/comments?post=6160"}],"version-history":[{"count":1,"href":"https:\/\/elfsight.com\/pt\/wp-json\/wp\/v2\/pages\/6160\/revisions"}],"predecessor-version":[{"id":6164,"href":"https:\/\/elfsight.com\/pt\/wp-json\/wp\/v2\/pages\/6160\/revisions\/6164"}],"up":[{"embeddable":true,"href":"https:\/\/elfsight.com\/pt\/wp-json\/wp\/v2\/pages\/1149"}],"wp:attachment":[{"href":"https:\/\/elfsight.com\/pt\/wp-json\/wp\/v2\/media?parent=6160"}],"curies":[{"name":"wp","href":"https:\/\/api.w.org\/{rel}","templated":true}]}}