{"id":6159,"date":"2024-05-03T06:32:24","date_gmt":"2024-05-03T06:32:24","guid":{"rendered":"https:\/\/elfsight.com\/pt\/?page_id=6159"},"modified":"2024-11-13T11:53:09","modified_gmt":"2024-11-13T11:53:09","slug":"webnode","status":"publish","type":"page","link":"https:\/\/elfsight.com\/pt\/click-to-call-widget\/webnode\/","title":{"rendered":"Click to Call &#8211; Webnode"},"content":{"rendered":"<div class=\"application-platform-content-item-description application-platform-content-item\" id=\"description\" data-nav-section=\"description\"> <h2>Descri\u00e7\u00e3o<\/h2> <p>O widget Click To Call da Elfsight para Webnode \u00e9 uma ferramenta eficaz que permite aos visitantes do seu site mais rapidamente. Eles podem ligar para voc\u00ea pressionando o \u00edcone do telefone no celular e na \u00e1rea de trabalho. Seu n\u00famero parece atraente para uma discagem simplificada. O bal\u00e3o e a janela de chamada s\u00e3o absolutamente configur\u00e1veis \u200b\u200be permitem que voc\u00ea crie um estilo absolutamente \u00fanico para o seu widget. Voc\u00ea \u00e9 livre para alterar todas as partes do widget para adequ\u00e1-lo completamente \u00e0 gama de cores do site.<\/p> <div class=\"faq\" data-component=\"FAQ\"><div class=\"faq-item\">\r\n\t\t\t\t\t<div class=\"faq-item-question\">\r\n\t\t\t\t\t\t<h3 class=\"faq-item-question-text\">Onde posso incorpor\u00e1-lo no meu site?<\/h3>\r\n\r\n\t\t\t\t\t\t<div class=\"faq-item-question-icon\"><\/div>\r\n\t\t\t\t\t<\/div>\r\n\r\n\t\t\t\t\t<div class=\"faq-item-answer\">\r\n\t\t\t\t\t\t<div class=\"faq-item-answer-text\"> <p>Voc\u00ea est\u00e1 livre para escolher as p\u00e1ginas que voc\u00ea precisa para mostrar o bal\u00e3o de discagem e demonstrar seus URLs nas configura\u00e7\u00f5es. Ou voc\u00ea pode excluir p\u00e1ginas espec\u00edficas, tamb\u00e9m por URL.<\/p> <\/div>\r\n\t\t\t\t\t<\/div>\r\n\t\t\t\t<\/div><div class=\"faq-item\">\r\n\t\t\t\t\t<div class=\"faq-item-question\">\r\n\t\t\t\t\t\t<h3 class=\"faq-item-question-text\">Quais vantagens isso me oferece?<\/h3>\r\n\r\n\t\t\t\t\t\t<div class=\"faq-item-question-icon\"><\/div>\r\n\t\t\t\t\t<\/div>\r\n\r\n\t\t\t\t\t<div class=\"faq-item-answer\">\r\n\t\t\t\t\t\t<div class=\"faq-item-answer-text\"> <p>A comunica\u00e7\u00e3o direta por meio de chamadas telef\u00f4nicas ajuda a converter mais compradores potenciais em reais clientes. Al\u00e9m disso, a discagem simples e a demonstra\u00e7\u00e3o do n\u00famero de telefone tornar\u00e3o a discagem para voc\u00ea mais f\u00e1cil.<\/p> <\/div>\r\n\t\t\t\t\t<\/div>\r\n\t\t\t\t<\/div> <div class=\"faq-item\">\r\n\t\t\t\t\t<div class=\"faq-item-question\">\r\n\t\t\t\t\t\t<h3 class=\"faq-item-question-text\">Como fa\u00e7o para obter o Click to Call no meu site Webnode?<\/h3>\r\n\r\n\t\t\t\t\t\t<div class=\"faq-item-question-icon\"><\/div>\r\n\t\t\t\t\t<\/div>\r\n\r\n\t\t\t\t\t<div class=\"faq-item-answer\">\r\n\t\t\t\t\t\t<div class=\"faq-item-answer-text\"> <p>Tudo o que voc\u00ea precisa fazer O que fazer \u00e9 formar seu widget, selecionar as cores e a altura, depois salvar seu trabalho e copiar o c\u00f3digo que surgir\u00e1 na janela pop up ao final do processo de forma\u00e7\u00e3o. Insira este c\u00f3digo em seu site.<\/p> <\/div>\r\n\t\t\t\t\t<\/div>\r\n\t\t\t\t<\/div> <\/div> <\/div> <div class=\"application-platform-content-item-features application-platform-content-item\" id=\"features\" data-nav-section=\"features\"> <h2>Recursos<\/h2> <p>Para ter um melhor conhecimento do widget Bot\u00e3o de chamada , veja a lista de seus recursos mais destacados. Eles tornam nosso widget incrivelmente eficiente para voc\u00ea: <\/p> <ul><li>Discagem instant\u00e2nea em celulares; <\/li> <li>Tr\u00eas op\u00e7\u00f5es integradas de posi\u00e7\u00e3o do widget: Flutuante Esquerdo, Flutuante Direita ou personalizado; <\/li> <li>A op\u00e7\u00e3o de mostrar o widget em determinadas p\u00e1ginas ou excluir p\u00e1ginas; <\/li> <li>Escolha as categorias de visitantes para ver o widget: todos, novos ou recorrentes; <\/li> <li> Gatilhos de abertura de widget integrados: tempo gasto na p\u00e1gina, tempo no site, porcentagem de rolagem ou tentativa de sa\u00edda. <\/li> <\/ul><p><a href=\"#demo\">Para verificar mais recursos, veja nossa demonstra\u00e7\u00e3o<\/a><\/p> <\/div> <div class=\"application-platform-content-item-installation application-platform-content-item\" id=\"installation\" data-nav-section=\"installation\"> <h2>Como adicionar o widget Click To Call Button \u00e0 sua p\u00e1gina Webnode<\/h2> <p>As a\u00e7\u00f5es abaixo s\u00e3o a \u00fanica coisa que voc\u00ea precisa fazer para um isolamento bem-sucedido. <\/p> <ol><li><b>Abra nosso editor gratuito e comece a criar seu plugin personalizado. <\/b><br> Especifique o design personalizado e as especifica\u00e7\u00f5es do widget e aplique as corre\u00e7\u00f5es. <\/li> <li><b>Adquira o c\u00f3digo pessoal exposto na caixa das Apps Elfsight. <\/b><br> Assim que a instala\u00e7\u00e3o da sua ferramenta for conclu\u00edda, copie o c\u00f3digo individual do pop-up que aparece e guarde-o para futuras ocasi\u00f5es. <\/li> <li><b>Iniciar a utiliza\u00e7\u00e3o da ferramenta no site Webnode. <\/b><br> Insira o c\u00f3digo que voc\u00ea copiou antes em sua p\u00e1gina da web e salve as edi\u00e7\u00f5es. <\/li> <li><b>Pronto! A incorpora\u00e7\u00e3o foi finalizada com sucesso. <\/b><br> Acesse sua p\u00e1gina da web para ver como o plugin funciona. <\/li><\/ol> <p>Ainda n\u00e3o tem certeza? Ou tendo problemas? Basta escrever uma solicita\u00e7\u00e3o ao nosso servi\u00e7o de atendimento ao cliente. Nossos especialistas resolver\u00e3o todos os problemas. <\/p> <\/div>","protected":false},"excerpt":{"rendered":"","protected":false},"author":9,"featured_media":0,"parent":1149,"menu_order":0,"comment_status":"closed","ping_status":"closed","template":"templates\/template-application-platform.php","meta":{"publish_to_discourse":"","publish_post_category":"","wpdc_auto_publish_overridden":"","wpdc_topic_tags":"","wpdc_pin_topic":"","wpdc_pin_until":"","discourse_post_id":"","discourse_permalink":"","wpdc_publishing_response":"","wpdc_publishing_error":"","footnotes":""},"class_list":["post-6159","page","type-page","status-publish","hentry"],"yoast_head":"<!-- This site is optimized with the Yoast SEO plugin v25.3.1 - https:\/\/yoast.com\/wordpress\/plugins\/seo\/ -->\n<title>Adicione o widget Click to Call Button ao site Webnode (gr\u00e1tis e r\u00e1pido)<\/title>\n<meta name=\"description\" content=\"Insira um pr\u00e1tico plugin Click to Call em seu site Webnode. Fa\u00e7a uso da demonstra\u00e7\u00e3o f\u00e1cil de usar do Elfsight e crie seu plugin exclusivo em 1-2-3.\" \/>\n<meta name=\"robots\" content=\"index, follow, max-snippet:-1, max-image-preview:large, max-video-preview:-1\" \/>\n<link rel=\"canonical\" href=\"https:\/\/elfsight.com\/pt\/click-to-call-widget\/webnode\/\" \/>\n<meta property=\"og:locale\" content=\"pt_PT\" \/>\n<meta property=\"og:type\" content=\"article\" \/>\n<meta property=\"og:title\" content=\"Adicione o widget Click to Call Button ao site Webnode (gr\u00e1tis e r\u00e1pido)\" \/>\n<meta property=\"og:description\" content=\"Insira um pr\u00e1tico plugin Click to Call em seu site Webnode. Fa\u00e7a uso da demonstra\u00e7\u00e3o f\u00e1cil de usar do Elfsight e crie seu plugin exclusivo em 1-2-3.\" \/>\n<meta property=\"og:url\" content=\"https:\/\/elfsight.com\/pt\/click-to-call-widget\/webnode\/\" \/>\n<meta property=\"og:site_name\" content=\"Elfsight PT\" \/>\n<meta property=\"article:modified_time\" content=\"2024-11-13T11:53:09+00:00\" \/>\n<meta name=\"twitter:card\" content=\"summary_large_image\" \/>\n<meta name=\"twitter:label1\" content=\"Tempo estimado de leitura\" \/>\n\t<meta name=\"twitter:data1\" content=\"3 minutos\" \/>\n<!-- \/ Yoast SEO plugin. -->","yoast_head_json":{"title":"Adicione o widget Click to Call Button ao site Webnode (gr\u00e1tis e r\u00e1pido)","description":"Insira um pr\u00e1tico plugin Click to Call em seu site Webnode. Fa\u00e7a uso da demonstra\u00e7\u00e3o f\u00e1cil de usar do Elfsight e crie seu plugin exclusivo em 1-2-3.","robots":{"index":"index","follow":"follow","max-snippet":"max-snippet:-1","max-image-preview":"max-image-preview:large","max-video-preview":"max-video-preview:-1"},"canonical":"https:\/\/elfsight.com\/pt\/click-to-call-widget\/webnode\/","og_locale":"pt_PT","og_type":"article","og_title":"Adicione o widget Click to Call Button ao site Webnode (gr\u00e1tis e r\u00e1pido)","og_description":"Insira um pr\u00e1tico plugin Click to Call em seu site Webnode. Fa\u00e7a uso da demonstra\u00e7\u00e3o f\u00e1cil de usar do Elfsight e crie seu plugin exclusivo em 1-2-3.","og_url":"https:\/\/elfsight.com\/pt\/click-to-call-widget\/webnode\/","og_site_name":"Elfsight PT","article_modified_time":"2024-11-13T11:53:09+00:00","twitter_card":"summary_large_image","twitter_misc":{"Tempo estimado de leitura":"3 minutos"},"schema":{"@context":"https:\/\/schema.org","@graph":[{"@type":"WebPage","@id":"https:\/\/elfsight.com\/pt\/click-to-call-widget\/webnode\/","url":"https:\/\/elfsight.com\/pt\/click-to-call-widget\/webnode\/","name":"Adicione o widget Click to Call Button ao site Webnode (gr\u00e1tis e r\u00e1pido)","isPartOf":{"@id":"https:\/\/elfsight.com\/pt\/#website"},"datePublished":"2024-05-03T06:32:24+00:00","dateModified":"2024-11-13T11:53:09+00:00","description":"Insira um pr\u00e1tico plugin Click to Call em seu site Webnode. Fa\u00e7a uso da demonstra\u00e7\u00e3o f\u00e1cil de usar do Elfsight e crie seu plugin exclusivo em 1-2-3.","breadcrumb":{"@id":"https:\/\/elfsight.com\/pt\/click-to-call-widget\/webnode\/#breadcrumb"},"inLanguage":"pt-PT","potentialAction":[{"@type":"ReadAction","target":["https:\/\/elfsight.com\/pt\/click-to-call-widget\/webnode\/"]}]},{"@type":"BreadcrumbList","@id":"https:\/\/elfsight.com\/pt\/click-to-call-widget\/webnode\/#breadcrumb","itemListElement":[{"@type":"ListItem","position":1,"name":"Home","item":"https:\/\/elfsight.com\/pt\/"},{"@type":"ListItem","position":2,"name":"Click to Call","item":"https:\/\/elfsight.com\/pt\/click-to-call-widget\/"},{"@type":"ListItem","position":3,"name":"Click to Call &#8211; Webnode"}]},{"@type":"WebSite","@id":"https:\/\/elfsight.com\/pt\/#website","url":"https:\/\/elfsight.com\/pt\/","name":"Elfsight PT","description":"Just another Elfsight Sites site","potentialAction":[{"@type":"SearchAction","target":{"@type":"EntryPoint","urlTemplate":"https:\/\/elfsight.com\/pt\/?s={search_term_string}"},"query-input":{"@type":"PropertyValueSpecification","valueRequired":true,"valueName":"search_term_string"}}],"inLanguage":"pt-PT"}]}},"meta_box":{"industry":"","seo_heading":"","heading":"","description":"","cta_heading":"","cta_description":"","application":"1148","h1":"Clique para ligar para Webnode","h1_caption":"A ferramenta mais pr\u00e1tica para os usu\u00e1rios do site ligarem para voc\u00ea","application_category":[],"applications_title":"","applications_request_title":"","applications_request_button_text":"","hero_text":"","hero_video":"","hero_video_schema_markup":"","selling_points_title":"","selling_points_caption":"","selling_points":[],"selling_points_cta_text":"","features_title":"","features":"","ed_cta_examples_text":"","ed_cta_examples_hidden":"","ed_cta_demo_text":"","ed_cta_demo_hidden":"","why_caption":"","why_editor_title":"","why_editor_text":"","why_team_title":"","why_team_text":"","why_service_title":"","why_service_text":"","template_catalog_visible":"","template_catalog_title":"","template_catalog_text":"","template_catalog_categories_visible":"","demo_title":"Crie seu widget Click to Call","demo_caption":"Configure seu Click to Call e adicione-o ao seu site Webnode gratuitamente!","default_faq_hidden":"","app_template_category":[],"platform":"4917","template_public_id":"","codecanyon_url":"","codecanyon_item_id":"","codecanyon_price":"","pricing_caption":"","pricing_elfsight_apps_hide_column":"","pricing_elfsight_apps_url":"","pricing_codecanyon_price_caption":"","integration_category":[],"integration_request_title":"","integration_request_cta":"","integration_platform":"","integrations":[],"platform_category":[],"video_schema_markup":"","price":"a partir de US$ 0\/m\u00eas","trial":"","benefits":[{"text":"Assist\u00eancia de instala\u00e7\u00e3o gratuita"},{"text":"Atendimento ao cliente profissional"},{"text":"Garantia de reembolso de 14 dias"},{"text":"Atualizando constantemente"}],"button_url":"#demo","button_target_blank":"","button_nofollow":"","attributes":[{"name":"Instala\u00e7\u00f5es","content":"10,000 - 100,000"},{"name":"Responsivo","content":"Sim"},{"name":"Navegadores compat\u00edveis","content":"Firefox, Safari, Opera, Chrome, Edge"}],"tags":[],"tags_disable_links":"","hide_more_platforms":"","video_object":"","demo_hide_cta":"","demo_hide_cloud_options":"","pricing_title":"","pricing":[{"pricing_icon":"platform","pricing_title":"Elfsight Apps","pricing_title_caption":"Solu\u00e7\u00e3o multiplataforma","pricing_price":"a partir de US$ 0\/m\u00eas","pricing_price_caption":"comece com plano gratuito","pricing_benefits":[{"text":"Sites ilimitados"},{"text":"Suporte ao cliente premium e bem documentado"},{"text":"Suporte ao cliente premium e bem documentado"},{"text":"Pre\u00e7o especial para v\u00e1rios aplicativos"}],"pricing_button_text":"Adicionar ao site","pricing_button_url":"#demo"}],"related_apps_title":"","related_apps_hidden":"","author":"","image":[],"title":"","job":"","social_networks":[]},"_links":{"self":[{"href":"https:\/\/elfsight.com\/pt\/wp-json\/wp\/v2\/pages\/6159","targetHints":{"allow":["GET"]}}],"collection":[{"href":"https:\/\/elfsight.com\/pt\/wp-json\/wp\/v2\/pages"}],"about":[{"href":"https:\/\/elfsight.com\/pt\/wp-json\/wp\/v2\/types\/page"}],"author":[{"embeddable":true,"href":"https:\/\/elfsight.com\/pt\/wp-json\/wp\/v2\/users\/9"}],"replies":[{"embeddable":true,"href":"https:\/\/elfsight.com\/pt\/wp-json\/wp\/v2\/comments?post=6159"}],"version-history":[{"count":1,"href":"https:\/\/elfsight.com\/pt\/wp-json\/wp\/v2\/pages\/6159\/revisions"}],"predecessor-version":[{"id":6163,"href":"https:\/\/elfsight.com\/pt\/wp-json\/wp\/v2\/pages\/6159\/revisions\/6163"}],"up":[{"embeddable":true,"href":"https:\/\/elfsight.com\/pt\/wp-json\/wp\/v2\/pages\/1149"}],"wp:attachment":[{"href":"https:\/\/elfsight.com\/pt\/wp-json\/wp\/v2\/media?parent=6159"}],"curies":[{"name":"wp","href":"https:\/\/api.w.org\/{rel}","templated":true}]}}