{"id":6154,"date":"2024-05-03T06:32:23","date_gmt":"2024-05-03T06:32:23","guid":{"rendered":"https:\/\/elfsight.com\/pt\/?page_id=6154"},"modified":"2024-11-13T11:53:09","modified_gmt":"2024-11-13T11:53:09","slug":"weebly","status":"publish","type":"page","link":"https:\/\/elfsight.com\/pt\/click-to-call-widget\/weebly\/","title":{"rendered":"Click to Call &#8211; Weebly"},"content":{"rendered":"<div class=\"application-platform-content-item-description application-platform-content-item\" id=\"description\" data-nav-section=\"description\"> <h2>Descri\u00e7\u00e3o<\/h2> <p>O plugin Click To Call para Weebly \u00e9 uma ferramenta f\u00e1cil de usar que torna mais simples para o p\u00fablico do seu site ligar para voc\u00ea mais rapidamente. Seus visitantes podem ligar para voc\u00ea pressionando a imagem do telefone em dispositivos m\u00f3veis e, para o PC, seu n\u00famero \u00e9 atraente para uma discagem pr\u00e1tica. A bolha e a janela do telefone s\u00e3o altamente configur\u00e1veis \u200b\u200be permitem criar um estilo absolutamente exclusivo do seu widget. Voc\u00ea \u00e9 livre para pintar todas as partes da ferramenta para ajust\u00e1-la completamente \u00e0 gama de cores do site.<\/p> <div class=\"faq\" data-component=\"FAQ\"><div class=\"faq-item\">\r\n\t\t\t\t\t<div class=\"faq-item-question\">\r\n\t\t\t\t\t\t<h3 class=\"faq-item-question-text\">Onde posso publicar o Click to Call<\/h3>\r\n\r\n\t\t\t\t\t\t<div class=\"faq-item-question-icon\"><\/div>\r\n\t\t\t\t\t<\/div>\r\n\r\n\t\t\t\t\t<div class=\"faq-item-answer\">\r\n\t\t\t\t\t\t<div class=\"faq-item-answer-text\"> <p>Voc\u00ea \u00e9 livre para selecione as p\u00e1ginas que deseja revelar o bal\u00e3o do telefone e demonstre seu URL nas configura\u00e7\u00f5es. Ou voc\u00ea pode bloquear p\u00e1ginas espec\u00edficas, por URL.<\/p> <\/div>\r\n\t\t\t\t\t<\/div>\r\n\t\t\t\t<\/div><div class=\"faq-item\">\r\n\t\t\t\t\t<div class=\"faq-item-question\">\r\n\t\t\t\t\t\t<h3 class=\"faq-item-question-text\">Como posso me beneficiar do bot\u00e3o de chamada?<\/h3>\r\n\r\n\t\t\t\t\t\t<div class=\"faq-item-question-icon\"><\/div>\r\n\t\t\t\t\t<\/div>\r\n\r\n\t\t\t\t\t<div class=\"faq-item-answer\">\r\n\t\t\t\t\t\t<div class=\"faq-item-answer-text\"> <p>A conversa direta ao telefone ajuda a transformar mais poss\u00edveis compradores em clientes f\u00edsicos . Al\u00e9m disso, a discagem simples e a demonstra\u00e7\u00e3o do seu n\u00famero de telefone facilitar\u00e3o ao m\u00e1ximo a discagem para voc\u00ea.<\/p> <\/div>\r\n\t\t\t\t\t<\/div>\r\n\t\t\t\t<\/div> <div class=\"faq-item\">\r\n\t\t\t\t\t<div class=\"faq-item-question\">\r\n\t\t\t\t\t\t<h3 class=\"faq-item-question-text\">Como fa\u00e7o para incorporar o aplicativo Call em meu site do Weebly?<\/h3>\r\n\r\n\t\t\t\t\t\t<div class=\"faq-item-question-icon\"><\/div>\r\n\t\t\t\t\t<\/div>\r\n\r\n\t\t\t\t\t<div class=\"faq-item-answer\">\r\n\t\t\t\t\t\t<div class=\"faq-item-answer-text\"> <p>A \u00fanica coisa que voc\u00ea O que voc\u00ea precisa fazer \u00e9 criar sua ferramenta, escolher as cores e o tamanho, salv\u00e1-la e copiar o c\u00f3digo que ser\u00e1 mostrado no pop up ao final do processo de cria\u00e7\u00e3o. Implemente o c\u00f3digo em seu site.<\/p> <\/div>\r\n\t\t\t\t\t<\/div>\r\n\t\t\t\t<\/div> <\/div> <\/div> <div class=\"application-platform-content-item-features application-platform-content-item\" id=\"features\" data-nav-section=\"features\"> <h2>Recursos<\/h2> <p>Para ter uma ideia clara do Click to Call, aqui est\u00e1 a lista das fun\u00e7\u00f5es principais. Eles tornam o aplicativo incrivelmente eficaz para voc\u00ea: <\/p> <ul><li>Discagem r\u00e1pida em celulares;<\/li> <li>Tr\u00eas op\u00e7\u00f5es de posi\u00e7\u00e3o do widget: flutuante \u00e0 esquerda ou \u00e0 direita ou personalizado;<\/li> <li>A op\u00e7\u00e3o de incorporar widget em p\u00e1ginas da web selecionadas ou excluir p\u00e1ginas da web;<\/li> <li>Tr\u00eas grupos de visitantes para mostrar o widget: todos, novos ou somente retornando;<\/li> <li> 4 widget ativando gatilhos: tempo gasto na p\u00e1gina, tempo gasto no site, porcentagem de rolagem ou tentativa de sa\u00edda.<\/li> <\/ul><p><a href=\"#demo\">Descubra uma lista completa de recursos na demonstra\u00e7\u00e3o <\/a><\/p> <\/div> <div class=\"application-platform-content-item-installation application-platform-content-item\" id=\"installation\" data-nav-section=\"installation\"> <h2>Como adicionar o bot\u00e3o Click to Call em seu site do Weebly<\/h2> <p>As a\u00e7\u00f5es a seguir s\u00e3o a \u00fanica coisa que voc\u00ea necess\u00e1rio fazer. <\/p> <ol><li><b>Utilize nossa demonstra\u00e7\u00e3o gratuita e comece a formar seu widget exclusivo. <\/b><br> Especifique a apar\u00eancia personalizada e a funcionalidade da ferramenta e aplique as edi\u00e7\u00f5es. <\/li> <li><b>Receba o seu c\u00f3digo individual que aparece na caixa nas aplica\u00e7\u00f5es Elfsight. <\/b><br> Logo ap\u00f3s a cria\u00e7\u00e3o do seu plugin pessoal, copie o c\u00f3digo individual do pop-up exibido e guarde-o para ocasi\u00f5es posteriores. <\/li> <li><b>Inscreva-se usando a ferramenta no site do Weebly. <\/b><br> Integre o c\u00f3digo copiado recentemente em seu site e aplique as edi\u00e7\u00f5es. <\/li> <li><b>Conclu\u00eddo! A incorpora\u00e7\u00e3o \u00e9 totalmente executada. <\/b><br> Acesse seu site para inspecionar o funcionamento da ferramenta. <\/li><\/ol><p>Ainda n\u00e3o consegue decidir? Ou tendo problemas? Basta escrever uma solicita\u00e7\u00e3o ao nosso servi\u00e7o de atendimento ao cliente. Resolveremos qualquer tipo de d\u00favida.<\/p> <\/div>","protected":false},"excerpt":{"rendered":"","protected":false},"author":9,"featured_media":0,"parent":1149,"menu_order":0,"comment_status":"closed","ping_status":"closed","template":"templates\/template-application-platform.php","meta":{"publish_to_discourse":"","publish_post_category":"","wpdc_auto_publish_overridden":"","wpdc_topic_tags":"","wpdc_pin_topic":"","wpdc_pin_until":"","discourse_post_id":"","discourse_permalink":"","wpdc_publishing_response":"","wpdc_publishing_error":"","footnotes":""},"class_list":["post-6154","page","type-page","status-publish","hentry"],"yoast_head":"<!-- This site is optimized with the Yoast SEO plugin v25.3.1 - https:\/\/yoast.com\/wordpress\/plugins\/seo\/ -->\n<title>Bot\u00e3o de chamada do Weebly | Adicione o aplicativo Click to Call Button ao site (gratuito e r\u00e1pido)<\/title>\n<meta name=\"description\" content=\"Adicione um pr\u00e1tico plugin Click to Call ao seu site do Weebly. Aplique a demonstra\u00e7\u00e3o gerenci\u00e1vel da Elfsight e crie seu plugin exclusivo no 1-2-3.\" \/>\n<meta name=\"robots\" content=\"index, follow, max-snippet:-1, max-image-preview:large, max-video-preview:-1\" \/>\n<link rel=\"canonical\" href=\"https:\/\/elfsight.com\/pt\/click-to-call-widget\/weebly\/\" \/>\n<meta property=\"og:locale\" content=\"pt_PT\" \/>\n<meta property=\"og:type\" content=\"article\" \/>\n<meta property=\"og:title\" content=\"Bot\u00e3o de chamada do Weebly | Adicione o aplicativo Click to Call Button ao site (gratuito e r\u00e1pido)\" \/>\n<meta property=\"og:description\" content=\"Adicione um pr\u00e1tico plugin Click to Call ao seu site do Weebly. Aplique a demonstra\u00e7\u00e3o gerenci\u00e1vel da Elfsight e crie seu plugin exclusivo no 1-2-3.\" \/>\n<meta property=\"og:url\" content=\"https:\/\/elfsight.com\/pt\/click-to-call-widget\/weebly\/\" \/>\n<meta property=\"og:site_name\" content=\"Elfsight PT\" \/>\n<meta property=\"article:modified_time\" content=\"2024-11-13T11:53:09+00:00\" \/>\n<meta name=\"twitter:card\" content=\"summary_large_image\" \/>\n<meta name=\"twitter:label1\" content=\"Tempo estimado de leitura\" \/>\n\t<meta name=\"twitter:data1\" content=\"3 minutos\" \/>\n<!-- \/ Yoast SEO plugin. -->","yoast_head_json":{"title":"Bot\u00e3o de chamada do Weebly | Adicione o aplicativo Click to Call Button ao site (gratuito e r\u00e1pido)","description":"Adicione um pr\u00e1tico plugin Click to Call ao seu site do Weebly. Aplique a demonstra\u00e7\u00e3o gerenci\u00e1vel da Elfsight e crie seu plugin exclusivo no 1-2-3.","robots":{"index":"index","follow":"follow","max-snippet":"max-snippet:-1","max-image-preview":"max-image-preview:large","max-video-preview":"max-video-preview:-1"},"canonical":"https:\/\/elfsight.com\/pt\/click-to-call-widget\/weebly\/","og_locale":"pt_PT","og_type":"article","og_title":"Bot\u00e3o de chamada do Weebly | Adicione o aplicativo Click to Call Button ao site (gratuito e r\u00e1pido)","og_description":"Adicione um pr\u00e1tico plugin Click to Call ao seu site do Weebly. Aplique a demonstra\u00e7\u00e3o gerenci\u00e1vel da Elfsight e crie seu plugin exclusivo no 1-2-3.","og_url":"https:\/\/elfsight.com\/pt\/click-to-call-widget\/weebly\/","og_site_name":"Elfsight PT","article_modified_time":"2024-11-13T11:53:09+00:00","twitter_card":"summary_large_image","twitter_misc":{"Tempo estimado de leitura":"3 minutos"},"schema":{"@context":"https:\/\/schema.org","@graph":[{"@type":"WebPage","@id":"https:\/\/elfsight.com\/pt\/click-to-call-widget\/weebly\/","url":"https:\/\/elfsight.com\/pt\/click-to-call-widget\/weebly\/","name":"Bot\u00e3o de chamada do Weebly | Adicione o aplicativo Click to Call Button ao site (gratuito e r\u00e1pido)","isPartOf":{"@id":"https:\/\/elfsight.com\/pt\/#website"},"datePublished":"2024-05-03T06:32:23+00:00","dateModified":"2024-11-13T11:53:09+00:00","description":"Adicione um pr\u00e1tico plugin Click to Call ao seu site do Weebly. Aplique a demonstra\u00e7\u00e3o gerenci\u00e1vel da Elfsight e crie seu plugin exclusivo no 1-2-3.","breadcrumb":{"@id":"https:\/\/elfsight.com\/pt\/click-to-call-widget\/weebly\/#breadcrumb"},"inLanguage":"pt-PT","potentialAction":[{"@type":"ReadAction","target":["https:\/\/elfsight.com\/pt\/click-to-call-widget\/weebly\/"]}]},{"@type":"BreadcrumbList","@id":"https:\/\/elfsight.com\/pt\/click-to-call-widget\/weebly\/#breadcrumb","itemListElement":[{"@type":"ListItem","position":1,"name":"Home","item":"https:\/\/elfsight.com\/pt\/"},{"@type":"ListItem","position":2,"name":"Click to Call","item":"https:\/\/elfsight.com\/pt\/click-to-call-widget\/"},{"@type":"ListItem","position":3,"name":"Click to Call &#8211; Weebly"}]},{"@type":"WebSite","@id":"https:\/\/elfsight.com\/pt\/#website","url":"https:\/\/elfsight.com\/pt\/","name":"Elfsight PT","description":"Just another Elfsight Sites site","potentialAction":[{"@type":"SearchAction","target":{"@type":"EntryPoint","urlTemplate":"https:\/\/elfsight.com\/pt\/?s={search_term_string}"},"query-input":{"@type":"PropertyValueSpecification","valueRequired":true,"valueName":"search_term_string"}}],"inLanguage":"pt-PT"}]}},"meta_box":{"industry":"","seo_heading":"","heading":"","description":"","cta_heading":"","cta_description":"","application":"1148","h1":"Aplicativo Weebly Click to Call Button","h1_caption":"Uma forma imediata de discar seu n\u00famero no site","application_category":[],"applications_title":"","applications_request_title":"","applications_request_button_text":"","hero_text":"","hero_video":"","hero_video_schema_markup":"","selling_points_title":"","selling_points_caption":"","selling_points":[],"selling_points_cta_text":"","features_title":"","features":"","ed_cta_examples_text":"","ed_cta_examples_hidden":"","ed_cta_demo_text":"","ed_cta_demo_hidden":"","why_caption":"","why_editor_title":"","why_editor_text":"","why_team_title":"","why_team_text":"","why_service_title":"","why_service_text":"","template_catalog_visible":"","template_catalog_title":"","template_catalog_text":"","template_catalog_categories_visible":"","demo_title":"Crie seu aplicativo Click to Call","demo_caption":"Configure seu Click to Call e adicione-o ao seu site do Weebly gratuitamente!","default_faq_hidden":"","app_template_category":[],"platform":"73","template_public_id":"","codecanyon_url":"","codecanyon_item_id":"","codecanyon_price":"","pricing_caption":"","pricing_elfsight_apps_hide_column":"","pricing_elfsight_apps_url":"","pricing_codecanyon_price_caption":"","integration_category":[],"integration_request_title":"","integration_request_cta":"","integration_platform":"","integrations":[],"platform_category":[],"video_schema_markup":"","price":"a partir de US$ 0\/m\u00eas","trial":"","benefits":[{"text":"Ajuda de instala\u00e7\u00e3o gratuita"},{"text":"Atendimento ao cliente eficaz"},{"text":"Garantia de reembolso de 14 dias"},{"text":"Desenvolvimento cont\u00ednuo"}],"button_url":"#demo","button_target_blank":"","button_nofollow":"","attributes":[{"name":"Instala\u00e7\u00f5es","content":"10,000 - 100,000"},{"name":"Responsivo","content":"Sim"},{"name":"Navegadores compat\u00edveis","content":"Firefox, Safari, Opera, Chrome, Edge"}],"tags":[],"tags_disable_links":"","hide_more_platforms":"","video_object":"","demo_hide_cta":"","demo_hide_cloud_options":"","pricing_title":"","pricing":[{"pricing_icon":"platform","pricing_title":"Elfsight Apps","pricing_title_caption":"Solu\u00e7\u00e3o digital multiplataforma que funciona em qualquer site","pricing_price":"a partir de US$ 0\/m\u00eas","pricing_price_caption":"comece com um plano gratuito","pricing_benefits":[{"text":"Sites ilimitados"},{"text":"Suporte premium e bem documentado"},{"text":"Suporte premium e bem documentado"},{"text":"Totalmente personaliz\u00e1vel"}],"pricing_button_text":"Adicionar ao site","pricing_button_url":"#demo"}],"related_apps_title":"","related_apps_hidden":"","author":"","image":[],"title":"","job":"","social_networks":[]},"_links":{"self":[{"href":"https:\/\/elfsight.com\/pt\/wp-json\/wp\/v2\/pages\/6154","targetHints":{"allow":["GET"]}}],"collection":[{"href":"https:\/\/elfsight.com\/pt\/wp-json\/wp\/v2\/pages"}],"about":[{"href":"https:\/\/elfsight.com\/pt\/wp-json\/wp\/v2\/types\/page"}],"author":[{"embeddable":true,"href":"https:\/\/elfsight.com\/pt\/wp-json\/wp\/v2\/users\/9"}],"replies":[{"embeddable":true,"href":"https:\/\/elfsight.com\/pt\/wp-json\/wp\/v2\/comments?post=6154"}],"version-history":[{"count":1,"href":"https:\/\/elfsight.com\/pt\/wp-json\/wp\/v2\/pages\/6154\/revisions"}],"predecessor-version":[{"id":6158,"href":"https:\/\/elfsight.com\/pt\/wp-json\/wp\/v2\/pages\/6154\/revisions\/6158"}],"up":[{"embeddable":true,"href":"https:\/\/elfsight.com\/pt\/wp-json\/wp\/v2\/pages\/1149"}],"wp:attachment":[{"href":"https:\/\/elfsight.com\/pt\/wp-json\/wp\/v2\/media?parent=6154"}],"curies":[{"name":"wp","href":"https:\/\/api.w.org\/{rel}","templated":true}]}}