{"id":6146,"date":"2024-05-03T06:32:19","date_gmt":"2024-05-03T06:32:19","guid":{"rendered":"https:\/\/elfsight.com\/pt\/?page_id=6146"},"modified":"2025-03-04T10:01:07","modified_gmt":"2025-03-04T10:01:07","slug":"facebook","status":"publish","type":"page","link":"https:\/\/elfsight.com\/pt\/click-to-call-widget\/facebook\/","title":{"rendered":"Click to Call &#8211; Facebook Page"},"content":{"rendered":"\n<div class=\"application-platform-content-item-description application-platform-content-item\" id=\"description\" data-nav-section=\"description\"><h2>Descri\u00e7\u00e3o<\/h2><p>O widget Click To Call para p\u00e1gina do Facebook \u00e9 uma ferramenta eficaz que permite que o p\u00fablico do seu site entre em contato com voc\u00ea mais rapidamente. Os seus visitantes podem telefonar-lhe premindo a imagem do telefone no telem\u00f3vel e no PC o seu n\u00famero \u00e9 apresentado a negrito para facilitar a marca\u00e7\u00e3o. A bolha em si e a janela de discagem s\u00e3o extremamente configur\u00e1veis \u200b\u200be permitem formar um estilo verdadeiramente exclusivo do plugin. Al\u00e9m disso, voc\u00ea pode alterar todas as partes do seu widget para que ele combine perfeitamente com o design geral do site.<\/p><div class=\"faq\" data-component=\"FAQ\"><div class=\"faq-item\">\r\n\t\t\t\t\t<div class=\"faq-item-question\">\r\n\t\t\t\t\t\t<h3 class=\"faq-item-question-text\">Onde posso incorporar o bot\u00e3o Click to Call<\/h3>\r\n\r\n\t\t\t\t\t\t<div class=\"faq-item-question-icon\"><\/div>\r\n\t\t\t\t\t<\/div>\r\n\r\n\t\t\t\t\t<div class=\"faq-item-answer\">\r\n\t\t\t\t\t\t<div class=\"faq-item-answer-text\"> <p>Voc\u00ea voc\u00ea pode selecionar as p\u00e1ginas onde deseja demonstrar o bal\u00e3o telef\u00f4nico e inserir seus URLs na se\u00e7\u00e3o de configura\u00e7\u00f5es. Ou voc\u00ea pode excluir p\u00e1ginas espec\u00edficas, tamb\u00e9m por URL.<\/p> <\/div>\r\n\t\t\t\t\t<\/div>\r\n\t\t\t\t<\/div><div class=\"faq-item\">\r\n\t\t\t\t\t<div class=\"faq-item-question\">\r\n\t\t\t\t\t\t<h3 class=\"faq-item-question-text\">Como posso me beneficiar do widget?<\/h3>\r\n\r\n\t\t\t\t\t\t<div class=\"faq-item-question-icon\"><\/div>\r\n\t\t\t\t\t<\/div>\r\n\r\n\t\t\t\t\t<div class=\"faq-item-answer\">\r\n\t\t\t\t\t\t<div class=\"faq-item-answer-text\"> <p>O bate-papo direto ao telefone ajuda a atrair mais compradores potenciais na vida real clientes. Al\u00e9m disso, chamadas mais simples e apresenta\u00e7\u00e3o de n\u00famero de telefone tornar\u00e3o a liga\u00e7\u00e3o para voc\u00ea mais f\u00e1cil.<\/p> <\/div>\r\n\t\t\t\t\t<\/div>\r\n\t\t\t\t<\/div> <div class=\"faq-item\">\r\n\t\t\t\t\t<div class=\"faq-item-question\">\r\n\t\t\t\t\t\t<h3 class=\"faq-item-question-text\">O que eu preciso para incorporar o bot\u00e3o Ligar agora em minha p\u00e1gina do Facebook?<\/h3>\r\n\r\n\t\t\t\t\t\t<div class=\"faq-item-question-icon\"><\/div>\r\n\t\t\t\t\t<\/div>\r\n\r\n\t\t\t\t\t<div class=\"faq-item-answer\">\r\n\t\t\t\t\t\t<div class=\"faq-item-answer-text\"> <p>Todos voc\u00eas O que voc\u00ea precisa fazer \u00e9 desenhar seu plugin, escolher os par\u00e2metros de cores e tamanho, salv\u00e1-lo e copiar o c\u00f3digo que aparecer\u00e1 na janela pop up ao final do processo de cria\u00e7\u00e3o. Incorpore este c\u00f3digo ao modelo do seu site.<\/p> <\/div>\r\n\t\t\t\t\t<\/div>\r\n\t\t\t\t<\/div> <\/div> <p><b>Fa\u00e7a com que seja f\u00e1cil ligar para voc\u00ea do site com um clique!<\/b><\/p><\/div> <div class=\"application-platform-content-item-features application-platform-content-item\" id=\"features\" data-nav-section=\"features\"><h2>Recursos<\/h2><p>Para entender completamente o bot\u00e3o de chamada, verifique a lista das fun\u00e7\u00f5es mais importantes. Eles tornam nosso widget incrivelmente eficiente para sua promo\u00e7\u00e3o: <\/p><ul><li>Chamadas r\u00e1pidas em dispositivos m\u00f3veis; <\/li><li>3 op\u00e7\u00f5es de posicionamento do widget: Flutuante Esquerdo, Flutuante Direita ou customizado; <\/li><li>A op\u00e7\u00e3o de colocar widget em p\u00e1ginas espec\u00edficas ou excluir p\u00e1ginas da web; <\/li><li>3 variantes de usu\u00e1rios para mostrar o widget: todos, novos e somente retornando; <\/li><li> Gatilhos de widget integrados: tempo gasto na p\u00e1gina, tempo gasto na p\u00e1gina, posi\u00e7\u00e3o de rolagem e inten\u00e7\u00e3o de sa\u00edda. <\/li><\/ul><p><a href=\"#demo\">A demonstra\u00e7\u00e3o ao vivo demonstrar\u00e1 todos os recursos para voc\u00ea<\/a><\/p><\/div> <div class=\"application-platform-content-item-installation application-platform-content-item\" id=\"installation\" data-nav-section=\"installation\"><h2>Como adicionar o bot\u00e3o de chamada \u00e0 sua p\u00e1gina comercial do Facebook<\/h2><p> Algumas a\u00e7\u00f5es r\u00e1pidas s\u00e3o a \u00fanica coisa que voc\u00ea precisa fazer para adicionar o widget \u00e0 sua p\u00e1gina.<\/p><ol><li> <b>Use nosso configurador gratuito e comece a construir seu plugin personalizado. <\/b><br> Encontre o formul\u00e1rio personalizado e a funcionalidade da ferramenta e aplique as edi\u00e7\u00f5es. <\/li> <li><b>Copie o c\u00f3digo individual que \u00e9 mostrado na janela dos aplicativos Elfsight. <\/b><br> Terminada a gera\u00e7\u00e3o da sua ferramenta pessoal, copie o c\u00f3digo individual na caixa exibida e guarde-o para futuras necessidades. <\/li> <li><b>Comece a aplicar a ferramenta no site da sua p\u00e1gina do Facebook. <\/b><br> Integre o c\u00f3digo que voc\u00ea salvou recentemente em sua p\u00e1gina inicial e salve as corre\u00e7\u00f5es. <\/li> <li><b>A instala\u00e7\u00e3o foi totalmente realizada. <\/b><br> Acesse seu site para verificar como o plugin est\u00e1 funcionando. <\/li><\/ol> <p>Ainda n\u00e3o decidiu? Ou tendo problemas? Apenas uma \u00fanica solicita\u00e7\u00e3o ao nosso suporte ao cliente resolver\u00e1 qualquer problema.<\/p><\/div>\n","protected":false},"excerpt":{"rendered":"","protected":false},"author":9,"featured_media":0,"parent":1149,"menu_order":0,"comment_status":"closed","ping_status":"closed","template":"templates\/template-application-platform.php","meta":{"publish_to_discourse":"","publish_post_category":"","wpdc_auto_publish_overridden":"","wpdc_topic_tags":"","wpdc_pin_topic":"","wpdc_pin_until":"","discourse_post_id":"","discourse_permalink":"","wpdc_publishing_response":"","wpdc_publishing_error":"","footnotes":""},"class_list":["post-6146","page","type-page","status-publish","hentry"],"yoast_head":"<!-- This site is optimized with the Yoast SEO plugin v25.3.1 - https:\/\/yoast.com\/wordpress\/plugins\/seo\/ -->\n<title>Bot\u00e3o de chamada Facebook | Adicionar bot\u00e3o Click to Call \u00e0 p\u00e1gina do Facebook (2025)<\/title>\n<meta name=\"description\" content=\"Integre um widget Click to Call ativo no site da sua p\u00e1gina do Facebook. Fa\u00e7a uma demonstra\u00e7\u00e3o gratuita da Elfsight e crie seu plugin personalizado.\" \/>\n<meta name=\"robots\" content=\"index, follow, max-snippet:-1, max-image-preview:large, max-video-preview:-1\" \/>\n<link rel=\"canonical\" href=\"https:\/\/elfsight.com\/pt\/click-to-call-widget\/facebook\/\" \/>\n<meta property=\"og:locale\" content=\"pt_PT\" \/>\n<meta property=\"og:type\" content=\"article\" \/>\n<meta property=\"og:title\" content=\"Bot\u00e3o de chamada Facebook | Adicionar bot\u00e3o Click to Call \u00e0 p\u00e1gina do Facebook (2025)\" \/>\n<meta property=\"og:description\" content=\"Integre um widget Click to Call ativo no site da sua p\u00e1gina do Facebook. Fa\u00e7a uma demonstra\u00e7\u00e3o gratuita da Elfsight e crie seu plugin personalizado.\" \/>\n<meta property=\"og:url\" content=\"https:\/\/elfsight.com\/pt\/click-to-call-widget\/facebook\/\" \/>\n<meta property=\"og:site_name\" content=\"Elfsight PT\" \/>\n<meta property=\"article:modified_time\" content=\"2025-03-04T10:01:07+00:00\" \/>\n<meta name=\"twitter:card\" content=\"summary_large_image\" \/>\n<meta name=\"twitter:label1\" content=\"Tempo estimado de leitura\" \/>\n\t<meta name=\"twitter:data1\" content=\"3 minutos\" \/>\n<!-- \/ Yoast SEO plugin. -->","yoast_head_json":{"title":"Bot\u00e3o de chamada Facebook | Adicionar bot\u00e3o Click to Call \u00e0 p\u00e1gina do Facebook (2025)","description":"Integre um widget Click to Call ativo no site da sua p\u00e1gina do Facebook. Fa\u00e7a uma demonstra\u00e7\u00e3o gratuita da Elfsight e crie seu plugin personalizado.","robots":{"index":"index","follow":"follow","max-snippet":"max-snippet:-1","max-image-preview":"max-image-preview:large","max-video-preview":"max-video-preview:-1"},"canonical":"https:\/\/elfsight.com\/pt\/click-to-call-widget\/facebook\/","og_locale":"pt_PT","og_type":"article","og_title":"Bot\u00e3o de chamada Facebook | Adicionar bot\u00e3o Click to Call \u00e0 p\u00e1gina do Facebook (2025)","og_description":"Integre um widget Click to Call ativo no site da sua p\u00e1gina do Facebook. Fa\u00e7a uma demonstra\u00e7\u00e3o gratuita da Elfsight e crie seu plugin personalizado.","og_url":"https:\/\/elfsight.com\/pt\/click-to-call-widget\/facebook\/","og_site_name":"Elfsight PT","article_modified_time":"2025-03-04T10:01:07+00:00","twitter_card":"summary_large_image","twitter_misc":{"Tempo estimado de leitura":"3 minutos"},"schema":{"@context":"https:\/\/schema.org","@graph":[{"@type":"WebPage","@id":"https:\/\/elfsight.com\/pt\/click-to-call-widget\/facebook\/","url":"https:\/\/elfsight.com\/pt\/click-to-call-widget\/facebook\/","name":"Bot\u00e3o de chamada Facebook | Adicionar bot\u00e3o Click to Call \u00e0 p\u00e1gina do Facebook (2025)","isPartOf":{"@id":"https:\/\/elfsight.com\/pt\/#website"},"datePublished":"2024-05-03T06:32:19+00:00","dateModified":"2025-03-04T10:01:07+00:00","description":"Integre um widget Click to Call ativo no site da sua p\u00e1gina do Facebook. Fa\u00e7a uma demonstra\u00e7\u00e3o gratuita da Elfsight e crie seu plugin personalizado.","breadcrumb":{"@id":"https:\/\/elfsight.com\/pt\/click-to-call-widget\/facebook\/#breadcrumb"},"inLanguage":"pt-PT","potentialAction":[{"@type":"ReadAction","target":["https:\/\/elfsight.com\/pt\/click-to-call-widget\/facebook\/"]}]},{"@type":"BreadcrumbList","@id":"https:\/\/elfsight.com\/pt\/click-to-call-widget\/facebook\/#breadcrumb","itemListElement":[{"@type":"ListItem","position":1,"name":"Home","item":"https:\/\/elfsight.com\/pt\/"},{"@type":"ListItem","position":2,"name":"Click to Call","item":"https:\/\/elfsight.com\/pt\/click-to-call-widget\/"},{"@type":"ListItem","position":3,"name":"Click to Call &#8211; Facebook Page"}]},{"@type":"WebSite","@id":"https:\/\/elfsight.com\/pt\/#website","url":"https:\/\/elfsight.com\/pt\/","name":"Elfsight PT","description":"Just another Elfsight Sites site","potentialAction":[{"@type":"SearchAction","target":{"@type":"EntryPoint","urlTemplate":"https:\/\/elfsight.com\/pt\/?s={search_term_string}"},"query-input":{"@type":"PropertyValueSpecification","valueRequired":true,"valueName":"search_term_string"}}],"inLanguage":"pt-PT"}]}},"meta_box":{"industry":"","seo_heading":"","heading":"","description":"","cta_heading":"","cta_description":"","application":"1148","h1":"Bot\u00e3o Clique para ligar para a p\u00e1gina do Facebook","h1_caption":"A maneira mais f\u00e1cil de ligar para voc\u00ea para os visitantes da sua p\u00e1gina comercial do Facebook","application_category":[],"applications_title":"","applications_request_title":"","applications_request_button_text":"","hero_text":"","hero_video":"","hero_video_schema_markup":"","selling_points_title":"","selling_points_caption":"","selling_points":[],"selling_points_cta_text":"","features_title":"","features":"","ed_cta_examples_text":"","ed_cta_examples_hidden":"","ed_cta_demo_text":"","ed_cta_demo_hidden":"","why_caption":"","why_editor_title":"","why_editor_text":"","why_team_title":"","why_team_text":"","why_service_title":"","why_service_text":"","template_catalog_visible":"0","template_catalog_title":"","template_catalog_text":"","template_catalog_categories_visible":"","demo_title":"Crie seu widget Click to Call","demo_caption":"Configure seu Click to Call e adicione-o ao site da sua p\u00e1gina do Facebook gratuitamente!","default_faq_hidden":"","app_template_category":[],"platform":"103","template_public_id":"","codecanyon_url":"","codecanyon_item_id":"","codecanyon_price":"","pricing_caption":"","pricing_elfsight_apps_hide_column":"","pricing_elfsight_apps_url":"","pricing_codecanyon_price_caption":"","integration_category":[],"integration_request_title":"","integration_request_cta":"","integration_platform":"","integrations":[],"platform_category":[],"video_schema_markup":"","price":"a partir de US$ 0\/m\u00eas","trial":"","benefits":[{"text":"Ajuda de instala\u00e7\u00e3o gratuita"},{"text":"Suporte ao cliente experiente"},{"text":"Garantia de reembolso de 14 dias"},{"text":"Atualiza\u00e7\u00f5es futuras"}],"button_url":"#demo","button_target_blank":"0","button_nofollow":"0","attributes":[{"name":"Instala\u00e7\u00f5es","content":"10,000 - 100,000"},{"name":"Responsivo","content":"Sim"},{"name":"Navegadores compat\u00edveis","content":"Chrome, Safari, Opera, Firefox, Edge"}],"tags":[],"tags_disable_links":"0","hide_more_platforms":"0","video_object":"","demo_hide_cta":"0","demo_hide_cloud_options":"0","pricing_title":"","pricing":[{"pricing_icon":"platform","pricing_title":"Elfsight Apps","pricing_title_caption":"Software multiplataforma","pricing_price":"a partir de US$ 0\/m\u00eas","pricing_price_caption":"comece com plano gratuito","pricing_benefits":[{"text":"Sites ilimitados"},{"text":"Suporte premium"},{"text":"Suporte premium"},{"text":"100% personaliz\u00e1vel"}],"pricing_button_text":"Adicionar ao site","pricing_button_url":"#demo"}],"related_apps_title":"","related_apps_hidden":"0","author":"","image":[],"title":"","job":"","social_networks":[]},"_links":{"self":[{"href":"https:\/\/elfsight.com\/pt\/wp-json\/wp\/v2\/pages\/6146","targetHints":{"allow":["GET"]}}],"collection":[{"href":"https:\/\/elfsight.com\/pt\/wp-json\/wp\/v2\/pages"}],"about":[{"href":"https:\/\/elfsight.com\/pt\/wp-json\/wp\/v2\/types\/page"}],"author":[{"embeddable":true,"href":"https:\/\/elfsight.com\/pt\/wp-json\/wp\/v2\/users\/9"}],"replies":[{"embeddable":true,"href":"https:\/\/elfsight.com\/pt\/wp-json\/wp\/v2\/comments?post=6146"}],"version-history":[{"count":2,"href":"https:\/\/elfsight.com\/pt\/wp-json\/wp\/v2\/pages\/6146\/revisions"}],"predecessor-version":[{"id":14290,"href":"https:\/\/elfsight.com\/pt\/wp-json\/wp\/v2\/pages\/6146\/revisions\/14290"}],"up":[{"embeddable":true,"href":"https:\/\/elfsight.com\/pt\/wp-json\/wp\/v2\/pages\/1149"}],"wp:attachment":[{"href":"https:\/\/elfsight.com\/pt\/wp-json\/wp\/v2\/media?parent=6146"}],"curies":[{"name":"wp","href":"https:\/\/api.w.org\/{rel}","templated":true}]}}