{"id":6145,"date":"2024-05-03T06:32:18","date_gmt":"2024-05-03T06:32:18","guid":{"rendered":"https:\/\/elfsight.com\/pt\/?page_id=6145"},"modified":"2024-11-13T11:37:29","modified_gmt":"2024-11-13T11:37:29","slug":"woocommerce","status":"publish","type":"page","link":"https:\/\/elfsight.com\/pt\/click-to-call-widget\/woocommerce\/","title":{"rendered":"Click to Call &#8211; WooCommerce"},"content":{"rendered":"<div class=\"application-platform-content-item-description application-platform-content-item\" id=\"description\" data-nav-section=\"description\"><h2>Descri\u00e7\u00e3o<\/h2><p>O widget Click To Call da Elfsight para WooCommerce \u00e9 uma ferramenta f\u00e1cil de usar que permite ao seu p\u00fablico chegar mais rapidamente. Seus visitantes podem ligar para voc\u00ea pressionando a imagem do contato em smartphones e, no desktop, seu n\u00famero fica chamativo para uma discagem simplificada. O pr\u00f3prio bal\u00e3o e a janela de chamada s\u00e3o absolutamente personaliz\u00e1veis \u200b\u200b\u200b\u200be permitem formar um design absolutamente \u00fanico do plugin. Voc\u00ea tamb\u00e9m pode alterar todos os elementos do seu widget para que ele combine completamente com a gama de cores do site.<\/p><p><b>Com o bot\u00e3o de chamada, inicie o crescimento do neg\u00f3cio e aumente as vendas<\/b><\/p><div class=\"faq\" data-component=\"FAQ\"><div class=\"faq-item\">\r\n\t\t\t\t\t<div class=\"faq-item-question\">\r\n\t\t\t\t\t\t<h3 class=\"faq-item-question-text\">Como posso incorporar um bot\u00e3o Click to Call no site WooCommerce?<\/h3>\r\n\r\n\t\t\t\t\t\t<div class=\"faq-item-question-icon\"><\/div>\r\n\t\t\t\t\t<\/div>\r\n\r\n\t\t\t\t\t<div class=\"faq-item-answer\">\r\n\t\t\t\t\t\t<div class=\"faq-item-answer-text\"><p>A base do widget \u00e9 realizada nas p\u00e1ginas da Elfsight e voc\u00ea n\u00e3o precisa codificar. Abra nossa demonstra\u00e7\u00e3o ativa para personalizar seu aplicativo, obter o c\u00f3digo e implement\u00e1-lo em seu site. <\/p><\/div>\r\n\t\t\t\t\t<\/div>\r\n\t\t\t\t<\/div><div class=\"faq-item\">\r\n\t\t\t\t\t<div class=\"faq-item-question\">\r\n\t\t\t\t\t\t<h3 class=\"faq-item-question-text\">As melhores maneiras de usar a integra\u00e7\u00e3o do bot\u00e3o Ligue para n\u00f3s<\/h3>\r\n\r\n\t\t\t\t\t\t<div class=\"faq-item-question-icon\"><\/div>\r\n\t\t\t\t\t<\/div>\r\n\r\n\t\t\t\t\t<div class=\"faq-item-answer\">\r\n\t\t\t\t\t\t<div class=\"faq-item-answer-text\"><p>Temos muitas oportunidades de ajuste: widgets em tamanho real para adicionar na \u00e1rea de conte\u00fado, plugins flutuantes com op\u00e7\u00f5es de rolagem, layouts de rodap\u00e9, cabe\u00e7alho e todos os tipos de op\u00e7\u00f5es verticais para barras laterais e menus. <\/p><\/div>\r\n\t\t\t\t\t<\/div>\r\n\t\t\t\t<\/div><div class=\"faq-item\">\r\n\t\t\t\t\t<div class=\"faq-item-question\">\r\n\t\t\t\t\t\t<h3 class=\"faq-item-question-text\">Existe a op\u00e7\u00e3o de criar um bot\u00e3o de suporte ou chamada flutuante atrav\u00e9s da ag\u00eancia do editor?<\/h3>\r\n\r\n\t\t\t\t\t\t<div class=\"faq-item-question-icon\"><\/div>\r\n\t\t\t\t\t<\/div>\r\n\r\n\t\t\t\t\t<div class=\"faq-item-answer\">\r\n\t\t\t\t\t\t<div class=\"faq-item-answer-text\"><p>Voc\u00ea pode criar qualquer varia\u00e7\u00e3o de widget. Existem v\u00e1rios layouts dispon\u00edveis no editor, e todos eles podem ser facilmente personalizados da maneira que voc\u00ea precisar. <\/p><\/div>\r\n\t\t\t\t\t<\/div>\r\n\t\t\t\t<\/div><\/div><\/div> <div class=\"application-platform-content-item-features application-platform-content-item\" id=\"features\" data-nav-section=\"features\"><h2>Explore a lista dos recursos mais importantes:<\/h2><ul><li>Discagem imediata no celular dispositivos; <\/li><li>Selecione uma das variantes de posi\u00e7\u00e3o do widget: Flutuante Esquerdo, Flutuante Direita ou personalizado; <\/li><li>A op\u00e7\u00e3o de mostrar widget em p\u00e1ginas espec\u00edficas ou excluir p\u00e1ginas; <\/li><li>Tr\u00eas variantes de usu\u00e1rios para os quais o widget aparecer\u00e1: todos, novos ou apenas recorrentes; <\/li><li> 4 gatilhos de widget: tempo na p\u00e1gina, tempo no site, posi\u00e7\u00e3o de rolagem e inten\u00e7\u00e3o de sa\u00edda. <\/li><\/ul><p><a href=\"#demo\">Basta verificar esta demonstra\u00e7\u00e3o para ver como funciona<\/a><\/p><\/div><div class=\"application-platform-content-item-installation application-platform-content-item\" id=\"installation\" data-nav-section=\"installation\"><h2>Como adiciono Click to Call em minha p\u00e1gina WooCommerce?<\/h2><p>Basta seguir as etapas abaixo para integrar o widget.<\/p><ol><li><b>Inicie nosso editor gratuito e comece a construir seu plugin personalizado. <\/b><br> Escolha o layout e os recursos preferidos do plugin e aplique as corre\u00e7\u00f5es. <\/li> <li><b>Adquira o seu c\u00f3digo individual apresentado no formul\u00e1rio especial nas aplica\u00e7\u00f5es Elfsight. <\/b><br> Ap\u00f3s a conclus\u00e3o da cria\u00e7\u00e3o do seu widget pessoal, copie o c\u00f3digo pessoal da janela exibida e salve-o para futuras ocasi\u00f5es. <\/li> <li><b>Comece a usar a ferramenta no site WooCommerce. <\/b><br> Implemente o c\u00f3digo copiado recentemente em seu site e aplique as edi\u00e7\u00f5es. <\/li> <li><b>Conclu\u00eddo! A integra\u00e7\u00e3o est\u00e1 totalmente encerrada. <\/b><br> Acesse seu site para inspecionar como o plugin est\u00e1 funcionando. <\/li><\/ol> <p>Caso tenha d\u00favidas ou encontre alguma dificuldade, n\u00e3o hesite em escrever para nossa equipe de suporte. Nosso pessoal est\u00e1 ansioso para resolver todos os problemas que voc\u00ea possa ter com o widget.<\/p><\/div>","protected":false},"excerpt":{"rendered":"","protected":false},"author":9,"featured_media":0,"parent":1149,"menu_order":0,"comment_status":"closed","ping_status":"closed","template":"templates\/template-application-platform.php","meta":{"publish_to_discourse":"","publish_post_category":"","wpdc_auto_publish_overridden":"","wpdc_topic_tags":"","wpdc_pin_topic":"","wpdc_pin_until":"","discourse_post_id":"","discourse_permalink":"","wpdc_publishing_response":"","wpdc_publishing_error":"","footnotes":""},"class_list":["post-6145","page","type-page","status-publish","hentry"],"yoast_head":"<!-- This site is optimized with the Yoast SEO plugin v25.3.1 - https:\/\/yoast.com\/wordpress\/plugins\/seo\/ -->\n<title>Plug-in WooCommerce Click to Call Button para seu site (2025)<\/title>\n<meta name=\"description\" content=\"InserirImplemente um aplicativo Click to Call responsivo em seu site WooCommerce. Utilize a demonstra\u00e7\u00e3o \u00fatil da Elfsight e crie seu plugin exclusivo em apenas 2 minutos.\" \/>\n<meta name=\"robots\" content=\"index, follow, max-snippet:-1, max-image-preview:large, max-video-preview:-1\" \/>\n<link rel=\"canonical\" href=\"https:\/\/elfsight.com\/pt\/click-to-call-widget\/woocommerce\/\" \/>\n<meta property=\"og:locale\" content=\"pt_PT\" \/>\n<meta property=\"og:type\" content=\"article\" \/>\n<meta property=\"og:title\" content=\"Plug-in WooCommerce Click to Call Button para seu site (2025)\" \/>\n<meta property=\"og:description\" content=\"InserirImplemente um aplicativo Click to Call responsivo em seu site WooCommerce. Utilize a demonstra\u00e7\u00e3o \u00fatil da Elfsight e crie seu plugin exclusivo em apenas 2 minutos.\" \/>\n<meta property=\"og:url\" content=\"https:\/\/elfsight.com\/pt\/click-to-call-widget\/woocommerce\/\" \/>\n<meta property=\"og:site_name\" content=\"Elfsight PT\" \/>\n<meta property=\"article:modified_time\" content=\"2024-11-13T11:37:29+00:00\" \/>\n<meta name=\"twitter:card\" content=\"summary_large_image\" \/>\n<meta name=\"twitter:label1\" content=\"Tempo estimado de leitura\" \/>\n\t<meta name=\"twitter:data1\" content=\"3 minutos\" \/>\n<!-- \/ Yoast SEO plugin. -->","yoast_head_json":{"title":"Plug-in WooCommerce Click to Call Button para seu site (2025)","description":"InserirImplemente um aplicativo Click to Call responsivo em seu site WooCommerce. Utilize a demonstra\u00e7\u00e3o \u00fatil da Elfsight e crie seu plugin exclusivo em apenas 2 minutos.","robots":{"index":"index","follow":"follow","max-snippet":"max-snippet:-1","max-image-preview":"max-image-preview:large","max-video-preview":"max-video-preview:-1"},"canonical":"https:\/\/elfsight.com\/pt\/click-to-call-widget\/woocommerce\/","og_locale":"pt_PT","og_type":"article","og_title":"Plug-in WooCommerce Click to Call Button para seu site (2025)","og_description":"InserirImplemente um aplicativo Click to Call responsivo em seu site WooCommerce. Utilize a demonstra\u00e7\u00e3o \u00fatil da Elfsight e crie seu plugin exclusivo em apenas 2 minutos.","og_url":"https:\/\/elfsight.com\/pt\/click-to-call-widget\/woocommerce\/","og_site_name":"Elfsight PT","article_modified_time":"2024-11-13T11:37:29+00:00","twitter_card":"summary_large_image","twitter_misc":{"Tempo estimado de leitura":"3 minutos"},"schema":{"@context":"https:\/\/schema.org","@graph":[{"@type":"WebPage","@id":"https:\/\/elfsight.com\/pt\/click-to-call-widget\/woocommerce\/","url":"https:\/\/elfsight.com\/pt\/click-to-call-widget\/woocommerce\/","name":"Plug-in WooCommerce Click to Call Button para seu site (2025)","isPartOf":{"@id":"https:\/\/elfsight.com\/pt\/#website"},"datePublished":"2024-05-03T06:32:18+00:00","dateModified":"2024-11-13T11:37:29+00:00","description":"InserirImplemente um aplicativo Click to Call responsivo em seu site WooCommerce. Utilize a demonstra\u00e7\u00e3o \u00fatil da Elfsight e crie seu plugin exclusivo em apenas 2 minutos.","breadcrumb":{"@id":"https:\/\/elfsight.com\/pt\/click-to-call-widget\/woocommerce\/#breadcrumb"},"inLanguage":"pt-PT","potentialAction":[{"@type":"ReadAction","target":["https:\/\/elfsight.com\/pt\/click-to-call-widget\/woocommerce\/"]}]},{"@type":"BreadcrumbList","@id":"https:\/\/elfsight.com\/pt\/click-to-call-widget\/woocommerce\/#breadcrumb","itemListElement":[{"@type":"ListItem","position":1,"name":"Home","item":"https:\/\/elfsight.com\/pt\/"},{"@type":"ListItem","position":2,"name":"Click to Call","item":"https:\/\/elfsight.com\/pt\/click-to-call-widget\/"},{"@type":"ListItem","position":3,"name":"Click to Call &#8211; WooCommerce"}]},{"@type":"WebSite","@id":"https:\/\/elfsight.com\/pt\/#website","url":"https:\/\/elfsight.com\/pt\/","name":"Elfsight PT","description":"Just another Elfsight Sites site","potentialAction":[{"@type":"SearchAction","target":{"@type":"EntryPoint","urlTemplate":"https:\/\/elfsight.com\/pt\/?s={search_term_string}"},"query-input":{"@type":"PropertyValueSpecification","valueRequired":true,"valueName":"search_term_string"}}],"inLanguage":"pt-PT"}]}},"meta_box":{"industry":"","seo_heading":"","heading":"","description":"","cta_heading":"","cta_description":"","application":"1148","h1":"Plug-in WooCommerce Click to Call Button","h1_caption":"Um m\u00e9todo instant\u00e2neo de discar seu n\u00famero.","application_category":[],"applications_title":"","applications_request_title":"","applications_request_button_text":"","hero_text":"","hero_video":"","hero_video_schema_markup":"","selling_points_title":"","selling_points_caption":"","selling_points":[],"selling_points_cta_text":"","features_title":"","features":"","ed_cta_examples_text":"","ed_cta_examples_hidden":"","ed_cta_demo_text":"","ed_cta_demo_hidden":"","why_caption":"","why_editor_title":"","why_editor_text":"","why_team_title":"","why_team_text":"","why_service_title":"","why_service_text":"","template_catalog_visible":"","template_catalog_title":"","template_catalog_text":"","template_catalog_categories_visible":"","demo_title":"Crie seu aplicativo Click to Call","demo_caption":"Configure seu Click to Call e adicione-o ao seu site WooCommerce gratuitamente!","default_faq_hidden":"","app_template_category":[],"platform":"4920","template_public_id":"","codecanyon_url":"","codecanyon_item_id":"","codecanyon_price":"","pricing_caption":"","pricing_elfsight_apps_hide_column":"","pricing_elfsight_apps_url":"","pricing_codecanyon_price_caption":"","integration_category":[],"integration_request_title":"","integration_request_cta":"","integration_platform":"","integrations":[],"platform_category":[],"video_schema_markup":"","price":"a partir de US$ 0\/m\u00eas","trial":"","benefits":[{"text":"Ajuda de instala\u00e7\u00e3o gratuita"},{"text":"Atendimento ao cliente profissional"},{"text":"Garantia de reembolso de 14 dias"},{"text":"Desenvolvimento cont\u00ednuo"}],"button_url":"#demo","button_target_blank":"","button_nofollow":"","attributes":[{"name":"Instala\u00e7\u00f5es","content":"10,000 - 100,000"},{"name":"Responsivo","content":"Sim"},{"name":"Navegadores compat\u00edveis","content":"Firefox, Safari, Opera, Chrome, Edge"}],"tags":[],"tags_disable_links":"","hide_more_platforms":"","video_object":"","demo_hide_cta":"","demo_hide_cloud_options":"","pricing_title":"","pricing":[{"pricing_icon":"platform","pricing_title":"Elfsight Apps","pricing_title_caption":"Solu\u00e7\u00e3o digital multiplataforma que funciona em qualquer site","pricing_price":"a partir de US$ 0\/m\u00eas","pricing_price_caption":"comece com um plano gratuito","pricing_benefits":[{"text":"Sites ilimitados"},{"text":"Suporte gratuito, pontual e bem documentado"},{"text":"Suporte gratuito, pontual e bem documentado"},{"text":"100% personaliz\u00e1vel"}],"pricing_button_text":"Adicionar ao site","pricing_button_url":"#demo"}],"related_apps_title":"","related_apps_hidden":"","author":"","image":[],"title":"","job":"","social_networks":[]},"_links":{"self":[{"href":"https:\/\/elfsight.com\/pt\/wp-json\/wp\/v2\/pages\/6145","targetHints":{"allow":["GET"]}}],"collection":[{"href":"https:\/\/elfsight.com\/pt\/wp-json\/wp\/v2\/pages"}],"about":[{"href":"https:\/\/elfsight.com\/pt\/wp-json\/wp\/v2\/types\/page"}],"author":[{"embeddable":true,"href":"https:\/\/elfsight.com\/pt\/wp-json\/wp\/v2\/users\/9"}],"replies":[{"embeddable":true,"href":"https:\/\/elfsight.com\/pt\/wp-json\/wp\/v2\/comments?post=6145"}],"version-history":[{"count":1,"href":"https:\/\/elfsight.com\/pt\/wp-json\/wp\/v2\/pages\/6145\/revisions"}],"predecessor-version":[{"id":6149,"href":"https:\/\/elfsight.com\/pt\/wp-json\/wp\/v2\/pages\/6145\/revisions\/6149"}],"up":[{"embeddable":true,"href":"https:\/\/elfsight.com\/pt\/wp-json\/wp\/v2\/pages\/1149"}],"wp:attachment":[{"href":"https:\/\/elfsight.com\/pt\/wp-json\/wp\/v2\/media?parent=6145"}],"curies":[{"name":"wp","href":"https:\/\/api.w.org\/{rel}","templated":true}]}}