{"id":6137,"date":"2024-05-03T06:32:14","date_gmt":"2024-05-03T06:32:14","guid":{"rendered":"https:\/\/elfsight.com\/pt\/?page_id=6137"},"modified":"2024-11-12T15:31:13","modified_gmt":"2024-11-12T15:31:13","slug":"prestashop","status":"publish","type":"page","link":"https:\/\/elfsight.com\/pt\/click-to-call-widget\/prestashop\/","title":{"rendered":"Click to Call &#8211; PrestaShop"},"content":{"rendered":"<div class=\"application-platform-content-item-description application-platform-content-item\" id=\"description\" data-nav-section=\"description\"> <h2>Descri\u00e7\u00e3o<\/h2> <p>Click To Call by Elfsight \u00e9 uma ferramenta que ajuda a simplificar ao m\u00e1ximo o contato dos usu\u00e1rios do seu site voc\u00ea por telefone diretamente da p\u00e1gina da web. Um \u00fanico clique no sinal do telefone iniciar\u00e1 uma chamada | disca automaticamente o n\u00famero em dispositivos m\u00f3veis, enquanto no desktop demonstra o n\u00famero escolhido na janela de chamada, onde voc\u00ea tamb\u00e9m pode exibir uma imagem da sua pessoa de contato e um texto e rubrica. Para conseguir o trabalho mais eficiente do widget, voc\u00ea pode selecionar p\u00e1ginas espec\u00edficas nas quais ele aparecer\u00e1, o tipo de usu\u00e1rios que s\u00f3 poder\u00e3o v\u00ea-lo e uma condi\u00e7\u00e3o de ativa\u00e7\u00e3o que controlar\u00e1 sua exibi\u00e7\u00e3o. <\/p><\/div> <div class=\"application-platform-content-item-features application-platform-content-item\" id=\"features\" data-nav-section=\"features\"> <h2>Aqui est\u00e3o os recursos fundamentais do complemento: <\/h2> <ul><li>Mostre seu n\u00famero de telefone no site para discagem f\u00e1cil<\/li><li>Discagem com um clique em dispositivos m\u00f3veis<\/li><li>A op\u00e7\u00e3o de mostrar a foto e o nome da pessoa de contato<\/li><li>Adicionar uma legenda e um texto da janela de chamada<\/li><li>Mostrar bal\u00e3o de telefone com \u00edcone e texto<\/li><li>Escolha o tamanho do bal\u00e3o de telefone<\/li><li>A op\u00e7\u00e3o de editar o texto do bal\u00e3o<\/li><li>Ativar anima\u00e7\u00e3o do bal\u00e3o \u00edcone de bolha<\/li><li>Tr\u00eas op\u00e7\u00f5es de posi\u00e7\u00e3o do widget: flutuante \u00e0 direita ou \u00e0 esquerda ou personalizado<\/li><li>A op\u00e7\u00e3o de mostrar o widget nas p\u00e1ginas selecionadas ou excluir p\u00e1ginas<\/li><li>Escolha ativar o widget em ambos, desktop ou celular<\/li><\/ul><p><a href=\"#demo\">Teste todas as op\u00e7\u00f5es de personaliza\u00e7\u00e3o em uma demonstra\u00e7\u00e3o completa<\/a><\/p> <\/div> <div class=\"application-platform-content-item-installation application-platform-content-item\" id=\"installation\" data-nav-section=\"installation\"> <h2>Como posso incorporar o Click to Call na minha p\u00e1gina PrestaShop? <\/h2> <p>Basta seguir as orienta\u00e7\u00f5es abaixo para adicionar o widget. <\/p> <ol><li><b>Use nossa demonstra\u00e7\u00e3o gratuita e comece a moldar seu complemento personalizado. <\/b><br> Especifique a interface e os par\u00e2metros desejados da ferramenta e salve as edi\u00e7\u00f5es. <\/li> <li><b>Adquira o seu c\u00f3digo pessoal que aparece na janela das aplica\u00e7\u00f5es Elfsight. <\/b><br> Logo ap\u00f3s a configura\u00e7\u00e3o do seu addon pessoal, copie o c\u00f3digo pessoal na caixa exibida e salve-o para uso posterior. <\/li> <li><b>Comece a usar o complemento na sua p\u00e1gina inicial do PrestaShop. <\/b><br> Implemente o c\u00f3digo que voc\u00ea salvou anteriormente em seu site e salve as modifica\u00e7\u00f5es. <\/li> <li><b>A instala\u00e7\u00e3o foi totalmente conclu\u00edda. <\/b><br> Visite seu site para ver o desempenho do complemento. <\/li><\/ol> <p>Caso tenha d\u00favidas ou tenha alguma dificuldade, n\u00e3o tenha medo de recorrer \u00e0 nossa equipe de atendimento ao cliente. Nosso pessoal ficar\u00e1 feliz em resolver todos os problemas que voc\u00ea possa ter com a ferramenta. <\/p> <div class=\"faq\" data-component=\"FAQ\"> <div class=\"faq-item\">\r\n\t\t\t\t\t<div class=\"faq-item-question\">\r\n\t\t\t\t\t\t<h3 class=\"faq-item-question-text\">Como posso adicionar Click to call ao meu site PrestaShop sem conhecimentos de codifica\u00e7\u00e3o?<\/h3>\r\n\r\n\t\t\t\t\t\t<div class=\"faq-item-question-icon\"><\/div>\r\n\t\t\t\t\t<\/div>\r\n\r\n\t\t\t\t\t<div class=\"faq-item-answer\">\r\n\t\t\t\t\t\t<div class=\"faq-item-answer-text\"> <p>A Elfsight fornece uma solu\u00e7\u00e3o SaaS que lhe permite criar voc\u00ea mesmo um widget Click to call, veja como O processo \u00e9 f\u00e1cil: trabalhe diretamente no Editor on-line para criar um widget Click to call que voc\u00ea gostaria de ver no seu site PrestaShop. Escolha um dos modelos predefinidos e ajuste as configura\u00e7\u00f5es do Click to call, adicione seu conte\u00fado, altere o layout e o esquema de cores sem habilidades de codifica\u00e7\u00e3o. Salve o Click to call e copie seu c\u00f3digo de instala\u00e7\u00e3o, que voc\u00ea pode adicionar facilmente ao seu site PrestaShop sem comprar uma assinatura paga. Com nosso editor intuitivo, qualquer usu\u00e1rio da Internet pode criar um widget Click to call on-line e incorpor\u00e1-lo facilmente ao site PrestaShop. N\u00e3o h\u00e1 necessidade de pagar ou inserir as credenciais do seu cart\u00e3o para acessar o servi\u00e7o. Se voc\u00ea enfrentar qualquer problema em qualquer etapa, n\u00e3o hesite em entrar em contato com nossa equipe de suporte t\u00e9cnico.<\/p> <\/div>\r\n\t\t\t\t\t<\/div>\r\n\t\t\t\t<\/div> <\/div> <\/div>","protected":false},"excerpt":{"rendered":"","protected":false},"author":9,"featured_media":0,"parent":1149,"menu_order":0,"comment_status":"closed","ping_status":"closed","template":"templates\/template-application-platform.php","meta":{"publish_to_discourse":"","publish_post_category":"","wpdc_auto_publish_overridden":"","wpdc_topic_tags":"","wpdc_pin_topic":"","wpdc_pin_until":"","discourse_post_id":"","discourse_permalink":"","wpdc_publishing_response":"","wpdc_publishing_error":"","footnotes":""},"class_list":["post-6137","page","type-page","status-publish","hentry"],"yoast_head":"<!-- This site is optimized with the Yoast SEO plugin v25.3.1 - https:\/\/yoast.com\/wordpress\/plugins\/seo\/ -->\n<title>Bot\u00e3o de chamada PrestaShop | Adicionar complemento Click to Call Button ao site [2026]<\/title>\n<meta name=\"description\" content=\"Crie seu complemento Click to Call Button e adicione-o ao seu site PrestaShop. Temos atendimento gratuito ao cliente e outros b\u00f4nus.\" \/>\n<meta name=\"robots\" content=\"index, follow, max-snippet:-1, max-image-preview:large, max-video-preview:-1\" \/>\n<link rel=\"canonical\" href=\"https:\/\/elfsight.com\/pt\/click-to-call-widget\/prestashop\/\" \/>\n<meta property=\"og:locale\" content=\"pt_PT\" \/>\n<meta property=\"og:type\" content=\"article\" \/>\n<meta property=\"og:title\" content=\"Bot\u00e3o de chamada PrestaShop | Adicionar complemento Click to Call Button ao site [2026]\" \/>\n<meta property=\"og:description\" content=\"Crie seu complemento Click to Call Button e adicione-o ao seu site PrestaShop. Temos atendimento gratuito ao cliente e outros b\u00f4nus.\" \/>\n<meta property=\"og:url\" content=\"https:\/\/elfsight.com\/pt\/click-to-call-widget\/prestashop\/\" \/>\n<meta property=\"og:site_name\" content=\"Elfsight PT\" \/>\n<meta property=\"article:modified_time\" content=\"2024-11-12T15:31:13+00:00\" \/>\n<meta name=\"twitter:card\" content=\"summary_large_image\" \/>\n<meta name=\"twitter:label1\" content=\"Tempo estimado de leitura\" \/>\n\t<meta name=\"twitter:data1\" content=\"3 minutos\" \/>\n<!-- \/ Yoast SEO plugin. -->","yoast_head_json":{"title":"Bot\u00e3o de chamada PrestaShop | Adicionar complemento Click to Call Button ao site [2026]","description":"Crie seu complemento Click to Call Button e adicione-o ao seu site PrestaShop. Temos atendimento gratuito ao cliente e outros b\u00f4nus.","robots":{"index":"index","follow":"follow","max-snippet":"max-snippet:-1","max-image-preview":"max-image-preview:large","max-video-preview":"max-video-preview:-1"},"canonical":"https:\/\/elfsight.com\/pt\/click-to-call-widget\/prestashop\/","og_locale":"pt_PT","og_type":"article","og_title":"Bot\u00e3o de chamada PrestaShop | Adicionar complemento Click to Call Button ao site [2026]","og_description":"Crie seu complemento Click to Call Button e adicione-o ao seu site PrestaShop. Temos atendimento gratuito ao cliente e outros b\u00f4nus.","og_url":"https:\/\/elfsight.com\/pt\/click-to-call-widget\/prestashop\/","og_site_name":"Elfsight PT","article_modified_time":"2024-11-12T15:31:13+00:00","twitter_card":"summary_large_image","twitter_misc":{"Tempo estimado de leitura":"3 minutos"},"schema":{"@context":"https:\/\/schema.org","@graph":[{"@type":"WebPage","@id":"https:\/\/elfsight.com\/pt\/click-to-call-widget\/prestashop\/","url":"https:\/\/elfsight.com\/pt\/click-to-call-widget\/prestashop\/","name":"Bot\u00e3o de chamada PrestaShop | Adicionar complemento Click to Call Button ao site [2026]","isPartOf":{"@id":"https:\/\/elfsight.com\/pt\/#website"},"datePublished":"2024-05-03T06:32:14+00:00","dateModified":"2024-11-12T15:31:13+00:00","description":"Crie seu complemento Click to Call Button e adicione-o ao seu site PrestaShop. Temos atendimento gratuito ao cliente e outros b\u00f4nus.","breadcrumb":{"@id":"https:\/\/elfsight.com\/pt\/click-to-call-widget\/prestashop\/#breadcrumb"},"inLanguage":"pt-PT","potentialAction":[{"@type":"ReadAction","target":["https:\/\/elfsight.com\/pt\/click-to-call-widget\/prestashop\/"]}]},{"@type":"BreadcrumbList","@id":"https:\/\/elfsight.com\/pt\/click-to-call-widget\/prestashop\/#breadcrumb","itemListElement":[{"@type":"ListItem","position":1,"name":"Home","item":"https:\/\/elfsight.com\/pt\/"},{"@type":"ListItem","position":2,"name":"Click to Call","item":"https:\/\/elfsight.com\/pt\/click-to-call-widget\/"},{"@type":"ListItem","position":3,"name":"Click to Call &#8211; PrestaShop"}]},{"@type":"WebSite","@id":"https:\/\/elfsight.com\/pt\/#website","url":"https:\/\/elfsight.com\/pt\/","name":"Elfsight PT","description":"Just another Elfsight Sites site","potentialAction":[{"@type":"SearchAction","target":{"@type":"EntryPoint","urlTemplate":"https:\/\/elfsight.com\/pt\/?s={search_term_string}"},"query-input":{"@type":"PropertyValueSpecification","valueRequired":true,"valueName":"search_term_string"}}],"inLanguage":"pt-PT"}]}},"meta_box":{"industry":"","seo_heading":"","heading":"","description":"","cta_heading":"","cta_description":"","application":"1148","h1":"Bot\u00e3o Click to Call do PrestaShop","h1_caption":"Permita que seus usu\u00e1rios entrem em contato com voc\u00ea por telefone com apenas um clique","application_category":[],"applications_title":"","applications_request_title":"","applications_request_button_text":"","hero_text":"","hero_video":"","hero_video_schema_markup":"","selling_points_title":"","selling_points_caption":"","selling_points":[],"selling_points_cta_text":"","features_title":"","features":"","ed_cta_examples_text":"","ed_cta_examples_hidden":"","ed_cta_demo_text":"","ed_cta_demo_hidden":"","why_caption":"","why_editor_title":"","why_editor_text":"","why_team_title":"","why_team_text":"","why_service_title":"","why_service_text":"","template_catalog_visible":"","template_catalog_title":"","template_catalog_text":"","template_catalog_categories_visible":"","demo_title":"Crie seu complemento Click to Call","demo_caption":"Configure seu Click to Call e adicione-o ao seu site PrestaShop gratuitamente!","default_faq_hidden":"","app_template_category":[],"platform":"5343","template_public_id":"","codecanyon_url":"","codecanyon_item_id":"","codecanyon_price":"","pricing_caption":"","pricing_elfsight_apps_hide_column":"","pricing_elfsight_apps_url":"","pricing_codecanyon_price_caption":"","integration_category":[],"integration_request_title":"","integration_request_cta":"","integration_platform":"","integrations":[],"platform_category":[],"video_schema_markup":"","price":"a partir de US$ 0\/m\u00eas","trial":"","benefits":[{"text":"Atendimento ao cliente profissional"},{"text":"Servi\u00e7o de instala\u00e7\u00e3o gratuito"},{"text":"Garantia de reembolso de 14 dias"},{"text":"Desenvolvimento cont\u00ednuo"}],"button_url":"#demo","button_target_blank":"","button_nofollow":"","attributes":[{"name":"Instala\u00e7\u00f5es","content":"10,000 - 100,000"},{"name":"Responsivo","content":"Sim"},{"name":"Navegadores compat\u00edveis","content":"Firefox, Safari, Opera, Chrome, Edge"}],"tags":[],"tags_disable_links":"","hide_more_platforms":"","video_object":"","demo_hide_cta":"","demo_hide_cloud_options":"","pricing_title":"","pricing":[{"pricing_icon":"platform","pricing_title":"Elfsight Apps","pricing_title_caption":"Software independente de plataforma que se adapta a qualquer site","pricing_price":"a partir de US$ 0\/m\u00eas","pricing_price_caption":"comece com um plano gratuito","pricing_benefits":[{"text":"Dom\u00ednios ilimitados"},{"text":"Suporte ao cliente r\u00e1pido e bem documentado"},{"text":"Suporte ao cliente r\u00e1pido e bem documentado"},{"text":"Design flex\u00edvel"}],"pricing_button_text":"Adicionar ao site","pricing_button_url":"#demo"}],"related_apps_title":"","related_apps_hidden":"","author":"","image":[],"title":"","job":"","social_networks":[]},"_links":{"self":[{"href":"https:\/\/elfsight.com\/pt\/wp-json\/wp\/v2\/pages\/6137","targetHints":{"allow":["GET"]}}],"collection":[{"href":"https:\/\/elfsight.com\/pt\/wp-json\/wp\/v2\/pages"}],"about":[{"href":"https:\/\/elfsight.com\/pt\/wp-json\/wp\/v2\/types\/page"}],"author":[{"embeddable":true,"href":"https:\/\/elfsight.com\/pt\/wp-json\/wp\/v2\/users\/9"}],"replies":[{"embeddable":true,"href":"https:\/\/elfsight.com\/pt\/wp-json\/wp\/v2\/comments?post=6137"}],"version-history":[{"count":1,"href":"https:\/\/elfsight.com\/pt\/wp-json\/wp\/v2\/pages\/6137\/revisions"}],"predecessor-version":[{"id":6141,"href":"https:\/\/elfsight.com\/pt\/wp-json\/wp\/v2\/pages\/6137\/revisions\/6141"}],"up":[{"embeddable":true,"href":"https:\/\/elfsight.com\/pt\/wp-json\/wp\/v2\/pages\/1149"}],"wp:attachment":[{"href":"https:\/\/elfsight.com\/pt\/wp-json\/wp\/v2\/media?parent=6137"}],"curies":[{"name":"wp","href":"https:\/\/api.w.org\/{rel}","templated":true}]}}