{"id":6106,"date":"2024-05-03T06:31:34","date_gmt":"2024-05-03T06:31:34","guid":{"rendered":"https:\/\/elfsight.com\/pt\/?page_id=6106"},"modified":"2026-01-20T13:17:56","modified_gmt":"2026-01-20T13:17:56","slug":"shopify","status":"publish","type":"page","link":"https:\/\/elfsight.com\/pt\/button-widget\/shopify\/","title":{"rendered":"Button &#8211; Shopify"},"content":{"rendered":"\n<div class=\"application-platform-content-item-description application-platform-content-item\" id=\"description\" data-nav-section=\"description\"> <h2>Incorporar Button no Shopify com o widget Elfsight<\/h2> <p>O Button \u00e9 um aplicativo para Shopify que permite criar diferentes bot\u00f5es para m\u00faltiplas finalidades em seu site. Existem in\u00fameras a\u00e7\u00f5es que podem ser realizadas depois que o visitante do site clica no bot\u00e3o. Por exemplo, eles podem ser redirecionados para alguma landing page, discar algum n\u00famero, bater um papo atrav\u00e9s de um mensageiro conhecido e muito mais. O bot\u00e3o \u00e9 altamente personaliz\u00e1vel &#8211; voc\u00ea pode escrever qualquer texto e conte\u00fado acima e abaixo do bot\u00e3o e alterar seu tamanho e cores. <\/p> <p><b>Use um bot\u00e3o atraente para aumentar as vendas em seu site, conseguir mais novos seguidores nas redes sociais e muito mais! <\/b><\/p> <\/div> <div class=\"application-platform-content-item-features application-platform-content-item\" id=\"features\" data-nav-section=\"features\"> <h2>Confira a lista dos recursos mais poderosos: <\/h2> <ul><li>Modificar cores e fontes<\/li><li>2 tipos de layout de bot\u00e3o &#8211; Embutido e Flutuante<\/li><li>Uma oportunidade de adicionar conte\u00fado acima e abaixo do bot\u00e3o<\/li><li>Voc\u00ea pode ocupar duas linhas<\/li><li>Acima de oito variantes de a\u00e7\u00f5es ap\u00f3s um clique<\/li><\/ul><p><a href=\"#demo\">Voc\u00ea pode explorar todos os recursos do widget na demonstra\u00e7\u00e3o nesta p\u00e1gina<\/a><\/p> <\/div> <div class=\"application-platform-content-item-installation application-platform-content-item\" id=\"installation\" data-nav-section=\"installation\"> <h2>Como adicionar um bot\u00e3o ao meu site Shopify? <\/h2> <div class=\"video-container\">\n<iframe width=\"720\" height=\"405\" src=\"https:\/\/www.youtube.com\/embed\/3xjdd0HxBNo?si=9U-3U6zIM_0F16aO\" frameborder=\"0\" allowfullscreen=\"\"><\/iframe>\n<\/div><p>Basta seguir as orienta\u00e7\u00f5es abaixo para integrar o aplicativo. <\/p> <ol><li><b>Utilize nosso configurador gratuito e comece a moldar seu aplicativo personalizado. <\/b><br> Especifique a apar\u00eancia desej\u00e1vel e as caracter\u00edsticas funcionais do aplicativo e aplique as edi\u00e7\u00f5es. <\/li> <li><b>Receba o c\u00f3digo pessoal que aparece na caixa dos aplicativos Elfsight. <\/b><br> Ap\u00f3s a customiza\u00e7\u00e3o da sua ferramenta, copie o c\u00f3digo exclusivo na janela que aparece e salve-o para ocasi\u00f5es posteriores. <\/li> <li><b>Comece a aplicar o aplicativo no seu site da Shopify. <\/b><br> Adicione o c\u00f3digo que voc\u00ea copiou antes em sua p\u00e1gina e salve as modifica\u00e7\u00f5es. <\/li> <li><b>Conclu\u00eddo! A configura\u00e7\u00e3o foi finalizada com sucesso. <\/b><br> Acesse sua p\u00e1gina da web para ver o trabalho do aplicativo em a\u00e7\u00e3o. <\/li><\/ol> <p>Suponha que voc\u00ea desafie alguns problemas, n\u00e3o tenha medo de entrar em contato com nossa equipe de suporte. Nossos consultores ter\u00e3o prazer em ajud\u00e1-lo com todos os problemas que voc\u00ea possa ter com o aplicativo. <\/p> <div class=\"faq\" data-component=\"FAQ\"><div class=\"faq-item\">\r\n\t\t\t\t\t<div class=\"faq-item-question\">\r\n\t\t\t\t\t\t<h3 class=\"faq-item-question-text\">Como posso adicionar Button ao meu site Shopify sem conhecimentos de codifica\u00e7\u00e3o?<\/h3>\r\n\r\n\t\t\t\t\t\t<div class=\"faq-item-question-icon\"><\/div>\r\n\t\t\t\t\t<\/div>\r\n\r\n\t\t\t\t\t<div class=\"faq-item-answer\">\r\n\t\t\t\t\t\t<div class=\"faq-item-answer-text\"> <p>A Elfsight fornece uma solu\u00e7\u00e3o SaaS que lhe permite criar um widget Button, veja como \u00e9 f\u00e1cil o processo: trabalhe diretamente no Editor on-line para criar um widget de bot\u00e3o que voc\u00ea gostaria de ver no seu site do Shopify. Escolha um dos modelos predefinidos e ajuste as configura\u00e7\u00f5es do bot\u00e3o, adicione seu conte\u00fado, altere o layout e as cores sem habilidades de codifica\u00e7\u00e3o. Salve o bot\u00e3o e copie seu c\u00f3digo de instala\u00e7\u00e3o para que voc\u00ea possa adicion\u00e1-lo facilmente ao seu site do Shopify sem a necessidade de adquirir um plano pago. Com nosso editor intuitivo, qualquer usu\u00e1rio da Internet pode criar um widget de bot\u00e3o online e incorpor\u00e1-lo facilmente ao site do Shopify. N\u00e3o h\u00e1 necessidade de pagar ou inserir as credenciais do seu cart\u00e3o para acessar o servi\u00e7o. Se voc\u00ea enfrentar qualquer problema em qualquer etapa, n\u00e3o hesite em entrar em contato com nossa equipe de suporte t\u00e9cnico.<\/p> <\/div>\r\n\t\t\t\t\t<\/div>\r\n\t\t\t\t<\/div> <\/div><\/div>\n\n\n<p><!-- wp:par\u00e1grafo --><\/p>\n<p><!-- \/wp:par\u00e1grafo --><\/p>","protected":false},"excerpt":{"rendered":"","protected":false},"author":9,"featured_media":0,"parent":1384,"menu_order":0,"comment_status":"closed","ping_status":"closed","template":"templates\/template-application-platform.php","meta":{"publish_to_discourse":"","publish_post_category":"","wpdc_auto_publish_overridden":"","wpdc_topic_tags":"","wpdc_pin_topic":"","wpdc_pin_until":"","discourse_post_id":"","discourse_permalink":"","wpdc_publishing_response":"","wpdc_publishing_error":"","footnotes":""},"class_list":["post-6106","page","type-page","status-publish","hentry"],"yoast_head":"<!-- This site is optimized with the Yoast SEO plugin v25.3.1 - https:\/\/yoast.com\/wordpress\/plugins\/seo\/ -->\n<title>Widget de aplicativo de bot\u00e3o - Incorporar widget de aplicativo ao Shopify ( 2025 )<\/title>\n<meta name=\"description\" content=\"Teste a aplica\u00e7\u00e3o Elfsight Button para Shopify. Adquira mais assinantes, aumente as vendas e torne o seu neg\u00f3cio ainda mais popular aplicando as ferramentas da Elfsight!\" \/>\n<meta name=\"robots\" content=\"index, follow, max-snippet:-1, max-image-preview:large, max-video-preview:-1\" \/>\n<link rel=\"canonical\" href=\"https:\/\/elfsight.com\/pt\/button-widget\/shopify\/\" \/>\n<meta property=\"og:locale\" content=\"pt_PT\" \/>\n<meta property=\"og:type\" content=\"article\" \/>\n<meta property=\"og:title\" content=\"Widget de aplicativo de bot\u00e3o - Incorporar widget de aplicativo ao Shopify ( 2025 )\" \/>\n<meta property=\"og:description\" content=\"Teste a aplica\u00e7\u00e3o Elfsight Button para Shopify. Adquira mais assinantes, aumente as vendas e torne o seu neg\u00f3cio ainda mais popular aplicando as ferramentas da Elfsight!\" \/>\n<meta property=\"og:url\" content=\"https:\/\/elfsight.com\/pt\/button-widget\/shopify\/\" \/>\n<meta property=\"og:site_name\" content=\"Elfsight PT\" \/>\n<meta property=\"article:modified_time\" content=\"2026-01-20T13:17:56+00:00\" \/>\n<meta name=\"twitter:card\" content=\"summary_large_image\" \/>\n<meta name=\"twitter:label1\" content=\"Tempo estimado de leitura\" \/>\n\t<meta name=\"twitter:data1\" content=\"3 minutos\" \/>\n<!-- \/ Yoast SEO plugin. -->","yoast_head_json":{"title":"Widget de aplicativo de bot\u00e3o - Incorporar widget de aplicativo ao Shopify ( 2025 )","description":"Teste a aplica\u00e7\u00e3o Elfsight Button para Shopify. Adquira mais assinantes, aumente as vendas e torne o seu neg\u00f3cio ainda mais popular aplicando as ferramentas da Elfsight!","robots":{"index":"index","follow":"follow","max-snippet":"max-snippet:-1","max-image-preview":"max-image-preview:large","max-video-preview":"max-video-preview:-1"},"canonical":"https:\/\/elfsight.com\/pt\/button-widget\/shopify\/","og_locale":"pt_PT","og_type":"article","og_title":"Widget de aplicativo de bot\u00e3o - Incorporar widget de aplicativo ao Shopify ( 2025 )","og_description":"Teste a aplica\u00e7\u00e3o Elfsight Button para Shopify. Adquira mais assinantes, aumente as vendas e torne o seu neg\u00f3cio ainda mais popular aplicando as ferramentas da Elfsight!","og_url":"https:\/\/elfsight.com\/pt\/button-widget\/shopify\/","og_site_name":"Elfsight PT","article_modified_time":"2026-01-20T13:17:56+00:00","twitter_card":"summary_large_image","twitter_misc":{"Tempo estimado de leitura":"3 minutos"},"schema":{"@context":"https:\/\/schema.org","@graph":[{"@type":"WebPage","@id":"https:\/\/elfsight.com\/pt\/button-widget\/shopify\/","url":"https:\/\/elfsight.com\/pt\/button-widget\/shopify\/","name":"Widget de aplicativo de bot\u00e3o - Incorporar widget de aplicativo ao Shopify ( 2025 )","isPartOf":{"@id":"https:\/\/elfsight.com\/pt\/#website"},"datePublished":"2024-05-03T06:31:34+00:00","dateModified":"2026-01-20T13:17:56+00:00","description":"Teste a aplica\u00e7\u00e3o Elfsight Button para Shopify. Adquira mais assinantes, aumente as vendas e torne o seu neg\u00f3cio ainda mais popular aplicando as ferramentas da Elfsight!","breadcrumb":{"@id":"https:\/\/elfsight.com\/pt\/button-widget\/shopify\/#breadcrumb"},"inLanguage":"pt-PT","potentialAction":[{"@type":"ReadAction","target":["https:\/\/elfsight.com\/pt\/button-widget\/shopify\/"]}]},{"@type":"BreadcrumbList","@id":"https:\/\/elfsight.com\/pt\/button-widget\/shopify\/#breadcrumb","itemListElement":[{"@type":"ListItem","position":1,"name":"Home","item":"https:\/\/elfsight.com\/pt\/"},{"@type":"ListItem","position":2,"name":"Button","item":"https:\/\/elfsight.com\/pt\/button-widget\/"},{"@type":"ListItem","position":3,"name":"Button &#8211; Shopify"}]},{"@type":"WebSite","@id":"https:\/\/elfsight.com\/pt\/#website","url":"https:\/\/elfsight.com\/pt\/","name":"Elfsight PT","description":"Just another Elfsight Sites site","potentialAction":[{"@type":"SearchAction","target":{"@type":"EntryPoint","urlTemplate":"https:\/\/elfsight.com\/pt\/?s={search_term_string}"},"query-input":{"@type":"PropertyValueSpecification","valueRequired":true,"valueName":"search_term_string"}}],"inLanguage":"pt-PT"}]}},"meta_box":{"industry":"","seo_heading":"","heading":"","description":"","cta_heading":"","cta_description":"","application":"1383","h1":"Aplicativo bot\u00e3o Shopify","h1_caption":"Leve seu p\u00fablico direto para a a\u00e7\u00e3o","application_category":[],"applications_title":"","applications_request_title":"","applications_request_button_text":"","hero_text":"","hero_video":"","hero_video_schema_markup":"","selling_points_title":"","selling_points_caption":"","selling_points":[],"selling_points_cta_text":"","features_title":"","features":"","ed_cta_examples_text":"","ed_cta_examples_hidden":"","ed_cta_demo_text":"","ed_cta_demo_hidden":"","why_caption":"","why_editor_title":"","why_editor_text":"","why_team_title":"","why_team_text":"","why_service_title":"","why_service_text":"","template_catalog_visible":"0","template_catalog_title":"","template_catalog_text":"","template_catalog_categories_visible":"","demo_title":"Crie seu aplicativo Button","demo_caption":"Configure seu bot\u00e3o e adicione-o ao seu site Shopify gratuitamente!","default_faq_hidden":"","app_template_category":[],"platform":"64","template_public_id":"","codecanyon_url":"","codecanyon_item_id":"","codecanyon_price":"","pricing_caption":"","pricing_elfsight_apps_hide_column":"","pricing_elfsight_apps_url":"","pricing_codecanyon_price_caption":"","integration_category":[],"integration_request_title":"","integration_request_cta":"","integration_platform":"","integrations":[],"platform_category":[],"video_schema_markup":"","price":"a partir de US$ 0\/m\u00eas","trial":"","benefits":[{"text":"Ajuda de instala\u00e7\u00e3o gratuita"},{"text":"Atendimento ao cliente profissional"},{"text":"Garantia de devolu\u00e7\u00e3o do dinheiro em 14 dias"},{"text":"Melhorias gratuitas vital\u00edcias"}],"button_url":"#demo","button_target_blank":"0","button_nofollow":"0","attributes":[{"name":"Instala\u00e7\u00f5es","content":"10,000 - 100,000"},{"name":"Responsivo","content":"Sim"},{"name":"Navegadores compat\u00edveis","content":"Firefox, Safari, Opera, Chrome, Edge"}],"tags":[],"tags_disable_links":"0","hide_more_platforms":"0","video_object":"","demo_hide_cta":"0","demo_hide_cloud_options":"0","pricing_title":"","pricing":[{"pricing_icon":"platform","pricing_title":"Elfsight Apps","pricing_title_caption":"Solu\u00e7\u00e3o digital multiplataforma que funciona em qualquer site","pricing_price":"a partir de US$ 0\/m\u00eas","pricing_price_caption":"comece com um plano gratuito","pricing_benefits":[{"text":"Dom\u00ednios ilimitados"},{"text":"Suporte gratuito"},{"text":"Suporte gratuito"},{"text":"100% personaliz\u00e1vel"}],"pricing_button_text":"Adicionar ao site","pricing_button_url":"#demo"}],"related_apps_title":"","related_apps_hidden":"0","author":"","image":[],"title":"","job":"","social_networks":[]},"_links":{"self":[{"href":"https:\/\/elfsight.com\/pt\/wp-json\/wp\/v2\/pages\/6106","targetHints":{"allow":["GET"]}}],"collection":[{"href":"https:\/\/elfsight.com\/pt\/wp-json\/wp\/v2\/pages"}],"about":[{"href":"https:\/\/elfsight.com\/pt\/wp-json\/wp\/v2\/types\/page"}],"author":[{"embeddable":true,"href":"https:\/\/elfsight.com\/pt\/wp-json\/wp\/v2\/users\/9"}],"replies":[{"embeddable":true,"href":"https:\/\/elfsight.com\/pt\/wp-json\/wp\/v2\/comments?post=6106"}],"version-history":[{"count":3,"href":"https:\/\/elfsight.com\/pt\/wp-json\/wp\/v2\/pages\/6106\/revisions"}],"predecessor-version":[{"id":15214,"href":"https:\/\/elfsight.com\/pt\/wp-json\/wp\/v2\/pages\/6106\/revisions\/15214"}],"up":[{"embeddable":true,"href":"https:\/\/elfsight.com\/pt\/wp-json\/wp\/v2\/pages\/1384"}],"wp:attachment":[{"href":"https:\/\/elfsight.com\/pt\/wp-json\/wp\/v2\/media?parent=6106"}],"curies":[{"name":"wp","href":"https:\/\/api.w.org\/{rel}","templated":true}]}}