{"id":6105,"date":"2024-05-03T06:31:33","date_gmt":"2024-05-03T06:31:33","guid":{"rendered":"https:\/\/elfsight.com\/pt\/?page_id=6105"},"modified":"2026-01-19T11:24:08","modified_gmt":"2026-01-19T11:24:08","slug":"squarespace","status":"publish","type":"page","link":"https:\/\/elfsight.com\/pt\/button-widget\/squarespace\/","title":{"rendered":"Button &#8211; Squarespace"},"content":{"rendered":"\n<div class=\"application-platform-content-item-description application-platform-content-item\" id=\"description\" data-nav-section=\"description\"> <h2>Incorporar produto na plataforma com o widget Elfsight<\/h2> <p>Elfsight Button \u00e9 um plugin para Squarespace que lhe d\u00e1 a oportunidade de criar diferentes bot\u00f5es para v\u00e1rios objetivos em seu site. Existem muitas a\u00e7\u00f5es que podem ser realizadas depois que o visitante do site clica no bot\u00e3o. Por exemplo, eles podem ser enviados para alguma landing page, discar algum n\u00famero, conversar em um mensageiro conhecido e muito mais. O bot\u00e3o \u00e9 altamente personaliz\u00e1vel &#8211; voc\u00ea pode usar qualquer texto e conte\u00fado ao redor do bot\u00e3o e ajustar seu tamanho e estilo. <\/p> <p><b>Use um bot\u00e3o envolvente para aumentar as vendas em seu site, atrair mais seguidores nas redes sociais e muito mais! <\/b><\/p> <\/div> <div class=\"application-platform-content-item-features application-platform-content-item\" id=\"features\" data-nav-section=\"features\"> <h2>Estes s\u00e3o apenas alguns dos poderosos recursos do plug-in: <\/h2> <ul><li>Alterar cores e fontes<\/li><li>Dois tipos de layout de bot\u00e3o: incorporado e flutuante<\/li><li>Uma oportunidade de adicionar conte\u00fado acima e abaixo do bot\u00e3o<\/li><li>Um r\u00f3tulo que pode ter duas linhas<\/li><li> Mais de 8 variantes de a\u00e7\u00f5es ap\u00f3s um clique<\/li><\/ul><p><a href=\"#demo\">Explore todas as op\u00e7\u00f5es de personaliza\u00e7\u00e3o em uma demonstra\u00e7\u00e3o 100% funcional<\/a><\/p> <\/div> <div class=\"application-platform-content-item-installation application-platform-content-item\" id=\"installation\" data-nav-section=\"installation\"> <h2>Como posso adicionar o Button ao meu site do Squarespace? <\/h2> <div class=\"video-container\">\n<iframe width=\"720\" height=\"405\" src=\"https:\/\/www.youtube.com\/embed\/TrUuecJc1Tg?si=AtYhCRwhSkF3ZUh7\" frameborder=\"0\" allowfullscreen=\"\"><\/iframe>\n<\/div><p>Basta seguir as orienta\u00e7\u00f5es abaixo para integrar a ferramenta. <\/p> <ol><li><b>Abra nosso editor gratuito e comece a criar seu plugin personalizado. <\/b><br> Determine o design personalizado e as caracter\u00edsticas do plugin e salve as corre\u00e7\u00f5es. <\/li> <li><b>Adquira o seu c\u00f3digo pessoal apresentado no formul\u00e1rio especial nas aplica\u00e7\u00f5es Elfsight. <\/b><br> Logo ap\u00f3s a gera\u00e7\u00e3o do seu plugin, copie o c\u00f3digo pessoal na caixa exibida e salve-o para uso futuro. <\/li> <li><b>Entre usando o plugin na sua p\u00e1gina inicial do Squarespace. <\/b><br> Insira o c\u00f3digo salvo anteriormente em sua p\u00e1gina inicial e aplique as edi\u00e7\u00f5es. <\/li> <li><b>A instala\u00e7\u00e3o est\u00e1 totalmente conclu\u00edda. <\/b><br> Acesse seu site para ver em a\u00e7\u00e3o como a ferramenta est\u00e1 funcionando. <\/li><\/ol> <p>Caso voc\u00ea tenha alguma complica\u00e7\u00e3o, sinta-se \u00e0 vontade para entrar em contato com nossa equipe de atendimento ao cliente. Nosso pessoal ficar\u00e1 animado para resolver todos os problemas que voc\u00ea possa ter com o produto. <\/p> <div class=\"faq\" data-component=\"FAQ\"><div class=\"faq-item\">\r\n\t\t\t\t\t<div class=\"faq-item-question\">\r\n\t\t\t\t\t\t<h3 class=\"faq-item-question-text\">Como posso adicionar Button ao meu site Squarespace sem habilidades de codifica\u00e7\u00e3o?<\/h3>\r\n\r\n\t\t\t\t\t\t<div class=\"faq-item-question-icon\"><\/div>\r\n\t\t\t\t\t<\/div>\r\n\r\n\t\t\t\t\t<div class=\"faq-item-answer\">\r\n\t\t\t\t\t\t<div class=\"faq-item-answer-text\"> <p>A Elfsight fornece uma solu\u00e7\u00e3o SaaS que permite que voc\u00ea mesmo crie um widget Button, veja como \u00e9 f\u00e1cil o processo: trabalhe diretamente no Editor on-line para criar um widget de bot\u00e3o que voc\u00ea gostaria de ver no seu site do Squarespace. Escolha um dos modelos predefinidos e ajuste as configura\u00e7\u00f5es do bot\u00e3o, adicione seu conte\u00fado, altere o layout e as cores sem nenhuma habilidade de codifica\u00e7\u00e3o. Salve o bot\u00e3o e copie seu c\u00f3digo de instala\u00e7\u00e3o, que voc\u00ea pode incluir facilmente em seu site do Squarespace sem comprar um plano pago. Com nosso editor intuitivo, qualquer usu\u00e1rio da Internet pode criar um widget de bot\u00e3o on-line e incorpor\u00e1-lo facilmente ao site do Squarespace. N\u00e3o h\u00e1 necessidade de pagar ou inserir as credenciais do seu cart\u00e3o para acessar o servi\u00e7o. Se voc\u00ea enfrentar qualquer problema em qualquer etapa, n\u00e3o hesite em entrar em contato com nossa equipe de suporte t\u00e9cnico.<\/p> <\/div>\r\n\t\t\t\t\t<\/div>\r\n\t\t\t\t<\/div> <\/div><\/div>\n","protected":false},"excerpt":{"rendered":"","protected":false},"author":9,"featured_media":0,"parent":1384,"menu_order":0,"comment_status":"closed","ping_status":"closed","template":"templates\/template-application-platform.php","meta":{"publish_to_discourse":"","publish_post_category":"","wpdc_auto_publish_overridden":"","wpdc_topic_tags":"","wpdc_pin_topic":"","wpdc_pin_until":"","discourse_post_id":"","discourse_permalink":"","wpdc_publishing_response":"","wpdc_publishing_error":"","footnotes":""},"class_list":["post-6105","page","type-page","status-publish","hentry"],"yoast_head":"<!-- This site is optimized with the Yoast SEO plugin v25.3.1 - https:\/\/yoast.com\/wordpress\/plugins\/seo\/ -->\n<title>Plug-in construtor de bot\u00e3o - Adicionar plug-in de bot\u00e3o ao Squarespace ( 2025 )<\/title>\n<meta name=\"description\" content=\"Plug-in de bot\u00e3o de teste para Squarespace. Adquira novos seguidores, aumente as vendas e torne o seu neg\u00f3cio bem sucedido com a ajuda das ferramentas da Elfsight!\" \/>\n<meta name=\"robots\" content=\"index, follow, max-snippet:-1, max-image-preview:large, max-video-preview:-1\" \/>\n<link rel=\"canonical\" href=\"https:\/\/elfsight.com\/pt\/button-widget\/squarespace\/\" \/>\n<meta property=\"og:locale\" content=\"pt_PT\" \/>\n<meta property=\"og:type\" content=\"article\" \/>\n<meta property=\"og:title\" content=\"Plug-in construtor de bot\u00e3o - Adicionar plug-in de bot\u00e3o ao Squarespace ( 2025 )\" \/>\n<meta property=\"og:description\" content=\"Plug-in de bot\u00e3o de teste para Squarespace. Adquira novos seguidores, aumente as vendas e torne o seu neg\u00f3cio bem sucedido com a ajuda das ferramentas da Elfsight!\" \/>\n<meta property=\"og:url\" content=\"https:\/\/elfsight.com\/pt\/button-widget\/squarespace\/\" \/>\n<meta property=\"og:site_name\" content=\"Elfsight PT\" \/>\n<meta property=\"article:modified_time\" content=\"2026-01-19T11:24:08+00:00\" \/>\n<meta name=\"twitter:card\" content=\"summary_large_image\" \/>\n<meta name=\"twitter:label1\" content=\"Tempo estimado de leitura\" \/>\n\t<meta name=\"twitter:data1\" content=\"3 minutos\" \/>\n<!-- \/ Yoast SEO plugin. -->","yoast_head_json":{"title":"Plug-in construtor de bot\u00e3o - Adicionar plug-in de bot\u00e3o ao Squarespace ( 2025 )","description":"Plug-in de bot\u00e3o de teste para Squarespace. Adquira novos seguidores, aumente as vendas e torne o seu neg\u00f3cio bem sucedido com a ajuda das ferramentas da Elfsight!","robots":{"index":"index","follow":"follow","max-snippet":"max-snippet:-1","max-image-preview":"max-image-preview:large","max-video-preview":"max-video-preview:-1"},"canonical":"https:\/\/elfsight.com\/pt\/button-widget\/squarespace\/","og_locale":"pt_PT","og_type":"article","og_title":"Plug-in construtor de bot\u00e3o - Adicionar plug-in de bot\u00e3o ao Squarespace ( 2025 )","og_description":"Plug-in de bot\u00e3o de teste para Squarespace. Adquira novos seguidores, aumente as vendas e torne o seu neg\u00f3cio bem sucedido com a ajuda das ferramentas da Elfsight!","og_url":"https:\/\/elfsight.com\/pt\/button-widget\/squarespace\/","og_site_name":"Elfsight PT","article_modified_time":"2026-01-19T11:24:08+00:00","twitter_card":"summary_large_image","twitter_misc":{"Tempo estimado de leitura":"3 minutos"},"schema":{"@context":"https:\/\/schema.org","@graph":[{"@type":"WebPage","@id":"https:\/\/elfsight.com\/pt\/button-widget\/squarespace\/","url":"https:\/\/elfsight.com\/pt\/button-widget\/squarespace\/","name":"Plug-in construtor de bot\u00e3o - Adicionar plug-in de bot\u00e3o ao Squarespace ( 2025 )","isPartOf":{"@id":"https:\/\/elfsight.com\/pt\/#website"},"datePublished":"2024-05-03T06:31:33+00:00","dateModified":"2026-01-19T11:24:08+00:00","description":"Plug-in de bot\u00e3o de teste para Squarespace. Adquira novos seguidores, aumente as vendas e torne o seu neg\u00f3cio bem sucedido com a ajuda das ferramentas da Elfsight!","breadcrumb":{"@id":"https:\/\/elfsight.com\/pt\/button-widget\/squarespace\/#breadcrumb"},"inLanguage":"pt-PT","potentialAction":[{"@type":"ReadAction","target":["https:\/\/elfsight.com\/pt\/button-widget\/squarespace\/"]}]},{"@type":"BreadcrumbList","@id":"https:\/\/elfsight.com\/pt\/button-widget\/squarespace\/#breadcrumb","itemListElement":[{"@type":"ListItem","position":1,"name":"Home","item":"https:\/\/elfsight.com\/pt\/"},{"@type":"ListItem","position":2,"name":"Button","item":"https:\/\/elfsight.com\/pt\/button-widget\/"},{"@type":"ListItem","position":3,"name":"Button &#8211; Squarespace"}]},{"@type":"WebSite","@id":"https:\/\/elfsight.com\/pt\/#website","url":"https:\/\/elfsight.com\/pt\/","name":"Elfsight PT","description":"Just another Elfsight Sites site","potentialAction":[{"@type":"SearchAction","target":{"@type":"EntryPoint","urlTemplate":"https:\/\/elfsight.com\/pt\/?s={search_term_string}"},"query-input":{"@type":"PropertyValueSpecification","valueRequired":true,"valueName":"search_term_string"}}],"inLanguage":"pt-PT"}]}},"meta_box":{"industry":"","seo_heading":"","heading":"","description":"","cta_heading":"","cta_description":"","application":"1383","h1":"Plug-in do bot\u00e3o Squarespace","h1_caption":"Empurre seu p\u00fablico direto para a a\u00e7\u00e3o","application_category":[],"applications_title":"","applications_request_title":"","applications_request_button_text":"","hero_text":"","hero_video":"","hero_video_schema_markup":"","selling_points_title":"","selling_points_caption":"","selling_points":[],"selling_points_cta_text":"","features_title":"","features":"","ed_cta_examples_text":"","ed_cta_examples_hidden":"","ed_cta_demo_text":"","ed_cta_demo_hidden":"","why_caption":"","why_editor_title":"","why_editor_text":"","why_team_title":"","why_team_text":"","why_service_title":"","why_service_text":"","template_catalog_visible":"0","template_catalog_title":"","template_catalog_text":"","template_catalog_categories_visible":"","demo_title":"Crie seu plugin de bot\u00e3o","demo_caption":"Configure seu Button e adicione-o ao seu site Squarespace gratuitamente!","default_faq_hidden":"","app_template_category":[],"platform":"67","template_public_id":"","codecanyon_url":"","codecanyon_item_id":"","codecanyon_price":"","pricing_caption":"","pricing_elfsight_apps_hide_column":"","pricing_elfsight_apps_url":"","pricing_codecanyon_price_caption":"","integration_category":[],"integration_request_title":"","integration_request_cta":"","integration_platform":"","integrations":[],"platform_category":[],"video_schema_markup":"","price":"a partir de US$ 0\/m\u00eas","trial":"","benefits":[{"text":"Ajuda de instala\u00e7\u00e3o gratuita"},{"text":"Atendimento ao cliente profissional"},{"text":"Garantia de reembolso de 14 dias"},{"text":"Desenvolvimento cont\u00ednuo"}],"button_url":"#demo","button_target_blank":"0","button_nofollow":"0","attributes":[{"name":"Instala\u00e7\u00f5es","content":"10,000 - 100,000"},{"name":"Responsivo","content":"Sim"},{"name":"Navegadores compat\u00edveis","content":"Firefox, Safari, Opera, Chrome, Edge"}],"tags":[],"tags_disable_links":"0","hide_more_platforms":"0","video_object":"","demo_hide_cta":"0","demo_hide_cloud_options":"0","pricing_title":"","pricing":[{"pricing_icon":"platform","pricing_title":"Elfsight Apps","pricing_title_caption":"Vers\u00e3o multiplataforma que funciona em qualquer site","pricing_price":"a partir de US$ 0\/m\u00eas","pricing_price_caption":"comece com um plano gratuito","pricing_benefits":[{"text":"Dom\u00ednios ilimitados"},{"text":"Suporte profissional e pontual e bem documentado"},{"text":"Suporte profissional e pontual e bem documentado"},{"text":"100% personaliz\u00e1vel"}],"pricing_button_text":"Adicionar ao site","pricing_button_url":"#demo"}],"related_apps_title":"","related_apps_hidden":"0","author":"","image":[],"title":"","job":"","social_networks":[]},"_links":{"self":[{"href":"https:\/\/elfsight.com\/pt\/wp-json\/wp\/v2\/pages\/6105","targetHints":{"allow":["GET"]}}],"collection":[{"href":"https:\/\/elfsight.com\/pt\/wp-json\/wp\/v2\/pages"}],"about":[{"href":"https:\/\/elfsight.com\/pt\/wp-json\/wp\/v2\/types\/page"}],"author":[{"embeddable":true,"href":"https:\/\/elfsight.com\/pt\/wp-json\/wp\/v2\/users\/9"}],"replies":[{"embeddable":true,"href":"https:\/\/elfsight.com\/pt\/wp-json\/wp\/v2\/comments?post=6105"}],"version-history":[{"count":4,"href":"https:\/\/elfsight.com\/pt\/wp-json\/wp\/v2\/pages\/6105\/revisions"}],"predecessor-version":[{"id":15211,"href":"https:\/\/elfsight.com\/pt\/wp-json\/wp\/v2\/pages\/6105\/revisions\/15211"}],"up":[{"embeddable":true,"href":"https:\/\/elfsight.com\/pt\/wp-json\/wp\/v2\/pages\/1384"}],"wp:attachment":[{"href":"https:\/\/elfsight.com\/pt\/wp-json\/wp\/v2\/media?parent=6105"}],"curies":[{"name":"wp","href":"https:\/\/api.w.org\/{rel}","templated":true}]}}