{"id":6104,"date":"2024-05-03T06:31:32","date_gmt":"2024-05-03T06:31:32","guid":{"rendered":"https:\/\/elfsight.com\/pt\/?page_id=6104"},"modified":"2024-11-13T11:14:36","modified_gmt":"2024-11-13T11:14:36","slug":"webflow","status":"publish","type":"page","link":"https:\/\/elfsight.com\/pt\/button-widget\/webflow\/","title":{"rendered":"Button &#8211; Webflow"},"content":{"rendered":"<div class=\"application-platform-content-item-description application-platform-content-item\" id=\"description\" data-nav-section=\"description\"> <h2>Incorporar bot\u00e3o no Webflow com o widget Elfsight<\/h2> <p>O Elfsight Button \u00e9 um widget para Webflow que lhe d\u00e1 a possibilidade de construir v\u00e1rios bot\u00f5es para diferentes finalidades em seu site. Existem in\u00fameras a\u00e7\u00f5es que podem ser realizadas assim que o visitante do seu site clicar no bot\u00e3o. Por exemplo, eles podem ser enviados para algum site de terceiros, discar algum n\u00famero, comunicar-se em um mensageiro popular e muito mais. Nosso bot\u00e3o \u00e9 altamente personaliz\u00e1vel &#8211; voc\u00ea pode usar qualquer texto, conte\u00fado acima e abaixo do bot\u00e3o e ajustar seu tamanho e cores. <\/p> <p><b>Use um bot\u00e3o atraente para aumentar as vendas em seu site, conseguir mais novos assinantes em contas de m\u00eddia social e muito mais! <\/b><\/p> <\/div> <div class=\"application-platform-content-item-features application-platform-content-item\" id=\"features\" data-nav-section=\"features\"> <h2>Encontre abaixo os recursos fundamentais do widget: <\/h2> <ul><li>Modificar cores e fontes<\/li><li>Duas varia\u00e7\u00f5es de layout de bot\u00e3o &#8211; Incorporado e Flutuante<\/li><li>Uma oportunidade de adicionar conte\u00fado ao redor do seu bot\u00e3o<\/li><li>Voc\u00ea pode ocupar 2 linhas<\/li><li>Acima de oito varia\u00e7\u00f5es de cen\u00e1rios ap\u00f3s um clique<\/li><\/ul><p><a href=\"#demo\">Experimente esta demonstra\u00e7\u00e3o para ver quanto vale o widget<\/a><\/p> <\/div> <div class=\"application-platform-content-item-instala\u00e7\u00e3o application-platform-content-item\" id=\"instala\u00e7\u00e3o\" data-nav-section=\"instala\u00e7\u00e3o\"> <h2>Como posso incorporar o Button no meu site Webflow? <\/h2> <p>Basta aplicar as instru\u00e7\u00f5es abaixo para integrar o widget. <\/p> <ol><li><b>Utilize nosso editor gratuito e comece a criar seu pr\u00f3prio widget. <\/b><br> Encontre o design e os aspectos selecionados do widget e salve as corre\u00e7\u00f5es. <\/li> <li><b>Receba o seu c\u00f3digo pessoal revelado no formul\u00e1rio especial nas aplica\u00e7\u00f5es Elfsight. <\/b><br> Assim que a personaliza\u00e7\u00e3o da sua ferramenta pessoal for conclu\u00edda, copie o c\u00f3digo individual na janela que surgir e salve-o para ocasi\u00f5es futuras. <\/li> <li><b>Entre usando o instrumento no site Webflow. <\/b><br> Adicione o c\u00f3digo que voc\u00ea copiou antes em sua p\u00e1gina inicial e aplique os ajustes. <\/li> <li><b>Pronto! A incorpora\u00e7\u00e3o foi realizada com sucesso. <\/b><br> Visite seu site para avaliar o desempenho da ferramenta. <\/li><\/ol> <p>Se voc\u00ea tiver algum problema, n\u00e3o hesite em entrar em contato com nossa equipe de suporte. Nossos consultores est\u00e3o ansiosos para resolver todos os problemas que voc\u00ea possa ter com o widget. <\/p> <div class=\"faq\" data-component=\"FAQ\"><div class=\"faq-item\">\r\n\t\t\t\t\t<div class=\"faq-item-question\">\r\n\t\t\t\t\t\t<h3 class=\"faq-item-question-text\">Como posso adicionar Button ao meu site Webflow sem conhecimentos de codifica\u00e7\u00e3o?<\/h3>\r\n\r\n\t\t\t\t\t\t<div class=\"faq-item-question-icon\"><\/div>\r\n\t\t\t\t\t<\/div>\r\n\r\n\t\t\t\t\t<div class=\"faq-item-answer\">\r\n\t\t\t\t\t\t<div class=\"faq-item-answer-text\"> <p>A Elfsight fornece uma solu\u00e7\u00e3o SaaS que lhe permite criar um widget Button, veja como \u00e9 f\u00e1cil o processo : trabalhe diretamente no editor online para criar um widget de bot\u00e3o que voc\u00ea gostaria de ver em seu site Webflow. Escolha um dos modelos predefinidos e ajuste as configura\u00e7\u00f5es do bot\u00e3o, adicione seu conte\u00fado, altere o layout e as cores sem nenhuma habilidade de codifica\u00e7\u00e3o. Salve o bot\u00e3o e copie seu c\u00f3digo de instala\u00e7\u00e3o, que voc\u00ea pode simplesmente adicionar ao seu site Webflow sem a necessidade de comprar uma vers\u00e3o paga. Com nosso editor intuitivo, qualquer usu\u00e1rio da Internet pode criar um widget de bot\u00e3o online e incorpor\u00e1-lo facilmente ao seu site Webflow. N\u00e3o h\u00e1 necessidade de pagar ou inserir as credenciais do seu cart\u00e3o para acessar o servi\u00e7o. Se voc\u00ea enfrentar qualquer problema em qualquer etapa, n\u00e3o hesite em entrar em contato com nossa equipe de suporte t\u00e9cnico.<\/p> <\/div>\r\n\t\t\t\t\t<\/div>\r\n\t\t\t\t<\/div> <\/div><\/div>","protected":false},"excerpt":{"rendered":"","protected":false},"author":9,"featured_media":0,"parent":1384,"menu_order":0,"comment_status":"closed","ping_status":"closed","template":"templates\/template-application-platform.php","meta":{"publish_to_discourse":"","publish_post_category":"","wpdc_auto_publish_overridden":"","wpdc_topic_tags":"","wpdc_pin_topic":"","wpdc_pin_until":"","discourse_post_id":"","discourse_permalink":"","wpdc_publishing_response":"","wpdc_publishing_error":"","footnotes":""},"class_list":["post-6104","page","type-page","status-publish","hentry"],"yoast_head":"<!-- This site is optimized with the Yoast SEO plugin v25.3.1 - https:\/\/yoast.com\/wordpress\/plugins\/seo\/ -->\n<title>Widget construtor de bot\u00e3o - Adicionar widget de bot\u00e3o ao Webflow (2025)<\/title>\n<meta name=\"description\" content=\"Use o novo widget Elfsight Button para Webflow. Obtenha novos seguidores, aumente as vendas e torne o seu neg\u00f3cio bem sucedido com as ferramentas da Elfsight!\" \/>\n<meta name=\"robots\" content=\"index, follow, max-snippet:-1, max-image-preview:large, max-video-preview:-1\" \/>\n<link rel=\"canonical\" href=\"https:\/\/elfsight.com\/pt\/button-widget\/webflow\/\" \/>\n<meta property=\"og:locale\" content=\"pt_PT\" \/>\n<meta property=\"og:type\" content=\"article\" \/>\n<meta property=\"og:title\" content=\"Widget construtor de bot\u00e3o - Adicionar widget de bot\u00e3o ao Webflow (2025)\" \/>\n<meta property=\"og:description\" content=\"Use o novo widget Elfsight Button para Webflow. Obtenha novos seguidores, aumente as vendas e torne o seu neg\u00f3cio bem sucedido com as ferramentas da Elfsight!\" \/>\n<meta property=\"og:url\" content=\"https:\/\/elfsight.com\/pt\/button-widget\/webflow\/\" \/>\n<meta property=\"og:site_name\" content=\"Elfsight PT\" \/>\n<meta property=\"article:modified_time\" content=\"2024-11-13T11:14:36+00:00\" \/>\n<meta name=\"twitter:card\" content=\"summary_large_image\" \/>\n<meta name=\"twitter:label1\" content=\"Tempo estimado de leitura\" \/>\n\t<meta name=\"twitter:data1\" content=\"3 minutos\" \/>\n<!-- \/ Yoast SEO plugin. -->","yoast_head_json":{"title":"Widget construtor de bot\u00e3o - Adicionar widget de bot\u00e3o ao Webflow (2025)","description":"Use o novo widget Elfsight Button para Webflow. Obtenha novos seguidores, aumente as vendas e torne o seu neg\u00f3cio bem sucedido com as ferramentas da Elfsight!","robots":{"index":"index","follow":"follow","max-snippet":"max-snippet:-1","max-image-preview":"max-image-preview:large","max-video-preview":"max-video-preview:-1"},"canonical":"https:\/\/elfsight.com\/pt\/button-widget\/webflow\/","og_locale":"pt_PT","og_type":"article","og_title":"Widget construtor de bot\u00e3o - Adicionar widget de bot\u00e3o ao Webflow (2025)","og_description":"Use o novo widget Elfsight Button para Webflow. Obtenha novos seguidores, aumente as vendas e torne o seu neg\u00f3cio bem sucedido com as ferramentas da Elfsight!","og_url":"https:\/\/elfsight.com\/pt\/button-widget\/webflow\/","og_site_name":"Elfsight PT","article_modified_time":"2024-11-13T11:14:36+00:00","twitter_card":"summary_large_image","twitter_misc":{"Tempo estimado de leitura":"3 minutos"},"schema":{"@context":"https:\/\/schema.org","@graph":[{"@type":"WebPage","@id":"https:\/\/elfsight.com\/pt\/button-widget\/webflow\/","url":"https:\/\/elfsight.com\/pt\/button-widget\/webflow\/","name":"Widget construtor de bot\u00e3o - Adicionar widget de bot\u00e3o ao Webflow (2025)","isPartOf":{"@id":"https:\/\/elfsight.com\/pt\/#website"},"datePublished":"2024-05-03T06:31:32+00:00","dateModified":"2024-11-13T11:14:36+00:00","description":"Use o novo widget Elfsight Button para Webflow. Obtenha novos seguidores, aumente as vendas e torne o seu neg\u00f3cio bem sucedido com as ferramentas da Elfsight!","breadcrumb":{"@id":"https:\/\/elfsight.com\/pt\/button-widget\/webflow\/#breadcrumb"},"inLanguage":"pt-PT","potentialAction":[{"@type":"ReadAction","target":["https:\/\/elfsight.com\/pt\/button-widget\/webflow\/"]}]},{"@type":"BreadcrumbList","@id":"https:\/\/elfsight.com\/pt\/button-widget\/webflow\/#breadcrumb","itemListElement":[{"@type":"ListItem","position":1,"name":"Home","item":"https:\/\/elfsight.com\/pt\/"},{"@type":"ListItem","position":2,"name":"Button","item":"https:\/\/elfsight.com\/pt\/button-widget\/"},{"@type":"ListItem","position":3,"name":"Button &#8211; Webflow"}]},{"@type":"WebSite","@id":"https:\/\/elfsight.com\/pt\/#website","url":"https:\/\/elfsight.com\/pt\/","name":"Elfsight PT","description":"Just another Elfsight Sites site","potentialAction":[{"@type":"SearchAction","target":{"@type":"EntryPoint","urlTemplate":"https:\/\/elfsight.com\/pt\/?s={search_term_string}"},"query-input":{"@type":"PropertyValueSpecification","valueRequired":true,"valueName":"search_term_string"}}],"inLanguage":"pt-PT"}]}},"meta_box":{"industry":"","seo_heading":"","heading":"","description":"","cta_heading":"","cta_description":"","application":"1383","h1":"Widget de bot\u00e3o Webflow","h1_caption":"Empurre seu p\u00fablico direto para a a\u00e7\u00e3o","application_category":[],"applications_title":"","applications_request_title":"","applications_request_button_text":"","hero_text":"","hero_video":"","hero_video_schema_markup":"","selling_points_title":"","selling_points_caption":"","selling_points":[],"selling_points_cta_text":"","features_title":"","features":"","ed_cta_examples_text":"","ed_cta_examples_hidden":"","ed_cta_demo_text":"","ed_cta_demo_hidden":"","why_caption":"","why_editor_title":"","why_editor_text":"","why_team_title":"","why_team_text":"","why_service_title":"","why_service_text":"","template_catalog_visible":"","template_catalog_title":"","template_catalog_text":"","template_catalog_categories_visible":"","demo_title":"Crie seu widget de bot\u00e3o","demo_caption":"Configure seu bot\u00e3o e adicione-o ao seu site Webflow gratuitamente!","default_faq_hidden":"","app_template_category":[],"platform":"70","template_public_id":"","codecanyon_url":"","codecanyon_item_id":"","codecanyon_price":"","pricing_caption":"","pricing_elfsight_apps_hide_column":"","pricing_elfsight_apps_url":"","pricing_codecanyon_price_caption":"","integration_category":[],"integration_request_title":"","integration_request_cta":"","integration_platform":"","integrations":[],"platform_category":[],"video_schema_markup":"","price":"a partir de US$ 0\/m\u00eas","trial":"","benefits":[{"text":"Servi\u00e7o de instala\u00e7\u00e3o gratuito"},{"text":"Atendimento ao cliente profissional"},{"text":"Garantia de devolu\u00e7\u00e3o do dinheiro em 14 dias"},{"text":"Melhorias gratuitas cont\u00ednuas"}],"button_url":"#demo","button_target_blank":"","button_nofollow":"","attributes":[{"name":"Instala\u00e7\u00f5es","content":"10,000 - 100,000"},{"name":"Responsivo","content":"Sim"},{"name":"Navegadores compat\u00edveis","content":"Firefox, Safari, Opera, Chrome, Edge"}],"tags":[],"tags_disable_links":"","hide_more_platforms":"","video_object":"","demo_hide_cta":"","demo_hide_cloud_options":"","pricing_title":"","pricing":[{"pricing_icon":"platform","pricing_title":"Elfsight Apps","pricing_title_caption":"Vers\u00e3o independente de plataforma adequada para qualquer site","pricing_price":"a partir de US$ 0\/m\u00eas","pricing_price_caption":"comece com um plano gratuito","pricing_benefits":[{"text":"Sites ilimitados"},{"text":"Suporte r\u00e1pido e pontual e bem documentado"},{"text":"Suporte r\u00e1pido e pontual e bem documentado"},{"text":"Totalmente personaliz\u00e1vel"}],"pricing_button_text":"Adicionar ao site","pricing_button_url":"#demo"}],"related_apps_title":"","related_apps_hidden":"","author":"","image":[],"title":"","job":"","social_networks":[]},"_links":{"self":[{"href":"https:\/\/elfsight.com\/pt\/wp-json\/wp\/v2\/pages\/6104","targetHints":{"allow":["GET"]}}],"collection":[{"href":"https:\/\/elfsight.com\/pt\/wp-json\/wp\/v2\/pages"}],"about":[{"href":"https:\/\/elfsight.com\/pt\/wp-json\/wp\/v2\/types\/page"}],"author":[{"embeddable":true,"href":"https:\/\/elfsight.com\/pt\/wp-json\/wp\/v2\/users\/9"}],"replies":[{"embeddable":true,"href":"https:\/\/elfsight.com\/pt\/wp-json\/wp\/v2\/comments?post=6104"}],"version-history":[{"count":1,"href":"https:\/\/elfsight.com\/pt\/wp-json\/wp\/v2\/pages\/6104\/revisions"}],"predecessor-version":[{"id":6108,"href":"https:\/\/elfsight.com\/pt\/wp-json\/wp\/v2\/pages\/6104\/revisions\/6108"}],"up":[{"embeddable":true,"href":"https:\/\/elfsight.com\/pt\/wp-json\/wp\/v2\/pages\/1384"}],"wp:attachment":[{"href":"https:\/\/elfsight.com\/pt\/wp-json\/wp\/v2\/media?parent=6104"}],"curies":[{"name":"wp","href":"https:\/\/api.w.org\/{rel}","templated":true}]}}