{"id":6097,"date":"2024-05-03T06:31:29","date_gmt":"2024-05-03T06:31:29","guid":{"rendered":"https:\/\/elfsight.com\/pt\/?page_id=6097"},"modified":"2026-01-20T14:52:24","modified_gmt":"2026-01-20T14:52:24","slug":"wix","status":"publish","type":"page","link":"https:\/\/elfsight.com\/pt\/button-widget\/wix\/","title":{"rendered":"Button &#8211; Wix"},"content":{"rendered":"<div class=\"application-platform-content-item-description application-platform-content-item\" id=\"description\" data-nav-section=\"description\"> <h2>Descri\u00e7\u00e3o<\/h2> <p>O Button \u00e9 um aplicativo para Wix que permite criar diferentes bot\u00f5es para diferentes finalidades em seu site. Existem in\u00fameras a\u00e7\u00f5es que podem ser realizadas assim que o visitante do seu site clicar no bot\u00e3o. Por exemplo, eles podem ser redirecionados para alguma landing page, discar seu n\u00famero de telefone, comunicar-se atrav\u00e9s de um mensageiro conhecido e muito mais. O bot\u00e3o \u00e9 extremamente personaliz\u00e1vel &#8211; voc\u00ea pode adicionar qualquer mensagem, conte\u00fado acima e abaixo do bot\u00e3o e alterar seu tamanho e cores. <\/p> <p><b>Aplique um bot\u00e3o atraente para aumentar as vendas em seu site, atraia mais assinantes para suas contas de m\u00eddia social e muito mais! <\/b><\/p> <\/div> <div class=\"application-platform-content-item-features application-platform-content-item\" id=\"features\" data-nav-section=\"features\"> <h2>Confira a lista dos recursos mais importantes: <\/h2> <ul><li>Alterar cores e fontes<\/li><li>Duas varia\u00e7\u00f5es de layout de bot\u00e3o &#8211; Incorporado e Flutuante<\/li><li>Uma op\u00e7\u00e3o para adicionar conte\u00fado ao redor do seu bot\u00e3o<\/li><li>Um r\u00f3tulo que pode ocupar 2 linhas<\/li><li>Acima oito variantes de cen\u00e1rios ap\u00f3s um clique<\/li><\/ul><p><a href=\"#demo\">Voc\u00ea pode verificar o que o aplicativo oferece experimentando a demonstra\u00e7\u00e3o<\/a><\/p> <\/div> <div class=\"application-platform-content-item-installation application-platform-content-item\" id=\"installation\" data-nav-section=\"installation\"> <h2>Como posso adicionar Button no meu site Wix? <\/h2> <div class=\"video-container\">\n<iframe width=\"720\" height=\"405\" src=\"https:\/\/www.youtube.com\/embed\/hX4Ql0zdoFM?si=kvCKFIUmKrwkiAAt\" frameborder=\"0\" allowfullscreen=\"\"><\/iframe>\n<\/div><p>Basta seguir as instru\u00e7\u00f5es abaixo para ativar a ferramenta. <\/p> <ol><li><b>Abra nosso configurador gratuito e comece a moldar seu aplicativo personalizado. <\/b><br> Escolha o layout selecionado e as caracter\u00edsticas da ferramenta e aplique as modifica\u00e7\u00f5es. <\/li> <li><b>Copie o c\u00f3digo exclusivo que aparece na caixa nas aplica\u00e7\u00f5es Elfsight. <\/b><br> Quando a personaliza\u00e7\u00e3o da sua ferramenta pessoal estiver conclu\u00edda, copie o c\u00f3digo pessoal do pop-up exibido e guarde-o para necessidades futuras. <\/li> <li><b>Inicie o uso do aplicativo em seu site Wix. <\/b><br> Insira o c\u00f3digo salvo anteriormente em sua p\u00e1gina web e aplique as corre\u00e7\u00f5es. <\/li> <li><b>A configura\u00e7\u00e3o foi conclu\u00edda com sucesso. <\/b><br> Visite sua p\u00e1gina para verificar o desempenho do aplicativo. <\/li><\/ol> <p>Se voc\u00ea enfrentar alguma complica\u00e7\u00e3o, n\u00e3o tenha medo de procurar ajuda de nossa equipe de suporte. Nosso pessoal est\u00e1 ansioso para ajud\u00e1-lo com todos os problemas que voc\u00ea possa ter com o widget. <\/p> <div class=\"faq\" data-component=\"FAQ\"><div class=\"faq-item\">\r\n\t\t\t\t\t<div class=\"faq-item-question\">\r\n\t\t\t\t\t\t<h3 class=\"faq-item-question-text\">Como adicionar Button ao meu site Wix sem habilidades de codifica\u00e7\u00e3o?<\/h3>\r\n\r\n\t\t\t\t\t\t<div class=\"faq-item-question-icon\"><\/div>\r\n\t\t\t\t\t<\/div>\r\n\r\n\t\t\t\t\t<div class=\"faq-item-answer\">\r\n\t\t\t\t\t\t<div class=\"faq-item-answer-text\"> <p>A Elfsight fornece uma solu\u00e7\u00e3o SaaS que permite que voc\u00ea mesmo crie um widget Button, veja como o processo \u00e9 f\u00e1cil: Trabalhe diretamente no Editor online para criar um widget de bot\u00e3o que voc\u00ea gostaria de ver em seu site Wix. Escolha um dos modelos predefinidos e ajuste as configura\u00e7\u00f5es do bot\u00e3o, adicione seu conte\u00fado, altere o layout e as cores sem nenhuma habilidade de codifica\u00e7\u00e3o. Salve o bot\u00e3o e copie seu c\u00f3digo de instala\u00e7\u00e3o, para que voc\u00ea possa adicion\u00e1-lo ao seu site Wix sem a necessidade de comprar uma vers\u00e3o paga. Com nosso editor intuitivo, qualquer usu\u00e1rio da Internet pode criar um widget de bot\u00e3o online e incorpor\u00e1-lo facilmente ao seu site Wix. N\u00e3o h\u00e1 necessidade de pagar ou inserir as credenciais do seu cart\u00e3o para acessar o servi\u00e7o. Se voc\u00ea enfrentar qualquer problema em qualquer etapa, n\u00e3o hesite em entrar em contato com nossa equipe de suporte t\u00e9cnico.<\/p> <\/div>\r\n\t\t\t\t\t<\/div>\r\n\t\t\t\t<\/div> <\/div><\/div>","protected":false},"excerpt":{"rendered":"","protected":false},"author":9,"featured_media":0,"parent":1384,"menu_order":0,"comment_status":"closed","ping_status":"closed","template":"templates\/template-application-platform.php","meta":{"publish_to_discourse":"","publish_post_category":"","wpdc_auto_publish_overridden":"","wpdc_topic_tags":"","wpdc_pin_topic":"","wpdc_pin_until":"","discourse_post_id":"","discourse_permalink":"","wpdc_publishing_response":"","wpdc_publishing_error":"","footnotes":""},"class_list":["post-6097","page","type-page","status-publish","hentry"],"yoast_head":"<!-- This site is optimized with the Yoast SEO plugin v25.3.1 - https:\/\/yoast.com\/wordpress\/plugins\/seo\/ -->\n<title>Aplicativo Button Builder - Integrar o aplicativo Button ao Wix ( 2025 )<\/title>\n<meta name=\"description\" content=\"Teste o novo aplicativo Elfsight Button para Wix. Adquira novos seguidores, aumente as vendas e torne a sua empresa ainda mais popular aplicando as ferramentas da Elfsight!\" \/>\n<meta name=\"robots\" content=\"index, follow, max-snippet:-1, max-image-preview:large, max-video-preview:-1\" \/>\n<link rel=\"canonical\" href=\"https:\/\/elfsight.com\/pt\/button-widget\/wix\/\" \/>\n<meta property=\"og:locale\" content=\"pt_PT\" \/>\n<meta property=\"og:type\" content=\"article\" \/>\n<meta property=\"og:title\" content=\"Aplicativo Button Builder - Integrar o aplicativo Button ao Wix ( 2025 )\" \/>\n<meta property=\"og:description\" content=\"Teste o novo aplicativo Elfsight Button para Wix. Adquira novos seguidores, aumente as vendas e torne a sua empresa ainda mais popular aplicando as ferramentas da Elfsight!\" \/>\n<meta property=\"og:url\" content=\"https:\/\/elfsight.com\/pt\/button-widget\/wix\/\" \/>\n<meta property=\"og:site_name\" content=\"Elfsight PT\" \/>\n<meta property=\"article:modified_time\" content=\"2026-01-20T14:52:24+00:00\" \/>\n<meta name=\"twitter:card\" content=\"summary_large_image\" \/>\n<meta name=\"twitter:label1\" content=\"Tempo estimado de leitura\" \/>\n\t<meta name=\"twitter:data1\" content=\"3 minutos\" \/>\n<!-- \/ Yoast SEO plugin. -->","yoast_head_json":{"title":"Aplicativo Button Builder - Integrar o aplicativo Button ao Wix ( 2025 )","description":"Teste o novo aplicativo Elfsight Button para Wix. Adquira novos seguidores, aumente as vendas e torne a sua empresa ainda mais popular aplicando as ferramentas da Elfsight!","robots":{"index":"index","follow":"follow","max-snippet":"max-snippet:-1","max-image-preview":"max-image-preview:large","max-video-preview":"max-video-preview:-1"},"canonical":"https:\/\/elfsight.com\/pt\/button-widget\/wix\/","og_locale":"pt_PT","og_type":"article","og_title":"Aplicativo Button Builder - Integrar o aplicativo Button ao Wix ( 2025 )","og_description":"Teste o novo aplicativo Elfsight Button para Wix. Adquira novos seguidores, aumente as vendas e torne a sua empresa ainda mais popular aplicando as ferramentas da Elfsight!","og_url":"https:\/\/elfsight.com\/pt\/button-widget\/wix\/","og_site_name":"Elfsight PT","article_modified_time":"2026-01-20T14:52:24+00:00","twitter_card":"summary_large_image","twitter_misc":{"Tempo estimado de leitura":"3 minutos"},"schema":{"@context":"https:\/\/schema.org","@graph":[{"@type":"WebPage","@id":"https:\/\/elfsight.com\/pt\/button-widget\/wix\/","url":"https:\/\/elfsight.com\/pt\/button-widget\/wix\/","name":"Aplicativo Button Builder - Integrar o aplicativo Button ao Wix ( 2025 )","isPartOf":{"@id":"https:\/\/elfsight.com\/pt\/#website"},"datePublished":"2024-05-03T06:31:29+00:00","dateModified":"2026-01-20T14:52:24+00:00","description":"Teste o novo aplicativo Elfsight Button para Wix. Adquira novos seguidores, aumente as vendas e torne a sua empresa ainda mais popular aplicando as ferramentas da Elfsight!","breadcrumb":{"@id":"https:\/\/elfsight.com\/pt\/button-widget\/wix\/#breadcrumb"},"inLanguage":"pt-PT","potentialAction":[{"@type":"ReadAction","target":["https:\/\/elfsight.com\/pt\/button-widget\/wix\/"]}]},{"@type":"BreadcrumbList","@id":"https:\/\/elfsight.com\/pt\/button-widget\/wix\/#breadcrumb","itemListElement":[{"@type":"ListItem","position":1,"name":"Home","item":"https:\/\/elfsight.com\/pt\/"},{"@type":"ListItem","position":2,"name":"Button","item":"https:\/\/elfsight.com\/pt\/button-widget\/"},{"@type":"ListItem","position":3,"name":"Button &#8211; Wix"}]},{"@type":"WebSite","@id":"https:\/\/elfsight.com\/pt\/#website","url":"https:\/\/elfsight.com\/pt\/","name":"Elfsight PT","description":"Just another Elfsight Sites site","potentialAction":[{"@type":"SearchAction","target":{"@type":"EntryPoint","urlTemplate":"https:\/\/elfsight.com\/pt\/?s={search_term_string}"},"query-input":{"@type":"PropertyValueSpecification","valueRequired":true,"valueName":"search_term_string"}}],"inLanguage":"pt-PT"}]}},"meta_box":{"industry":"","seo_heading":"","heading":"","description":"","cta_heading":"","cta_description":"","application":"1383","h1":"Aplicativo Wix Button","h1_caption":"Leve seu p\u00fablico direto para a a\u00e7\u00e3o","application_category":[],"applications_title":"","applications_request_title":"","applications_request_button_text":"","hero_text":"","hero_video":"","hero_video_schema_markup":"","selling_points_title":"","selling_points_caption":"","selling_points":[],"selling_points_cta_text":"","features_title":"","features":"","ed_cta_examples_text":"","ed_cta_examples_hidden":"","ed_cta_demo_text":"","ed_cta_demo_hidden":"","why_caption":"","why_editor_title":"","why_editor_text":"","why_team_title":"","why_team_text":"","why_service_title":"","why_service_text":"","template_catalog_visible":"0","template_catalog_title":"","template_catalog_text":"","template_catalog_categories_visible":"","demo_title":"Crie seu aplicativo Button","demo_caption":"Configure seu Button e adicione-o ao seu site Wix gratuitamente!","default_faq_hidden":"","app_template_category":[],"platform":"37","template_public_id":"","codecanyon_url":"","codecanyon_item_id":"","codecanyon_price":"","pricing_caption":"","pricing_elfsight_apps_hide_column":"","pricing_elfsight_apps_url":"","pricing_codecanyon_price_caption":"","integration_category":[],"integration_request_title":"","integration_request_cta":"","integration_platform":"","integrations":[],"platform_category":[],"video_schema_markup":"","price":"a partir de US$ 0\/m\u00eas","trial":"","benefits":[{"text":"Ajuda de instala\u00e7\u00e3o gratuita"},{"text":"Atendimento ao cliente eficaz"},{"text":"Garantia de devolu\u00e7\u00e3o do dinheiro em 14 dias"},{"text":"Atualizando constantemente"}],"button_url":"#demo","button_target_blank":"0","button_nofollow":"0","attributes":[{"name":"Instala\u00e7\u00f5es","content":"10,000 - 100,000"},{"name":"Responsivo","content":"Sim"},{"name":"Navegadores compat\u00edveis","content":"Firefox, Safari, Opera, Chrome, Edge"}],"tags":[],"tags_disable_links":"0","hide_more_platforms":"0","video_object":"","demo_hide_cta":"0","demo_hide_cloud_options":"0","pricing_title":"","pricing":[{"pricing_icon":"platform","pricing_title":"Elfsight Apps","pricing_title_caption":"Vers\u00e3o independente de plataforma","pricing_price":"a partir de US$ 0\/m\u00eas","pricing_price_caption":"comece com um plano gratuito","pricing_benefits":[{"text":"Dom\u00ednios ilimitados"},{"text":"Suporte premium e bem documentado"},{"text":"Suporte premium e bem documentado"},{"text":"Totalmente personaliz\u00e1vel"}],"pricing_button_text":"Adicionar ao site","pricing_button_url":"#demo"}],"related_apps_title":"","related_apps_hidden":"0","author":"","image":[],"title":"","job":"","social_networks":[]},"_links":{"self":[{"href":"https:\/\/elfsight.com\/pt\/wp-json\/wp\/v2\/pages\/6097","targetHints":{"allow":["GET"]}}],"collection":[{"href":"https:\/\/elfsight.com\/pt\/wp-json\/wp\/v2\/pages"}],"about":[{"href":"https:\/\/elfsight.com\/pt\/wp-json\/wp\/v2\/types\/page"}],"author":[{"embeddable":true,"href":"https:\/\/elfsight.com\/pt\/wp-json\/wp\/v2\/users\/9"}],"replies":[{"embeddable":true,"href":"https:\/\/elfsight.com\/pt\/wp-json\/wp\/v2\/comments?post=6097"}],"version-history":[{"count":2,"href":"https:\/\/elfsight.com\/pt\/wp-json\/wp\/v2\/pages\/6097\/revisions"}],"predecessor-version":[{"id":15217,"href":"https:\/\/elfsight.com\/pt\/wp-json\/wp\/v2\/pages\/6097\/revisions\/15217"}],"up":[{"embeddable":true,"href":"https:\/\/elfsight.com\/pt\/wp-json\/wp\/v2\/pages\/1384"}],"wp:attachment":[{"href":"https:\/\/elfsight.com\/pt\/wp-json\/wp\/v2\/media?parent=6097"}],"curies":[{"name":"wp","href":"https:\/\/api.w.org\/{rel}","templated":true}]}}