{"id":6081,"date":"2024-05-03T06:31:21","date_gmt":"2024-05-03T06:31:21","guid":{"rendered":"https:\/\/elfsight.com\/pt\/?page_id=6081"},"modified":"2025-03-04T13:38:05","modified_gmt":"2025-03-04T13:38:05","slug":"squarespace","status":"publish","type":"page","link":"https:\/\/elfsight.com\/pt\/business-hours-widget\/squarespace\/","title":{"rendered":"Business Hours &#8211; Squarespace"},"content":{"rendered":"\n<div class=\"application-platform-content-item-description application-platform-content-item\" id=\"description\" data-nav-section=\"description\"> <h2>Incorpore o hor\u00e1rio comercial no Squarespace com um plugin Elfsight<\/h2> <p>O Elfsight Business Hours for Squarespace \u00e9 um widget simples que ajuda voc\u00ea a projete um lindo cart\u00e3o de visita com os principais dados da sua atividade. Voc\u00ea pode exibir informa\u00e7\u00f5es sobre seu status de trabalho e ativar contatos para seus clientes. O widget permite projetar designs f\u00e1ceis de usar, para que os clientes possam explorar facilmente todas as informa\u00e7\u00f5es necess\u00e1rias, de forma breve ou detalhada.<\/p><p>O maravilhoso widget inclui alguns modelos, para que voc\u00ea possa escolher livremente. a melhor op\u00e7\u00e3o para o seu site. Cada modelo possui configura\u00e7\u00f5es flex\u00edveis para permitir que voc\u00ea crie uma solu\u00e7\u00e3o pessoal com as op\u00e7\u00f5es necess\u00e1rias, como bot\u00f5es de pedido e registro. Incorporar o hor\u00e1rio de trabalho e os contatos da sua empresa em seu site \u00e9 absolutamente f\u00e1cil com a Elfsight devido aos tutoriais e diretrizes claros. Qualquer propriet\u00e1rio de site pode criar e incorporar o hor\u00e1rio comercial sem c\u00f3digo gratuitamente<\/p><p><b>Adicione detalhes comerciais ao seu site para aumentar as convers\u00f5es e a fidelidade do cliente. Compartilhe informa\u00e7\u00f5es importantes sobre seu hor\u00e1rio de atividade de forma clara no site. <\/b><\/p><p>Com este widget incorporado ao seu site do Squarespace, voc\u00ea pode deixar seus clientes mais informados sobre seus per\u00edodos de trabalho e obter vendas regulares. Explore alguns dos benef\u00edcios mais evidentes para o seu site ao adicionar o widget de hor\u00e1rio de trabalho a ele.<\/p><ul><li><b>Deixe que seus clientes estejam sempre atualizados.<\/b> Aumente as vendas, enquanto estando sempre presente nos hor\u00e1rios correspondentes. Os visitantes do seu site se lembrar\u00e3o dos hor\u00e1rios de disponibilidade e ficar\u00e3o mais convencidos a realizar uma compra bem-sucedida quando estiverem prontos. <\/li><li><b>Evite confus\u00e3o em rela\u00e7\u00e3o ao seu hor\u00e1rio de trabalho.<\/b> Mostrar os seus hor\u00e1rios de trabalho corretos aos clientes os tornar\u00e1 mais fi\u00e9is ao seu neg\u00f3cio, pois poder\u00e3o planejar uma reserva ou uma visita ao seu neg\u00f3cio. voc\u00ea. Isso garantir\u00e1 mais vendas.<\/li><li><b>Exiba os contatos de maneira conveniente.<\/b> Adicionar os contatos ao hor\u00e1rio comercial sem c\u00f3digo permite que voc\u00ea crie uma comunica\u00e7\u00e3o melhor com seu p\u00fablico e agilize as vendas. Demonstre que voc\u00ea est\u00e1 aqui para responder \u00e0s suas d\u00favidas sobre seus produtos e servi\u00e7os, gerando mais confian\u00e7a e aprova\u00e7\u00e3o. <\/li><\/ul><div class=\"faq\" data-component=\"FAQ\"><div class=\"faq-item\">\r\n\t\t\t\t\t<div class=\"faq-item-question\">\r\n\t\t\t\t\t\t<h3 class=\"faq-item-question-text\">Existem outros plug-ins para o Squarespace que eu possa usar no meu site?<\/h3>\r\n\r\n\t\t\t\t\t\t<div class=\"faq-item-question-icon\"><\/div>\r\n\t\t\t\t\t<\/div>\r\n\r\n\t\t\t\t\t<div class=\"faq-item-answer\">\r\n\t\t\t\t\t\t<div class=\"faq-item-answer-text\">Podemos fornecer muitos plug-ins que funcionam perfeitamente para voc\u00ea atingir qualquer tipo de objetivo em seu site e aumentar as vendas. Por exemplo, experimente aplicativos como: <a href=\"https:\/\/elfsight.com\/google-reviews-widget\/squarespace\/\" target=\"_blank\" rel=\"noopener\">Google Reviews<\/a>, <a href=\"https:\/\/elfsight.com\/whatsapp-chat-widget\/squarespace\/\" target=\"_blank\" rel=\"noopener\">Bate-papo do WhatsApp<\/a>, <a href=\"https:\/\/elfsight.com\/event-calendar-widget\/squarespace\/\" target=\"_blank\" rel=\"noopener\">Calend\u00e1rio de eventos<\/a>, <a href=\"https:\/\/elfsight.com\/countdown-timer-widget\/squarespace\/\" target=\"_blank\" rel=\"noopener\">Temporizador de contagem regressiva<\/a>, <a href=\"https:\/\/elfsight.com\/qr-code-widget\/squarespace\/\" target=\"_blank\" rel=\"noopener\">C\u00f3digo QR<\/a>. <\/div>\r\n\t\t\t\t\t<\/div>\r\n\t\t\t\t<\/div><div class=\"faq-item\">\r\n\t\t\t\t\t<div class=\"faq-item-question\">\r\n\t\t\t\t\t\t<h3 class=\"faq-item-question-text\">Como posso me beneficiar da adi\u00e7\u00e3o do hor\u00e1rio comercial sem c\u00f3digo ao site do Squarespace?<\/h3>\r\n\r\n\t\t\t\t\t\t<div class=\"faq-item-question-icon\"><\/div>\r\n\t\t\t\t\t<\/div>\r\n\r\n\t\t\t\t\t<div class=\"faq-item-answer\">\r\n\t\t\t\t\t\t<div class=\"faq-item-answer-text\">Voc\u00ea acessa v\u00e1rios cen\u00e1rios para melhorar as estat\u00edsticas de convers\u00e3o e vendas com o hor\u00e1rio comercial sem c\u00f3digo. Com os modelos da Elfsight para este excelente aplicativo, voc\u00ea pode escolher t\u00e1ticas de neg\u00f3cios personalizadas. Voc\u00ea pode mostrar informa\u00e7\u00f5es detalhadas sobre seu hor\u00e1rio de funcionamento e formas de entrar em contato com voc\u00ea ou apenas incorporar um pop-up minimalista de status de atividade no site. Voc\u00ea pode formar cart\u00f5es de contato com nosso aplicativo e coloc\u00e1-los nas \u00e1reas preferidas do site para atrair a aten\u00e7\u00e3o e informar os clientes sobre o status do seu neg\u00f3cio e atividade de vendas. <\/div>\r\n\t\t\t\t\t<\/div>\r\n\t\t\t\t<\/div><div class=\"faq-item\">\r\n\t\t\t\t\t<div class=\"faq-item-question\">\r\n\t\t\t\t\t\t<h3 class=\"faq-item-question-text\">Como incorporar o hor\u00e1rio comercial sem c\u00f3digo gratuitamente no Squarespace?<\/h3>\r\n\r\n\t\t\t\t\t\t<div class=\"faq-item-question-icon\"><\/div>\r\n\t\t\t\t\t<\/div>\r\n\r\n\t\t\t\t\t<div class=\"faq-item-answer\">\r\n\t\t\t\t\t\t<div class=\"faq-item-answer-text\">Integrar um plug-in de hor\u00e1rio comercial sem c\u00f3digo em seu site do Squarespace \u00e9 uma \u00f3tima maneira de iniciar a comunica\u00e7\u00e3o com os clientes e contar a eles sobre seu hor\u00e1rio e status v\u00e1lidos. Aqui voc\u00ea pode ver os tutoriais sobre como adicionar o plugin de hor\u00e1rio comercial ao seu site. <ol><li>Para adicionar um plugin Elfsight Business Hours gratuitamente ao Squarespace, acesse o site da Elfsight e inscreva-se.<\/li> <li>Ajuste o plugin adaptando sua apar\u00eancia e configura\u00e7\u00f5es para combinar com o design do seu site .<\/li> <li>Depois de ajustar o plug-in de hor\u00e1rio comercial, copie o c\u00f3digo fornecido e cole-o onde deseja que o plug-in seja exibido.<\/li>Ao adicionar seu hor\u00e1rio comercial ao site do Squarespace, voc\u00ea Definitivamente aumentar\u00e1 sua atratividade visual e aumentar\u00e1 o envolvimento cont\u00ednuo dos visitantes juntamente com as taxas de receita. Experimente as vantagens do plugin Elfsight Business Hours no seu site! <\/ol><\/div>\r\n\t\t\t\t\t<\/div>\r\n\t\t\t\t<\/div><\/div><\/div><div class=\"application-platform-content-item-features application-platform-content-item\" id=\"features\" data-nav-section=\"features\"> <h2>Explore a lista dos recursos mais importantes:<\/h2> <ul><li>Mostre o desempenho atual do seu neg\u00f3cio status de trabalho<\/li><li>Ajuste simples de hor\u00e1rio <\/li><li>Configura\u00e7\u00e3o de ocasi\u00f5es especiais<\/li><li>Estado atual da empresa<\/li><li>Gr\u00e1fico de hor\u00e1rio comercial inser\u00edvel ou status de espa\u00e7o eficiente<\/li><\/ul><p><a href=\"#demo\">Experimente todas as configura\u00e7\u00f5es na demonstra\u00e7\u00e3o totalmente funcional<\/a><\/p> <\/div> <div class=\"application-platform-content-item-installation application-platform-content-item\" id=\"installation\" data-nav-section=\"installation\"> <h2>Como posso incorporar o hor\u00e1rio comercial ao meu site do Squarespace?<\/h2><p>Basta seguir as instru\u00e7\u00f5es abaixo para incorporar o plug-in.<\/p> <ol><li><b>Inicie nosso editor e comece a criar seu hor\u00e1rio de atividade personalizado plugar. <\/b><br> Especifique a apar\u00eancia personalizada e as caracter\u00edsticas funcionais do plugin e fa\u00e7a as corre\u00e7\u00f5es desejadas. <\/li> <li><b>Copie o c\u00f3digo pessoal incorporado que aparece no formul\u00e1rio especial nas aplica\u00e7\u00f5es Elfsight.<\/b><br> Logo ap\u00f3s a cria\u00e7\u00e3o do seu plugin, copie o c\u00f3digo individual na janela que aparece. e guarde-o para necessidades futuras. <\/li> <li><b>Comece a usar o aplicativo adicionado ao seu site.<\/b><br> Insira o c\u00f3digo que voc\u00ea recebeu anteriormente na p\u00e1gina inicial do Squarespace e salve as corre\u00e7\u00f5es. <\/li> <li><b>Conclu\u00eddo! A configura\u00e7\u00e3o do seu hor\u00e1rio comercial sem c\u00f3digo est\u00e1 totalmente realizada.<\/b><br> Acesse seu site para ver em a\u00e7\u00e3o o desempenho do plugin atraindo clientes e vendas. <\/li><\/ol> <p>Supondo que voc\u00ea tenha alguma complica\u00e7\u00e3o com este widget do Squarespace, entre em contato com nossa equipe de suporte. Nossos consultores ter\u00e3o prazer em ajud\u00e1-lo com todas as dificuldades que voc\u00ea possa ter com o widget. <\/p><\/div>\n","protected":false},"excerpt":{"rendered":"","protected":false},"author":9,"featured_media":0,"parent":5170,"menu_order":0,"comment_status":"closed","ping_status":"closed","template":"templates\/template-application-platform.php","meta":{"publish_to_discourse":"","publish_post_category":"","wpdc_auto_publish_overridden":"","wpdc_topic_tags":"","wpdc_pin_topic":"","wpdc_pin_until":"","discourse_post_id":"","discourse_permalink":"","wpdc_publishing_response":"","wpdc_publishing_error":"","footnotes":""},"class_list":["post-6081","page","type-page","status-publish","hentry"],"yoast_head":"<!-- This site is optimized with the Yoast SEO plugin v25.3.1 - https:\/\/yoast.com\/wordpress\/plugins\/seo\/ -->\n<title>Adicionar hor\u00e1rio comercial ao Squarespace - incorporar hor\u00e1rio nas p\u00e1ginas<\/title>\n<meta name=\"description\" content=\"Incorpore um widget personaliz\u00e1vel de hor\u00e1rio comercial no Squarespace para mostrar o status atual. Forme seu aplicativo de hor\u00e1rio de opera\u00e7\u00e3o pessoal na demonstra\u00e7\u00e3o.\" \/>\n<meta name=\"robots\" content=\"index, follow, max-snippet:-1, max-image-preview:large, max-video-preview:-1\" \/>\n<link rel=\"canonical\" href=\"https:\/\/elfsight.com\/pt\/business-hours-widget\/squarespace\/\" \/>\n<meta property=\"og:locale\" content=\"pt_PT\" \/>\n<meta property=\"og:type\" content=\"article\" \/>\n<meta property=\"og:title\" content=\"Adicionar hor\u00e1rio comercial ao Squarespace - incorporar hor\u00e1rio nas p\u00e1ginas\" \/>\n<meta property=\"og:description\" content=\"Incorpore um widget personaliz\u00e1vel de hor\u00e1rio comercial no Squarespace para mostrar o status atual. Forme seu aplicativo de hor\u00e1rio de opera\u00e7\u00e3o pessoal na demonstra\u00e7\u00e3o.\" \/>\n<meta property=\"og:url\" content=\"https:\/\/elfsight.com\/pt\/business-hours-widget\/squarespace\/\" \/>\n<meta property=\"og:site_name\" content=\"Elfsight PT\" \/>\n<meta property=\"article:modified_time\" content=\"2025-03-04T13:38:05+00:00\" \/>\n<meta name=\"twitter:card\" content=\"summary_large_image\" \/>\n<meta name=\"twitter:label1\" content=\"Tempo estimado de leitura\" \/>\n\t<meta name=\"twitter:data1\" content=\"5 minutos\" \/>\n<!-- \/ Yoast SEO plugin. -->","yoast_head_json":{"title":"Adicionar hor\u00e1rio comercial ao Squarespace - incorporar hor\u00e1rio nas p\u00e1ginas","description":"Incorpore um widget personaliz\u00e1vel de hor\u00e1rio comercial no Squarespace para mostrar o status atual. Forme seu aplicativo de hor\u00e1rio de opera\u00e7\u00e3o pessoal na demonstra\u00e7\u00e3o.","robots":{"index":"index","follow":"follow","max-snippet":"max-snippet:-1","max-image-preview":"max-image-preview:large","max-video-preview":"max-video-preview:-1"},"canonical":"https:\/\/elfsight.com\/pt\/business-hours-widget\/squarespace\/","og_locale":"pt_PT","og_type":"article","og_title":"Adicionar hor\u00e1rio comercial ao Squarespace - incorporar hor\u00e1rio nas p\u00e1ginas","og_description":"Incorpore um widget personaliz\u00e1vel de hor\u00e1rio comercial no Squarespace para mostrar o status atual. Forme seu aplicativo de hor\u00e1rio de opera\u00e7\u00e3o pessoal na demonstra\u00e7\u00e3o.","og_url":"https:\/\/elfsight.com\/pt\/business-hours-widget\/squarespace\/","og_site_name":"Elfsight PT","article_modified_time":"2025-03-04T13:38:05+00:00","twitter_card":"summary_large_image","twitter_misc":{"Tempo estimado de leitura":"5 minutos"},"schema":{"@context":"https:\/\/schema.org","@graph":[{"@type":"WebPage","@id":"https:\/\/elfsight.com\/pt\/business-hours-widget\/squarespace\/","url":"https:\/\/elfsight.com\/pt\/business-hours-widget\/squarespace\/","name":"Adicionar hor\u00e1rio comercial ao Squarespace - incorporar hor\u00e1rio nas p\u00e1ginas","isPartOf":{"@id":"https:\/\/elfsight.com\/pt\/#website"},"datePublished":"2024-05-03T06:31:21+00:00","dateModified":"2025-03-04T13:38:05+00:00","description":"Incorpore um widget personaliz\u00e1vel de hor\u00e1rio comercial no Squarespace para mostrar o status atual. Forme seu aplicativo de hor\u00e1rio de opera\u00e7\u00e3o pessoal na demonstra\u00e7\u00e3o.","breadcrumb":{"@id":"https:\/\/elfsight.com\/pt\/business-hours-widget\/squarespace\/#breadcrumb"},"inLanguage":"pt-PT","potentialAction":[{"@type":"ReadAction","target":["https:\/\/elfsight.com\/pt\/business-hours-widget\/squarespace\/"]}]},{"@type":"BreadcrumbList","@id":"https:\/\/elfsight.com\/pt\/business-hours-widget\/squarespace\/#breadcrumb","itemListElement":[{"@type":"ListItem","position":1,"name":"Home","item":"https:\/\/elfsight.com\/pt\/"},{"@type":"ListItem","position":2,"name":"Business Hours","item":"https:\/\/elfsight.com\/pt\/business-hours-widget\/"},{"@type":"ListItem","position":3,"name":"Business Hours &#8211; Squarespace"}]},{"@type":"WebSite","@id":"https:\/\/elfsight.com\/pt\/#website","url":"https:\/\/elfsight.com\/pt\/","name":"Elfsight PT","description":"Just another Elfsight Sites site","potentialAction":[{"@type":"SearchAction","target":{"@type":"EntryPoint","urlTemplate":"https:\/\/elfsight.com\/pt\/?s={search_term_string}"},"query-input":{"@type":"PropertyValueSpecification","valueRequired":true,"valueName":"search_term_string"}}],"inLanguage":"pt-PT"}]}},"meta_box":{"industry":"","seo_heading":"","heading":"","description":"","cta_heading":"","cta_description":"","application":"5161","h1":"Plug-in de hor\u00e1rio comercial do Squarespace","h1_caption":"Anuncie sua programa\u00e7\u00e3o e compartilhe contatos com os clientes","application_category":[],"applications_title":"","applications_request_title":"","applications_request_button_text":"","hero_text":"","hero_video":"","hero_video_schema_markup":"","selling_points_title":"","selling_points_caption":"","selling_points":[],"selling_points_cta_text":"","features_title":"","features":"","ed_cta_examples_text":"","ed_cta_examples_hidden":"","ed_cta_demo_text":"","ed_cta_demo_hidden":"","why_caption":"","why_editor_title":"","why_editor_text":"","why_team_title":"","why_team_text":"","why_service_title":"","why_service_text":"","template_catalog_visible":"0","template_catalog_title":"","template_catalog_text":"","template_catalog_categories_visible":"","demo_title":"Crie seu plugin de hor\u00e1rio comercial","demo_caption":"Configure seu hor\u00e1rio comercial e adicione-o ao seu site do Squarespace gratuitamente!","default_faq_hidden":"","app_template_category":[],"platform":"67","template_public_id":"","codecanyon_url":"","codecanyon_item_id":"","codecanyon_price":"","pricing_caption":"","pricing_elfsight_apps_hide_column":"","pricing_elfsight_apps_url":"","pricing_codecanyon_price_caption":"","integration_category":[],"integration_request_title":"","integration_request_cta":"","integration_platform":"","integrations":[],"platform_category":[],"video_schema_markup":"","price":"a partir de US$ 0\/m\u00eas","trial":"","benefits":[{"text":"Servi\u00e7o de instala\u00e7\u00e3o gratuito"},{"text":"Suporte premium"},{"text":"Garantia de devolu\u00e7\u00e3o do dinheiro em 14 dias"},{"text":"Atualiza\u00e7\u00f5es gratuitas vital\u00edcias"}],"button_url":"#demo","button_target_blank":"0","button_nofollow":"0","attributes":[{"name":"Instala\u00e7\u00f5es","content":"10,000 - 100,000"},{"name":"Responsivo","content":"Sim"},{"name":"Navegadores compat\u00edveis","content":"Firefox, Safari, Opera, Chrome, Edge"}],"tags":[],"tags_disable_links":"0","hide_more_platforms":"0","video_object":"","demo_hide_cta":"0","demo_hide_cloud_options":"0","pricing_title":"","pricing":[{"pricing_icon":"platform","pricing_title":"Elfsight Apps","pricing_title_caption":"Software multiplataforma que funciona em qualquer site","pricing_price":"a partir de US$ 0\/m\u00eas","pricing_price_caption":"comece com um plano gratuito","pricing_benefits":[{"text":"Sites ilimitados"},{"text":"Suporte ao cliente premium"},{"text":"Suporte ao cliente premium"},{"text":"Totalmente personaliz\u00e1vel"}],"pricing_button_text":"Adicionar ao site","pricing_button_url":"#demo"}],"related_apps_title":"","related_apps_hidden":"0","author":"","image":[],"title":"","job":"","social_networks":[]},"_links":{"self":[{"href":"https:\/\/elfsight.com\/pt\/wp-json\/wp\/v2\/pages\/6081","targetHints":{"allow":["GET"]}}],"collection":[{"href":"https:\/\/elfsight.com\/pt\/wp-json\/wp\/v2\/pages"}],"about":[{"href":"https:\/\/elfsight.com\/pt\/wp-json\/wp\/v2\/types\/page"}],"author":[{"embeddable":true,"href":"https:\/\/elfsight.com\/pt\/wp-json\/wp\/v2\/users\/9"}],"replies":[{"embeddable":true,"href":"https:\/\/elfsight.com\/pt\/wp-json\/wp\/v2\/comments?post=6081"}],"version-history":[{"count":2,"href":"https:\/\/elfsight.com\/pt\/wp-json\/wp\/v2\/pages\/6081\/revisions"}],"predecessor-version":[{"id":14363,"href":"https:\/\/elfsight.com\/pt\/wp-json\/wp\/v2\/pages\/6081\/revisions\/14363"}],"up":[{"embeddable":true,"href":"https:\/\/elfsight.com\/pt\/wp-json\/wp\/v2\/pages\/5170"}],"wp:attachment":[{"href":"https:\/\/elfsight.com\/pt\/wp-json\/wp\/v2\/media?parent=6081"}],"curies":[{"name":"wp","href":"https:\/\/api.w.org\/{rel}","templated":true}]}}