{"id":6080,"date":"2024-05-03T06:31:20","date_gmt":"2024-05-03T06:31:20","guid":{"rendered":"https:\/\/elfsight.com\/pt\/?page_id=6080"},"modified":"2025-03-04T13:29:17","modified_gmt":"2025-03-04T13:29:17","slug":"elementor","status":"publish","type":"page","link":"https:\/\/elfsight.com\/pt\/business-hours-widget\/elementor\/","title":{"rendered":"Business Hours &#8211; Elementor"},"content":{"rendered":"\n<div class=\"application-platform-content-item-description application-platform-content-item\" id=\"description\" data-nav-section=\"description\"> <h2>Incorporar hor\u00e1rio comercial no Elementor com um widget Elfsight<\/h2> <p>Elfsight Business Hours for Elementor \u00e9 um widget simples sem c\u00f3digo que permite voc\u00ea crie um cart\u00e3o de visita atraente contendo os detalhes mais importantes sobre o seu trabalho. Voc\u00ea pode compartilhar informa\u00e7\u00f5es sobre o status atual do seu neg\u00f3cio e fornecer contatos para seus clientes. O widget permite projetar designs f\u00e1ceis de usar, para que os clientes possam encontrar facilmente todas as informa\u00e7\u00f5es necess\u00e1rias de forma breve ou mais detalhada. <\/p><p>O excelente widget oferece diversos templates, para que voc\u00ea possa selecionar a op\u00e7\u00e3o mais eficiente para o seu site. Cada modelo possui configura\u00e7\u00f5es flex\u00edveis para ajud\u00e1-lo a criar um widget pessoal com elementos necess\u00e1rios, como bot\u00f5es de pedido e registro, que aumentam as vendas. Adicionar os per\u00edodos de trabalho e os dados de contacto da sua empresa ao seu site \u00e9 absolutamente f\u00e1cil com a Elfsight devido aos tutoriais e instru\u00e7\u00f5es claros. Qualquer usu\u00e1rio pode desenvolver e incorporar o widget de hor\u00e1rio comercial sem c\u00f3digo<\/p> <p><b>Integre detalhes comerciais ao seu site para aumentar as vendas e a fidelidade do cliente. Forne\u00e7a informa\u00e7\u00f5es importantes sobre seus per\u00edodos de trabalho de maneira organizada.<\/b><\/p> <p>Com esta solu\u00e7\u00e3o incorporada ao seu site Elementor, voc\u00ea pode tornar seu p\u00fablico mais consciente de seus processos e garantir vendas aprimoradas. Descubra alguns dos maiores resultados positivos para o seu site ao adicionar o widget de hor\u00e1rio de trabalho gratuito a ele. <\/p><ul><li><b>Deixar que os clientes estejam sempre na hora certa.<\/b> Aumentar as vendas, por estar constantemente presente dentro dos per\u00edodos de trabalho indicados. Os visitantes do seu site se lembrar\u00e3o dos hor\u00e1rios de disponibilidade e ficar\u00e3o mais confiantes para fazer uma compra bem-sucedida quando estiverem prontos. <\/li><li><b>Evite confus\u00e3o sobre seu hor\u00e1rio de trabalho.<\/b> Mostrar seu hor\u00e1rio de trabalho decente aos clientes no site os tornar\u00e1 mais leais \u00e0 sua organiza\u00e7\u00e3o, pois eles poder\u00e3o planejar uma reserva ou uma visita a voc\u00ea. <\/li><li><b>Forne\u00e7a informa\u00e7\u00f5es de contato de maneira conveniente.<\/b> Adicionar as informa\u00e7\u00f5es de contato ao seu widget de hor\u00e1rio de opera\u00e7\u00e3o sem c\u00f3digo permite que voc\u00ea fa\u00e7a vendas mais rapidamente. Mostre que voc\u00ea est\u00e1 aqui para responder \u00e0s suas preocupa\u00e7\u00f5es sobre os produtos e servi\u00e7os do seu neg\u00f3cio, resultando em mais lealdade e respeito. <\/li><\/ul><div class=\"faq\" data-component=\"FAQ\"><div class=\"faq-item\">\r\n\t\t\t\t\t<div class=\"faq-item-question\">\r\n\t\t\t\t\t\t<h3 class=\"faq-item-question-text\">Existe algum outro plugin para Elementor que eu possa incorporar em meu site?<\/h3>\r\n\r\n\t\t\t\t\t\t<div class=\"faq-item-question-icon\"><\/div>\r\n\t\t\t\t\t<\/div>\r\n\r\n\t\t\t\t\t<div class=\"faq-item-answer\">\r\n\t\t\t\t\t\t<div class=\"faq-item-answer-text\">Podemos conceder v\u00e1rios plugins para voc\u00ea atingir qualquer tipo de objetivo em seu local na rede Internet. Aqui est\u00e3o alguns exemplos: <a href=\"https:\/\/elfsight.com\/google-reviews-widget\/elementor\/\" target=\"_blank\" rel=\"noopener\">Google Reviews<\/a>, <a href=\"https:\/\/elfsight.com\/whatsapp-chat-widget\/elementor\/\" target=\"_blank\" rel=\"noopener\">Bate-papo do WhatsApp<\/a>, <a href=\"https:\/\/elfsight.com\/event-calendar-widget\/elementor\/\" target=\"_blank\" rel=\"noopener\">Calend\u00e1rio de eventos<\/a>, <a href=\"https:\/\/elfsight.com\/countdown-timer-widget\/elementor\/\" target=\" _blank\" rel=\"noopener\">Temporizador de contagem regressiva<\/a>, <a href=\"https:\/\/elfsight.com\/qr-code-widget\/elementor\/\" target=\"_blank\" rel=\"noopener\">C\u00f3digo QR<\/a>. <\/div>\r\n\t\t\t\t\t<\/div>\r\n\t\t\t\t<\/div><div class=\"faq-item\">\r\n\t\t\t\t\t<div class=\"faq-item-question\">\r\n\t\t\t\t\t\t<h3 class=\"faq-item-question-text\">Como posso obter resultados com hor\u00e1rio comercial no Elementor?<\/h3>\r\n\r\n\t\t\t\t\t\t<div class=\"faq-item-question-icon\"><\/div>\r\n\t\t\t\t\t<\/div>\r\n\r\n\t\t\t\t\t<div class=\"faq-item-answer\">\r\n\t\t\t\t\t\t<div class=\"faq-item-answer-text\">Voc\u00ea acessa muitas maneiras de melhorar as taxas de convers\u00e3o e resultados de vendas adicionando um plugin de hor\u00e1rio comercial. Com os modelos da Elfsight para este maravilhoso plugin para websites, pode-se escolher uma estrat\u00e9gia de neg\u00f3cio individual. Voc\u00ea pode demonstrar informa\u00e7\u00f5es detalhadas sobre seu hor\u00e1rio de trabalho e formas de entrar em contato com voc\u00ea ou simplesmente colocar uma barra de status operacional minimalista. Voc\u00ea pode formar cart\u00f5es de contato com seu plugin de hor\u00e1rio de funcionamento e adicion\u00e1-los aos locais desejados do site para atrair a aten\u00e7\u00e3o e informar os clientes sobre sua atividade comercial para inspirar vendas. <\/div>\r\n\t\t\t\t\t<\/div>\r\n\t\t\t\t<\/div><div class=\"faq-item\">\r\n\t\t\t\t\t<div class=\"faq-item-question\">\r\n\t\t\t\t\t\t<h3 class=\"faq-item-question-text\">Como incorporar hor\u00e1rio comercial gratuitamente em sites Elementor?<\/h3>\r\n\r\n\t\t\t\t\t\t<div class=\"faq-item-question-icon\"><\/div>\r\n\t\t\t\t\t<\/div>\r\n\r\n\t\t\t\t\t<div class=\"faq-item-answer\">\r\n\t\t\t\t\t\t<div class=\"faq-item-answer-text\">Incorporar um hor\u00e1rio comercial em seu site Elementor \u00e9 um m\u00e9todo perfeito para iniciar a comunica\u00e7\u00e3o com os visitantes e inform\u00e1-los sobre seu hor\u00e1rio v\u00e1lido e status para fazer vendas ou oferta de servi\u00e7os. Abaixo est\u00e3o os tutoriais sobre como adicionar o plugin de hor\u00e1rio de opera\u00e7\u00e3o sem c\u00f3digo ao seu site. <ol><li>Quando precisar incorporar um hor\u00e1rio comercial da Elfsight gratuitamente no Elementor, acesse o site da Elfsight e inscreva-se. <\/li><li>Crie o plugin gratuito de horas de atividade adaptando sua apar\u00eancia e configura\u00e7\u00f5es para se adequar ao design do seu site Elementor. <\/li><li>Ao ajustar seu hor\u00e1rio comercial, copie o c\u00f3digo gerado e cole-o em seu site Elementor onde deseja que o plugin apare\u00e7a. <\/li><\/ol>Ao adicionar o hor\u00e1rio comercial ao seu site Elementor, voc\u00ea definitivamente aumentar\u00e1 sua atratividade visual e inspirar\u00e1 o envolvimento sustent\u00e1vel do cliente. Experimente os benef\u00edcios do plugin Elfsight Business Hours sem nenhum custo para voc\u00ea! <\/div>\r\n\t\t\t\t\t<\/div>\r\n\t\t\t\t<\/div><\/div><\/div><div class=\"application-platform-content-item-features application-platform-content-item\" id=\"features\" data-nav-section=\"features\"> <h2>O widget oferece recursos \u00fateis e descomplicados, aqui est\u00e3o alguns deles:<\/h2> <ul><li>Mostre seu neg\u00f3cio &#8216; status em tempo real<\/li><li>Ajuste simples do per\u00edodo de trabalho <\/li><li>Configura\u00e7\u00e3o de dias especiais<\/li><li>Indica\u00e7\u00e3o de atividade em tempo real<\/li><li>Tabela incorpor\u00e1vel ou status compacto <\/li><\/ul><p><a href=\"#demo\">Experimente esta demonstra\u00e7\u00e3o para ver quanto vale o widget<\/a><\/p><\/div> <div class=\"application-platform-content-item-installation application-platform-content-item\" id=\"installation\" data-nav-section=\"installation\"> <h2>Como incorporo o hor\u00e1rio comercial em meu site Elementor?<\/h2> <p>Basta aplicar as instru\u00e7\u00f5es abaixo para integrar o plugin aos seus per\u00edodos de disponibilidade.<\/p> <ol><li><b> Utilize nossa demonstra\u00e7\u00e3o e comece a criar seu plug-in sem c\u00f3digo personalizado.<\/b><br> Especifique o layout e as especifica\u00e7\u00f5es preferidos do plug-in e salve as modifica\u00e7\u00f5es. <\/li> <li><b>Receba o c\u00f3digo individual que aparece na janela dos aplicativos Elfsight.<\/b><br> Quando o widget de horas de opera\u00e7\u00e3o sem c\u00f3digo terminar, copie o c\u00f3digo da janela exibida e salve isto. <\/li> <li><b>Comece a usar o plugin em seu site Elementor.<\/b><br> Integre o c\u00f3digo que voc\u00ea copiou recentemente em sua p\u00e1gina inicial e salve os ajustes. <\/li> <li><b>Conclu\u00eddo! A incorpora\u00e7\u00e3o do seu hor\u00e1rio comercial sem c\u00f3digo foi realizada com sucesso.<\/b><br> Visite seu site para ver como o aplicativo de hor\u00e1rio comercial adicionado est\u00e1 funcionando. <\/li><\/ol> <p>Caso voc\u00ea encontre alguma complica\u00e7\u00e3o, n\u00e3o tenha medo de entrar em contato com nossa equipe de atendimento ao cliente. Nossos consultores ter\u00e3o prazer em ajud\u00e1-lo com todas as d\u00favidas que voc\u00ea possa ter com o plugin para Elementor. <\/p><\/div>\n","protected":false},"excerpt":{"rendered":"","protected":false},"author":9,"featured_media":0,"parent":5170,"menu_order":0,"comment_status":"closed","ping_status":"closed","template":"templates\/template-application-platform.php","meta":{"publish_to_discourse":"","publish_post_category":"","wpdc_auto_publish_overridden":"","wpdc_topic_tags":"","wpdc_pin_topic":"","wpdc_pin_until":"","discourse_post_id":"","discourse_permalink":"","wpdc_publishing_response":"","wpdc_publishing_error":"","footnotes":""},"class_list":["post-6080","page","type-page","status-publish","hentry"],"yoast_head":"<!-- This site is optimized with the Yoast SEO plugin v25.3.1 - https:\/\/yoast.com\/wordpress\/plugins\/seo\/ -->\n<title>Adicionar hor\u00e1rio comercial ao Elementor - incorporar detalhes de contato no site<\/title>\n<meta name=\"description\" content=\"Integre um aplicativo de hor\u00e1rio comercial ajust\u00e1vel ao Elementor para mostrar o status de sua atividade. Crie seu hor\u00e1rio de opera\u00e7\u00e3o pessoal na demonstra\u00e7\u00e3o.\" \/>\n<meta name=\"robots\" content=\"index, follow, max-snippet:-1, max-image-preview:large, max-video-preview:-1\" \/>\n<link rel=\"canonical\" href=\"https:\/\/elfsight.com\/pt\/business-hours-widget\/elementor\/\" \/>\n<meta property=\"og:locale\" content=\"pt_PT\" \/>\n<meta property=\"og:type\" content=\"article\" \/>\n<meta property=\"og:title\" content=\"Adicionar hor\u00e1rio comercial ao Elementor - incorporar detalhes de contato no site\" \/>\n<meta property=\"og:description\" content=\"Integre um aplicativo de hor\u00e1rio comercial ajust\u00e1vel ao Elementor para mostrar o status de sua atividade. Crie seu hor\u00e1rio de opera\u00e7\u00e3o pessoal na demonstra\u00e7\u00e3o.\" \/>\n<meta property=\"og:url\" content=\"https:\/\/elfsight.com\/pt\/business-hours-widget\/elementor\/\" \/>\n<meta property=\"og:site_name\" content=\"Elfsight PT\" \/>\n<meta property=\"article:modified_time\" content=\"2025-03-04T13:29:17+00:00\" \/>\n<meta name=\"twitter:card\" content=\"summary_large_image\" \/>\n<meta name=\"twitter:label1\" content=\"Tempo estimado de leitura\" \/>\n\t<meta name=\"twitter:data1\" content=\"5 minutos\" \/>\n<!-- \/ Yoast SEO plugin. -->","yoast_head_json":{"title":"Adicionar hor\u00e1rio comercial ao Elementor - incorporar detalhes de contato no site","description":"Integre um aplicativo de hor\u00e1rio comercial ajust\u00e1vel ao Elementor para mostrar o status de sua atividade. Crie seu hor\u00e1rio de opera\u00e7\u00e3o pessoal na demonstra\u00e7\u00e3o.","robots":{"index":"index","follow":"follow","max-snippet":"max-snippet:-1","max-image-preview":"max-image-preview:large","max-video-preview":"max-video-preview:-1"},"canonical":"https:\/\/elfsight.com\/pt\/business-hours-widget\/elementor\/","og_locale":"pt_PT","og_type":"article","og_title":"Adicionar hor\u00e1rio comercial ao Elementor - incorporar detalhes de contato no site","og_description":"Integre um aplicativo de hor\u00e1rio comercial ajust\u00e1vel ao Elementor para mostrar o status de sua atividade. Crie seu hor\u00e1rio de opera\u00e7\u00e3o pessoal na demonstra\u00e7\u00e3o.","og_url":"https:\/\/elfsight.com\/pt\/business-hours-widget\/elementor\/","og_site_name":"Elfsight PT","article_modified_time":"2025-03-04T13:29:17+00:00","twitter_card":"summary_large_image","twitter_misc":{"Tempo estimado de leitura":"5 minutos"},"schema":{"@context":"https:\/\/schema.org","@graph":[{"@type":"WebPage","@id":"https:\/\/elfsight.com\/pt\/business-hours-widget\/elementor\/","url":"https:\/\/elfsight.com\/pt\/business-hours-widget\/elementor\/","name":"Adicionar hor\u00e1rio comercial ao Elementor - incorporar detalhes de contato no site","isPartOf":{"@id":"https:\/\/elfsight.com\/pt\/#website"},"datePublished":"2024-05-03T06:31:20+00:00","dateModified":"2025-03-04T13:29:17+00:00","description":"Integre um aplicativo de hor\u00e1rio comercial ajust\u00e1vel ao Elementor para mostrar o status de sua atividade. Crie seu hor\u00e1rio de opera\u00e7\u00e3o pessoal na demonstra\u00e7\u00e3o.","breadcrumb":{"@id":"https:\/\/elfsight.com\/pt\/business-hours-widget\/elementor\/#breadcrumb"},"inLanguage":"pt-PT","potentialAction":[{"@type":"ReadAction","target":["https:\/\/elfsight.com\/pt\/business-hours-widget\/elementor\/"]}]},{"@type":"BreadcrumbList","@id":"https:\/\/elfsight.com\/pt\/business-hours-widget\/elementor\/#breadcrumb","itemListElement":[{"@type":"ListItem","position":1,"name":"Home","item":"https:\/\/elfsight.com\/pt\/"},{"@type":"ListItem","position":2,"name":"Business Hours","item":"https:\/\/elfsight.com\/pt\/business-hours-widget\/"},{"@type":"ListItem","position":3,"name":"Business Hours &#8211; Elementor"}]},{"@type":"WebSite","@id":"https:\/\/elfsight.com\/pt\/#website","url":"https:\/\/elfsight.com\/pt\/","name":"Elfsight PT","description":"Just another Elfsight Sites site","potentialAction":[{"@type":"SearchAction","target":{"@type":"EntryPoint","urlTemplate":"https:\/\/elfsight.com\/pt\/?s={search_term_string}"},"query-input":{"@type":"PropertyValueSpecification","valueRequired":true,"valueName":"search_term_string"}}],"inLanguage":"pt-PT"}]}},"meta_box":{"industry":"","seo_heading":"","heading":"","description":"","cta_heading":"","cta_description":"","application":"5161","h1":"Widget de hor\u00e1rio comercial Elementor","h1_caption":"Informe os clientes sobre sua programa\u00e7\u00e3o e forne\u00e7a detalhes de contato","application_category":[],"applications_title":"","applications_request_title":"","applications_request_button_text":"","hero_text":"","hero_video":"","hero_video_schema_markup":"","selling_points_title":"","selling_points_caption":"","selling_points":[],"selling_points_cta_text":"","features_title":"","features":"","ed_cta_examples_text":"","ed_cta_examples_hidden":"","ed_cta_demo_text":"","ed_cta_demo_hidden":"","why_caption":"","why_editor_title":"","why_editor_text":"","why_team_title":"","why_team_text":"","why_service_title":"","why_service_text":"","template_catalog_visible":"0","template_catalog_title":"","template_catalog_text":"","template_catalog_categories_visible":"","demo_title":"Crie seu widget de hor\u00e1rio comercial","demo_caption":"Configure seu hor\u00e1rio comercial e adicione-o ao seu site Elementor gratuitamente!","default_faq_hidden":"","app_template_category":[],"platform":"100","template_public_id":"","codecanyon_url":"","codecanyon_item_id":"","codecanyon_price":"","pricing_caption":"","pricing_elfsight_apps_hide_column":"","pricing_elfsight_apps_url":"","pricing_codecanyon_price_caption":"","integration_category":[],"integration_request_title":"","integration_request_cta":"","integration_platform":"","integrations":[],"platform_category":[],"video_schema_markup":"","price":"a partir de US$ 0\/m\u00eas","trial":"","benefits":[{"text":"Ajuda de instala\u00e7\u00e3o gratuita"},{"text":"Suporte premium"},{"text":"Garantia de devolu\u00e7\u00e3o do dinheiro em 14 dias"},{"text":"Atualizando constantemente"}],"button_url":"#demo","button_target_blank":"0","button_nofollow":"0","attributes":[{"name":"Instala\u00e7\u00f5es","content":"10,000 - 100,000"},{"name":"Responsivo","content":"Sim"},{"name":"Navegadores compat\u00edveis","content":"Firefox, Safari, Opera, Chrome, Edge"}],"tags":[],"tags_disable_links":"0","hide_more_platforms":"0","video_object":"","demo_hide_cta":"0","demo_hide_cloud_options":"0","pricing_title":"","pricing":[{"pricing_icon":"platform","pricing_title":"Elfsight Apps","pricing_title_caption":"Software independente de plataforma que funciona em qualquer site","pricing_price":"a partir de US$ 0\/m\u00eas","pricing_price_caption":"comece com um plano gratuito","pricing_benefits":[{"text":"Sites ilimitados"},{"text":"Suporte premium e pontual"},{"text":"Suporte premium e pontual"},{"text":"Totalmente personaliz\u00e1vel"}],"pricing_button_text":"Adicionar ao site","pricing_button_url":"#demo"}],"related_apps_title":"","related_apps_hidden":"0","author":"","image":[],"title":"","job":"","social_networks":[]},"_links":{"self":[{"href":"https:\/\/elfsight.com\/pt\/wp-json\/wp\/v2\/pages\/6080","targetHints":{"allow":["GET"]}}],"collection":[{"href":"https:\/\/elfsight.com\/pt\/wp-json\/wp\/v2\/pages"}],"about":[{"href":"https:\/\/elfsight.com\/pt\/wp-json\/wp\/v2\/types\/page"}],"author":[{"embeddable":true,"href":"https:\/\/elfsight.com\/pt\/wp-json\/wp\/v2\/users\/9"}],"replies":[{"embeddable":true,"href":"https:\/\/elfsight.com\/pt\/wp-json\/wp\/v2\/comments?post=6080"}],"version-history":[{"count":2,"href":"https:\/\/elfsight.com\/pt\/wp-json\/wp\/v2\/pages\/6080\/revisions"}],"predecessor-version":[{"id":14356,"href":"https:\/\/elfsight.com\/pt\/wp-json\/wp\/v2\/pages\/6080\/revisions\/14356"}],"up":[{"embeddable":true,"href":"https:\/\/elfsight.com\/pt\/wp-json\/wp\/v2\/pages\/5170"}],"wp:attachment":[{"href":"https:\/\/elfsight.com\/pt\/wp-json\/wp\/v2\/media?parent=6080"}],"curies":[{"name":"wp","href":"https:\/\/api.w.org\/{rel}","templated":true}]}}