{"id":6079,"date":"2024-05-03T06:31:19","date_gmt":"2024-05-03T06:31:19","guid":{"rendered":"https:\/\/elfsight.com\/pt\/?page_id=6079"},"modified":"2025-03-04T13:50:37","modified_gmt":"2025-03-04T13:50:37","slug":"godaddy","status":"publish","type":"page","link":"https:\/\/elfsight.com\/pt\/business-hours-widget\/godaddy\/","title":{"rendered":"Business Hours &#8211; GoDaddy"},"content":{"rendered":"\n<div class=\"application-platform-content-item-description application-platform-content-item\" id=\"description\" data-nav-section=\"description\"> <h2>Incorpore o hor\u00e1rio comercial no GoDaddy com um plugin Elfsight<\/h2> <p>O Elfsight Business Hours for GoDaddy \u00e9 um widget simples sem c\u00f3digo que permite voc\u00ea forma um lindo cart\u00e3o de visita contendo os principais momentos da sua atividade. Voc\u00ea pode compartilhar informa\u00e7\u00f5es sobre o status do seu neg\u00f3cio e fornecer contatos para seus clientes. O widget permite que voc\u00ea crie designs convenientes, para que os clientes possam examinar facilmente todas as informa\u00e7\u00f5es necess\u00e1rias de forma breve ou mais detalhada. <\/p><p>O excelente widget inclui alguns modelos, para que voc\u00ea possa escolher a op\u00e7\u00e3o mais adequada para o seu site. Cada modelo apresenta configura\u00e7\u00f5es flex\u00edveis para ajud\u00e1-lo a criar um widget pessoal com op\u00e7\u00f5es necess\u00e1rias, como chat e bot\u00f5es de compartilhamento, que aumentam as vendas. Integrar o hor\u00e1rio de trabalho e os seus contactos nas p\u00e1ginas do seu site \u00e9 muito simples, com a Elfsight a oferecer tutoriais e orienta\u00e7\u00f5es claras. Qualquer propriet\u00e1rio de site pode desenvolver e adicionar o widget de hor\u00e1rio comercial sem c\u00f3digo gratuitamente<\/p> <p><b>Adicione detalhes comerciais ao seu site para aumentar as taxas de vendas e a fidelidade do cliente. Compartilhe informa\u00e7\u00f5es significativas sobre seus per\u00edodos de trabalho de maneira organizada. <\/b><\/p> <p>Com esse widget incorporado ao seu site GoDaddy, voc\u00ea pode conscientizar seu p\u00fablico-alvo sobre a programa\u00e7\u00e3o do seu neg\u00f3cio e aumentar as vendas. Descubra algumas das principais vantagens para o seu site depois de incorporar nele o widget de hor\u00e1rio de trabalho sem c\u00f3digo. <\/p><ul><li><b>Permita que os seus clientes sejam sempre pontuais.<\/b> Aumente as vendas, atrav\u00e9s do contacto constante nos per\u00edodos de trabalho indicados. Os visitantes do seu site se preocupar\u00e3o com a sua disponibilidade e ficar\u00e3o mais decididos a fazer uma compra bem-sucedida quando necess\u00e1rio. <\/li><li><b>Evite confus\u00e3o sobre seu hor\u00e1rio de trabalho.<\/b> Mostrar seu hor\u00e1rio de funcionamento direto aos clientes no site os tornar\u00e1 mais leais \u00e0 sua empresa, pois poder\u00e3o planejar uma reserva ou uma visita a voc\u00ea. <\/li><li><b>Compartilhe contatos de maneira clara.<\/b> Adicionar as informa\u00e7\u00f5es de contato ao widget de hor\u00e1rio de opera\u00e7\u00e3o sem c\u00f3digo permite que voc\u00ea se comunique melhor com os visitantes do seu site e agilize as vendas. Demonstre que voc\u00ea est\u00e1 aqui para tirar suas d\u00favidas sobre os produtos e servi\u00e7os do seu neg\u00f3cio, resultando em mais confian\u00e7a e prest\u00edgio. <\/li><\/ul><div class=\"faq\" data-component=\"FAQ\"><div class=\"faq-item\">\r\n\t\t\t\t\t<div class=\"faq-item-question\">\r\n\t\t\t\t\t\t<h3 class=\"faq-item-question-text\">H\u00e1 algum outro plug-in para GoDaddy que eu possa incorporar ao meu site?<\/h3>\r\n\r\n\t\t\t\t\t\t<div class=\"faq-item-question-icon\"><\/div>\r\n\t\t\t\t\t<\/div>\r\n\r\n\t\t\t\t\t<div class=\"faq-item-answer\">\r\n\t\t\t\t\t\t<div class=\"faq-item-answer-text\">Podemos oferecer v\u00e1rios plug-ins para atender a qualquer tipo de tarefa em seu local na rede Internet. Aqui est\u00e3o v\u00e1rios exemplos: <a href=\"https:\/\/elfsight.com\/google-reviews-widget\/godaddy\/\" target=\"_blank\" rel=\"noopener\">Google Reviews<\/a>, <a href=\"https:\/\/elfsight.com\/whatsapp-chat-widget\/godaddy\/\" target=\"_blank\" rel=\"noopener\">Bate-papo do WhatsApp<\/a>, <a href=\"https:\/\/elfsight.com\/event-calendar-widget\/godaddy\/\" target=\"_blank\" rel=\"noopener\">Calend\u00e1rio de eventos<\/a>, <a href=\"https:\/\/elfsight.com\/countdown-timer-widget\/godaddy\/\" target=\" _blank\" rel=\"noopener\">Temporizador de contagem regressiva<\/a>, <a href=\"https:\/\/elfsight.com\/qr-code-widget\/godaddy\/\" target=\"_blank\" rel=\"noopener\">C\u00f3digo QR <\/a>. <\/div>\r\n\t\t\t\t\t<\/div>\r\n\t\t\t\t<\/div><div class=\"faq-item\">\r\n\t\t\t\t\t<div class=\"faq-item-question\">\r\n\t\t\t\t\t\t<h3 class=\"faq-item-question-text\">Como posso obter resultados com o hor\u00e1rio comercial no GoDaddy?<\/h3>\r\n\r\n\t\t\t\t\t\t<div class=\"faq-item-question-icon\"><\/div>\r\n\t\t\t\t\t<\/div>\r\n\r\n\t\t\t\t\t<div class=\"faq-item-answer\">\r\n\t\t\t\t\t\t<div class=\"faq-item-answer-text\">Voc\u00ea acessa muitas maneiras de aumentar as taxas de sucesso e vendas adicionando um plug-in de hor\u00e1rio comercial. Com os modelos da Elfsight para este plugin interessante para websites, pode-se descobrir uma solu\u00e7\u00e3o pessoal. Voc\u00ea pode mostrar informa\u00e7\u00f5es detalhadas sobre seus hor\u00e1rios de disponibilidade e formas de entrar em contato com voc\u00ea ou apenas usar uma barra de status atual minimalista. Voc\u00ea pode formar cart\u00f5es de contato com seu plugin de hor\u00e1rio comercial e adicion\u00e1-los aos locais necess\u00e1rios do site para chamar a aten\u00e7\u00e3o e informar os clientes sobre sua atividade para inspirar vendas. <\/div>\r\n\t\t\t\t\t<\/div>\r\n\t\t\t\t<\/div><div class=\"faq-item\">\r\n\t\t\t\t\t<div class=\"faq-item-question\">\r\n\t\t\t\t\t\t<h3 class=\"faq-item-question-text\">Como incorporar hor\u00e1rio comercial sem c\u00f3digo gratuitamente em sites GoDaddy?<\/h3>\r\n\r\n\t\t\t\t\t\t<div class=\"faq-item-question-icon\"><\/div>\r\n\t\t\t\t\t<\/div>\r\n\r\n\t\t\t\t\t<div class=\"faq-item-answer\">\r\n\t\t\t\t\t\t<div class=\"faq-item-answer-text\">Incorpore um plug-in de hor\u00e1rio comercial em seu site GoDaddy para informar os clientes sobre sua disponibilidade e garantir vendas. Aqui voc\u00ea pode ver os tutoriais sobre como adicionar o plugin de hor\u00e1rio de funcionamento gratuito ao seu site. <ol><li>Para incorporar o hor\u00e1rio comercial da Elfsight gratuitamente no GoDaddy, acesse o site da Elfsight e crie uma conta. <\/li><li>Crie o hor\u00e1rio comercial adaptando sua apar\u00eancia e configura\u00e7\u00f5es para combinar com o tema do seu site GoDaddy. <\/li><li>Ao definir seu hor\u00e1rio comercial, copie o snippet de c\u00f3digo gerado e cole-o no site GoDaddy onde deseja que o plugin apare\u00e7a. <\/li><\/ol>Ao adicionar o hor\u00e1rio comercial ao seu site GoDaddy, voc\u00ea certamente aumentar\u00e1 sua atratividade visual e inspirar\u00e1 a fidelidade cont\u00ednua do cliente. Sinta os benef\u00edcios do hor\u00e1rio comercial da Elfsight sem nenhum custo para voc\u00ea! <\/div>\r\n\t\t\t\t\t<\/div>\r\n\t\t\t\t<\/div><\/div><\/div><div class=\"application-platform-content-item-features application-platform-content-item\" id=\"features\" data-nav-section=\"features\"> <h2>O widget inclui recursos pr\u00e1ticos e f\u00e1ceis, veja alguns deles:<\/h2> <ul><li>Mostre a realidade real da sua empresa -status de tempo<\/li><li>Ajuste f\u00e1cil do per\u00edodo de trabalho <\/li><li>Configura\u00e7\u00e3o de ocasi\u00f5es especiais<\/li><li>Indica\u00e7\u00e3o de atividade em tempo real<\/li><li>Gr\u00e1fico inser\u00edvel ou status de espa\u00e7o eficiente <\/li><\/ul><p><a href=\"#demo\">Voc\u00ea pode descobrir todas as funcionalidades do widget na demonstra\u00e7\u00e3o nesta p\u00e1gina<\/a><\/p><\/div> <div class=\"application-platform-content-item-installation application-platform-content-item\" id=\"installation\" data-nav-section=\"installation\"> <h2>Como incorporo o hor\u00e1rio comercial em meu site GoDaddy?<\/h2> <p>Basta seguir estas etapas descritas abaixo para ativar o plug-in com seu hor\u00e1rio de trabalho.<\/p> <ol><li><b>Use nosso configurador e comece a moldar seu plugin exclusivo.<\/b><br> Especifique a interface e as caracter\u00edsticas desejadas do aplicativo e aplique as corre\u00e7\u00f5es. <\/li> <li><b>Obtenha o c\u00f3digo exclusivo exposto na caixa dos aplicativos Elfsight.<\/b><br> Ap\u00f3s a configura\u00e7\u00e3o do seu plug-in pessoal de horas de opera\u00e7\u00e3o sem c\u00f3digo, copie o c\u00f3digo pessoal no janela exibida e salve-a para uso posterior. <\/li> <li><b>Comece a usar o plug-in na sua p\u00e1gina da GoDaddy.<\/b><br> Cole o c\u00f3digo copiado anteriormente na sua p\u00e1gina da web e salve as melhorias. <\/li> <li><b>A configura\u00e7\u00e3o do seu hor\u00e1rio comercial sem c\u00f3digo foi realizada com sucesso.<\/b><br> Visite seu site para inspecionar o desempenho do aplicativo de hor\u00e1rio de opera\u00e7\u00e3o adicionado. <\/li><\/ol> <p>Supondo que voc\u00ea tenha alguma complica\u00e7\u00e3o, n\u00e3o hesite em entrar em contato com nossa equipe de atendimento ao cliente. Nossos consultores desejam resolver todos os problemas que voc\u00ea possa ter com o plugin do GoDaddy. <\/p> <\/div>\n","protected":false},"excerpt":{"rendered":"","protected":false},"author":9,"featured_media":0,"parent":5170,"menu_order":0,"comment_status":"closed","ping_status":"closed","template":"templates\/template-application-platform.php","meta":{"publish_to_discourse":"","publish_post_category":"","wpdc_auto_publish_overridden":"","wpdc_topic_tags":"","wpdc_pin_topic":"","wpdc_pin_until":"","discourse_post_id":"","discourse_permalink":"","wpdc_publishing_response":"","wpdc_publishing_error":"","footnotes":""},"class_list":["post-6079","page","type-page","status-publish","hentry"],"yoast_head":"<!-- This site is optimized with the Yoast SEO plugin v25.3.1 - https:\/\/yoast.com\/wordpress\/plugins\/seo\/ -->\n<title>Adicionar hor\u00e1rio comercial ao GoDaddy - incorporar hor\u00e1rio de funcionamento no local<\/title>\n<meta name=\"description\" content=\"Incorpore um widget personaliz\u00e1vel de hor\u00e1rio comercial no GoDaddy para apresentar seu status. Crie seu hor\u00e1rio de trabalho pessoal usando a demonstra\u00e7\u00e3o.\" \/>\n<meta name=\"robots\" content=\"index, follow, max-snippet:-1, max-image-preview:large, max-video-preview:-1\" \/>\n<link rel=\"canonical\" href=\"https:\/\/elfsight.com\/pt\/business-hours-widget\/godaddy\/\" \/>\n<meta property=\"og:locale\" content=\"pt_PT\" \/>\n<meta property=\"og:type\" content=\"article\" \/>\n<meta property=\"og:title\" content=\"Adicionar hor\u00e1rio comercial ao GoDaddy - incorporar hor\u00e1rio de funcionamento no local\" \/>\n<meta property=\"og:description\" content=\"Incorpore um widget personaliz\u00e1vel de hor\u00e1rio comercial no GoDaddy para apresentar seu status. Crie seu hor\u00e1rio de trabalho pessoal usando a demonstra\u00e7\u00e3o.\" \/>\n<meta property=\"og:url\" content=\"https:\/\/elfsight.com\/pt\/business-hours-widget\/godaddy\/\" \/>\n<meta property=\"og:site_name\" content=\"Elfsight PT\" \/>\n<meta property=\"article:modified_time\" content=\"2025-03-04T13:50:37+00:00\" \/>\n<meta name=\"twitter:card\" content=\"summary_large_image\" \/>\n<meta name=\"twitter:label1\" content=\"Tempo estimado de leitura\" \/>\n\t<meta name=\"twitter:data1\" content=\"5 minutos\" \/>\n<!-- \/ Yoast SEO plugin. -->","yoast_head_json":{"title":"Adicionar hor\u00e1rio comercial ao GoDaddy - incorporar hor\u00e1rio de funcionamento no local","description":"Incorpore um widget personaliz\u00e1vel de hor\u00e1rio comercial no GoDaddy para apresentar seu status. Crie seu hor\u00e1rio de trabalho pessoal usando a demonstra\u00e7\u00e3o.","robots":{"index":"index","follow":"follow","max-snippet":"max-snippet:-1","max-image-preview":"max-image-preview:large","max-video-preview":"max-video-preview:-1"},"canonical":"https:\/\/elfsight.com\/pt\/business-hours-widget\/godaddy\/","og_locale":"pt_PT","og_type":"article","og_title":"Adicionar hor\u00e1rio comercial ao GoDaddy - incorporar hor\u00e1rio de funcionamento no local","og_description":"Incorpore um widget personaliz\u00e1vel de hor\u00e1rio comercial no GoDaddy para apresentar seu status. Crie seu hor\u00e1rio de trabalho pessoal usando a demonstra\u00e7\u00e3o.","og_url":"https:\/\/elfsight.com\/pt\/business-hours-widget\/godaddy\/","og_site_name":"Elfsight PT","article_modified_time":"2025-03-04T13:50:37+00:00","twitter_card":"summary_large_image","twitter_misc":{"Tempo estimado de leitura":"5 minutos"},"schema":{"@context":"https:\/\/schema.org","@graph":[{"@type":"WebPage","@id":"https:\/\/elfsight.com\/pt\/business-hours-widget\/godaddy\/","url":"https:\/\/elfsight.com\/pt\/business-hours-widget\/godaddy\/","name":"Adicionar hor\u00e1rio comercial ao GoDaddy - incorporar hor\u00e1rio de funcionamento no local","isPartOf":{"@id":"https:\/\/elfsight.com\/pt\/#website"},"datePublished":"2024-05-03T06:31:19+00:00","dateModified":"2025-03-04T13:50:37+00:00","description":"Incorpore um widget personaliz\u00e1vel de hor\u00e1rio comercial no GoDaddy para apresentar seu status. Crie seu hor\u00e1rio de trabalho pessoal usando a demonstra\u00e7\u00e3o.","breadcrumb":{"@id":"https:\/\/elfsight.com\/pt\/business-hours-widget\/godaddy\/#breadcrumb"},"inLanguage":"pt-PT","potentialAction":[{"@type":"ReadAction","target":["https:\/\/elfsight.com\/pt\/business-hours-widget\/godaddy\/"]}]},{"@type":"BreadcrumbList","@id":"https:\/\/elfsight.com\/pt\/business-hours-widget\/godaddy\/#breadcrumb","itemListElement":[{"@type":"ListItem","position":1,"name":"Home","item":"https:\/\/elfsight.com\/pt\/"},{"@type":"ListItem","position":2,"name":"Business Hours","item":"https:\/\/elfsight.com\/pt\/business-hours-widget\/"},{"@type":"ListItem","position":3,"name":"Business Hours &#8211; GoDaddy"}]},{"@type":"WebSite","@id":"https:\/\/elfsight.com\/pt\/#website","url":"https:\/\/elfsight.com\/pt\/","name":"Elfsight PT","description":"Just another Elfsight Sites site","potentialAction":[{"@type":"SearchAction","target":{"@type":"EntryPoint","urlTemplate":"https:\/\/elfsight.com\/pt\/?s={search_term_string}"},"query-input":{"@type":"PropertyValueSpecification","valueRequired":true,"valueName":"search_term_string"}}],"inLanguage":"pt-PT"}]}},"meta_box":{"industry":"","seo_heading":"","heading":"","description":"","cta_heading":"","cta_description":"","application":"5161","h1":"Plug-in de hor\u00e1rio comercial GoDaddy","h1_caption":"Informe aos visitantes sobre sua disponibilidade e exiba detalhes de contato","application_category":[],"applications_title":"","applications_request_title":"","applications_request_button_text":"","hero_text":"","hero_video":"","hero_video_schema_markup":"","selling_points_title":"","selling_points_caption":"","selling_points":[],"selling_points_cta_text":"","features_title":"","features":"","ed_cta_examples_text":"","ed_cta_examples_hidden":"","ed_cta_demo_text":"","ed_cta_demo_hidden":"","why_caption":"","why_editor_title":"","why_editor_text":"","why_team_title":"","why_team_text":"","why_service_title":"","why_service_text":"","template_catalog_visible":"0","template_catalog_title":"","template_catalog_text":"","template_catalog_categories_visible":"","demo_title":"Crie seu plugin de hor\u00e1rio comercial","demo_caption":"Configure seu hor\u00e1rio comercial e adicione-o ao seu site GoDaddy gratuitamente!","default_faq_hidden":"","app_template_category":[],"platform":"4908","template_public_id":"","codecanyon_url":"","codecanyon_item_id":"","codecanyon_price":"","pricing_caption":"","pricing_elfsight_apps_hide_column":"","pricing_elfsight_apps_url":"","pricing_codecanyon_price_caption":"","integration_category":[],"integration_request_title":"","integration_request_cta":"","integration_platform":"","integrations":[],"platform_category":[],"video_schema_markup":"","price":"a partir de US$ 0\/m\u00eas","trial":"","benefits":[{"text":"Assist\u00eancia de instala\u00e7\u00e3o gratuita"},{"text":"Atendimento ao cliente profissional"},{"text":"Garantia de devolu\u00e7\u00e3o do dinheiro em 14 dias"},{"text":"Atualiza\u00e7\u00f5es futuras"}],"button_url":"#demo","button_target_blank":"0","button_nofollow":"0","attributes":[{"name":"Instala\u00e7\u00f5es","content":"10,000 - 100,000"},{"name":"Responsivo","content":"Sim"},{"name":"Navegadores compat\u00edveis","content":"Firefox, Safari, Opera, Chrome, Edge"}],"tags":[],"tags_disable_links":"0","hide_more_platforms":"0","video_object":"","demo_hide_cta":"0","demo_hide_cloud_options":"0","pricing_title":"","pricing":[{"pricing_icon":"platform","pricing_title":"Elfsight Apps","pricing_title_caption":"Vers\u00e3o multiplataforma adequada para qualquer site","pricing_price":"a partir de US$ 0\/m\u00eas","pricing_price_caption":"comece com um plano gratuito","pricing_benefits":[{"text":"Sites ilimitados"},{"text":"Suporte profissional ao cliente"},{"text":"Suporte profissional ao cliente"},{"text":"Totalmente personaliz\u00e1vel"}],"pricing_button_text":"Adicionar ao site","pricing_button_url":"#demo"}],"related_apps_title":"","related_apps_hidden":"0","author":"","image":[],"title":"","job":"","social_networks":[]},"_links":{"self":[{"href":"https:\/\/elfsight.com\/pt\/wp-json\/wp\/v2\/pages\/6079","targetHints":{"allow":["GET"]}}],"collection":[{"href":"https:\/\/elfsight.com\/pt\/wp-json\/wp\/v2\/pages"}],"about":[{"href":"https:\/\/elfsight.com\/pt\/wp-json\/wp\/v2\/types\/page"}],"author":[{"embeddable":true,"href":"https:\/\/elfsight.com\/pt\/wp-json\/wp\/v2\/users\/9"}],"replies":[{"embeddable":true,"href":"https:\/\/elfsight.com\/pt\/wp-json\/wp\/v2\/comments?post=6079"}],"version-history":[{"count":2,"href":"https:\/\/elfsight.com\/pt\/wp-json\/wp\/v2\/pages\/6079\/revisions"}],"predecessor-version":[{"id":14371,"href":"https:\/\/elfsight.com\/pt\/wp-json\/wp\/v2\/pages\/6079\/revisions\/14371"}],"up":[{"embeddable":true,"href":"https:\/\/elfsight.com\/pt\/wp-json\/wp\/v2\/pages\/5170"}],"wp:attachment":[{"href":"https:\/\/elfsight.com\/pt\/wp-json\/wp\/v2\/media?parent=6079"}],"curies":[{"name":"wp","href":"https:\/\/api.w.org\/{rel}","templated":true}]}}