{"id":6074,"date":"2024-05-03T06:31:18","date_gmt":"2024-05-03T06:31:18","guid":{"rendered":"https:\/\/elfsight.com\/pt\/?page_id=6074"},"modified":"2025-03-04T13:49:29","modified_gmt":"2025-03-04T13:49:29","slug":"google-sites","status":"publish","type":"page","link":"https:\/\/elfsight.com\/pt\/business-hours-widget\/google-sites\/","title":{"rendered":"Business Hours &#8211; Google Sites"},"content":{"rendered":"\n<div class=\"application-platform-content-item-description application-platform-content-item\" id=\"description\" data-nav-section=\"description\"> <h2>Incorpore o hor\u00e1rio comercial no Google Sites com um plug-in Elfsight<\/h2> <p>O hor\u00e1rio comercial da Elfsight para Google Sites \u00e9 simples e sem c\u00f3digo widget que permite formar um atraente cart\u00e3o de visita contendo os dados mais importantes sobre sua organiza\u00e7\u00e3o. Voc\u00ea pode exibir informa\u00e7\u00f5es sobre seu status operacional atual e habilitar contatos para seus clientes. O widget permite criar designs f\u00e1ceis de usar, para que os visitantes possam examinar facilmente todas as informa\u00e7\u00f5es necess\u00e1rias de forma breve ou mais detalhada. <\/p><p>O widget oferece diversos modelos, para que voc\u00ea possa selecionar a op\u00e7\u00e3o mais eficiente para o seu site. Cada modelo oferece configura\u00e7\u00f5es para ajud\u00e1-lo a formar um widget com as op\u00e7\u00f5es necess\u00e1rias que aumentam as vendas. Incorporar os per\u00edodos de trabalho e os detalhes de contato da sua organiza\u00e7\u00e3o nas p\u00e1ginas do seu site \u00e9 extremamente simples com a Elfsight devido aos tutoriais e guias f\u00e1ceis de seguir. Qualquer usu\u00e1rio pode criar e adicionar o widget de hor\u00e1rio comercial sem c\u00f3digo gratuitamente<\/p> <p><b>Adicione detalhes comerciais \u00e0s suas p\u00e1ginas para aumentar as taxas de vendas e a satisfa\u00e7\u00e3o do cliente. Exiba informa\u00e7\u00f5es importantes sobre a sua atividade de forma organizada com o widget da Elfsight.<\/b><\/p> <p>Use este widget incorporado no site do Google Sites, informando o seu p\u00fablico sobre o seu neg\u00f3cio e obtendo vendas regulares. Aprenda sobre alguns dos resultados positivos mais comuns para o seu site depois de incorporar o widget de hor\u00e1rio de trabalho sem c\u00f3digo nele. <\/p><ul><li><b>Deixe que seus clientes estejam sempre na hora certa.<\/b> Aumente as vendas, estando constantemente presente no hor\u00e1rio de trabalho correspondente. Os visitantes do seu site perceber\u00e3o o hor\u00e1rio de funcionamento e ficar\u00e3o mais decididos a realizar uma compra bem-sucedida quando estiverem prontos. <\/li><li><b>Evite mal-entendidos sobre seu hor\u00e1rio de trabalho.<\/b> Fornecer seu hor\u00e1rio de trabalho direto aos visitantes do site os tornar\u00e1 mais leais \u00e0 sua organiza\u00e7\u00e3o, pois eles poder\u00e3o planejar uma reserva ou uma visita a voc\u00ea. <\/li><li><b>Forne\u00e7a contatos de maneira clara.<\/b> Adicionar as informa\u00e7\u00f5es de contato ao seu widget de hor\u00e1rio de opera\u00e7\u00e3o sem c\u00f3digo cria a comunica\u00e7\u00e3o com seu p\u00fablico e agiliza as vendas. Mostre que voc\u00ea est\u00e1 pronto para responder \u00e0s d\u00favidas deles sobre o seu neg\u00f3cio, resultando em mais confian\u00e7a e respeito. <\/li><\/ul><div class=\"faq\" data-component=\"FAQ\"><div class=\"faq-item\">\r\n\t\t\t\t\t<div class=\"faq-item-question\">\r\n\t\t\t\t\t\t<h3 class=\"faq-item-question-text\">Voc\u00ea tem algum outro plug-in para o Google Sites que eu possa usar em meu site para obter melhores vendas?<\/h3>\r\n\r\n\t\t\t\t\t\t<div class=\"faq-item-question-icon\"><\/div>\r\n\t\t\t\t\t<\/div>\r\n\r\n\t\t\t\t\t<div class=\"faq-item-answer\">\r\n\t\t\t\t\t\t<div class=\"faq-item-answer-text\">Podemos conceder muitos plug-ins para voc\u00ea obter qualquer tipo de objetivo em seu site. Veja voc\u00ea mesmo: <a href=\"https:\/\/elfsight.com\/google-reviews-widget\/google-sites\/\" target=\"_blank\" rel=\"noopener\">Google Reviews<\/a>, <a href=\"https:\/\/elfsight.com\/whatsapp-chat-widget\/google-sites\/\" target=\"_blank\" rel=\"noopener\">Bate-papo do WhatsApp<\/a>, <a href=\"https:\/\/elfsight.com\/event-calendar-widget\/google-sites\/\" target=\"_blank\" rel=\"noopener\">Calend\u00e1rio de eventos<\/a>, <a href=\"https:\/\/elfsight.com\/countdown-timer-widget\/google -sites\/\" target=\"_blank\" rel=\"noopener\">Temporizador de contagem regressiva<\/a>, <a href=\"https:\/\/elfsight.com\/qr-code-widget\/google-sites\/\" target=\"_blank \" rel=\"noopener\">C\u00f3digo QR<\/a>. <\/div>\r\n\t\t\t\t\t<\/div>\r\n\t\t\t\t<\/div><div class=\"faq-item\">\r\n\t\t\t\t\t<div class=\"faq-item-question\">\r\n\t\t\t\t\t\t<h3 class=\"faq-item-question-text\">Como posso usar o hor\u00e1rio comercial no Google Sites?<\/h3>\r\n\r\n\t\t\t\t\t\t<div class=\"faq-item-question-icon\"><\/div>\r\n\t\t\t\t\t<\/div>\r\n\r\n\t\t\t\t\t<div class=\"faq-item-answer\">\r\n\t\t\t\t\t\t<div class=\"faq-item-answer-text\">Voc\u00ea acessa v\u00e1rias maneiras de melhorar os resultados de vendas por meio da integra\u00e7\u00e3o de um plug-in de hor\u00e1rio comercial. Com os modelos da Elfsight para este plugin interessante para sites, \u00e9 poss\u00edvel construir t\u00e1ticas de neg\u00f3cios personalizadas. Voc\u00ea pode demonstrar informa\u00e7\u00f5es ampliadas sobre seu hor\u00e1rio de trabalho e ferramentas para estabelecer comunica\u00e7\u00e3o com voc\u00ea ou apenas incorporar uma pequena barra de status atual. Voc\u00ea pode formar cart\u00f5es de contato com seu plugin de hor\u00e1rio comercial e adicion\u00e1-los aos locais necess\u00e1rios do site para atrair a aten\u00e7\u00e3o e informar os clientes sobre sua atividade. <\/div>\r\n\t\t\t\t\t<\/div>\r\n\t\t\t\t<\/div><div class=\"faq-item\">\r\n\t\t\t\t\t<div class=\"faq-item-question\">\r\n\t\t\t\t\t\t<h3 class=\"faq-item-question-text\">Como incorporar o hor\u00e1rio comercial gratuitamente em sites do Google Sites?<\/h3>\r\n\r\n\t\t\t\t\t\t<div class=\"faq-item-question-icon\"><\/div>\r\n\t\t\t\t\t<\/div>\r\n\r\n\t\t\t\t\t<div class=\"faq-item-answer\">\r\n\t\t\t\t\t\t<div class=\"faq-item-answer-text\">Incorporar um plug-in de hor\u00e1rio comercial em seu site do Google Sites \u00e9 um m\u00e9todo perfeito para iniciar a comunica\u00e7\u00e3o com os clientes e inform\u00e1-los sobre seu hor\u00e1rio v\u00e1lido e status para garantir vendas ou fornecer servi\u00e7os. Abaixo est\u00e3o breves tutoriais sobre como colocar o plugin de hor\u00e1rio de funcionamento gratuito em seu site. <ol><li>Quando precisar incorporar um hor\u00e1rio comercial da Elfsight gratuitamente no Google Sites, acesse o site da Elfsight e crie uma conta. <\/li><li>Crie o hor\u00e1rio comercial gratuito adaptando sua apar\u00eancia e configura\u00e7\u00f5es de acordo com o estilo do seu site do Google Sites. <\/li><li>Ao ajustar seu hor\u00e1rio comercial, copie o snippet de c\u00f3digo gerado e cole-o no site do Google Sites onde voc\u00ea deseja que o plug-in apare\u00e7a. <\/li><\/ol>Ao inserir o hor\u00e1rio comercial em seu site do Google Sites, voc\u00ea aumentar\u00e1 seu magnetismo visual e motivar\u00e1 a fidelidade sustent\u00e1vel do cliente. Sinta os benef\u00edcios do hor\u00e1rio comercial da Elfsight sem nenhum custo para voc\u00ea! <\/div>\r\n\t\t\t\t\t<\/div>\r\n\t\t\t\t<\/div><\/div><\/div><div class=\"application-platform-content-item-features application-platform-content-item\" id=\"features\" data-nav-section=\"features\"> <h2>Explore a lista dos recursos mais \u00fateis:<\/h2> <ul><li>Demonstre a disponibilidade em tempo real da sua empresa<\/li><li>Ajuste claro do hor\u00e1rio <\/li><li>Configura\u00e7\u00e3o de dias especiais<\/li><li>Status da atividade atual<\/li><li>Grade integr\u00e1vel ou status compacto<\/li><\/ul><p><a href=\"#demo\">Basta experimentar esta demonstra\u00e7\u00e3o para ter uma ideia completa<\/a><\/p> <\/div> <div class=\"application-platform-content-item-installation application-platform-content-item\" id=\"installation\" data-nav-section=\"installation\"> <h2>Como posso adicionar hor\u00e1rio comercial ao meu site do Google Sites?<\/h2> <p>Basta seguir algumas etapas descritas abaixo para adicionar o plug-in aos seus turnos de trabalho.<\/p> <ol><li><b>Use nosso configurador e comece a criar seu plugin personalizado sem c\u00f3digo.<\/b><br> Escolha a interface selecionada e as especifica\u00e7\u00f5es do plugin e salve as modifica\u00e7\u00f5es. <\/li> <li><b>Obtenha o seu c\u00f3digo pessoal mostrado na caixa nas aplica\u00e7\u00f5es Elfsight.<\/b><br> Logo ap\u00f3s a conclus\u00e3o do estabelecimento do seu widget pessoal de horas de funcionamento sem c\u00f3digo, copie o c\u00f3digo individual em a janela exibida e guarde-a para necessidades futuras. <\/li> <li><b>Inicie a utiliza\u00e7\u00e3o do plugin em seu site do Google Sites.<\/b><br> Insira o c\u00f3digo que voc\u00ea copiou anteriormente em sua p\u00e1gina e salve as melhorias. <\/li> <li><b>Conclu\u00eddo! A incorpora\u00e7\u00e3o do seu hor\u00e1rio comercial sem c\u00f3digo foi realizada com sucesso.<\/b><br> Visite seu site para ver o desempenho do widget de hor\u00e1rio de funcionamento adicionado. <\/li><\/ol> <p>Caso tenha d\u00favidas ou encontre alguma dificuldade, entre em contato com nossa equipe de suporte. Nossos especialistas est\u00e3o ansiosos para resolver todos os problemas que voc\u00ea possa ter com o plugin do Google Sites. <\/p><\/div>\n","protected":false},"excerpt":{"rendered":"","protected":false},"author":9,"featured_media":0,"parent":5170,"menu_order":0,"comment_status":"closed","ping_status":"closed","template":"templates\/template-application-platform.php","meta":{"publish_to_discourse":"","publish_post_category":"","wpdc_auto_publish_overridden":"","wpdc_topic_tags":"","wpdc_pin_topic":"","wpdc_pin_until":"","discourse_post_id":"","discourse_permalink":"","wpdc_publishing_response":"","wpdc_publishing_error":"","footnotes":""},"class_list":["post-6074","page","type-page","status-publish","hentry"],"yoast_head":"<!-- This site is optimized with the Yoast SEO plugin v25.3.1 - https:\/\/yoast.com\/wordpress\/plugins\/seo\/ -->\n<title>Adicionar hor\u00e1rio comercial ao Google Sites - incorporar hor\u00e1rio no site<\/title>\n<meta name=\"description\" content=\"Adicione um aplicativo de hor\u00e1rio comercial ajust\u00e1vel ao Google Sites para apresentar o status de sua atividade. Crie seu pr\u00f3prio hor\u00e1rio de trabalho com a demonstra\u00e7\u00e3o.\" \/>\n<meta name=\"robots\" content=\"index, follow, max-snippet:-1, max-image-preview:large, max-video-preview:-1\" \/>\n<link rel=\"canonical\" href=\"https:\/\/elfsight.com\/pt\/business-hours-widget\/google-sites\/\" \/>\n<meta property=\"og:locale\" content=\"pt_PT\" \/>\n<meta property=\"og:type\" content=\"article\" \/>\n<meta property=\"og:title\" content=\"Adicionar hor\u00e1rio comercial ao Google Sites - incorporar hor\u00e1rio no site\" \/>\n<meta property=\"og:description\" content=\"Adicione um aplicativo de hor\u00e1rio comercial ajust\u00e1vel ao Google Sites para apresentar o status de sua atividade. Crie seu pr\u00f3prio hor\u00e1rio de trabalho com a demonstra\u00e7\u00e3o.\" \/>\n<meta property=\"og:url\" content=\"https:\/\/elfsight.com\/pt\/business-hours-widget\/google-sites\/\" \/>\n<meta property=\"og:site_name\" content=\"Elfsight PT\" \/>\n<meta property=\"article:modified_time\" content=\"2025-03-04T13:49:29+00:00\" \/>\n<meta name=\"twitter:card\" content=\"summary_large_image\" \/>\n<meta name=\"twitter:label1\" content=\"Tempo estimado de leitura\" \/>\n\t<meta name=\"twitter:data1\" content=\"6 minutos\" \/>\n<!-- \/ Yoast SEO plugin. -->","yoast_head_json":{"title":"Adicionar hor\u00e1rio comercial ao Google Sites - incorporar hor\u00e1rio no site","description":"Adicione um aplicativo de hor\u00e1rio comercial ajust\u00e1vel ao Google Sites para apresentar o status de sua atividade. Crie seu pr\u00f3prio hor\u00e1rio de trabalho com a demonstra\u00e7\u00e3o.","robots":{"index":"index","follow":"follow","max-snippet":"max-snippet:-1","max-image-preview":"max-image-preview:large","max-video-preview":"max-video-preview:-1"},"canonical":"https:\/\/elfsight.com\/pt\/business-hours-widget\/google-sites\/","og_locale":"pt_PT","og_type":"article","og_title":"Adicionar hor\u00e1rio comercial ao Google Sites - incorporar hor\u00e1rio no site","og_description":"Adicione um aplicativo de hor\u00e1rio comercial ajust\u00e1vel ao Google Sites para apresentar o status de sua atividade. Crie seu pr\u00f3prio hor\u00e1rio de trabalho com a demonstra\u00e7\u00e3o.","og_url":"https:\/\/elfsight.com\/pt\/business-hours-widget\/google-sites\/","og_site_name":"Elfsight PT","article_modified_time":"2025-03-04T13:49:29+00:00","twitter_card":"summary_large_image","twitter_misc":{"Tempo estimado de leitura":"6 minutos"},"schema":{"@context":"https:\/\/schema.org","@graph":[{"@type":"WebPage","@id":"https:\/\/elfsight.com\/pt\/business-hours-widget\/google-sites\/","url":"https:\/\/elfsight.com\/pt\/business-hours-widget\/google-sites\/","name":"Adicionar hor\u00e1rio comercial ao Google Sites - incorporar hor\u00e1rio no site","isPartOf":{"@id":"https:\/\/elfsight.com\/pt\/#website"},"datePublished":"2024-05-03T06:31:18+00:00","dateModified":"2025-03-04T13:49:29+00:00","description":"Adicione um aplicativo de hor\u00e1rio comercial ajust\u00e1vel ao Google Sites para apresentar o status de sua atividade. Crie seu pr\u00f3prio hor\u00e1rio de trabalho com a demonstra\u00e7\u00e3o.","breadcrumb":{"@id":"https:\/\/elfsight.com\/pt\/business-hours-widget\/google-sites\/#breadcrumb"},"inLanguage":"pt-PT","potentialAction":[{"@type":"ReadAction","target":["https:\/\/elfsight.com\/pt\/business-hours-widget\/google-sites\/"]}]},{"@type":"BreadcrumbList","@id":"https:\/\/elfsight.com\/pt\/business-hours-widget\/google-sites\/#breadcrumb","itemListElement":[{"@type":"ListItem","position":1,"name":"Home","item":"https:\/\/elfsight.com\/pt\/"},{"@type":"ListItem","position":2,"name":"Business Hours","item":"https:\/\/elfsight.com\/pt\/business-hours-widget\/"},{"@type":"ListItem","position":3,"name":"Business Hours &#8211; Google Sites"}]},{"@type":"WebSite","@id":"https:\/\/elfsight.com\/pt\/#website","url":"https:\/\/elfsight.com\/pt\/","name":"Elfsight PT","description":"Just another Elfsight Sites site","potentialAction":[{"@type":"SearchAction","target":{"@type":"EntryPoint","urlTemplate":"https:\/\/elfsight.com\/pt\/?s={search_term_string}"},"query-input":{"@type":"PropertyValueSpecification","valueRequired":true,"valueName":"search_term_string"}}],"inLanguage":"pt-PT"}]}},"meta_box":{"industry":"","seo_heading":"","heading":"","description":"","cta_heading":"","cta_description":"","application":"5161","h1":"Plug-in de hor\u00e1rio comercial do Google Sites","h1_caption":"Informe os clientes sobre os seus quadros de trabalho e partilhe contactos","application_category":[],"applications_title":"","applications_request_title":"","applications_request_button_text":"","hero_text":"","hero_video":"","hero_video_schema_markup":"","selling_points_title":"","selling_points_caption":"","selling_points":[],"selling_points_cta_text":"","features_title":"","features":"","ed_cta_examples_text":"","ed_cta_examples_hidden":"","ed_cta_demo_text":"","ed_cta_demo_hidden":"","why_caption":"","why_editor_title":"","why_editor_text":"","why_team_title":"","why_team_text":"","why_service_title":"","why_service_text":"","template_catalog_visible":"0","template_catalog_title":"","template_catalog_text":"","template_catalog_categories_visible":"","demo_title":"Crie seu widget de hor\u00e1rio comercial","demo_caption":"Configure seu hor\u00e1rio comercial e adicione-o ao seu site do Google Sites gratuitamente!","default_faq_hidden":"","app_template_category":[],"platform":"112","template_public_id":"","codecanyon_url":"","codecanyon_item_id":"","codecanyon_price":"","pricing_caption":"","pricing_elfsight_apps_hide_column":"","pricing_elfsight_apps_url":"","pricing_codecanyon_price_caption":"","integration_category":[],"integration_request_title":"","integration_request_cta":"","integration_platform":"","integrations":[],"platform_category":[],"video_schema_markup":"","price":"a partir de US$ 0\/m\u00eas","trial":"","benefits":[{"text":"Assist\u00eancia de instala\u00e7\u00e3o gratuita"},{"text":"Atendimento ao cliente competente"},{"text":"Garantia de reembolso de 14 dias"},{"text":"Desenvolvimento cont\u00ednuo"}],"button_url":"#demo","button_target_blank":"0","button_nofollow":"0","attributes":[{"name":"Instala\u00e7\u00f5es","content":"10,000 - 100,000"},{"name":"Responsivo","content":"Sim"},{"name":"Navegadores compat\u00edveis","content":"Firefox, Safari, Opera, Chrome, Edge"}],"tags":[],"tags_disable_links":"0","hide_more_platforms":"0","video_object":"","demo_hide_cta":"0","demo_hide_cloud_options":"0","pricing_title":"","pricing":[{"pricing_icon":"platform","pricing_title":"Elfsight Apps","pricing_title_caption":"Vers\u00e3o multiplataforma adequada para qualquer site","pricing_price":"a partir de US$ 0\/m\u00eas","pricing_price_caption":"comece com um plano gratuito","pricing_benefits":[{"text":"Sites ilimitados"},{"text":"Suporte r\u00e1pido ao cliente"},{"text":"Suporte r\u00e1pido ao cliente"},{"text":"Design flex\u00edvel"}],"pricing_button_text":"Adicionar ao site","pricing_button_url":"#demo"}],"related_apps_title":"","related_apps_hidden":"0","author":"","image":[],"title":"","job":"","social_networks":[]},"_links":{"self":[{"href":"https:\/\/elfsight.com\/pt\/wp-json\/wp\/v2\/pages\/6074","targetHints":{"allow":["GET"]}}],"collection":[{"href":"https:\/\/elfsight.com\/pt\/wp-json\/wp\/v2\/pages"}],"about":[{"href":"https:\/\/elfsight.com\/pt\/wp-json\/wp\/v2\/types\/page"}],"author":[{"embeddable":true,"href":"https:\/\/elfsight.com\/pt\/wp-json\/wp\/v2\/users\/9"}],"replies":[{"embeddable":true,"href":"https:\/\/elfsight.com\/pt\/wp-json\/wp\/v2\/comments?post=6074"}],"version-history":[{"count":2,"href":"https:\/\/elfsight.com\/pt\/wp-json\/wp\/v2\/pages\/6074\/revisions"}],"predecessor-version":[{"id":14370,"href":"https:\/\/elfsight.com\/pt\/wp-json\/wp\/v2\/pages\/6074\/revisions\/14370"}],"up":[{"embeddable":true,"href":"https:\/\/elfsight.com\/pt\/wp-json\/wp\/v2\/pages\/5170"}],"wp:attachment":[{"href":"https:\/\/elfsight.com\/pt\/wp-json\/wp\/v2\/media?parent=6074"}],"curies":[{"name":"wp","href":"https:\/\/api.w.org\/{rel}","templated":true}]}}