{"id":6073,"date":"2024-05-03T06:31:17","date_gmt":"2024-05-03T06:31:17","guid":{"rendered":"https:\/\/elfsight.com\/pt\/?page_id=6073"},"modified":"2024-11-12T15:26:19","modified_gmt":"2024-11-12T15:26:19","slug":"html","status":"publish","type":"page","link":"https:\/\/elfsight.com\/pt\/business-hours-widget\/html\/","title":{"rendered":"Business Hours &#8211; HTML"},"content":{"rendered":"<div class=\"application-platform-content-item-description application-platform-content-item\" id=\"description\" data-nav-section=\"description\"> <h2>Incorporar hor\u00e1rio comercial em HTML com um widget Elfsight<\/h2> <p>Elfsight Business Hours for HTML \u00e9 um widget simples e sem c\u00f3digo que permite-lhe formar um cart\u00e3o de visita atrativo com os dados mais significativos da sua atividade. Voc\u00ea pode incluir informa\u00e7\u00f5es sobre seu status operacional atual e fornecer contatos para seus clientes. O widget permite que voc\u00ea invente designs atraentes, para que os clientes possam explorar facilmente todos os dados necess\u00e1rios de forma breve ou mais detalhada. <\/p><p>O excelente widget possui v\u00e1rios modelos, para que voc\u00ea tenha liberdade para escolher a op\u00e7\u00e3o mais eficiente para o seu site. Cada modelo cont\u00e9m v\u00e1rias configura\u00e7\u00f5es para ajud\u00e1-lo a criar um widget personalizado com elementos necess\u00e1rios, como pedidos e bot\u00f5es de registro, que aumentam as vendas. Adicionar o hor\u00e1rio de trabalho e os dados de contato da sua empresa \u00e0s p\u00e1ginas do seu site \u00e9 muito f\u00e1cil com a Elfsight devido aos tutoriais e guias simples. Qualquer usu\u00e1rio pode criar e adicionar o widget de hor\u00e1rio de opera\u00e7\u00e3o sem c\u00f3digo gratuitamente<\/p> <p><b>Adicione detalhes comerciais ao seu site para aumentar as vendas e fidelizar o cliente. Compartilhe informa\u00e7\u00f5es importantes sobre sua atividade de trabalho de forma clara com o widget. <\/b><\/p> <p>Com esse widget incorporado ao seu site HTML, voc\u00ea pode conscientizar seus clientes sobre seus processos de neg\u00f3cios e realizar vendas regulares. Explore alguns dos principais resultados positivos para o seu site ao adicionar o widget de hor\u00e1rio de trabalho sem c\u00f3digo a ele.<\/p><ul><li><b>Permita que seus clientes estejam sempre na hora certa.<\/b> Aumente as vendas, por estar sempre presente nos hor\u00e1rios de funcionamento indicados. Os visitantes do seu site se lembrar\u00e3o do hor\u00e1rio de funcionamento e ficar\u00e3o mais confiantes para realizar uma compra bem-sucedida quando necess\u00e1rio. <\/li><li><b>Evite mal-entendidos sobre seu hor\u00e1rio de funcionamento.<\/b> Fornecer seu hor\u00e1rio de trabalho claro aos clientes no site os tornar\u00e1 mais dedicados \u00e0 sua marca, pois eles poder\u00e3o planejar uma reserva ou uma visita a voc\u00ea. <\/li><li><b>Exiba os dados de contato de forma vis\u00edvel.<\/b> Adicionar os dados de contato ao widget de hor\u00e1rio comercial sem c\u00f3digo permite que voc\u00ea se comunique melhor com os visitantes do seu site e agilize as vendas. Demonstre que voc\u00ea est\u00e1 aqui para responder \u00e0s suas d\u00favidas sobre os produtos e servi\u00e7os da sua empresa, resultando em mais confian\u00e7a e melhores vendas. <\/li><\/ul><div class=\"faq\" data-component=\"FAQ\"><div class=\"faq-item\">\r\n\t\t\t\t\t<div class=\"faq-item-question\">\r\n\t\t\t\t\t\t<h3 class=\"faq-item-question-text\">H\u00e1 algum outro plugin para HTML que eu possa adicionar ao meu site?<\/h3>\r\n\r\n\t\t\t\t\t\t<div class=\"faq-item-question-icon\"><\/div>\r\n\t\t\t\t\t<\/div>\r\n\r\n\t\t\t\t\t<div class=\"faq-item-answer\">\r\n\t\t\t\t\t\t<div class=\"faq-item-answer-text\">Podemos fornecer v\u00e1rios plugins para voc\u00ea realizar qualquer tipo de tarefa em seu local na rede Internet. Veja voc\u00ea mesmo: <a href=\"https:\/\/elfsight.com\/google-reviews-widget\/html\/\" target=\"_blank\" rel=\"noopener\">Google Reviews<\/a>, <a href=\"https:\/\/elfsight.com\/whatsapp-chat-widget\/html\/\" target=\"_blank\" rel=\"noopener\">Bate-papo do WhatsApp<\/a>, <a href=\"https:\/\/elfsight.com\/event-calendar -widget\/html\/\" target=\"_blank\" rel=\"noopener\">Calend\u00e1rio de eventos<\/a>, <a href=\"https:\/\/elfsight.com\/countdown-timer-widget\/html\/\" target=\"_blank \" rel=\"noopener\">Temporizador de contagem regressiva<\/a>, <a href=\"https:\/\/elfsight.com\/qr-code-widget\/html\/\" target=\"_blank\" rel=\"noopener\">C\u00f3digo QR<\/a>.<\/div>\r\n\t\t\t\t\t<\/div>\r\n\t\t\t\t<\/div><div class=\"faq-item\">\r\n\t\t\t\t\t<div class=\"faq-item-question\">\r\n\t\t\t\t\t\t<h3 class=\"faq-item-question-text\">Como posso obter resultados com o hor\u00e1rio comercial em HTML?<\/h3>\r\n\r\n\t\t\t\t\t\t<div class=\"faq-item-question-icon\"><\/div>\r\n\t\t\t\t\t<\/div>\r\n\r\n\t\t\t\t\t<div class=\"faq-item-answer\">\r\n\t\t\t\t\t\t<div class=\"faq-item-answer-text\">H\u00e1 muitas maneiras de melhorar as estat\u00edsticas de convers\u00e3o e os resultados de vendas adicionando um plug-in de hor\u00e1rio comercial. Com os modelos da Elfsight para este plugin interessante para sites, \u00e9 poss\u00edvel construir uma estrat\u00e9gia de neg\u00f3cios pessoal. Voc\u00ea pode demonstrar informa\u00e7\u00f5es sobre seu hor\u00e1rio de opera\u00e7\u00e3o e ferramentas para entrar em contato com voc\u00ea ou apenas incorporar um pequeno pop-up de status. Voc\u00ea pode criar cart\u00f5es de contato com nosso plugin de hor\u00e1rio de funcionamento e adicion\u00e1-los ao site para chamar a aten\u00e7\u00e3o e informar os clientes sobre sua atividade.<\/div>\r\n\t\t\t\t\t<\/div>\r\n\t\t\t\t<\/div><div class=\"faq-item\">\r\n\t\t\t\t\t<div class=\"faq-item-question\">\r\n\t\t\t\t\t\t<h3 class=\"faq-item-question-text\">Como incorporar hor\u00e1rio comercial gratuitamente em sites HTML?<\/h3>\r\n\r\n\t\t\t\t\t\t<div class=\"faq-item-question-icon\"><\/div>\r\n\t\t\t\t\t<\/div>\r\n\r\n\t\t\t\t\t<div class=\"faq-item-answer\">\r\n\t\t\t\t\t\t<div class=\"faq-item-answer-text\">Incorporando um O plug-in de hor\u00e1rio comercial em seu site HTML \u00e9 um m\u00e9todo excelente para envolver os visitantes na comunica\u00e7\u00e3o e inform\u00e1-los sobre seu hor\u00e1rio e status v\u00e1lidos para garantir vendas ou presta\u00e7\u00e3o de servi\u00e7os. Oferecemos alguns tutoriais sobre como adicionar o plug-in de hor\u00e1rio de opera\u00e7\u00e3o sem c\u00f3digo ao seu site.<ol><li>Para integrar o Elfsight Business Hours gratuitamente em HTML, acesse o site da Elfsight e inscreva-se.<\/li><li> Crie o plug-in de hor\u00e1rio comercial sem c\u00f3digo adaptando sua apar\u00eancia e configura\u00e7\u00f5es para corresponder ao tema do seu site.<\/li><li>Ao formar seu hor\u00e1rio comercial, transporte o c\u00f3digo para o HTML do seu site onde voc\u00ea deseja que o plug-in funcione.<\/li><\/ol>Ao inserir o hor\u00e1rio de funcionamento em seu site HTML, voc\u00ea elevar\u00e1 seu magnetismo visual e motivar\u00e1 a fidelidade sustent\u00e1vel do visitante. Sinta os benef\u00edcios do plugin Elfsight Business Hours sem nenhum custo para voc\u00ea!<\/div>\r\n\t\t\t\t\t<\/div>\r\n\t\t\t\t<\/div><\/div><\/div><div class=\"application-platform-content-item-features application-platform-content-item\" id=\"features\" data-nav-section=\"features\"> <h2>Oferecemos recursos de widget \u00fateis e convenientes, confira alguns deles :<\/h2> <ul><li>Mostre o status atual da sua organiza\u00e7\u00e3o<\/li><li>Ajuste simples de hor\u00e1rio<\/li><li>Configura\u00e7\u00e3o de ocasi\u00f5es especiais<\/li><li>Status do estado atual<\/li> <li>Gr\u00e1fico inser\u00edvel ou status de economia de espa\u00e7o<\/li><\/ul><p><a href=\"#demo\">Experimente todas as configura\u00e7\u00f5es na demonstra\u00e7\u00e3o totalmente funcional<\/a><\/p><\/div> <div class=\"application-platform-content-item-installation application-platform-content-item\" id=\"installation\" data-nav-section=\"installation\"> <h2>Como posso incorporar o hor\u00e1rio comercial em meu site HTML?<\/h2> <p>Basta seguir as diretrizes abaixo para incorporar o plug-in em seus turnos de trabalho.<\/p> <ol> <li><b>Use nosso configurador e comece a construir seu plugin exclusivo.<\/b><br> Encontre a apar\u00eancia e as especifica\u00e7\u00f5es preferidas e salve as edi\u00e7\u00f5es. <\/li> <li><b>Copie o c\u00f3digo pessoal que aparece no formul\u00e1rio especial nas aplica\u00e7\u00f5es Elfsight.<\/b><br> Assim que a configura\u00e7\u00e3o do seu plugin pessoal estiver conclu\u00edda, copie o c\u00f3digo pessoal no apareceu pop-up e guarde-o para futuras ocasi\u00f5es. <\/li> <li><b>Comece a usar o plugin no site HTML.<\/b><br> Insira o c\u00f3digo copiado recentemente em sua p\u00e1gina inicial e aplique as corre\u00e7\u00f5es. <\/li> <li><b>A configura\u00e7\u00e3o do seu hor\u00e1rio comercial sem c\u00f3digo foi realizada com sucesso.<\/b><br> Acesse seu site para ver o desempenho do plug-in de hor\u00e1rio comercial adicionado. <\/li><\/ol> <p>Caso encontre algum obst\u00e1culo, entre em contato com nossa equipe de atendimento ao cliente. Nossos especialistas ir\u00e3o ajud\u00e1-lo com todas as dificuldades que voc\u00ea possa ter com o aplicativo para HTML. <\/p> <\/div>","protected":false},"excerpt":{"rendered":"","protected":false},"author":9,"featured_media":0,"parent":5170,"menu_order":0,"comment_status":"closed","ping_status":"closed","template":"templates\/template-application-platform.php","meta":{"publish_to_discourse":"","publish_post_category":"","wpdc_auto_publish_overridden":"","wpdc_topic_tags":"","wpdc_pin_topic":"","wpdc_pin_until":"","discourse_post_id":"","discourse_permalink":"","wpdc_publishing_response":"","wpdc_publishing_error":"","footnotes":""},"class_list":["post-6073","page","type-page","status-publish","hentry"],"yoast_head":"<!-- This site is optimized with the Yoast SEO plugin v25.3.1 - https:\/\/yoast.com\/wordpress\/plugins\/seo\/ -->\n<title>Adicione hor\u00e1rio comercial gratuito ao HTML - Incorpore hor\u00e1rios de trabalho aos sites<\/title>\n<meta name=\"description\" content=\"Incorpore um widget personaliz\u00e1vel de hor\u00e1rio comercial em HTML para mostrar o status do seu neg\u00f3cio. Forme seu hor\u00e1rio de trabalho pessoal na demonstra\u00e7\u00e3o.\" \/>\n<meta name=\"robots\" content=\"index, follow, max-snippet:-1, max-image-preview:large, max-video-preview:-1\" \/>\n<link rel=\"canonical\" href=\"https:\/\/elfsight.com\/pt\/business-hours-widget\/html\/\" \/>\n<meta property=\"og:locale\" content=\"pt_PT\" \/>\n<meta property=\"og:type\" content=\"article\" \/>\n<meta property=\"og:title\" content=\"Adicione hor\u00e1rio comercial gratuito ao HTML - Incorpore hor\u00e1rios de trabalho aos sites\" \/>\n<meta property=\"og:description\" content=\"Incorpore um widget personaliz\u00e1vel de hor\u00e1rio comercial em HTML para mostrar o status do seu neg\u00f3cio. Forme seu hor\u00e1rio de trabalho pessoal na demonstra\u00e7\u00e3o.\" \/>\n<meta property=\"og:url\" content=\"https:\/\/elfsight.com\/pt\/business-hours-widget\/html\/\" \/>\n<meta property=\"og:site_name\" content=\"Elfsight PT\" \/>\n<meta property=\"article:modified_time\" content=\"2024-11-12T15:26:19+00:00\" \/>\n<meta name=\"twitter:card\" content=\"summary_large_image\" \/>\n<meta name=\"twitter:label1\" content=\"Tempo estimado de leitura\" \/>\n\t<meta name=\"twitter:data1\" content=\"5 minutos\" \/>\n<!-- \/ Yoast SEO plugin. -->","yoast_head_json":{"title":"Adicione hor\u00e1rio comercial gratuito ao HTML - Incorpore hor\u00e1rios de trabalho aos sites","description":"Incorpore um widget personaliz\u00e1vel de hor\u00e1rio comercial em HTML para mostrar o status do seu neg\u00f3cio. Forme seu hor\u00e1rio de trabalho pessoal na demonstra\u00e7\u00e3o.","robots":{"index":"index","follow":"follow","max-snippet":"max-snippet:-1","max-image-preview":"max-image-preview:large","max-video-preview":"max-video-preview:-1"},"canonical":"https:\/\/elfsight.com\/pt\/business-hours-widget\/html\/","og_locale":"pt_PT","og_type":"article","og_title":"Adicione hor\u00e1rio comercial gratuito ao HTML - Incorpore hor\u00e1rios de trabalho aos sites","og_description":"Incorpore um widget personaliz\u00e1vel de hor\u00e1rio comercial em HTML para mostrar o status do seu neg\u00f3cio. Forme seu hor\u00e1rio de trabalho pessoal na demonstra\u00e7\u00e3o.","og_url":"https:\/\/elfsight.com\/pt\/business-hours-widget\/html\/","og_site_name":"Elfsight PT","article_modified_time":"2024-11-12T15:26:19+00:00","twitter_card":"summary_large_image","twitter_misc":{"Tempo estimado de leitura":"5 minutos"},"schema":{"@context":"https:\/\/schema.org","@graph":[{"@type":"WebPage","@id":"https:\/\/elfsight.com\/pt\/business-hours-widget\/html\/","url":"https:\/\/elfsight.com\/pt\/business-hours-widget\/html\/","name":"Adicione hor\u00e1rio comercial gratuito ao HTML - Incorpore hor\u00e1rios de trabalho aos sites","isPartOf":{"@id":"https:\/\/elfsight.com\/pt\/#website"},"datePublished":"2024-05-03T06:31:17+00:00","dateModified":"2024-11-12T15:26:19+00:00","description":"Incorpore um widget personaliz\u00e1vel de hor\u00e1rio comercial em HTML para mostrar o status do seu neg\u00f3cio. Forme seu hor\u00e1rio de trabalho pessoal na demonstra\u00e7\u00e3o.","breadcrumb":{"@id":"https:\/\/elfsight.com\/pt\/business-hours-widget\/html\/#breadcrumb"},"inLanguage":"pt-PT","potentialAction":[{"@type":"ReadAction","target":["https:\/\/elfsight.com\/pt\/business-hours-widget\/html\/"]}]},{"@type":"BreadcrumbList","@id":"https:\/\/elfsight.com\/pt\/business-hours-widget\/html\/#breadcrumb","itemListElement":[{"@type":"ListItem","position":1,"name":"Home","item":"https:\/\/elfsight.com\/pt\/"},{"@type":"ListItem","position":2,"name":"Business Hours","item":"https:\/\/elfsight.com\/pt\/business-hours-widget\/"},{"@type":"ListItem","position":3,"name":"Business Hours &#8211; HTML"}]},{"@type":"WebSite","@id":"https:\/\/elfsight.com\/pt\/#website","url":"https:\/\/elfsight.com\/pt\/","name":"Elfsight PT","description":"Just another Elfsight Sites site","potentialAction":[{"@type":"SearchAction","target":{"@type":"EntryPoint","urlTemplate":"https:\/\/elfsight.com\/pt\/?s={search_term_string}"},"query-input":{"@type":"PropertyValueSpecification","valueRequired":true,"valueName":"search_term_string"}}],"inLanguage":"pt-PT"}]}},"meta_box":{"industry":"","seo_heading":"","heading":"","description":"","cta_heading":"","cta_description":"","application":"5161","h1":"Widget HTML de hor\u00e1rio comercial","h1_caption":"Informe os clientes sobre sua agenda e forne\u00e7a contatos","application_category":[],"applications_title":"","applications_request_title":"","applications_request_button_text":"","hero_text":"","hero_video":"","hero_video_schema_markup":"","selling_points_title":"","selling_points_caption":"","selling_points":[],"selling_points_cta_text":"","features_title":"","features":"","ed_cta_examples_text":"","ed_cta_examples_hidden":"","ed_cta_demo_text":"","ed_cta_demo_hidden":"","why_caption":"","why_editor_title":"","why_editor_text":"","why_team_title":"","why_team_text":"","why_service_title":"","why_service_text":"","template_catalog_visible":"","template_catalog_title":"","template_catalog_text":"","template_catalog_categories_visible":"","demo_title":"Crie seu widget de hor\u00e1rio comercial","demo_caption":"Configure seu hor\u00e1rio comercial e adicione-o ao seu site HTML gratuitamente!","default_faq_hidden":"","app_template_category":[],"platform":"49","template_public_id":"","codecanyon_url":"","codecanyon_item_id":"","codecanyon_price":"","pricing_caption":"","pricing_elfsight_apps_hide_column":"","pricing_elfsight_apps_url":"","pricing_codecanyon_price_caption":"","integration_category":[],"integration_request_title":"","integration_request_cta":"","integration_platform":"","integrations":[],"platform_category":[],"video_schema_markup":"","price":"a partir de US$ 0\/m\u00eas","trial":"","benefits":[{"text":"Servi\u00e7o de instala\u00e7\u00e3o gratuito"},{"text":"Suporte premium"},{"text":"Garantia de devolu\u00e7\u00e3o do dinheiro em 14 dias"},{"text":"Atualiza\u00e7\u00f5es gratuitas vital\u00edcias"}],"button_url":"#demo","button_target_blank":"","button_nofollow":"","attributes":[{"name":"Instala\u00e7\u00f5es","content":"10,000 - 100,000"},{"name":"Responsivo","content":"Sim"},{"name":"Navegadores compat\u00edveis","content":"Firefox, Safari, Opera, Chrome, Edge"}],"tags":[],"tags_disable_links":"","hide_more_platforms":"","video_object":"","demo_hide_cta":"","demo_hide_cloud_options":"","pricing_title":"","pricing":[{"pricing_icon":"platform","pricing_title":"Elfsight Apps","pricing_title_caption":"Software multiplataforma que funciona em qualquer site","pricing_price":"a partir de US$ 0\/m\u00eas","pricing_price_caption":"comece com um plano gratuito","pricing_benefits":[{"text":"Sites ilimitados"},{"text":"Suporte ao cliente premium"},{"text":"Suporte ao cliente premium"},{"text":"Design flex\u00edvel"}],"pricing_button_text":"Adicionar ao site","pricing_button_url":"#demo"}],"related_apps_title":"","related_apps_hidden":"","author":"","image":[],"title":"","job":"","social_networks":[]},"_links":{"self":[{"href":"https:\/\/elfsight.com\/pt\/wp-json\/wp\/v2\/pages\/6073","targetHints":{"allow":["GET"]}}],"collection":[{"href":"https:\/\/elfsight.com\/pt\/wp-json\/wp\/v2\/pages"}],"about":[{"href":"https:\/\/elfsight.com\/pt\/wp-json\/wp\/v2\/types\/page"}],"author":[{"embeddable":true,"href":"https:\/\/elfsight.com\/pt\/wp-json\/wp\/v2\/users\/9"}],"replies":[{"embeddable":true,"href":"https:\/\/elfsight.com\/pt\/wp-json\/wp\/v2\/comments?post=6073"}],"version-history":[{"count":1,"href":"https:\/\/elfsight.com\/pt\/wp-json\/wp\/v2\/pages\/6073\/revisions"}],"predecessor-version":[{"id":6077,"href":"https:\/\/elfsight.com\/pt\/wp-json\/wp\/v2\/pages\/6073\/revisions\/6077"}],"up":[{"embeddable":true,"href":"https:\/\/elfsight.com\/pt\/wp-json\/wp\/v2\/pages\/5170"}],"wp:attachment":[{"href":"https:\/\/elfsight.com\/pt\/wp-json\/wp\/v2\/media?parent=6073"}],"curies":[{"name":"wp","href":"https:\/\/api.w.org\/{rel}","templated":true}]}}