{"id":6072,"date":"2024-05-03T06:31:16","date_gmt":"2024-05-03T06:31:16","guid":{"rendered":"https:\/\/elfsight.com\/pt\/?page_id=6072"},"modified":"2025-03-04T13:33:44","modified_gmt":"2025-03-04T13:33:44","slug":"iframe","status":"publish","type":"page","link":"https:\/\/elfsight.com\/pt\/business-hours-widget\/iframe\/","title":{"rendered":"Business Hours &#8211; iFrame"},"content":{"rendered":"\n<div class=\"application-platform-content-item-description application-platform-content-item\" id=\"description\" data-nav-section=\"description\"> <h2>Incorporar hor\u00e1rio comercial no iFrame com um widget Elfsight<\/h2> <p>Elfsight Business Hours for iFrame \u00e9 um widget simples sem c\u00f3digo que permite voc\u00ea projete um lindo cart\u00e3o de visita com os dados mais importantes da sua organiza\u00e7\u00e3o. Voc\u00ea pode incluir informa\u00e7\u00f5es sobre o status do seu neg\u00f3cio e fornecer contatos para o seu p\u00fablico. O widget permite projetar designs f\u00e1ceis de usar, para que os clientes possam encontrar facilmente todas as informa\u00e7\u00f5es necess\u00e1rias de forma breve ou mais detalhada. <\/p><p>O excelente widget possui uma variedade de templates, para que voc\u00ea possa escolher a op\u00e7\u00e3o mais eficiente para o seu site. Cada modelo apresenta configura\u00e7\u00f5es ajust\u00e1veis \u200b\u200bpara permitir que voc\u00ea desenvolva um widget personalizado com elementos necess\u00e1rios, como chat e bot\u00f5es de compartilhamento, que aumentam as vendas. Adicionar o hor\u00e1rio de trabalho e as informa\u00e7\u00f5es de contato da sua empresa ao seu site \u00e9 muito f\u00e1cil com a Elfsight devido aos tutoriais e instru\u00e7\u00f5es f\u00e1ceis de seguir. Qualquer usu\u00e1rio pode criar e incorporar o widget de hor\u00e1rio comercial sem c\u00f3digo gratuitamente<\/p> <p><b>Coloque detalhes comerciais em seu site para aumentar as taxas de vendas e a fidelidade do cliente. Compartilhe facilmente informa\u00e7\u00f5es importantes sobre sua atividade de trabalho com o widget da Elfsight. <\/b><\/p> <p>Com este widget adicionado ao seu site iFrame, voc\u00ea pode deixar seu p\u00fablico mais informado sobre seu neg\u00f3cio e realizar mais vendas. Aprenda sobre alguns dos principais benef\u00edcios para o seu site depois de incorporar nele os per\u00edodos de trabalho gratuitos. <\/p><ul><li><b>Permita que os clientes sejam sempre pontuais.<\/b> Aumente as vendas, mantendo contato constante nos hor\u00e1rios indicados. Os visitantes do seu site perceber\u00e3o sua disponibilidade e ficar\u00e3o mais confiantes para realizar uma compra bem-sucedida quando precisarem. <\/li><li><b>Evite mal-entendidos sobre seu hor\u00e1rio de trabalho.<\/b> Exibir suas condi\u00e7\u00f5es de trabalho decentes aos clientes no site os tornar\u00e1 mais dedicados \u00e0 sua empresa, pois poder\u00e3o planejar uma reserva ou uma visita a voc\u00ea. <\/li><li><b>Exiba informa\u00e7\u00f5es de contato de maneira conveniente.<\/b> Adicionar as informa\u00e7\u00f5es de contato ao seu widget de hor\u00e1rio de opera\u00e7\u00e3o sem c\u00f3digo permite que voc\u00ea crie uma melhor comunica\u00e7\u00e3o com seus clientes e agilize as vendas. Mostre que voc\u00ea est\u00e1 pronto para responder \u00e0s suas preocupa\u00e7\u00f5es sobre os produtos e servi\u00e7os do seu neg\u00f3cio, resultando em mais confian\u00e7a e prest\u00edgio. <\/li><\/ul><div class=\"faq\" data-component=\"FAQ\"><div class=\"faq-item\">\r\n\t\t\t\t\t<div class=\"faq-item-question\">\r\n\t\t\t\t\t\t<h3 class=\"faq-item-question-text\">Voc\u00ea tem algum outro plugin para iFrame que eu possa adicionar ao meu site?<\/h3>\r\n\r\n\t\t\t\t\t\t<div class=\"faq-item-question-icon\"><\/div>\r\n\t\t\t\t\t<\/div>\r\n\r\n\t\t\t\t\t<div class=\"faq-item-answer\">\r\n\t\t\t\t\t\t<div class=\"faq-item-answer-text\">Podemos fornecer v\u00e1rios plugins para voc\u00ea realizar qualquer tipo de tarefa em seu site e aumente suas vendas. Aqui est\u00e3o alguns exemplos: <a href=\"https:\/\/elfsight.com\/google-reviews-widget\/iframe\/\" target=\"_blank\" rel=\"noopener\">Google Reviews<\/a>, <a href=\"https:\/\/elfsight.com\/whatsapp-chat-widget\/iframe\/\" target=\"_blank\" rel=\"noopener\">WhatsApp Chat<\/a>, <a href=\"https:\/\/elfsight.com\/event-calendar-widget\/iframe\/\" target=\"_blank\" rel=\"noopener\">Calend\u00e1rio de eventos<\/a>, <a href=\"https:\/\/elfsight.com\/countdown-timer-widget\/iframe\/\" target=\" _blank\" rel=\"noopener\">Temporizador de contagem regressiva<\/a>, <a href=\"https:\/\/elfsight.com\/qr-code-widget\/iframe\/\" target=\"_blank\" rel=\"noopener\">C\u00f3digo QR<\/a>. <\/div>\r\n\t\t\t\t\t<\/div>\r\n\t\t\t\t<\/div><div class=\"faq-item\">\r\n\t\t\t\t\t<div class=\"faq-item-question\">\r\n\t\t\t\t\t\t<h3 class=\"faq-item-question-text\">Como posso me beneficiar do hor\u00e1rio comercial no iFrame?<\/h3>\r\n\r\n\t\t\t\t\t\t<div class=\"faq-item-question-icon\"><\/div>\r\n\t\t\t\t\t<\/div>\r\n\r\n\t\t\t\t\t<div class=\"faq-item-answer\">\r\n\t\t\t\t\t\t<div class=\"faq-item-answer-text\">H\u00e1 muitas maneiras de melhorar as estat\u00edsticas de convers\u00e3o e indicadores de vendas do site adicionando um plugin de hor\u00e1rio comercial. Com os modelos da Elfsight para este excelente plugin para sites, \u00e9 poss\u00edvel escolher t\u00e1ticas de promo\u00e7\u00e3o pessoal. Voc\u00ea pode exibir informa\u00e7\u00f5es expandidas sobre seu hor\u00e1rio de funcionamento e formas de estabelecer comunica\u00e7\u00e3o com voc\u00ea ou apenas incorporar uma pequena barra de status atual. Voc\u00ea pode formar cart\u00f5es de contato com seu plugin de hor\u00e1rio comercial e adicion\u00e1-los \u00e0s p\u00e1ginas necess\u00e1rias do site para atrair a aten\u00e7\u00e3o e informar os visitantes sobre sua atividade. <\/div>\r\n\t\t\t\t\t<\/div>\r\n\t\t\t\t<\/div><div class=\"faq-item\">\r\n\t\t\t\t\t<div class=\"faq-item-question\">\r\n\t\t\t\t\t\t<h3 class=\"faq-item-question-text\">Como incorporar o hor\u00e1rio comercial gratuitamente em sites iFrame?<\/h3>\r\n\r\n\t\t\t\t\t\t<div class=\"faq-item-question-icon\"><\/div>\r\n\t\t\t\t\t<\/div>\r\n\r\n\t\t\t\t\t<div class=\"faq-item-answer\">\r\n\t\t\t\t\t\t<div class=\"faq-item-answer-text\">Incorporar um plug-in de hor\u00e1rio comercial em seu site iFrame \u00e9 uma maneira simples de atrair novos clientes e inform\u00e1-los sobre sua prontid\u00e3o para fazer vendas ou renderizar Servi\u00e7os. Encontre alguns tutoriais sobre como adicionar o plug-in de hor\u00e1rio de opera\u00e7\u00e3o sem c\u00f3digo ao seu site. <ol><li>Quando precisar incorporar um hor\u00e1rio comercial da Elfsight gratuitamente no iFrame, acesse o site da Elfsight e inscreva-se. <\/li><li>Crie o hor\u00e1rio comercial gratuito adaptando sua apar\u00eancia e configura\u00e7\u00f5es para combinar com o tema do seu site iFrame. <\/li><li>Depois de personalizar seu hor\u00e1rio comercial, copie o snippet de c\u00f3digo gerado e cole-o no site iFrame onde deseja que o plugin funcione. <\/li><\/ol>Ao inserir o hor\u00e1rio comercial em seu site iFrame, voc\u00ea certamente elevar\u00e1 sua apar\u00eancia visual e motivar\u00e1 a fidelidade sustent\u00e1vel dos visitantes. Sinta os benef\u00edcios do hor\u00e1rio comercial da Elfsight sem nenhum custo para voc\u00ea! <\/div>\r\n\t\t\t\t\t<\/div>\r\n\t\t\t\t<\/div><\/div><\/div><div class=\"application-platform-content-item-features application-platform-content-item\" id=\"features\" data-nav-section=\"features\"> <h2>O widget inclui recursos valiosos e descomplicados, aqui est\u00e3o alguns deles:<\/h2> <ul><li>Mostre o desempenho da sua empresa status atual<\/li><li>Ajuste f\u00e1cil do hor\u00e1rio de trabalho <\/li><li>Configura\u00e7\u00e3o de ocasi\u00f5es especiais<\/li><li>Indica\u00e7\u00e3o da situa\u00e7\u00e3o em tempo real<\/li><li>Tabela integr\u00e1vel ou status de uso eficiente de espa\u00e7o<\/li><\/ul><p><a href=\"#demo\">Basta experimentar esta demonstra\u00e7\u00e3o para ter uma ideia completa<\/a><\/p><\/div> <div class=\"application-platform-content-item-installation application-platform-content-item\" id=\"installation\" data-nav-section=\"installation\"> <h2>Como incorporo o hor\u00e1rio comercial em meu site iFrame?<\/h2> <p>Basta seguir as diretrizes abaixo para incorporar o plug-in aos seus turnos de trabalho.<\/p> <ol><li><b>Empregue nosso editor e comece a criar seu pr\u00f3prio plug-in sem c\u00f3digo.<\/b><br> Encontre a apar\u00eancia e as caracter\u00edsticas desej\u00e1veis \u200b\u200bdo aplicativo e salve as edi\u00e7\u00f5es. <\/li> <li><b>Obtenha o c\u00f3digo individual revelado na janela dos aplicativos Elfsight.<\/b><br> Ap\u00f3s a conclus\u00e3o da configura\u00e7\u00e3o do seu plug-in pessoal de horas de opera\u00e7\u00e3o sem c\u00f3digo, copie o c\u00f3digo individual do apareceu o pop-up e salve-o para outras ocasi\u00f5es. <\/li> <li><b>Inicie a aplica\u00e7\u00e3o do plugin em sua p\u00e1gina web iFrame.<\/b><br> Integre o c\u00f3digo que voc\u00ea salvou antes em sua p\u00e1gina inicial e salve as modifica\u00e7\u00f5es. <\/li> <li><b>Conclu\u00eddo! A integra\u00e7\u00e3o do seu hor\u00e1rio comercial sem c\u00f3digo ao site est\u00e1 totalmente realizada.<\/b><br> Visite seu site para dar uma olhada no trabalho do plugin de hor\u00e1rio de funcionamento adicionado. <\/li><\/ol> <p>Caso tenha d\u00favidas ou encontre algum problema, entre em contato com nossa equipe de suporte. Nossos consultores ter\u00e3o prazer em resolver todas as d\u00favidas que voc\u00ea possa ter com o plugin para iFrame. <\/p> <\/div>\n","protected":false},"excerpt":{"rendered":"","protected":false},"author":9,"featured_media":0,"parent":5170,"menu_order":0,"comment_status":"closed","ping_status":"closed","template":"templates\/template-application-platform.php","meta":{"publish_to_discourse":"","publish_post_category":"","wpdc_auto_publish_overridden":"","wpdc_topic_tags":"","wpdc_pin_topic":"","wpdc_pin_until":"","discourse_post_id":"","discourse_permalink":"","wpdc_publishing_response":"","wpdc_publishing_error":"","footnotes":""},"class_list":["post-6072","page","type-page","status-publish","hentry"],"yoast_head":"<!-- This site is optimized with the Yoast SEO plugin v25.3.1 - https:\/\/yoast.com\/wordpress\/plugins\/seo\/ -->\n<title>Adicionar hor\u00e1rio comercial ao iFrame - Incorpore hor\u00e1rios de trabalho r\u00e1pidos no local<\/title>\n<meta name=\"description\" content=\"Integre um widget personalizado de hor\u00e1rio comercial ao iFrame para compartilhar o status de sua atividade. Crie seu widget de hor\u00e1rio de opera\u00e7\u00e3o pessoal na demonstra\u00e7\u00e3o.\" \/>\n<meta name=\"robots\" content=\"index, follow, max-snippet:-1, max-image-preview:large, max-video-preview:-1\" \/>\n<link rel=\"canonical\" href=\"https:\/\/elfsight.com\/pt\/business-hours-widget\/iframe\/\" \/>\n<meta property=\"og:locale\" content=\"pt_PT\" \/>\n<meta property=\"og:type\" content=\"article\" \/>\n<meta property=\"og:title\" content=\"Adicionar hor\u00e1rio comercial ao iFrame - Incorpore hor\u00e1rios de trabalho r\u00e1pidos no local\" \/>\n<meta property=\"og:description\" content=\"Integre um widget personalizado de hor\u00e1rio comercial ao iFrame para compartilhar o status de sua atividade. Crie seu widget de hor\u00e1rio de opera\u00e7\u00e3o pessoal na demonstra\u00e7\u00e3o.\" \/>\n<meta property=\"og:url\" content=\"https:\/\/elfsight.com\/pt\/business-hours-widget\/iframe\/\" \/>\n<meta property=\"og:site_name\" content=\"Elfsight PT\" \/>\n<meta property=\"article:modified_time\" content=\"2025-03-04T13:33:44+00:00\" \/>\n<meta name=\"twitter:card\" content=\"summary_large_image\" \/>\n<meta name=\"twitter:label1\" content=\"Tempo estimado de leitura\" \/>\n\t<meta name=\"twitter:data1\" content=\"6 minutos\" \/>\n<!-- \/ Yoast SEO plugin. -->","yoast_head_json":{"title":"Adicionar hor\u00e1rio comercial ao iFrame - Incorpore hor\u00e1rios de trabalho r\u00e1pidos no local","description":"Integre um widget personalizado de hor\u00e1rio comercial ao iFrame para compartilhar o status de sua atividade. Crie seu widget de hor\u00e1rio de opera\u00e7\u00e3o pessoal na demonstra\u00e7\u00e3o.","robots":{"index":"index","follow":"follow","max-snippet":"max-snippet:-1","max-image-preview":"max-image-preview:large","max-video-preview":"max-video-preview:-1"},"canonical":"https:\/\/elfsight.com\/pt\/business-hours-widget\/iframe\/","og_locale":"pt_PT","og_type":"article","og_title":"Adicionar hor\u00e1rio comercial ao iFrame - Incorpore hor\u00e1rios de trabalho r\u00e1pidos no local","og_description":"Integre um widget personalizado de hor\u00e1rio comercial ao iFrame para compartilhar o status de sua atividade. Crie seu widget de hor\u00e1rio de opera\u00e7\u00e3o pessoal na demonstra\u00e7\u00e3o.","og_url":"https:\/\/elfsight.com\/pt\/business-hours-widget\/iframe\/","og_site_name":"Elfsight PT","article_modified_time":"2025-03-04T13:33:44+00:00","twitter_card":"summary_large_image","twitter_misc":{"Tempo estimado de leitura":"6 minutos"},"schema":{"@context":"https:\/\/schema.org","@graph":[{"@type":"WebPage","@id":"https:\/\/elfsight.com\/pt\/business-hours-widget\/iframe\/","url":"https:\/\/elfsight.com\/pt\/business-hours-widget\/iframe\/","name":"Adicionar hor\u00e1rio comercial ao iFrame - Incorpore hor\u00e1rios de trabalho r\u00e1pidos no local","isPartOf":{"@id":"https:\/\/elfsight.com\/pt\/#website"},"datePublished":"2024-05-03T06:31:16+00:00","dateModified":"2025-03-04T13:33:44+00:00","description":"Integre um widget personalizado de hor\u00e1rio comercial ao iFrame para compartilhar o status de sua atividade. Crie seu widget de hor\u00e1rio de opera\u00e7\u00e3o pessoal na demonstra\u00e7\u00e3o.","breadcrumb":{"@id":"https:\/\/elfsight.com\/pt\/business-hours-widget\/iframe\/#breadcrumb"},"inLanguage":"pt-PT","potentialAction":[{"@type":"ReadAction","target":["https:\/\/elfsight.com\/pt\/business-hours-widget\/iframe\/"]}]},{"@type":"BreadcrumbList","@id":"https:\/\/elfsight.com\/pt\/business-hours-widget\/iframe\/#breadcrumb","itemListElement":[{"@type":"ListItem","position":1,"name":"Home","item":"https:\/\/elfsight.com\/pt\/"},{"@type":"ListItem","position":2,"name":"Business Hours","item":"https:\/\/elfsight.com\/pt\/business-hours-widget\/"},{"@type":"ListItem","position":3,"name":"Business Hours &#8211; iFrame"}]},{"@type":"WebSite","@id":"https:\/\/elfsight.com\/pt\/#website","url":"https:\/\/elfsight.com\/pt\/","name":"Elfsight PT","description":"Just another Elfsight Sites site","potentialAction":[{"@type":"SearchAction","target":{"@type":"EntryPoint","urlTemplate":"https:\/\/elfsight.com\/pt\/?s={search_term_string}"},"query-input":{"@type":"PropertyValueSpecification","valueRequired":true,"valueName":"search_term_string"}}],"inLanguage":"pt-PT"}]}},"meta_box":{"industry":"","seo_heading":"","heading":"","description":"","cta_heading":"","cta_description":"","application":"5161","h1":"Widget de hor\u00e1rio comercial do iFrame","h1_caption":"Conte aos clientes sobre sua acessibilidade e compartilhe detalhes de contato","application_category":[],"applications_title":"","applications_request_title":"","applications_request_button_text":"","hero_text":"","hero_video":"","hero_video_schema_markup":"","selling_points_title":"","selling_points_caption":"","selling_points":[],"selling_points_cta_text":"","features_title":"","features":"","ed_cta_examples_text":"","ed_cta_examples_hidden":"","ed_cta_demo_text":"","ed_cta_demo_hidden":"","why_caption":"","why_editor_title":"","why_editor_text":"","why_team_title":"","why_team_text":"","why_service_title":"","why_service_text":"","template_catalog_visible":"0","template_catalog_title":"","template_catalog_text":"","template_catalog_categories_visible":"","demo_title":"Crie seu widget de hor\u00e1rio comercial","demo_caption":"Configure seu hor\u00e1rio comercial e adicione-o ao seu site iFrame gratuitamente!","default_faq_hidden":"","app_template_category":[],"platform":"4911","template_public_id":"","codecanyon_url":"","codecanyon_item_id":"","codecanyon_price":"","pricing_caption":"","pricing_elfsight_apps_hide_column":"","pricing_elfsight_apps_url":"","pricing_codecanyon_price_caption":"","integration_category":[],"integration_request_title":"","integration_request_cta":"","integration_platform":"","integrations":[],"platform_category":[],"video_schema_markup":"","price":"a partir de US$ 0\/m\u00eas","trial":"","benefits":[{"text":"Assist\u00eancia de instala\u00e7\u00e3o gratuita"},{"text":"Suporte premium"},{"text":"Garantia de devolu\u00e7\u00e3o do dinheiro em 14 dias"},{"text":"Melhorias cont\u00ednuas"}],"button_url":"#demo","button_target_blank":"0","button_nofollow":"0","attributes":[{"name":"Instala\u00e7\u00f5es","content":"10,000 - 100,000"},{"name":"Responsivo","content":"Sim"},{"name":"Navegadores compat\u00edveis","content":"Firefox, Safari, Opera, Chrome, Edge"}],"tags":[],"tags_disable_links":"0","hide_more_platforms":"0","video_object":"","demo_hide_cta":"0","demo_hide_cloud_options":"0","pricing_title":"","pricing":[{"pricing_icon":"platform","pricing_title":"Elfsight Apps","pricing_title_caption":"Solu\u00e7\u00e3o multiplataforma","pricing_price":"a partir de US$ 0\/m\u00eas","pricing_price_caption":"comece com um plano gratuito","pricing_benefits":[{"text":"Sites ilimitados"},{"text":"Suporte r\u00e1pido e pontual"},{"text":"Suporte r\u00e1pido e pontual"},{"text":"Totalmente personaliz\u00e1vel"}],"pricing_button_text":"Adicionar ao site","pricing_button_url":"#demo"}],"related_apps_title":"","related_apps_hidden":"0","author":"","image":[],"title":"","job":"","social_networks":[]},"_links":{"self":[{"href":"https:\/\/elfsight.com\/pt\/wp-json\/wp\/v2\/pages\/6072","targetHints":{"allow":["GET"]}}],"collection":[{"href":"https:\/\/elfsight.com\/pt\/wp-json\/wp\/v2\/pages"}],"about":[{"href":"https:\/\/elfsight.com\/pt\/wp-json\/wp\/v2\/types\/page"}],"author":[{"embeddable":true,"href":"https:\/\/elfsight.com\/pt\/wp-json\/wp\/v2\/users\/9"}],"replies":[{"embeddable":true,"href":"https:\/\/elfsight.com\/pt\/wp-json\/wp\/v2\/comments?post=6072"}],"version-history":[{"count":2,"href":"https:\/\/elfsight.com\/pt\/wp-json\/wp\/v2\/pages\/6072\/revisions"}],"predecessor-version":[{"id":14359,"href":"https:\/\/elfsight.com\/pt\/wp-json\/wp\/v2\/pages\/6072\/revisions\/14359"}],"up":[{"embeddable":true,"href":"https:\/\/elfsight.com\/pt\/wp-json\/wp\/v2\/pages\/5170"}],"wp:attachment":[{"href":"https:\/\/elfsight.com\/pt\/wp-json\/wp\/v2\/media?parent=6072"}],"curies":[{"name":"wp","href":"https:\/\/api.w.org\/{rel}","templated":true}]}}