{"id":6071,"date":"2024-05-03T06:31:15","date_gmt":"2024-05-03T06:31:15","guid":{"rendered":"https:\/\/elfsight.com\/pt\/?page_id=6071"},"modified":"2025-03-04T13:37:01","modified_gmt":"2025-03-04T13:37:01","slug":"shopify","status":"publish","type":"page","link":"https:\/\/elfsight.com\/pt\/business-hours-widget\/shopify\/","title":{"rendered":"Business Hours &#8211; Shopify"},"content":{"rendered":"\n<div class=\"application-platform-content-item-description application-platform-content-item\" id=\"description\" data-nav-section=\"description\"> <h2>Incorpore o hor\u00e1rio comercial no Shopify com um aplicativo da Elfsight<\/h2> <p>O hor\u00e1rio comercial do Elfsight para Shopify \u00e9 um widget simples e sem c\u00f3digo que permite formar um cart\u00e3o de visita atraente com os dados mais significativos sobre a sua atividade. Voc\u00ea pode adicionar informa\u00e7\u00f5es sobre seu status de trabalho atual e habilitar contatos para seus clientes. O widget permite criar designs f\u00e1ceis de usar, para que os visitantes possam explorar facilmente todos os dados necess\u00e1rios de forma breve ou mais detalhada. <\/p><p>O \u00f3timo widget vem equipado com uma variedade de modelos, para que voc\u00ea tenha liberdade para escolher a melhor op\u00e7\u00e3o para o seu site. Cada modelo possui configura\u00e7\u00f5es ajust\u00e1veis \u200b\u200bpara ajud\u00e1-lo a formar um widget pessoal com elementos como bot\u00f5es de CTA que aumentam as vendas. Incorporar o hor\u00e1rio de trabalho e os contactos da sua empresa nas suas p\u00e1ginas \u00e9 muito f\u00e1cil com o widget da Elfsight devido aos tutoriais e instru\u00e7\u00f5es simples. Qualquer propriet\u00e1rio de site pode criar e usar o widget de hor\u00e1rio comercial sem c\u00f3digo gratuitamente<\/p><p><b>Use detalhes comerciais em seu site para aumentar as taxas de vendas e a satisfa\u00e7\u00e3o do cliente. Adicione informa\u00e7\u00f5es significativas sobre seu status de trabalho sem esfor\u00e7o. <\/b><\/p> <p>Com este widget incorporado ao site do Shopify, voc\u00ea pode conscientizar seu p\u00fablico sobre seu neg\u00f3cio e obter vendas regulares. Explore alguns dos principais benef\u00edcios para o seu site ao adicionar o widget de hor\u00e1rio de trabalho sem c\u00f3digo a ele. <\/p><ul><li><b>Deixe que seus clientes estejam sempre na hora certa.<\/b> Aumente as vendas, por estar seguramente em contato nos prazos de trabalho indicados. Seus visitantes ver\u00e3o seu widget de hor\u00e1rio de atividade e ficar\u00e3o mais decididos a realizar uma compra bem-sucedida quando precisarem. <\/li><li><b>Evite mal-entendidos em rela\u00e7\u00e3o ao seu hor\u00e1rio de trabalho.<\/b> Mostrar seu hor\u00e1rio de funcionamento decente aos clientes no site os tornar\u00e1 mais dedicados \u00e0 sua empresa, pois eles poder\u00e3o planejar um pedido ou uma visita a voc\u00ea. <\/li><li><b>Exiba dados de contato de maneira conveniente.<\/b> Incorpore os detalhes de contato em seu widget de hor\u00e1rio de opera\u00e7\u00e3o sem c\u00f3digo para estabelecer comunica\u00e7\u00e3o com os visitantes do site e agilizar as vendas. Demonstre que voc\u00ea est\u00e1 aqui para responder \u00e0s suas d\u00favidas sobre os produtos e servi\u00e7os da sua empresa, resultando em mais fideliza\u00e7\u00e3o e melhores vendas. <\/li><\/ul><div class=\"faq\" data-component=\"FAQ\"><div class=\"faq-item\">\r\n\t\t\t\t\t<div class=\"faq-item-question\">\r\n\t\t\t\t\t\t<h3 class=\"faq-item-question-text\">Voc\u00eas oferecem algum outro plug-in para Shopify que eu possa usar em meu site?<\/h3>\r\n\r\n\t\t\t\t\t\t<div class=\"faq-item-question-icon\"><\/div>\r\n\t\t\t\t\t<\/div>\r\n\r\n\t\t\t\t\t<div class=\"faq-item-answer\">\r\n\t\t\t\t\t\t<div class=\"faq-item-answer-text\">Podemos fornecer v\u00e1rios plug-ins para voc\u00ea realizar qualquer tipo de objetivo. seu site. Veja voc\u00ea mesmo: <a href=\"https:\/\/elfsight.com\/google-reviews-widget\/shopify\/\" target=\"_blank\" rel=\"noopener\">Google Reviews<\/a>, <a href=\"https:\/\/elfsight.com\/whatsapp-chat-widget\/shopify\/\" target=\"_blank\" rel=\"noopener\">Bate-papo do WhatsApp<\/a>, <a href=\"https:\/\/elfsight.com\/event-calendar-widget\/shopify\/\" target=\"_blank\" rel=\"noopener\">Calend\u00e1rio de eventos<\/a>, <a href=\"https:\/\/elfsight.com\/countdown-timer-widget\/shopify\/\" target=\"_blank \" rel=\"noopener\">Temporizador de contagem regressiva<\/a>, <a href=\"https:\/\/elfsight.com\/qr-code-widget\/shopify\/\" target=\"_blank\" rel=\"noopener\">C\u00f3digo QR<\/a>. <\/div>\r\n\t\t\t\t\t<\/div>\r\n\t\t\t\t<\/div><div class=\"faq-item\">\r\n\t\t\t\t\t<div class=\"faq-item-question\">\r\n\t\t\t\t\t\t<h3 class=\"faq-item-question-text\">Como posso obter resultados com o hor\u00e1rio comercial no Shopify?<\/h3>\r\n\r\n\t\t\t\t\t\t<div class=\"faq-item-question-icon\"><\/div>\r\n\t\t\t\t\t<\/div>\r\n\r\n\t\t\t\t\t<div class=\"faq-item-answer\">\r\n\t\t\t\t\t\t<div class=\"faq-item-answer-text\">Voc\u00ea acessa v\u00e1rias maneiras de melhorar as taxas de convers\u00e3o e os n\u00fameros de vendas adicionando um plugin de hor\u00e1rio comercial. Com os modelos da Elfsight para este maravilhoso plugin para sites, voc\u00ea pode criar t\u00e1ticas de neg\u00f3cios individuais. Voc\u00ea pode demonstrar informa\u00e7\u00f5es ampliadas sobre seu hor\u00e1rio de atividade e formas de contat\u00e1-lo ou apenas incorporar uma barra de status atual minimalista. Voc\u00ea pode criar cart\u00f5es de contato com nosso plugin de hor\u00e1rio comercial e adicion\u00e1-los \u00e0s \u00e1reas desejadas do site para atrair a aten\u00e7\u00e3o e informar os clientes sobre sua atividade comercial. <\/div>\r\n\t\t\t\t\t<\/div>\r\n\t\t\t\t<\/div><div class=\"faq-item\">\r\n\t\t\t\t\t<div class=\"faq-item-question\">\r\n\t\t\t\t\t\t<h3 class=\"faq-item-question-text\">Como incorporar o hor\u00e1rio comercial no Shopify gratuitamente?<\/h3>\r\n\r\n\t\t\t\t\t\t<div class=\"faq-item-question-icon\"><\/div>\r\n\t\t\t\t\t<\/div>\r\n\r\n\t\t\t\t\t<div class=\"faq-item-answer\">\r\n\t\t\t\t\t\t<div class=\"faq-item-answer-text\">Incorporar um plugin de hor\u00e1rio comercial em seu site do Shopify \u00e9 uma maneira simples de atrair novos clientes e inform\u00e1-los sobre sua disponibilidade para fazer vendas ou fornecer servi\u00e7os . Oferecemos tutoriais sobre como adicionar o plugin de hor\u00e1rio de funcionamento gratuito ao seu site. <ol><li>Quando precisar incorporar um hor\u00e1rio comercial da Elfsight gratuitamente no Shopify, visite o site da Elfsight e inscreva-se.<\/li> <li>Ajuste o plugin de hor\u00e1rio de funcionamento adaptando sua apar\u00eancia e configura\u00e7\u00f5es para corresponder ao seu Shopify estilo do site.<\/li> <li>Depois de ajustar o hor\u00e1rio comercial, copie o c\u00f3digo especial e cole-o no HTML do seu site da Shopify onde deseja que o plug-in fique. <\/li><\/ol>Ao integrar seu hor\u00e1rio comercial ao Shopify, voc\u00ea definitivamente aumentar\u00e1 sua atratividade visual e aumentar\u00e1 a fidelidade est\u00e1vel dos visitantes. Experimente os benef\u00edcios do hor\u00e1rio comercial da Elfsight sem nenhum custo para voc\u00ea! <\/div>\r\n\t\t\t\t\t<\/div>\r\n\t\t\t\t<\/div><\/div><\/div><div class=\"application-platform-content-item-features application-platform-content-item\" id=\"features\" data-nav-section=\"features\"> <h2>O widget oferece recursos \u00fateis, veja alguns deles:<\/h2> <ul><li>Demonstre o desempenho da sua organiza\u00e7\u00e3o em tempo real status<\/li><li>Configura\u00e7\u00e3o f\u00e1cil do per\u00edodo de trabalho<\/li><li>Configura\u00e7\u00e3o dos dias festivos<\/li><li>Status da situa\u00e7\u00e3o atual<\/li><li>Mesa inser\u00edvel ou status compacto<\/li><\/ul><p><a href=\"#demo\">Voc\u00ea pode conferir todos os recursos do widget na demonstra\u00e7\u00e3o agora mesmo<\/a><\/p><\/div> <div class=\"application-platform-content-item-installation application-platform-content-item\" id=\"installation\" data-nav-section=\"installation\"> <h2>Como adiciono o hor\u00e1rio comercial ao meu site da Shopify?<\/h2> <p>Basta seguir algumas etapas descritas abaixo para integrar o plug-in aos seus turnos de trabalho.<\/p> <ol><li><b> Inicie nosso editor e comece a criar seu plugin sem c\u00f3digo exclusivo.<\/b><br> Escolha o design selecionado e as caracter\u00edsticas funcionais do plugin e salve as modifica\u00e7\u00f5es. <\/li> <li><b>Adquira o c\u00f3digo individual mostrado na janela dos aplicativos Elfsight.<\/b><br> Logo ap\u00f3s a cria\u00e7\u00e3o da sua solu\u00e7\u00e3o pessoal sem c\u00f3digo, copie o c\u00f3digo pessoal no c\u00f3digo exibido. pop-up e salve-o para uso posterior. <\/li> <li><b>Entre usando o aplicativo no site da Shopify.<\/b><br> Cole o c\u00f3digo que voc\u00ea salvou recentemente em sua p\u00e1gina inicial e aplique as modifica\u00e7\u00f5es. <\/li> <li><b>Conclu\u00eddo! A integra\u00e7\u00e3o do seu hor\u00e1rio comercial sem c\u00f3digo foi realizada com sucesso.<\/b><br> Visite seu site para examinar o trabalho do plug-in de hor\u00e1rio de opera\u00e7\u00e3o adicionado. <\/li><\/ol> <p>Caso tenha d\u00favidas ou enfrente alguns problemas, entre em contato com nossa equipe de atendimento ao cliente. Nosso pessoal est\u00e1 ansioso para ajud\u00e1-lo com todas as d\u00favidas que voc\u00ea possa ter sobre o plugin para Shopify.<\/p> <\/div>\n","protected":false},"excerpt":{"rendered":"","protected":false},"author":9,"featured_media":0,"parent":5170,"menu_order":0,"comment_status":"closed","ping_status":"closed","template":"templates\/template-application-platform.php","meta":{"publish_to_discourse":"","publish_post_category":"","wpdc_auto_publish_overridden":"","wpdc_topic_tags":"","wpdc_pin_topic":"","wpdc_pin_until":"","discourse_post_id":"","discourse_permalink":"","wpdc_publishing_response":"","wpdc_publishing_error":"","footnotes":""},"class_list":["post-6071","page","type-page","status-publish","hentry"],"yoast_head":"<!-- This site is optimized with the Yoast SEO plugin v25.3.1 - https:\/\/yoast.com\/wordpress\/plugins\/seo\/ -->\n<title>Adicionar hor\u00e1rio comercial ao Shopify - Incorpore hor\u00e1rio comercial ao site<\/title>\n<meta name=\"description\" content=\"Incorpore um widget personaliz\u00e1vel de hor\u00e1rio comercial no Shopify para mostrar o status de sua atividade. Forme seu pr\u00f3prio hor\u00e1rio de atividade usando a demonstra\u00e7\u00e3o.\" \/>\n<meta name=\"robots\" content=\"index, follow, max-snippet:-1, max-image-preview:large, max-video-preview:-1\" \/>\n<link rel=\"canonical\" href=\"https:\/\/elfsight.com\/pt\/business-hours-widget\/shopify\/\" \/>\n<meta property=\"og:locale\" content=\"pt_PT\" \/>\n<meta property=\"og:type\" content=\"article\" \/>\n<meta property=\"og:title\" content=\"Adicionar hor\u00e1rio comercial ao Shopify - Incorpore hor\u00e1rio comercial ao site\" \/>\n<meta property=\"og:description\" content=\"Incorpore um widget personaliz\u00e1vel de hor\u00e1rio comercial no Shopify para mostrar o status de sua atividade. Forme seu pr\u00f3prio hor\u00e1rio de atividade usando a demonstra\u00e7\u00e3o.\" \/>\n<meta property=\"og:url\" content=\"https:\/\/elfsight.com\/pt\/business-hours-widget\/shopify\/\" \/>\n<meta property=\"og:site_name\" content=\"Elfsight PT\" \/>\n<meta property=\"article:modified_time\" content=\"2025-03-04T13:37:01+00:00\" \/>\n<meta name=\"twitter:card\" content=\"summary_large_image\" \/>\n<meta name=\"twitter:label1\" content=\"Tempo estimado de leitura\" \/>\n\t<meta name=\"twitter:data1\" content=\"5 minutos\" \/>\n<!-- \/ Yoast SEO plugin. -->","yoast_head_json":{"title":"Adicionar hor\u00e1rio comercial ao Shopify - Incorpore hor\u00e1rio comercial ao site","description":"Incorpore um widget personaliz\u00e1vel de hor\u00e1rio comercial no Shopify para mostrar o status de sua atividade. Forme seu pr\u00f3prio hor\u00e1rio de atividade usando a demonstra\u00e7\u00e3o.","robots":{"index":"index","follow":"follow","max-snippet":"max-snippet:-1","max-image-preview":"max-image-preview:large","max-video-preview":"max-video-preview:-1"},"canonical":"https:\/\/elfsight.com\/pt\/business-hours-widget\/shopify\/","og_locale":"pt_PT","og_type":"article","og_title":"Adicionar hor\u00e1rio comercial ao Shopify - Incorpore hor\u00e1rio comercial ao site","og_description":"Incorpore um widget personaliz\u00e1vel de hor\u00e1rio comercial no Shopify para mostrar o status de sua atividade. Forme seu pr\u00f3prio hor\u00e1rio de atividade usando a demonstra\u00e7\u00e3o.","og_url":"https:\/\/elfsight.com\/pt\/business-hours-widget\/shopify\/","og_site_name":"Elfsight PT","article_modified_time":"2025-03-04T13:37:01+00:00","twitter_card":"summary_large_image","twitter_misc":{"Tempo estimado de leitura":"5 minutos"},"schema":{"@context":"https:\/\/schema.org","@graph":[{"@type":"WebPage","@id":"https:\/\/elfsight.com\/pt\/business-hours-widget\/shopify\/","url":"https:\/\/elfsight.com\/pt\/business-hours-widget\/shopify\/","name":"Adicionar hor\u00e1rio comercial ao Shopify - Incorpore hor\u00e1rio comercial ao site","isPartOf":{"@id":"https:\/\/elfsight.com\/pt\/#website"},"datePublished":"2024-05-03T06:31:15+00:00","dateModified":"2025-03-04T13:37:01+00:00","description":"Incorpore um widget personaliz\u00e1vel de hor\u00e1rio comercial no Shopify para mostrar o status de sua atividade. Forme seu pr\u00f3prio hor\u00e1rio de atividade usando a demonstra\u00e7\u00e3o.","breadcrumb":{"@id":"https:\/\/elfsight.com\/pt\/business-hours-widget\/shopify\/#breadcrumb"},"inLanguage":"pt-PT","potentialAction":[{"@type":"ReadAction","target":["https:\/\/elfsight.com\/pt\/business-hours-widget\/shopify\/"]}]},{"@type":"BreadcrumbList","@id":"https:\/\/elfsight.com\/pt\/business-hours-widget\/shopify\/#breadcrumb","itemListElement":[{"@type":"ListItem","position":1,"name":"Home","item":"https:\/\/elfsight.com\/pt\/"},{"@type":"ListItem","position":2,"name":"Business Hours","item":"https:\/\/elfsight.com\/pt\/business-hours-widget\/"},{"@type":"ListItem","position":3,"name":"Business Hours &#8211; Shopify"}]},{"@type":"WebSite","@id":"https:\/\/elfsight.com\/pt\/#website","url":"https:\/\/elfsight.com\/pt\/","name":"Elfsight PT","description":"Just another Elfsight Sites site","potentialAction":[{"@type":"SearchAction","target":{"@type":"EntryPoint","urlTemplate":"https:\/\/elfsight.com\/pt\/?s={search_term_string}"},"query-input":{"@type":"PropertyValueSpecification","valueRequired":true,"valueName":"search_term_string"}}],"inLanguage":"pt-PT"}]}},"meta_box":{"industry":"","seo_heading":"","heading":"","description":"","cta_heading":"","cta_description":"","application":"5161","h1":"Hor\u00e1rio comercial do Shopify","h1_caption":"Integre perfeitamente servi\u00e7os populares em seu site.","application_category":[],"applications_title":"","applications_request_title":"","applications_request_button_text":"","hero_text":"","hero_video":"","hero_video_schema_markup":"","selling_points_title":"","selling_points_caption":"","selling_points":[],"selling_points_cta_text":"","features_title":"","features":"","ed_cta_examples_text":"","ed_cta_examples_hidden":"","ed_cta_demo_text":"","ed_cta_demo_hidden":"","why_caption":"","why_editor_title":"","why_editor_text":"","why_team_title":"","why_team_text":"","why_service_title":"","why_service_text":"","template_catalog_visible":"0","template_catalog_title":"","template_catalog_text":"","template_catalog_categories_visible":"","demo_title":"Crie seu aplicativo de hor\u00e1rio comercial","demo_caption":"Configure seu hor\u00e1rio comercial e adicione-o ao seu site Shopify gratuitamente!","default_faq_hidden":"","app_template_category":[],"platform":"64","template_public_id":"","codecanyon_url":"","codecanyon_item_id":"","codecanyon_price":"","pricing_caption":"","pricing_elfsight_apps_hide_column":"","pricing_elfsight_apps_url":"","pricing_codecanyon_price_caption":"","integration_category":[],"integration_request_title":"","integration_request_cta":"","integration_platform":"","integrations":[],"platform_category":[],"video_schema_markup":"","price":"a partir de US$ 0\/m\u00eas","trial":"","benefits":[{"text":"Servi\u00e7o de instala\u00e7\u00e3o gratuito"},{"text":"Suporte premium"},{"text":"Garantia de devolu\u00e7\u00e3o do dinheiro em 14 dias"},{"text":"Atualiza\u00e7\u00f5es gratuitas vital\u00edcias"}],"button_url":"#demo","button_target_blank":"0","button_nofollow":"0","attributes":[{"name":"Instala\u00e7\u00f5es","content":"10,000 - 100,000"},{"name":"Responsivo","content":"Sim"},{"name":"Navegadores compat\u00edveis","content":"Firefox, Safari, Opera, Chrome, Edge"}],"tags":[],"tags_disable_links":"0","hide_more_platforms":"0","video_object":"","demo_hide_cta":"0","demo_hide_cloud_options":"0","pricing_title":"","pricing":[{"pricing_icon":"platform","pricing_title":"Elfsight Apps","pricing_title_caption":"Solu\u00e7\u00e3o independente de plataforma adequada para qualquer site","pricing_price":"a partir de US$ 0\/m\u00eas","pricing_price_caption":"comece com um plano gratuito","pricing_benefits":[{"text":"Sites ilimitados"},{"text":"Suporte ao cliente premium"},{"text":"Suporte ao cliente premium"},{"text":"100% personaliz\u00e1vel"}],"pricing_button_text":"Adicionar ao site","pricing_button_url":"#demo"}],"related_apps_title":"","related_apps_hidden":"0","author":"","image":[],"title":"","job":"","social_networks":[]},"_links":{"self":[{"href":"https:\/\/elfsight.com\/pt\/wp-json\/wp\/v2\/pages\/6071","targetHints":{"allow":["GET"]}}],"collection":[{"href":"https:\/\/elfsight.com\/pt\/wp-json\/wp\/v2\/pages"}],"about":[{"href":"https:\/\/elfsight.com\/pt\/wp-json\/wp\/v2\/types\/page"}],"author":[{"embeddable":true,"href":"https:\/\/elfsight.com\/pt\/wp-json\/wp\/v2\/users\/9"}],"replies":[{"embeddable":true,"href":"https:\/\/elfsight.com\/pt\/wp-json\/wp\/v2\/comments?post=6071"}],"version-history":[{"count":2,"href":"https:\/\/elfsight.com\/pt\/wp-json\/wp\/v2\/pages\/6071\/revisions"}],"predecessor-version":[{"id":14362,"href":"https:\/\/elfsight.com\/pt\/wp-json\/wp\/v2\/pages\/6071\/revisions\/14362"}],"up":[{"embeddable":true,"href":"https:\/\/elfsight.com\/pt\/wp-json\/wp\/v2\/pages\/5170"}],"wp:attachment":[{"href":"https:\/\/elfsight.com\/pt\/wp-json\/wp\/v2\/media?parent=6071"}],"curies":[{"name":"wp","href":"https:\/\/api.w.org\/{rel}","templated":true}]}}