{"id":6065,"date":"2024-05-03T06:31:13","date_gmt":"2024-05-03T06:31:13","guid":{"rendered":"https:\/\/elfsight.com\/pt\/?page_id=6065"},"modified":"2025-03-04T13:42:43","modified_gmt":"2025-03-04T13:42:43","slug":"wix","status":"publish","type":"page","link":"https:\/\/elfsight.com\/pt\/business-hours-widget\/wix\/","title":{"rendered":"Business Hours &#8211; Wix"},"content":{"rendered":"\n<div class=\"application-platform-content-item-description application-platform-content-item\" id=\"description\" data-nav-section=\"description\"> <h2>Incorpore o hor\u00e1rio comercial no Wix com um aplicativo Elfsight<\/h2> <p>O Elfsight Business Hours for Wix \u00e9 um widget simples sem c\u00f3digo que permite voc\u00ea construa um lindo cart\u00e3o de visita contendo os momentos mais importantes da sua atividade. Voc\u00ea pode compartilhar informa\u00e7\u00f5es sobre seu status operacional e fornecer contatos para seus clientes. O widget permite que voc\u00ea crie designs f\u00e1ceis de usar, para que os visitantes possam explorar rapidamente todos os dados necess\u00e1rios de forma resumida ou mais detalhada. <\/p><p>O maravilhoso widget inclui v\u00e1rios modelos, para que voc\u00ea possa selecionar a melhor op\u00e7\u00e3o para o seu site. Cada modelo cont\u00e9m configura\u00e7\u00f5es para permitir que voc\u00ea crie um widget personalizado com os elementos necess\u00e1rios para aumentar as vendas. Integrar o hor\u00e1rio de funcionamento e os detalhes da sua empresa no site \u00e9 f\u00e1cil com a Elfsight, que oferece tutoriais e guias f\u00e1ceis de seguir. Qualquer editor de site pode criar e adicionar o widget gratuitamente<\/p> <p><b>Adicione detalhes comerciais ao seu site para aumentar as vendas e fidelizar o cliente. Compartilhe com clareza informa\u00e7\u00f5es importantes sobre sua atividade de trabalho. <\/b><\/p><p>Com este widget incorporado ao seu site Wix, voc\u00ea informa os clientes sobre o seu neg\u00f3cio e obt\u00e9m vendas regulares. Explore alguns dos principais benef\u00edcios para o seu site ao adicionar o widget de hor\u00e1rio de trabalho gratuito a ele.<\/p><ul><li><b>Ajude os clientes a estarem sempre atualizados.<\/b> Aumente as vendas, sendo constantemente em contato no hor\u00e1rio de trabalho indicado. Os visitantes do seu site perceber\u00e3o o hor\u00e1rio de atividade e ficar\u00e3o mais confiantes para fazer uma compra quando precisarem. <\/li><li><b>Evite mal-entendidos em rela\u00e7\u00e3o ao seu hor\u00e1rio de trabalho.<\/b> Exibir seu hor\u00e1rio de funcionamento direto aos clientes os tornar\u00e1 mais leais \u00e0 sua empresa, pois eles poder\u00e3o planejar um pedido no site ou uma visita a voc\u00ea. <\/li><li><b>Forne\u00e7a dados de contato de forma vis\u00edvel.<\/b> Adicionar os dados de contato ao widget de hor\u00e1rio comercial sem c\u00f3digo permite que voc\u00ea se comunique melhor com seus clientes e agilize as vendas. Demonstre que voc\u00ea est\u00e1 trabalhando e pronto para responder suas d\u00favidas sobre seus produtos e servi\u00e7os, resultando em mais fidelidade e aprova\u00e7\u00e3o. <\/li><\/ul><div class=\"faq\" data-component=\"FAQ\"><div class=\"faq-item\">\r\n\t\t\t\t\t<div class=\"faq-item-question\">\r\n\t\t\t\t\t\t<h3 class=\"faq-item-question-text\">Existe algum outro plugin para Wix que eu possa ter no meu site?<\/h3>\r\n\r\n\t\t\t\t\t\t<div class=\"faq-item-question-icon\"><\/div>\r\n\t\t\t\t\t<\/div>\r\n\r\n\t\t\t\t\t<div class=\"faq-item-answer\">\r\n\t\t\t\t\t\t<div class=\"faq-item-answer-text\">Podemos fornecer v\u00e1rios plugins para voc\u00ea realizar qualquer tipo de tarefa em seu site: <a href=\"https:\/\/elfsight.com\/google-reviews-widget\/wix\/\" target=\"_blank\" rel=\"noopener\">Google Reviews<\/a>, <a href=\"https:\/ \/elfsight.com\/whatsapp-chat-widget\/wix\/\" target=\"_blank\" rel=\"noopener\">Bate-papo do WhatsApp<\/a>, <a href=\"https:\/\/elfsight.com\/event-calendar-widget\/wix\/\" target=\"_blank\" rel=\"noopener\">Calend\u00e1rio de eventos<\/a>, <a href=\"https:\/\/elfsight.com\/countdown-timer-widget\/wix\/\" target=\"_blank\" rel=\"noopener\">Temporizador de contagem regressiva<\/a>, <a href=\"https:\/\/elfsight.com\/qr-code-widget\/wix\/\" target=\"_blank\" rel=\"noopener\">C\u00f3digo QR<\/a>.<\/div>\r\n\t\t\t\t\t<\/div>\r\n\t\t\t\t<\/div><div class=\"faq-item\">\r\n\t\t\t\t\t<div class=\"faq-item-question\">\r\n\t\t\t\t\t\t<h3 class=\"faq-item-question-text\">Como posso me beneficiar do hor\u00e1rio comercial em sites Wix?<\/h3>\r\n\r\n\t\t\t\t\t\t<div class=\"faq-item-question-icon\"><\/div>\r\n\t\t\t\t\t<\/div>\r\n\r\n\t\t\t\t\t<div class=\"faq-item-answer\">\r\n\t\t\t\t\t\t<div class=\"faq-item-answer-text\">Existem muitos cen\u00e1rios para melhorar as taxas de convers\u00e3o e os resultados de vendas adicionando o plugin de hor\u00e1rio comercial. Com os modelos da Elfsight para este maravilhoso plugin para sites, voc\u00ea pode encontrar t\u00e1ticas de neg\u00f3cios pessoais. Voc\u00ea pode exibir informa\u00e7\u00f5es expandidas sobre seu hor\u00e1rio de trabalho e ferramentas para estabelecer comunica\u00e7\u00e3o com voc\u00ea ou apenas incorporar um pop-up minimalista de status operacional. Voc\u00ea pode formar cart\u00f5es de contato com nosso plug-in e incorpor\u00e1-los nos locais necess\u00e1rios do site para atrair a aten\u00e7\u00e3o e informar a todos sobre o seu neg\u00f3cio status para inspirar vendas.<\/div>\r\n\t\t\t\t\t<\/div>\r\n\t\t\t\t<\/div><div class=\"faq-item\">\r\n\t\t\t\t\t<div class=\"faq-item-question\">\r\n\t\t\t\t\t\t<h3 class=\"faq-item-question-text\">Como incorporar o hor\u00e1rio comercial gratuitamente no Wix?<\/h3>\r\n\r\n\t\t\t\t\t\t<div class=\"faq-item-question-icon\"><\/div>\r\n\t\t\t\t\t<\/div>\r\n\r\n\t\t\t\t\t<div class=\"faq-item-answer\">\r\n\t\t\t\t\t\t<div class=\"faq-item-answer-text\">Incorporar um plugin gratuito de hor\u00e1rio comercial em seu site Wix \u00e9 um m\u00e9todo perfeito para envolver os visitantes na comunica\u00e7\u00e3o e contar-lhes sobre o seu disponibilidade para realizar vendas ou prestar servi\u00e7os. Oferecemos alguns tutoriais sobre como adicionar o plugin de hor\u00e1rio de funcionamento ao seu site.<ol><li>Para adicionar um aplicativo Elfsight Business Hours gratuitamente ao Wix, acesse o site da Elfsight e inscreva-se.<\/li> <li>Criar o plugin gratuito sem c\u00f3digo, adaptando sua apar\u00eancia e configura\u00e7\u00f5es para combinar com o estilo do seu site Wix.<\/li> <li>Depois de ajustar seu hor\u00e1rio comercial sem c\u00f3digo gratuitamente, copie o c\u00f3digo gerado e cole-o no HTML do seu site Wix onde voc\u00ea deseja que o plugin seja exibido.<\/li><\/ol>Ao adicionar o hor\u00e1rio comercial ao seu site Wix, voc\u00ea certamente aumentar\u00e1 sua apar\u00eancia visual e motivar\u00e1 o envolvimento est\u00e1vel do cliente. Descubra as vantagens do plugin Elfsight Business Hours sem nenhum custo para voc\u00ea!<\/div>\r\n\t\t\t\t\t<\/div>\r\n\t\t\t\t<\/div><\/div><\/div><div class=\"application-platform-content-item-features application-platform-content-item\" id=\"features\" data-nav-section=\"features\"> <h2>Explore a lista dos recursos mais importantes:<\/h2> <ul><li>Mostre o status atual de trabalho da sua empresa<\/li><li>Ajuste simples de hor\u00e1rio<\/li><li>Configura\u00e7\u00e3o para ocasi\u00f5es especiais<\/li><li>Estado atual da empresa<\/li><li> Gr\u00e1fico de hor\u00e1rio comercial inser\u00edvel ou status de economia de espa\u00e7o<\/li><\/ul><p><a href=\"#demo\">Experimente todas as configura\u00e7\u00f5es em uma demonstra\u00e7\u00e3o totalmente funcional<\/a><\/p> <\/div><div class=\"application-platform-content-item-installation application-platform-content-item\" id=\"installation\" data-nav-section=\"installation\"> <h2>Como posso incorporar o hor\u00e1rio comercial ao meu site do Squarespace?<\/h2><p>Basta seguir as instru\u00e7\u00f5es abaixo para incorporar o plug-in.<\/p> <ol><li><b> Inicie nosso editor e comece a criar seu plugin de hor\u00e1rio de atividade personalizado. <\/b><br> Especifique a apar\u00eancia personalizada e as caracter\u00edsticas funcionais do plugin e fa\u00e7a as corre\u00e7\u00f5es desejadas. <\/li> <li><b>Copie o c\u00f3digo pessoal incorporado que aparece no formul\u00e1rio especial nas aplica\u00e7\u00f5es Elfsight.<\/b><br> Logo ap\u00f3s a cria\u00e7\u00e3o do seu plugin, copie o c\u00f3digo individual na janela que aparece. e guarde-o para necessidades futuras. <\/li> <li><b>Comece a usar o aplicativo adicionado ao seu site.<\/b><br> Insira o c\u00f3digo que voc\u00ea recebeu anteriormente na p\u00e1gina inicial do Squarespace e salve as corre\u00e7\u00f5es. <\/li> <li><b>Conclu\u00eddo! A configura\u00e7\u00e3o do seu hor\u00e1rio comercial sem c\u00f3digo est\u00e1 totalmente realizada.<\/b><br> Acesse seu site para ver em a\u00e7\u00e3o o desempenho do plugin atraindo clientes e vendas. <\/li><\/ol> <p>Supondo que voc\u00ea tenha alguma complica\u00e7\u00e3o com este widget do Squarespace, entre em contato com nossa equipe de suporte. Nossos consultores ter\u00e3o prazer em ajud\u00e1-lo com todas as dificuldades que voc\u00ea possa ter com o widget. <\/p><\/div>\n","protected":false},"excerpt":{"rendered":"","protected":false},"author":9,"featured_media":0,"parent":5170,"menu_order":0,"comment_status":"closed","ping_status":"closed","template":"templates\/template-application-platform.php","meta":{"publish_to_discourse":"","publish_post_category":"","wpdc_auto_publish_overridden":"","wpdc_topic_tags":"","wpdc_pin_topic":"","wpdc_pin_until":"","discourse_post_id":"","discourse_permalink":"","wpdc_publishing_response":"","wpdc_publishing_error":"","footnotes":""},"class_list":["post-6065","page","type-page","status-publish","hentry"],"yoast_head":"<!-- This site is optimized with the Yoast SEO plugin v25.3.1 - https:\/\/yoast.com\/wordpress\/plugins\/seo\/ -->\n<title>Incorporar hor\u00e1rio comercial no Wix - Adicionar hor\u00e1rio personalizado ao site<\/title>\n<meta name=\"description\" content=\"Coloque um widget ajust\u00e1vel de hor\u00e1rio comercial no Wix para mostrar o status do seu neg\u00f3cio. Crie seu widget pessoal de hor\u00e1rio de trabalho na demonstra\u00e7\u00e3o.\" \/>\n<meta name=\"robots\" content=\"index, follow, max-snippet:-1, max-image-preview:large, max-video-preview:-1\" \/>\n<link rel=\"canonical\" href=\"https:\/\/elfsight.com\/pt\/business-hours-widget\/wix\/\" \/>\n<meta property=\"og:locale\" content=\"pt_PT\" \/>\n<meta property=\"og:type\" content=\"article\" \/>\n<meta property=\"og:title\" content=\"Incorporar hor\u00e1rio comercial no Wix - Adicionar hor\u00e1rio personalizado ao site\" \/>\n<meta property=\"og:description\" content=\"Coloque um widget ajust\u00e1vel de hor\u00e1rio comercial no Wix para mostrar o status do seu neg\u00f3cio. Crie seu widget pessoal de hor\u00e1rio de trabalho na demonstra\u00e7\u00e3o.\" \/>\n<meta property=\"og:url\" content=\"https:\/\/elfsight.com\/pt\/business-hours-widget\/wix\/\" \/>\n<meta property=\"og:site_name\" content=\"Elfsight PT\" \/>\n<meta property=\"article:modified_time\" content=\"2025-03-04T13:42:43+00:00\" \/>\n<meta name=\"twitter:card\" content=\"summary_large_image\" \/>\n<meta name=\"twitter:label1\" content=\"Tempo estimado de leitura\" \/>\n\t<meta name=\"twitter:data1\" content=\"5 minutos\" \/>\n<!-- \/ Yoast SEO plugin. -->","yoast_head_json":{"title":"Incorporar hor\u00e1rio comercial no Wix - Adicionar hor\u00e1rio personalizado ao site","description":"Coloque um widget ajust\u00e1vel de hor\u00e1rio comercial no Wix para mostrar o status do seu neg\u00f3cio. Crie seu widget pessoal de hor\u00e1rio de trabalho na demonstra\u00e7\u00e3o.","robots":{"index":"index","follow":"follow","max-snippet":"max-snippet:-1","max-image-preview":"max-image-preview:large","max-video-preview":"max-video-preview:-1"},"canonical":"https:\/\/elfsight.com\/pt\/business-hours-widget\/wix\/","og_locale":"pt_PT","og_type":"article","og_title":"Incorporar hor\u00e1rio comercial no Wix - Adicionar hor\u00e1rio personalizado ao site","og_description":"Coloque um widget ajust\u00e1vel de hor\u00e1rio comercial no Wix para mostrar o status do seu neg\u00f3cio. Crie seu widget pessoal de hor\u00e1rio de trabalho na demonstra\u00e7\u00e3o.","og_url":"https:\/\/elfsight.com\/pt\/business-hours-widget\/wix\/","og_site_name":"Elfsight PT","article_modified_time":"2025-03-04T13:42:43+00:00","twitter_card":"summary_large_image","twitter_misc":{"Tempo estimado de leitura":"5 minutos"},"schema":{"@context":"https:\/\/schema.org","@graph":[{"@type":"WebPage","@id":"https:\/\/elfsight.com\/pt\/business-hours-widget\/wix\/","url":"https:\/\/elfsight.com\/pt\/business-hours-widget\/wix\/","name":"Incorporar hor\u00e1rio comercial no Wix - Adicionar hor\u00e1rio personalizado ao site","isPartOf":{"@id":"https:\/\/elfsight.com\/pt\/#website"},"datePublished":"2024-05-03T06:31:13+00:00","dateModified":"2025-03-04T13:42:43+00:00","description":"Coloque um widget ajust\u00e1vel de hor\u00e1rio comercial no Wix para mostrar o status do seu neg\u00f3cio. Crie seu widget pessoal de hor\u00e1rio de trabalho na demonstra\u00e7\u00e3o.","breadcrumb":{"@id":"https:\/\/elfsight.com\/pt\/business-hours-widget\/wix\/#breadcrumb"},"inLanguage":"pt-PT","potentialAction":[{"@type":"ReadAction","target":["https:\/\/elfsight.com\/pt\/business-hours-widget\/wix\/"]}]},{"@type":"BreadcrumbList","@id":"https:\/\/elfsight.com\/pt\/business-hours-widget\/wix\/#breadcrumb","itemListElement":[{"@type":"ListItem","position":1,"name":"Home","item":"https:\/\/elfsight.com\/pt\/"},{"@type":"ListItem","position":2,"name":"Business Hours","item":"https:\/\/elfsight.com\/pt\/business-hours-widget\/"},{"@type":"ListItem","position":3,"name":"Business Hours &#8211; Wix"}]},{"@type":"WebSite","@id":"https:\/\/elfsight.com\/pt\/#website","url":"https:\/\/elfsight.com\/pt\/","name":"Elfsight PT","description":"Just another Elfsight Sites site","potentialAction":[{"@type":"SearchAction","target":{"@type":"EntryPoint","urlTemplate":"https:\/\/elfsight.com\/pt\/?s={search_term_string}"},"query-input":{"@type":"PropertyValueSpecification","valueRequired":true,"valueName":"search_term_string"}}],"inLanguage":"pt-PT"}]}},"meta_box":{"industry":"","seo_heading":"","heading":"","description":"","cta_heading":"","cta_description":"","application":"5161","h1":"Aplicativo Wix Hor\u00e1rio comercial","h1_caption":"Anuncie seu status e forne\u00e7a detalhes de contato facilmente","application_category":[],"applications_title":"","applications_request_title":"","applications_request_button_text":"","hero_text":"","hero_video":"","hero_video_schema_markup":"","selling_points_title":"","selling_points_caption":"","selling_points":[],"selling_points_cta_text":"","features_title":"","features":"","ed_cta_examples_text":"","ed_cta_examples_hidden":"","ed_cta_demo_text":"","ed_cta_demo_hidden":"","why_caption":"","why_editor_title":"","why_editor_text":"","why_team_title":"","why_team_text":"","why_service_title":"","why_service_text":"","template_catalog_visible":"0","template_catalog_title":"","template_catalog_text":"","template_catalog_categories_visible":"","demo_title":"Crie seu aplicativo de hor\u00e1rio comercial","demo_caption":"Configure seu hor\u00e1rio comercial e adicione-o ao seu site Wix gratuitamente!","default_faq_hidden":"","app_template_category":[],"platform":"37","template_public_id":"","codecanyon_url":"","codecanyon_item_id":"","codecanyon_price":"","pricing_caption":"","pricing_elfsight_apps_hide_column":"","pricing_elfsight_apps_url":"","pricing_codecanyon_price_caption":"","integration_category":[],"integration_request_title":"","integration_request_cta":"","integration_platform":"","integrations":[],"platform_category":[],"video_schema_markup":"","price":"a partir de US$ 0\/m\u00eas","trial":"","benefits":[{"text":"Servi\u00e7o de instala\u00e7\u00e3o gratuito"},{"text":"Suporte premium"},{"text":"Garantia de devolu\u00e7\u00e3o do dinheiro em 14 dias"},{"text":"Atualiza\u00e7\u00f5es gratuitas vital\u00edcias"}],"button_url":"#demo","button_target_blank":"0","button_nofollow":"0","attributes":[{"name":"Instala\u00e7\u00f5es","content":"10,000 - 100,000"},{"name":"Responsivo","content":"Sim"},{"name":"Navegadores compat\u00edveis","content":"Firefox, Safari, Opera, Chrome, Edge"}],"tags":[],"tags_disable_links":"0","hide_more_platforms":"0","video_object":"","demo_hide_cta":"0","demo_hide_cloud_options":"0","pricing_title":"","pricing":[{"pricing_icon":"platform","pricing_title":"Elfsight Apps","pricing_title_caption":"Software multiplataforma que funciona em qualquer site","pricing_price":"a partir de US$ 0\/m\u00eas","pricing_price_caption":"comece com um plano gratuito","pricing_benefits":[{"text":"Sites ilimitados"},{"text":"Suporte ao cliente 24 horas por dia, 7 dias por semana"},{"text":"Suporte ao cliente 24 horas por dia, 7 dias por semana"},{"text":"Design flex\u00edvel"}],"pricing_button_text":"Adicionar ao site","pricing_button_url":"#demo"}],"related_apps_title":"","related_apps_hidden":"0","author":"","image":[],"title":"","job":"","social_networks":[]},"_links":{"self":[{"href":"https:\/\/elfsight.com\/pt\/wp-json\/wp\/v2\/pages\/6065","targetHints":{"allow":["GET"]}}],"collection":[{"href":"https:\/\/elfsight.com\/pt\/wp-json\/wp\/v2\/pages"}],"about":[{"href":"https:\/\/elfsight.com\/pt\/wp-json\/wp\/v2\/types\/page"}],"author":[{"embeddable":true,"href":"https:\/\/elfsight.com\/pt\/wp-json\/wp\/v2\/users\/9"}],"replies":[{"embeddable":true,"href":"https:\/\/elfsight.com\/pt\/wp-json\/wp\/v2\/comments?post=6065"}],"version-history":[{"count":2,"href":"https:\/\/elfsight.com\/pt\/wp-json\/wp\/v2\/pages\/6065\/revisions"}],"predecessor-version":[{"id":14367,"href":"https:\/\/elfsight.com\/pt\/wp-json\/wp\/v2\/pages\/6065\/revisions\/14367"}],"up":[{"embeddable":true,"href":"https:\/\/elfsight.com\/pt\/wp-json\/wp\/v2\/pages\/5170"}],"wp:attachment":[{"href":"https:\/\/elfsight.com\/pt\/wp-json\/wp\/v2\/media?parent=6065"}],"curies":[{"name":"wp","href":"https:\/\/api.w.org\/{rel}","templated":true}]}}