{"id":6064,"date":"2024-05-03T06:31:12","date_gmt":"2024-05-03T06:31:12","guid":{"rendered":"https:\/\/elfsight.com\/pt\/?page_id=6064"},"modified":"2025-03-04T13:46:48","modified_gmt":"2025-03-04T13:46:48","slug":"wordpress","status":"publish","type":"page","link":"https:\/\/elfsight.com\/pt\/business-hours-widget\/wordpress\/","title":{"rendered":"Business Hours &#8211; WordPress"},"content":{"rendered":"\n<div class=\"application-platform-content-item-description application-platform-content-item\" id=\"description\" data-nav-section=\"description\"> <h2>Incorpore o hor\u00e1rio comercial no WordPress com um plugin da Elfsight<\/h2> <p>O Elfsight Business Hours para WordPress \u00e9 um widget simples e sem c\u00f3digo que permite que voc\u00ea crie um cart\u00e3o de visita atraente com as principais informa\u00e7\u00f5es sobre sua atividade. Voc\u00ea pode exibir informa\u00e7\u00f5es sobre o status do seu neg\u00f3cio e fornecer contatos para o seu p\u00fablico. O widget permite criar designs f\u00e1ceis de usar, para que os visitantes possam examinar facilmente todos os dados necess\u00e1rios de forma resumida ou mais detalhada. <\/p><p>O not\u00e1vel widget est\u00e1 equipado com alguns templates, para que voc\u00ea possa selecionar a op\u00e7\u00e3o mais adequada para o seu site. Cada modelo apresenta v\u00e1rias configura\u00e7\u00f5es para permitir que voc\u00ea crie uma solu\u00e7\u00e3o pessoal com elementos necess\u00e1rios como chat e bot\u00f5es de compartilhamento que impulsionam as vendas. Adicionar o hor\u00e1rio de trabalho e suas informa\u00e7\u00f5es de contato ao seu site \u00e9 muito f\u00e1cil com a Elfsight devido aos tutoriais e diretrizes simples. Qualquer usu\u00e1rio pode desenvolver e adicionar o widget de hor\u00e1rio comercial sem c\u00f3digo gratuitamente<\/p> <p><b>Adicione detalhes comerciais ao seu site para aumentar as taxas de vendas e a credibilidade do cliente. Compartilhe informa\u00e7\u00f5es importantes sobre seu status de trabalho de maneira organizada. <\/b><\/p> <p>Com este widget adicionado ao seu site WordPress, voc\u00ea pode conscientizar seus clientes sobre seu neg\u00f3cio e garantir vendas aprimoradas. Veja alguns dos maiores resultados positivos para o seu site depois de adicionar o widget de hor\u00e1rio de trabalho sem c\u00f3digo a ele. <\/p><ul><li><b>Deixe os clientes chegarem sempre na hora certa. <\/b>Aumentar as vendas, por estar presente dentro do hor\u00e1rio de trabalho correspondente. Os visitantes do seu site se lembrar\u00e3o do hor\u00e1rio de atividade e se tornar\u00e3o mais decididos a realizar uma compra bem-sucedida quando necess\u00e1rio. <\/li><li><b>Evite mal-entendidos sobre seu hor\u00e1rio de trabalho.<\/b> Mostrar seu hor\u00e1rio de funcionamento direto aos clientes no site os tornar\u00e1 mais fi\u00e9is \u00e0 sua empresa, pois poder\u00e3o planejar uma reserva ou uma visita a voc\u00ea. <\/li><li><b>Forne\u00e7a informa\u00e7\u00f5es de contato de maneira clara.<\/b> Adicionar os detalhes de contato ao seu widget de hor\u00e1rio de opera\u00e7\u00e3o sem c\u00f3digo permite que voc\u00ea se comunique melhor com seus clientes e aumente as vendas. Mostre que voc\u00ea est\u00e1 pronto para responder \u00e0s suas preocupa\u00e7\u00f5es sobre os produtos e servi\u00e7os da sua empresa, resultando em mais confian\u00e7a e respeito. <\/li><\/ul><div class=\"faq\" data-component=\"FAQ\"><div class=\"faq-item\">\r\n\t\t\t\t\t<div class=\"faq-item-question\">\r\n\t\t\t\t\t\t<h3 class=\"faq-item-question-text\">Existem outros plug-ins para WordPress que eu possa incorporar ao meu site para aumentar as vendas?<\/h3>\r\n\r\n\t\t\t\t\t\t<div class=\"faq-item-question-icon\"><\/div>\r\n\t\t\t\t\t<\/div>\r\n\r\n\t\t\t\t\t<div class=\"faq-item-answer\">\r\n\t\t\t\t\t\t<div class=\"faq-item-answer-text\">Podemos fornecer v\u00e1rios plug-ins para voc\u00ea combinar com qualquer tipo de tarefa em seu site. Aqui est\u00e3o apenas alguns exemplos: <a href=\"https:\/\/elfsight.com\/google-reviews-widget\/wordpress\/\" target=\"_blank\" rel=\"noopener\">Google Reviews<\/a>, <a href=\"https:\/\/elfsight.com\/whatsapp-chat-widget\/wordpress\/\" target=\"_blank\" rel=\"noopener\">Bate-papo do WhatsApp<\/a>, <a href=\"https:\/\/elfsight.com\/event-calendar-widget\/wordpress\/\" target=\"_blank\" rel=\"noopener\">Calend\u00e1rio de eventos<\/a>, <a href=\"https:\/\/elfsight.com\/countdown-timer-widget\/wordpress\/\" target=\"_blank\" rel=\"noopener\">Temporizador de contagem regressiva<\/a>, <a href=\"https:\/\/elfsight.com\/qr-code-widget\/wordpress\/\" target=\"_blank\" rel=\"noopener\"> C\u00f3digo QR<\/a>. <\/div>\r\n\t\t\t\t\t<\/div>\r\n\t\t\t\t<\/div><div class=\"faq-item\">\r\n\t\t\t\t\t<div class=\"faq-item-question\">\r\n\t\t\t\t\t\t<h3 class=\"faq-item-question-text\">Como posso obter resultados com hor\u00e1rio comercial no WordPress?<\/h3>\r\n\r\n\t\t\t\t\t\t<div class=\"faq-item-question-icon\"><\/div>\r\n\t\t\t\t\t<\/div>\r\n\r\n\t\t\t\t\t<div class=\"faq-item-answer\">\r\n\t\t\t\t\t\t<div class=\"faq-item-answer-text\">Existem muitas maneiras de melhorar as estat\u00edsticas de sucesso e indicadores de vendas incorporando um plugin de hor\u00e1rio comercial. Com os modelos da Elfsight para este not\u00e1vel plugin para sites, \u00e9 poss\u00edvel escolher uma t\u00e1tica de promo\u00e7\u00e3o pessoal. Voc\u00ea pode demonstrar informa\u00e7\u00f5es ampliadas sobre hor\u00e1rios de funcionamento e formas de contat\u00e1-lo ou apenas incorporar um pop-up de status minimalista. Voc\u00ea pode formar cart\u00f5es de contato com seu plugin de hor\u00e1rio de funcionamento e adicion\u00e1-los \u00e0s p\u00e1ginas necess\u00e1rias do site para atrair a aten\u00e7\u00e3o e informar os clientes sobre sua atividade comercial. <\/div>\r\n\t\t\t\t\t<\/div>\r\n\t\t\t\t<\/div><div class=\"faq-item\">\r\n\t\t\t\t\t<div class=\"faq-item-question\">\r\n\t\t\t\t\t\t<h3 class=\"faq-item-question-text\">Como incorporar o hor\u00e1rio comercial gratuitamente em sites WordPress?<\/h3>\r\n\r\n\t\t\t\t\t\t<div class=\"faq-item-question-icon\"><\/div>\r\n\t\t\t\t\t<\/div>\r\n\r\n\t\t\t\t\t<div class=\"faq-item-answer\">\r\n\t\t\t\t\t\t<div class=\"faq-item-answer-text\">Incorporar um plug-in de hor\u00e1rio comercial em seu site WordPress \u00e9 uma \u00f3tima maneira de iniciar a comunica\u00e7\u00e3o com os clientes e inform\u00e1-los sobre sua disposi\u00e7\u00e3o para fazer vendas ou prestar servi\u00e7os. Aqui voc\u00ea pode ver breves tutoriais sobre como incorporar o plugin de hor\u00e1rio de funcionamento gratuito em seu site. <ol><li>Quando precisar incorporar o hor\u00e1rio comercial da Elfsight gratuitamente no WordPress, acesse o site da Elfsight e inscreva-se. <\/li><li>Ajuste o plugin gratuito de hor\u00e1rio comercial adaptando sua apar\u00eancia e configura\u00e7\u00f5es para se adequar ao estilo do seu site WordPress. <\/li><li>Ao personalizar seu hor\u00e1rio comercial sem c\u00f3digo, copie o c\u00f3digo fornecido e cole-o em seu site onde deseja que o plug-in seja exibido.<\/li><\/ol> Integrando seu hor\u00e1rio comercial em seu site WordPress, voc\u00ea certamente aumentar\u00e1 sua apar\u00eancia visual e fidelizar\u00e1 continuamente os visitantes. Sinta os benef\u00edcios do hor\u00e1rio comercial da Elfsight sem nenhum custo para voc\u00ea! <\/div>\r\n\t\t\t\t\t<\/div>\r\n\t\t\t\t<\/div><\/div><\/div><div class=\"application-platform-content-item-features application-platform-content-item\" id=\"features\" data-nav-section=\"features\"> <h2>Os recursos de widget mais valiosos que oferecemos:<\/h2> <ul><li>Demonstre o status atual da sua organiza\u00e7\u00e3o<\/li> <li>Ajuste de programa\u00e7\u00e3o f\u00e1cil de usar<\/li><li>Configura\u00e7\u00e3o de ocasi\u00f5es comemorativas<\/li><li>Status de atividade em tempo real<\/li><li>Gr\u00e1fico integr\u00e1vel ou status compacto<\/li><\/ul> <p><a href=\"#demo\">Voc\u00ea pode ver o que o widget oferece experimentando a demonstra\u00e7\u00e3o<\/a><\/p> <\/div> <div class=\"application-platform-content-item-installation application-platform-content-item\" id=\"installation\" data-nav-section=\"installation\"> <h2>Como adiciono Hor\u00e1rio comercial para meu site WordPress?<\/h2> <p>Basta seguir as diretrizes abaixo para integrar o plugin ao seu hor\u00e1rio de trabalho.<\/p> <ol><li><b>Gerencie nosso configurador e comece a criar seu pr\u00f3prio n\u00e3o -code plugin.<\/b><br> Escolha a apar\u00eancia personalizada e as caracter\u00edsticas do aplicativo e aplique as modifica\u00e7\u00f5es. <\/li> <li><b>Receba o c\u00f3digo de incorpora\u00e7\u00e3o pessoal que aparece na janela dos aplicativos Elfsight.<\/b><br> Ap\u00f3s a configura\u00e7\u00e3o do seu aplicativo de hor\u00e1rio de funcionamento sem c\u00f3digo, copie o c\u00f3digo pessoal em o pop-up exibido e guarde-o para uso posterior. <\/li> <li><b>Comece a aplicar o plugin na p\u00e1gina inicial do WordPress.<\/b><br> Insira o c\u00f3digo salvo anteriormente em sua p\u00e1gina web e aplique as modifica\u00e7\u00f5es. <\/li> <li><b>Conclu\u00eddo! A incorpora\u00e7\u00e3o do seu hor\u00e1rio comercial sem c\u00f3digo est\u00e1 totalmente realizada.<\/b><br> Acesse seu site para ver o desempenho do aplicativo de hor\u00e1rio de funcionamento adicionado. <\/li><\/ol> <p>Na condi\u00e7\u00e3o de enfrentar d\u00favidas ou encontrar alguns problemas, n\u00e3o hesite em solicitar nossa equipe de atendimento ao cliente. Nosso pessoal ficar\u00e1 animado para resolver todos os problemas que voc\u00ea possa ter com o plugin para WordPress. <\/p><\/div>\n","protected":false},"excerpt":{"rendered":"","protected":false},"author":9,"featured_media":0,"parent":5170,"menu_order":0,"comment_status":"closed","ping_status":"closed","template":"templates\/template-application-platform.php","meta":{"publish_to_discourse":"","publish_post_category":"","wpdc_auto_publish_overridden":"","wpdc_topic_tags":"","wpdc_pin_topic":"","wpdc_pin_until":"","discourse_post_id":"","discourse_permalink":"","wpdc_publishing_response":"","wpdc_publishing_error":"","footnotes":""},"class_list":["post-6064","page","type-page","status-publish","hentry"],"yoast_head":"<!-- This site is optimized with the Yoast SEO plugin v25.3.1 - https:\/\/yoast.com\/wordpress\/plugins\/seo\/ -->\n<title>Adicionar hor\u00e1rio comercial ao WordPress - Incorpore hor\u00e1rios gratuitos para sites<\/title>\n<meta name=\"description\" content=\"Coloque um aplicativo personaliz\u00e1vel de hor\u00e1rio comercial no WordPress para compartilhar o status do seu neg\u00f3cio. Crie seu pr\u00f3prio widget de hor\u00e1rio de atividade na demonstra\u00e7\u00e3o.\" \/>\n<meta name=\"robots\" content=\"index, follow, max-snippet:-1, max-image-preview:large, max-video-preview:-1\" \/>\n<link rel=\"canonical\" href=\"https:\/\/elfsight.com\/pt\/business-hours-widget\/wordpress\/\" \/>\n<meta property=\"og:locale\" content=\"pt_PT\" \/>\n<meta property=\"og:type\" content=\"article\" \/>\n<meta property=\"og:title\" content=\"Adicionar hor\u00e1rio comercial ao WordPress - Incorpore hor\u00e1rios gratuitos para sites\" \/>\n<meta property=\"og:description\" content=\"Coloque um aplicativo personaliz\u00e1vel de hor\u00e1rio comercial no WordPress para compartilhar o status do seu neg\u00f3cio. Crie seu pr\u00f3prio widget de hor\u00e1rio de atividade na demonstra\u00e7\u00e3o.\" \/>\n<meta property=\"og:url\" content=\"https:\/\/elfsight.com\/pt\/business-hours-widget\/wordpress\/\" \/>\n<meta property=\"og:site_name\" content=\"Elfsight PT\" \/>\n<meta property=\"article:modified_time\" content=\"2025-03-04T13:46:48+00:00\" \/>\n<meta name=\"twitter:card\" content=\"summary_large_image\" \/>\n<meta name=\"twitter:label1\" content=\"Tempo estimado de leitura\" \/>\n\t<meta name=\"twitter:data1\" content=\"5 minutos\" \/>\n<!-- \/ Yoast SEO plugin. -->","yoast_head_json":{"title":"Adicionar hor\u00e1rio comercial ao WordPress - Incorpore hor\u00e1rios gratuitos para sites","description":"Coloque um aplicativo personaliz\u00e1vel de hor\u00e1rio comercial no WordPress para compartilhar o status do seu neg\u00f3cio. Crie seu pr\u00f3prio widget de hor\u00e1rio de atividade na demonstra\u00e7\u00e3o.","robots":{"index":"index","follow":"follow","max-snippet":"max-snippet:-1","max-image-preview":"max-image-preview:large","max-video-preview":"max-video-preview:-1"},"canonical":"https:\/\/elfsight.com\/pt\/business-hours-widget\/wordpress\/","og_locale":"pt_PT","og_type":"article","og_title":"Adicionar hor\u00e1rio comercial ao WordPress - Incorpore hor\u00e1rios gratuitos para sites","og_description":"Coloque um aplicativo personaliz\u00e1vel de hor\u00e1rio comercial no WordPress para compartilhar o status do seu neg\u00f3cio. Crie seu pr\u00f3prio widget de hor\u00e1rio de atividade na demonstra\u00e7\u00e3o.","og_url":"https:\/\/elfsight.com\/pt\/business-hours-widget\/wordpress\/","og_site_name":"Elfsight PT","article_modified_time":"2025-03-04T13:46:48+00:00","twitter_card":"summary_large_image","twitter_misc":{"Tempo estimado de leitura":"5 minutos"},"schema":{"@context":"https:\/\/schema.org","@graph":[{"@type":"WebPage","@id":"https:\/\/elfsight.com\/pt\/business-hours-widget\/wordpress\/","url":"https:\/\/elfsight.com\/pt\/business-hours-widget\/wordpress\/","name":"Adicionar hor\u00e1rio comercial ao WordPress - Incorpore hor\u00e1rios gratuitos para sites","isPartOf":{"@id":"https:\/\/elfsight.com\/pt\/#website"},"datePublished":"2024-05-03T06:31:12+00:00","dateModified":"2025-03-04T13:46:48+00:00","description":"Coloque um aplicativo personaliz\u00e1vel de hor\u00e1rio comercial no WordPress para compartilhar o status do seu neg\u00f3cio. Crie seu pr\u00f3prio widget de hor\u00e1rio de atividade na demonstra\u00e7\u00e3o.","breadcrumb":{"@id":"https:\/\/elfsight.com\/pt\/business-hours-widget\/wordpress\/#breadcrumb"},"inLanguage":"pt-PT","potentialAction":[{"@type":"ReadAction","target":["https:\/\/elfsight.com\/pt\/business-hours-widget\/wordpress\/"]}]},{"@type":"BreadcrumbList","@id":"https:\/\/elfsight.com\/pt\/business-hours-widget\/wordpress\/#breadcrumb","itemListElement":[{"@type":"ListItem","position":1,"name":"Home","item":"https:\/\/elfsight.com\/pt\/"},{"@type":"ListItem","position":2,"name":"Business Hours","item":"https:\/\/elfsight.com\/pt\/business-hours-widget\/"},{"@type":"ListItem","position":3,"name":"Business Hours &#8211; WordPress"}]},{"@type":"WebSite","@id":"https:\/\/elfsight.com\/pt\/#website","url":"https:\/\/elfsight.com\/pt\/","name":"Elfsight PT","description":"Just another Elfsight Sites site","potentialAction":[{"@type":"SearchAction","target":{"@type":"EntryPoint","urlTemplate":"https:\/\/elfsight.com\/pt\/?s={search_term_string}"},"query-input":{"@type":"PropertyValueSpecification","valueRequired":true,"valueName":"search_term_string"}}],"inLanguage":"pt-PT"}]}},"meta_box":{"industry":"","seo_heading":"","heading":"","description":"","cta_heading":"","cta_description":"","application":"5161","h1":"Plug-in de hor\u00e1rio comercial do WordPress","h1_caption":"Anuncie facilmente seu hor\u00e1rio e compartilhe detalhes de contato","application_category":[],"applications_title":"","applications_request_title":"","applications_request_button_text":"","hero_text":"","hero_video":"","hero_video_schema_markup":"","selling_points_title":"","selling_points_caption":"","selling_points":[],"selling_points_cta_text":"","features_title":"","features":"","ed_cta_examples_text":"","ed_cta_examples_hidden":"","ed_cta_demo_text":"","ed_cta_demo_hidden":"","why_caption":"","why_editor_title":"","why_editor_text":"","why_team_title":"","why_team_text":"","why_service_title":"","why_service_text":"","template_catalog_visible":"0","template_catalog_title":"","template_catalog_text":"","template_catalog_categories_visible":"","demo_title":"Crie seu plugin de hor\u00e1rio comercial","demo_caption":"Configure seu hor\u00e1rio comercial e adicione-o ao seu site WordPress gratuitamente!","default_faq_hidden":"","app_template_category":[],"platform":"34","template_public_id":"","codecanyon_url":"","codecanyon_item_id":"","codecanyon_price":"","pricing_caption":"","pricing_elfsight_apps_hide_column":"","pricing_elfsight_apps_url":"","pricing_codecanyon_price_caption":"","integration_category":[],"integration_request_title":"","integration_request_cta":"","integration_platform":"","integrations":[],"platform_category":[],"video_schema_markup":"","price":"a partir de US$ 0\/m\u00eas","trial":"","benefits":[{"text":"Servi\u00e7o de instala\u00e7\u00e3o gratuito"},{"text":"Suporte excepcional"},{"text":"Garantia de devolu\u00e7\u00e3o do dinheiro em 14 dias"},{"text":"Atualiza\u00e7\u00f5es gratuitas vital\u00edcias"}],"button_url":"#demo","button_target_blank":"0","button_nofollow":"0","attributes":[{"name":"Instala\u00e7\u00f5es","content":"10,000 - 100,000"},{"name":"Responsivo","content":"Sim"},{"name":"Navegadores compat\u00edveis","content":"Firefox, Safari, Opera, Chrome, Edge"}],"tags":[],"tags_disable_links":"0","hide_more_platforms":"0","video_object":"","demo_hide_cta":"0","demo_hide_cloud_options":"0","pricing_title":"","pricing":[{"pricing_icon":"platform","pricing_title":"Elfsight Apps","pricing_title_caption":"Software multiplataforma que funciona em qualquer site","pricing_price":"a partir de US$ 0\/m\u00eas","pricing_price_caption":"comece com um plano gratuito","pricing_benefits":[{"text":"Sites ilimitados"},{"text":"Suporte dedicado ao cliente"},{"text":"Suporte dedicado ao cliente"},{"text":"100% personaliz\u00e1vel"}],"pricing_button_text":"Adicionar ao site","pricing_button_url":"#demo"}],"related_apps_title":"","related_apps_hidden":"0","author":"","image":[],"title":"","job":"","social_networks":[]},"_links":{"self":[{"href":"https:\/\/elfsight.com\/pt\/wp-json\/wp\/v2\/pages\/6064","targetHints":{"allow":["GET"]}}],"collection":[{"href":"https:\/\/elfsight.com\/pt\/wp-json\/wp\/v2\/pages"}],"about":[{"href":"https:\/\/elfsight.com\/pt\/wp-json\/wp\/v2\/types\/page"}],"author":[{"embeddable":true,"href":"https:\/\/elfsight.com\/pt\/wp-json\/wp\/v2\/users\/9"}],"replies":[{"embeddable":true,"href":"https:\/\/elfsight.com\/pt\/wp-json\/wp\/v2\/comments?post=6064"}],"version-history":[{"count":2,"href":"https:\/\/elfsight.com\/pt\/wp-json\/wp\/v2\/pages\/6064\/revisions"}],"predecessor-version":[{"id":14368,"href":"https:\/\/elfsight.com\/pt\/wp-json\/wp\/v2\/pages\/6064\/revisions\/14368"}],"up":[{"embeddable":true,"href":"https:\/\/elfsight.com\/pt\/wp-json\/wp\/v2\/pages\/5170"}],"wp:attachment":[{"href":"https:\/\/elfsight.com\/pt\/wp-json\/wp\/v2\/media?parent=6064"}],"curies":[{"name":"wp","href":"https:\/\/api.w.org\/{rel}","templated":true}]}}