{"id":6063,"date":"2024-05-03T06:31:11","date_gmt":"2024-05-03T06:31:11","guid":{"rendered":"https:\/\/elfsight.com\/pt\/?page_id=6063"},"modified":"2025-03-04T13:30:46","modified_gmt":"2025-03-04T13:30:46","slug":"joomla","status":"publish","type":"page","link":"https:\/\/elfsight.com\/pt\/business-hours-widget\/joomla\/","title":{"rendered":"Business Hours &#8211; Joomla"},"content":{"rendered":"\n<div class=\"application-platform-content-item-description application-platform-content-item\" id=\"description\" data-nav-section=\"description\"> <h2>Incorpore o hor\u00e1rio comercial no Joomla com uma extens\u00e3o Elfsight<\/h2> <p>O hor\u00e1rio comercial Elfsight para Joomla \u00e9 um widget simples sem c\u00f3digo que permite voc\u00ea projetar\u00e1 um lindo cart\u00e3o de visita contendo os momentos mais importantes da sua atividade. Voc\u00ea pode incluir informa\u00e7\u00f5es sobre o status do seu trabalho e habilitar contatos para seus clientes. O widget permite criar designs convenientes, para que os clientes possam examinar rapidamente todos os dados necess\u00e1rios de forma resumida ou mais detalhada. <\/p><p>O excelente widget oferece alguns templates, para que voc\u00ea possa selecionar a melhor op\u00e7\u00e3o para o seu site. Cada modelo possui v\u00e1rias configura\u00e7\u00f5es para ajud\u00e1-lo a desenvolver um widget pessoal com op\u00e7\u00f5es necess\u00e1rias, como bot\u00f5es de CTA que aumentam as vendas. Incorporar o hor\u00e1rio de trabalho e os seus dados de contato nas p\u00e1ginas do seu site \u00e9 totalmente simples com a Elfsight devido aos tutoriais e instru\u00e7\u00f5es claros. Qualquer usu\u00e1rio pode desenvolver e adicionar o widget de hor\u00e1rio comercial sem c\u00f3digo gratuitamente<\/p> <p><b>Adicione detalhes comerciais \u00e0s suas p\u00e1ginas para aumentar as vendas e a satisfa\u00e7\u00e3o do cliente. Compartilhe informa\u00e7\u00f5es significativas sobre seu status de trabalho usando o widget.<\/b><\/p> <p>Com esse widget incorporado em seu site Joomla, voc\u00ea pode deixar seus clientes mais informados sobre seu neg\u00f3cio e obter mais vendas. Preste aten\u00e7\u00e3o a alguns dos principais benef\u00edcios para o seu site depois de incorporar nele o hor\u00e1rio de trabalho gratuito. <\/p><ul><li><b>Ajude os clientes a estarem sempre pontuais.<\/b> Impulsione as vendas, por estar constantemente presente durante o hor\u00e1rio de trabalho correspondente. Os visitantes do seu site se lembrar\u00e3o do hor\u00e1rio de atividade e ficar\u00e3o mais convencidos a fazer uma compra bem-sucedida quando estiverem prontos. <\/li><li><b>Evite confus\u00e3o em rela\u00e7\u00e3o ao hor\u00e1rio de funcionamento.<\/b> Mostrar seus per\u00edodos de trabalho simples aos clientes no site os tornar\u00e1 mais leais \u00e0 sua empresa. <\/li><li><b>Compartilhe contatos de maneira clara.<\/b> Adicionar os detalhes do contato ao seu widget de hor\u00e1rio de opera\u00e7\u00e3o sem c\u00f3digo permite que voc\u00ea estabele\u00e7a comunica\u00e7\u00e3o e melhore as vendas. Mostre que voc\u00ea est\u00e1 aqui para responder \u00e0s suas preocupa\u00e7\u00f5es sobre os produtos e servi\u00e7os da sua empresa, resultando em mais fidelidade e aprova\u00e7\u00e3o. <\/li><\/ul><div class=\"faq\" data-component=\"FAQ\"><div class=\"faq-item\">\r\n\t\t\t\t\t<div class=\"faq-item-question\">\r\n\t\t\t\t\t\t<h3 class=\"faq-item-question-text\">Existem outros plug-ins para Joomla que eu possa incorporar ao meu site para aumentar as vendas?<\/h3>\r\n\r\n\t\t\t\t\t\t<div class=\"faq-item-question-icon\"><\/div>\r\n\t\t\t\t\t<\/div>\r\n\r\n\t\t\t\t\t<div class=\"faq-item-answer\">\r\n\t\t\t\t\t\t<div class=\"faq-item-answer-text\">Podemos oferecer v\u00e1rios plug-ins para voc\u00ea realizar qualquer tipo de alvo em seu site. Por exemplo: <a href=\"https:\/\/elfsight.com\/google-reviews-widget\/joomla\/\" target=\"_blank\" rel=\"noopener\">Google Reviews<\/a>, <a href=\"https:\/\/elfsight.com\/whatsapp-chat-widget\/joomla\/\" target=\"_blank\" rel=\"noopener\">Bate-papo do WhatsApp<\/a>, <a href=\"https:\/\/elfsight.com\/event-calendar-widget\/joomla\/\" target=\"_blank\" rel=\"noopener\">Calend\u00e1rio de eventos<\/a>, <a href=\"https:\/\/elfsight.com\/countdown-timer-widget\/joomla\/\" target=\"_blank\" rel=\"noopener\">Temporizador de contagem regressiva<\/a>, <a href=\"https:\/\/elfsight.com\/qr-code-widget\/joomla\/\" target=\"_blank\" rel=\"noopener\">C\u00f3digo QR<\/a>. <\/div>\r\n\t\t\t\t\t<\/div>\r\n\t\t\t\t<\/div><div class=\"faq-item\">\r\n\t\t\t\t\t<div class=\"faq-item-question\">\r\n\t\t\t\t\t\t<h3 class=\"faq-item-question-text\">Como posso usar o hor\u00e1rio comercial no site Joomla?<\/h3>\r\n\r\n\t\t\t\t\t\t<div class=\"faq-item-question-icon\"><\/div>\r\n\t\t\t\t\t<\/div>\r\n\r\n\t\t\t\t\t<div class=\"faq-item-answer\">\r\n\t\t\t\t\t\t<div class=\"faq-item-answer-text\">Voc\u00ea acessa muitas maneiras de melhorar as estat\u00edsticas de sucesso e vendas por meio da adi\u00e7\u00e3o de um plugin de hor\u00e1rio comercial. Com os modelos da Elfsight para este plugin interessante para sites, voc\u00ea pode encontrar uma solu\u00e7\u00e3o comercial personalizada. Voc\u00ea pode exibir informa\u00e7\u00f5es expandidas sobre seu hor\u00e1rio de atividade e ferramentas para estabelecer comunica\u00e7\u00e3o com voc\u00ea ou apenas incorporar uma pequena barra de status operacional. Voc\u00ea pode criar cart\u00f5es de contato com o plug-in de hor\u00e1rio comercial e adicion\u00e1-los \u00e0s p\u00e1ginas necess\u00e1rias do site para atrair a aten\u00e7\u00e3o. <\/div>\r\n\t\t\t\t\t<\/div>\r\n\t\t\t\t<\/div><div class=\"faq-item\">\r\n\t\t\t\t\t<div class=\"faq-item-question\">\r\n\t\t\t\t\t\t<h3 class=\"faq-item-question-text\">Como incorporar o hor\u00e1rio comercial gratuitamente em sites Joomla?<\/h3>\r\n\r\n\t\t\t\t\t\t<div class=\"faq-item-question-icon\"><\/div>\r\n\t\t\t\t\t<\/div>\r\n\r\n\t\t\t\t\t<div class=\"faq-item-answer\">\r\n\t\t\t\t\t\t<div class=\"faq-item-answer-text\">Incorporar um plug-in de hor\u00e1rio comercial em seu site Joomla \u00e9 uma \u00f3tima maneira de atrair novos clientes e inform\u00e1-los sobre seu hor\u00e1rio e status v\u00e1lidos para garantir vendas ou presta\u00e7\u00e3o de servi\u00e7os. Encontre alguns tutoriais sobre como adicionar o plug-in de hor\u00e1rio de opera\u00e7\u00e3o sem c\u00f3digo ao seu site. <ol><li>Quando precisar incorporar um plugin Elfsight Business Hours no Joomla, acesse o site da Elfsight e crie uma conta. <\/li><li>Ajuste o hor\u00e1rio comercial sem c\u00f3digo, adaptando sua apar\u00eancia e configura\u00e7\u00f5es para corresponder ao design do seu site Joomla. <\/li><li>Depois de personalizar seu hor\u00e1rio comercial, copie o c\u00f3digo gerado e cole-o no HTML do seu site Joomla onde deseja que o plugin apare\u00e7a. <\/li><\/ol>Ao integrar seu hor\u00e1rio comercial sem c\u00f3digo em seu site Joomla, voc\u00ea definitivamente aumentar\u00e1 sua apar\u00eancia visual e conquistar\u00e1 a fidelidade sustent\u00e1vel do visitante. Descubra as vantagens do Hor\u00e1rio Comercial da Elfsight sem nenhum custo para voc\u00ea! <\/div>\r\n\t\t\t\t\t<\/div>\r\n\t\t\t\t<\/div><\/div><\/div><div class=\"application-platform-content-item-features application-platform-content-item\" id=\"features\" data-nav-section=\"features\"> <h2>Oferecemos recursos valiosos e f\u00e1ceis, confira alguns deles:<\/h2> <ul><li>Mostre a realidade da sua organiza\u00e7\u00e3o status de hor\u00e1rio<\/li><li>Configura\u00e7\u00e3o de hor\u00e1rio f\u00e1cil de usar<\/li><li>Configura\u00e7\u00e3o de eventos comemorativos<\/li><li>Status da situa\u00e7\u00e3o atual<\/li><li>Tabela integr\u00e1vel ou status compacto<\/li> <\/ul><p><a href=\"#demo\">Basta conferir esta demonstra\u00e7\u00e3o para ver como funciona<\/a><\/p><\/div> <div class=\"application-platform-content-item-installation application-platform-content-item\" id=\"installation\" data-nav-section=\"installation\"> <h2>Como pode Coloquei o hor\u00e1rio comercial no meu site Joomla?<\/h2> <p>Basta seguir as instru\u00e7\u00f5es abaixo para inserir a extens\u00e3o com seus per\u00edodos de trabalho.<\/p> <ol><li><b>Inicie nosso configurador e comece a construir seu plugin personalizado. <\/b><br> Escolha o layout preferido e as especifica\u00e7\u00f5es do plugin e aplique as corre\u00e7\u00f5es. <\/li> <li><b>Adquira o seu c\u00f3digo individual que aparece no formul\u00e1rio especial nas aplica\u00e7\u00f5es Elfsight. <\/b><br> Logo ap\u00f3s finalizar a configura\u00e7\u00e3o do seu plugin pessoal, copie o c\u00f3digo individual na caixa exibida e guarde-o para uso posterior em seu site. <\/li> <li><b>Inicie a aplica\u00e7\u00e3o do plugin em seu site Joomla. <\/b><br> Adicione o c\u00f3digo salvo anteriormente em sua p\u00e1gina inicial e aplique as modifica\u00e7\u00f5es. <\/li> <li><b>A instala\u00e7\u00e3o do seu hor\u00e1rio de opera\u00e7\u00e3o sem c\u00f3digo foi finalizada com sucesso. <\/b><br> Visite seu site para ver em a\u00e7\u00e3o o desempenho da extens\u00e3o do hor\u00e1rio de funcionamento. <\/li><\/ol> <p>Caso voc\u00ea enfrente alguma dificuldade, n\u00e3o hesite em recorrer \u00e0 nossa equipe de suporte. Nossos especialistas desejam resolver todos os problemas que voc\u00ea possa ter com o produto Joomla. <\/p><\/div>\n","protected":false},"excerpt":{"rendered":"","protected":false},"author":9,"featured_media":0,"parent":5170,"menu_order":0,"comment_status":"closed","ping_status":"closed","template":"templates\/template-application-platform.php","meta":{"publish_to_discourse":"","publish_post_category":"","wpdc_auto_publish_overridden":"","wpdc_topic_tags":"","wpdc_pin_topic":"","wpdc_pin_until":"","discourse_post_id":"","discourse_permalink":"","wpdc_publishing_response":"","wpdc_publishing_error":"","footnotes":""},"class_list":["post-6063","page","type-page","status-publish","hentry"],"yoast_head":"<!-- This site is optimized with the Yoast SEO plugin v25.3.1 - https:\/\/yoast.com\/wordpress\/plugins\/seo\/ -->\n<title>Adicionar hor\u00e1rio comercial ao Joomla - Use hor\u00e1rio gratuito no site<\/title>\n<meta name=\"description\" content=\"Adicione um widget personaliz\u00e1vel de hor\u00e1rio comercial ao Joomla para apresentar o status do seu neg\u00f3cio. Defina seu hor\u00e1rio de trabalho pessoal usando a demonstra\u00e7\u00e3o.\" \/>\n<meta name=\"robots\" content=\"index, follow, max-snippet:-1, max-image-preview:large, max-video-preview:-1\" \/>\n<link rel=\"canonical\" href=\"https:\/\/elfsight.com\/pt\/business-hours-widget\/joomla\/\" \/>\n<meta property=\"og:locale\" content=\"pt_PT\" \/>\n<meta property=\"og:type\" content=\"article\" \/>\n<meta property=\"og:title\" content=\"Adicionar hor\u00e1rio comercial ao Joomla - Use hor\u00e1rio gratuito no site\" \/>\n<meta property=\"og:description\" content=\"Adicione um widget personaliz\u00e1vel de hor\u00e1rio comercial ao Joomla para apresentar o status do seu neg\u00f3cio. Defina seu hor\u00e1rio de trabalho pessoal usando a demonstra\u00e7\u00e3o.\" \/>\n<meta property=\"og:url\" content=\"https:\/\/elfsight.com\/pt\/business-hours-widget\/joomla\/\" \/>\n<meta property=\"og:site_name\" content=\"Elfsight PT\" \/>\n<meta property=\"article:modified_time\" content=\"2025-03-04T13:30:46+00:00\" \/>\n<meta name=\"twitter:card\" content=\"summary_large_image\" \/>\n<meta name=\"twitter:label1\" content=\"Tempo estimado de leitura\" \/>\n\t<meta name=\"twitter:data1\" content=\"5 minutos\" \/>\n<!-- \/ Yoast SEO plugin. -->","yoast_head_json":{"title":"Adicionar hor\u00e1rio comercial ao Joomla - Use hor\u00e1rio gratuito no site","description":"Adicione um widget personaliz\u00e1vel de hor\u00e1rio comercial ao Joomla para apresentar o status do seu neg\u00f3cio. Defina seu hor\u00e1rio de trabalho pessoal usando a demonstra\u00e7\u00e3o.","robots":{"index":"index","follow":"follow","max-snippet":"max-snippet:-1","max-image-preview":"max-image-preview:large","max-video-preview":"max-video-preview:-1"},"canonical":"https:\/\/elfsight.com\/pt\/business-hours-widget\/joomla\/","og_locale":"pt_PT","og_type":"article","og_title":"Adicionar hor\u00e1rio comercial ao Joomla - Use hor\u00e1rio gratuito no site","og_description":"Adicione um widget personaliz\u00e1vel de hor\u00e1rio comercial ao Joomla para apresentar o status do seu neg\u00f3cio. Defina seu hor\u00e1rio de trabalho pessoal usando a demonstra\u00e7\u00e3o.","og_url":"https:\/\/elfsight.com\/pt\/business-hours-widget\/joomla\/","og_site_name":"Elfsight PT","article_modified_time":"2025-03-04T13:30:46+00:00","twitter_card":"summary_large_image","twitter_misc":{"Tempo estimado de leitura":"5 minutos"},"schema":{"@context":"https:\/\/schema.org","@graph":[{"@type":"WebPage","@id":"https:\/\/elfsight.com\/pt\/business-hours-widget\/joomla\/","url":"https:\/\/elfsight.com\/pt\/business-hours-widget\/joomla\/","name":"Adicionar hor\u00e1rio comercial ao Joomla - Use hor\u00e1rio gratuito no site","isPartOf":{"@id":"https:\/\/elfsight.com\/pt\/#website"},"datePublished":"2024-05-03T06:31:11+00:00","dateModified":"2025-03-04T13:30:46+00:00","description":"Adicione um widget personaliz\u00e1vel de hor\u00e1rio comercial ao Joomla para apresentar o status do seu neg\u00f3cio. Defina seu hor\u00e1rio de trabalho pessoal usando a demonstra\u00e7\u00e3o.","breadcrumb":{"@id":"https:\/\/elfsight.com\/pt\/business-hours-widget\/joomla\/#breadcrumb"},"inLanguage":"pt-PT","potentialAction":[{"@type":"ReadAction","target":["https:\/\/elfsight.com\/pt\/business-hours-widget\/joomla\/"]}]},{"@type":"BreadcrumbList","@id":"https:\/\/elfsight.com\/pt\/business-hours-widget\/joomla\/#breadcrumb","itemListElement":[{"@type":"ListItem","position":1,"name":"Home","item":"https:\/\/elfsight.com\/pt\/"},{"@type":"ListItem","position":2,"name":"Business Hours","item":"https:\/\/elfsight.com\/pt\/business-hours-widget\/"},{"@type":"ListItem","position":3,"name":"Business Hours &#8211; Joomla"}]},{"@type":"WebSite","@id":"https:\/\/elfsight.com\/pt\/#website","url":"https:\/\/elfsight.com\/pt\/","name":"Elfsight PT","description":"Just another Elfsight Sites site","potentialAction":[{"@type":"SearchAction","target":{"@type":"EntryPoint","urlTemplate":"https:\/\/elfsight.com\/pt\/?s={search_term_string}"},"query-input":{"@type":"PropertyValueSpecification","valueRequired":true,"valueName":"search_term_string"}}],"inLanguage":"pt-PT"}]}},"meta_box":{"industry":"","seo_heading":"","heading":"","description":"","cta_heading":"","cta_description":"","application":"5161","h1":"Extens\u00e3o de hor\u00e1rio comercial do Joomla","h1_caption":"Informe os visitantes sobre sua disponibilidade e exiba detalhes de contato","application_category":[],"applications_title":"","applications_request_title":"","applications_request_button_text":"","hero_text":"","hero_video":"","hero_video_schema_markup":"","selling_points_title":"","selling_points_caption":"","selling_points":[],"selling_points_cta_text":"","features_title":"","features":"","ed_cta_examples_text":"","ed_cta_examples_hidden":"","ed_cta_demo_text":"","ed_cta_demo_hidden":"","why_caption":"","why_editor_title":"","why_editor_text":"","why_team_title":"","why_team_text":"","why_service_title":"","why_service_text":"","template_catalog_visible":"0","template_catalog_title":"","template_catalog_text":"","template_catalog_categories_visible":"","demo_title":"Crie seu plugin de hor\u00e1rio comercial","demo_caption":"Configure seu hor\u00e1rio comercial e adicione-o ao seu site Joomla gratuitamente!","default_faq_hidden":"","app_template_category":[],"platform":"52","template_public_id":"","codecanyon_url":"","codecanyon_item_id":"","codecanyon_price":"","pricing_caption":"","pricing_elfsight_apps_hide_column":"","pricing_elfsight_apps_url":"","pricing_codecanyon_price_caption":"","integration_category":[],"integration_request_title":"","integration_request_cta":"","integration_platform":"","integrations":[],"platform_category":[],"video_schema_markup":"","price":"a partir de US$ 0\/m\u00eas","trial":"","benefits":[{"text":"Ajuda de instala\u00e7\u00e3o gratuita"},{"text":"Suporte premium"},{"text":"Garantia de devolu\u00e7\u00e3o do dinheiro em 14 dias"},{"text":"Melhorias cont\u00ednuas"}],"button_url":"#demo","button_target_blank":"0","button_nofollow":"0","attributes":[{"name":"Instala\u00e7\u00f5es","content":"10,000 - 100,000"},{"name":"Responsivo","content":"Sim"},{"name":"Navegadores compat\u00edveis","content":"Firefox, Safari, Opera, Chrome, Edge"}],"tags":[],"tags_disable_links":"0","hide_more_platforms":"0","video_object":"","demo_hide_cta":"0","demo_hide_cloud_options":"0","pricing_title":"","pricing":[{"pricing_icon":"platform","pricing_title":"Elfsight Apps","pricing_title_caption":"Solu\u00e7\u00e3o digital independente de plataforma adequada para qualquer site","pricing_price":"a partir de US$ 0\/m\u00eas","pricing_price_caption":"comece com um plano gratuito","pricing_benefits":[{"text":"Dom\u00ednios ilimitados"},{"text":"Suporte r\u00e1pido"},{"text":"Suporte r\u00e1pido"},{"text":"Design flex\u00edvel"}],"pricing_button_text":"Adicionar ao site","pricing_button_url":"#demo"}],"related_apps_title":"","related_apps_hidden":"0","author":"","image":[],"title":"","job":"","social_networks":[]},"_links":{"self":[{"href":"https:\/\/elfsight.com\/pt\/wp-json\/wp\/v2\/pages\/6063","targetHints":{"allow":["GET"]}}],"collection":[{"href":"https:\/\/elfsight.com\/pt\/wp-json\/wp\/v2\/pages"}],"about":[{"href":"https:\/\/elfsight.com\/pt\/wp-json\/wp\/v2\/types\/page"}],"author":[{"embeddable":true,"href":"https:\/\/elfsight.com\/pt\/wp-json\/wp\/v2\/users\/9"}],"replies":[{"embeddable":true,"href":"https:\/\/elfsight.com\/pt\/wp-json\/wp\/v2\/comments?post=6063"}],"version-history":[{"count":2,"href":"https:\/\/elfsight.com\/pt\/wp-json\/wp\/v2\/pages\/6063\/revisions"}],"predecessor-version":[{"id":14357,"href":"https:\/\/elfsight.com\/pt\/wp-json\/wp\/v2\/pages\/6063\/revisions\/14357"}],"up":[{"embeddable":true,"href":"https:\/\/elfsight.com\/pt\/wp-json\/wp\/v2\/pages\/5170"}],"wp:attachment":[{"href":"https:\/\/elfsight.com\/pt\/wp-json\/wp\/v2\/media?parent=6063"}],"curies":[{"name":"wp","href":"https:\/\/api.w.org\/{rel}","templated":true}]}}