{"id":6057,"date":"2024-05-03T06:31:09","date_gmt":"2024-05-03T06:31:09","guid":{"rendered":"https:\/\/elfsight.com\/pt\/?page_id=6057"},"modified":"2025-03-04T13:28:02","modified_gmt":"2025-03-04T13:28:02","slug":"facebook","status":"publish","type":"page","link":"https:\/\/elfsight.com\/pt\/business-hours-widget\/facebook\/","title":{"rendered":"Business Hours &#8211; Facebook Page"},"content":{"rendered":"\n<div class=\"application-platform-content-item-description application-platform-content-item\" id=\"description\" data-nav-section=\"description\"> <h2>Incorporar o hor\u00e1rio comercial na p\u00e1gina do Facebook com um widget da Elfsight<\/h2> <p>O hor\u00e1rio comercial da Elfsight para a p\u00e1gina do Facebook \u00e9 simples e sem c\u00f3digo widget que permite criar um atraente cart\u00e3o de visita com os dados mais importantes da sua organiza\u00e7\u00e3o. Voc\u00ea pode adicionar informa\u00e7\u00f5es sobre seu status de disponibilidade atual e habilitar contatos para seus clientes. O widget permite criar designs convenientes, para que os visitantes possam explorar facilmente todas as informa\u00e7\u00f5es necess\u00e1rias de forma breve ou mais detalhada. <\/p><p>O not\u00e1vel widget oferece diversos templates, para que voc\u00ea possa escolher a op\u00e7\u00e3o mais adequada para o seu site. Cada modelo cont\u00e9m configura\u00e7\u00f5es flex\u00edveis para ajud\u00e1-lo a criar um widget personalizado com as op\u00e7\u00f5es necess\u00e1rias, como bot\u00f5es de CTA que aumentam as vendas. Incorporar o hor\u00e1rio de trabalho no seu site \u00e9 totalmente f\u00e1cil com a Elfsight devido aos tutoriais e guias f\u00e1ceis de seguir. Qualquer usu\u00e1rio pode criar e adicionar o widget de hor\u00e1rio comercial sem c\u00f3digo gratuitamente<\/p> <p><b>Use detalhes comerciais em seu site para aumentar as vendas e a credibilidade do cliente. Compartilhe informa\u00e7\u00f5es importantes sobre sua atividade de trabalho sem esfor\u00e7o. <\/b><\/p> <p>Com este widget incorporado ao site da sua p\u00e1gina do Facebook, voc\u00ea informa seus clientes e obt\u00e9m vendas regulares. Aprenda sobre alguns dos melhores resultados para o seu site ao incorporar o widget de hor\u00e1rio de trabalho sem c\u00f3digo nele. <\/p><ul><li><b>Permita que seus clientes cheguem sempre na hora certa. <\/b> Aumentar as vendas, por estar presente no hor\u00e1rio de trabalho correspondente. Os visitantes do seu site ver\u00e3o o hor\u00e1rio de disponibilidade e ficar\u00e3o mais confiantes para fazer uma compra bem-sucedida quando necess\u00e1rio. <\/li><li><b>Evite mal-entendidos sobre o seu hor\u00e1rio de atividade. <\/b> Exibir seus per\u00edodos de trabalho simples aos clientes no site ir\u00e1 torn\u00e1-los mais dedicados \u00e0 sua organiza\u00e7\u00e3o, pois eles poder\u00e3o planejar um pedido ou uma visita a voc\u00ea. <\/li><li><b>Exiba dados de contato de maneira conveniente. <\/b> Adicionar as informa\u00e7\u00f5es de contato ao widget de hor\u00e1rio de opera\u00e7\u00e3o sem c\u00f3digo permite criar comunica\u00e7\u00e3o e melhorar as vendas. Mostre que voc\u00ea est\u00e1 aqui para responder \u00e0s suas d\u00favidas sobre os produtos e servi\u00e7os da sua empresa, resultando em mais fidelidade e aprova\u00e7\u00e3o. <\/li><\/ul><div class=\"faq\" data-component=\"FAQ\"><div class=\"faq-item\">\r\n\t\t\t\t\t<div class=\"faq-item-question\">\r\n\t\t\t\t\t\t<h3 class=\"faq-item-question-text\">Existem outros plug-ins para a p\u00e1gina do Facebook que eu possa incorporar ao meu site para aumentar as vendas?<\/h3>\r\n\r\n\t\t\t\t\t\t<div class=\"faq-item-question-icon\"><\/div>\r\n\t\t\t\t\t<\/div>\r\n\r\n\t\t\t\t\t<div class=\"faq-item-answer\">\r\n\t\t\t\t\t\t<div class=\"faq-item-answer-text\">Podemos oferecer muitos plug-ins para voc\u00ea atingir qualquer tipo de objetivo em seu site. Veja voc\u00ea mesmo: <a href=\"https:\/\/elfsight.com\/google-reviews-widget\/facebook\/\" target=\"_blank\" rel=\"noopener\">Google Reviews<\/a>, <a href=\"https:\/\/elfsight.com\/whatsapp-chat-widget\/facebook\/\" target=\"_blank\" rel=\"noopener\">Bate-papo do WhatsApp<\/a>, <a href=\"https:\/\/elfsight.com\/event-calendar-widget\/facebook\/\" target=\"_blank\" rel=\"noopener\">Calend\u00e1rio de eventos<\/a>, <a href=\"https:\/\/elfsight.com\/countdown-timer-widget\/facebook\/\" target=\"_blank \" rel=\"noopener\">Temporizador de contagem regressiva<\/a>, <a href=\"https:\/\/elfsight.com\/qr-code-widget\/facebook\/\" target=\"_blank\" rel=\"noopener\">C\u00f3digo QR<\/a>. <\/div>\r\n\t\t\t\t\t<\/div>\r\n\t\t\t\t<\/div><div class=\"faq-item\">\r\n\t\t\t\t\t<div class=\"faq-item-question\">\r\n\t\t\t\t\t\t<h3 class=\"faq-item-question-text\">Como posso usar o hor\u00e1rio comercial na p\u00e1gina do Facebook?<\/h3>\r\n\r\n\t\t\t\t\t\t<div class=\"faq-item-question-icon\"><\/div>\r\n\t\t\t\t\t<\/div>\r\n\r\n\t\t\t\t\t<div class=\"faq-item-answer\">\r\n\t\t\t\t\t\t<div class=\"faq-item-answer-text\">H\u00e1 muitas maneiras de aumentar as taxas de convers\u00e3o e os n\u00fameros de vendas por meio da adi\u00e7\u00e3o de um plug-in de hor\u00e1rio comercial. Com os modelos da Elfsight para este maravilhoso plugin para sites, \u00e9 poss\u00edvel encontrar t\u00e1ticas pessoais. Voc\u00ea pode exibir informa\u00e7\u00f5es detalhadas sobre seus per\u00edodos de trabalho e maneiras de falar com voc\u00ea ou apenas usar uma barra minimalista de status comercial. Voc\u00ea pode criar cart\u00f5es de contato com nosso plugin de hor\u00e1rio comercial e coloc\u00e1-los nas p\u00e1ginas necess\u00e1rias do site para atrair a aten\u00e7\u00e3o e informar os visitantes sobre sua atividade. <\/div>\r\n\t\t\t\t\t<\/div>\r\n\t\t\t\t<\/div><div class=\"faq-item\">\r\n\t\t\t\t\t<div class=\"faq-item-question\">\r\n\t\t\t\t\t\t<h3 class=\"faq-item-question-text\">Como incorporar o hor\u00e1rio comercial gratuitamente em sites de p\u00e1ginas do Facebook?<\/h3>\r\n\r\n\t\t\t\t\t\t<div class=\"faq-item-question-icon\"><\/div>\r\n\t\t\t\t\t<\/div>\r\n\r\n\t\t\t\t\t<div class=\"faq-item-answer\">\r\n\t\t\t\t\t\t<div class=\"faq-item-answer-text\">Incorporar um plug-in de hor\u00e1rio comercial em seu site da p\u00e1gina do Facebook \u00e9 um m\u00e9todo excelente para iniciar a comunica\u00e7\u00e3o com clientes e inform\u00e1-los sobre sua disponibilidade para garantir vendas ou presta\u00e7\u00e3o de servi\u00e7os. Aqui est\u00e3o os tutoriais sobre como adicionar o plugin de hor\u00e1rio de funcionamento ao seu site. <ol><li>Para incorporar gratuitamente um plug-in de hor\u00e1rio comercial da Elfsight na p\u00e1gina do Facebook, acesse o site da Elfsight e inscreva-se. <\/li><li>Crie o plug-in gratuito de hor\u00e1rio comercial adaptando sua apar\u00eancia e configura\u00e7\u00f5es para combinar com o estilo do site da sua p\u00e1gina do Facebook. <\/li><li>Ao ajustar o hor\u00e1rio comercial sem c\u00f3digo, copie o c\u00f3digo gerado e cole-o no site da sua p\u00e1gina do Facebook onde deseja que o plug-in seja exibido. <\/li><\/ol>Ao integrar o hor\u00e1rio comercial ao site da sua p\u00e1gina do Facebook, voc\u00ea definitivamente elevar\u00e1 sua apar\u00eancia visual e envolver\u00e1 de forma est\u00e1vel o cliente. Sinta os benef\u00edcios do hor\u00e1rio comercial da Elfsight sem nenhum custo para voc\u00ea! <\/div>\r\n\t\t\t\t\t<\/div>\r\n\t\t\t\t<\/div><\/div><\/div> <div class=\"application-platform-content-item-features application-platform-content-item\" id=\"features\" data-nav-section=\"features\"> <h2>Conhe\u00e7a a lista dos recursos mais \u00fateis do widget:<\/h2> <ul><li>Exiba os recursos da sua empresa disponibilidade em tempo real<\/li><li>Ajuste simples das estruturas de trabalho<\/li><li>Configura\u00e7\u00e3o de eventos especiais<\/li><li>Status da situa\u00e7\u00e3o em tempo real<\/li><li>Mesa inser\u00edvel ou com espa\u00e7o eficiente status<\/li><\/ul><p><a href=\"#demo\">Voc\u00ea pode ver qual widget vale a pena experimentar na demonstra\u00e7\u00e3o<\/a><\/p><\/div> <div class=\"application-platform-content-item- instala\u00e7\u00e3o application-platform-content-item\" id=\" instala\u00e7\u00e3o\" data-nav-section=\" instala\u00e7\u00e3o\"> <h2>Como posso adicionar o hor\u00e1rio comercial ao site da minha p\u00e1gina do Facebook?<\/h2> <p>Basta seguir as instru\u00e7\u00f5es abaixo para integrar o plugin ao seu hor\u00e1rio de funcionamento.<\/p> <ol><li><b> Inicie nossa demonstra\u00e7\u00e3o e comece a construir seu plugin personalizado sem c\u00f3digo. <\/b><br> Determine a interface e os par\u00e2metros desej\u00e1veis \u200b\u200bdo plugin e salve as corre\u00e7\u00f5es. <\/li> <li><b>Receba o c\u00f3digo individual exposto na janela dos aplicativos Elfsight. <\/b><br> Quando a gera\u00e7\u00e3o do seu aplicativo pessoal de horas de atividade sem c\u00f3digo estiver conclu\u00edda, copie o c\u00f3digo exclusivo da caixa exibida e guarde-o para ocasi\u00f5es futuras. <\/li> <li><b>Iniciar a utiliza\u00e7\u00e3o do aplicativo no site da p\u00e1gina do Facebook. <\/b><br> Integre o c\u00f3digo salvo recentemente em sua p\u00e1gina da web e salve as edi\u00e7\u00f5es. <\/li> <li><b>A instala\u00e7\u00e3o do seu hor\u00e1rio de opera\u00e7\u00e3o sem c\u00f3digo foi realizada com sucesso. <\/b><br> Visite seu site para verificar como est\u00e1 funcionando o aplicativo de hor\u00e1rio de funcionamento. <\/li><\/ol> <p>Se voc\u00ea tiver alguma dificuldade, n\u00e3o tenha medo de entrar em contato com nossa equipe de atendimento ao cliente. Nossos consultores est\u00e3o ansiosos para ajud\u00e1-lo com todas as d\u00favidas que voc\u00ea possa ter com o plugin para p\u00e1gina do Facebook. <\/p> <\/div>\n","protected":false},"excerpt":{"rendered":"","protected":false},"author":9,"featured_media":0,"parent":5170,"menu_order":0,"comment_status":"closed","ping_status":"closed","template":"templates\/template-application-platform.php","meta":{"publish_to_discourse":"","publish_post_category":"","wpdc_auto_publish_overridden":"","wpdc_topic_tags":"","wpdc_pin_topic":"","wpdc_pin_until":"","discourse_post_id":"","discourse_permalink":"","wpdc_publishing_response":"","wpdc_publishing_error":"","footnotes":""},"class_list":["post-6057","page","type-page","status-publish","hentry"],"yoast_head":"<!-- This site is optimized with the Yoast SEO plugin v25.3.1 - https:\/\/yoast.com\/wordpress\/plugins\/seo\/ -->\n<title>Adicionar hor\u00e1rio comercial \u00e0 p\u00e1gina do Facebook - incorporar widget sem c\u00f3digo<\/title>\n<meta name=\"description\" content=\"Adicione um aplicativo de hor\u00e1rio comercial ajust\u00e1vel \u00e0 p\u00e1gina do Facebook para mostrar o status do seu neg\u00f3cio. Crie seu hor\u00e1rio de trabalho pessoal na demonstra\u00e7\u00e3o.\" \/>\n<meta name=\"robots\" content=\"index, follow, max-snippet:-1, max-image-preview:large, max-video-preview:-1\" \/>\n<link rel=\"canonical\" href=\"https:\/\/elfsight.com\/pt\/business-hours-widget\/facebook\/\" \/>\n<meta property=\"og:locale\" content=\"pt_PT\" \/>\n<meta property=\"og:type\" content=\"article\" \/>\n<meta property=\"og:title\" content=\"Adicionar hor\u00e1rio comercial \u00e0 p\u00e1gina do Facebook - incorporar widget sem c\u00f3digo\" \/>\n<meta property=\"og:description\" content=\"Adicione um aplicativo de hor\u00e1rio comercial ajust\u00e1vel \u00e0 p\u00e1gina do Facebook para mostrar o status do seu neg\u00f3cio. Crie seu hor\u00e1rio de trabalho pessoal na demonstra\u00e7\u00e3o.\" \/>\n<meta property=\"og:url\" content=\"https:\/\/elfsight.com\/pt\/business-hours-widget\/facebook\/\" \/>\n<meta property=\"og:site_name\" content=\"Elfsight PT\" \/>\n<meta property=\"article:modified_time\" content=\"2025-03-04T13:28:02+00:00\" \/>\n<meta name=\"twitter:card\" content=\"summary_large_image\" \/>\n<meta name=\"twitter:label1\" content=\"Tempo estimado de leitura\" \/>\n\t<meta name=\"twitter:data1\" content=\"6 minutos\" \/>\n<!-- \/ Yoast SEO plugin. -->","yoast_head_json":{"title":"Adicionar hor\u00e1rio comercial \u00e0 p\u00e1gina do Facebook - incorporar widget sem c\u00f3digo","description":"Adicione um aplicativo de hor\u00e1rio comercial ajust\u00e1vel \u00e0 p\u00e1gina do Facebook para mostrar o status do seu neg\u00f3cio. Crie seu hor\u00e1rio de trabalho pessoal na demonstra\u00e7\u00e3o.","robots":{"index":"index","follow":"follow","max-snippet":"max-snippet:-1","max-image-preview":"max-image-preview:large","max-video-preview":"max-video-preview:-1"},"canonical":"https:\/\/elfsight.com\/pt\/business-hours-widget\/facebook\/","og_locale":"pt_PT","og_type":"article","og_title":"Adicionar hor\u00e1rio comercial \u00e0 p\u00e1gina do Facebook - incorporar widget sem c\u00f3digo","og_description":"Adicione um aplicativo de hor\u00e1rio comercial ajust\u00e1vel \u00e0 p\u00e1gina do Facebook para mostrar o status do seu neg\u00f3cio. Crie seu hor\u00e1rio de trabalho pessoal na demonstra\u00e7\u00e3o.","og_url":"https:\/\/elfsight.com\/pt\/business-hours-widget\/facebook\/","og_site_name":"Elfsight PT","article_modified_time":"2025-03-04T13:28:02+00:00","twitter_card":"summary_large_image","twitter_misc":{"Tempo estimado de leitura":"6 minutos"},"schema":{"@context":"https:\/\/schema.org","@graph":[{"@type":"WebPage","@id":"https:\/\/elfsight.com\/pt\/business-hours-widget\/facebook\/","url":"https:\/\/elfsight.com\/pt\/business-hours-widget\/facebook\/","name":"Adicionar hor\u00e1rio comercial \u00e0 p\u00e1gina do Facebook - incorporar widget sem c\u00f3digo","isPartOf":{"@id":"https:\/\/elfsight.com\/pt\/#website"},"datePublished":"2024-05-03T06:31:09+00:00","dateModified":"2025-03-04T13:28:02+00:00","description":"Adicione um aplicativo de hor\u00e1rio comercial ajust\u00e1vel \u00e0 p\u00e1gina do Facebook para mostrar o status do seu neg\u00f3cio. Crie seu hor\u00e1rio de trabalho pessoal na demonstra\u00e7\u00e3o.","breadcrumb":{"@id":"https:\/\/elfsight.com\/pt\/business-hours-widget\/facebook\/#breadcrumb"},"inLanguage":"pt-PT","potentialAction":[{"@type":"ReadAction","target":["https:\/\/elfsight.com\/pt\/business-hours-widget\/facebook\/"]}]},{"@type":"BreadcrumbList","@id":"https:\/\/elfsight.com\/pt\/business-hours-widget\/facebook\/#breadcrumb","itemListElement":[{"@type":"ListItem","position":1,"name":"Home","item":"https:\/\/elfsight.com\/pt\/"},{"@type":"ListItem","position":2,"name":"Business Hours","item":"https:\/\/elfsight.com\/pt\/business-hours-widget\/"},{"@type":"ListItem","position":3,"name":"Business Hours &#8211; Facebook Page"}]},{"@type":"WebSite","@id":"https:\/\/elfsight.com\/pt\/#website","url":"https:\/\/elfsight.com\/pt\/","name":"Elfsight PT","description":"Just another Elfsight Sites site","potentialAction":[{"@type":"SearchAction","target":{"@type":"EntryPoint","urlTemplate":"https:\/\/elfsight.com\/pt\/?s={search_term_string}"},"query-input":{"@type":"PropertyValueSpecification","valueRequired":true,"valueName":"search_term_string"}}],"inLanguage":"pt-PT"}]}},"meta_box":{"industry":"","seo_heading":"","heading":"","description":"","cta_heading":"","cta_description":"","application":"5161","h1":"Widget de hor\u00e1rio comercial da p\u00e1gina do Facebook","h1_caption":"Informe os clientes sobre sua acessibilidade e forne\u00e7a detalhes de contato","application_category":[],"applications_title":"","applications_request_title":"","applications_request_button_text":"","hero_text":"","hero_video":"","hero_video_schema_markup":"","selling_points_title":"","selling_points_caption":"","selling_points":[],"selling_points_cta_text":"","features_title":"","features":"","ed_cta_examples_text":"","ed_cta_examples_hidden":"","ed_cta_demo_text":"","ed_cta_demo_hidden":"","why_caption":"","why_editor_title":"","why_editor_text":"","why_team_title":"","why_team_text":"","why_service_title":"","why_service_text":"","template_catalog_visible":"0","template_catalog_title":"","template_catalog_text":"","template_catalog_categories_visible":"","demo_title":"Crie seu widget de hor\u00e1rio comercial","demo_caption":"Configure seu hor\u00e1rio comercial e adicione-o ao site da sua p\u00e1gina do Facebook gratuitamente!","default_faq_hidden":"","app_template_category":[],"platform":"103","template_public_id":"","codecanyon_url":"","codecanyon_item_id":"","codecanyon_price":"","pricing_caption":"","pricing_elfsight_apps_hide_column":"","pricing_elfsight_apps_url":"","pricing_codecanyon_price_caption":"","integration_category":[],"integration_request_title":"","integration_request_cta":"","integration_platform":"","integrations":[],"platform_category":[],"video_schema_markup":"","price":"a partir de US$ 0\/m\u00eas","trial":"","benefits":[{"text":"Ajuda de instala\u00e7\u00e3o gratuita"},{"text":"Suporte premium"},{"text":"Garantia de reembolso de 14 dias"},{"text":"Desenvolvimento cont\u00ednuo"}],"button_url":"#demo","button_target_blank":"0","button_nofollow":"0","attributes":[{"name":"Instala\u00e7\u00f5es","content":"10,000 - 100,000"},{"name":"Responsivo","content":"Sim"},{"name":"Navegadores compat\u00edveis","content":"Firefox, Safari, Opera, Chrome, Edge"}],"tags":[],"tags_disable_links":"0","hide_more_platforms":"0","video_object":"","demo_hide_cta":"0","demo_hide_cloud_options":"0","pricing_title":"","pricing":[{"pricing_icon":"platform","pricing_title":"Elfsight Apps","pricing_title_caption":"Vers\u00e3o multiplataforma que funciona em qualquer site","pricing_price":"a partir de US$ 0\/m\u00eas","pricing_price_caption":"comece com um plano gratuito","pricing_benefits":[{"text":"Sites ilimitados"},{"text":"Suporte premium para empresas"},{"text":"Suporte premium para empresas"},{"text":"Design flex\u00edvel"}],"pricing_button_text":"Adicionar ao site","pricing_button_url":"#demo"}],"related_apps_title":"","related_apps_hidden":"0","author":"","image":[],"title":"","job":"","social_networks":[]},"_links":{"self":[{"href":"https:\/\/elfsight.com\/pt\/wp-json\/wp\/v2\/pages\/6057","targetHints":{"allow":["GET"]}}],"collection":[{"href":"https:\/\/elfsight.com\/pt\/wp-json\/wp\/v2\/pages"}],"about":[{"href":"https:\/\/elfsight.com\/pt\/wp-json\/wp\/v2\/types\/page"}],"author":[{"embeddable":true,"href":"https:\/\/elfsight.com\/pt\/wp-json\/wp\/v2\/users\/9"}],"replies":[{"embeddable":true,"href":"https:\/\/elfsight.com\/pt\/wp-json\/wp\/v2\/comments?post=6057"}],"version-history":[{"count":2,"href":"https:\/\/elfsight.com\/pt\/wp-json\/wp\/v2\/pages\/6057\/revisions"}],"predecessor-version":[{"id":14355,"href":"https:\/\/elfsight.com\/pt\/wp-json\/wp\/v2\/pages\/6057\/revisions\/14355"}],"up":[{"embeddable":true,"href":"https:\/\/elfsight.com\/pt\/wp-json\/wp\/v2\/pages\/5170"}],"wp:attachment":[{"href":"https:\/\/elfsight.com\/pt\/wp-json\/wp\/v2\/media?parent=6057"}],"curies":[{"name":"wp","href":"https:\/\/api.w.org\/{rel}","templated":true}]}}