{"id":6055,"date":"2024-05-03T06:31:07","date_gmt":"2024-05-03T06:31:07","guid":{"rendered":"https:\/\/elfsight.com\/pt\/?page_id=6055"},"modified":"2025-03-04T13:22:32","modified_gmt":"2025-03-04T13:22:32","slug":"blogger","status":"publish","type":"page","link":"https:\/\/elfsight.com\/pt\/business-hours-widget\/blogger\/","title":{"rendered":"Business Hours &#8211; Blogger"},"content":{"rendered":"\n<div class=\"application-platform-content-item-description application-platform-content-item\" id=\"description\" data-nav-section=\"description\"> <h2>Incorpore o hor\u00e1rio comercial no Blogger com um widget da Elfsight<\/h2> <p>O hor\u00e1rio comercial da Elfsight para o Blogger \u00e9 um widget simples e sem c\u00f3digo que permite projetar um cart\u00e3o de visita atraente com as principais informa\u00e7\u00f5es sobre o seu trabalho. Voc\u00ea pode exibir informa\u00e7\u00f5es sobre seu status de trabalho atual e habilitar contatos para seu p\u00fablico. O widget permite inventar designs f\u00e1ceis de usar, para que os clientes possam encontrar facilmente todos os dados necess\u00e1rios de forma resumida ou mais detalhada. <\/p><p>O \u00f3timo widget oferece alguns modelos, para que voc\u00ea possa selecionar a melhor op\u00e7\u00e3o para o seu site. Cada modelo cont\u00e9m configura\u00e7\u00f5es para ajud\u00e1-lo a formar um widget com os elementos necess\u00e1rios para aumentar as vendas. Integrar o hor\u00e1rio de trabalho e as informa\u00e7\u00f5es de contato da sua empresa no seu site \u00e9 muito f\u00e1cil com a Elfsight devido aos tutoriais e diretrizes simples. Qualquer propriet\u00e1rio de site pode criar e adicionar o widget de hor\u00e1rio comercial sem c\u00f3digo gratuitamente<\/p> <p><b>Coloque detalhes comerciais em seu site para aumentar as taxas de vendas e a credibilidade do cliente. Exiba facilmente informa\u00e7\u00f5es importantes sobre seus per\u00edodos de trabalho. <\/b><\/p> <p>Com esse widget no site do Blogger, voc\u00ea pode conscientizar seus clientes sobre sua empresa e obter mais vendas. Veja alguns dos principais benef\u00edcios para o seu site ao adicionar o widget de quadros de trabalho gratuitos a ele. <\/p><ul><li><b>Permita que os clientes sejam sempre pontuais. <\/b> Aumentar as vendas, por estar seguramente em contato nos hor\u00e1rios indicados. Os visitantes do seu site se preocupar\u00e3o com o hor\u00e1rio comercial e ficar\u00e3o mais confiantes para realizar uma compra bem-sucedida quando necess\u00e1rio. <\/li><li><b>Evite mal-entendidos em rela\u00e7\u00e3o ao seu hor\u00e1rio de funcionamento. <\/b> Exibir seus per\u00edodos de trabalho claros aos clientes no site ir\u00e1 torn\u00e1-los mais dedicados \u00e0 sua marca, pois poder\u00e3o planejar um pedido ou uma visita a voc\u00ea. <\/li><li><b>Forne\u00e7a contatos de maneira vis\u00edvel. <\/b> Adicionar os dados de contato ao widget de hor\u00e1rio de opera\u00e7\u00e3o sem c\u00f3digo permite que voc\u00ea estabele\u00e7a uma comunica\u00e7\u00e3o e melhore as vendas. Mostre que voc\u00ea est\u00e1 aqui para responder \u00e0s suas d\u00favidas sobre os produtos e servi\u00e7os da sua empresa, resultando em mais confian\u00e7a e respeito. <\/li><\/ul><div class=\"faq\" data-component=\"FAQ\"><div class=\"faq-item\">\r\n\t\t\t\t\t<div class=\"faq-item-question\">\r\n\t\t\t\t\t\t<h3 class=\"faq-item-question-text\">Voc\u00ea tem algum outro plugin para o Blogger que eu possa ter no meu site para mais vendas?<\/h3>\r\n\r\n\t\t\t\t\t\t<div class=\"faq-item-question-icon\"><\/div>\r\n\t\t\t\t\t<\/div>\r\n\r\n\t\t\t\t\t<div class=\"faq-item-answer\">\r\n\t\t\t\t\t\t<div class=\"faq-item-answer-text\">Podemos conceder muitos plugins para voc\u00ea atender a qualquer tipo de tarefa em seu site. Aqui est\u00e3o apenas alguns exemplos: <a href=\"https:\/\/elfsight.com\/google-reviews-widget\/blogger\/\" target=\"_blank\" rel=\"noopener\">Google Reviews<\/a>, <a href=\"https:\/\/elfsight.com\/whatsapp-chat-widget\/blogger\/\" target=\"_blank\" rel=\"noopener\">Bate-papo do WhatsApp<\/a>, <a href=\"https:\/\/elfsight.com\/event-calendar-widget\/blogger\/\" target=\"_blank\" rel=\"noopener\">Calend\u00e1rio de eventos<\/a>, <a href=\"https:\/\/elfsight.com\/countdown-timer-widget\/blogger\/\" target=\"_blank\" rel=\"noopener\">Temporizador de contagem regressiva<\/a>, <a href=\"https:\/\/elfsight.com\/qr-code-widget\/blogger\/\" target=\"_blank\" rel=\"noopener\"> C\u00f3digo QR<\/a>. <\/div>\r\n\t\t\t\t\t<\/div>\r\n\t\t\t\t<\/div><div class=\"faq-item\">\r\n\t\t\t\t\t<div class=\"faq-item-question\">\r\n\t\t\t\t\t\t<h3 class=\"faq-item-question-text\">Como posso obter resultados com o hor\u00e1rio comercial no site do Blogger?<\/h3>\r\n\r\n\t\t\t\t\t\t<div class=\"faq-item-question-icon\"><\/div>\r\n\t\t\t\t\t<\/div>\r\n\r\n\t\t\t\t\t<div class=\"faq-item-answer\">\r\n\t\t\t\t\t\t<div class=\"faq-item-answer-text\">Voc\u00ea tem v\u00e1rias maneiras de aumentar as taxas de convers\u00e3o e os n\u00fameros de vendas adicionando um plug-in de hor\u00e1rio comercial. Com os modelos da Elfsight para este not\u00e1vel plugin para sites, voc\u00ea pode construir uma estrat\u00e9gia de neg\u00f3cios individual. Voc\u00ea pode exibir informa\u00e7\u00f5es expandidas sobre seu hor\u00e1rio de opera\u00e7\u00e3o e ferramentas para falar com voc\u00ea ou apenas incorporar uma barra de status operacional minimalista. Voc\u00ea pode criar cart\u00f5es de contato com seu plugin de hor\u00e1rio comercial e adicion\u00e1-los \u00e0s \u00e1reas preferenciais do site para chamar a aten\u00e7\u00e3o e informar o p\u00fablico sobre sua atividade. <\/div>\r\n\t\t\t\t\t<\/div>\r\n\t\t\t\t<\/div><div class=\"faq-item\">\r\n\t\t\t\t\t<div class=\"faq-item-question\">\r\n\t\t\t\t\t\t<h3 class=\"faq-item-question-text\">Como incorporar o plug-in de hor\u00e1rio comercial gratuitamente em sites do Blogger?<\/h3>\r\n\r\n\t\t\t\t\t\t<div class=\"faq-item-question-icon\"><\/div>\r\n\t\t\t\t\t<\/div>\r\n\r\n\t\t\t\t\t<div class=\"faq-item-answer\">\r\n\t\t\t\t\t\t<div class=\"faq-item-answer-text\">Incorporar um plug-in de hor\u00e1rio comercial em seu site do Blogger \u00e9 uma maneira f\u00e1cil de iniciar a comunica\u00e7\u00e3o com os clientes e inform\u00e1-los sobre sua prontid\u00e3o para garantir vendas ou prestar servi\u00e7os. Oferecemos alguns tutoriais sobre como adicionar o plugin de hor\u00e1rio de opera\u00e7\u00e3o sem c\u00f3digo ao seu site. <ol><li>Para incorporar um hor\u00e1rio comercial da Elfsight no Blogger, acesse o site da Elfsight e inscreva-se. <\/li><li>Crie um hor\u00e1rio comercial gratuito e sem c\u00f3digo, adaptando sua apar\u00eancia e configura\u00e7\u00f5es para se adequar ao design do seu site do Blogger. <\/li><li>Depois de definir seu hor\u00e1rio comercial, copie o snippet de c\u00f3digo especial e cole-o no HTML do site do Blogger onde deseja que o plug-in apare\u00e7a. <\/li><\/ol>Ao inserir o hor\u00e1rio comercial no site do Blogger, voc\u00ea aumentar\u00e1 seu magnetismo visual e aumentar\u00e1 o envolvimento cont\u00ednuo do cliente. Descubra as vantagens do Hor\u00e1rio Comercial da Elfsight sem nenhum custo para voc\u00ea! <\/div>\r\n\t\t\t\t\t<\/div>\r\n\t\t\t\t<\/div><\/div><\/div> <div class=\"application-platform-content-item-features application-platform-content-item\" id=\"features\" data-nav-section=\"features\"> <h2>Confira a lista dos recursos mais poderosos:<\/h2> <ul><li>Mostre a disponibilidade em tempo real da sua empresa<\/li><li>Ajuste de quadros de f\u00e1cil opera\u00e7\u00e3o<\/li><li>Configura\u00e7\u00e3o de dias especiais<\/li><li>Indica\u00e7\u00e3o de atividade comercial atual<\/li><li>Gr\u00e1fico inser\u00edvel ou status de espa\u00e7o eficiente<\/li><\/ul><p><a href=\"#demo\">Voc\u00ea pode descobrir todas as funcionalidades do widget na demonstra\u00e7\u00e3o agora mesmo<\/a><\/p><\/div> <div class=\"application-platform-content-item-installation application-platform-content-item\" id=\"installation\" data-nav-section=\"installation\"> <h2>Como posso incorporar o hor\u00e1rio comercial ao meu site do Blogger?<\/h2> <p>Basta seguir as instru\u00e7\u00f5es abaixo para o plug-in de acordo com seus turnos de trabalho. <\/p> <ol><li><b>Use nossa demonstra\u00e7\u00e3o e comece a criar seu plugin sem c\u00f3digo personalizado. <\/b><br> Determine a apar\u00eancia e os recursos preferidos do plugin e salve as corre\u00e7\u00f5es. <\/li> <li><b>Adquira o seu c\u00f3digo de incorpora\u00e7\u00e3o pessoal que aparece na caixa dos aplicativos da Elfsight. <\/b><br> Logo ap\u00f3s a configura\u00e7\u00e3o de sua solu\u00e7\u00e3o de hor\u00e1rio de atividade sem c\u00f3digo, copie o c\u00f3digo exclusivo da janela exibida e salve-o para uso futuro. <\/li> <li><b>Iniciar a incorpora\u00e7\u00e3o do plugin na p\u00e1gina do Blogger. <\/b><br> Coloque o c\u00f3digo copiado recentemente em seu site e aplique as edi\u00e7\u00f5es. <\/li> <li><b>A configura\u00e7\u00e3o do seu hor\u00e1rio de funcionamento foi totalmente encerrada. <\/b><br> Acesse seu site para ver em a\u00e7\u00e3o como o plug-in de horas de opera\u00e7\u00e3o adicionadas est\u00e1 funcionando. <\/li><\/ol> <p>Caso tenha d\u00favidas ou problemas, entre em contato com nossa equipe de atendimento ao cliente. Nossos consultores est\u00e3o ansiosos para resolver todos os problemas que voc\u00ea possa ter com o produto do Blogger. <\/p> <\/div>\n","protected":false},"excerpt":{"rendered":"","protected":false},"author":9,"featured_media":0,"parent":5170,"menu_order":0,"comment_status":"closed","ping_status":"closed","template":"templates\/template-application-platform.php","meta":{"publish_to_discourse":"","publish_post_category":"","wpdc_auto_publish_overridden":"","wpdc_topic_tags":"","wpdc_pin_topic":"","wpdc_pin_until":"","discourse_post_id":"","discourse_permalink":"","wpdc_publishing_response":"","wpdc_publishing_error":"","footnotes":""},"class_list":["post-6055","page","type-page","status-publish","hentry"],"yoast_head":"<!-- This site is optimized with the Yoast SEO plugin v25.3.1 - https:\/\/yoast.com\/wordpress\/plugins\/seo\/ -->\n<title>Adicionar hor\u00e1rio comercial ao Blogger - incorporar hor\u00e1rio comercial no site<\/title>\n<meta name=\"description\" content=\"Coloque um widget personaliz\u00e1vel de hor\u00e1rio comercial no Blogger para compartilhar seu status de trabalho. Crie seu pr\u00f3prio hor\u00e1rio de trabalho usando a demonstra\u00e7\u00e3o.\" \/>\n<meta name=\"robots\" content=\"index, follow, max-snippet:-1, max-image-preview:large, max-video-preview:-1\" \/>\n<link rel=\"canonical\" href=\"https:\/\/elfsight.com\/pt\/business-hours-widget\/blogger\/\" \/>\n<meta property=\"og:locale\" content=\"pt_PT\" \/>\n<meta property=\"og:type\" content=\"article\" \/>\n<meta property=\"og:title\" content=\"Adicionar hor\u00e1rio comercial ao Blogger - incorporar hor\u00e1rio comercial no site\" \/>\n<meta property=\"og:description\" content=\"Coloque um widget personaliz\u00e1vel de hor\u00e1rio comercial no Blogger para compartilhar seu status de trabalho. Crie seu pr\u00f3prio hor\u00e1rio de trabalho usando a demonstra\u00e7\u00e3o.\" \/>\n<meta property=\"og:url\" content=\"https:\/\/elfsight.com\/pt\/business-hours-widget\/blogger\/\" \/>\n<meta property=\"og:site_name\" content=\"Elfsight PT\" \/>\n<meta property=\"article:modified_time\" content=\"2025-03-04T13:22:32+00:00\" \/>\n<meta name=\"twitter:card\" content=\"summary_large_image\" \/>\n<meta name=\"twitter:label1\" content=\"Tempo estimado de leitura\" \/>\n\t<meta name=\"twitter:data1\" content=\"6 minutos\" \/>\n<!-- \/ Yoast SEO plugin. -->","yoast_head_json":{"title":"Adicionar hor\u00e1rio comercial ao Blogger - incorporar hor\u00e1rio comercial no site","description":"Coloque um widget personaliz\u00e1vel de hor\u00e1rio comercial no Blogger para compartilhar seu status de trabalho. Crie seu pr\u00f3prio hor\u00e1rio de trabalho usando a demonstra\u00e7\u00e3o.","robots":{"index":"index","follow":"follow","max-snippet":"max-snippet:-1","max-image-preview":"max-image-preview:large","max-video-preview":"max-video-preview:-1"},"canonical":"https:\/\/elfsight.com\/pt\/business-hours-widget\/blogger\/","og_locale":"pt_PT","og_type":"article","og_title":"Adicionar hor\u00e1rio comercial ao Blogger - incorporar hor\u00e1rio comercial no site","og_description":"Coloque um widget personaliz\u00e1vel de hor\u00e1rio comercial no Blogger para compartilhar seu status de trabalho. Crie seu pr\u00f3prio hor\u00e1rio de trabalho usando a demonstra\u00e7\u00e3o.","og_url":"https:\/\/elfsight.com\/pt\/business-hours-widget\/blogger\/","og_site_name":"Elfsight PT","article_modified_time":"2025-03-04T13:22:32+00:00","twitter_card":"summary_large_image","twitter_misc":{"Tempo estimado de leitura":"6 minutos"},"schema":{"@context":"https:\/\/schema.org","@graph":[{"@type":"WebPage","@id":"https:\/\/elfsight.com\/pt\/business-hours-widget\/blogger\/","url":"https:\/\/elfsight.com\/pt\/business-hours-widget\/blogger\/","name":"Adicionar hor\u00e1rio comercial ao Blogger - incorporar hor\u00e1rio comercial no site","isPartOf":{"@id":"https:\/\/elfsight.com\/pt\/#website"},"datePublished":"2024-05-03T06:31:07+00:00","dateModified":"2025-03-04T13:22:32+00:00","description":"Coloque um widget personaliz\u00e1vel de hor\u00e1rio comercial no Blogger para compartilhar seu status de trabalho. Crie seu pr\u00f3prio hor\u00e1rio de trabalho usando a demonstra\u00e7\u00e3o.","breadcrumb":{"@id":"https:\/\/elfsight.com\/pt\/business-hours-widget\/blogger\/#breadcrumb"},"inLanguage":"pt-PT","potentialAction":[{"@type":"ReadAction","target":["https:\/\/elfsight.com\/pt\/business-hours-widget\/blogger\/"]}]},{"@type":"BreadcrumbList","@id":"https:\/\/elfsight.com\/pt\/business-hours-widget\/blogger\/#breadcrumb","itemListElement":[{"@type":"ListItem","position":1,"name":"Home","item":"https:\/\/elfsight.com\/pt\/"},{"@type":"ListItem","position":2,"name":"Business Hours","item":"https:\/\/elfsight.com\/pt\/business-hours-widget\/"},{"@type":"ListItem","position":3,"name":"Business Hours &#8211; Blogger"}]},{"@type":"WebSite","@id":"https:\/\/elfsight.com\/pt\/#website","url":"https:\/\/elfsight.com\/pt\/","name":"Elfsight PT","description":"Just another Elfsight Sites site","potentialAction":[{"@type":"SearchAction","target":{"@type":"EntryPoint","urlTemplate":"https:\/\/elfsight.com\/pt\/?s={search_term_string}"},"query-input":{"@type":"PropertyValueSpecification","valueRequired":true,"valueName":"search_term_string"}}],"inLanguage":"pt-PT"}]}},"meta_box":{"industry":"","seo_heading":"","heading":"","description":"","cta_heading":"","cta_description":"","application":"5161","h1":"Widget de hor\u00e1rio comercial do BigCommerce","h1_caption":"Conte aos clientes sobre sua acessibilidade e forne\u00e7a contatos","application_category":[],"applications_title":"","applications_request_title":"","applications_request_button_text":"","hero_text":"","hero_video":"","hero_video_schema_markup":"","selling_points_title":"","selling_points_caption":"","selling_points":[],"selling_points_cta_text":"","features_title":"","features":"","ed_cta_examples_text":"","ed_cta_examples_hidden":"","ed_cta_demo_text":"","ed_cta_demo_hidden":"","why_caption":"","why_editor_title":"","why_editor_text":"","why_team_title":"","why_team_text":"","why_service_title":"","why_service_text":"","template_catalog_visible":"0","template_catalog_title":"","template_catalog_text":"","template_catalog_categories_visible":"","demo_title":"Crie seu widget de hor\u00e1rio comercial","demo_caption":"Configure seu hor\u00e1rio comercial e adicione-o ao site do Blogger gratuitamente!","default_faq_hidden":"","app_template_category":[],"platform":"46","template_public_id":"","codecanyon_url":"","codecanyon_item_id":"","codecanyon_price":"","pricing_caption":"","pricing_elfsight_apps_hide_column":"","pricing_elfsight_apps_url":"","pricing_codecanyon_price_caption":"","integration_category":[],"integration_request_title":"","integration_request_cta":"","integration_platform":"","integrations":[],"platform_category":[],"video_schema_markup":"","price":"a partir de US$ 0\/m\u00eas","trial":"","benefits":[{"text":"Servi\u00e7o de instala\u00e7\u00e3o gratuito"},{"text":"Suporte excepcional"},{"text":"Garantia de devolu\u00e7\u00e3o do dinheiro em 14 dias"},{"text":"Atualizando constantemente"}],"button_url":"#demo","button_target_blank":"0","button_nofollow":"0","attributes":[{"name":"Instala\u00e7\u00f5es","content":"10,000 - 100,000"},{"name":"Responsivo","content":"Sim"},{"name":"Navegadores compat\u00edveis","content":"Firefox, Safari, Opera, Chrome, Edge"}],"tags":[],"tags_disable_links":"0","hide_more_platforms":"0","video_object":"","demo_hide_cta":"0","demo_hide_cloud_options":"0","pricing_title":"","pricing":[{"pricing_icon":"platform","pricing_title":"Elfsight Apps","pricing_title_caption":"Solu\u00e7\u00e3o digital independente de plataforma que funciona em qualquer site","pricing_price":"a partir de US$ 0\/m\u00eas","pricing_price_caption":"comece com um plano gratuito","pricing_benefits":[{"text":"Dom\u00ednios ilimitados"},{"text":"Suporte gratuito"},{"text":"Suporte gratuito"},{"text":"100% personaliz\u00e1vel"}],"pricing_button_text":"Adicionar ao site","pricing_button_url":"#demo"}],"related_apps_title":"","related_apps_hidden":"0","author":"","image":[],"title":"","job":"","social_networks":[]},"_links":{"self":[{"href":"https:\/\/elfsight.com\/pt\/wp-json\/wp\/v2\/pages\/6055","targetHints":{"allow":["GET"]}}],"collection":[{"href":"https:\/\/elfsight.com\/pt\/wp-json\/wp\/v2\/pages"}],"about":[{"href":"https:\/\/elfsight.com\/pt\/wp-json\/wp\/v2\/types\/page"}],"author":[{"embeddable":true,"href":"https:\/\/elfsight.com\/pt\/wp-json\/wp\/v2\/users\/9"}],"replies":[{"embeddable":true,"href":"https:\/\/elfsight.com\/pt\/wp-json\/wp\/v2\/comments?post=6055"}],"version-history":[{"count":2,"href":"https:\/\/elfsight.com\/pt\/wp-json\/wp\/v2\/pages\/6055\/revisions"}],"predecessor-version":[{"id":14352,"href":"https:\/\/elfsight.com\/pt\/wp-json\/wp\/v2\/pages\/6055\/revisions\/14352"}],"up":[{"embeddable":true,"href":"https:\/\/elfsight.com\/pt\/wp-json\/wp\/v2\/pages\/5170"}],"wp:attachment":[{"href":"https:\/\/elfsight.com\/pt\/wp-json\/wp\/v2\/media?parent=6055"}],"curies":[{"name":"wp","href":"https:\/\/api.w.org\/{rel}","templated":true}]}}