{"id":6050,"date":"2024-05-03T06:31:06","date_gmt":"2024-05-03T06:31:06","guid":{"rendered":"https:\/\/elfsight.com\/pt\/?page_id=6050"},"modified":"2025-03-04T13:47:45","modified_gmt":"2025-03-04T13:47:45","slug":"woocommerce","status":"publish","type":"page","link":"https:\/\/elfsight.com\/pt\/business-hours-widget\/woocommerce\/","title":{"rendered":"Business Hours &#8211; WooCommerce"},"content":{"rendered":"\n<div class=\"application-platform-content-item-description application-platform-content-item\" id=\"description\" data-nav-section=\"description\"> <h2>Incorpore o hor\u00e1rio comercial no WooCommerce com um widget Elfsight<\/h2> <p>O hor\u00e1rio comercial da Elfsight para WooCommerce \u00e9 um widget simples sem c\u00f3digo que permite voc\u00ea crie um cart\u00e3o de visita atraente com as principais informa\u00e7\u00f5es sobre o seu trabalho. Voc\u00ea pode incluir informa\u00e7\u00f5es sobre o status atual do seu neg\u00f3cio e habilitar contatos para o seu p\u00fablico dentro do widget. O widget permite criar designs f\u00e1ceis de usar, para que os visitantes possam explorar rapidamente todos os dados necess\u00e1rios de forma breve ou mais detalhada. <\/p><p>O not\u00e1vel widget inclui v\u00e1rios modelos, para que voc\u00ea possa escolher a melhor op\u00e7\u00e3o para o seu site. Cada modelo apresenta configura\u00e7\u00f5es ajust\u00e1veis \u200b\u200bpara permitir que voc\u00ea crie uma solu\u00e7\u00e3o pessoal com as op\u00e7\u00f5es necess\u00e1rias, como bot\u00f5es de pedido e registro, que aumentam as vendas. Integrar o hor\u00e1rio de trabalho e os dados de contato da sua organiza\u00e7\u00e3o nas p\u00e1ginas do seu site \u00e9 absolutamente simples, com a Elfsight oferecendo tutoriais e instru\u00e7\u00f5es f\u00e1ceis de seguir. Qualquer usu\u00e1rio pode desenvolver e adicionar o widget de hor\u00e1rio comercial sem c\u00f3digo gratuitamente<\/p> <p><b>Adicione detalhes comerciais ao seu site para aumentar as vendas e a credibilidade do cliente. Forne\u00e7a informa\u00e7\u00f5es importantes sobre seus per\u00edodos de trabalho de forma clara. <\/b><\/p> <p>Com este widget adicionado ao seu site WooCommerce, voc\u00ea pode conscientizar seu p\u00fablico sobre sua atividade comercial e aumentar as vendas. Preste aten\u00e7\u00e3o a alguns dos maiores resultados positivos para o seu site depois de incorporar o widget de quadros funcionais sem c\u00f3digo nele. <\/p><ul><li><b>Ajude os clientes a estarem sempre em dia. <\/b> Aumentar as vendas, estando seguramente presente no hor\u00e1rio de trabalho indicado. Os visitantes do seu site perceber\u00e3o o hor\u00e1rio de disponibilidade e ficar\u00e3o mais convencidos a realizar uma compra bem-sucedida quando precisarem. <\/li><li><b>Evite mal-entendidos em rela\u00e7\u00e3o ao seu hor\u00e1rio de trabalho. <\/b> Exibir seus per\u00edodos de trabalho claros aos visitantes do site os tornar\u00e1 mais leais \u00e0 sua marca. <\/li><li><b>Exiba os dados de contato de maneira clara. <\/b> Adicionar os dados de contato ao widget de hor\u00e1rio de opera\u00e7\u00e3o sem c\u00f3digo permite que voc\u00ea estabele\u00e7a uma melhor comunica\u00e7\u00e3o com seus clientes e melhore as vendas. Demonstre que voc\u00ea est\u00e1 pronto para responder \u00e0s suas preocupa\u00e7\u00f5es sobre seus produtos e servi\u00e7os, resultando em mais confian\u00e7a e respeito. <\/li><\/ul><div class=\"faq\" data-component=\"FAQ\"><div class=\"faq-item\">\r\n\t\t\t\t\t<div class=\"faq-item-question\">\r\n\t\t\t\t\t\t<h3 class=\"faq-item-question-text\">H\u00e1 algum outro plugin para WooCommerce que eu possa usar no meu site?<\/h3>\r\n\r\n\t\t\t\t\t\t<div class=\"faq-item-question-icon\"><\/div>\r\n\t\t\t\t\t<\/div>\r\n\r\n\t\t\t\t\t<div class=\"faq-item-answer\">\r\n\t\t\t\t\t\t<div class=\"faq-item-answer-text\">Podemos fornecer v\u00e1rios plugins para voc\u00ea realizar qualquer tipo de objetivo em seu site. Verifique estes plug-ins: <a href=\"https:\/\/elfsight.com\/google-reviews-widget\/woocommerce\/\" target=\"_blank\" rel=\"noopener\">Google Reviews<\/a>, <a href=\"https:\/\/elfsight.com\/whatsapp-chat-widget\/woocommerce\/\" target=\"_blank\" rel=\"noopener\">Bate-papo do WhatsApp<\/a>, <a href=\"https:\/\/elfsight.com\/event-calendar-widget\/woocommerce\/\" target=\"_blank\" rel=\"noopener\">Calend\u00e1rio de eventos<\/a>, <a href=\"https:\/\/elfsight.com\/countdown-timer-widget\/woocommerce\/\" target=\"_blank\" rel=\"noopener\">Temporizador de contagem regressiva<\/a>, <a href=\"https:\/\/elfsight.com\/qr-code-widget\/woocommerce\/\" target=\"_blank\" rel=\"noopener\">QR C\u00f3digo<\/a>. <\/div>\r\n\t\t\t\t\t<\/div>\r\n\t\t\t\t<\/div><div class=\"faq-item\">\r\n\t\t\t\t\t<div class=\"faq-item-question\">\r\n\t\t\t\t\t\t<h3 class=\"faq-item-question-text\">Como posso me beneficiar do hor\u00e1rio comercial no site WooCommerce?<\/h3>\r\n\r\n\t\t\t\t\t\t<div class=\"faq-item-question-icon\"><\/div>\r\n\t\t\t\t\t<\/div>\r\n\r\n\t\t\t\t\t<div class=\"faq-item-answer\">\r\n\t\t\t\t\t\t<div class=\"faq-item-answer-text\">Voc\u00ea acessa muitos cen\u00e1rios para melhorar as estat\u00edsticas de sucesso e os resultados de vendas adicionando um plug-in de hor\u00e1rio comercial. Com os modelos da Elfsight para este maravilhoso plugin para sites, \u00e9 poss\u00edvel descobrir t\u00e1ticas de neg\u00f3cios individuais. Voc\u00ea pode demonstrar informa\u00e7\u00f5es expandidas sobre seu hor\u00e1rio de opera\u00e7\u00e3o ou apenas incorporar um pop-up compacto de status atual. Voc\u00ea pode formar cart\u00f5es de contato com seu plugin de hor\u00e1rio comercial e adicion\u00e1-los aos locais preferidos do site para chamar a aten\u00e7\u00e3o e informar os clientes sobre sua atividade. <\/div>\r\n\t\t\t\t\t<\/div>\r\n\t\t\t\t<\/div><div class=\"faq-item\">\r\n\t\t\t\t\t<div class=\"faq-item-question\">\r\n\t\t\t\t\t\t<h3 class=\"faq-item-question-text\">Como incorporar hor\u00e1rio comercial sem c\u00f3digo gratuitamente em sites WooCommerce?<\/h3>\r\n\r\n\t\t\t\t\t\t<div class=\"faq-item-question-icon\"><\/div>\r\n\t\t\t\t\t<\/div>\r\n\r\n\t\t\t\t\t<div class=\"faq-item-answer\">\r\n\t\t\t\t\t\t<div class=\"faq-item-answer-text\">Incorporar um plug-in de hor\u00e1rio comercial em seu site WooCommerce \u00e9 uma maneira perfeita de iniciar a comunica\u00e7\u00e3o com clientes e inform\u00e1-los sobre sua disponibilidade para garantir vendas ou prestar servi\u00e7os. Aqui est\u00e3o breves tutoriais sobre como adicionar o plugin de hor\u00e1rio de funcionamento ao seu site. <ol><li>Quando precisar incorporar um hor\u00e1rio comercial da Elfsight gratuitamente no WooCommerce, acesse o site da Elfsight e inscreva-se. <\/li><li>Crie o plug-in gratuito de hor\u00e1rio de opera\u00e7\u00e3o sem c\u00f3digo, adaptando sua apar\u00eancia e configura\u00e7\u00f5es para combinar com o estilo do seu site WooCommerce. <\/li><li>Depois de definir seu hor\u00e1rio comercial, copie o c\u00f3digo e cole-o no site WooCommerce onde deseja que o plugin funcione. <\/li><\/ol>Ao inserir o hor\u00e1rio comercial em seu site WooCommerce, voc\u00ea certamente aumentar\u00e1 o envolvimento cont\u00ednuo dos visitantes. Descubra as vantagens do Hor\u00e1rio Comercial da Elfsight sem nenhum custo para voc\u00ea! <\/div>\r\n\t\t\t\t\t<\/div>\r\n\t\t\t\t<\/div><\/div><\/div> <div class=\"application-platform-content-item-features application-platform-content-item\" id=\"features\" data-nav-section=\"features\"> <h2>Os recursos b\u00e1sicos do widget oferecem<\/h2> <ul><li>Exibir o status da sua empresa em tempo real<\/li><li>Ajuste f\u00e1cil das estruturas de trabalho<\/li><li>Configura\u00e7\u00e3o de eventos especiais<\/li><li>Status da situa\u00e7\u00e3o em tempo real<\/li><li>Gr\u00e1fico integr\u00e1vel ou status compacto<\/li><\/ul> <p><a href=\"#demo\">Teste todas as op\u00e7\u00f5es de personaliza\u00e7\u00e3o na demonstra\u00e7\u00e3o completa<\/a><\/p><\/div> <div class=\"application-platform-content-item-installation application-platform-content-item\" id=\"installation\" data-nav-section=\"installation\"> <h2>Como posso incorporar o Business Horas no meu site WooCommerce?<\/h2> <p>Basta seguir as orienta\u00e7\u00f5es abaixo no aplicativo com seu tempo de atividade. <\/p> <ol><li><b>Gerencie nosso editor e comece a criar seu plugin exclusivo. <\/b><br> Escolha a apar\u00eancia e os recursos selecionados do plugin e salve as edi\u00e7\u00f5es. <\/li> <li><b>Copie o seu c\u00f3digo pessoal que aparece no formul\u00e1rio especial nas aplica\u00e7\u00f5es Elfsight. <\/b><br> Ap\u00f3s a conclus\u00e3o da cria\u00e7\u00e3o de sua solu\u00e7\u00e3o de hor\u00e1rio de atividade sem c\u00f3digo, copie o c\u00f3digo pessoal da caixa exibida e salve-o para uso posterior. <\/li> <li><b>Comece a usar o plugin no site WooCommerce. <\/b><br> Incorpore o c\u00f3digo que voc\u00ea salvou anteriormente em seu site e aplique as modifica\u00e7\u00f5es. <\/li> <li><b>Conclu\u00eddo! A configura\u00e7\u00e3o do seu Hor\u00e1rio Comercial est\u00e1 totalmente realizada. <\/b><br> Acesse seu site para verificar o funcionamento do aplicativo de hor\u00e1rio de funcionamento adicionado. <\/li><\/ol> <p>Caso voc\u00ea tenha algum problema, sinta-se \u00e0 vontade para procurar ajuda de nossa equipe de suporte. Nossos consultores ter\u00e3o prazer em resolver todas as dificuldades que voc\u00ea possa ter com o plugin para WooCommerce. <\/p><\/div>\n","protected":false},"excerpt":{"rendered":"","protected":false},"author":9,"featured_media":0,"parent":5170,"menu_order":0,"comment_status":"closed","ping_status":"closed","template":"templates\/template-application-platform.php","meta":{"publish_to_discourse":"","publish_post_category":"","wpdc_auto_publish_overridden":"","wpdc_topic_tags":"","wpdc_pin_topic":"","wpdc_pin_until":"","discourse_post_id":"","discourse_permalink":"","wpdc_publishing_response":"","wpdc_publishing_error":"","footnotes":""},"class_list":["post-6050","page","type-page","status-publish","hentry"],"yoast_head":"<!-- This site is optimized with the Yoast SEO plugin v25.3.1 - https:\/\/yoast.com\/wordpress\/plugins\/seo\/ -->\n<title>Adicionar hor\u00e1rio comercial ao WooCommerce - incorporar widget gratuito no site<\/title>\n<meta name=\"description\" content=\"Coloque um widget ajust\u00e1vel de hor\u00e1rio comercial no WooCommerce para mostrar o status do seu neg\u00f3cio. Crie seu widget pessoal de hor\u00e1rio de trabalho na demonstra\u00e7\u00e3o.\" \/>\n<meta name=\"robots\" content=\"index, follow, max-snippet:-1, max-image-preview:large, max-video-preview:-1\" \/>\n<link rel=\"canonical\" href=\"https:\/\/elfsight.com\/pt\/business-hours-widget\/woocommerce\/\" \/>\n<meta property=\"og:locale\" content=\"pt_PT\" \/>\n<meta property=\"og:type\" content=\"article\" \/>\n<meta property=\"og:title\" content=\"Adicionar hor\u00e1rio comercial ao WooCommerce - incorporar widget gratuito no site\" \/>\n<meta property=\"og:description\" content=\"Coloque um widget ajust\u00e1vel de hor\u00e1rio comercial no WooCommerce para mostrar o status do seu neg\u00f3cio. Crie seu widget pessoal de hor\u00e1rio de trabalho na demonstra\u00e7\u00e3o.\" \/>\n<meta property=\"og:url\" content=\"https:\/\/elfsight.com\/pt\/business-hours-widget\/woocommerce\/\" \/>\n<meta property=\"og:site_name\" content=\"Elfsight PT\" \/>\n<meta property=\"article:modified_time\" content=\"2025-03-04T13:47:45+00:00\" \/>\n<meta name=\"twitter:card\" content=\"summary_large_image\" \/>\n<meta name=\"twitter:label1\" content=\"Tempo estimado de leitura\" \/>\n\t<meta name=\"twitter:data1\" content=\"5 minutos\" \/>\n<!-- \/ Yoast SEO plugin. -->","yoast_head_json":{"title":"Adicionar hor\u00e1rio comercial ao WooCommerce - incorporar widget gratuito no site","description":"Coloque um widget ajust\u00e1vel de hor\u00e1rio comercial no WooCommerce para mostrar o status do seu neg\u00f3cio. Crie seu widget pessoal de hor\u00e1rio de trabalho na demonstra\u00e7\u00e3o.","robots":{"index":"index","follow":"follow","max-snippet":"max-snippet:-1","max-image-preview":"max-image-preview:large","max-video-preview":"max-video-preview:-1"},"canonical":"https:\/\/elfsight.com\/pt\/business-hours-widget\/woocommerce\/","og_locale":"pt_PT","og_type":"article","og_title":"Adicionar hor\u00e1rio comercial ao WooCommerce - incorporar widget gratuito no site","og_description":"Coloque um widget ajust\u00e1vel de hor\u00e1rio comercial no WooCommerce para mostrar o status do seu neg\u00f3cio. Crie seu widget pessoal de hor\u00e1rio de trabalho na demonstra\u00e7\u00e3o.","og_url":"https:\/\/elfsight.com\/pt\/business-hours-widget\/woocommerce\/","og_site_name":"Elfsight PT","article_modified_time":"2025-03-04T13:47:45+00:00","twitter_card":"summary_large_image","twitter_misc":{"Tempo estimado de leitura":"5 minutos"},"schema":{"@context":"https:\/\/schema.org","@graph":[{"@type":"WebPage","@id":"https:\/\/elfsight.com\/pt\/business-hours-widget\/woocommerce\/","url":"https:\/\/elfsight.com\/pt\/business-hours-widget\/woocommerce\/","name":"Adicionar hor\u00e1rio comercial ao WooCommerce - incorporar widget gratuito no site","isPartOf":{"@id":"https:\/\/elfsight.com\/pt\/#website"},"datePublished":"2024-05-03T06:31:06+00:00","dateModified":"2025-03-04T13:47:45+00:00","description":"Coloque um widget ajust\u00e1vel de hor\u00e1rio comercial no WooCommerce para mostrar o status do seu neg\u00f3cio. Crie seu widget pessoal de hor\u00e1rio de trabalho na demonstra\u00e7\u00e3o.","breadcrumb":{"@id":"https:\/\/elfsight.com\/pt\/business-hours-widget\/woocommerce\/#breadcrumb"},"inLanguage":"pt-PT","potentialAction":[{"@type":"ReadAction","target":["https:\/\/elfsight.com\/pt\/business-hours-widget\/woocommerce\/"]}]},{"@type":"BreadcrumbList","@id":"https:\/\/elfsight.com\/pt\/business-hours-widget\/woocommerce\/#breadcrumb","itemListElement":[{"@type":"ListItem","position":1,"name":"Home","item":"https:\/\/elfsight.com\/pt\/"},{"@type":"ListItem","position":2,"name":"Business Hours","item":"https:\/\/elfsight.com\/pt\/business-hours-widget\/"},{"@type":"ListItem","position":3,"name":"Business Hours &#8211; WooCommerce"}]},{"@type":"WebSite","@id":"https:\/\/elfsight.com\/pt\/#website","url":"https:\/\/elfsight.com\/pt\/","name":"Elfsight PT","description":"Just another Elfsight Sites site","potentialAction":[{"@type":"SearchAction","target":{"@type":"EntryPoint","urlTemplate":"https:\/\/elfsight.com\/pt\/?s={search_term_string}"},"query-input":{"@type":"PropertyValueSpecification","valueRequired":true,"valueName":"search_term_string"}}],"inLanguage":"pt-PT"}]}},"meta_box":{"industry":"","seo_heading":"","heading":"","description":"","cta_heading":"","cta_description":"","application":"5161","h1":"Plug-in de hor\u00e1rio comercial WooCommerce","h1_caption":"Informe os clientes sobre sua disponibilidade e forne\u00e7a detalhes de contato","application_category":[],"applications_title":"","applications_request_title":"","applications_request_button_text":"","hero_text":"","hero_video":"","hero_video_schema_markup":"","selling_points_title":"","selling_points_caption":"","selling_points":[],"selling_points_cta_text":"","features_title":"","features":"","ed_cta_examples_text":"","ed_cta_examples_hidden":"","ed_cta_demo_text":"","ed_cta_demo_hidden":"","why_caption":"","why_editor_title":"","why_editor_text":"","why_team_title":"","why_team_text":"","why_service_title":"","why_service_text":"","template_catalog_visible":"0","template_catalog_title":"","template_catalog_text":"","template_catalog_categories_visible":"","demo_title":"Crie seu aplicativo de hor\u00e1rio comercial","demo_caption":"Configure seu hor\u00e1rio comercial e adicione-o ao seu site WooCommerce gratuitamente!","default_faq_hidden":"","app_template_category":[],"platform":"4920","template_public_id":"","codecanyon_url":"","codecanyon_item_id":"","codecanyon_price":"","pricing_caption":"","pricing_elfsight_apps_hide_column":"","pricing_elfsight_apps_url":"","pricing_codecanyon_price_caption":"","integration_category":[],"integration_request_title":"","integration_request_cta":"","integration_platform":"","integrations":[],"platform_category":[],"video_schema_markup":"","price":"a partir de US$ 0\/m\u00eas","trial":"","benefits":[{"text":"Servi\u00e7o de instala\u00e7\u00e3o gratuito"},{"text":"Suporte excepcional"},{"text":"Garantia de devolu\u00e7\u00e3o do dinheiro em 14 dias"},{"text":"Atualizando constantemente"}],"button_url":"#demo","button_target_blank":"0","button_nofollow":"0","attributes":[{"name":"Instala\u00e7\u00f5es","content":"10,000 - 100,000"},{"name":"Responsivo","content":"Sim"},{"name":"Navegadores compat\u00edveis","content":"Firefox, Safari, Opera, Chrome, Edge"}],"tags":[],"tags_disable_links":"0","hide_more_platforms":"0","video_object":"","demo_hide_cta":"0","demo_hide_cloud_options":"0","pricing_title":"","pricing":[{"pricing_icon":"platform","pricing_title":"Elfsight Apps","pricing_title_caption":"Solu\u00e7\u00e3o digital multiplataforma que se adapta a qualquer site","pricing_price":"a partir de US$ 0\/m\u00eas","pricing_price_caption":"comece com um plano gratuito","pricing_benefits":[{"text":"Sites ilimitados"},{"text":"Suporte 24 horas por dia, 7 dias por semana e pontual"},{"text":"Suporte 24 horas por dia, 7 dias por semana e pontual"},{"text":"Totalmente personaliz\u00e1vel"}],"pricing_button_text":"Adicionar ao site","pricing_button_url":"#demo"}],"related_apps_title":"","related_apps_hidden":"0","author":"","image":[],"title":"","job":"","social_networks":[]},"_links":{"self":[{"href":"https:\/\/elfsight.com\/pt\/wp-json\/wp\/v2\/pages\/6050","targetHints":{"allow":["GET"]}}],"collection":[{"href":"https:\/\/elfsight.com\/pt\/wp-json\/wp\/v2\/pages"}],"about":[{"href":"https:\/\/elfsight.com\/pt\/wp-json\/wp\/v2\/types\/page"}],"author":[{"embeddable":true,"href":"https:\/\/elfsight.com\/pt\/wp-json\/wp\/v2\/users\/9"}],"replies":[{"embeddable":true,"href":"https:\/\/elfsight.com\/pt\/wp-json\/wp\/v2\/comments?post=6050"}],"version-history":[{"count":2,"href":"https:\/\/elfsight.com\/pt\/wp-json\/wp\/v2\/pages\/6050\/revisions"}],"predecessor-version":[{"id":14369,"href":"https:\/\/elfsight.com\/pt\/wp-json\/wp\/v2\/pages\/6050\/revisions\/14369"}],"up":[{"embeddable":true,"href":"https:\/\/elfsight.com\/pt\/wp-json\/wp\/v2\/pages\/5170"}],"wp:attachment":[{"href":"https:\/\/elfsight.com\/pt\/wp-json\/wp\/v2\/media?parent=6050"}],"curies":[{"name":"wp","href":"https:\/\/api.w.org\/{rel}","templated":true}]}}