{"id":6049,"date":"2024-05-03T06:31:05","date_gmt":"2024-05-03T06:31:05","guid":{"rendered":"https:\/\/elfsight.com\/pt\/?page_id=6049"},"modified":"2025-03-04T13:34:49","modified_gmt":"2025-03-04T13:34:49","slug":"magento","status":"publish","type":"page","link":"https:\/\/elfsight.com\/pt\/business-hours-widget\/magento\/","title":{"rendered":"Business Hours &#8211; Magento"},"content":{"rendered":"\n<div class=\"application-platform-content-item-description application-platform-content-item\" id=\"description\" data-nav-section=\"description\"> <h2>Incorpore o hor\u00e1rio comercial no Magento com uma extens\u00e3o Elfsight<\/h2> <p>O Elfsight Business Hours for Magento \u00e9 um widget simples sem c\u00f3digo que ajuda voc\u00ea a construir um cart\u00e3o de visita atraente com as principais informa\u00e7\u00f5es sobre sua organiza\u00e7\u00e3o. Voc\u00ea pode incluir informa\u00e7\u00f5es sobre seu status de disponibilidade atual e fornecer contatos para seus clientes. O widget permite formar designs atraentes, para que os clientes possam explorar facilmente todas as informa\u00e7\u00f5es necess\u00e1rias de forma breve ou mais detalhada. <\/p><p>O not\u00e1vel widget est\u00e1 equipado com um conjunto de templates, para que voc\u00ea possa escolher a op\u00e7\u00e3o mais adequada para o seu site. Cada modelo apresenta v\u00e1rias configura\u00e7\u00f5es para ajud\u00e1-lo a formar um widget personalizado com op\u00e7\u00f5es necess\u00e1rias, como reservas e bot\u00f5es de reserva que aumentam as vendas. Incorporar o hor\u00e1rio de trabalho e os contactos da sua empresa no seu site \u00e9 extremamente simples, pois a Elfsight oferece tutoriais e guias f\u00e1ceis de seguir. Qualquer usu\u00e1rio pode criar e adicionar o widget de hor\u00e1rio comercial sem c\u00f3digo gratuitamente<\/p> <p><b>Adicione detalhes comerciais ao seu site para intensificar as taxas de vendas e a fidelidade do cliente. Forne\u00e7a informa\u00e7\u00f5es importantes sobre sua atividade de trabalho com facilidade. <\/b><\/p> <p>Com este widget incorporado em seu site Magento, voc\u00ea pode deixar seus clientes mais informados sobre seu neg\u00f3cio e aumentar as vendas. Explore algumas das principais vantagens do seu site ap\u00f3s adicionar o widget de quadros funcionais sem c\u00f3digo a ele. <\/p><ul><li><b>Ajude os clientes a serem sempre pontuais. <\/b> Aumente as vendas, estando sempre em contato dentro do hor\u00e1rio comercial correspondente. Os visitantes do seu site ver\u00e3o o hor\u00e1rio de funcionamento e ficar\u00e3o mais confiantes para fazer uma compra bem-sucedida quando necess\u00e1rio. <\/li><li><b>Evite mal-entendidos sobre seu hor\u00e1rio de trabalho. <\/b> Exibir seus per\u00edodos de trabalho simples aos clientes no site ir\u00e1 torn\u00e1-los mais leais \u00e0 sua organiza\u00e7\u00e3o, pois eles poder\u00e3o planejar uma reserva ou uma visita a voc\u00ea. <\/li><li><b>Exiba dados de contato de maneira conveniente. <\/b> Adicionar os detalhes de contato ao widget de hor\u00e1rio de opera\u00e7\u00e3o sem c\u00f3digo permite que voc\u00ea agilize as vendas. Demonstre que voc\u00ea est\u00e1 pronto para responder \u00e0s suas d\u00favidas sobre os produtos e servi\u00e7os do seu neg\u00f3cio, resultando em mais confian\u00e7a e prest\u00edgio. <\/li><\/ul><div class=\"faq\" data-component=\"FAQ\"><div class=\"faq-item\">\r\n\t\t\t\t\t<div class=\"faq-item-question\">\r\n\t\t\t\t\t\t<h3 class=\"faq-item-question-text\">Existem outros plugins para Magento que eu possa usar no meu site para aumentar as vendas?<\/h3>\r\n\r\n\t\t\t\t\t\t<div class=\"faq-item-question-icon\"><\/div>\r\n\t\t\t\t\t<\/div>\r\n\r\n\t\t\t\t\t<div class=\"faq-item-answer\">\r\n\t\t\t\t\t\t<div class=\"faq-item-answer-text\">Podemos fornecer muitos plugins para voc\u00ea atingir qualquer tipo de objetivo. seu site. Verifique estes plug-ins: <a href=\"https:\/\/elfsight.com\/google-reviews-widget\/magento\/\" target=\"_blank\" rel=\"noopener\">Google Reviews<\/a>, <a href=\"https:\/\/elfsight.com\/whatsapp-chat-widget\/magento\/\" target=\"_blank\" rel=\"noopener\">Bate-papo do WhatsApp<\/a>, <a href=\"https:\/\/elfsight.com\/event-calendar-widget\/magento\/\" target=\"_blank\" rel=\"noopener\">Calend\u00e1rio de eventos<\/a>, <a href=\"https:\/\/elfsight.com\/countdown-timer-widget\/magento\/\" target=\"_blank\" rel=\"noopener\">Temporizador de contagem regressiva<\/a>, <a href=\"https:\/\/elfsight.com\/qr-code-widget\/magento\/\" target=\"_blank\" rel=\"noopener\">QR C\u00f3digo<\/a>. <\/div>\r\n\t\t\t\t\t<\/div>\r\n\t\t\t\t<\/div><div class=\"faq-item\">\r\n\t\t\t\t\t<div class=\"faq-item-question\">\r\n\t\t\t\t\t\t<h3 class=\"faq-item-question-text\">Como posso obter resultados com o hor\u00e1rio comercial no Magento?<\/h3>\r\n\r\n\t\t\t\t\t\t<div class=\"faq-item-question-icon\"><\/div>\r\n\t\t\t\t\t<\/div>\r\n\r\n\t\t\t\t\t<div class=\"faq-item-answer\">\r\n\t\t\t\t\t\t<div class=\"faq-item-answer-text\">Existem muitos cen\u00e1rios para melhorar as taxas de convers\u00e3o e os n\u00fameros de vendas adicionando um plugin de hor\u00e1rio comercial. Com os modelos da Elfsight para este not\u00e1vel plugin para sites, voc\u00ea pode escolher t\u00e1ticas de neg\u00f3cios personalizadas. Voc\u00ea pode mostrar informa\u00e7\u00f5es expandidas sobre seu hor\u00e1rio de opera\u00e7\u00e3o e maneiras de falar com voc\u00ea ou apenas incorporar um pop-up compacto de status operacional. Voc\u00ea pode criar cart\u00f5es de contato com seu plugin de hor\u00e1rio de funcionamento e adicion\u00e1-los \u00e0s \u00e1reas preferenciais do site para chamar a aten\u00e7\u00e3o e informar os clientes sobre seu status para aumentar as vendas. <\/div>\r\n\t\t\t\t\t<\/div>\r\n\t\t\t\t<\/div><div class=\"faq-item\">\r\n\t\t\t\t\t<div class=\"faq-item-question\">\r\n\t\t\t\t\t\t<h3 class=\"faq-item-question-text\">Como incorporar o hor\u00e1rio comercial gratuitamente em sites Magento?<\/h3>\r\n\r\n\t\t\t\t\t\t<div class=\"faq-item-question-icon\"><\/div>\r\n\t\t\t\t\t<\/div>\r\n\r\n\t\t\t\t\t<div class=\"faq-item-answer\">\r\n\t\t\t\t\t\t<div class=\"faq-item-answer-text\">Incorporar um plugin de hor\u00e1rio comercial em seu site Magento \u00e9 usado para envolver os clientes na comunica\u00e7\u00e3o e garantir vendas. Aqui voc\u00ea pode ver breves tutoriais sobre como adicionar o plugin de hor\u00e1rio de funcionamento ao seu site. <ol><li>Para incorporar um plugin Elfsight Business Hours gratuitamente no Magento, acesse o site da Elfsight e crie uma conta. <\/li><li>Crie o plugin gratuito de hor\u00e1rio comercial adaptando sua apar\u00eancia e configura\u00e7\u00f5es para se adequar ao estilo do seu site Magento. <\/li><li>Depois de personalizar seu hor\u00e1rio comercial, copie o trecho de c\u00f3digo especial e cole-o em seu site Magento onde deseja que o plugin apare\u00e7a. <\/li><\/ol>Ao inserir seu hor\u00e1rio comercial sem c\u00f3digo em seu site Magento, voc\u00ea definitivamente aumentar\u00e1 seu magnetismo visual e aumentar\u00e1 o envolvimento sustent\u00e1vel do cliente. Experimente os benef\u00edcios do hor\u00e1rio comercial da Elfsight sem nenhum custo para voc\u00ea! <\/div>\r\n\t\t\t\t\t<\/div>\r\n\t\t\t\t<\/div><\/div><\/div> <div class=\"application-platform-content-item-features application-platform-content-item\" id=\"features\" data-nav-section=\"features\"> <h2>Estes s\u00e3o apenas alguns dos valiosos recursos do widget:<\/h2> <ul><li>Exiba sua disponibilidade atual<\/li><li>F\u00e1cil ajuste das estruturas de trabalho<\/li><li>Configura\u00e7\u00e3o para ocasi\u00f5es especiais<\/li><li>Status da situa\u00e7\u00e3o em tempo real<\/li><li>Mesa integr\u00e1vel ou status compacto<\/li><\/ul> <p><a href=\"#demo\">Examine todas as op\u00e7\u00f5es de personaliza\u00e7\u00e3o na demonstra\u00e7\u00e3o completa<\/a><\/p><\/div> <div class=\"application-platform-content-item-installation application-platform-content-item\" id=\"installation\" data-nav-section=\"installation\"> <h2>Como posso incorporar o Business Horas no meu site Magento?<\/h2> <p>Basta seguir as orienta\u00e7\u00f5es abaixo para o plugin com seu tempo de opera\u00e7\u00e3o. <\/p> <ol><li><b>Execute nosso editor e comece a moldar seu pr\u00f3prio plugin. <\/b><br> Encontre o design e funcionalidade preferidos do plugin e aplique as corre\u00e7\u00f5es. <\/li> <li><b>Receba o seu c\u00f3digo de incorpora\u00e7\u00e3o individual que aparece na janela das aplica\u00e7\u00f5es Elfsight. <\/b><br> Assim que terminar o estabelecimento da sua solu\u00e7\u00e3o de hor\u00e1rio de atividade pessoal sem c\u00f3digo, copie o c\u00f3digo pessoal na caixa exibida e guarde-o para uso posterior. <\/li> <li><b>Inicie o uso da extens\u00e3o em seu site Magento. <\/b><br> Insira o c\u00f3digo copiado recentemente em seu site e aplique as modifica\u00e7\u00f5es. <\/li> <li><b>Conclu\u00eddo! A integra\u00e7\u00e3o do seu no-code no site Hor\u00e1rio Comercial est\u00e1 totalmente realizada. <\/b><br> Visite seu site para conferir o desempenho da extens\u00e3o do hor\u00e1rio de funcionamento. <\/li><\/ol> <p>Caso tenha d\u00favidas ou encontre alguma complica\u00e7\u00e3o, sinta-se \u00e0 vontade para entrar em contato com nossa equipe de atendimento ao cliente. Nosso pessoal est\u00e1 ansioso para resolver todos os problemas que voc\u00ea possa ter com a extens\u00e3o do Magento. <\/p><\/div>\n","protected":false},"excerpt":{"rendered":"","protected":false},"author":9,"featured_media":0,"parent":5170,"menu_order":0,"comment_status":"closed","ping_status":"closed","template":"templates\/template-application-platform.php","meta":{"publish_to_discourse":"","publish_post_category":"","wpdc_auto_publish_overridden":"","wpdc_topic_tags":"","wpdc_pin_topic":"","wpdc_pin_until":"","discourse_post_id":"","discourse_permalink":"","wpdc_publishing_response":"","wpdc_publishing_error":"","footnotes":""},"class_list":["post-6049","page","type-page","status-publish","hentry"],"yoast_head":"<!-- This site is optimized with the Yoast SEO plugin v25.3.1 - https:\/\/yoast.com\/wordpress\/plugins\/seo\/ -->\n<title>Adicionar hor\u00e1rio comercial ao Magento - incorporar extens\u00e3o gratuita para sites<\/title>\n<meta name=\"description\" content=\"Adicione um widget personaliz\u00e1vel de hor\u00e1rio comercial ao Magento para apresentar o status do seu neg\u00f3cio. Crie seu widget pessoal de hor\u00e1rio de trabalho na demonstra\u00e7\u00e3o.\" \/>\n<meta name=\"robots\" content=\"index, follow, max-snippet:-1, max-image-preview:large, max-video-preview:-1\" \/>\n<link rel=\"canonical\" href=\"https:\/\/elfsight.com\/pt\/business-hours-widget\/magento\/\" \/>\n<meta property=\"og:locale\" content=\"pt_PT\" \/>\n<meta property=\"og:type\" content=\"article\" \/>\n<meta property=\"og:title\" content=\"Adicionar hor\u00e1rio comercial ao Magento - incorporar extens\u00e3o gratuita para sites\" \/>\n<meta property=\"og:description\" content=\"Adicione um widget personaliz\u00e1vel de hor\u00e1rio comercial ao Magento para apresentar o status do seu neg\u00f3cio. Crie seu widget pessoal de hor\u00e1rio de trabalho na demonstra\u00e7\u00e3o.\" \/>\n<meta property=\"og:url\" content=\"https:\/\/elfsight.com\/pt\/business-hours-widget\/magento\/\" \/>\n<meta property=\"og:site_name\" content=\"Elfsight PT\" \/>\n<meta property=\"article:modified_time\" content=\"2025-03-04T13:34:49+00:00\" \/>\n<meta name=\"twitter:card\" content=\"summary_large_image\" \/>\n<meta name=\"twitter:label1\" content=\"Tempo estimado de leitura\" \/>\n\t<meta name=\"twitter:data1\" content=\"5 minutos\" \/>\n<!-- \/ Yoast SEO plugin. -->","yoast_head_json":{"title":"Adicionar hor\u00e1rio comercial ao Magento - incorporar extens\u00e3o gratuita para sites","description":"Adicione um widget personaliz\u00e1vel de hor\u00e1rio comercial ao Magento para apresentar o status do seu neg\u00f3cio. Crie seu widget pessoal de hor\u00e1rio de trabalho na demonstra\u00e7\u00e3o.","robots":{"index":"index","follow":"follow","max-snippet":"max-snippet:-1","max-image-preview":"max-image-preview:large","max-video-preview":"max-video-preview:-1"},"canonical":"https:\/\/elfsight.com\/pt\/business-hours-widget\/magento\/","og_locale":"pt_PT","og_type":"article","og_title":"Adicionar hor\u00e1rio comercial ao Magento - incorporar extens\u00e3o gratuita para sites","og_description":"Adicione um widget personaliz\u00e1vel de hor\u00e1rio comercial ao Magento para apresentar o status do seu neg\u00f3cio. Crie seu widget pessoal de hor\u00e1rio de trabalho na demonstra\u00e7\u00e3o.","og_url":"https:\/\/elfsight.com\/pt\/business-hours-widget\/magento\/","og_site_name":"Elfsight PT","article_modified_time":"2025-03-04T13:34:49+00:00","twitter_card":"summary_large_image","twitter_misc":{"Tempo estimado de leitura":"5 minutos"},"schema":{"@context":"https:\/\/schema.org","@graph":[{"@type":"WebPage","@id":"https:\/\/elfsight.com\/pt\/business-hours-widget\/magento\/","url":"https:\/\/elfsight.com\/pt\/business-hours-widget\/magento\/","name":"Adicionar hor\u00e1rio comercial ao Magento - incorporar extens\u00e3o gratuita para sites","isPartOf":{"@id":"https:\/\/elfsight.com\/pt\/#website"},"datePublished":"2024-05-03T06:31:05+00:00","dateModified":"2025-03-04T13:34:49+00:00","description":"Adicione um widget personaliz\u00e1vel de hor\u00e1rio comercial ao Magento para apresentar o status do seu neg\u00f3cio. Crie seu widget pessoal de hor\u00e1rio de trabalho na demonstra\u00e7\u00e3o.","breadcrumb":{"@id":"https:\/\/elfsight.com\/pt\/business-hours-widget\/magento\/#breadcrumb"},"inLanguage":"pt-PT","potentialAction":[{"@type":"ReadAction","target":["https:\/\/elfsight.com\/pt\/business-hours-widget\/magento\/"]}]},{"@type":"BreadcrumbList","@id":"https:\/\/elfsight.com\/pt\/business-hours-widget\/magento\/#breadcrumb","itemListElement":[{"@type":"ListItem","position":1,"name":"Home","item":"https:\/\/elfsight.com\/pt\/"},{"@type":"ListItem","position":2,"name":"Business Hours","item":"https:\/\/elfsight.com\/pt\/business-hours-widget\/"},{"@type":"ListItem","position":3,"name":"Business Hours &#8211; Magento"}]},{"@type":"WebSite","@id":"https:\/\/elfsight.com\/pt\/#website","url":"https:\/\/elfsight.com\/pt\/","name":"Elfsight PT","description":"Just another Elfsight Sites site","potentialAction":[{"@type":"SearchAction","target":{"@type":"EntryPoint","urlTemplate":"https:\/\/elfsight.com\/pt\/?s={search_term_string}"},"query-input":{"@type":"PropertyValueSpecification","valueRequired":true,"valueName":"search_term_string"}}],"inLanguage":"pt-PT"}]}},"meta_box":{"industry":"","seo_heading":"","heading":"","description":"","cta_heading":"","cta_description":"","application":"5161","h1":"Extens\u00e3o do hor\u00e1rio comercial do Magento","h1_caption":"Informe os clientes sobre sua programa\u00e7\u00e3o e forne\u00e7a contatos","application_category":[],"applications_title":"","applications_request_title":"","applications_request_button_text":"","hero_text":"","hero_video":"","hero_video_schema_markup":"","selling_points_title":"","selling_points_caption":"","selling_points":[],"selling_points_cta_text":"","features_title":"","features":"","ed_cta_examples_text":"","ed_cta_examples_hidden":"","ed_cta_demo_text":"","ed_cta_demo_hidden":"","why_caption":"","why_editor_title":"","why_editor_text":"","why_team_title":"","why_team_text":"","why_service_title":"","why_service_text":"","template_catalog_visible":"0","template_catalog_title":"","template_catalog_text":"","template_catalog_categories_visible":"","demo_title":"Crie sua extens\u00e3o de hor\u00e1rio comercial","demo_caption":"Configure seu hor\u00e1rio comercial e adicione-o ao seu site Magento gratuitamente!","default_faq_hidden":"","app_template_category":[],"platform":"58","template_public_id":"","codecanyon_url":"","codecanyon_item_id":"","codecanyon_price":"","pricing_caption":"","pricing_elfsight_apps_hide_column":"","pricing_elfsight_apps_url":"","pricing_codecanyon_price_caption":"","integration_category":[],"integration_request_title":"","integration_request_cta":"","integration_platform":"","integrations":[],"platform_category":[],"video_schema_markup":"","price":"a partir de US$ 0\/m\u00eas","trial":"","benefits":[{"text":"Servi\u00e7o de instala\u00e7\u00e3o gratuito"},{"text":"Suporte ao cliente experiente"},{"text":"Garantia de reembolso de 14 dias"},{"text":"Desenvolvimento cont\u00ednuo"}],"button_url":"#demo","button_target_blank":"0","button_nofollow":"0","attributes":[{"name":"Instala\u00e7\u00f5es","content":"10,000 - 100,000"},{"name":"Responsivo","content":"Sim"},{"name":"Navegadores compat\u00edveis","content":"Firefox, Safari, Opera, Chrome, Edge"}],"tags":[],"tags_disable_links":"0","hide_more_platforms":"0","video_object":"","demo_hide_cta":"0","demo_hide_cloud_options":"0","pricing_title":"","pricing":[{"pricing_icon":"platform","pricing_title":"Elfsight Apps","pricing_title_caption":"Software multiplataforma adequado para qualquer site","pricing_price":"a partir de US$ 0\/m\u00eas","pricing_price_caption":"comece com um plano gratuito","pricing_benefits":[{"text":"Sites ilimitados"},{"text":"Suporte profissional"},{"text":"Suporte profissional"},{"text":"100% personaliz\u00e1vel"}],"pricing_button_text":"Adicionar ao site","pricing_button_url":"#demo"}],"related_apps_title":"","related_apps_hidden":"0","author":"","image":[],"title":"","job":"","social_networks":[]},"_links":{"self":[{"href":"https:\/\/elfsight.com\/pt\/wp-json\/wp\/v2\/pages\/6049","targetHints":{"allow":["GET"]}}],"collection":[{"href":"https:\/\/elfsight.com\/pt\/wp-json\/wp\/v2\/pages"}],"about":[{"href":"https:\/\/elfsight.com\/pt\/wp-json\/wp\/v2\/types\/page"}],"author":[{"embeddable":true,"href":"https:\/\/elfsight.com\/pt\/wp-json\/wp\/v2\/users\/9"}],"replies":[{"embeddable":true,"href":"https:\/\/elfsight.com\/pt\/wp-json\/wp\/v2\/comments?post=6049"}],"version-history":[{"count":2,"href":"https:\/\/elfsight.com\/pt\/wp-json\/wp\/v2\/pages\/6049\/revisions"}],"predecessor-version":[{"id":14360,"href":"https:\/\/elfsight.com\/pt\/wp-json\/wp\/v2\/pages\/6049\/revisions\/14360"}],"up":[{"embeddable":true,"href":"https:\/\/elfsight.com\/pt\/wp-json\/wp\/v2\/pages\/5170"}],"wp:attachment":[{"href":"https:\/\/elfsight.com\/pt\/wp-json\/wp\/v2\/media?parent=6049"}],"curies":[{"name":"wp","href":"https:\/\/api.w.org\/{rel}","templated":true}]}}