{"id":6047,"date":"2024-05-03T06:31:03","date_gmt":"2024-05-03T06:31:03","guid":{"rendered":"https:\/\/elfsight.com\/pt\/?page_id=6047"},"modified":"2025-03-04T13:26:33","modified_gmt":"2025-03-04T13:26:33","slug":"drupal","status":"publish","type":"page","link":"https:\/\/elfsight.com\/pt\/business-hours-widget\/drupal\/","title":{"rendered":"Business Hours &#8211; Drupal"},"content":{"rendered":"\n<div class=\"application-platform-content-item-description application-platform-content-item\" id=\"description\" data-nav-section=\"description\"> <h2>Incorporar hor\u00e1rio comercial no Drupal com um m\u00f3dulo Elfsight<\/h2> <p>Elfsight Business Hours for Drupal \u00e9 um widget simples sem c\u00f3digo que permite voc\u00ea projete um lindo cart\u00e3o de visita contendo os principais momentos do seu trabalho. Voc\u00ea pode compartilhar informa\u00e7\u00f5es sobre seu status de disponibilidade atual e fornecer contatos para seus clientes. O widget permite inventar designs atraentes, para que os visitantes possam encontrar facilmente todas as informa\u00e7\u00f5es necess\u00e1rias de forma breve ou detalhada. <\/p><p>O maravilhoso widget oferece v\u00e1rios modelos, para que voc\u00ea tenha liberdade para selecionar a op\u00e7\u00e3o mais adequada para o seu site. Cada modelo cont\u00e9m configura\u00e7\u00f5es ajust\u00e1veis \u200b\u200bpara ajud\u00e1-lo a formar um widget pessoal com op\u00e7\u00f5es necess\u00e1rias, como bot\u00f5es de pedido e registro que aumentam as vendas. Adicionar o hor\u00e1rio de trabalho e as informa\u00e7\u00f5es de contato da sua empresa ao seu site \u00e9 f\u00e1cil com a Elfsight devido aos tutoriais claros. Qualquer usu\u00e1rio pode criar e incorporar gratuitamente o widget de hor\u00e1rio de opera\u00e7\u00e3o sem c\u00f3digo<\/p> <p><b>Use detalhes comerciais em seu site para aumentar as vendas e a satisfa\u00e7\u00e3o do cliente. Compartilhe facilmente informa\u00e7\u00f5es importantes sobre seu status de trabalho. <\/b><\/p> <p>Com esse widget incorporado ao seu site Drupal, voc\u00ea pode deixar seus clientes mais informados sobre a agenda do seu neg\u00f3cio e obter mais vendas. Descubra alguns dos principais benef\u00edcios para o seu site ao adicionar o widget de quadros de trabalho sem c\u00f3digo a ele. <\/p><ul><li><b>Permita que seus clientes cheguem sempre na hora certa. <\/b> Aumente as vendas, mantendo contato constante durante o hor\u00e1rio de trabalho indicado. Os visitantes do seu site ver\u00e3o o hor\u00e1rio de funcionamento e ser\u00e3o mais decisivos para fazer uma compra bem-sucedida quando necess\u00e1rio. <\/li><li><b>Evite confus\u00e3o em rela\u00e7\u00e3o ao seu hor\u00e1rio de trabalho. <\/b> Mostrar seus per\u00edodos de trabalho decentes aos clientes no site ir\u00e1 torn\u00e1-los mais leais \u00e0 sua organiza\u00e7\u00e3o, pois eles poder\u00e3o planejar uma reserva ou uma visita a voc\u00ea. <\/li><li><b>Exiba informa\u00e7\u00f5es de contato de forma vis\u00edvel. <\/b> Adicionar as informa\u00e7\u00f5es de contato ao widget de hor\u00e1rio de opera\u00e7\u00e3o sem c\u00f3digo permite que voc\u00ea melhore as vendas. Demonstre que voc\u00ea est\u00e1 aqui para responder \u00e0s suas d\u00favidas sobre os produtos e servi\u00e7os da sua empresa, resultando em mais confian\u00e7a e aprova\u00e7\u00e3o. <\/li><\/ul><div class=\"faq\" data-component=\"FAQ\"><div class=\"faq-item\">\r\n\t\t\t\t\t<div class=\"faq-item-question\">\r\n\t\t\t\t\t\t<h3 class=\"faq-item-question-text\">Existem outros plugins para Drupal que eu possa adicionar ao meu site para aumentar as vendas?<\/h3>\r\n\r\n\t\t\t\t\t\t<div class=\"faq-item-question-icon\"><\/div>\r\n\t\t\t\t\t<\/div>\r\n\r\n\t\t\t\t\t<div class=\"faq-item-answer\">\r\n\t\t\t\t\t\t<div class=\"faq-item-answer-text\">Podemos conceder v\u00e1rios plugins para voc\u00ea conseguir qualquer tipo de objetivo em seu site. Por exemplo: <a href=\"https:\/\/elfsight.com\/google-reviews-widget\/drupal\/\" target=\"_blank\" rel=\"noopener\">Google Reviews<\/a>, <a href=\"https:\/\/elfsight.com\/whatsapp-chat-widget\/drupal\/\" target=\"_blank\" rel=\"noopener\">Bate-papo do WhatsApp<\/a>, <a href=\"https:\/\/elfsight.com\/event-calendar-widget\/drupal\/\" target=\"_blank\" rel=\"noopener\">Calend\u00e1rio de eventos<\/a>, <a href=\"https:\/\/elfsight.com\/countdown-timer-widget\/drupal\/\" target=\"_blank\" rel=\"noopener\">Temporizador de contagem regressiva<\/a>, <a href=\"https:\/\/elfsight.com\/qr-code-widget\/drupal\/\" target=\"_blank\" rel=\"noopener\">C\u00f3digo QR<\/a>.<\/div>\r\n\t\t\t\t\t<\/div>\r\n\t\t\t\t<\/div><div class=\"faq-item\">\r\n\t\t\t\t\t<div class=\"faq-item-question\">\r\n\t\t\t\t\t\t<h3 class=\"faq-item-question-text\">Como posso obter resultados com o hor\u00e1rio comercial no site Drupal?<\/h3>\r\n\r\n\t\t\t\t\t\t<div class=\"faq-item-question-icon\"><\/div>\r\n\t\t\t\t\t<\/div>\r\n\r\n\t\t\t\t\t<div class=\"faq-item-answer\">\r\n\t\t\t\t\t\t<div class=\"faq-item-answer-text\">H\u00e1 muitas maneiras de aumentar as taxas de sucesso e resultados de vendas por meio da adi\u00e7\u00e3o de um plugin de hor\u00e1rio comercial. Com os modelos da Elfsight para este not\u00e1vel plugin para sites, pode-se escolher uma solu\u00e7\u00e3o empresarial individual. Voc\u00ea pode exibir informa\u00e7\u00f5es expandidas sobre seu hor\u00e1rio de opera\u00e7\u00e3o ou apenas incorporar um pequeno pop-up de status de atividade. Voc\u00ea pode criar cart\u00f5es de contato com seu plugin de hor\u00e1rio comercial e adicion\u00e1-los ao site informando os clientes sobre sua atividade. <\/div>\r\n\t\t\t\t\t<\/div>\r\n\t\t\t\t<\/div><div class=\"faq-item\">\r\n\t\t\t\t\t<div class=\"faq-item-question\">\r\n\t\t\t\t\t\t<h3 class=\"faq-item-question-text\">Como incorporar o plugin de hor\u00e1rio comercial gratuitamente em sites Drupal?<\/h3>\r\n\r\n\t\t\t\t\t\t<div class=\"faq-item-question-icon\"><\/div>\r\n\t\t\t\t\t<\/div>\r\n\r\n\t\t\t\t\t<div class=\"faq-item-answer\">\r\n\t\t\t\t\t\t<div class=\"faq-item-answer-text\">Incorporar um plugin de hor\u00e1rio comercial em seu site Drupal \u00e9 uma maneira simples de atrair novos clientes e inform\u00e1-los sobre sua disponibilidade para garantir vendas ou oferecer servi\u00e7os. Aqui est\u00e3o breves tutoriais sobre como adicionar o plugin de hor\u00e1rio de opera\u00e7\u00e3o gratuito ao seu site. <ol><li>Quando precisar incorporar um hor\u00e1rio comercial sem c\u00f3digo da Elfsight no Drupal, acesse o site da Elfsight e inscreva-se. <\/li><li>Ajuste o plugin de hor\u00e1rio comercial adaptando sua apar\u00eancia e configura\u00e7\u00f5es para se adequar ao design do seu site Drupal. <\/li><li>Depois de ajustar seu hor\u00e1rio comercial, copie o c\u00f3digo especial e cole-o em seu site Drupal onde deseja que o plugin esteja. <\/li><\/ol>Ao inserir o hor\u00e1rio comercial em seu site Drupal, voc\u00ea definitivamente melhorar\u00e1 sua apar\u00eancia visual e inspirar\u00e1 um envolvimento est\u00e1vel do cliente. Experimente as vantagens do hor\u00e1rio comercial da Elfsight sem nenhum custo para voc\u00ea! <\/div>\r\n\t\t\t\t\t<\/div>\r\n\t\t\t\t<\/div><\/div><\/div> <div class=\"application-platform-content-item-features application-platform-content-item\" id=\"features\" data-nav-section=\"features\"> <h2>Os recursos de widget mais importantes oferecidos<\/h2> <ul><li>Mostre o status atual da sua empresa<\/li><li>Ajuste claro do per\u00edodo de trabalho<\/li><li>Configura\u00e7\u00e3o de dias comemorativos<\/li><li>Indica\u00e7\u00e3o de atividade em tempo real<\/li><li>Grade inser\u00edvel ou status de economia de espa\u00e7o<\/li><\/ul><p><a href=\"#demo\">Examine todas as op\u00e7\u00f5es de personaliza\u00e7\u00e3o na demonstra\u00e7\u00e3o completa<\/a><\/p><\/div> <div class=\"application-platform-content-item-installation application-platform-content-item\" id=\"installation\" data-nav-section=\"installation\"> <h2>Como incorporo o hor\u00e1rio comercial no meu site Drupal?<\/h2> <p>Basta seguir as orienta\u00e7\u00f5es abaixo para o plugin com seus turnos de opera\u00e7\u00e3o. <\/p> <ol><li><b>Use nosso editor e comece a moldar seu plugin personalizado. <\/b><br> Encontre a interface selecionada e os aspectos do plugin e aplique as corre\u00e7\u00f5es. <\/li> <li><b>Receba o seu c\u00f3digo de incorpora\u00e7\u00e3o exclusivo que aparece no formul\u00e1rio especial nas aplica\u00e7\u00f5es Elfsight. <\/b><br> Logo ap\u00f3s a conclus\u00e3o da cria\u00e7\u00e3o de sua solu\u00e7\u00e3o pessoal de hor\u00e1rio de atividade sem c\u00f3digo, copie o c\u00f3digo pessoal no pop-up exibido e salve-o para uso futuro no site. <\/li> <li><b>Comece a usar o plugin no seu site Drupal. <\/b><br> Coloque o c\u00f3digo copiado anteriormente em sua p\u00e1gina e aplique os ajustes. <\/li> <li><b>A configura\u00e7\u00e3o do seu hor\u00e1rio comercial sem c\u00f3digo est\u00e1 totalmente realizada. <\/b><br> Visite seu site para inspecionar o desempenho do hor\u00e1rio de funcionamento adicionado. <\/li><\/ol> <p>Caso voc\u00ea tenha alguma dificuldade, sinta-se \u00e0 vontade para entrar em contato com nossa equipe de atendimento ao cliente. Nossos especialistas est\u00e3o ansiosos para resolver todas as d\u00favidas que voc\u00ea possa ter com o aplicativo Drupal. <\/p><\/div>\n","protected":false},"excerpt":{"rendered":"","protected":false},"author":9,"featured_media":0,"parent":5170,"menu_order":0,"comment_status":"closed","ping_status":"closed","template":"templates\/template-application-platform.php","meta":{"publish_to_discourse":"","publish_post_category":"","wpdc_auto_publish_overridden":"","wpdc_topic_tags":"","wpdc_pin_topic":"","wpdc_pin_until":"","discourse_post_id":"","discourse_permalink":"","wpdc_publishing_response":"","wpdc_publishing_error":"","footnotes":""},"class_list":["post-6047","page","type-page","status-publish","hentry"],"yoast_head":"<!-- This site is optimized with the Yoast SEO plugin v25.3.1 - https:\/\/yoast.com\/wordpress\/plugins\/seo\/ -->\n<title>Adicionar hor\u00e1rio comercial ao Drupal - incorporar hor\u00e1rio de trabalho para sites<\/title>\n<meta name=\"description\" content=\"Coloque um widget personaliz\u00e1vel de hor\u00e1rio comercial no Drupal para apresentar o status do seu neg\u00f3cio. Crie seu pr\u00f3prio widget de hor\u00e1rio de trabalho com a demonstra\u00e7\u00e3o.\" \/>\n<meta name=\"robots\" content=\"index, follow, max-snippet:-1, max-image-preview:large, max-video-preview:-1\" \/>\n<link rel=\"canonical\" href=\"https:\/\/elfsight.com\/pt\/business-hours-widget\/drupal\/\" \/>\n<meta property=\"og:locale\" content=\"pt_PT\" \/>\n<meta property=\"og:type\" content=\"article\" \/>\n<meta property=\"og:title\" content=\"Adicionar hor\u00e1rio comercial ao Drupal - incorporar hor\u00e1rio de trabalho para sites\" \/>\n<meta property=\"og:description\" content=\"Coloque um widget personaliz\u00e1vel de hor\u00e1rio comercial no Drupal para apresentar o status do seu neg\u00f3cio. Crie seu pr\u00f3prio widget de hor\u00e1rio de trabalho com a demonstra\u00e7\u00e3o.\" \/>\n<meta property=\"og:url\" content=\"https:\/\/elfsight.com\/pt\/business-hours-widget\/drupal\/\" \/>\n<meta property=\"og:site_name\" content=\"Elfsight PT\" \/>\n<meta property=\"article:modified_time\" content=\"2025-03-04T13:26:33+00:00\" \/>\n<meta name=\"twitter:card\" content=\"summary_large_image\" \/>\n<meta name=\"twitter:label1\" content=\"Tempo estimado de leitura\" \/>\n\t<meta name=\"twitter:data1\" content=\"5 minutos\" \/>\n<!-- \/ Yoast SEO plugin. -->","yoast_head_json":{"title":"Adicionar hor\u00e1rio comercial ao Drupal - incorporar hor\u00e1rio de trabalho para sites","description":"Coloque um widget personaliz\u00e1vel de hor\u00e1rio comercial no Drupal para apresentar o status do seu neg\u00f3cio. Crie seu pr\u00f3prio widget de hor\u00e1rio de trabalho com a demonstra\u00e7\u00e3o.","robots":{"index":"index","follow":"follow","max-snippet":"max-snippet:-1","max-image-preview":"max-image-preview:large","max-video-preview":"max-video-preview:-1"},"canonical":"https:\/\/elfsight.com\/pt\/business-hours-widget\/drupal\/","og_locale":"pt_PT","og_type":"article","og_title":"Adicionar hor\u00e1rio comercial ao Drupal - incorporar hor\u00e1rio de trabalho para sites","og_description":"Coloque um widget personaliz\u00e1vel de hor\u00e1rio comercial no Drupal para apresentar o status do seu neg\u00f3cio. Crie seu pr\u00f3prio widget de hor\u00e1rio de trabalho com a demonstra\u00e7\u00e3o.","og_url":"https:\/\/elfsight.com\/pt\/business-hours-widget\/drupal\/","og_site_name":"Elfsight PT","article_modified_time":"2025-03-04T13:26:33+00:00","twitter_card":"summary_large_image","twitter_misc":{"Tempo estimado de leitura":"5 minutos"},"schema":{"@context":"https:\/\/schema.org","@graph":[{"@type":"WebPage","@id":"https:\/\/elfsight.com\/pt\/business-hours-widget\/drupal\/","url":"https:\/\/elfsight.com\/pt\/business-hours-widget\/drupal\/","name":"Adicionar hor\u00e1rio comercial ao Drupal - incorporar hor\u00e1rio de trabalho para sites","isPartOf":{"@id":"https:\/\/elfsight.com\/pt\/#website"},"datePublished":"2024-05-03T06:31:03+00:00","dateModified":"2025-03-04T13:26:33+00:00","description":"Coloque um widget personaliz\u00e1vel de hor\u00e1rio comercial no Drupal para apresentar o status do seu neg\u00f3cio. Crie seu pr\u00f3prio widget de hor\u00e1rio de trabalho com a demonstra\u00e7\u00e3o.","breadcrumb":{"@id":"https:\/\/elfsight.com\/pt\/business-hours-widget\/drupal\/#breadcrumb"},"inLanguage":"pt-PT","potentialAction":[{"@type":"ReadAction","target":["https:\/\/elfsight.com\/pt\/business-hours-widget\/drupal\/"]}]},{"@type":"BreadcrumbList","@id":"https:\/\/elfsight.com\/pt\/business-hours-widget\/drupal\/#breadcrumb","itemListElement":[{"@type":"ListItem","position":1,"name":"Home","item":"https:\/\/elfsight.com\/pt\/"},{"@type":"ListItem","position":2,"name":"Business Hours","item":"https:\/\/elfsight.com\/pt\/business-hours-widget\/"},{"@type":"ListItem","position":3,"name":"Business Hours &#8211; Drupal"}]},{"@type":"WebSite","@id":"https:\/\/elfsight.com\/pt\/#website","url":"https:\/\/elfsight.com\/pt\/","name":"Elfsight PT","description":"Just another Elfsight Sites site","potentialAction":[{"@type":"SearchAction","target":{"@type":"EntryPoint","urlTemplate":"https:\/\/elfsight.com\/pt\/?s={search_term_string}"},"query-input":{"@type":"PropertyValueSpecification","valueRequired":true,"valueName":"search_term_string"}}],"inLanguage":"pt-PT"}]}},"meta_box":{"industry":"","seo_heading":"","heading":"","description":"","cta_heading":"","cta_description":"","application":"5161","h1":"M\u00f3dulo Drupal Hor\u00e1rio Comercial","h1_caption":"Informe os visitantes sobre sua disponibilidade e compartilhe contatos","application_category":[],"applications_title":"","applications_request_title":"","applications_request_button_text":"","hero_text":"","hero_video":"","hero_video_schema_markup":"","selling_points_title":"","selling_points_caption":"","selling_points":[],"selling_points_cta_text":"","features_title":"","features":"","ed_cta_examples_text":"","ed_cta_examples_hidden":"","ed_cta_demo_text":"","ed_cta_demo_hidden":"","why_caption":"","why_editor_title":"","why_editor_text":"","why_team_title":"","why_team_text":"","why_service_title":"","why_service_text":"","template_catalog_visible":"0","template_catalog_title":"","template_catalog_text":"","template_catalog_categories_visible":"","demo_title":"Crie seu m\u00f3dulo de hor\u00e1rio comercial","demo_caption":"Configure seu hor\u00e1rio comercial e adicione-o ao seu site Drupal gratuitamente!","default_faq_hidden":"","app_template_category":[],"platform":"4905","template_public_id":"","codecanyon_url":"","codecanyon_item_id":"","codecanyon_price":"","pricing_caption":"","pricing_elfsight_apps_hide_column":"","pricing_elfsight_apps_url":"","pricing_codecanyon_price_caption":"","integration_category":[],"integration_request_title":"","integration_request_cta":"","integration_platform":"","integrations":[],"platform_category":[],"video_schema_markup":"","price":"a partir de US$ 0\/m\u00eas","trial":"","benefits":[{"text":"Servi\u00e7o de instala\u00e7\u00e3o gratuito"},{"text":"Atendimento ao cliente profissional"},{"text":"Garantia de reembolso de 14 dias"},{"text":"Desenvolvimento cont\u00ednuo"}],"button_url":"#demo","button_target_blank":"0","button_nofollow":"0","attributes":[{"name":"Instala\u00e7\u00f5es","content":"10,000 - 100,000"},{"name":"Responsivo","content":"Sim"},{"name":"Navegadores compat\u00edveis","content":"Firefox, Safari, Opera, Chrome, Edge"}],"tags":[],"tags_disable_links":"0","hide_more_platforms":"0","video_object":"","demo_hide_cta":"0","demo_hide_cloud_options":"0","pricing_title":"","pricing":[{"pricing_icon":"platform","pricing_title":"Elfsight Apps","pricing_title_caption":"Solu\u00e7\u00e3o independente de plataforma adequada para qualquer site","pricing_price":"a partir de US$ 0\/m\u00eas","pricing_price_caption":"comece com um plano gratuito","pricing_benefits":[{"text":"Sites ilimitados"},{"text":"Suporte r\u00e1pido ao cliente"},{"text":"Suporte r\u00e1pido ao cliente"},{"text":"Totalmente personaliz\u00e1vel"}],"pricing_button_text":"Adicionar ao site","pricing_button_url":"#demo"}],"related_apps_title":"","related_apps_hidden":"0","author":"","image":[],"title":"","job":"","social_networks":[]},"_links":{"self":[{"href":"https:\/\/elfsight.com\/pt\/wp-json\/wp\/v2\/pages\/6047","targetHints":{"allow":["GET"]}}],"collection":[{"href":"https:\/\/elfsight.com\/pt\/wp-json\/wp\/v2\/pages"}],"about":[{"href":"https:\/\/elfsight.com\/pt\/wp-json\/wp\/v2\/types\/page"}],"author":[{"embeddable":true,"href":"https:\/\/elfsight.com\/pt\/wp-json\/wp\/v2\/users\/9"}],"replies":[{"embeddable":true,"href":"https:\/\/elfsight.com\/pt\/wp-json\/wp\/v2\/comments?post=6047"}],"version-history":[{"count":2,"href":"https:\/\/elfsight.com\/pt\/wp-json\/wp\/v2\/pages\/6047\/revisions"}],"predecessor-version":[{"id":14354,"href":"https:\/\/elfsight.com\/pt\/wp-json\/wp\/v2\/pages\/6047\/revisions\/14354"}],"up":[{"embeddable":true,"href":"https:\/\/elfsight.com\/pt\/wp-json\/wp\/v2\/pages\/5170"}],"wp:attachment":[{"href":"https:\/\/elfsight.com\/pt\/wp-json\/wp\/v2\/media?parent=6047"}],"curies":[{"name":"wp","href":"https:\/\/api.w.org\/{rel}","templated":true}]}}