{"id":6039,"date":"2024-05-03T06:30:59","date_gmt":"2024-05-03T06:30:59","guid":{"rendered":"https:\/\/elfsight.com\/pt\/?page_id=6039"},"modified":"2025-03-04T13:40:17","modified_gmt":"2025-03-04T13:40:17","slug":"webnode","status":"publish","type":"page","link":"https:\/\/elfsight.com\/pt\/business-hours-widget\/webnode\/","title":{"rendered":"Business Hours &#8211; Webnode"},"content":{"rendered":"\n<div class=\"application-platform-content-item-description application-platform-content-item\" id=\"description\" data-nav-section=\"description\"><h2>Incorpore o hor\u00e1rio comercial no Webnode com um widget da Elfsight<\/h2> <p>O hor\u00e1rio comercial da Elfsight para Webnode \u00e9 um widget simples e sem c\u00f3digo que permite que voc\u00ea crie um cart\u00e3o de visita atraente contendo os principais dados sobre o seu trabalho. Voc\u00ea pode exibir informa\u00e7\u00f5es sobre seu status de trabalho atual e fornecer contatos para seus clientes. O widget permite que voc\u00ea invente designs convenientes, para que os clientes possam encontrar rapidamente todos os dados necess\u00e1rios. <\/p><p>O excelente widget inclui alguns modelos, para que voc\u00ea possa escolher a op\u00e7\u00e3o mais eficiente para o seu site. Cada modelo possui configura\u00e7\u00f5es ajust\u00e1veis \u200b\u200bpara permitir que voc\u00ea crie uma solu\u00e7\u00e3o personalizada com op\u00e7\u00f5es necess\u00e1rias, como bot\u00f5es de pedido e registro, que aumentam as vendas. Incorporar o hor\u00e1rio de trabalho e os seus dados de contato nas p\u00e1ginas do seu site \u00e9 muito simples com a Elfsight devido aos tutoriais e instru\u00e7\u00f5es f\u00e1ceis de seguir. Qualquer usu\u00e1rio pode criar e incorporar gratuitamente o widget de hor\u00e1rio comercial sem c\u00f3digo<\/p> <p><b>Incorpore detalhes comerciais em seu site para aumentar as vendas e a satisfa\u00e7\u00e3o do cliente. Forne\u00e7a informa\u00e7\u00f5es importantes sobre sua atividade de trabalho com clareza. <\/b><\/p> <p>Com este widget incorporado em seu site Webnode, voc\u00ea pode conscientizar seus clientes sobre seu neg\u00f3cio e garantir vendas aprimoradas. Explore alguns dos resultados mais comuns para o seu site ao adicionar o widget de quadros de trabalho sem c\u00f3digo a ele. <\/p><ul><li><b>Ajude seus clientes a serem sempre pontuais. <\/b> Aumentar as vendas, por estar sempre em contato dentro dos prazos de trabalho indicados. Os visitantes do seu site ver\u00e3o o hor\u00e1rio de atividade e ficar\u00e3o mais convencidos de fazer uma compra bem-sucedida quando estiverem prontos. <\/li><li><b>Evite mal-entendidos sobre seu hor\u00e1rio de trabalho. <\/b> Exibir seus per\u00edodos de trabalho decentes aos clientes no site os tornar\u00e1 mais dedicados \u00e0 sua marca. <\/li><li><b>Forne\u00e7a informa\u00e7\u00f5es de contato de maneira conveniente. <\/b> Adicionar os contatos ao widget de hor\u00e1rio de opera\u00e7\u00e3o sem c\u00f3digo permite que voc\u00ea crie uma melhor comunica\u00e7\u00e3o com seus clientes e agilize as vendas. Demonstre que voc\u00ea est\u00e1 aqui para responder \u00e0s suas d\u00favidas sobre os produtos e servi\u00e7os da sua empresa, resultando em mais confian\u00e7a e prest\u00edgio. <\/li><\/ul><div class=\"faq\" data-component=\"FAQ\"><div class=\"faq-item\">\r\n\t\t\t\t\t<div class=\"faq-item-question\">\r\n\t\t\t\t\t\t<h3 class=\"faq-item-question-text\">Voc\u00eas oferecem algum outro plugin para Webnode que eu possa adicionar ao meu site?<\/h3>\r\n\r\n\t\t\t\t\t\t<div class=\"faq-item-question-icon\"><\/div>\r\n\t\t\t\t\t<\/div>\r\n\r\n\t\t\t\t\t<div class=\"faq-item-answer\">\r\n\t\t\t\t\t\t<div class=\"faq-item-answer-text\">Podemos fornecer v\u00e1rios plugins para voc\u00ea realizar qualquer tipo de objetivo. seu site. Por exemplo: <a href=\"https:\/\/elfsight.com\/google-reviews-widget\/webnode\/\" target=\"_blank\" rel=\"noopener\">Google Reviews<\/a>, <a href=\"https:\/\/elfsight.com\/whatsapp-chat-widget\/webnode\/\" target=\"_blank\" rel=\"noopener\">Bate-papo do WhatsApp<\/a>, <a href=\"https:\/\/elfsight.com\/event-calendar-widget\/webnode\/\" target=\"_blank\" rel=\"noopener\">Calend\u00e1rio de eventos<\/a>, <a href=\"https:\/\/elfsight.com\/countdown-timer-widget\/webnode\/\" target=\"_blank\" rel=\"noopener\">Temporizador de contagem regressiva<\/a>, <a href=\"https:\/\/elfsight.com\/qr-code-widget\/webnode\/\" target=\"_blank\" rel=\"noopener\">C\u00f3digo QR<\/a>. <\/div>\r\n\t\t\t\t\t<\/div>\r\n\t\t\t\t<\/div><div class=\"faq-item\">\r\n\t\t\t\t\t<div class=\"faq-item-question\">\r\n\t\t\t\t\t\t<h3 class=\"faq-item-question-text\">Como posso usar o hor\u00e1rio comercial no Webnode?<\/h3>\r\n\r\n\t\t\t\t\t\t<div class=\"faq-item-question-icon\"><\/div>\r\n\t\t\t\t\t<\/div>\r\n\r\n\t\t\t\t\t<div class=\"faq-item-answer\">\r\n\t\t\t\t\t\t<div class=\"faq-item-answer-text\">Existem muitas maneiras de melhorar as taxas de convers\u00e3o e os resultados de vendas por meio da adi\u00e7\u00e3o de um plugin de hor\u00e1rio comercial. Com os modelos da Elfsight para este excelente plugin para sites, voc\u00ea pode criar t\u00e1ticas de neg\u00f3cios personalizadas. Voc\u00ea pode demonstrar informa\u00e7\u00f5es expandidas sobre seu hor\u00e1rio de trabalho ou apenas incorporar um pop-up compacto de status de atividade. Voc\u00ea pode formar cart\u00f5es de contato com nosso plugin de hor\u00e1rio comercial e adicion\u00e1-los aos locais desejados do site para atrair a aten\u00e7\u00e3o e informar os clientes sobre sua atividade para inspirar vendas. <\/div>\r\n\t\t\t\t\t<\/div>\r\n\t\t\t\t<\/div><div class=\"faq-item\">\r\n\t\t\t\t\t<div class=\"faq-item-question\">\r\n\t\t\t\t\t\t<h3 class=\"faq-item-question-text\">Como adicionar um plugin de hor\u00e1rio comercial sem c\u00f3digo gratuitamente aos sites Webnode?<\/h3>\r\n\r\n\t\t\t\t\t\t<div class=\"faq-item-question-icon\"><\/div>\r\n\t\t\t\t\t<\/div>\r\n\r\n\t\t\t\t\t<div class=\"faq-item-answer\">\r\n\t\t\t\t\t\t<div class=\"faq-item-answer-text\">Incorporar um plugin de hor\u00e1rio comercial em seu site Webnode \u00e9 um m\u00e9todo simples para iniciar a comunica\u00e7\u00e3o com os clientes e inform\u00e1-los sobre sua disponibilidade para realizar vendas ou prestar servi\u00e7os. Aqui voc\u00ea pode ver alguns tutoriais sobre como adicionar o plugin de hor\u00e1rio de funcionamento ao seu site. <ol><li>Quando precisar integrar um plugin Elfsight Business Hours gratuitamente no Webnode, acesse o site da Elfsight e crie uma conta. <\/li><li>Ajuste o hor\u00e1rio comercial gratuito sem c\u00f3digo, adaptando sua apar\u00eancia e configura\u00e7\u00f5es para combinar com o design do seu site. <\/li><li>Ao definir seu hor\u00e1rio comercial sem c\u00f3digo, copie o snippet de c\u00f3digo especial e cole-o no HTML do seu site onde deseja que o plugin esteja. <\/li><\/ol>Ao inserir o hor\u00e1rio comercial em seu site Webnode, voc\u00ea aumentar\u00e1 sua atratividade visual e motivar\u00e1 a fidelidade est\u00e1vel do cliente. Experimente os benef\u00edcios do hor\u00e1rio comercial da Elfsight sem nenhum custo para voc\u00ea!<\/div>\r\n\t\t\t\t\t<\/div>\r\n\t\t\t\t<\/div><\/div><\/div> <div class=\"application-platform-content-item-features application-platform-content-item\" id=\"features\" data-nav-section=\"features\"> <h2>Os principais recursos do widget oferecidos<\/h2> <ul><li>Exibir a disponibilidade em tempo real da sua organiza\u00e7\u00e3o<\/li><li>Configura\u00e7\u00e3o de hor\u00e1rio f\u00e1cil de usar<\/li><li>Configura\u00e7\u00e3o de eventos especiais<\/li><li>Indica\u00e7\u00e3o de atividade atual<\/li><li>Grade inser\u00edvel ou status compacto<\/li><\/ul><p><a href=\"#demo\">Experimente esta demonstra\u00e7\u00e3o para ver quanto vale o widget<\/a><\/p> <\/div> <div class=\"application-platform-content-item-instala\u00e7\u00e3o application-platform-content-item\" id=\"instala\u00e7\u00e3o\" data-nav-section=\"instala\u00e7\u00e3o\"> <h2>Como posso incorporar o hor\u00e1rio comercial em meu site Webnode?<\/h2> <p>Basta seguir v\u00e1rios passos apresentados abaixo para come\u00e7ar a usar o plugin em seus turnos de trabalho. <\/p> <ol><li><b>Abra nosso editor e comece a criar seu pr\u00f3prio plugin sem c\u00f3digo. <\/b><br> Escolha a interface desej\u00e1vel e as caracter\u00edsticas funcionais do plugin e salve as corre\u00e7\u00f5es. <\/li> <li><b>Obtenha seu c\u00f3digo exclusivo aparecendo no formul\u00e1rio especial nos aplicativos da Elfsight. <\/b><br> Ap\u00f3s a conclus\u00e3o da configura\u00e7\u00e3o do seu aplicativo pessoal de horas de atividade sem c\u00f3digo, copie o c\u00f3digo exclusivo da janela exibida e guarde-o para uso futuro. <\/li> <li><b>Comece a usar o plugin no seu site Webnode. <\/b><br> Cole o c\u00f3digo que voc\u00ea salvou anteriormente em seu site e salve os ajustes. <\/li> <li><b>Conclu\u00eddo! A integra\u00e7\u00e3o do seu hor\u00e1rio comercial sem c\u00f3digo foi encerrada com sucesso. <\/b><br> Visite seu site para verificar o desempenho do aplicativo de horas de opera\u00e7\u00e3o adicionadas. <\/li><\/ol> <p>Supondo que voc\u00ea encontre alguma dificuldade, n\u00e3o hesite em entrar em contato com nossa equipe de atendimento ao cliente. Nossos especialistas est\u00e3o ansiosos para ajud\u00e1-lo com todos os problemas que voc\u00ea possa ter com o produto Webnode. <\/p> <\/div>\n","protected":false},"excerpt":{"rendered":"","protected":false},"author":9,"featured_media":0,"parent":5170,"menu_order":0,"comment_status":"closed","ping_status":"closed","template":"templates\/template-application-platform.php","meta":{"publish_to_discourse":"","publish_post_category":"","wpdc_auto_publish_overridden":"","wpdc_topic_tags":"","wpdc_pin_topic":"","wpdc_pin_until":"","discourse_post_id":"","discourse_permalink":"","wpdc_publishing_response":"","wpdc_publishing_error":"","footnotes":""},"class_list":["post-6039","page","type-page","status-publish","hentry"],"yoast_head":"<!-- This site is optimized with the Yoast SEO plugin v25.3.1 - https:\/\/yoast.com\/wordpress\/plugins\/seo\/ -->\n<title>Adicionar hor\u00e1rio comercial ao Webnode - Incorporar quadros de trabalho gratuitos<\/title>\n<meta name=\"description\" content=\"Integre um aplicativo de hor\u00e1rio comercial ajust\u00e1vel ao Webnode para exibir o status do seu neg\u00f3cio. Crie seu pr\u00f3prio hor\u00e1rio de trabalho com a demonstra\u00e7\u00e3o.\" \/>\n<meta name=\"robots\" content=\"index, follow, max-snippet:-1, max-image-preview:large, max-video-preview:-1\" \/>\n<link rel=\"canonical\" href=\"https:\/\/elfsight.com\/pt\/business-hours-widget\/webnode\/\" \/>\n<meta property=\"og:locale\" content=\"pt_PT\" \/>\n<meta property=\"og:type\" content=\"article\" \/>\n<meta property=\"og:title\" content=\"Adicionar hor\u00e1rio comercial ao Webnode - Incorporar quadros de trabalho gratuitos\" \/>\n<meta property=\"og:description\" content=\"Integre um aplicativo de hor\u00e1rio comercial ajust\u00e1vel ao Webnode para exibir o status do seu neg\u00f3cio. Crie seu pr\u00f3prio hor\u00e1rio de trabalho com a demonstra\u00e7\u00e3o.\" \/>\n<meta property=\"og:url\" content=\"https:\/\/elfsight.com\/pt\/business-hours-widget\/webnode\/\" \/>\n<meta property=\"og:site_name\" content=\"Elfsight PT\" \/>\n<meta property=\"article:modified_time\" content=\"2025-03-04T13:40:17+00:00\" \/>\n<meta name=\"twitter:card\" content=\"summary_large_image\" \/>\n<meta name=\"twitter:label1\" content=\"Tempo estimado de leitura\" \/>\n\t<meta name=\"twitter:data1\" content=\"5 minutos\" \/>\n<!-- \/ Yoast SEO plugin. -->","yoast_head_json":{"title":"Adicionar hor\u00e1rio comercial ao Webnode - Incorporar quadros de trabalho gratuitos","description":"Integre um aplicativo de hor\u00e1rio comercial ajust\u00e1vel ao Webnode para exibir o status do seu neg\u00f3cio. Crie seu pr\u00f3prio hor\u00e1rio de trabalho com a demonstra\u00e7\u00e3o.","robots":{"index":"index","follow":"follow","max-snippet":"max-snippet:-1","max-image-preview":"max-image-preview:large","max-video-preview":"max-video-preview:-1"},"canonical":"https:\/\/elfsight.com\/pt\/business-hours-widget\/webnode\/","og_locale":"pt_PT","og_type":"article","og_title":"Adicionar hor\u00e1rio comercial ao Webnode - Incorporar quadros de trabalho gratuitos","og_description":"Integre um aplicativo de hor\u00e1rio comercial ajust\u00e1vel ao Webnode para exibir o status do seu neg\u00f3cio. Crie seu pr\u00f3prio hor\u00e1rio de trabalho com a demonstra\u00e7\u00e3o.","og_url":"https:\/\/elfsight.com\/pt\/business-hours-widget\/webnode\/","og_site_name":"Elfsight PT","article_modified_time":"2025-03-04T13:40:17+00:00","twitter_card":"summary_large_image","twitter_misc":{"Tempo estimado de leitura":"5 minutos"},"schema":{"@context":"https:\/\/schema.org","@graph":[{"@type":"WebPage","@id":"https:\/\/elfsight.com\/pt\/business-hours-widget\/webnode\/","url":"https:\/\/elfsight.com\/pt\/business-hours-widget\/webnode\/","name":"Adicionar hor\u00e1rio comercial ao Webnode - Incorporar quadros de trabalho gratuitos","isPartOf":{"@id":"https:\/\/elfsight.com\/pt\/#website"},"datePublished":"2024-05-03T06:30:59+00:00","dateModified":"2025-03-04T13:40:17+00:00","description":"Integre um aplicativo de hor\u00e1rio comercial ajust\u00e1vel ao Webnode para exibir o status do seu neg\u00f3cio. Crie seu pr\u00f3prio hor\u00e1rio de trabalho com a demonstra\u00e7\u00e3o.","breadcrumb":{"@id":"https:\/\/elfsight.com\/pt\/business-hours-widget\/webnode\/#breadcrumb"},"inLanguage":"pt-PT","potentialAction":[{"@type":"ReadAction","target":["https:\/\/elfsight.com\/pt\/business-hours-widget\/webnode\/"]}]},{"@type":"BreadcrumbList","@id":"https:\/\/elfsight.com\/pt\/business-hours-widget\/webnode\/#breadcrumb","itemListElement":[{"@type":"ListItem","position":1,"name":"Home","item":"https:\/\/elfsight.com\/pt\/"},{"@type":"ListItem","position":2,"name":"Business Hours","item":"https:\/\/elfsight.com\/pt\/business-hours-widget\/"},{"@type":"ListItem","position":3,"name":"Business Hours &#8211; Webnode"}]},{"@type":"WebSite","@id":"https:\/\/elfsight.com\/pt\/#website","url":"https:\/\/elfsight.com\/pt\/","name":"Elfsight PT","description":"Just another Elfsight Sites site","potentialAction":[{"@type":"SearchAction","target":{"@type":"EntryPoint","urlTemplate":"https:\/\/elfsight.com\/pt\/?s={search_term_string}"},"query-input":{"@type":"PropertyValueSpecification","valueRequired":true,"valueName":"search_term_string"}}],"inLanguage":"pt-PT"}]}},"meta_box":{"industry":"","seo_heading":"","heading":"","description":"","cta_heading":"","cta_description":"","application":"5161","h1":"Widget de hor\u00e1rio comercial da Webnode","h1_caption":"Informe os visitantes sobre sua disponibilidade e forne\u00e7a detalhes de contato","application_category":[],"applications_title":"","applications_request_title":"","applications_request_button_text":"","hero_text":"","hero_video":"","hero_video_schema_markup":"","selling_points_title":"","selling_points_caption":"","selling_points":[],"selling_points_cta_text":"","features_title":"","features":"","ed_cta_examples_text":"","ed_cta_examples_hidden":"","ed_cta_demo_text":"","ed_cta_demo_hidden":"","why_caption":"","why_editor_title":"","why_editor_text":"","why_team_title":"","why_team_text":"","why_service_title":"","why_service_text":"","template_catalog_visible":"0","template_catalog_title":"","template_catalog_text":"","template_catalog_categories_visible":"","demo_title":"Crie seu widget de hor\u00e1rio comercial","demo_caption":"Configure seu hor\u00e1rio comercial e adicione-o ao seu site Webnode gratuitamente!","default_faq_hidden":"","app_template_category":[],"platform":"4917","template_public_id":"","codecanyon_url":"","codecanyon_item_id":"","codecanyon_price":"","pricing_caption":"","pricing_elfsight_apps_hide_column":"","pricing_elfsight_apps_url":"","pricing_codecanyon_price_caption":"","integration_category":[],"integration_request_title":"","integration_request_cta":"","integration_platform":"","integrations":[],"platform_category":[],"video_schema_markup":"","price":"a partir de US$ 0\/m\u00eas","trial":"","benefits":[{"text":"Assist\u00eancia de instala\u00e7\u00e3o gratuita"},{"text":"Atendimento ao cliente profissional"},{"text":"Garantia de devolu\u00e7\u00e3o do dinheiro em 14 dias"},{"text":"Atualizando constantemente"}],"button_url":"#demo","button_target_blank":"0","button_nofollow":"0","attributes":[{"name":"Instala\u00e7\u00f5es","content":"10,000 - 100,000"},{"name":"Responsivo","content":"Sim"},{"name":"Navegadores compat\u00edveis","content":"Firefox, Safari, Opera, Chrome, Edge"}],"tags":[],"tags_disable_links":"0","hide_more_platforms":"0","video_object":"","demo_hide_cta":"0","demo_hide_cloud_options":"0","pricing_title":"","pricing":[{"pricing_icon":"platform","pricing_title":"Elfsight Apps","pricing_title_caption":"Solu\u00e7\u00e3o independente de plataforma adequada para qualquer site","pricing_price":"a partir de US$ 0\/m\u00eas","pricing_price_caption":"comece com um plano gratuito","pricing_benefits":[{"text":"Dom\u00ednios ilimitados"},{"text":"Suporte profissional ao cliente"},{"text":"Suporte profissional ao cliente"},{"text":"100% personaliz\u00e1vel"}],"pricing_button_text":"Adicionar ao site","pricing_button_url":"#demo"}],"related_apps_title":"","related_apps_hidden":"0","author":"","image":[],"title":"","job":"","social_networks":[]},"_links":{"self":[{"href":"https:\/\/elfsight.com\/pt\/wp-json\/wp\/v2\/pages\/6039","targetHints":{"allow":["GET"]}}],"collection":[{"href":"https:\/\/elfsight.com\/pt\/wp-json\/wp\/v2\/pages"}],"about":[{"href":"https:\/\/elfsight.com\/pt\/wp-json\/wp\/v2\/types\/page"}],"author":[{"embeddable":true,"href":"https:\/\/elfsight.com\/pt\/wp-json\/wp\/v2\/users\/9"}],"replies":[{"embeddable":true,"href":"https:\/\/elfsight.com\/pt\/wp-json\/wp\/v2\/comments?post=6039"}],"version-history":[{"count":2,"href":"https:\/\/elfsight.com\/pt\/wp-json\/wp\/v2\/pages\/6039\/revisions"}],"predecessor-version":[{"id":14365,"href":"https:\/\/elfsight.com\/pt\/wp-json\/wp\/v2\/pages\/6039\/revisions\/14365"}],"up":[{"embeddable":true,"href":"https:\/\/elfsight.com\/pt\/wp-json\/wp\/v2\/pages\/5170"}],"wp:attachment":[{"href":"https:\/\/elfsight.com\/pt\/wp-json\/wp\/v2\/media?parent=6039"}],"curies":[{"name":"wp","href":"https:\/\/api.w.org\/{rel}","templated":true}]}}