{"id":6033,"date":"2024-05-03T06:30:57","date_gmt":"2024-05-03T06:30:57","guid":{"rendered":"https:\/\/elfsight.com\/pt\/?page_id=6033"},"modified":"2025-03-04T13:58:18","modified_gmt":"2025-03-04T13:58:18","slug":"prestashop","status":"publish","type":"page","link":"https:\/\/elfsight.com\/pt\/business-hours-widget\/prestashop\/","title":{"rendered":"Business Hours &#8211; PrestaShop"},"content":{"rendered":"\n<div class=\"application-platform-content-item-description application-platform-content-item\" id=\"description\" data-nav-section=\"description\"><h2>Incorpore o hor\u00e1rio comercial no PrestaShop com um complemento Elfsight<\/h2> <p>O Elfsight Business Hours for PrestaShop \u00e9 um widget simples e sem c\u00f3digo que permite que voc\u00ea construa um cart\u00e3o de visita atraente com os principais momentos da sua organiza\u00e7\u00e3o. Voc\u00ea pode compartilhar informa\u00e7\u00f5es sobre o status atual do seu neg\u00f3cio e fornecer contatos para o seu p\u00fablico. O widget permite criar designs atraentes, para que os visitantes possam explorar facilmente todos os dados necess\u00e1rios de forma breve ou mais detalhada. <\/p><p>O excelente widget possui templates, para que voc\u00ea escolha a op\u00e7\u00e3o mais eficiente para o seu site. Cada modelo cont\u00e9m configura\u00e7\u00f5es ajust\u00e1veis \u200b\u200bpara ajud\u00e1-lo a criar uma solu\u00e7\u00e3o personalizada com o necess\u00e1rio para aumentar as vendas. Integrar o hor\u00e1rio de trabalho e os seus dados de contacto nas p\u00e1ginas do seu site \u00e9 absolutamente simples com a Elfsight devido aos tutoriais e guias claros. Qualquer editor de site pode criar e incorporar gratuitamente o widget de hor\u00e1rio comercial sem c\u00f3digo<\/p> <p><b>Coloque detalhes comerciais em seu site para aumentar as taxas de vendas e a fidelidade do cliente. Exiba informa\u00e7\u00f5es significativas sobre seus per\u00edodos de trabalho de maneira organizada. <\/b><\/p> <p>Com este widget incorporado ao seu site PrestaShop, voc\u00ea pode conscientizar seu p\u00fablico sobre sua atividade comercial e realizar vendas regulares. Veja alguns dos benef\u00edcios mais evidentes para o seu site ao incorporar o widget de quadros de trabalho sem c\u00f3digo. <\/p><ul><li><b>Permita que seus clientes sejam sempre pontuais. <\/b> Aumente as vendas, mantendo-se seguramente em contato nos quadros de trabalho indicados. Os visitantes do seu site ver\u00e3o o hor\u00e1rio de atividade e ficar\u00e3o mais decididos a realizar uma compra bem-sucedida quando estiverem prontos. <\/li><li><b>Evite mal-entendidos sobre seu hor\u00e1rio de trabalho. <\/b> Mostrar seus per\u00edodos de trabalho decentes aos clientes no site ir\u00e1 torn\u00e1-los mais leais \u00e0 sua organiza\u00e7\u00e3o, pois eles poder\u00e3o planejar uma reserva ou uma visita a voc\u00ea. <\/li><li><b>Compartilhe contatos de forma clara. <\/b> Adicionar os detalhes de contato ao widget de hor\u00e1rio de opera\u00e7\u00e3o sem c\u00f3digo permite que voc\u00ea se comunique melhor com seu p\u00fablico e agilize as vendas. Demonstre que voc\u00ea est\u00e1 aqui para responder \u00e0s perguntas deles sobre os produtos e servi\u00e7os da sua empresa. <\/li><\/ul><div class=\"faq\" data-component=\"FAQ\"><div class=\"faq-item\">\r\n\t\t\t\t\t<div class=\"faq-item-question\">\r\n\t\t\t\t\t\t<h3 class=\"faq-item-question-text\">H\u00e1 algum outro plugin para PrestaShop que eu possa adicionar ao meu site?<\/h3>\r\n\r\n\t\t\t\t\t\t<div class=\"faq-item-question-icon\"><\/div>\r\n\t\t\t\t\t<\/div>\r\n\r\n\t\t\t\t\t<div class=\"faq-item-answer\">\r\n\t\t\t\t\t\t<div class=\"faq-item-answer-text\">Podemos oferecer v\u00e1rios plugins para voc\u00ea atender a qualquer tipo de objetivo em seu site. Veja voc\u00ea mesmo: <a href=\"https:\/\/elfsight.com\/google-reviews-widget\/prestashop\/\" target=\"_blank\" rel=\"noopener\">Google Reviews<\/a>, <a href=\"https:\/\/elfsight.com\/whatsapp-chat-widget\/prestashop\/\" target=\"_blank\" rel=\"noopener\">Bate-papo do WhatsApp<\/a>, <a href=\"https:\/\/elfsight.com\/event-calendar-widget\/prestashop\/\" target=\"_blank\" rel=\"noopener\">Calend\u00e1rio de eventos<\/a>, <a href=\"https:\/\/elfsight.com\/countdown-timer-widget\/prestashop\/\" target=\"_blank \" rel=\"noopener\">Temporizador de contagem regressiva<\/a>, <a href=\"https:\/\/elfsight.com\/qr-code-widget\/prestashop\/\" target=\"_blank\" rel=\"noopener\">C\u00f3digo QR<\/a>. <\/div>\r\n\t\t\t\t\t<\/div>\r\n\t\t\t\t<\/div><div class=\"faq-item\">\r\n\t\t\t\t\t<div class=\"faq-item-question\">\r\n\t\t\t\t\t\t<h3 class=\"faq-item-question-text\">Como posso me beneficiar do hor\u00e1rio comercial no PrestaShop?<\/h3>\r\n\r\n\t\t\t\t\t\t<div class=\"faq-item-question-icon\"><\/div>\r\n\t\t\t\t\t<\/div>\r\n\r\n\t\t\t\t\t<div class=\"faq-item-answer\">\r\n\t\t\t\t\t\t<div class=\"faq-item-answer-text\">Existem v\u00e1rios cen\u00e1rios para melhorar as estat\u00edsticas de sucesso e os resultados de vendas adicionando um plugin de hor\u00e1rio comercial. Com os modelos da Elfsight para este plugin interessante para sites, voc\u00ea pode descobrir uma solu\u00e7\u00e3o comercial personalizada. Voc\u00ea pode mostrar informa\u00e7\u00f5es expandidas sobre seu hor\u00e1rio de trabalho ou apenas incorporar um pop-up compacto de status atual. Voc\u00ea pode formar cart\u00f5es de contato com seu plugin de hor\u00e1rio comercial e adicion\u00e1-los \u00e0s \u00e1reas necess\u00e1rias do site para chamar a aten\u00e7\u00e3o e informar o p\u00fablico sobre sua atividade para inspirar vendas. <\/div>\r\n\t\t\t\t\t<\/div>\r\n\t\t\t\t<\/div><div class=\"faq-item\">\r\n\t\t\t\t\t<div class=\"faq-item-question\">\r\n\t\t\t\t\t\t<h3 class=\"faq-item-question-text\">Como incorporar hor\u00e1rio comercial sem c\u00f3digo em sites PrestaShop?<\/h3>\r\n\r\n\t\t\t\t\t\t<div class=\"faq-item-question-icon\"><\/div>\r\n\t\t\t\t\t<\/div>\r\n\r\n\t\t\t\t\t<div class=\"faq-item-answer\">\r\n\t\t\t\t\t\t<div class=\"faq-item-answer-text\">Incorporar um plugin de hor\u00e1rio comercial em seu site PrestaShop \u00e9 um \u00f3timo m\u00e9todo para envolver os clientes na comunica\u00e7\u00e3o e inform\u00e1-los sobre seu hor\u00e1rio e status v\u00e1lidos para fazer vendas ou oferecer servi\u00e7os. Oferecemos alguns tutoriais sobre como adicionar o plugin de hor\u00e1rio de funcionamento gratuito ao seu site. <ol><li>Para incorporar um plugin Elfsight Business Hours gratuitamente no PrestaShop, acesse o site da Elfsight e crie uma conta. <\/li><li>Crie o plug-in gratuito de hor\u00e1rio comercial adaptando sua apar\u00eancia e configura\u00e7\u00f5es para se adequar ao design do seu site. <\/li><li>Depois de personalizar seu hor\u00e1rio comercial, copie o trecho de c\u00f3digo espec\u00edfico e cole-o em seu site onde deseja que o plugin funcione. <\/li><\/ol>Ao inserir seu hor\u00e1rio comercial em seu site PrestaShop, voc\u00ea certamente aumentar\u00e1 sua atratividade visual e fidelizar\u00e1 visitantes de forma est\u00e1vel. Experimente os benef\u00edcios do plugin Elfsight Business Hours sem nenhum custo para voc\u00ea!<\/div>\r\n\t\t\t\t\t<\/div>\r\n\t\t\t\t<\/div><\/div><\/div> <div class=\"application-platform-content-item-features application-platform-content-item\" id=\"features\" data-nav-section=\"features\"> <h2>Aqui est\u00e1 a lista dos melhores recursos:<\/h2> <ul><li>Exibir a disponibilidade da sua empresa em tempo real<\/li><li>F\u00e1cil configura\u00e7\u00e3o de hor\u00e1rios<\/li><li>Configura\u00e7\u00e3o de dias comemorativos<\/li><li>Indica\u00e7\u00e3o do estado atual<\/li><li> Grade integr\u00e1vel ou status de economia de espa\u00e7o<\/li><\/ul><p><a href=\"#demo\">Teste todas as op\u00e7\u00f5es de personaliza\u00e7\u00e3o em uma demonstra\u00e7\u00e3o completa<\/a><\/p><\/div> <div class=\"application-platform-content-item-installation application-platform-content-item\" id=\"installation\" data-nav-section=\"installation\"> <h2>Como fa\u00e7o para incorporar o hor\u00e1rio comercial em meu site PrestaShop?<\/h2> <p>Basta seguir as diretrizes abaixo para o aplicativo com seu status de trabalho. <\/p> <ol><li><b>Abra nossa demonstra\u00e7\u00e3o e comece a construir seu plugin personalizado sem c\u00f3digo. <\/b><br> Escolha o design e funcionalidade preferidos do plugin e aplique as modifica\u00e7\u00f5es. <\/li> <li><b>Adquira o seu c\u00f3digo individual mostrado na janela dos aplicativos Elfsight. <\/b><br> Assim que a configura\u00e7\u00e3o do seu aplicativo de hor\u00e1rio de atividade sem c\u00f3digo for conclu\u00edda, copie o c\u00f3digo exclusivo no pop-up exibido e guarde-o para uso posterior. <\/li> <li><b>Inicie o uso do aplicativo na p\u00e1gina inicial do PrestaShop. <\/b><br> Adicione o c\u00f3digo salvo anteriormente em sua p\u00e1gina da web e salve as edi\u00e7\u00f5es. <\/li> <li><b>A configura\u00e7\u00e3o do seu hor\u00e1rio comercial sem c\u00f3digo foi realizada com sucesso. <\/b><br> Acesse seu site para inspecionar o desempenho do plug-in de horas de opera\u00e7\u00e3o adicionadas. <\/li><\/ol> <p>Se voc\u00ea tiver alguma dificuldade, sinta-se \u00e0 vontade para entrar em contato com nossa equipe de atendimento ao cliente. Nossos especialistas est\u00e3o ansiosos para resolver todos os problemas que voc\u00ea possa ter com o aplicativo PrestaShop. <\/p><\/div>\n","protected":false},"excerpt":{"rendered":"","protected":false},"author":9,"featured_media":0,"parent":5170,"menu_order":0,"comment_status":"closed","ping_status":"closed","template":"templates\/template-application-platform.php","meta":{"publish_to_discourse":"","publish_post_category":"","wpdc_auto_publish_overridden":"","wpdc_topic_tags":"","wpdc_pin_topic":"","wpdc_pin_until":"","discourse_post_id":"","discourse_permalink":"","wpdc_publishing_response":"","wpdc_publishing_error":"","footnotes":""},"class_list":["post-6033","page","type-page","status-publish","hentry"],"yoast_head":"<!-- This site is optimized with the Yoast SEO plugin v25.3.1 - https:\/\/yoast.com\/wordpress\/plugins\/seo\/ -->\n<title>Adicionar hor\u00e1rio comercial ao PrestaShop - Incorporar contatos e hor\u00e1rios<\/title>\n<meta name=\"description\" content=\"Adicione um widget personaliz\u00e1vel de hor\u00e1rio comercial ao PrestaShop para compartilhar seu status de trabalho. Crie seu widget pessoal de hor\u00e1rio de trabalho na demonstra\u00e7\u00e3o.\" \/>\n<meta name=\"robots\" content=\"index, follow, max-snippet:-1, max-image-preview:large, max-video-preview:-1\" \/>\n<link rel=\"canonical\" href=\"https:\/\/elfsight.com\/pt\/business-hours-widget\/prestashop\/\" \/>\n<meta property=\"og:locale\" content=\"pt_PT\" \/>\n<meta property=\"og:type\" content=\"article\" \/>\n<meta property=\"og:title\" content=\"Adicionar hor\u00e1rio comercial ao PrestaShop - Incorporar contatos e hor\u00e1rios\" \/>\n<meta property=\"og:description\" content=\"Adicione um widget personaliz\u00e1vel de hor\u00e1rio comercial ao PrestaShop para compartilhar seu status de trabalho. Crie seu widget pessoal de hor\u00e1rio de trabalho na demonstra\u00e7\u00e3o.\" \/>\n<meta property=\"og:url\" content=\"https:\/\/elfsight.com\/pt\/business-hours-widget\/prestashop\/\" \/>\n<meta property=\"og:site_name\" content=\"Elfsight PT\" \/>\n<meta property=\"article:modified_time\" content=\"2025-03-04T13:58:18+00:00\" \/>\n<meta name=\"twitter:card\" content=\"summary_large_image\" \/>\n<meta name=\"twitter:label1\" content=\"Tempo estimado de leitura\" \/>\n\t<meta name=\"twitter:data1\" content=\"5 minutos\" \/>\n<!-- \/ Yoast SEO plugin. -->","yoast_head_json":{"title":"Adicionar hor\u00e1rio comercial ao PrestaShop - Incorporar contatos e hor\u00e1rios","description":"Adicione um widget personaliz\u00e1vel de hor\u00e1rio comercial ao PrestaShop para compartilhar seu status de trabalho. Crie seu widget pessoal de hor\u00e1rio de trabalho na demonstra\u00e7\u00e3o.","robots":{"index":"index","follow":"follow","max-snippet":"max-snippet:-1","max-image-preview":"max-image-preview:large","max-video-preview":"max-video-preview:-1"},"canonical":"https:\/\/elfsight.com\/pt\/business-hours-widget\/prestashop\/","og_locale":"pt_PT","og_type":"article","og_title":"Adicionar hor\u00e1rio comercial ao PrestaShop - Incorporar contatos e hor\u00e1rios","og_description":"Adicione um widget personaliz\u00e1vel de hor\u00e1rio comercial ao PrestaShop para compartilhar seu status de trabalho. Crie seu widget pessoal de hor\u00e1rio de trabalho na demonstra\u00e7\u00e3o.","og_url":"https:\/\/elfsight.com\/pt\/business-hours-widget\/prestashop\/","og_site_name":"Elfsight PT","article_modified_time":"2025-03-04T13:58:18+00:00","twitter_card":"summary_large_image","twitter_misc":{"Tempo estimado de leitura":"5 minutos"},"schema":{"@context":"https:\/\/schema.org","@graph":[{"@type":"WebPage","@id":"https:\/\/elfsight.com\/pt\/business-hours-widget\/prestashop\/","url":"https:\/\/elfsight.com\/pt\/business-hours-widget\/prestashop\/","name":"Adicionar hor\u00e1rio comercial ao PrestaShop - Incorporar contatos e hor\u00e1rios","isPartOf":{"@id":"https:\/\/elfsight.com\/pt\/#website"},"datePublished":"2024-05-03T06:30:57+00:00","dateModified":"2025-03-04T13:58:18+00:00","description":"Adicione um widget personaliz\u00e1vel de hor\u00e1rio comercial ao PrestaShop para compartilhar seu status de trabalho. Crie seu widget pessoal de hor\u00e1rio de trabalho na demonstra\u00e7\u00e3o.","breadcrumb":{"@id":"https:\/\/elfsight.com\/pt\/business-hours-widget\/prestashop\/#breadcrumb"},"inLanguage":"pt-PT","potentialAction":[{"@type":"ReadAction","target":["https:\/\/elfsight.com\/pt\/business-hours-widget\/prestashop\/"]}]},{"@type":"BreadcrumbList","@id":"https:\/\/elfsight.com\/pt\/business-hours-widget\/prestashop\/#breadcrumb","itemListElement":[{"@type":"ListItem","position":1,"name":"Home","item":"https:\/\/elfsight.com\/pt\/"},{"@type":"ListItem","position":2,"name":"Business Hours","item":"https:\/\/elfsight.com\/pt\/business-hours-widget\/"},{"@type":"ListItem","position":3,"name":"Business Hours &#8211; PrestaShop"}]},{"@type":"WebSite","@id":"https:\/\/elfsight.com\/pt\/#website","url":"https:\/\/elfsight.com\/pt\/","name":"Elfsight PT","description":"Just another Elfsight Sites site","potentialAction":[{"@type":"SearchAction","target":{"@type":"EntryPoint","urlTemplate":"https:\/\/elfsight.com\/pt\/?s={search_term_string}"},"query-input":{"@type":"PropertyValueSpecification","valueRequired":true,"valueName":"search_term_string"}}],"inLanguage":"pt-PT"}]}},"meta_box":{"industry":"","seo_heading":"","heading":"","description":"","cta_heading":"","cta_description":"","application":"5161","h1":"Complemento de hor\u00e1rio comercial do PrestaShop","h1_caption":"Informe os clientes sobre sua agenda e forne\u00e7a contatos","application_category":[],"applications_title":"","applications_request_title":"","applications_request_button_text":"","hero_text":"","hero_video":"","hero_video_schema_markup":"","selling_points_title":"","selling_points_caption":"","selling_points":[],"selling_points_cta_text":"","features_title":"","features":"","ed_cta_examples_text":"","ed_cta_examples_hidden":"","ed_cta_demo_text":"","ed_cta_demo_hidden":"","why_caption":"","why_editor_title":"","why_editor_text":"","why_team_title":"","why_team_text":"","why_service_title":"","why_service_text":"","template_catalog_visible":"0","template_catalog_title":"","template_catalog_text":"","template_catalog_categories_visible":"","demo_title":"Crie seu complemento de hor\u00e1rio comercial","demo_caption":"Configure seu hor\u00e1rio comercial e adicione-o ao seu site PrestaShop gratuitamente!","default_faq_hidden":"","app_template_category":[],"platform":"5343","template_public_id":"","codecanyon_url":"","codecanyon_item_id":"","codecanyon_price":"","pricing_caption":"","pricing_elfsight_apps_hide_column":"","pricing_elfsight_apps_url":"","pricing_codecanyon_price_caption":"","integration_category":[],"integration_request_title":"","integration_request_cta":"","integration_platform":"","integrations":[],"platform_category":[],"video_schema_markup":"","price":"a partir de US$ 0\/m\u00eas","trial":"","benefits":[{"text":"Assist\u00eancia de instala\u00e7\u00e3o gratuita"},{"text":"Suporte ao cliente experiente"},{"text":"Garantia de devolu\u00e7\u00e3o do dinheiro em 14 dias"},{"text":"Atualizando constantemente"}],"button_url":"#demo","button_target_blank":"0","button_nofollow":"0","attributes":[{"name":"Instala\u00e7\u00f5es","content":"10,000 - 100,000"},{"name":"Responsivo","content":"Sim"},{"name":"Navegadores compat\u00edveis","content":"Firefox, Safari, Opera, Chrome, Edge"}],"tags":[],"tags_disable_links":"0","hide_more_platforms":"0","video_object":"","demo_hide_cta":"0","demo_hide_cloud_options":"0","pricing_title":"","pricing":[{"pricing_icon":"platform","pricing_title":"Elfsight Apps","pricing_title_caption":"Vers\u00e3o multiplataforma que funciona em qualquer site","pricing_price":"a partir de US$ 0\/m\u00eas","pricing_price_caption":"comece com um plano gratuito","pricing_benefits":[{"text":"Sites ilimitados"},{"text":"Suporte ao cliente premium"},{"text":"Suporte ao cliente premium"},{"text":"100% personaliz\u00e1vel"}],"pricing_button_text":"Adicionar ao site","pricing_button_url":"#demo"}],"related_apps_title":"","related_apps_hidden":"0","author":"","image":[],"title":"","job":"","social_networks":[]},"_links":{"self":[{"href":"https:\/\/elfsight.com\/pt\/wp-json\/wp\/v2\/pages\/6033","targetHints":{"allow":["GET"]}}],"collection":[{"href":"https:\/\/elfsight.com\/pt\/wp-json\/wp\/v2\/pages"}],"about":[{"href":"https:\/\/elfsight.com\/pt\/wp-json\/wp\/v2\/types\/page"}],"author":[{"embeddable":true,"href":"https:\/\/elfsight.com\/pt\/wp-json\/wp\/v2\/users\/9"}],"replies":[{"embeddable":true,"href":"https:\/\/elfsight.com\/pt\/wp-json\/wp\/v2\/comments?post=6033"}],"version-history":[{"count":2,"href":"https:\/\/elfsight.com\/pt\/wp-json\/wp\/v2\/pages\/6033\/revisions"}],"predecessor-version":[{"id":14374,"href":"https:\/\/elfsight.com\/pt\/wp-json\/wp\/v2\/pages\/6033\/revisions\/14374"}],"up":[{"embeddable":true,"href":"https:\/\/elfsight.com\/pt\/wp-json\/wp\/v2\/pages\/5170"}],"wp:attachment":[{"href":"https:\/\/elfsight.com\/pt\/wp-json\/wp\/v2\/media?parent=6033"}],"curies":[{"name":"wp","href":"https:\/\/api.w.org\/{rel}","templated":true}]}}