{"id":6031,"date":"2024-05-03T06:30:55","date_gmt":"2024-05-03T06:30:55","guid":{"rendered":"https:\/\/elfsight.com\/pt\/?page_id=6031"},"modified":"2024-11-13T12:01:22","modified_gmt":"2024-11-13T12:01:22","slug":"wix","status":"publish","type":"page","link":"https:\/\/elfsight.com\/pt\/booking-reviews-widget\/wix\/","title":{"rendered":"Booking Reviews &#8211; Wix"},"content":{"rendered":"<div class=\"application-platform-content-item-description application-platform-content-item\" id=\"description\" data-nav-section=\"description\"> <h2>Descri\u00e7\u00e3o<\/h2> <p>Se voc\u00ea precisa revelar o seu apre\u00e7o pelos clientes e convencer os visitantes do site de que vale a pena comprar suas ofertas, a Elfsight O widget de avalia\u00e7\u00f5es de reservas far\u00e1 o trabalho. Com este widget, voc\u00ea pode integrar as avalia\u00e7\u00f5es dos usu\u00e1rios do Booking em seu site com detalhes sobre seus autores, filtr\u00e1-los para revelar apenas positivos, adicionar avalia\u00e7\u00f5es e um bot\u00e3o de redirecionamento, que levar\u00e1 os usu\u00e1rios \u00e0 sua conta do Booking, para que possam deixar seus an\u00e1lise. <\/p> <div class=\"faq\" data-component=\"FAQ\"><div class=\"faq-item\">\r\n\t\t\t\t\t<div class=\"faq-item-question\">\r\n\t\t\t\t\t\t<h3 class=\"faq-item-question-text\">Onde no meu site posso incorporar este plugin<\/h3>\r\n\r\n\t\t\t\t\t\t<div class=\"faq-item-question-icon\"><\/div>\r\n\t\t\t\t\t<\/div>\r\n\r\n\t\t\t\t\t<div class=\"faq-item-answer\">\r\n\t\t\t\t\t\t<div class=\"faq-item-answer-text\"> <p>Este widget pode ser exibido em qualquer p\u00e1gina, onde voc\u00ea deseja mostrar sua alta classifica\u00e7\u00e3o e popularidade entre os clientes. Se precisar dele em todas as p\u00e1ginas do site, voc\u00ea pode adicion\u00e1-lo facilmente ao modelo do site. <\/p> <\/div>\r\n\t\t\t\t\t<\/div>\r\n\t\t\t\t<\/div><div class=\"faq-item\">\r\n\t\t\t\t\t<div class=\"faq-item-question\">\r\n\t\t\t\t\t\t<h3 class=\"faq-item-question-text\">Como vou me beneficiar com o widget?<\/h3>\r\n\r\n\t\t\t\t\t\t<div class=\"faq-item-question-icon\"><\/div>\r\n\t\t\t\t\t<\/div>\r\n\r\n\t\t\t\t\t<div class=\"faq-item-answer\">\r\n\t\t\t\t\t\t<div class=\"faq-item-answer-text\"> <p>Coment\u00e1rios de pessoas reais s\u00e3o extremamente confi\u00e1veis \u200b\u200bpara os usu\u00e1rios do seu site e significam para eles que sua empresa \u00e9 confi\u00e1vel. Avalia\u00e7\u00f5es altas e depoimentos excelentes podem ajudar a aumentar as compras em seu site. Al\u00e9m disso, o bot\u00e3o de redirecionamento pode contribuir para mais avalia\u00e7\u00f5es de usu\u00e1rios relacionadas aos seus servi\u00e7os no Booking. <\/p> <\/div>\r\n\t\t\t\t\t<\/div>\r\n\t\t\t\t<\/div> <div class=\"faq-item\">\r\n\t\t\t\t\t<div class=\"faq-item-question\">\r\n\t\t\t\t\t\t<h3 class=\"faq-item-question-text\">Como posso instalar o Booking Reviews no meu site Wix?<\/h3>\r\n\r\n\t\t\t\t\t\t<div class=\"faq-item-question-icon\"><\/div>\r\n\t\t\t\t\t<\/div>\r\n\r\n\t\t\t\t\t<div class=\"faq-item-answer\">\r\n\t\t\t\t\t\t<div class=\"faq-item-answer-text\"> <p>Voc\u00ea s\u00f3 precisa de um minuto para come\u00e7ar a usar o widget. A incorpora\u00e7\u00e3o \u00e9 extremamente r\u00e1pida, gratuita e sem codifica\u00e7\u00e3o. <\/p> <ol><li>Voc\u00ea pode introduzir o widget em seu site diretamente atrav\u00e9s do nosso servi\u00e7o. Para fazer isso, aplique as instru\u00e7\u00f5es nesta p\u00e1gina. <\/li> <li>O widget pode ser configurado atrav\u00e9s do nosso servi\u00e7o ou atrav\u00e9s do mercado. Aqui voc\u00ea pode ver mais sobre as duas op\u00e7\u00f5es e decidir qual \u00e9 a mais adequada. <\/li> <\/ol> <\/div>\r\n\t\t\t\t\t<\/div>\r\n\t\t\t\t<\/div> <\/div> <\/div> <div class=\"application-platform-content-item-features application-platform-content-item\" id=\"features\" data-nav-section=\"features\"> <h2>Recursos<\/h2> <p>Para ter uma percep\u00e7\u00e3o mais clara das avalia\u00e7\u00f5es de reservas, veja o lista de suas principais caracter\u00edsticas. Eles tornam nosso widget o mais ben\u00e9fico poss\u00edvel para sua loja: <\/p> <ul> <li>3 filtros prontos para uso: por tipo, exclus\u00e3o por e quantidade de avalia\u00e7\u00f5es para exibi\u00e7\u00e3o; <\/li> <li> Cabe\u00e7alho do widget totalmente flex\u00edvel; <\/li> <li>Duas op\u00e7\u00f5es de cen\u00e1rios de recusa de solicita\u00e7\u00e3o de revis\u00e3o: demonstrar uma mensagem personalizada ou ocultar o bot\u00e3o. <\/li> <\/ul><p><a href=\"#demo\">Verifique todos os recursos na demonstra\u00e7\u00e3o<\/a><\/p> <\/div> <div class=\"application-platform-content-item-installation application-platform-content-item\" id=\"installation\" data-nav-section=\"installation\"> <h2>Saiba como para integrar o Booking Reviews em seu site Wix<\/h2> <div class=\"video-container\"><iframe width=\"720\" height=\"405\" src=\"https:\/\/www.youtube.com\/embed\/wD7ug5Fj8eI\" frameborder=\"0\" allowfullscreen=\"\"><\/iframe><\/div><p>As a\u00e7\u00f5es a seguir s\u00e3o a \u00fanica coisa que voc\u00ea precisa exibir. <\/p> <ol><li><b>Crie seu plugin pessoal de Booking Reviews<\/b><br> Com a ajuda de nossa demonstra\u00e7\u00e3o gratuita, crie um plugin com uma composi\u00e7\u00e3o selecionada e caracter\u00edsticas funcionais. <\/li><li><b>Receba o c\u00f3digo pessoal para incorporar o plugin<\/b><br> Depois de criar o seu widget, voc\u00ea adquirir\u00e1 o c\u00f3digo individual na notifica\u00e7\u00e3o pop-up nos aplicativos da Elfsight. Copie o c\u00f3digo para uso posterior. <\/li> <li><b>Incorpore o plugin em seu site Wix<\/b><br> Escolha o local onde deseja incorporar o plugin e insira o c\u00f3digo copiado l\u00e1. Publique os resultados. <\/li> <li><b>Pronto! <\/b><br> Entre no seu site para verificar o seu plugin. <\/li> <\/ol><p>Ainda n\u00e3o tem certeza? Ou enfrentando problemas? Basta escrever uma solicita\u00e7\u00e3o ao nosso atendimento ao cliente para resolver qualquer problema. <\/p> <\/div>","protected":false},"excerpt":{"rendered":"","protected":false},"author":9,"featured_media":0,"parent":1508,"menu_order":0,"comment_status":"closed","ping_status":"closed","template":"templates\/template-application-platform.php","meta":{"publish_to_discourse":"","publish_post_category":"","wpdc_auto_publish_overridden":"","wpdc_topic_tags":"","wpdc_pin_topic":"","wpdc_pin_until":"","discourse_post_id":"","discourse_permalink":"","wpdc_publishing_response":"","wpdc_publishing_error":"","footnotes":""},"class_list":["post-6031","page","type-page","status-publish","hentry"],"yoast_head":"<!-- This site is optimized with the Yoast SEO plugin v25.3.1 - https:\/\/yoast.com\/wordpress\/plugins\/seo\/ -->\n<title>Incorporar avalia\u00e7\u00f5es de reservas no site Wix (r\u00e1pido e f\u00e1cil)<\/title>\n<meta name=\"description\" content=\"Com a Elfsight, crie suas Avalia\u00e7\u00f5es de Reservas e publique-as na sua p\u00e1gina Wix rapidamente. Temos atendimento gratuito ao cliente e outros b\u00f4nus.\" \/>\n<meta name=\"robots\" content=\"index, follow, max-snippet:-1, max-image-preview:large, max-video-preview:-1\" \/>\n<link rel=\"canonical\" href=\"https:\/\/elfsight.com\/pt\/booking-reviews-widget\/wix\/\" \/>\n<meta property=\"og:locale\" content=\"pt_PT\" \/>\n<meta property=\"og:type\" content=\"article\" \/>\n<meta property=\"og:title\" content=\"Incorporar avalia\u00e7\u00f5es de reservas no site Wix (r\u00e1pido e f\u00e1cil)\" \/>\n<meta property=\"og:description\" content=\"Com a Elfsight, crie suas Avalia\u00e7\u00f5es de Reservas e publique-as na sua p\u00e1gina Wix rapidamente. Temos atendimento gratuito ao cliente e outros b\u00f4nus.\" \/>\n<meta property=\"og:url\" content=\"https:\/\/elfsight.com\/pt\/booking-reviews-widget\/wix\/\" \/>\n<meta property=\"og:site_name\" content=\"Elfsight PT\" \/>\n<meta property=\"article:modified_time\" content=\"2024-11-13T12:01:22+00:00\" \/>\n<meta name=\"twitter:card\" content=\"summary_large_image\" \/>\n<meta name=\"twitter:label1\" content=\"Tempo estimado de leitura\" \/>\n\t<meta name=\"twitter:data1\" content=\"3 minutos\" \/>\n<!-- \/ Yoast SEO plugin. -->","yoast_head_json":{"title":"Incorporar avalia\u00e7\u00f5es de reservas no site Wix (r\u00e1pido e f\u00e1cil)","description":"Com a Elfsight, crie suas Avalia\u00e7\u00f5es de Reservas e publique-as na sua p\u00e1gina Wix rapidamente. Temos atendimento gratuito ao cliente e outros b\u00f4nus.","robots":{"index":"index","follow":"follow","max-snippet":"max-snippet:-1","max-image-preview":"max-image-preview:large","max-video-preview":"max-video-preview:-1"},"canonical":"https:\/\/elfsight.com\/pt\/booking-reviews-widget\/wix\/","og_locale":"pt_PT","og_type":"article","og_title":"Incorporar avalia\u00e7\u00f5es de reservas no site Wix (r\u00e1pido e f\u00e1cil)","og_description":"Com a Elfsight, crie suas Avalia\u00e7\u00f5es de Reservas e publique-as na sua p\u00e1gina Wix rapidamente. Temos atendimento gratuito ao cliente e outros b\u00f4nus.","og_url":"https:\/\/elfsight.com\/pt\/booking-reviews-widget\/wix\/","og_site_name":"Elfsight PT","article_modified_time":"2024-11-13T12:01:22+00:00","twitter_card":"summary_large_image","twitter_misc":{"Tempo estimado de leitura":"3 minutos"},"schema":{"@context":"https:\/\/schema.org","@graph":[{"@type":"WebPage","@id":"https:\/\/elfsight.com\/pt\/booking-reviews-widget\/wix\/","url":"https:\/\/elfsight.com\/pt\/booking-reviews-widget\/wix\/","name":"Incorporar avalia\u00e7\u00f5es de reservas no site Wix (r\u00e1pido e f\u00e1cil)","isPartOf":{"@id":"https:\/\/elfsight.com\/pt\/#website"},"datePublished":"2024-05-03T06:30:55+00:00","dateModified":"2024-11-13T12:01:22+00:00","description":"Com a Elfsight, crie suas Avalia\u00e7\u00f5es de Reservas e publique-as na sua p\u00e1gina Wix rapidamente. Temos atendimento gratuito ao cliente e outros b\u00f4nus.","breadcrumb":{"@id":"https:\/\/elfsight.com\/pt\/booking-reviews-widget\/wix\/#breadcrumb"},"inLanguage":"pt-PT","potentialAction":[{"@type":"ReadAction","target":["https:\/\/elfsight.com\/pt\/booking-reviews-widget\/wix\/"]}]},{"@type":"BreadcrumbList","@id":"https:\/\/elfsight.com\/pt\/booking-reviews-widget\/wix\/#breadcrumb","itemListElement":[{"@type":"ListItem","position":1,"name":"Home","item":"https:\/\/elfsight.com\/pt\/"},{"@type":"ListItem","position":2,"name":"Booking Reviews","item":"https:\/\/elfsight.com\/pt\/booking-reviews-widget\/"},{"@type":"ListItem","position":3,"name":"Booking Reviews &#8211; Wix"}]},{"@type":"WebSite","@id":"https:\/\/elfsight.com\/pt\/#website","url":"https:\/\/elfsight.com\/pt\/","name":"Elfsight PT","description":"Just another Elfsight Sites site","potentialAction":[{"@type":"SearchAction","target":{"@type":"EntryPoint","urlTemplate":"https:\/\/elfsight.com\/pt\/?s={search_term_string}"},"query-input":{"@type":"PropertyValueSpecification","valueRequired":true,"valueName":"search_term_string"}}],"inLanguage":"pt-PT"}]}},"meta_box":{"industry":"","seo_heading":"","heading":"","description":"","cta_heading":"","cta_description":"","application":"1507","h1":"Avalia\u00e7\u00f5es de reservas Wix","h1_caption":"Publique os melhores depoimentos de clientes da Booking em seu site","application_category":[],"applications_title":"","applications_request_title":"","applications_request_button_text":"","hero_text":"","hero_video":"","hero_video_schema_markup":"","selling_points_title":"","selling_points_caption":"","selling_points":[],"selling_points_cta_text":"","features_title":"","features":"","ed_cta_examples_text":"","ed_cta_examples_hidden":"","ed_cta_demo_text":"","ed_cta_demo_hidden":"","why_caption":"","why_editor_title":"","why_editor_text":"","why_team_title":"","why_team_text":"","why_service_title":"","why_service_text":"","template_catalog_visible":"","template_catalog_title":"","template_catalog_text":"","template_catalog_categories_visible":"","demo_title":"Crie seu aplicativo Booking Reviews","demo_caption":"Configure suas Avalia\u00e7\u00f5es de Reservas e adicione-as ao seu site Wix gratuitamente!","default_faq_hidden":"","app_template_category":[],"platform":"37","template_public_id":"","codecanyon_url":"","codecanyon_item_id":"","codecanyon_price":"","pricing_caption":"","pricing_elfsight_apps_hide_column":"","pricing_elfsight_apps_url":"","pricing_codecanyon_price_caption":"","integration_category":[],"integration_request_title":"","integration_request_cta":"","integration_platform":"","integrations":[],"platform_category":[],"video_schema_markup":"","price":"a partir de US$ 0\/m\u00eas","trial":"","benefits":[{"text":"Ajuda de instala\u00e7\u00e3o gratuita"},{"text":"Atendimento ao cliente competente"},{"text":"Garantia de devolu\u00e7\u00e3o do dinheiro em 14 dias"},{"text":"Atualizando constantemente"}],"button_url":"#demo","button_target_blank":"","button_nofollow":"","attributes":[{"name":"Instala\u00e7\u00f5es","content":"10,000 - 100,000"},{"name":"Responsivo","content":"Sim"},{"name":"Navegadores compat\u00edveis","content":"Edge, Opera, Chrome, Firefox, Safari"}],"tags":[],"tags_disable_links":"","hide_more_platforms":"","video_object":"","demo_hide_cta":"","demo_hide_cloud_options":"","pricing_title":"","pricing":[{"pricing_icon":"platform","pricing_title":"Elfsight Apps","pricing_title_caption":"Software multiplataforma","pricing_price":"a partir de US$ 0\/m\u00eas","pricing_price_caption":"comece com plano gratuito","pricing_benefits":[{"text":"Dom\u00ednios ilimitados"},{"text":"Suporte r\u00e1pido"},{"text":"Suporte r\u00e1pido"},{"text":"Oferta especial para v\u00e1rios aplicativos"}],"pricing_button_text":"Adicionar ao site","pricing_button_url":"#demo"}],"related_apps_title":"","related_apps_hidden":"","author":"","image":[],"title":"","job":"","social_networks":[]},"_links":{"self":[{"href":"https:\/\/elfsight.com\/pt\/wp-json\/wp\/v2\/pages\/6031","targetHints":{"allow":["GET"]}}],"collection":[{"href":"https:\/\/elfsight.com\/pt\/wp-json\/wp\/v2\/pages"}],"about":[{"href":"https:\/\/elfsight.com\/pt\/wp-json\/wp\/v2\/types\/page"}],"author":[{"embeddable":true,"href":"https:\/\/elfsight.com\/pt\/wp-json\/wp\/v2\/users\/9"}],"replies":[{"embeddable":true,"href":"https:\/\/elfsight.com\/pt\/wp-json\/wp\/v2\/comments?post=6031"}],"version-history":[{"count":2,"href":"https:\/\/elfsight.com\/pt\/wp-json\/wp\/v2\/pages\/6031\/revisions"}],"predecessor-version":[{"id":11674,"href":"https:\/\/elfsight.com\/pt\/wp-json\/wp\/v2\/pages\/6031\/revisions\/11674"}],"up":[{"embeddable":true,"href":"https:\/\/elfsight.com\/pt\/wp-json\/wp\/v2\/pages\/1508"}],"wp:attachment":[{"href":"https:\/\/elfsight.com\/pt\/wp-json\/wp\/v2\/media?parent=6031"}],"curies":[{"name":"wp","href":"https:\/\/api.w.org\/{rel}","templated":true}]}}