{"id":6026,"date":"2024-05-03T06:30:54","date_gmt":"2024-05-03T06:30:54","guid":{"rendered":"https:\/\/elfsight.com\/pt\/?page_id=6026"},"modified":"2024-11-13T11:56:05","modified_gmt":"2024-11-13T11:56:05","slug":"weebly","status":"publish","type":"page","link":"https:\/\/elfsight.com\/pt\/booking-reviews-widget\/weebly\/","title":{"rendered":"Booking Reviews &#8211; Weebly"},"content":{"rendered":"<div class=\"application-platform-content-item-description application-platform-content-item\" id=\"description\" data-nav-section=\"description\"> <h2>Descri\u00e7\u00e3o<\/h2> <p>Elfsight Booking Reviews \u00e9 um widget descomplicado que lhe permite inserir no seu site coment\u00e1rios sobre como ficar no seu alojamento de usu\u00e1rios do Booking. Usando este widget, voc\u00ea pode aplicar filtros para classificar avalia\u00e7\u00f5es negativas, exibir suas avalia\u00e7\u00f5es com estrelas e n\u00fameros do Booking, fornecer informa\u00e7\u00f5es sobre os autores e adicionar um bot\u00e3o que redirecionar\u00e1 os visitantes para adicionar seus coment\u00e1rios no Booking. As avalia\u00e7\u00f5es de reservas da Elfsight ajudar\u00e3o voc\u00ea a mostrar sua prova social perfeita em seu site pessoal e aumentar as vendas.<\/p> <div class=\"faq\" data-component=\"FAQ\"><div class=\"faq-item\">\r\n\t\t\t\t\t<div class=\"faq-item-question\">\r\n\t\t\t\t\t\t<h3 class=\"faq-item-question-text\">Onde posso exibi-lo<\/h3>\r\n\r\n\t\t\t\t\t\t<div class=\"faq-item-question-icon\"><\/div>\r\n\t\t\t\t\t<\/div>\r\n\r\n\t\t\t\t\t<div class=\"faq-item-answer\">\r\n\t\t\t\t\t\t<div class=\"faq-item-answer-text\"> <p>Voc\u00ea pode adicionar o widget de avalia\u00e7\u00e3o em qualquer p\u00e1gina do site, ou adicione-o ao modelo, para que apare\u00e7a em todas as p\u00e1ginas. As avalia\u00e7\u00f5es far\u00e3o um bom trabalho nas p\u00e1ginas de produtos ou na p\u00e1gina Sobre n\u00f3s, onde voc\u00ea precisa demonstrar sua alta avalia\u00e7\u00e3o.<\/p> <\/div>\r\n\t\t\t\t\t<\/div>\r\n\t\t\t\t<\/div><div class=\"faq-item\">\r\n\t\t\t\t\t<div class=\"faq-item-question\">\r\n\t\t\t\t\t\t<h3 class=\"faq-item-question-text\">Quais benef\u00edcios isso me trar\u00e1?<\/h3>\r\n\r\n\t\t\t\t\t\t<div class=\"faq-item-question-icon\"><\/div>\r\n\t\t\t\t\t<\/div>\r\n\r\n\t\t\t\t\t<div class=\"faq-item-answer\">\r\n\t\t\t\t\t\t<div class=\"faq-item-answer-text\"> <p>Avalia\u00e7\u00f5es de pessoas reais t\u00eam a maior credibilidade para os visitantes do seu site e indicam que sua empresa \u00e9 um parceiro confi\u00e1vel. Avalia\u00e7\u00f5es altas e impress\u00f5es excelentes podem ajudar a fortalecer as vendas do seu site. Al\u00e9m disso, o bot\u00e3o de redirecionamento pode contribuir para aumentar a quantidade de avalia\u00e7\u00f5es de clientes relacionadas ao seu neg\u00f3cio no Booking.<\/p> <\/div>\r\n\t\t\t\t\t<\/div>\r\n\t\t\t\t<\/div> <div class=\"faq-item\">\r\n\t\t\t\t\t<div class=\"faq-item-question\">\r\n\t\t\t\t\t\t<h3 class=\"faq-item-question-text\">O que preciso para instalar o Booking Reviews no meu site Weebly?<\/h3>\r\n\r\n\t\t\t\t\t\t<div class=\"faq-item-question-icon\"><\/div>\r\n\t\t\t\t\t<\/div>\r\n\r\n\t\t\t\t\t<div class=\"faq-item-answer\">\r\n\t\t\t\t\t\t<div class=\"faq-item-answer-text\"> <p>Voc\u00ea s\u00f3 precisa de um minuto do seu tempo para come\u00e7ar a usar o widget. O processo \u00e9 muito r\u00e1pido, gratuito e n\u00e3o requer codifica\u00e7\u00e3o.<\/p> <ol><li>Existe a op\u00e7\u00e3o de configurar o widget para sua p\u00e1gina da web por meio de nosso servi\u00e7o. Para tal, consulte uma breve instru\u00e7\u00e3o a seguir nesta p\u00e1gina.<\/li> <li>As Avalia\u00e7\u00f5es de Reservas da Elfsight podem ser configuradas diretamente atrav\u00e9s do nosso servi\u00e7o ou atrav\u00e9s do mercado. Aqui voc\u00ea pode ver todos os detalhes sobre as duas variantes e selecionar a mais adequada para voc\u00ea.<\/li> <\/ol> <\/div>\r\n\t\t\t\t\t<\/div>\r\n\t\t\t\t<\/div> <\/div> <\/div> <div class=\"application-platform-content-item-features application-platform-content-item\" id=\"features\" data-nav-section=\"features\"> <h2>Recursos <\/h2> <p>Para entender melhor as Avalia\u00e7\u00f5es de Reservas, conhe\u00e7a a lista de suas principais fun\u00e7\u00f5es. Eles tornam este widget incrivelmente eficaz para sua loja: <\/p> <ul> <li>Quatro layouts dispon\u00edveis: Lista, Grade, Alvenaria e Slider;<\/li> <li>O bot\u00e3o de solicita\u00e7\u00e3o de revis\u00e3o leva os usu\u00e1rios \u00e0 p\u00e1gina de Reservas; <\/li> <li>Dois cen\u00e1rios poss\u00edveis ap\u00f3s a recusa da solicita\u00e7\u00e3o de revis\u00e3o: exibir sua mensagem ou remover o bot\u00e3o.<\/li> <\/ul><p><a href=\"#demo\">Para verificar mais recursos, consulte a demonstra\u00e7\u00e3o <\/a><\/p> <\/div> <div class=\"application-platform-content-item-installation application-platform-content-item\" id=\"installation\" data-nav-section=\"installation\"> <h2>Como adicionar avalia\u00e7\u00f5es de reservas ao seu site do Weebly<\/h2><div class=\"video-container\"><iframe width=\"720\" height=\"405\" src=\"https:\/\/www.youtube.com\/embed\/IWMpmAJg0FE\" frameborder=\"0\" allowfullscreen=\"\"><\/iframe><\/div><p>As etapas abaixo s\u00e3o a \u00fanica coisa que voc\u00ea precisa fazer para coloc\u00e1-lo em funcionamento.<\/p> <ol><li><b>Execute nosso editor gratuito e comece a criar seu aplicativo personalizado. <\/b><br> Determine o design desej\u00e1vel e as caracter\u00edsticas funcionais do aplicativo e aplique todas as corre\u00e7\u00f5es. <\/li> <li><b>Adquira o c\u00f3digo pessoal apresentado no formul\u00e1rio especial nas Apps Elfsight. <\/b><br> Quando a customiza\u00e7\u00e3o do seu aplicativo pessoal terminar, copie seu c\u00f3digo na janela exibida e guarde-o para ocasi\u00f5es posteriores. <\/li> <li><b>Comece a usar o aplicativo no site do Weebly. <\/b><br> Adicione o c\u00f3digo que voc\u00ea salvou recentemente em seu site e aplique os ajustes. <\/li> <li><b>Pronto! A configura\u00e7\u00e3o est\u00e1 totalmente executada. <\/b><br> Acesse sua p\u00e1gina da web para ver o trabalho do aplicativo. <\/li><\/ol><p>Ainda inseguro? Ou enfrentando problemas? Apenas uma \u00fanica solicita\u00e7\u00e3o ao nosso departamento de suporte ao cliente resolver\u00e1 qualquer quest\u00e3o.<\/p> <\/div>","protected":false},"excerpt":{"rendered":"","protected":false},"author":9,"featured_media":0,"parent":1508,"menu_order":0,"comment_status":"closed","ping_status":"closed","template":"templates\/template-application-platform.php","meta":{"publish_to_discourse":"","publish_post_category":"","wpdc_auto_publish_overridden":"","wpdc_topic_tags":"","wpdc_pin_topic":"","wpdc_pin_until":"","discourse_post_id":"","discourse_permalink":"","wpdc_publishing_response":"","wpdc_publishing_error":"","footnotes":""},"class_list":["post-6026","page","type-page","status-publish","hentry"],"yoast_head":"<!-- This site is optimized with the Yoast SEO plugin v25.3.1 - https:\/\/yoast.com\/wordpress\/plugins\/seo\/ -->\n<title>Incorporar avalia\u00e7\u00f5es de reservas no site do Weebly (2025)<\/title>\n<meta name=\"description\" content=\"Com a Elfsight, crie suas avalia\u00e7\u00f5es de reserva e insira-as rapidamente na p\u00e1gina do Weebly. Temos suporte gratuito ao cliente e mais b\u00f4nus.\" \/>\n<meta name=\"robots\" content=\"index, follow, max-snippet:-1, max-image-preview:large, max-video-preview:-1\" \/>\n<link rel=\"canonical\" href=\"https:\/\/elfsight.com\/pt\/booking-reviews-widget\/weebly\/\" \/>\n<meta property=\"og:locale\" content=\"pt_PT\" \/>\n<meta property=\"og:type\" content=\"article\" \/>\n<meta property=\"og:title\" content=\"Incorporar avalia\u00e7\u00f5es de reservas no site do Weebly (2025)\" \/>\n<meta property=\"og:description\" content=\"Com a Elfsight, crie suas avalia\u00e7\u00f5es de reserva e insira-as rapidamente na p\u00e1gina do Weebly. Temos suporte gratuito ao cliente e mais b\u00f4nus.\" \/>\n<meta property=\"og:url\" content=\"https:\/\/elfsight.com\/pt\/booking-reviews-widget\/weebly\/\" \/>\n<meta property=\"og:site_name\" content=\"Elfsight PT\" \/>\n<meta property=\"article:modified_time\" content=\"2024-11-13T11:56:05+00:00\" \/>\n<meta name=\"twitter:card\" content=\"summary_large_image\" \/>\n<meta name=\"twitter:label1\" content=\"Tempo estimado de leitura\" \/>\n\t<meta name=\"twitter:data1\" content=\"3 minutos\" \/>\n<!-- \/ Yoast SEO plugin. -->","yoast_head_json":{"title":"Incorporar avalia\u00e7\u00f5es de reservas no site do Weebly (2025)","description":"Com a Elfsight, crie suas avalia\u00e7\u00f5es de reserva e insira-as rapidamente na p\u00e1gina do Weebly. Temos suporte gratuito ao cliente e mais b\u00f4nus.","robots":{"index":"index","follow":"follow","max-snippet":"max-snippet:-1","max-image-preview":"max-image-preview:large","max-video-preview":"max-video-preview:-1"},"canonical":"https:\/\/elfsight.com\/pt\/booking-reviews-widget\/weebly\/","og_locale":"pt_PT","og_type":"article","og_title":"Incorporar avalia\u00e7\u00f5es de reservas no site do Weebly (2025)","og_description":"Com a Elfsight, crie suas avalia\u00e7\u00f5es de reserva e insira-as rapidamente na p\u00e1gina do Weebly. Temos suporte gratuito ao cliente e mais b\u00f4nus.","og_url":"https:\/\/elfsight.com\/pt\/booking-reviews-widget\/weebly\/","og_site_name":"Elfsight PT","article_modified_time":"2024-11-13T11:56:05+00:00","twitter_card":"summary_large_image","twitter_misc":{"Tempo estimado de leitura":"3 minutos"},"schema":{"@context":"https:\/\/schema.org","@graph":[{"@type":"WebPage","@id":"https:\/\/elfsight.com\/pt\/booking-reviews-widget\/weebly\/","url":"https:\/\/elfsight.com\/pt\/booking-reviews-widget\/weebly\/","name":"Incorporar avalia\u00e7\u00f5es de reservas no site do Weebly (2025)","isPartOf":{"@id":"https:\/\/elfsight.com\/pt\/#website"},"datePublished":"2024-05-03T06:30:54+00:00","dateModified":"2024-11-13T11:56:05+00:00","description":"Com a Elfsight, crie suas avalia\u00e7\u00f5es de reserva e insira-as rapidamente na p\u00e1gina do Weebly. Temos suporte gratuito ao cliente e mais b\u00f4nus.","breadcrumb":{"@id":"https:\/\/elfsight.com\/pt\/booking-reviews-widget\/weebly\/#breadcrumb"},"inLanguage":"pt-PT","potentialAction":[{"@type":"ReadAction","target":["https:\/\/elfsight.com\/pt\/booking-reviews-widget\/weebly\/"]}]},{"@type":"BreadcrumbList","@id":"https:\/\/elfsight.com\/pt\/booking-reviews-widget\/weebly\/#breadcrumb","itemListElement":[{"@type":"ListItem","position":1,"name":"Home","item":"https:\/\/elfsight.com\/pt\/"},{"@type":"ListItem","position":2,"name":"Booking Reviews","item":"https:\/\/elfsight.com\/pt\/booking-reviews-widget\/"},{"@type":"ListItem","position":3,"name":"Booking Reviews &#8211; Weebly"}]},{"@type":"WebSite","@id":"https:\/\/elfsight.com\/pt\/#website","url":"https:\/\/elfsight.com\/pt\/","name":"Elfsight PT","description":"Just another Elfsight Sites site","potentialAction":[{"@type":"SearchAction","target":{"@type":"EntryPoint","urlTemplate":"https:\/\/elfsight.com\/pt\/?s={search_term_string}"},"query-input":{"@type":"PropertyValueSpecification","valueRequired":true,"valueName":"search_term_string"}}],"inLanguage":"pt-PT"}]}},"meta_box":{"industry":"","seo_heading":"","heading":"","description":"","cta_heading":"","cta_description":"","application":"1507","h1":"Avalia\u00e7\u00f5es da Weebly Booking.com","h1_caption":"Incorpore depoimentos de clientes perfeitos do Booking em seu site","application_category":[],"applications_title":"","applications_request_title":"","applications_request_button_text":"","hero_text":"","hero_video":"","hero_video_schema_markup":"","selling_points_title":"","selling_points_caption":"","selling_points":[],"selling_points_cta_text":"","features_title":"","features":"","ed_cta_examples_text":"","ed_cta_examples_hidden":"","ed_cta_demo_text":"","ed_cta_demo_hidden":"","why_caption":"","why_editor_title":"","why_editor_text":"","why_team_title":"","why_team_text":"","why_service_title":"","why_service_text":"","template_catalog_visible":"","template_catalog_title":"","template_catalog_text":"","template_catalog_categories_visible":"","demo_title":"Crie seu aplicativo Booking Reviews","demo_caption":"Configure suas avalia\u00e7\u00f5es de reservas e adicione-as ao seu site do Weebly gratuitamente!","default_faq_hidden":"","app_template_category":[],"platform":"73","template_public_id":"","codecanyon_url":"","codecanyon_item_id":"","codecanyon_price":"","pricing_caption":"","pricing_elfsight_apps_hide_column":"","pricing_elfsight_apps_url":"","pricing_codecanyon_price_caption":"","integration_category":[],"integration_request_title":"","integration_request_cta":"","integration_platform":"","integrations":[],"platform_category":[],"video_schema_markup":"","price":"a partir de US$ 0\/m\u00eas","trial":"","benefits":[{"text":"Servi\u00e7o de instala\u00e7\u00e3o gratuito"},{"text":"Suporte premium"},{"text":"Garantia de reembolso de 14 dias"},{"text":"Desenvolvimento cont\u00ednuo"}],"button_url":"#demo","button_target_blank":"","button_nofollow":"","attributes":[{"name":"Instala\u00e7\u00f5es","content":"10,000 - 100,000"},{"name":"Responsivo","content":"Sim"},{"name":"Navegadores compat\u00edveis","content":"Firefox, Safari, Opera, Chrome, Edge"}],"tags":[],"tags_disable_links":"","hide_more_platforms":"","video_object":"","demo_hide_cta":"","demo_hide_cloud_options":"","pricing_title":"","pricing":[{"pricing_icon":"platform","pricing_title":"Elfsight Apps","pricing_title_caption":"Solu\u00e7\u00e3o digital multiplataforma","pricing_price":"a partir de US$ 0\/m\u00eas","pricing_price_caption":"comece com um plano gratuito","pricing_benefits":[{"text":"Sites ilimitados"},{"text":"Suporte gratuito \u00e0 empresa"},{"text":"Suporte gratuito \u00e0 empresa"},{"text":"Design flex\u00edvel"}],"pricing_button_text":"Adicionar ao site","pricing_button_url":"#demo"}],"related_apps_title":"","related_apps_hidden":"","author":"","image":[],"title":"","job":"","social_networks":[]},"_links":{"self":[{"href":"https:\/\/elfsight.com\/pt\/wp-json\/wp\/v2\/pages\/6026","targetHints":{"allow":["GET"]}}],"collection":[{"href":"https:\/\/elfsight.com\/pt\/wp-json\/wp\/v2\/pages"}],"about":[{"href":"https:\/\/elfsight.com\/pt\/wp-json\/wp\/v2\/types\/page"}],"author":[{"embeddable":true,"href":"https:\/\/elfsight.com\/pt\/wp-json\/wp\/v2\/users\/9"}],"replies":[{"embeddable":true,"href":"https:\/\/elfsight.com\/pt\/wp-json\/wp\/v2\/comments?post=6026"}],"version-history":[{"count":2,"href":"https:\/\/elfsight.com\/pt\/wp-json\/wp\/v2\/pages\/6026\/revisions"}],"predecessor-version":[{"id":11673,"href":"https:\/\/elfsight.com\/pt\/wp-json\/wp\/v2\/pages\/6026\/revisions\/11673"}],"up":[{"embeddable":true,"href":"https:\/\/elfsight.com\/pt\/wp-json\/wp\/v2\/pages\/1508"}],"wp:attachment":[{"href":"https:\/\/elfsight.com\/pt\/wp-json\/wp\/v2\/media?parent=6026"}],"curies":[{"name":"wp","href":"https:\/\/api.w.org\/{rel}","templated":true}]}}