{"id":6025,"date":"2024-05-03T06:30:53","date_gmt":"2024-05-03T06:30:53","guid":{"rendered":"https:\/\/elfsight.com\/pt\/?page_id=6025"},"modified":"2024-11-13T11:55:57","modified_gmt":"2024-11-13T11:55:57","slug":"webnode","status":"publish","type":"page","link":"https:\/\/elfsight.com\/pt\/booking-reviews-widget\/webnode\/","title":{"rendered":"Booking Reviews &#8211; Webnode"},"content":{"rendered":"<div class=\"application-platform-content-item-description application-platform-content-item\" id=\"description\" data-nav-section=\"description\"> <h2>Descri\u00e7\u00e3o<\/h2> <p>Se voc\u00ea deseja exibir sua classifica\u00e7\u00e3o alta e convencer os visitantes do site de que vale a pena comprar suas ofertas, Elfsight Booking O widget de coment\u00e1rios \u00e9 ideal para voc\u00ea. Usando esta ferramenta, voc\u00ea colocar\u00e1 facilmente avalia\u00e7\u00f5es de clientes do Booking em seu site com informa\u00e7\u00f5es sobre seus autores, filtr\u00e1-los-\u00e1 para revelar apenas os melhores, adicionar\u00e1 classifica\u00e7\u00f5es e um bot\u00e3o ativo, que levar\u00e1 os usu\u00e1rios \u00e0 sua conta do Booking, para que possam compartilhar sua revis\u00e3o. <\/p> <div class=\"faq\" data-component=\"FAQ\"><div class=\"faq-item\">\r\n\t\t\t\t\t<div class=\"faq-item-question\">\r\n\t\t\t\t\t\t<h3 class=\"faq-item-question-text\">Onde posso instal\u00e1-lo no meu site<\/h3>\r\n\r\n\t\t\t\t\t\t<div class=\"faq-item-question-icon\"><\/div>\r\n\t\t\t\t\t<\/div>\r\n\r\n\t\t\t\t\t<div class=\"faq-item-answer\">\r\n\t\t\t\t\t\t<div class=\"faq-item-answer-text\"> <p>Voc\u00ea pode exibir o widget de revis\u00e3o em qualquer p\u00e1gina do site ou col\u00e1-lo no modelo do site e ele ser\u00e1 exibido em todas as p\u00e1ginas. As avalia\u00e7\u00f5es podem ser eficazes nas p\u00e1ginas de produtos ou na p\u00e1gina Sobre n\u00f3s, os lugares onde voc\u00ea deseja impressionar os usu\u00e1rios com sua classifica\u00e7\u00e3o alta. <\/p> <\/div>\r\n\t\t\t\t\t<\/div>\r\n\t\t\t\t<\/div><div class=\"faq-item\">\r\n\t\t\t\t\t<div class=\"faq-item-question\">\r\n\t\t\t\t\t\t<h3 class=\"faq-item-question-text\">Que vantagens isso pode me oferecer?<\/h3>\r\n\r\n\t\t\t\t\t\t<div class=\"faq-item-question-icon\"><\/div>\r\n\t\t\t\t\t<\/div>\r\n\r\n\t\t\t\t\t<div class=\"faq-item-answer\">\r\n\t\t\t\t\t\t<div class=\"faq-item-answer-text\"> <p>Avalia\u00e7\u00f5es escritas por pessoas reais parecem extremamente confi\u00e1veis \u200b\u200bpara os clientes do seu site e indicam a eles que sua empresa \u00e9 confi\u00e1vel. Avalia\u00e7\u00f5es altas e bons depoimentos podem ajudar a aumentar o n\u00edvel de compras em seu site. Al\u00e9m disso, o bot\u00e3o de redirecionamento pode contribuir para ter mais avalia\u00e7\u00f5es de usu\u00e1rios relacionadas ao seu neg\u00f3cio no Booking. <\/p> <\/div>\r\n\t\t\t\t\t<\/div>\r\n\t\t\t\t<\/div> <div class=\"faq-item\">\r\n\t\t\t\t\t<div class=\"faq-item-question\">\r\n\t\t\t\t\t\t<h3 class=\"faq-item-question-text\">Como posso adicionar avalia\u00e7\u00f5es de reservas ao meu site Webnode?<\/h3>\r\n\r\n\t\t\t\t\t\t<div class=\"faq-item-question-icon\"><\/div>\r\n\t\t\t\t\t<\/div>\r\n\r\n\t\t\t\t\t<div class=\"faq-item-answer\">\r\n\t\t\t\t\t\t<div class=\"faq-item-answer-text\"> <p>Levar\u00e1 apenas um minuto para come\u00e7ar a usar o widget. \u00c9 extremamente r\u00e1pido, gratuito e sem codifica\u00e7\u00e3o. <\/p> <ol><li>Voc\u00ea pode integrar o widget ao seu site diretamente atrav\u00e9s do nosso servi\u00e7o. Basta aplicar as instru\u00e7\u00f5es abaixo nesta p\u00e1gina. <\/li> <li>As avalia\u00e7\u00f5es de reservas da Elfsight podem ser inseridas no nosso servi\u00e7o ou atrav\u00e9s do marketplace. Voc\u00ea pode ler mais detalhes sobre essas variantes e escolher a sua. <\/li> <\/ol> <\/div>\r\n\t\t\t\t\t<\/div>\r\n\t\t\t\t<\/div> <\/div> <\/div> <div class=\"application-platform-content-item-features application-platform-content-item\" id=\"features\" data-nav-section=\"features\"> <h2>Recursos<\/h2> <p>Para ter uma ideia completa das avalia\u00e7\u00f5es de reservas, descubra o lista de seus recursos mais destacados. Eles tornam o widget mais eficaz para o seu site: <\/p> <ul> <li>Quatro layouts dispon\u00edveis: Lista, Grade, Alvenaria e Slider; <\/li> <li> Cabe\u00e7alho do widget totalmente flex\u00edvel; <\/li> <li>6 elementos ajust\u00e1veis \u200b\u200bdo widget: nome do autor e foto, texto de recomenda\u00e7\u00e3o, data de compartilhamento, \u00edcone de reserva e classifica\u00e7\u00e3o por estrelas; <\/li> <\/ul><p><a href=\"#demo\">Para ver mais recursos, consulte nossa demonstra\u00e7\u00e3o<\/a><\/p> <\/div> <div class=\"application-platform-content-item-installation application-platform-content-item\" id=\"installation\" data-nav-section=\"installation\"> <h2>Aprenda como incorporar o Booking Reviews ao seu site Webnode<\/h2> <p>Essas diversas etapas s\u00e3o a \u00fanica coisa que voc\u00ea precisa fazer para configurar o widget em sua p\u00e1gina web. Levar\u00e1 apenas um minuto do seu tempo e n\u00e3o uma linha de codifica\u00e7\u00e3o. <\/p> <ol><li><b>Construa seu plugin exclusivo de Booking Reviews<\/b><br> Com a ajuda de nosso editor gratuito, gere um plugin com apar\u00eancia personalizada e caracter\u00edsticas funcionais. <\/li><li><b>Adquira o c\u00f3digo pessoal para instalar o plugin<\/b><br> Depois de configurar o seu widget, voc\u00ea receber\u00e1 seu c\u00f3digo pessoal na notifica\u00e7\u00e3o que aparece nos aplicativos da Elfsight. Copie o c\u00f3digo para uso futuro. <\/li> <li><b> O plugin no seu site Webnode<\/b><br> Selecione a \u00e1rea onde deseja colocar o plugin e insira o c\u00f3digo copiado l\u00e1. Publique as altera\u00e7\u00f5es. <\/li> <li><b>A instala\u00e7\u00e3o foi conclu\u00edda<\/b><br> V\u00e1 para sua p\u00e1gina da web para ver seus depoimentos. <\/li> <\/ol><p>Ainda n\u00e3o tem certeza? Ou trope\u00e7ou em alguma coisa? Apenas uma \u00fanica solicita\u00e7\u00e3o \u00e0 nossa equipe de suporte resolver\u00e1 qualquer tipo de problema. <\/p> <\/div>","protected":false},"excerpt":{"rendered":"","protected":false},"author":9,"featured_media":0,"parent":1508,"menu_order":0,"comment_status":"closed","ping_status":"closed","template":"templates\/template-application-platform.php","meta":{"publish_to_discourse":"","publish_post_category":"","wpdc_auto_publish_overridden":"","wpdc_topic_tags":"","wpdc_pin_topic":"","wpdc_pin_until":"","discourse_post_id":"","discourse_permalink":"","wpdc_publishing_response":"","wpdc_publishing_error":"","footnotes":""},"class_list":["post-6025","page","type-page","status-publish","hentry"],"yoast_head":"<!-- This site is optimized with the Yoast SEO plugin v25.3.1 - https:\/\/yoast.com\/wordpress\/plugins\/seo\/ -->\n<title>Incorporar avalia\u00e7\u00f5es de reservas no site Webnode (gr\u00e1tis e r\u00e1pido)<\/title>\n<meta name=\"description\" content=\"Com a Elfsight, crie as suas avalia\u00e7\u00f5es de reservas e publique-as na sua p\u00e1gina Webnode rapidamente. Oferecemos atendimento gratuito ao cliente e outros b\u00f4nus.\" \/>\n<meta name=\"robots\" content=\"index, follow, max-snippet:-1, max-image-preview:large, max-video-preview:-1\" \/>\n<link rel=\"canonical\" href=\"https:\/\/elfsight.com\/pt\/booking-reviews-widget\/webnode\/\" \/>\n<meta property=\"og:locale\" content=\"pt_PT\" \/>\n<meta property=\"og:type\" content=\"article\" \/>\n<meta property=\"og:title\" content=\"Incorporar avalia\u00e7\u00f5es de reservas no site Webnode (gr\u00e1tis e r\u00e1pido)\" \/>\n<meta property=\"og:description\" content=\"Com a Elfsight, crie as suas avalia\u00e7\u00f5es de reservas e publique-as na sua p\u00e1gina Webnode rapidamente. Oferecemos atendimento gratuito ao cliente e outros b\u00f4nus.\" \/>\n<meta property=\"og:url\" content=\"https:\/\/elfsight.com\/pt\/booking-reviews-widget\/webnode\/\" \/>\n<meta property=\"og:site_name\" content=\"Elfsight PT\" \/>\n<meta property=\"article:modified_time\" content=\"2024-11-13T11:55:57+00:00\" \/>\n<meta name=\"twitter:card\" content=\"summary_large_image\" \/>\n<meta name=\"twitter:label1\" content=\"Tempo estimado de leitura\" \/>\n\t<meta name=\"twitter:data1\" content=\"3 minutos\" \/>\n<!-- \/ Yoast SEO plugin. -->","yoast_head_json":{"title":"Incorporar avalia\u00e7\u00f5es de reservas no site Webnode (gr\u00e1tis e r\u00e1pido)","description":"Com a Elfsight, crie as suas avalia\u00e7\u00f5es de reservas e publique-as na sua p\u00e1gina Webnode rapidamente. Oferecemos atendimento gratuito ao cliente e outros b\u00f4nus.","robots":{"index":"index","follow":"follow","max-snippet":"max-snippet:-1","max-image-preview":"max-image-preview:large","max-video-preview":"max-video-preview:-1"},"canonical":"https:\/\/elfsight.com\/pt\/booking-reviews-widget\/webnode\/","og_locale":"pt_PT","og_type":"article","og_title":"Incorporar avalia\u00e7\u00f5es de reservas no site Webnode (gr\u00e1tis e r\u00e1pido)","og_description":"Com a Elfsight, crie as suas avalia\u00e7\u00f5es de reservas e publique-as na sua p\u00e1gina Webnode rapidamente. Oferecemos atendimento gratuito ao cliente e outros b\u00f4nus.","og_url":"https:\/\/elfsight.com\/pt\/booking-reviews-widget\/webnode\/","og_site_name":"Elfsight PT","article_modified_time":"2024-11-13T11:55:57+00:00","twitter_card":"summary_large_image","twitter_misc":{"Tempo estimado de leitura":"3 minutos"},"schema":{"@context":"https:\/\/schema.org","@graph":[{"@type":"WebPage","@id":"https:\/\/elfsight.com\/pt\/booking-reviews-widget\/webnode\/","url":"https:\/\/elfsight.com\/pt\/booking-reviews-widget\/webnode\/","name":"Incorporar avalia\u00e7\u00f5es de reservas no site Webnode (gr\u00e1tis e r\u00e1pido)","isPartOf":{"@id":"https:\/\/elfsight.com\/pt\/#website"},"datePublished":"2024-05-03T06:30:53+00:00","dateModified":"2024-11-13T11:55:57+00:00","description":"Com a Elfsight, crie as suas avalia\u00e7\u00f5es de reservas e publique-as na sua p\u00e1gina Webnode rapidamente. Oferecemos atendimento gratuito ao cliente e outros b\u00f4nus.","breadcrumb":{"@id":"https:\/\/elfsight.com\/pt\/booking-reviews-widget\/webnode\/#breadcrumb"},"inLanguage":"pt-PT","potentialAction":[{"@type":"ReadAction","target":["https:\/\/elfsight.com\/pt\/booking-reviews-widget\/webnode\/"]}]},{"@type":"BreadcrumbList","@id":"https:\/\/elfsight.com\/pt\/booking-reviews-widget\/webnode\/#breadcrumb","itemListElement":[{"@type":"ListItem","position":1,"name":"Home","item":"https:\/\/elfsight.com\/pt\/"},{"@type":"ListItem","position":2,"name":"Booking Reviews","item":"https:\/\/elfsight.com\/pt\/booking-reviews-widget\/"},{"@type":"ListItem","position":3,"name":"Booking Reviews &#8211; Webnode"}]},{"@type":"WebSite","@id":"https:\/\/elfsight.com\/pt\/#website","url":"https:\/\/elfsight.com\/pt\/","name":"Elfsight PT","description":"Just another Elfsight Sites site","potentialAction":[{"@type":"SearchAction","target":{"@type":"EntryPoint","urlTemplate":"https:\/\/elfsight.com\/pt\/?s={search_term_string}"},"query-input":{"@type":"PropertyValueSpecification","valueRequired":true,"valueName":"search_term_string"}}],"inLanguage":"pt-PT"}]}},"meta_box":{"industry":"","seo_heading":"","heading":"","description":"","cta_heading":"","cta_description":"","application":"1507","h1":"Avalia\u00e7\u00f5es da Webnode Booking.com","h1_caption":"Publique os melhores depoimentos de clientes da Booking em seu site","application_category":[],"applications_title":"","applications_request_title":"","applications_request_button_text":"","hero_text":"","hero_video":"","hero_video_schema_markup":"","selling_points_title":"","selling_points_caption":"","selling_points":[],"selling_points_cta_text":"","features_title":"","features":"","ed_cta_examples_text":"","ed_cta_examples_hidden":"","ed_cta_demo_text":"","ed_cta_demo_hidden":"","why_caption":"","why_editor_title":"","why_editor_text":"","why_team_title":"","why_team_text":"","why_service_title":"","why_service_text":"","template_catalog_visible":"","template_catalog_title":"","template_catalog_text":"","template_catalog_categories_visible":"","demo_title":"Crie seu widget de avalia\u00e7\u00f5es de reservas","demo_caption":"Configure suas avalia\u00e7\u00f5es de reservas e adicione-as ao seu site Webnode gratuitamente!","default_faq_hidden":"","app_template_category":[],"platform":"4917","template_public_id":"","codecanyon_url":"","codecanyon_item_id":"","codecanyon_price":"","pricing_caption":"","pricing_elfsight_apps_hide_column":"","pricing_elfsight_apps_url":"","pricing_codecanyon_price_caption":"","integration_category":[],"integration_request_title":"","integration_request_cta":"","integration_platform":"","integrations":[],"platform_category":[],"video_schema_markup":"","price":"a partir de US$ 0\/m\u00eas","trial":"","benefits":[{"text":"Assist\u00eancia de instala\u00e7\u00e3o gratuita"},{"text":"Suporte premium"},{"text":"Garantia de devolu\u00e7\u00e3o do dinheiro em 14 dias"},{"text":"Atualiza\u00e7\u00f5es gratuitas cont\u00ednuas"}],"button_url":"#demo","button_target_blank":"","button_nofollow":"","attributes":[{"name":"Instala\u00e7\u00f5es","content":"10,000 - 100,000"},{"name":"Responsivo","content":"Sim"},{"name":"Navegadores compat\u00edveis","content":"Firefox, Safari, Opera, Chrome, Edge"}],"tags":[],"tags_disable_links":"","hide_more_platforms":"","video_object":"","demo_hide_cta":"","demo_hide_cloud_options":"","pricing_title":"","pricing":[{"pricing_icon":"platform","pricing_title":"Elfsight Apps","pricing_title_caption":"Software multiplataforma que funciona em qualquer site","pricing_price":"a partir de US$ 0\/m\u00eas","pricing_price_caption":"comece com plano gratuito","pricing_benefits":[{"text":"Sites ilimitados"},{"text":"Suporte dedicado e pontual"},{"text":"Suporte dedicado e pontual"},{"text":"Oferta especial para v\u00e1rios aplicativos"}],"pricing_button_text":"Adicionar ao site","pricing_button_url":"#demo"}],"related_apps_title":"","related_apps_hidden":"","author":"","image":[],"title":"","job":"","social_networks":[]},"_links":{"self":[{"href":"https:\/\/elfsight.com\/pt\/wp-json\/wp\/v2\/pages\/6025","targetHints":{"allow":["GET"]}}],"collection":[{"href":"https:\/\/elfsight.com\/pt\/wp-json\/wp\/v2\/pages"}],"about":[{"href":"https:\/\/elfsight.com\/pt\/wp-json\/wp\/v2\/types\/page"}],"author":[{"embeddable":true,"href":"https:\/\/elfsight.com\/pt\/wp-json\/wp\/v2\/users\/9"}],"replies":[{"embeddable":true,"href":"https:\/\/elfsight.com\/pt\/wp-json\/wp\/v2\/comments?post=6025"}],"version-history":[{"count":1,"href":"https:\/\/elfsight.com\/pt\/wp-json\/wp\/v2\/pages\/6025\/revisions"}],"predecessor-version":[{"id":6029,"href":"https:\/\/elfsight.com\/pt\/wp-json\/wp\/v2\/pages\/6025\/revisions\/6029"}],"up":[{"embeddable":true,"href":"https:\/\/elfsight.com\/pt\/wp-json\/wp\/v2\/pages\/1508"}],"wp:attachment":[{"href":"https:\/\/elfsight.com\/pt\/wp-json\/wp\/v2\/media?parent=6025"}],"curies":[{"name":"wp","href":"https:\/\/api.w.org\/{rel}","templated":true}]}}