{"id":6018,"date":"2024-05-03T06:30:50","date_gmt":"2024-05-03T06:30:50","guid":{"rendered":"https:\/\/elfsight.com\/pt\/?page_id=6018"},"modified":"2024-11-13T11:55:57","modified_gmt":"2024-11-13T11:55:57","slug":"shopify","status":"publish","type":"page","link":"https:\/\/elfsight.com\/pt\/booking-reviews-widget\/shopify\/","title":{"rendered":"Booking Reviews &#8211; Shopify"},"content":{"rendered":"<div class=\"application-platform-content-item-description application-platform-content-item\" id=\"description\" data-nav-section=\"description\"> <h2>Incorpore avalia\u00e7\u00f5es de reservas no Shopify com o widget Elfsight<\/h2> <p>Se voc\u00ea est\u00e1 procurando uma maneira de provar sua alta classifica\u00e7\u00e3o e Para convencer os visitantes do site de que o seu hotel ou apartamento tem uma boa rela\u00e7\u00e3o qualidade\/pre\u00e7o, o Elfsight Booking Reviews ser\u00e1 a escolha certa. Com nosso widget, voc\u00ea pode demonstrar avalia\u00e7\u00f5es de clientes de Booking.com em seu site com detalhes sobre seus autores, filtr\u00e1-los para demonstrar apenas os melhores, adicionar classifica\u00e7\u00f5es e um bot\u00e3o ativo que levar\u00e1 as pessoas \u00e0 sua p\u00e1gina de Booking, onde poder\u00e3o adicione uma nova revis\u00e3o. <\/p> <div class=\"faq\" data-component=\"FAQ\"><div class=\"faq-item\">\r\n\t\t\t\t\t<div class=\"faq-item-question\">\r\n\t\t\t\t\t\t<h3 class=\"faq-item-question-text\">Onde posso integrar este plugin<\/h3>\r\n\r\n\t\t\t\t\t\t<div class=\"faq-item-question-icon\"><\/div>\r\n\t\t\t\t\t<\/div>\r\n\r\n\t\t\t\t\t<div class=\"faq-item-answer\">\r\n\t\t\t\t\t\t<div class=\"faq-item-answer-text\"> <p>Voc\u00ea pode adicionar o widget a qualquer p\u00e1gina do site, ou col\u00e1-lo no modelo do site, neste caso ele ser\u00e1 publicado em todas as p\u00e1ginas. As avalia\u00e7\u00f5es podem funcionar bem nas p\u00e1ginas de produtos ou na p\u00e1gina Sobre n\u00f3s, os locais onde voc\u00ea precisa comprovar sua classifica\u00e7\u00e3o elevada. <\/p> <\/div>\r\n\t\t\t\t\t<\/div>\r\n\t\t\t\t<\/div><div class=\"faq-item\">\r\n\t\t\t\t\t<div class=\"faq-item-question\">\r\n\t\t\t\t\t\t<h3 class=\"faq-item-question-text\">Como posso me beneficiar disso?<\/h3>\r\n\r\n\t\t\t\t\t\t<div class=\"faq-item-question-icon\"><\/div>\r\n\t\t\t\t\t<\/div>\r\n\r\n\t\t\t\t\t<div class=\"faq-item-answer\">\r\n\t\t\t\t\t\t<div class=\"faq-item-answer-text\"> <p>Avalia\u00e7\u00f5es de pessoas reais s\u00e3o perfeitamente confi\u00e1veis \u200b\u200bpara os visitantes do seu site e provam que sua empresa \u00e9 um parceiro confi\u00e1vel. Avalia\u00e7\u00f5es altas e avalia\u00e7\u00f5es excelentes podem ajudar a aumentar as vendas em seu site. Al\u00e9m disso, o bot\u00e3o de redirecionamento pode contribuir para aumentar a quantidade de avalia\u00e7\u00f5es de clientes relacionadas ao seu neg\u00f3cio no Booking. <\/p> <\/div>\r\n\t\t\t\t\t<\/div>\r\n\t\t\t\t<\/div> <div class=\"faq-item\">\r\n\t\t\t\t\t<div class=\"faq-item-question\">\r\n\t\t\t\t\t\t<h3 class=\"faq-item-question-text\">Como posso adicionar avalia\u00e7\u00f5es de reserva no meu site do Shopify?<\/h3>\r\n\r\n\t\t\t\t\t\t<div class=\"faq-item-question-icon\"><\/div>\r\n\t\t\t\t\t<\/div>\r\n\r\n\t\t\t\t\t<div class=\"faq-item-answer\">\r\n\t\t\t\t\t\t<div class=\"faq-item-answer-text\"> <p>Leva apenas um minuto do seu tempo para ter o widget instalado e funcionando. A incorpora\u00e7\u00e3o \u00e9 muito r\u00e1pida, gratuita e sem codifica\u00e7\u00e3o. <\/p> <ol><li>Voc\u00ea pode configurar o widget em seu site em nosso servi\u00e7o. Para isso voc\u00ea precisar\u00e1 aplicar as instru\u00e7\u00f5es nesta p\u00e1gina. <\/li> <li>As avalia\u00e7\u00f5es de reservas da Elfsight podem ser adicionadas diretamente no nosso servi\u00e7o ou atrav\u00e9s do mercado. Voc\u00ea pode comparar as vantagens de ambas as variantes e escolher a sua. <\/li> <\/ol> <\/div>\r\n\t\t\t\t\t<\/div>\r\n\t\t\t\t<\/div> <\/div> <\/div> <div class=\"application-platform-content-item-features application-platform-content-item\" id=\"features\" data-nav-section=\"features\"> <h2>Principais recursos do widget Booking Reviews<\/h2> <p>Para entender melhor de Avalia\u00e7\u00f5es de Reservas, aqui est\u00e1 a lista de suas principais caracter\u00edsticas. Eles tornam nosso widget incrivelmente eficaz para o seu neg\u00f3cio: <\/p> <ul> <li>Quatro layouts predefinidos: Lista, Grade, Alvenaria e Slider; <\/li> <li> Cabe\u00e7alho altern\u00e1vel do widget; <\/li> <li>Duas alternativas de cen\u00e1rios ap\u00f3s recusa do pedido de revis\u00e3o: exibir uma mensagem de texto ou ocultar o bot\u00e3o. <\/li> <\/ul><p><a href=\"#demo\">Nossa demonstra\u00e7\u00e3o ao vivo abrir\u00e1 uma lista completa de recursos para voc\u00ea<\/a><\/p> <\/div> <div class=\"application-platform-content-item-installation  application-platform-content-item\" id=\"installation \" data-nav-section=\"installation \"> <h2>Veja como inserir avalia\u00e7\u00f5es de reserva em sua loja Shopify<\/h2> <div class=\"video-container\"><iframe width=\"720\" height=\"405\" src=\"https:\/\/www.youtube.com\/embed\/tNiLv6RMLlc\" frameborder=\"0\" allowfullscreen=\"\"><\/iframe><\/div><p>As etapas a seguir s\u00e3o a \u00fanica coisa que voc\u00ea precisa para ter o widget instalado e funcionando.<\/p> <ol><li><b>Utilize nosso configurador gratuito e comece a moldar seu aplicativo exclusivo. <\/b><br> Determine a interface e os aspectos adequados do aplicativo e salve todas as modifica\u00e7\u00f5es. <\/li> <li><b>Adquira o c\u00f3digo pessoal mostrado na caixa nas aplica\u00e7\u00f5es Elfsight. <\/b><br> Quando a personaliza\u00e7\u00e3o do seu aplicativo estiver conclu\u00edda, copie o c\u00f3digo exclusivo do pop-up exibido e guarde-o para uso futuro. <\/li> <li><b>Comece a usar o aplicativo no seu site da Shopify. <\/b><br> Insira o c\u00f3digo que voc\u00ea salvou recentemente em sua p\u00e1gina da web e salve as modifica\u00e7\u00f5es. <\/li> <li><b>A configura\u00e7\u00e3o foi finalizada com sucesso. <\/b><br> Abra sua p\u00e1gina da web para inspecionar o desempenho do aplicativo. <\/li><\/ol><p>Ainda duvida de alguma coisa? Ou tem d\u00favidas? Basta enviar o seu pedido para o nosso apoio ao cliente que resolver\u00e1 qualquer tipo de quest\u00e3o. <\/p> <\/div>","protected":false},"excerpt":{"rendered":"","protected":false},"author":9,"featured_media":0,"parent":1508,"menu_order":0,"comment_status":"closed","ping_status":"closed","template":"templates\/template-application-platform.php","meta":{"publish_to_discourse":"","publish_post_category":"","wpdc_auto_publish_overridden":"","wpdc_topic_tags":"","wpdc_pin_topic":"","wpdc_pin_until":"","discourse_post_id":"","discourse_permalink":"","wpdc_publishing_response":"","wpdc_publishing_error":"","footnotes":""},"class_list":["post-6018","page","type-page","status-publish","hentry"],"yoast_head":"<!-- This site is optimized with the Yoast SEO plugin v25.3.1 - https:\/\/yoast.com\/wordpress\/plugins\/seo\/ -->\n<title>Incorporar avalia\u00e7\u00f5es de reservas no site Shopify (2026)<\/title>\n<meta name=\"description\" content=\"\u00c9 perfeitamente simples criar seu aplicativo Booking Reviews e coloc\u00e1-lo em sua loja Shopify. O atendimento ao cliente da Elfsight \u00e9 gratuito.\" \/>\n<meta name=\"robots\" content=\"index, follow, max-snippet:-1, max-image-preview:large, max-video-preview:-1\" \/>\n<link rel=\"canonical\" href=\"https:\/\/elfsight.com\/pt\/booking-reviews-widget\/shopify\/\" \/>\n<meta property=\"og:locale\" content=\"pt_PT\" \/>\n<meta property=\"og:type\" content=\"article\" \/>\n<meta property=\"og:title\" content=\"Incorporar avalia\u00e7\u00f5es de reservas no site Shopify (2026)\" \/>\n<meta property=\"og:description\" content=\"\u00c9 perfeitamente simples criar seu aplicativo Booking Reviews e coloc\u00e1-lo em sua loja Shopify. O atendimento ao cliente da Elfsight \u00e9 gratuito.\" \/>\n<meta property=\"og:url\" content=\"https:\/\/elfsight.com\/pt\/booking-reviews-widget\/shopify\/\" \/>\n<meta property=\"og:site_name\" content=\"Elfsight PT\" \/>\n<meta property=\"article:modified_time\" content=\"2024-11-13T11:55:57+00:00\" \/>\n<meta name=\"twitter:card\" content=\"summary_large_image\" \/>\n<meta name=\"twitter:label1\" content=\"Tempo estimado de leitura\" \/>\n\t<meta name=\"twitter:data1\" content=\"3 minutos\" \/>\n<!-- \/ Yoast SEO plugin. -->","yoast_head_json":{"title":"Incorporar avalia\u00e7\u00f5es de reservas no site Shopify (2026)","description":"\u00c9 perfeitamente simples criar seu aplicativo Booking Reviews e coloc\u00e1-lo em sua loja Shopify. O atendimento ao cliente da Elfsight \u00e9 gratuito.","robots":{"index":"index","follow":"follow","max-snippet":"max-snippet:-1","max-image-preview":"max-image-preview:large","max-video-preview":"max-video-preview:-1"},"canonical":"https:\/\/elfsight.com\/pt\/booking-reviews-widget\/shopify\/","og_locale":"pt_PT","og_type":"article","og_title":"Incorporar avalia\u00e7\u00f5es de reservas no site Shopify (2026)","og_description":"\u00c9 perfeitamente simples criar seu aplicativo Booking Reviews e coloc\u00e1-lo em sua loja Shopify. O atendimento ao cliente da Elfsight \u00e9 gratuito.","og_url":"https:\/\/elfsight.com\/pt\/booking-reviews-widget\/shopify\/","og_site_name":"Elfsight PT","article_modified_time":"2024-11-13T11:55:57+00:00","twitter_card":"summary_large_image","twitter_misc":{"Tempo estimado de leitura":"3 minutos"},"schema":{"@context":"https:\/\/schema.org","@graph":[{"@type":"WebPage","@id":"https:\/\/elfsight.com\/pt\/booking-reviews-widget\/shopify\/","url":"https:\/\/elfsight.com\/pt\/booking-reviews-widget\/shopify\/","name":"Incorporar avalia\u00e7\u00f5es de reservas no site Shopify (2026)","isPartOf":{"@id":"https:\/\/elfsight.com\/pt\/#website"},"datePublished":"2024-05-03T06:30:50+00:00","dateModified":"2024-11-13T11:55:57+00:00","description":"\u00c9 perfeitamente simples criar seu aplicativo Booking Reviews e coloc\u00e1-lo em sua loja Shopify. O atendimento ao cliente da Elfsight \u00e9 gratuito.","breadcrumb":{"@id":"https:\/\/elfsight.com\/pt\/booking-reviews-widget\/shopify\/#breadcrumb"},"inLanguage":"pt-PT","potentialAction":[{"@type":"ReadAction","target":["https:\/\/elfsight.com\/pt\/booking-reviews-widget\/shopify\/"]}]},{"@type":"BreadcrumbList","@id":"https:\/\/elfsight.com\/pt\/booking-reviews-widget\/shopify\/#breadcrumb","itemListElement":[{"@type":"ListItem","position":1,"name":"Home","item":"https:\/\/elfsight.com\/pt\/"},{"@type":"ListItem","position":2,"name":"Booking Reviews","item":"https:\/\/elfsight.com\/pt\/booking-reviews-widget\/"},{"@type":"ListItem","position":3,"name":"Booking Reviews &#8211; Shopify"}]},{"@type":"WebSite","@id":"https:\/\/elfsight.com\/pt\/#website","url":"https:\/\/elfsight.com\/pt\/","name":"Elfsight PT","description":"Just another Elfsight Sites site","potentialAction":[{"@type":"SearchAction","target":{"@type":"EntryPoint","urlTemplate":"https:\/\/elfsight.com\/pt\/?s={search_term_string}"},"query-input":{"@type":"PropertyValueSpecification","valueRequired":true,"valueName":"search_term_string"}}],"inLanguage":"pt-PT"}]}},"meta_box":{"industry":"","seo_heading":"","heading":"","description":"","cta_heading":"","cta_description":"","application":"1507","h1":"Avalia\u00e7\u00f5es da Booking.com no Shopify","h1_caption":"Publique os depoimentos de clientes perfeitos do Booking em seu site","application_category":[],"applications_title":"","applications_request_title":"","applications_request_button_text":"","hero_text":"","hero_video":"","hero_video_schema_markup":"","selling_points_title":"","selling_points_caption":"","selling_points":[],"selling_points_cta_text":"","features_title":"","features":"","ed_cta_examples_text":"","ed_cta_examples_hidden":"","ed_cta_demo_text":"","ed_cta_demo_hidden":"","why_caption":"","why_editor_title":"","why_editor_text":"","why_team_title":"","why_team_text":"","why_service_title":"","why_service_text":"","template_catalog_visible":"","template_catalog_title":"","template_catalog_text":"","template_catalog_categories_visible":"","demo_title":"Crie seu aplicativo Booking Reviews","demo_caption":"Configure suas avalia\u00e7\u00f5es de reserva e adicione-as ao seu site do Shopify gratuitamente!","default_faq_hidden":"","app_template_category":[],"platform":"64","template_public_id":"","codecanyon_url":"","codecanyon_item_id":"","codecanyon_price":"","pricing_caption":"","pricing_elfsight_apps_hide_column":"","pricing_elfsight_apps_url":"","pricing_codecanyon_price_caption":"","integration_category":[],"integration_request_title":"","integration_request_cta":"","integration_platform":"","integrations":[],"platform_category":[],"video_schema_markup":"","price":"a partir de US$ 0\/m\u00eas","trial":"","benefits":[{"text":"Servi\u00e7o de instala\u00e7\u00e3o gratuito"},{"text":"Suporte premium"},{"text":"Garantia de devolu\u00e7\u00e3o do dinheiro em 14 dias"},{"text":"Atualiza\u00e7\u00f5es gratuitas cont\u00ednuas"}],"button_url":"#demo","button_target_blank":"","button_nofollow":"","attributes":[{"name":"Instala\u00e7\u00f5es","content":"10,000 - 100,000"},{"name":"Responsivo","content":"Sim"},{"name":"Navegadores compat\u00edveis","content":"Firefox, Safari, Opera, Chrome, Edge"}],"tags":[],"tags_disable_links":"","hide_more_platforms":"","video_object":"","demo_hide_cta":"","demo_hide_cloud_options":"","pricing_title":"","pricing":[{"pricing_icon":"cloud","pricing_title":"Elfsight Apps","pricing_title_caption":"Vers\u00e3o multiplataforma que funciona em qualquer site","pricing_price":"a partir de US$ 0\/m\u00eas","pricing_price_caption":"comece com plano gratuito","pricing_benefits":[{"text":"Sites ilimitados"},{"text":"Suporte premium"},{"text":"Suporte premium"},{"text":"Oferta especial para v\u00e1rios aplicativos"}],"pricing_button_text":"Adicionar ao site","pricing_button_url":"#demo"}],"related_apps_title":"","related_apps_hidden":"","author":"","image":[],"title":"","job":"","social_networks":[]},"_links":{"self":[{"href":"https:\/\/elfsight.com\/pt\/wp-json\/wp\/v2\/pages\/6018","targetHints":{"allow":["GET"]}}],"collection":[{"href":"https:\/\/elfsight.com\/pt\/wp-json\/wp\/v2\/pages"}],"about":[{"href":"https:\/\/elfsight.com\/pt\/wp-json\/wp\/v2\/types\/page"}],"author":[{"embeddable":true,"href":"https:\/\/elfsight.com\/pt\/wp-json\/wp\/v2\/users\/9"}],"replies":[{"embeddable":true,"href":"https:\/\/elfsight.com\/pt\/wp-json\/wp\/v2\/comments?post=6018"}],"version-history":[{"count":2,"href":"https:\/\/elfsight.com\/pt\/wp-json\/wp\/v2\/pages\/6018\/revisions"}],"predecessor-version":[{"id":11670,"href":"https:\/\/elfsight.com\/pt\/wp-json\/wp\/v2\/pages\/6018\/revisions\/11670"}],"up":[{"embeddable":true,"href":"https:\/\/elfsight.com\/pt\/wp-json\/wp\/v2\/pages\/1508"}],"wp:attachment":[{"href":"https:\/\/elfsight.com\/pt\/wp-json\/wp\/v2\/media?parent=6018"}],"curies":[{"name":"wp","href":"https:\/\/api.w.org\/{rel}","templated":true}]}}