{"id":6017,"date":"2024-05-03T06:30:49","date_gmt":"2024-05-03T06:30:49","guid":{"rendered":"https:\/\/elfsight.com\/pt\/?page_id=6017"},"modified":"2024-11-13T11:55:41","modified_gmt":"2024-11-13T11:55:41","slug":"opencart","status":"publish","type":"page","link":"https:\/\/elfsight.com\/pt\/booking-reviews-widget\/opencart\/","title":{"rendered":"Booking Reviews &#8211; OpenCart"},"content":{"rendered":"<div class=\"application-platform-content-item-description application-platform-content-item\" id=\"description\" data-nav-section=\"description\"> <h2>Descri\u00e7\u00e3o<\/h2> <p>Se voc\u00ea est\u00e1 procurando uma maneira de demonstrar sua alta avalia\u00e7\u00e3o pelos clientes e convencer os visitantes do site de que sua acomoda\u00e7\u00e3o vale a pena visitar, o Elfsight Booking Reviews far\u00e1 o trabalho. Com nossa ferramenta, voc\u00ea colocar\u00e1 rapidamente avalia\u00e7\u00f5es de clientes do Booking em seu site com informa\u00e7\u00f5es sobre seus autores, usar\u00e1 filtros para mostrar apenas os positivos, adicionar\u00e1 avalia\u00e7\u00f5es e um bot\u00e3o de redirecionamento que levar\u00e1 os usu\u00e1rios \u00e0 sua p\u00e1gina do Booking, para que possam postar um novo an\u00e1lise. <\/p> <div class=\"faq\" data-component=\"FAQ\"><div class=\"faq-item\">\r\n\t\t\t\t\t<div class=\"faq-item-question\">\r\n\t\t\t\t\t\t<h3 class=\"faq-item-question-text\">Onde no meu site posso incorporar este plugin<\/h3>\r\n\r\n\t\t\t\t\t\t<div class=\"faq-item-question-icon\"><\/div>\r\n\t\t\t\t\t<\/div>\r\n\r\n\t\t\t\t\t<div class=\"faq-item-answer\">\r\n\t\t\t\t\t\t<div class=\"faq-item-answer-text\"> <p>Voc\u00ea pode incorporar o widget em qualquer p\u00e1gina do seu site, ou coloc\u00e1-lo no modelo, neste caso ele ser\u00e1 ser revelado em todas as p\u00e1ginas. As avalia\u00e7\u00f5es far\u00e3o um bom trabalho nas p\u00e1ginas de produtos ou na p\u00e1gina Sobre n\u00f3s, onde voc\u00ea gostaria de mostrar sua alta avalia\u00e7\u00e3o. <\/p> <\/div>\r\n\t\t\t\t\t<\/div>\r\n\t\t\t\t<\/div><div class=\"faq-item\">\r\n\t\t\t\t\t<div class=\"faq-item-question\">\r\n\t\t\t\t\t\t<h3 class=\"faq-item-question-text\">Como posso me beneficiar das avalia\u00e7\u00f5es do Booking?<\/h3>\r\n\r\n\t\t\t\t\t\t<div class=\"faq-item-question-icon\"><\/div>\r\n\t\t\t\t\t<\/div>\r\n\r\n\t\t\t\t\t<div class=\"faq-item-answer\">\r\n\t\t\t\t\t\t<div class=\"faq-item-answer-text\"> <p>As avalia\u00e7\u00f5es escritas por pessoas reais s\u00e3o perfeitamente confi\u00e1veis \u200b\u200bpara os visitantes do seu site e demonstram que sua empresa \u00e9 confi\u00e1vel. Avalia\u00e7\u00f5es altas e boas cr\u00edticas podem ajudar a fortalecer o n\u00edvel de vendas em seu site. Mais do que isso, o bot\u00e3o ativo pode contribuir para mais avalia\u00e7\u00f5es de clientes sobre o seu neg\u00f3cio no Booking. <\/p> <\/div>\r\n\t\t\t\t\t<\/div>\r\n\t\t\t\t<\/div> <div class=\"faq-item\">\r\n\t\t\t\t\t<div class=\"faq-item-question\">\r\n\t\t\t\t\t\t<h3 class=\"faq-item-question-text\">O que preciso para adicionar avalia\u00e7\u00f5es de reservas ao meu site OpenCart?<\/h3>\r\n\r\n\t\t\t\t\t\t<div class=\"faq-item-question-icon\"><\/div>\r\n\t\t\t\t\t<\/div>\r\n\r\n\t\t\t\t\t<div class=\"faq-item-answer\">\r\n\t\t\t\t\t\t<div class=\"faq-item-answer-text\"> <p>Levar\u00e1 tr\u00eas minutos do seu tempo para configurar o widget. A adi\u00e7\u00e3o \u00e9 super r\u00e1pida, gratuita e n\u00e3o envolve codifica\u00e7\u00e3o. <\/p> <ol><li>Voc\u00ea pode inserir avalia\u00e7\u00f5es de reservas no site em nosso servi\u00e7o. Para isso, voc\u00ea precisa seguir a breve descri\u00e7\u00e3o nesta p\u00e1gina. <\/li> <li>As avalia\u00e7\u00f5es de reservas da Elfsight podem ser integradas atrav\u00e9s do nosso servi\u00e7o ou atrav\u00e9s do mercado. Aqui voc\u00ea pode ler mais detalhes sobre as duas op\u00e7\u00f5es e selecionar a mais adequada. <\/li> <\/ol> <\/div>\r\n\t\t\t\t\t<\/div>\r\n\t\t\t\t<\/div> <\/div> <\/div> <div class=\"application-platform-content-item-features application-platform-content-item\" id=\"features\" data-nav-section=\"features\"> <h2>Recursos<\/h2> <p>Para obter uma percep\u00e7\u00e3o mais clara do widget, voc\u00ea pode consultar a lista de suas principais fun\u00e7\u00f5es. Eles tornam o widget eficiente para o seu neg\u00f3cio: <\/p> <ul> <li>4 layouts predefinidos: Lista, Grade, Alvenaria e Slider; <\/li> <li>O bot\u00e3o para solicitar uma avalia\u00e7\u00e3o direciona os visitantes para sua p\u00e1gina de reservas; <\/li> <li>6 elementos ajust\u00e1veis \u200b\u200bdo widget: nome do autor e imagem, texto de recomenda\u00e7\u00e3o, data, \u00edcone de reserva e classifica\u00e7\u00e3o por estrelas; <\/li> <\/ul><p><a href=\"#demo\">Conhe\u00e7a mais recursos na demonstra\u00e7\u00e3o<\/a><\/p> <\/div> <div class=\"application-platform-content-item-installation application-platform-content-item\" id=\"installation\" data-nav-section=\"installation\"> <h2> Descubra como incorporar as Avalia\u00e7\u00f5es de Reservas \u00e0 sua p\u00e1gina OpenCart<\/h2> <p>Essas diversas a\u00e7\u00f5es s\u00e3o a \u00fanica coisa que voc\u00ea precisa realizar para incorporar o widget Avalia\u00e7\u00f5es em seu site. <\/p> <ol><li><b>Inicie nossa demonstra\u00e7\u00e3o gratuita e comece a moldar sua extens\u00e3o personalizada. <\/b><br> Encontre a forma desej\u00e1vel e as caracter\u00edsticas funcionais da extens\u00e3o e salve todas as corre\u00e7\u00f5es. <\/li> <li><b>Adquira o seu c\u00f3digo exclusivo mostrado na caixa dos aplicativos Elfsight. <\/b><br> Ap\u00f3s a conclus\u00e3o da configura\u00e7\u00e3o da sua extens\u00e3o, copie o c\u00f3digo pessoal do pop-up exibido e salve-o para uso posterior. <\/li> <li><b>Comece a usar a extens\u00e3o no site OpenCart. <\/b><br> Incorpore o c\u00f3digo que voc\u00ea copiou anteriormente em seu site e aplique as edi\u00e7\u00f5es. <\/li> <li><b>A instala\u00e7\u00e3o foi totalmente realizada. <\/b><br> Acesse sua p\u00e1gina da web para ver o funcionamento da extens\u00e3o. <\/li><\/ol><p>Ainda n\u00e3o consegue decidir? Ou enfrentando problemas? Basta enviar sua solicita\u00e7\u00e3o para nossa equipe de suporte que o ajudar\u00e1 em todos os problemas. <\/p> <\/div>","protected":false},"excerpt":{"rendered":"","protected":false},"author":9,"featured_media":0,"parent":1508,"menu_order":0,"comment_status":"closed","ping_status":"closed","template":"templates\/template-application-platform.php","meta":{"publish_to_discourse":"","publish_post_category":"","wpdc_auto_publish_overridden":"","wpdc_topic_tags":"","wpdc_pin_topic":"","wpdc_pin_until":"","discourse_post_id":"","discourse_permalink":"","wpdc_publishing_response":"","wpdc_publishing_error":"","footnotes":""},"class_list":["post-6017","page","type-page","status-publish","hentry"],"yoast_head":"<!-- This site is optimized with the Yoast SEO plugin v25.3.1 - https:\/\/yoast.com\/wordpress\/plugins\/seo\/ -->\n<title>Incorporar avalia\u00e7\u00f5es de reservas no site OpenCart (gr\u00e1tis e r\u00e1pido)<\/title>\n<meta name=\"description\" content=\"\u00c9 perfeitamente simples criar sua extens\u00e3o Booking Reviews e adicion\u00e1-la ao site OpenCart. O suporte ao cliente da Elfsight \u00e9 gratuito.\" \/>\n<meta name=\"robots\" content=\"index, follow, max-snippet:-1, max-image-preview:large, max-video-preview:-1\" \/>\n<link rel=\"canonical\" href=\"https:\/\/elfsight.com\/pt\/booking-reviews-widget\/opencart\/\" \/>\n<meta property=\"og:locale\" content=\"pt_PT\" \/>\n<meta property=\"og:type\" content=\"article\" \/>\n<meta property=\"og:title\" content=\"Incorporar avalia\u00e7\u00f5es de reservas no site OpenCart (gr\u00e1tis e r\u00e1pido)\" \/>\n<meta property=\"og:description\" content=\"\u00c9 perfeitamente simples criar sua extens\u00e3o Booking Reviews e adicion\u00e1-la ao site OpenCart. O suporte ao cliente da Elfsight \u00e9 gratuito.\" \/>\n<meta property=\"og:url\" content=\"https:\/\/elfsight.com\/pt\/booking-reviews-widget\/opencart\/\" \/>\n<meta property=\"og:site_name\" content=\"Elfsight PT\" \/>\n<meta property=\"article:modified_time\" content=\"2024-11-13T11:55:41+00:00\" \/>\n<meta name=\"twitter:card\" content=\"summary_large_image\" \/>\n<meta name=\"twitter:label1\" content=\"Tempo estimado de leitura\" \/>\n\t<meta name=\"twitter:data1\" content=\"3 minutos\" \/>\n<!-- \/ Yoast SEO plugin. -->","yoast_head_json":{"title":"Incorporar avalia\u00e7\u00f5es de reservas no site OpenCart (gr\u00e1tis e r\u00e1pido)","description":"\u00c9 perfeitamente simples criar sua extens\u00e3o Booking Reviews e adicion\u00e1-la ao site OpenCart. O suporte ao cliente da Elfsight \u00e9 gratuito.","robots":{"index":"index","follow":"follow","max-snippet":"max-snippet:-1","max-image-preview":"max-image-preview:large","max-video-preview":"max-video-preview:-1"},"canonical":"https:\/\/elfsight.com\/pt\/booking-reviews-widget\/opencart\/","og_locale":"pt_PT","og_type":"article","og_title":"Incorporar avalia\u00e7\u00f5es de reservas no site OpenCart (gr\u00e1tis e r\u00e1pido)","og_description":"\u00c9 perfeitamente simples criar sua extens\u00e3o Booking Reviews e adicion\u00e1-la ao site OpenCart. O suporte ao cliente da Elfsight \u00e9 gratuito.","og_url":"https:\/\/elfsight.com\/pt\/booking-reviews-widget\/opencart\/","og_site_name":"Elfsight PT","article_modified_time":"2024-11-13T11:55:41+00:00","twitter_card":"summary_large_image","twitter_misc":{"Tempo estimado de leitura":"3 minutos"},"schema":{"@context":"https:\/\/schema.org","@graph":[{"@type":"WebPage","@id":"https:\/\/elfsight.com\/pt\/booking-reviews-widget\/opencart\/","url":"https:\/\/elfsight.com\/pt\/booking-reviews-widget\/opencart\/","name":"Incorporar avalia\u00e7\u00f5es de reservas no site OpenCart (gr\u00e1tis e r\u00e1pido)","isPartOf":{"@id":"https:\/\/elfsight.com\/pt\/#website"},"datePublished":"2024-05-03T06:30:49+00:00","dateModified":"2024-11-13T11:55:41+00:00","description":"\u00c9 perfeitamente simples criar sua extens\u00e3o Booking Reviews e adicion\u00e1-la ao site OpenCart. O suporte ao cliente da Elfsight \u00e9 gratuito.","breadcrumb":{"@id":"https:\/\/elfsight.com\/pt\/booking-reviews-widget\/opencart\/#breadcrumb"},"inLanguage":"pt-PT","potentialAction":[{"@type":"ReadAction","target":["https:\/\/elfsight.com\/pt\/booking-reviews-widget\/opencart\/"]}]},{"@type":"BreadcrumbList","@id":"https:\/\/elfsight.com\/pt\/booking-reviews-widget\/opencart\/#breadcrumb","itemListElement":[{"@type":"ListItem","position":1,"name":"Home","item":"https:\/\/elfsight.com\/pt\/"},{"@type":"ListItem","position":2,"name":"Booking Reviews","item":"https:\/\/elfsight.com\/pt\/booking-reviews-widget\/"},{"@type":"ListItem","position":3,"name":"Booking Reviews &#8211; OpenCart"}]},{"@type":"WebSite","@id":"https:\/\/elfsight.com\/pt\/#website","url":"https:\/\/elfsight.com\/pt\/","name":"Elfsight PT","description":"Just another Elfsight Sites site","potentialAction":[{"@type":"SearchAction","target":{"@type":"EntryPoint","urlTemplate":"https:\/\/elfsight.com\/pt\/?s={search_term_string}"},"query-input":{"@type":"PropertyValueSpecification","valueRequired":true,"valueName":"search_term_string"}}],"inLanguage":"pt-PT"}]}},"meta_box":{"industry":"","seo_heading":"","heading":"","description":"","cta_heading":"","cta_description":"","application":"1507","h1":"Avalia\u00e7\u00f5es da OpenCart Booking.com","h1_caption":"Incorpore as opini\u00f5es mais atraentes dos clientes do Booking em seu site","application_category":[],"applications_title":"","applications_request_title":"","applications_request_button_text":"","hero_text":"","hero_video":"","hero_video_schema_markup":"","selling_points_title":"","selling_points_caption":"","selling_points":[],"selling_points_cta_text":"","features_title":"","features":"","ed_cta_examples_text":"","ed_cta_examples_hidden":"","ed_cta_demo_text":"","ed_cta_demo_hidden":"","why_caption":"","why_editor_title":"","why_editor_text":"","why_team_title":"","why_team_text":"","why_service_title":"","why_service_text":"","template_catalog_visible":"","template_catalog_title":"","template_catalog_text":"","template_catalog_categories_visible":"","demo_title":"Crie sua extens\u00e3o Booking Reviews","demo_caption":"Configure suas avalia\u00e7\u00f5es de reserva e adicione-as ao seu site OpenCart gratuitamente!","default_faq_hidden":"","app_template_category":[],"platform":"61","template_public_id":"","codecanyon_url":"","codecanyon_item_id":"","codecanyon_price":"","pricing_caption":"","pricing_elfsight_apps_hide_column":"","pricing_elfsight_apps_url":"","pricing_codecanyon_price_caption":"","integration_category":[],"integration_request_title":"","integration_request_cta":"","integration_platform":"","integrations":[],"platform_category":[],"video_schema_markup":"","price":"a partir de US$ 0\/m\u00eas","trial":"","benefits":[{"text":"Servi\u00e7o de instala\u00e7\u00e3o gratuito"},{"text":"Suporte ao cliente experiente"},{"text":"Garantia de reembolso de 14 dias"},{"text":"Atualiza\u00e7\u00f5es futuras"}],"button_url":"#demo","button_target_blank":"","button_nofollow":"","attributes":[{"name":"Instala\u00e7\u00f5es","content":"10,000 - 100,000"},{"name":"Responsivo","content":"Sim"},{"name":"Navegadores compat\u00edveis","content":"Safari, Opera, Edge, Chrome, Firefox"}],"tags":[],"tags_disable_links":"","hide_more_platforms":"","video_object":"","demo_hide_cta":"","demo_hide_cloud_options":"","pricing_title":"","pricing":[{"pricing_icon":"platform","pricing_title":"Elfsight Apps","pricing_title_caption":"Solu\u00e7\u00e3o digital multiplataforma que funciona em qualquer site","pricing_price":"a partir de US$ 0\/m\u00eas","pricing_price_caption":"comece com plano gratuito","pricing_benefits":[{"text":"Dom\u00ednios ilimitados"},{"text":"Suporte profissional e pontual"},{"text":"Suporte profissional e pontual"},{"text":"100% personaliz\u00e1vel"}],"pricing_button_text":"Adicionar ao site","pricing_button_url":"#demo"}],"related_apps_title":"","related_apps_hidden":"","author":"","image":[],"title":"","job":"","social_networks":[]},"_links":{"self":[{"href":"https:\/\/elfsight.com\/pt\/wp-json\/wp\/v2\/pages\/6017","targetHints":{"allow":["GET"]}}],"collection":[{"href":"https:\/\/elfsight.com\/pt\/wp-json\/wp\/v2\/pages"}],"about":[{"href":"https:\/\/elfsight.com\/pt\/wp-json\/wp\/v2\/types\/page"}],"author":[{"embeddable":true,"href":"https:\/\/elfsight.com\/pt\/wp-json\/wp\/v2\/users\/9"}],"replies":[{"embeddable":true,"href":"https:\/\/elfsight.com\/pt\/wp-json\/wp\/v2\/comments?post=6017"}],"version-history":[{"count":1,"href":"https:\/\/elfsight.com\/pt\/wp-json\/wp\/v2\/pages\/6017\/revisions"}],"predecessor-version":[{"id":6021,"href":"https:\/\/elfsight.com\/pt\/wp-json\/wp\/v2\/pages\/6017\/revisions\/6021"}],"up":[{"embeddable":true,"href":"https:\/\/elfsight.com\/pt\/wp-json\/wp\/v2\/pages\/1508"}],"wp:attachment":[{"href":"https:\/\/elfsight.com\/pt\/wp-json\/wp\/v2\/media?parent=6017"}],"curies":[{"name":"wp","href":"https:\/\/api.w.org\/{rel}","templated":true}]}}