{"id":6010,"date":"2024-05-03T06:30:46","date_gmt":"2024-05-03T06:30:46","guid":{"rendered":"https:\/\/elfsight.com\/pt\/?page_id=6010"},"modified":"2024-11-13T11:55:41","modified_gmt":"2024-11-13T11:55:41","slug":"magento","status":"publish","type":"page","link":"https:\/\/elfsight.com\/pt\/booking-reviews-widget\/magento\/","title":{"rendered":"Booking Reviews &#8211; Magento"},"content":{"rendered":"<div class=\"application-platform-content-item-description application-platform-content-item\" id=\"description\" data-nav-section=\"description\"> <h2>Descri\u00e7\u00e3o<\/h2> <p>Elfsight Booking Reviews \u00e9 uma ferramenta \u00fatil que lhe permite incorporar no seu site coment\u00e1rios dos utilizadores sobre as suas ofertas de Reserva. Usando nosso widget, voc\u00ea poder\u00e1 aplicar filtros para classificar avalia\u00e7\u00f5es indesejadas, exibir suas avalia\u00e7\u00f5es com estrelas e n\u00fameros do Booking, adicionar informa\u00e7\u00f5es sobre os autores e integrar um bot\u00e3o que redirecionar\u00e1 os visitantes para postar mais uma avalia\u00e7\u00e3o no Booking. O widget Elfsight Booking Reviews ir\u00e1 ajud\u00e1-lo a mostrar sua alta prova social no site e aumentar as vendas. <\/p> <div class=\"faq\" data-component=\"FAQ\"><div class=\"faq-item\">\r\n\t\t\t\t\t<div class=\"faq-item-question\">\r\n\t\t\t\t\t\t<h3 class=\"faq-item-question-text\">Onde no meu site posso incorporar este plugin<\/h3>\r\n\r\n\t\t\t\t\t\t<div class=\"faq-item-question-icon\"><\/div>\r\n\t\t\t\t\t<\/div>\r\n\r\n\t\t\t\t\t<div class=\"faq-item-answer\">\r\n\t\t\t\t\t\t<div class=\"faq-item-answer-text\"> <p>O widget pode ser exibido em qualquer p\u00e1gina onde voc\u00ea queira comprovar sua alta avalia\u00e7\u00e3o e popularidade entre os clientes. Se precisar dele em todas as p\u00e1ginas do site, basta inseri-lo no modelo do site. <\/p> <\/div>\r\n\t\t\t\t\t<\/div>\r\n\t\t\t\t<\/div><div class=\"faq-item\">\r\n\t\t\t\t\t<div class=\"faq-item-question\">\r\n\t\t\t\t\t\t<h3 class=\"faq-item-question-text\">Quais s\u00e3o as vantagens de ter este plugin para mim?<\/h3>\r\n\r\n\t\t\t\t\t\t<div class=\"faq-item-question-icon\"><\/div>\r\n\t\t\t\t\t<\/div>\r\n\r\n\t\t\t\t\t<div class=\"faq-item-answer\">\r\n\t\t\t\t\t\t<div class=\"faq-item-answer-text\"> <p>Avalia\u00e7\u00f5es de pessoas reais parecem perfeitamente confi\u00e1veis \u200b\u200bpara os clientes do seu site e indicam que sua empresa \u00e9 confi\u00e1vel. Avalia\u00e7\u00f5es altas e impress\u00f5es positivas podem ajudar a aumentar as compras em seu site. Al\u00e9m disso, o bot\u00e3o de redirecionamento pode contribuir para mais avalia\u00e7\u00f5es de clientes relacionadas ao seu neg\u00f3cio no Booking. <\/p> <\/div>\r\n\t\t\t\t\t<\/div>\r\n\t\t\t\t<\/div> <div class=\"faq-item\">\r\n\t\t\t\t\t<div class=\"faq-item-question\">\r\n\t\t\t\t\t\t<h3 class=\"faq-item-question-text\">Como adiciono avalia\u00e7\u00f5es de reservas ao meu site Magento?<\/h3>\r\n\r\n\t\t\t\t\t\t<div class=\"faq-item-question-icon\"><\/div>\r\n\t\t\t\t\t<\/div>\r\n\r\n\t\t\t\t\t<div class=\"faq-item-answer\">\r\n\t\t\t\t\t\t<div class=\"faq-item-answer-text\"> <p>Voc\u00ea s\u00f3 precisar\u00e1 de tr\u00eas minutos do seu tempo para ter o widget instalado e funcionando. A integra\u00e7\u00e3o \u00e9 super r\u00e1pida, gratuita e sem codifica\u00e7\u00e3o. <\/p> <ol><li>Existe a op\u00e7\u00e3o de introduzir o widget no site atrav\u00e9s do nosso servi\u00e7o. Para isso, siga os passos da breve descri\u00e7\u00e3o nesta p\u00e1gina. <\/li> <li>O widget pode ser incorporado diretamente em nosso servi\u00e7o ou atrav\u00e9s do marketplace. Aqui voc\u00ea pode ver mais essas op\u00e7\u00f5es e selecionar a sua. <\/li> <\/ol> <\/div>\r\n\t\t\t\t\t<\/div>\r\n\t\t\t\t<\/div> <\/div> <\/div> <div class=\"application-platform-content-item-features application-platform-content-item\" id=\"features\" data-nav-section=\"features\"> <h2>Recursos<\/h2> <p>Para ter uma percep\u00e7\u00e3o mais clara das avalia\u00e7\u00f5es de reserva, descubra a lista dos principais recursos. Eles tornam este widget extremamente eficiente para voc\u00ea:<\/p> <ul> <li>Quatro layouts: Lista, Grade, Alvenaria e Slider; <\/li> <li>Uma op\u00e7\u00e3o para controlar a exibi\u00e7\u00e3o do cabe\u00e7alho do widget; <\/li> <li>Duas op\u00e7\u00f5es de cen\u00e1rios ap\u00f3s a recusa da solicita\u00e7\u00e3o de revis\u00e3o: revelar sua mensagem ou ocultar o bot\u00e3o.<\/li> <\/ul><p><a href=\"#demo\">Aprenda todos os recursos na demonstra\u00e7\u00e3o ao vivo <\/a><\/p><\/div> <div class=\"application-platform-content-item-installation application-platform-content-item\" id=\"installation\" data-nav-section=\"installation\"> <h2>Vamos ver como adicionar avalia\u00e7\u00f5es de reserva \u00e0 sua loja Magento<\/h2> <p>As etapas a seguir s\u00e3o a \u00fanica coisa que voc\u00ea precisa integrar.<\/p> <ol><li><b>Use nosso configurador gratuito e comece a criar sua extens\u00e3o de coment\u00e1rios personalizada. <\/b><br> Escolha a disposi\u00e7\u00e3o desej\u00e1vel e as caracter\u00edsticas funcionais da extens\u00e3o e salve todas as modifica\u00e7\u00f5es. <\/li> <li><b>Obtenha o c\u00f3digo individual revelado na janela dos aplicativos Elfsight. <\/b><br> Logo ap\u00f3s a cria\u00e7\u00e3o de sua extens\u00e3o pessoal, copie o c\u00f3digo pessoal do pop-up exibido e salve-o para uso posterior. <\/li> <li><b>Inicie a aplica\u00e7\u00e3o da extens\u00e3o em seu site Magento. <\/b><br> Incorpore o c\u00f3digo que voc\u00ea copiou anteriormente em seu site e aplique as melhorias. <\/li> <li><b>Pronto! A configura\u00e7\u00e3o est\u00e1 totalmente conclu\u00edda. <\/b><br> Visite sua p\u00e1gina da web para verificar como a extens\u00e3o est\u00e1 funcionando. <\/li><\/ol><p>Ainda n\u00e3o consegue decidir? Ou enfrentando problemas? Apenas uma \u00fanica solicita\u00e7\u00e3o ao nosso atendimento ao cliente resolver\u00e1 qualquer tipo de problema. <\/p> <\/div>","protected":false},"excerpt":{"rendered":"","protected":false},"author":9,"featured_media":0,"parent":1508,"menu_order":0,"comment_status":"closed","ping_status":"closed","template":"templates\/template-application-platform.php","meta":{"publish_to_discourse":"","publish_post_category":"","wpdc_auto_publish_overridden":"","wpdc_topic_tags":"","wpdc_pin_topic":"","wpdc_pin_until":"","discourse_post_id":"","discourse_permalink":"","wpdc_publishing_response":"","wpdc_publishing_error":"","footnotes":""},"class_list":["post-6010","page","type-page","status-publish","hentry"],"yoast_head":"<!-- This site is optimized with the Yoast SEO plugin v25.3.1 - https:\/\/yoast.com\/wordpress\/plugins\/seo\/ -->\n<title>Incorporar avalia\u00e7\u00f5es de reservas no site Magento (2025)<\/title>\n<meta name=\"description\" content=\"Com a Elfsight, crie a sua extens\u00e3o Booking Reviews e insira-a rapidamente no seu site Magento. Temos atendimento gratuito ao cliente e mais b\u00f4nus.\" \/>\n<meta name=\"robots\" content=\"index, follow, max-snippet:-1, max-image-preview:large, max-video-preview:-1\" \/>\n<link rel=\"canonical\" href=\"https:\/\/elfsight.com\/pt\/booking-reviews-widget\/magento\/\" \/>\n<meta property=\"og:locale\" content=\"pt_PT\" \/>\n<meta property=\"og:type\" content=\"article\" \/>\n<meta property=\"og:title\" content=\"Incorporar avalia\u00e7\u00f5es de reservas no site Magento (2025)\" \/>\n<meta property=\"og:description\" content=\"Com a Elfsight, crie a sua extens\u00e3o Booking Reviews e insira-a rapidamente no seu site Magento. Temos atendimento gratuito ao cliente e mais b\u00f4nus.\" \/>\n<meta property=\"og:url\" content=\"https:\/\/elfsight.com\/pt\/booking-reviews-widget\/magento\/\" \/>\n<meta property=\"og:site_name\" content=\"Elfsight PT\" \/>\n<meta property=\"article:modified_time\" content=\"2024-11-13T11:55:41+00:00\" \/>\n<meta name=\"twitter:card\" content=\"summary_large_image\" \/>\n<meta name=\"twitter:label1\" content=\"Tempo estimado de leitura\" \/>\n\t<meta name=\"twitter:data1\" content=\"3 minutos\" \/>\n<!-- \/ Yoast SEO plugin. -->","yoast_head_json":{"title":"Incorporar avalia\u00e7\u00f5es de reservas no site Magento (2025)","description":"Com a Elfsight, crie a sua extens\u00e3o Booking Reviews e insira-a rapidamente no seu site Magento. Temos atendimento gratuito ao cliente e mais b\u00f4nus.","robots":{"index":"index","follow":"follow","max-snippet":"max-snippet:-1","max-image-preview":"max-image-preview:large","max-video-preview":"max-video-preview:-1"},"canonical":"https:\/\/elfsight.com\/pt\/booking-reviews-widget\/magento\/","og_locale":"pt_PT","og_type":"article","og_title":"Incorporar avalia\u00e7\u00f5es de reservas no site Magento (2025)","og_description":"Com a Elfsight, crie a sua extens\u00e3o Booking Reviews e insira-a rapidamente no seu site Magento. Temos atendimento gratuito ao cliente e mais b\u00f4nus.","og_url":"https:\/\/elfsight.com\/pt\/booking-reviews-widget\/magento\/","og_site_name":"Elfsight PT","article_modified_time":"2024-11-13T11:55:41+00:00","twitter_card":"summary_large_image","twitter_misc":{"Tempo estimado de leitura":"3 minutos"},"schema":{"@context":"https:\/\/schema.org","@graph":[{"@type":"WebPage","@id":"https:\/\/elfsight.com\/pt\/booking-reviews-widget\/magento\/","url":"https:\/\/elfsight.com\/pt\/booking-reviews-widget\/magento\/","name":"Incorporar avalia\u00e7\u00f5es de reservas no site Magento (2025)","isPartOf":{"@id":"https:\/\/elfsight.com\/pt\/#website"},"datePublished":"2024-05-03T06:30:46+00:00","dateModified":"2024-11-13T11:55:41+00:00","description":"Com a Elfsight, crie a sua extens\u00e3o Booking Reviews e insira-a rapidamente no seu site Magento. Temos atendimento gratuito ao cliente e mais b\u00f4nus.","breadcrumb":{"@id":"https:\/\/elfsight.com\/pt\/booking-reviews-widget\/magento\/#breadcrumb"},"inLanguage":"pt-PT","potentialAction":[{"@type":"ReadAction","target":["https:\/\/elfsight.com\/pt\/booking-reviews-widget\/magento\/"]}]},{"@type":"BreadcrumbList","@id":"https:\/\/elfsight.com\/pt\/booking-reviews-widget\/magento\/#breadcrumb","itemListElement":[{"@type":"ListItem","position":1,"name":"Home","item":"https:\/\/elfsight.com\/pt\/"},{"@type":"ListItem","position":2,"name":"Booking Reviews","item":"https:\/\/elfsight.com\/pt\/booking-reviews-widget\/"},{"@type":"ListItem","position":3,"name":"Booking Reviews &#8211; Magento"}]},{"@type":"WebSite","@id":"https:\/\/elfsight.com\/pt\/#website","url":"https:\/\/elfsight.com\/pt\/","name":"Elfsight PT","description":"Just another Elfsight Sites site","potentialAction":[{"@type":"SearchAction","target":{"@type":"EntryPoint","urlTemplate":"https:\/\/elfsight.com\/pt\/?s={search_term_string}"},"query-input":{"@type":"PropertyValueSpecification","valueRequired":true,"valueName":"search_term_string"}}],"inLanguage":"pt-PT"}]}},"meta_box":{"industry":"","seo_heading":"","heading":"","description":"","cta_heading":"","cta_description":"","application":"1507","h1":"Avalia\u00e7\u00f5es da Magento Booking.com","h1_caption":"Exiba as melhores impress\u00f5es dos clientes do Booking em seu site","application_category":[],"applications_title":"","applications_request_title":"","applications_request_button_text":"","hero_text":"","hero_video":"","hero_video_schema_markup":"","selling_points_title":"","selling_points_caption":"","selling_points":[],"selling_points_cta_text":"","features_title":"","features":"","ed_cta_examples_text":"","ed_cta_examples_hidden":"","ed_cta_demo_text":"","ed_cta_demo_hidden":"","why_caption":"","why_editor_title":"","why_editor_text":"","why_team_title":"","why_team_text":"","why_service_title":"","why_service_text":"","template_catalog_visible":"","template_catalog_title":"","template_catalog_text":"","template_catalog_categories_visible":"","demo_title":"Crie sua extens\u00e3o Booking Reviews","demo_caption":"Configure suas avalia\u00e7\u00f5es de reserva e adicione-as ao seu site Magento gratuitamente!","default_faq_hidden":"","app_template_category":[],"platform":"58","template_public_id":"","codecanyon_url":"","codecanyon_item_id":"","codecanyon_price":"","pricing_caption":"","pricing_elfsight_apps_hide_column":"","pricing_elfsight_apps_url":"","pricing_codecanyon_price_caption":"","integration_category":[],"integration_request_title":"","integration_request_cta":"","integration_platform":"","integrations":[],"platform_category":[],"video_schema_markup":"","price":"a partir de US$ 0\/m\u00eas","trial":"","benefits":[{"text":"Servi\u00e7o de instala\u00e7\u00e3o gratuito"},{"text":"Atendimento ao cliente eficaz"},{"text":"Garantia de reembolso de 14 dias"},{"text":"Melhorias gratuitas cont\u00ednuas"}],"button_url":"#demo","button_target_blank":"","button_nofollow":"","attributes":[{"name":"Instala\u00e7\u00f5es","content":"10,000 - 100,000"},{"name":"Responsivo","content":"Sim"},{"name":"Navegadores compat\u00edveis","content":"Firefox, Safari, Opera, Chrome, Edge"}],"tags":[],"tags_disable_links":"","hide_more_platforms":"","video_object":"","demo_hide_cta":"","demo_hide_cloud_options":"","pricing_title":"","pricing":[{"pricing_icon":"platform","pricing_title":"Elfsight Apps","pricing_title_caption":"Software independente de plataforma que funciona em qualquer site","pricing_price":"a partir de US$ 0\/m\u00eas","pricing_price_caption":"comece com um plano gratuito","pricing_benefits":[{"text":"Dom\u00ednios ilimitados"},{"text":"Suporte gratuito ao cliente"},{"text":"Suporte gratuito ao cliente"},{"text":"Design flex\u00edvel"}],"pricing_button_text":"Adicionar ao site","pricing_button_url":"#demo"}],"related_apps_title":"","related_apps_hidden":"","author":"","image":[],"title":"","job":"","social_networks":[]},"_links":{"self":[{"href":"https:\/\/elfsight.com\/pt\/wp-json\/wp\/v2\/pages\/6010","targetHints":{"allow":["GET"]}}],"collection":[{"href":"https:\/\/elfsight.com\/pt\/wp-json\/wp\/v2\/pages"}],"about":[{"href":"https:\/\/elfsight.com\/pt\/wp-json\/wp\/v2\/types\/page"}],"author":[{"embeddable":true,"href":"https:\/\/elfsight.com\/pt\/wp-json\/wp\/v2\/users\/9"}],"replies":[{"embeddable":true,"href":"https:\/\/elfsight.com\/pt\/wp-json\/wp\/v2\/comments?post=6010"}],"version-history":[{"count":1,"href":"https:\/\/elfsight.com\/pt\/wp-json\/wp\/v2\/pages\/6010\/revisions"}],"predecessor-version":[{"id":6014,"href":"https:\/\/elfsight.com\/pt\/wp-json\/wp\/v2\/pages\/6010\/revisions\/6014"}],"up":[{"embeddable":true,"href":"https:\/\/elfsight.com\/pt\/wp-json\/wp\/v2\/pages\/1508"}],"wp:attachment":[{"href":"https:\/\/elfsight.com\/pt\/wp-json\/wp\/v2\/media?parent=6010"}],"curies":[{"name":"wp","href":"https:\/\/api.w.org\/{rel}","templated":true}]}}