{"id":6008,"date":"2024-05-03T06:30:44","date_gmt":"2024-05-03T06:30:44","guid":{"rendered":"https:\/\/elfsight.com\/pt\/?page_id=6008"},"modified":"2024-11-13T11:55:32","modified_gmt":"2024-11-13T11:55:32","slug":"joomla","status":"publish","type":"page","link":"https:\/\/elfsight.com\/pt\/booking-reviews-widget\/joomla\/","title":{"rendered":"Booking Reviews &#8211; Joomla"},"content":{"rendered":"<div class=\"application-platform-content-item-description application-platform-content-item\" id=\"description\" data-nav-section=\"description\"> <h2>Descri\u00e7\u00e3o<\/h2> <p>Se voc\u00ea quiser mostrar sua classifica\u00e7\u00e3o alta e convencer os visitantes do site de que suas ofertas t\u00eam uma boa rela\u00e7\u00e3o custo-benef\u00edcio , Elfsight Booking Reviews \u00e9 a escolha certa. Usando este widget, voc\u00ea pode colocar avalia\u00e7\u00f5es de clientes do Booking.com em seu site com informa\u00e7\u00f5es sobre seus autores, filtr\u00e1-los para demonstrar apenas resultados positivos, mostrar avalia\u00e7\u00f5es e um bot\u00e3o de redirecionamento, que levar\u00e1 os usu\u00e1rios \u00e0 sua p\u00e1gina do Booking, onde eles podem adicionar um mais revis\u00e3o. <\/p> <div class=\"faq\" data-component=\"FAQ\"><div class=\"faq-item\">\r\n\t\t\t\t\t<div class=\"faq-item-question\">\r\n\t\t\t\t\t\t<h3 class=\"faq-item-question-text\">Onde posso incorpor\u00e1-lo no meu site<\/h3>\r\n\r\n\t\t\t\t\t\t<div class=\"faq-item-question-icon\"><\/div>\r\n\t\t\t\t\t<\/div>\r\n\r\n\t\t\t\t\t<div class=\"faq-item-answer\">\r\n\t\t\t\t\t\t<div class=\"faq-item-answer-text\"> <p>Nosso widget pode ser colocado em qualquer p\u00e1gina onde voc\u00ea precise se gabar de sua alta classifica\u00e7\u00e3o e popularidade entre os clientes. Se quiser publicar o widget em todas as p\u00e1ginas do seu site, voc\u00ea pode adicion\u00e1-lo facilmente ao modelo do site. <\/p> <\/div>\r\n\t\t\t\t\t<\/div>\r\n\t\t\t\t<\/div><div class=\"faq-item\">\r\n\t\t\t\t\t<div class=\"faq-item-question\">\r\n\t\t\t\t\t\t<h3 class=\"faq-item-question-text\">Quais s\u00e3o as vantagens de t\u00ea-lo em meu site?<\/h3>\r\n\r\n\t\t\t\t\t\t<div class=\"faq-item-question-icon\"><\/div>\r\n\t\t\t\t\t<\/div>\r\n\r\n\t\t\t\t\t<div class=\"faq-item-answer\">\r\n\t\t\t\t\t\t<div class=\"faq-item-answer-text\"> <p>Avalia\u00e7\u00f5es adicionadas por pessoas reais s\u00e3o extremamente confi\u00e1veis \u200b\u200bpara os clientes do seu site e indicam a eles que seu neg\u00f3cio pode ser confi\u00e1vel. Avalia\u00e7\u00f5es altas e impress\u00f5es positivas podem ajudar a fortalecer as compras em seu site. Al\u00e9m disso, o bot\u00e3o ativo contribuir\u00e1 para mais avalia\u00e7\u00f5es de clientes relacionadas ao seu neg\u00f3cio no Booking. <\/p> <\/div>\r\n\t\t\t\t\t<\/div>\r\n\t\t\t\t<\/div> <div class=\"faq-item\">\r\n\t\t\t\t\t<div class=\"faq-item-question\">\r\n\t\t\t\t\t\t<h3 class=\"faq-item-question-text\">Como posso incorporar avalia\u00e7\u00f5es de reservas no meu site Joomla?<\/h3>\r\n\r\n\t\t\t\t\t\t<div class=\"faq-item-question-icon\"><\/div>\r\n\t\t\t\t\t<\/div>\r\n\r\n\t\t\t\t\t<div class=\"faq-item-answer\">\r\n\t\t\t\t\t\t<div class=\"faq-item-answer-text\"> <p>Voc\u00ea s\u00f3 precisa de dois minutos do seu tempo para configur\u00e1-lo. \u00c9 muito r\u00e1pido, gratuito e sem codifica\u00e7\u00e3o. <\/p> <ol><li>Voc\u00ea pode integrar o widget ao seu site diretamente atrav\u00e9s do nosso servi\u00e7o. Para isso, siga as instru\u00e7\u00f5es abaixo nesta p\u00e1gina. <\/li> <li>As avalia\u00e7\u00f5es de reservas da Elfsight podem ser incorporadas atrav\u00e9s do nosso servi\u00e7o ou no mercado. Aqui voc\u00ea pode ler todos os detalhes sobre essas variantes e selecionar a mais adequada. <\/li> <\/ol> <\/div>\r\n\t\t\t\t\t<\/div>\r\n\t\t\t\t<\/div> <\/div> <\/div> <div class=\"application-platform-content-item-features application-platform-content-item\" id=\"features\" data-nav-section=\"features\"> <h2>Recursos<\/h2> <p>Para ter um melhor conhecimento do widget, aqui est\u00e1 o lista de suas principais caracter\u00edsticas. Eles tornam o widget realmente eficiente para sua promo\u00e7\u00e3o: <\/p> <ul> <li>3 variantes de filtros: por tipo, exclus\u00e3o por e quantidade de avalia\u00e7\u00f5es para exibi\u00e7\u00e3o; <\/li> <li>O bot\u00e3o para solicitar uma avalia\u00e7\u00e3o leva os visitantes \u00e0 p\u00e1gina de reservas; <\/li> <li>Duas alternativas de cen\u00e1rios ap\u00f3s recusa da solicita\u00e7\u00e3o de revis\u00e3o: mostrar uma mensagem personalizada ou ocultar o bot\u00e3o. <\/li> <\/ul><p><a href=\"#demo\">Nossa demonstra\u00e7\u00e3o revelar\u00e1 uma lista completa de recursos para voc\u00ea<\/a><\/p> <\/div> <div class=\"application-platform-content-item-installation application-platform-content-item\" id=\"installation\" data-nav-section=\"installation\"> <h2>Veja como integrar o Booking Reviews ao seu site Joomla<\/h2><div class=\"video-container\"><iframe width=\"720\" height=\"405\" src=\"https:\/\/www.youtube.com\/embed\/qBlO04hq4_k\" frameborder=\"0\" allowfullscreen=\"\"><\/iframe><\/div><p>As etapas abaixo s\u00e3o a \u00fanica coisa que voc\u00ea precisa para integrar. <\/p> <ol><li><b>Gerencie nosso editor gratuito e comece a criar sua extens\u00e3o personalizada. <\/b><br> Determine a organiza\u00e7\u00e3o personalizada e o desempenho da extens\u00e3o e aplique todas as edi\u00e7\u00f5es. <\/li> <li><b>Copie o c\u00f3digo individual demonstrado na caixa nas aplica\u00e7\u00f5es Elfsight. <\/b><br> Ap\u00f3s a personaliza\u00e7\u00e3o de sua extens\u00e3o pessoal, copie seu c\u00f3digo no pop-up que aparece e guarde-o para uso futuro. <\/li> <li><b>Entre usando a extens\u00e3o no site Joomla. <\/b><br> Coloque o c\u00f3digo salvo anteriormente em sua p\u00e1gina e aplique as modifica\u00e7\u00f5es. <\/li> <li><b>Pronto! A configura\u00e7\u00e3o est\u00e1 totalmente conclu\u00edda. <\/b><br> Visite seu site para dar uma olhada no funcionamento da extens\u00e3o. <\/li><\/ol><p>Ainda n\u00e3o tem certeza? Ou tendo problemas? Basta enviar uma solicita\u00e7\u00e3o ao nosso suporte ao cliente para resolver todas as d\u00favidas. <\/p> <\/div>","protected":false},"excerpt":{"rendered":"","protected":false},"author":9,"featured_media":0,"parent":1508,"menu_order":0,"comment_status":"closed","ping_status":"closed","template":"templates\/template-application-platform.php","meta":{"publish_to_discourse":"","publish_post_category":"","wpdc_auto_publish_overridden":"","wpdc_topic_tags":"","wpdc_pin_topic":"","wpdc_pin_until":"","discourse_post_id":"","discourse_permalink":"","wpdc_publishing_response":"","wpdc_publishing_error":"","footnotes":""},"class_list":["post-6008","page","type-page","status-publish","hentry"],"yoast_head":"<!-- This site is optimized with the Yoast SEO plugin v25.3.1 - https:\/\/yoast.com\/wordpress\/plugins\/seo\/ -->\n<title>Incorporar avalia\u00e7\u00f5es de reservas no site Joomla (em 2 minutos)<\/title>\n<meta name=\"description\" content=\"\u00c9 muito f\u00e1cil criar sua extens\u00e3o Booking Reviews e exibi-la em seu site Joomla. O suporte ao cliente da Elfsight \u00e9 gratuito.\" \/>\n<meta name=\"robots\" content=\"index, follow, max-snippet:-1, max-image-preview:large, max-video-preview:-1\" \/>\n<link rel=\"canonical\" href=\"https:\/\/elfsight.com\/pt\/booking-reviews-widget\/joomla\/\" \/>\n<meta property=\"og:locale\" content=\"pt_PT\" \/>\n<meta property=\"og:type\" content=\"article\" \/>\n<meta property=\"og:title\" content=\"Incorporar avalia\u00e7\u00f5es de reservas no site Joomla (em 2 minutos)\" \/>\n<meta property=\"og:description\" content=\"\u00c9 muito f\u00e1cil criar sua extens\u00e3o Booking Reviews e exibi-la em seu site Joomla. O suporte ao cliente da Elfsight \u00e9 gratuito.\" \/>\n<meta property=\"og:url\" content=\"https:\/\/elfsight.com\/pt\/booking-reviews-widget\/joomla\/\" \/>\n<meta property=\"og:site_name\" content=\"Elfsight PT\" \/>\n<meta property=\"article:modified_time\" content=\"2024-11-13T11:55:32+00:00\" \/>\n<meta name=\"twitter:card\" content=\"summary_large_image\" \/>\n<meta name=\"twitter:label1\" content=\"Tempo estimado de leitura\" \/>\n\t<meta name=\"twitter:data1\" content=\"3 minutos\" \/>\n<!-- \/ Yoast SEO plugin. -->","yoast_head_json":{"title":"Incorporar avalia\u00e7\u00f5es de reservas no site Joomla (em 2 minutos)","description":"\u00c9 muito f\u00e1cil criar sua extens\u00e3o Booking Reviews e exibi-la em seu site Joomla. O suporte ao cliente da Elfsight \u00e9 gratuito.","robots":{"index":"index","follow":"follow","max-snippet":"max-snippet:-1","max-image-preview":"max-image-preview:large","max-video-preview":"max-video-preview:-1"},"canonical":"https:\/\/elfsight.com\/pt\/booking-reviews-widget\/joomla\/","og_locale":"pt_PT","og_type":"article","og_title":"Incorporar avalia\u00e7\u00f5es de reservas no site Joomla (em 2 minutos)","og_description":"\u00c9 muito f\u00e1cil criar sua extens\u00e3o Booking Reviews e exibi-la em seu site Joomla. O suporte ao cliente da Elfsight \u00e9 gratuito.","og_url":"https:\/\/elfsight.com\/pt\/booking-reviews-widget\/joomla\/","og_site_name":"Elfsight PT","article_modified_time":"2024-11-13T11:55:32+00:00","twitter_card":"summary_large_image","twitter_misc":{"Tempo estimado de leitura":"3 minutos"},"schema":{"@context":"https:\/\/schema.org","@graph":[{"@type":"WebPage","@id":"https:\/\/elfsight.com\/pt\/booking-reviews-widget\/joomla\/","url":"https:\/\/elfsight.com\/pt\/booking-reviews-widget\/joomla\/","name":"Incorporar avalia\u00e7\u00f5es de reservas no site Joomla (em 2 minutos)","isPartOf":{"@id":"https:\/\/elfsight.com\/pt\/#website"},"datePublished":"2024-05-03T06:30:44+00:00","dateModified":"2024-11-13T11:55:32+00:00","description":"\u00c9 muito f\u00e1cil criar sua extens\u00e3o Booking Reviews e exibi-la em seu site Joomla. O suporte ao cliente da Elfsight \u00e9 gratuito.","breadcrumb":{"@id":"https:\/\/elfsight.com\/pt\/booking-reviews-widget\/joomla\/#breadcrumb"},"inLanguage":"pt-PT","potentialAction":[{"@type":"ReadAction","target":["https:\/\/elfsight.com\/pt\/booking-reviews-widget\/joomla\/"]}]},{"@type":"BreadcrumbList","@id":"https:\/\/elfsight.com\/pt\/booking-reviews-widget\/joomla\/#breadcrumb","itemListElement":[{"@type":"ListItem","position":1,"name":"Home","item":"https:\/\/elfsight.com\/pt\/"},{"@type":"ListItem","position":2,"name":"Booking Reviews","item":"https:\/\/elfsight.com\/pt\/booking-reviews-widget\/"},{"@type":"ListItem","position":3,"name":"Booking Reviews &#8211; Joomla"}]},{"@type":"WebSite","@id":"https:\/\/elfsight.com\/pt\/#website","url":"https:\/\/elfsight.com\/pt\/","name":"Elfsight PT","description":"Just another Elfsight Sites site","potentialAction":[{"@type":"SearchAction","target":{"@type":"EntryPoint","urlTemplate":"https:\/\/elfsight.com\/pt\/?s={search_term_string}"},"query-input":{"@type":"PropertyValueSpecification","valueRequired":true,"valueName":"search_term_string"}}],"inLanguage":"pt-PT"}]}},"meta_box":{"industry":"","seo_heading":"","heading":"","description":"","cta_heading":"","cta_description":"","application":"1507","h1":"Avalia\u00e7\u00f5es do Joomla Booking.com","h1_caption":"Insira as avalia\u00e7\u00f5es de clientes perfeitas da Booking.com em seu site","application_category":[],"applications_title":"","applications_request_title":"","applications_request_button_text":"","hero_text":"","hero_video":"","hero_video_schema_markup":"","selling_points_title":"","selling_points_caption":"","selling_points":[],"selling_points_cta_text":"","features_title":"","features":"","ed_cta_examples_text":"","ed_cta_examples_hidden":"","ed_cta_demo_text":"","ed_cta_demo_hidden":"","why_caption":"","why_editor_title":"","why_editor_text":"","why_team_title":"","why_team_text":"","why_service_title":"","why_service_text":"","template_catalog_visible":"","template_catalog_title":"","template_catalog_text":"","template_catalog_categories_visible":"","demo_title":"Crie seu plugin de avalia\u00e7\u00f5es de reservas","demo_caption":"Configure suas avalia\u00e7\u00f5es de reservas e adicione-as ao seu site Joomla gratuitamente!","default_faq_hidden":"","app_template_category":[],"platform":"52","template_public_id":"","codecanyon_url":"","codecanyon_item_id":"","codecanyon_price":"","pricing_caption":"","pricing_elfsight_apps_hide_column":"","pricing_elfsight_apps_url":"","pricing_codecanyon_price_caption":"","integration_category":[],"integration_request_title":"","integration_request_cta":"","integration_platform":"","integrations":[],"platform_category":[],"video_schema_markup":"","price":"a partir de US$ 0\/m\u00eas","trial":"","benefits":[{"text":"Servi\u00e7o de instala\u00e7\u00e3o gratuito"},{"text":"Suporte premium"},{"text":"Garantia de reembolso de 14 dias"},{"text":"Melhorias gratuitas cont\u00ednuas"}],"button_url":"#demo","button_target_blank":"","button_nofollow":"","attributes":[{"name":"Instala\u00e7\u00f5es","content":"10,000 - 100,000"},{"name":"Responsivo","content":"Sim"},{"name":"Navegadores compat\u00edveis","content":"Firefox, Safari, Opera, Chrome, Edge"}],"tags":[],"tags_disable_links":"","hide_more_platforms":"","video_object":"","demo_hide_cta":"","demo_hide_cloud_options":"","pricing_title":"","pricing":[{"pricing_icon":"platform","pricing_title":"Elfsight Apps","pricing_title_caption":"Solu\u00e7\u00e3o independente de plataforma","pricing_price":"a partir de US$ 0\/m\u00eas","pricing_price_caption":"comece com plano gratuito","pricing_benefits":[{"text":"Dom\u00ednios ilimitados"},{"text":"Suporte 24 horas por dia, 7 dias por semana e bem documentado"},{"text":"Suporte 24 horas por dia, 7 dias por semana e bem documentado"},{"text":"Oferta especial para v\u00e1rios aplicativos"}],"pricing_button_text":"Adicionar ao site","pricing_button_url":"#demo"}],"related_apps_title":"","related_apps_hidden":"","author":"","image":[],"title":"","job":"","social_networks":[]},"_links":{"self":[{"href":"https:\/\/elfsight.com\/pt\/wp-json\/wp\/v2\/pages\/6008","targetHints":{"allow":["GET"]}}],"collection":[{"href":"https:\/\/elfsight.com\/pt\/wp-json\/wp\/v2\/pages"}],"about":[{"href":"https:\/\/elfsight.com\/pt\/wp-json\/wp\/v2\/types\/page"}],"author":[{"embeddable":true,"href":"https:\/\/elfsight.com\/pt\/wp-json\/wp\/v2\/users\/9"}],"replies":[{"embeddable":true,"href":"https:\/\/elfsight.com\/pt\/wp-json\/wp\/v2\/comments?post=6008"}],"version-history":[{"count":2,"href":"https:\/\/elfsight.com\/pt\/wp-json\/wp\/v2\/pages\/6008\/revisions"}],"predecessor-version":[{"id":11668,"href":"https:\/\/elfsight.com\/pt\/wp-json\/wp\/v2\/pages\/6008\/revisions\/11668"}],"up":[{"embeddable":true,"href":"https:\/\/elfsight.com\/pt\/wp-json\/wp\/v2\/pages\/1508"}],"wp:attachment":[{"href":"https:\/\/elfsight.com\/pt\/wp-json\/wp\/v2\/media?parent=6008"}],"curies":[{"name":"wp","href":"https:\/\/api.w.org\/{rel}","templated":true}]}}