{"id":6002,"date":"2024-05-03T06:30:42","date_gmt":"2024-05-03T06:30:42","guid":{"rendered":"https:\/\/elfsight.com\/pt\/?page_id=6002"},"modified":"2024-11-13T11:55:32","modified_gmt":"2024-11-13T11:55:32","slug":"drupal","status":"publish","type":"page","link":"https:\/\/elfsight.com\/pt\/booking-reviews-widget\/drupal\/","title":{"rendered":"Booking Reviews &#8211; Drupal"},"content":{"rendered":"<div class=\"application-platform-content-item-description application-platform-content-item\" id=\"description\" data-nav-section=\"description\"> <h2>Descri\u00e7\u00e3o<\/h2> <p>Se voc\u00ea precisa provar sua aprecia\u00e7\u00e3o entre os usu\u00e1rios e convencer os visitantes do site de que seus produtos ou servi\u00e7os t\u00eam um bom valor por dinheiro, o widget Elfsight Booking Reviews combina perfeitamente com voc\u00ea. Com este widget, voc\u00ea pode inserir avalia\u00e7\u00f5es de clientes do Booking em seu site com informa\u00e7\u00f5es sobre seus autores, classific\u00e1-los para mostrar apenas os bons, mostrar avalia\u00e7\u00f5es e um bot\u00e3o de redirecionamento, que levar\u00e1 as pessoas \u00e0 sua p\u00e1gina do Booking, onde poder\u00e3o adicionar um mais revis\u00e3o. <\/p> <div class=\"faq\" data-component=\"FAQ\"><div class=\"faq-item\">\r\n\t\t\t\t\t<div class=\"faq-item-question\">\r\n\t\t\t\t\t\t<h3 class=\"faq-item-question-text\">Onde posso exibi-lo<\/h3>\r\n\r\n\t\t\t\t\t\t<div class=\"faq-item-question-icon\"><\/div>\r\n\t\t\t\t\t<\/div>\r\n\r\n\t\t\t\t\t<div class=\"faq-item-answer\">\r\n\t\t\t\t\t\t<div class=\"faq-item-answer-text\"> <p>Voc\u00ea pode exibir o widget de avalia\u00e7\u00e3o em qualquer p\u00e1gina do site, ou col\u00e1-lo no modelo, neste caso ele ser\u00e1 publicado em todas as p\u00e1ginas. As avalia\u00e7\u00f5es podem ser eficazes nas p\u00e1ginas de produtos ou na p\u00e1gina Sobre n\u00f3s, onde voc\u00ea precisa demonstrar sua alta classifica\u00e7\u00e3o. <\/p> <\/div>\r\n\t\t\t\t\t<\/div>\r\n\t\t\t\t<\/div><div class=\"faq-item\">\r\n\t\t\t\t\t<div class=\"faq-item-question\">\r\n\t\t\t\t\t\t<h3 class=\"faq-item-question-text\">Como vou me beneficiar com isso?<\/h3>\r\n\r\n\t\t\t\t\t\t<div class=\"faq-item-question-icon\"><\/div>\r\n\t\t\t\t\t<\/div>\r\n\r\n\t\t\t\t\t<div class=\"faq-item-answer\">\r\n\t\t\t\t\t\t<div class=\"faq-item-answer-text\"> <p>Os coment\u00e1rios deixados por pessoas reais s\u00e3o perfeitamente confi\u00e1veis \u200b\u200bpara os usu\u00e1rios do seu site e demonstram que sua empresa \u00e9 confi\u00e1vel. Avalia\u00e7\u00f5es altas e depoimentos positivos podem ajudar a aumentar as vendas do seu site. Al\u00e9m disso, o bot\u00e3o ativo pode contribuir para ter mais avalia\u00e7\u00f5es de clientes relacionadas aos seus servi\u00e7os no Booking. <\/p> <\/div>\r\n\t\t\t\t\t<\/div>\r\n\t\t\t\t<\/div> <div class=\"faq-item\">\r\n\t\t\t\t\t<div class=\"faq-item-question\">\r\n\t\t\t\t\t\t<h3 class=\"faq-item-question-text\">Como adiciono avalia\u00e7\u00f5es de reservas ao meu site Drupal?<\/h3>\r\n\r\n\t\t\t\t\t\t<div class=\"faq-item-question-icon\"><\/div>\r\n\t\t\t\t\t<\/div>\r\n\r\n\t\t\t\t\t<div class=\"faq-item-answer\">\r\n\t\t\t\t\t\t<div class=\"faq-item-answer-text\"> <p>Voc\u00ea precisar\u00e1 de apenas alguns minutos para incorporar o widget. A integra\u00e7\u00e3o \u00e9 muito r\u00e1pida, gratuita e sem codifica\u00e7\u00e3o. <\/p> <ol><li>Voc\u00ea pode adicionar Avalia\u00e7\u00f5es de Reservas \u00e0 sua p\u00e1gina web atrav\u00e9s do nosso servi\u00e7o. Para isso siga o guia a seguir nesta p\u00e1gina. <\/li> <li>As avalia\u00e7\u00f5es de reservas da Elfsight podem ser configuradas diretamente no nosso servi\u00e7o ou atrav\u00e9s do mercado. Aqui voc\u00ea pode conhecer mais as duas variantes e selecionar a sua. <\/li> <\/ol> <\/div>\r\n\t\t\t\t\t<\/div>\r\n\t\t\t\t<\/div> <\/div> <\/div> <div class=\"application-platform-content-item-features application-platform-content-item\" id=\"features\" data-nav-section=\"features\"> <h2>Recursos<\/h2> <p>Para ter uma ideia melhor do widget, voc\u00ea pode estudar a lista de suas fun\u00e7\u00f5es principais. Eles tornam nosso widget realmente eficaz para o seu site:<\/p> <ul> <li>4 layouts dispon\u00edveis: Lista, Grade, Alvenaria e Slider; <\/li> <li> Cabe\u00e7alho do widget totalmente flex\u00edvel; <\/li> <li>6 elementos ajust\u00e1veis \u200b\u200bda interface: nome e foto do autor, recomenda\u00e7\u00e3o, data de sa\u00edda, \u00edcone de reserva e classifica\u00e7\u00e3o por estrelas; <\/li> <\/ul><p><a href=\"#demo\">Confira uma lista completa de recursos em nossa demonstra\u00e7\u00e3o ao vivo<\/a><\/p> <\/div> <div class=\"application-platform-content-item-installation application-platform-content-item\" id=\"installation\" data-nav-section=\"installation\"> <h2>Vamos verificar como incorporar as Avalia\u00e7\u00f5es de Reservas ao site Drupal<\/h2><div class=\"video-container\"><iframe width=\"720\" height=\"405\" src=\"https:\/\/www.youtube.com\/embed\/N3kO8aSUuw8\" frameborder=\"0\" allowfullscreen=\"\"><\/iframe><\/div><p>Basta seguir as etapas abaixo para adicionar o m\u00f3dulo no Drupal.<\/p> <ol><li><b>Abra nosso editor gratuito e comece a criar seu pr\u00f3prio m\u00f3dulo de Avalia\u00e7\u00f5es de Reservas. <\/b><br> Determine a forma adequada e as caracter\u00edsticas funcionais do widget e salve as edi\u00e7\u00f5es. <\/li> <li><b>Receba o c\u00f3digo pessoal que aparece no formul\u00e1rio especial nas aplica\u00e7\u00f5es Elfsight. <\/b><br> Logo ap\u00f3s finalizar a customiza\u00e7\u00e3o de sua ferramenta pessoal, copie o c\u00f3digo exclusivo do pop-up que surgiu e salve-o para futuras ocasi\u00f5es. <\/li> <li><b>Iniciar o uso do plugin no site Drupal. <\/b><br> Implemente o c\u00f3digo copiado anteriormente em seu site e salve as edi\u00e7\u00f5es. <\/li> <li><b>A configura\u00e7\u00e3o foi totalmente conclu\u00edda. <\/b><br> Visite seu site para ver em a\u00e7\u00e3o o desempenho da ferramenta. <\/li><\/ol><p>Ainda duvida de alguma coisa? Est\u00e1 tendo problemas? Apenas uma \u00fanica solicita\u00e7\u00e3o \u00e0 nossa equipe de suporte resolver\u00e1 todos os problemas. <\/p> <\/div>","protected":false},"excerpt":{"rendered":"","protected":false},"author":9,"featured_media":0,"parent":1508,"menu_order":0,"comment_status":"closed","ping_status":"closed","template":"templates\/template-application-platform.php","meta":{"publish_to_discourse":"","publish_post_category":"","wpdc_auto_publish_overridden":"","wpdc_topic_tags":"","wpdc_pin_topic":"","wpdc_pin_until":"","discourse_post_id":"","discourse_permalink":"","wpdc_publishing_response":"","wpdc_publishing_error":"","footnotes":""},"class_list":["post-6002","page","type-page","status-publish","hentry"],"yoast_head":"<!-- This site is optimized with the Yoast SEO plugin v25.3.1 - https:\/\/yoast.com\/wordpress\/plugins\/seo\/ -->\n<title>Incorporar m\u00f3dulo de avalia\u00e7\u00f5es de reservas no site Drupal (2026)<\/title>\n<meta name=\"description\" content=\"N\u00e3o \u00e9 dif\u00edcil criar seu m\u00f3dulo de avalia\u00e7\u00f5es de reservas e coloc\u00e1-lo em seu site Drupal. O suporte ao cliente da Elfsight \u00e9 gratuito.\" \/>\n<meta name=\"robots\" content=\"index, follow, max-snippet:-1, max-image-preview:large, max-video-preview:-1\" \/>\n<link rel=\"canonical\" href=\"https:\/\/elfsight.com\/pt\/booking-reviews-widget\/drupal\/\" \/>\n<meta property=\"og:locale\" content=\"pt_PT\" \/>\n<meta property=\"og:type\" content=\"article\" \/>\n<meta property=\"og:title\" content=\"Incorporar m\u00f3dulo de avalia\u00e7\u00f5es de reservas no site Drupal (2026)\" \/>\n<meta property=\"og:description\" content=\"N\u00e3o \u00e9 dif\u00edcil criar seu m\u00f3dulo de avalia\u00e7\u00f5es de reservas e coloc\u00e1-lo em seu site Drupal. O suporte ao cliente da Elfsight \u00e9 gratuito.\" \/>\n<meta property=\"og:url\" content=\"https:\/\/elfsight.com\/pt\/booking-reviews-widget\/drupal\/\" \/>\n<meta property=\"og:site_name\" content=\"Elfsight PT\" \/>\n<meta property=\"article:modified_time\" content=\"2024-11-13T11:55:32+00:00\" \/>\n<meta name=\"twitter:card\" content=\"summary_large_image\" \/>\n<meta name=\"twitter:label1\" content=\"Tempo estimado de leitura\" \/>\n\t<meta name=\"twitter:data1\" content=\"3 minutos\" \/>\n<!-- \/ Yoast SEO plugin. -->","yoast_head_json":{"title":"Incorporar m\u00f3dulo de avalia\u00e7\u00f5es de reservas no site Drupal (2026)","description":"N\u00e3o \u00e9 dif\u00edcil criar seu m\u00f3dulo de avalia\u00e7\u00f5es de reservas e coloc\u00e1-lo em seu site Drupal. O suporte ao cliente da Elfsight \u00e9 gratuito.","robots":{"index":"index","follow":"follow","max-snippet":"max-snippet:-1","max-image-preview":"max-image-preview:large","max-video-preview":"max-video-preview:-1"},"canonical":"https:\/\/elfsight.com\/pt\/booking-reviews-widget\/drupal\/","og_locale":"pt_PT","og_type":"article","og_title":"Incorporar m\u00f3dulo de avalia\u00e7\u00f5es de reservas no site Drupal (2026)","og_description":"N\u00e3o \u00e9 dif\u00edcil criar seu m\u00f3dulo de avalia\u00e7\u00f5es de reservas e coloc\u00e1-lo em seu site Drupal. O suporte ao cliente da Elfsight \u00e9 gratuito.","og_url":"https:\/\/elfsight.com\/pt\/booking-reviews-widget\/drupal\/","og_site_name":"Elfsight PT","article_modified_time":"2024-11-13T11:55:32+00:00","twitter_card":"summary_large_image","twitter_misc":{"Tempo estimado de leitura":"3 minutos"},"schema":{"@context":"https:\/\/schema.org","@graph":[{"@type":"WebPage","@id":"https:\/\/elfsight.com\/pt\/booking-reviews-widget\/drupal\/","url":"https:\/\/elfsight.com\/pt\/booking-reviews-widget\/drupal\/","name":"Incorporar m\u00f3dulo de avalia\u00e7\u00f5es de reservas no site Drupal (2026)","isPartOf":{"@id":"https:\/\/elfsight.com\/pt\/#website"},"datePublished":"2024-05-03T06:30:42+00:00","dateModified":"2024-11-13T11:55:32+00:00","description":"N\u00e3o \u00e9 dif\u00edcil criar seu m\u00f3dulo de avalia\u00e7\u00f5es de reservas e coloc\u00e1-lo em seu site Drupal. O suporte ao cliente da Elfsight \u00e9 gratuito.","breadcrumb":{"@id":"https:\/\/elfsight.com\/pt\/booking-reviews-widget\/drupal\/#breadcrumb"},"inLanguage":"pt-PT","potentialAction":[{"@type":"ReadAction","target":["https:\/\/elfsight.com\/pt\/booking-reviews-widget\/drupal\/"]}]},{"@type":"BreadcrumbList","@id":"https:\/\/elfsight.com\/pt\/booking-reviews-widget\/drupal\/#breadcrumb","itemListElement":[{"@type":"ListItem","position":1,"name":"Home","item":"https:\/\/elfsight.com\/pt\/"},{"@type":"ListItem","position":2,"name":"Booking Reviews","item":"https:\/\/elfsight.com\/pt\/booking-reviews-widget\/"},{"@type":"ListItem","position":3,"name":"Booking Reviews &#8211; Drupal"}]},{"@type":"WebSite","@id":"https:\/\/elfsight.com\/pt\/#website","url":"https:\/\/elfsight.com\/pt\/","name":"Elfsight PT","description":"Just another Elfsight Sites site","potentialAction":[{"@type":"SearchAction","target":{"@type":"EntryPoint","urlTemplate":"https:\/\/elfsight.com\/pt\/?s={search_term_string}"},"query-input":{"@type":"PropertyValueSpecification","valueRequired":true,"valueName":"search_term_string"}}],"inLanguage":"pt-PT"}]}},"meta_box":{"industry":"","seo_heading":"","heading":"","description":"","cta_heading":"","cta_description":"","application":"1507","h1":"M\u00f3dulo de avalia\u00e7\u00f5es do Drupal Booking.com","h1_caption":"Integre as opini\u00f5es mais atraentes dos clientes do Booking em seu site","application_category":[],"applications_title":"","applications_request_title":"","applications_request_button_text":"","hero_text":"","hero_video":"","hero_video_schema_markup":"","selling_points_title":"","selling_points_caption":"","selling_points":[],"selling_points_cta_text":"","features_title":"","features":"","ed_cta_examples_text":"","ed_cta_examples_hidden":"","ed_cta_demo_text":"","ed_cta_demo_hidden":"","why_caption":"","why_editor_title":"","why_editor_text":"","why_team_title":"","why_team_text":"","why_service_title":"","why_service_text":"","template_catalog_visible":"","template_catalog_title":"","template_catalog_text":"","template_catalog_categories_visible":"","demo_title":"Crie seu m\u00f3dulo de avalia\u00e7\u00f5es de reservas","demo_caption":"Configure suas avalia\u00e7\u00f5es de reserva e adicione-as ao seu site Drupal gratuitamente!","default_faq_hidden":"","app_template_category":[],"platform":"4905","template_public_id":"","codecanyon_url":"","codecanyon_item_id":"","codecanyon_price":"","pricing_caption":"","pricing_elfsight_apps_hide_column":"","pricing_elfsight_apps_url":"","pricing_codecanyon_price_caption":"","integration_category":[],"integration_request_title":"","integration_request_cta":"","integration_platform":"","integrations":[],"platform_category":[],"video_schema_markup":"","price":"a partir de US$ 0\/m\u00eas","trial":"","benefits":[{"text":"Assist\u00eancia de instala\u00e7\u00e3o gratuita"},{"text":"Suporte premium"},{"text":"Garantia de reembolso de 14 dias"},{"text":"Desenvolvimento cont\u00ednuo"}],"button_url":"#demo","button_target_blank":"","button_nofollow":"","attributes":[{"name":"Instala\u00e7\u00f5es","content":"10,000 - 100,000"},{"name":"Responsivo","content":"Sim"},{"name":"Navegadores compat\u00edveis","content":"Firefox, Safari, Opera, Chrome, Edge"}],"tags":[],"tags_disable_links":"","hide_more_platforms":"","video_object":"","demo_hide_cta":"","demo_hide_cloud_options":"","pricing_title":"","pricing":[{"pricing_icon":"platform","pricing_title":"Elfsight Apps","pricing_title_caption":"Solu\u00e7\u00e3o digital independente de plataforma","pricing_price":"a partir de US$ 0\/m\u00eas","pricing_price_caption":"comece com plano gratuito","pricing_benefits":[{"text":"Sites ilimitados"},{"text":"Suporte gratuito ao cliente"},{"text":"Suporte gratuito ao cliente"},{"text":"Oferta por tempo limitado para v\u00e1rios aplicativos"}],"pricing_button_text":"Adicionar ao site","pricing_button_url":"#demo"}],"related_apps_title":"","related_apps_hidden":"","author":"","image":[],"title":"","job":"","social_networks":[]},"_links":{"self":[{"href":"https:\/\/elfsight.com\/pt\/wp-json\/wp\/v2\/pages\/6002","targetHints":{"allow":["GET"]}}],"collection":[{"href":"https:\/\/elfsight.com\/pt\/wp-json\/wp\/v2\/pages"}],"about":[{"href":"https:\/\/elfsight.com\/pt\/wp-json\/wp\/v2\/types\/page"}],"author":[{"embeddable":true,"href":"https:\/\/elfsight.com\/pt\/wp-json\/wp\/v2\/users\/9"}],"replies":[{"embeddable":true,"href":"https:\/\/elfsight.com\/pt\/wp-json\/wp\/v2\/comments?post=6002"}],"version-history":[{"count":2,"href":"https:\/\/elfsight.com\/pt\/wp-json\/wp\/v2\/pages\/6002\/revisions"}],"predecessor-version":[{"id":11666,"href":"https:\/\/elfsight.com\/pt\/wp-json\/wp\/v2\/pages\/6002\/revisions\/11666"}],"up":[{"embeddable":true,"href":"https:\/\/elfsight.com\/pt\/wp-json\/wp\/v2\/pages\/1508"}],"wp:attachment":[{"href":"https:\/\/elfsight.com\/pt\/wp-json\/wp\/v2\/media?parent=6002"}],"curies":[{"name":"wp","href":"https:\/\/api.w.org\/{rel}","templated":true}]}}