{"id":5993,"date":"2024-05-03T06:30:37","date_gmt":"2024-05-03T06:30:37","guid":{"rendered":"https:\/\/elfsight.com\/pt\/?page_id=5993"},"modified":"2025-02-28T05:33:47","modified_gmt":"2025-02-28T05:33:47","slug":"facebook","status":"publish","type":"page","link":"https:\/\/elfsight.com\/pt\/booking-reviews-widget\/facebook\/","title":{"rendered":"Booking Reviews &#8211; Facebook Page"},"content":{"rendered":"\n<div class=\"application-platform-content-item-description application-platform-content-item\" id=\"description\" data-nav-section=\"description\"><h2>Descri\u00e7\u00e3o<\/h2><p>Elfsight Booking Reviews \u00e9 um widget simples que lhe permite inserir na sua p\u00e1gina do Facebook coment\u00e1rios sobre o seu neg\u00f3cio a partir de Booking. com. Com este widget, voc\u00ea poder\u00e1 usar filtros para classificar avalia\u00e7\u00f5es indesejadas, demonstrar suas avalia\u00e7\u00f5es com estrelas e n\u00fameros do Booking, mostrar detalhes sobre os autores e integrar um bot\u00e3o que ajudar\u00e1 os visitantes a escrever uma nova avalia\u00e7\u00e3o no Booking. O widget Elfsight Reviews ir\u00e1 ajud\u00e1-lo a demonstrar uma prova social perfeita em sua p\u00e1gina e aumentar as vendas. <\/p><p><b>Demonstre as melhores avalia\u00e7\u00f5es sobre sua acomoda\u00e7\u00e3o em Booking.com!<\/b><\/p> <\/div><div class=\"application-platform-content-item-features application-platform-content-item\" id=\"features\" data-nav-section=\"features\"><h2>Recursos<\/h2> <p>Aqui est\u00e1 uma lista de todos os recursos do widget. Voc\u00ea pode ajust\u00e1-los diretamente no editor e construir o widget adequado \u00e0s suas necessidades. <\/p><ul><li>4 layouts dispon\u00edveis: Lista, Grade, Alvenaria e Slider; <\/li><li>O bot\u00e3o de solicita\u00e7\u00e3o de revis\u00e3o leva as pessoas \u00e0 p\u00e1gina de reservas; <\/li><li>6 elementos ajust\u00e1veis \u200b\u200bda interface: nome do autor e foto, texto de recomenda\u00e7\u00e3o, data de sa\u00edda da avalia\u00e7\u00e3o, \u00edcone de reserva e classifica\u00e7\u00e3o por estrelas; <\/li><\/ul><p><a href=\"#demo\">Veja como todos os recursos funcionam em nossa demonstra\u00e7\u00e3o<\/a><\/p><\/div> <div class=\"application-platform-content-item-installation application-platform-content-item\" id=\"installation\" data-nav-section=\"installation\"> <h2>Como adicionar avalia\u00e7\u00f5es de reservas \u00e0 sua p\u00e1gina comercial do Facebook<\/h2><p>Para introduzir o widget na p\u00e1gina, siga as diretrizes abaixo<\/p><ul><li><b>Crie suas avalia\u00e7\u00f5es de reservas personalizadas tab<\/b><br>Gerenciando nosso configurador gratuito, configure um plugin com layout personalizado e caracter\u00edsticas funcionais. <\/li><li><b>Copie o c\u00f3digo individual para configurar o plugin<\/b><br>Depois de configurar o seu widget, voc\u00ea adquirir\u00e1 o c\u00f3digo individual na janela pop-up nos aplicativos Elfsight. Copie esse c\u00f3digo. <\/li><li><b>Adicione o widget \u00e0 p\u00e1gina do Facebook<\/b><br> Crie sua guia personalizada do Facebook. Insira o c\u00f3digo que voc\u00ea recebeu nos aplicativos da elfsight na guia. Se voc\u00ea tiver algum problema, basta verificar nosso guia em <a href=\"https:\/\/elfsight.com\/blog\/how-to-add-custom-tab-to-facebook-page\/\" target=\"_blank\" rel=\"noopener noreferrer\">criando uma guia personalizada do Facebook<\/a><\/li><li><b>Voc\u00ea concluiu a instala\u00e7\u00e3o com sucesso<\/b><br>Entre na p\u00e1gina para ver seus depoimentos.<\/li><\/ul><p>Voc\u00ea pode entrar em contato com nosso suporte ao cliente se precisar de assist\u00eancia ou tiver d\u00favidas. Nossos especialistas ajudar\u00e3o em todas as d\u00favidas. <\/p><div class=\"faq\" data-component=\"FAQ\"> <div class=\"faq-item\">\r\n\t\t\t\t\t<div class=\"faq-item-question\">\r\n\t\t\t\t\t\t<h3 class=\"faq-item-question-text\">Como adicionar Booking.com Reviews ao site da minha p\u00e1gina do Facebook sem habilidades de codifica\u00e7\u00e3o?<\/h3>\r\n\r\n\t\t\t\t\t\t<div class=\"faq-item-question-icon\"><\/div>\r\n\t\t\t\t\t<\/div>\r\n\r\n\t\t\t\t\t<div class=\"faq-item-answer\">\r\n\t\t\t\t\t\t<div class=\"faq-item-answer-text\"> <p>A Elfsight fornece uma solu\u00e7\u00e3o SaaS que permite que voc\u00ea mesmo crie um widget Booking.com Reviews, veja como \u00e9 f\u00e1cil! O processo \u00e9:<\/p>\n<ul>\n<li>Trabalhe diretamente no Editor on-line para criar um widget Booking.com Reviews que voc\u00ea gostaria de ver no site da sua p\u00e1gina do Facebook.<\/li> \n<li>Escolha um dos modelos predefinidos e ajuste as configura\u00e7\u00f5es do Booking.com Reviews, adicione seu conte\u00fado, altere o layout e o esquema de cores sem nenhuma habilidade de codifica\u00e7\u00e3o.<\/li>\n<li>Salve o Booking.com Reviews e copie seu c\u00f3digo de instala\u00e7\u00e3o, que voc\u00ea pode incluir facilmente no site da sua p\u00e1gina do Facebook sem a necessidade de comprar uma vers\u00e3o paga.<\/li> \n<\/ul>\n<p>Com nosso editor intuitivo, qualquer usu\u00e1rio da Internet pode criar um widget Booking.com Reviews online e incorpor\u00e1-lo facilmente em sua p\u00e1gina do Facebook. N\u00e3o h\u00e1 necessidade de pagar ou inserir as credenciais do seu cart\u00e3o para acessar o servi\u00e7o. Se voc\u00ea enfrentar qualquer problema em qualquer etapa, n\u00e3o hesite em entrar em contato com nossa equipe de suporte t\u00e9cnico.<\/p> <\/div>\r\n\t\t\t\t\t<\/div>\r\n\t\t\t\t<\/div> <\/div> <\/div>\n","protected":false},"excerpt":{"rendered":"","protected":false},"author":9,"featured_media":0,"parent":1508,"menu_order":0,"comment_status":"closed","ping_status":"closed","template":"templates\/template-application-platform.php","meta":{"publish_to_discourse":"","publish_post_category":"","wpdc_auto_publish_overridden":"","wpdc_topic_tags":"","wpdc_pin_topic":"","wpdc_pin_until":"","discourse_post_id":"","discourse_permalink":"","wpdc_publishing_response":"","wpdc_publishing_error":"","footnotes":""},"class_list":["post-5993","page","type-page","status-publish","hentry"],"yoast_head":"<!-- This site is optimized with the Yoast SEO plugin v25.3.1 - https:\/\/yoast.com\/wordpress\/plugins\/seo\/ -->\n<title>Adicionar avalia\u00e7\u00f5es de reserva \u00e0 guia personalizada da p\u00e1gina do Facebook (2025)<\/title>\n<meta name=\"description\" content=\"Com a Elfsight, crie as suas avalia\u00e7\u00f5es de reserva e adicione-as \u00e0 sua p\u00e1gina do Facebook rapidamente. Temos atendimento gratuito ao cliente e outros b\u00f4nus.\" \/>\n<meta name=\"robots\" content=\"index, follow, max-snippet:-1, max-image-preview:large, max-video-preview:-1\" \/>\n<link rel=\"canonical\" href=\"https:\/\/elfsight.com\/pt\/booking-reviews-widget\/facebook\/\" \/>\n<meta property=\"og:locale\" content=\"pt_PT\" \/>\n<meta property=\"og:type\" content=\"article\" \/>\n<meta property=\"og:title\" content=\"Adicionar avalia\u00e7\u00f5es de reserva \u00e0 guia personalizada da p\u00e1gina do Facebook (2025)\" \/>\n<meta property=\"og:description\" content=\"Com a Elfsight, crie as suas avalia\u00e7\u00f5es de reserva e adicione-as \u00e0 sua p\u00e1gina do Facebook rapidamente. Temos atendimento gratuito ao cliente e outros b\u00f4nus.\" \/>\n<meta property=\"og:url\" content=\"https:\/\/elfsight.com\/pt\/booking-reviews-widget\/facebook\/\" \/>\n<meta property=\"og:site_name\" content=\"Elfsight PT\" \/>\n<meta property=\"article:modified_time\" content=\"2025-02-28T05:33:47+00:00\" \/>\n<meta name=\"twitter:card\" content=\"summary_large_image\" \/>\n<meta name=\"twitter:label1\" content=\"Tempo estimado de leitura\" \/>\n\t<meta name=\"twitter:data1\" content=\"3 minutos\" \/>\n<!-- \/ Yoast SEO plugin. -->","yoast_head_json":{"title":"Adicionar avalia\u00e7\u00f5es de reserva \u00e0 guia personalizada da p\u00e1gina do Facebook (2025)","description":"Com a Elfsight, crie as suas avalia\u00e7\u00f5es de reserva e adicione-as \u00e0 sua p\u00e1gina do Facebook rapidamente. Temos atendimento gratuito ao cliente e outros b\u00f4nus.","robots":{"index":"index","follow":"follow","max-snippet":"max-snippet:-1","max-image-preview":"max-image-preview:large","max-video-preview":"max-video-preview:-1"},"canonical":"https:\/\/elfsight.com\/pt\/booking-reviews-widget\/facebook\/","og_locale":"pt_PT","og_type":"article","og_title":"Adicionar avalia\u00e7\u00f5es de reserva \u00e0 guia personalizada da p\u00e1gina do Facebook (2025)","og_description":"Com a Elfsight, crie as suas avalia\u00e7\u00f5es de reserva e adicione-as \u00e0 sua p\u00e1gina do Facebook rapidamente. Temos atendimento gratuito ao cliente e outros b\u00f4nus.","og_url":"https:\/\/elfsight.com\/pt\/booking-reviews-widget\/facebook\/","og_site_name":"Elfsight PT","article_modified_time":"2025-02-28T05:33:47+00:00","twitter_card":"summary_large_image","twitter_misc":{"Tempo estimado de leitura":"3 minutos"},"schema":{"@context":"https:\/\/schema.org","@graph":[{"@type":"WebPage","@id":"https:\/\/elfsight.com\/pt\/booking-reviews-widget\/facebook\/","url":"https:\/\/elfsight.com\/pt\/booking-reviews-widget\/facebook\/","name":"Adicionar avalia\u00e7\u00f5es de reserva \u00e0 guia personalizada da p\u00e1gina do Facebook (2025)","isPartOf":{"@id":"https:\/\/elfsight.com\/pt\/#website"},"datePublished":"2024-05-03T06:30:37+00:00","dateModified":"2025-02-28T05:33:47+00:00","description":"Com a Elfsight, crie as suas avalia\u00e7\u00f5es de reserva e adicione-as \u00e0 sua p\u00e1gina do Facebook rapidamente. Temos atendimento gratuito ao cliente e outros b\u00f4nus.","breadcrumb":{"@id":"https:\/\/elfsight.com\/pt\/booking-reviews-widget\/facebook\/#breadcrumb"},"inLanguage":"pt-PT","potentialAction":[{"@type":"ReadAction","target":["https:\/\/elfsight.com\/pt\/booking-reviews-widget\/facebook\/"]}]},{"@type":"BreadcrumbList","@id":"https:\/\/elfsight.com\/pt\/booking-reviews-widget\/facebook\/#breadcrumb","itemListElement":[{"@type":"ListItem","position":1,"name":"Home","item":"https:\/\/elfsight.com\/pt\/"},{"@type":"ListItem","position":2,"name":"Booking Reviews","item":"https:\/\/elfsight.com\/pt\/booking-reviews-widget\/"},{"@type":"ListItem","position":3,"name":"Booking Reviews &#8211; Facebook Page"}]},{"@type":"WebSite","@id":"https:\/\/elfsight.com\/pt\/#website","url":"https:\/\/elfsight.com\/pt\/","name":"Elfsight PT","description":"Just another Elfsight Sites site","potentialAction":[{"@type":"SearchAction","target":{"@type":"EntryPoint","urlTemplate":"https:\/\/elfsight.com\/pt\/?s={search_term_string}"},"query-input":{"@type":"PropertyValueSpecification","valueRequired":true,"valueName":"search_term_string"}}],"inLanguage":"pt-PT"}]}},"meta_box":{"industry":"","seo_heading":"","heading":"","description":"","cta_heading":"","cta_description":"","application":"1507","h1":"Avalia\u00e7\u00f5es da Booking.com para a p\u00e1gina comercial do Facebook","h1_caption":"Mostre os melhores depoimentos de clientes do Booking em sua p\u00e1gina","application_category":[],"applications_title":"","applications_request_title":"","applications_request_button_text":"","hero_text":"","hero_video":"","hero_video_schema_markup":"","selling_points_title":"","selling_points_caption":"","selling_points":[],"selling_points_cta_text":"","features_title":"","features":"","ed_cta_examples_text":"","ed_cta_examples_hidden":"","ed_cta_demo_text":"","ed_cta_demo_hidden":"","why_caption":"","why_editor_title":"","why_editor_text":"","why_team_title":"","why_team_text":"","why_service_title":"","why_service_text":"","template_catalog_visible":"0","template_catalog_title":"","template_catalog_text":"","template_catalog_categories_visible":"","demo_title":"Crie seu widget de avalia\u00e7\u00f5es de reservas","demo_caption":"Configure suas avalia\u00e7\u00f5es de reserva e adicione-as gratuitamente ao site da sua p\u00e1gina do Facebook!","default_faq_hidden":"","app_template_category":[],"platform":"103","template_public_id":"","codecanyon_url":"","codecanyon_item_id":"","codecanyon_price":"","pricing_caption":"","pricing_elfsight_apps_hide_column":"","pricing_elfsight_apps_url":"","pricing_codecanyon_price_caption":"","integration_category":[],"integration_request_title":"","integration_request_cta":"","integration_platform":"","integrations":[],"platform_category":[],"video_schema_markup":"","price":"a partir de US$ 0\/m\u00eas","trial":"","benefits":[{"text":"Assist\u00eancia de instala\u00e7\u00e3o gratuita"},{"text":"Atendimento ao cliente competente"},{"text":"Garantia de devolu\u00e7\u00e3o do dinheiro em 14 dias"},{"text":"Atualizando constantemente"}],"button_url":"#demo","button_target_blank":"0","button_nofollow":"0","attributes":[{"name":"Instala\u00e7\u00f5es","content":"10,000 - 100,000"},{"name":"Responsivo","content":"Sim"},{"name":"Navegadores compat\u00edveis","content":"Firefox, Edge, Opera, Chrome, Safari"}],"tags":[],"tags_disable_links":"0","hide_more_platforms":"0","video_object":"","demo_hide_cta":"0","demo_hide_cloud_options":"0","pricing_title":"","pricing":[{"pricing_icon":"platform","pricing_title":"Elfsight Apps","pricing_title_caption":"Solu\u00e7\u00e3o digital multiplataforma que funciona em qualquer site","pricing_price":"a partir de US$ 0\/m\u00eas","pricing_price_caption":"comece com plano gratuito","pricing_benefits":[{"text":"Sites ilimitados"},{"text":"Suporte profissional e pontual"},{"text":"Suporte profissional e pontual"},{"text":"Design flex\u00edvel"}],"pricing_button_text":"Adicionar ao site","pricing_button_url":"#demo"}],"related_apps_title":"","related_apps_hidden":"0","author":"","image":[],"title":"","job":"","social_networks":[]},"_links":{"self":[{"href":"https:\/\/elfsight.com\/pt\/wp-json\/wp\/v2\/pages\/5993","targetHints":{"allow":["GET"]}}],"collection":[{"href":"https:\/\/elfsight.com\/pt\/wp-json\/wp\/v2\/pages"}],"about":[{"href":"https:\/\/elfsight.com\/pt\/wp-json\/wp\/v2\/types\/page"}],"author":[{"embeddable":true,"href":"https:\/\/elfsight.com\/pt\/wp-json\/wp\/v2\/users\/9"}],"replies":[{"embeddable":true,"href":"https:\/\/elfsight.com\/pt\/wp-json\/wp\/v2\/comments?post=5993"}],"version-history":[{"count":2,"href":"https:\/\/elfsight.com\/pt\/wp-json\/wp\/v2\/pages\/5993\/revisions"}],"predecessor-version":[{"id":14065,"href":"https:\/\/elfsight.com\/pt\/wp-json\/wp\/v2\/pages\/5993\/revisions\/14065"}],"up":[{"embeddable":true,"href":"https:\/\/elfsight.com\/pt\/wp-json\/wp\/v2\/pages\/1508"}],"wp:attachment":[{"href":"https:\/\/elfsight.com\/pt\/wp-json\/wp\/v2\/media?parent=5993"}],"curies":[{"name":"wp","href":"https:\/\/api.w.org\/{rel}","templated":true}]}}