{"id":5986,"date":"2024-05-03T06:30:34","date_gmt":"2024-05-03T06:30:34","guid":{"rendered":"https:\/\/elfsight.com\/pt\/?page_id=5986"},"modified":"2025-02-28T06:09:47","modified_gmt":"2025-02-28T06:09:47","slug":"google-sites","status":"publish","type":"page","link":"https:\/\/elfsight.com\/pt\/booking-reviews-widget\/google-sites\/","title":{"rendered":"Booking Reviews &#8211; Google Sites"},"content":{"rendered":"\n<div class=\"application-platform-content-item-description application-platform-content-item\" id=\"description\" data-nav-section=\"description\"> <h2>Incorpore avalia\u00e7\u00f5es de reservas no Google Sites com o widget Elfsight<\/h2> <p>Se voc\u00ea precisa mostrar sua alta avalia\u00e7\u00e3o por parte dos clientes e convencer visitantes do site que vale a pena comprar seus produtos ou servi\u00e7os, o Elfsight Booking Reviews for Google Sites ser\u00e1 a escolha certa. Com a nossa ferramenta, voc\u00ea poder\u00e1 colocar avalia\u00e7\u00f5es dos usu\u00e1rios do Booking em seu site com informa\u00e7\u00f5es sobre seus autores, classific\u00e1-las para revelar apenas as boas, mostrar avalia\u00e7\u00f5es e um bot\u00e3o de solicita\u00e7\u00e3o de revis\u00e3o que levar\u00e1 as pessoas \u00e0 sua p\u00e1gina do Booking, onde elas pode escrever mais um coment\u00e1rio. <\/p> <p><b>Com o Booking Reviews, veja o desenvolvimento ativo de neg\u00f3cios e aumente as vendas <\/b><\/p> <\/div> <div class=\"application-platform-content-item-features application-platform-content-item\" id=\"features\" data-nav-section=\"features\"> <h2>Aqui est\u00e3o os recursos centrais do widget: <\/h2> <ul> <li>Quatro layouts predefinidos: Lista, Grade, Alvenaria e Slider; <\/li> <li>O bot\u00e3o para solicitar uma avalia\u00e7\u00e3o leva os usu\u00e1rios \u00e0 sua p\u00e1gina do Booking; <\/li> <li>Duas variantes de cen\u00e1rios ap\u00f3s a rejei\u00e7\u00e3o da solicita\u00e7\u00e3o de revis\u00e3o: revelar uma mensagem de texto ou ocultar o bot\u00e3o. <\/li> <\/ul><p><a href=\"#demo\">Voc\u00ea pode sentir o valor do widget com a ajuda da demonstra\u00e7\u00e3o<\/a><\/p> <\/div> <div class=\"application-platform-content-item-installation application-platform-content-item\" id=\"installation\" data-nav-section=\"installation\"> <h2>Como posso adicionar avalia\u00e7\u00f5es de reservas \u00e0 minha p\u00e1gina do Google Sites? <\/h2><div class=\"video-container\"><iframe width=\"720\" height=\"405\" src=\"https:\/\/www.youtube.com\/embed\/CuzMC2vW9dk\" frameborder=\"0\" allowfullscreen=\"\"><\/iframe><\/div><p>Basta seguir as instru\u00e7\u00f5es abaixo para come\u00e7ar a usar a ferramenta. <\/p> <ol><li><b>Gerencie nosso configurador gratuito e comece a criar seu plugin personalizado. <\/b><br> Determine a apar\u00eancia e funcionalidade adequadas do plugin e salve as edi\u00e7\u00f5es. <\/li> <li><b>Receba o seu c\u00f3digo individual revelado no formul\u00e1rio especial nas aplica\u00e7\u00f5es Elfsight. <\/b><br> Logo ap\u00f3s a conclus\u00e3o da gera\u00e7\u00e3o do seu widget, copie o c\u00f3digo pessoal na janela exibida e guarde-o para futuras ocasi\u00f5es. <\/li> <li><b>Inicie a aplica\u00e7\u00e3o da ferramenta em seu site do Google Sites. <\/b><br> Integre o c\u00f3digo copiado anteriormente em sua p\u00e1gina e salve as edi\u00e7\u00f5es. <\/li> <li><b>A instala\u00e7\u00e3o foi totalmente realizada. <\/b><br> Visite seu site para ver o desempenho da ferramenta. <\/li><\/ol> <div class=\"tip-yellow tip\"><b>Devido \u00e0s peculiaridades do funcionamento do Google Sites, o widget pode ter uma apar\u00eancia diferente da demonstra\u00e7\u00e3o on-line. Pedimos desculpas por qualquer inconveniente causado.<\/b><\/div><p>Na condi\u00e7\u00e3o de lidar com d\u00favidas ou enfrentar algumas complica\u00e7\u00f5es, n\u00e3o tenha medo de entrar em contato com nossa equipe de suporte. Nossos especialistas ficar\u00e3o entusiasmados em resolver todos os problemas que voc\u00ea possa ter com o produto. <\/p> <div class=\"faq\" data-component=\"FAQ\"> \n<div class=\"faq-item\">\r\n\t\t\t\t\t<div class=\"faq-item-question\">\r\n\t\t\t\t\t\t<h3 class=\"faq-item-question-text\">Como adicionar Booking.com Reviews ao meu site do Google Sites sem habilidades de codifica\u00e7\u00e3o?<\/h3>\r\n\r\n\t\t\t\t\t\t<div class=\"faq-item-question-icon\"><\/div>\r\n\t\t\t\t\t<\/div>\r\n\r\n\t\t\t\t\t<div class=\"faq-item-answer\">\r\n\t\t\t\t\t\t<div class=\"faq-item-answer-text\"> \n<p>A Elfsight oferece uma solu\u00e7\u00e3o SaaS que permite criar facilmente um widget para exibir avalia\u00e7\u00f5es do Booking.com. Veja como \u00e9 simples:<\/p> \n<ul>\n    <li>Trabalhe diretamente no editor online para criar um widget Booking.com Reviews que voc\u00ea gostaria de ver em seu site do Google Sites.<\/li>\n    <li>Escolha um dos modelos predefinidos e personalize as configura\u00e7\u00f5es do widget, incluindo layout, esquema de cores e conte\u00fado \u2013 tudo sem precisar de codifica\u00e7\u00e3o.<\/li>\n    <li>Salve o widget e copie o c\u00f3digo de instala\u00e7\u00e3o, que pode ser facilmente colado em seu site do Google Sites sem custos adicionais.<\/li>\n<\/ul>\n<p>Com nosso editor intuitivo, qualquer usu\u00e1rio pode criar e incorporar o widget de avalia\u00e7\u00f5es em seu site do Google Sites de forma r\u00e1pida e pr\u00e1tica. N\u00e3o \u00e9 necess\u00e1rio fornecer informa\u00e7\u00f5es de pagamento ou inserir dados do cart\u00e3o de cr\u00e9dito. Se precisar de assist\u00eancia em qualquer etapa, nossa equipe de suporte est\u00e1 dispon\u00edvel para ajudar.<\/p> \n<\/div>\r\n\t\t\t\t\t<\/div>\r\n\t\t\t\t<\/div> \n<\/div>\n<\/div>\n","protected":false},"excerpt":{"rendered":"","protected":false},"author":9,"featured_media":0,"parent":1508,"menu_order":0,"comment_status":"closed","ping_status":"closed","template":"templates\/template-application-platform.php","meta":{"publish_to_discourse":"","publish_post_category":"","wpdc_auto_publish_overridden":"","wpdc_topic_tags":"","wpdc_pin_topic":"","wpdc_pin_until":"","discourse_post_id":"","discourse_permalink":"","wpdc_publishing_response":"","wpdc_publishing_error":"","footnotes":""},"class_list":["post-5986","page","type-page","status-publish","hentry"],"yoast_head":"<!-- This site is optimized with the Yoast SEO plugin v25.3.1 - https:\/\/yoast.com\/wordpress\/plugins\/seo\/ -->\n<title>Avalia\u00e7\u00f5es de reservas - Adicionar avalia\u00e7\u00f5es de reservas ao Google Sites (2025)<\/title>\n<meta name=\"description\" content=\"Adicione um plug-in responsivo de Booking Reviews \u00e0 sua p\u00e1gina do Google Sites e ganhe total confian\u00e7a. Use a demonstra\u00e7\u00e3o da Elfsight para criar seu recurso personalizado.\" \/>\n<meta name=\"robots\" content=\"index, follow, max-snippet:-1, max-image-preview:large, max-video-preview:-1\" \/>\n<link rel=\"canonical\" href=\"https:\/\/elfsight.com\/pt\/booking-reviews-widget\/google-sites\/\" \/>\n<meta property=\"og:locale\" content=\"pt_PT\" \/>\n<meta property=\"og:type\" content=\"article\" \/>\n<meta property=\"og:title\" content=\"Avalia\u00e7\u00f5es de reservas - Adicionar avalia\u00e7\u00f5es de reservas ao Google Sites (2025)\" \/>\n<meta property=\"og:description\" content=\"Adicione um plug-in responsivo de Booking Reviews \u00e0 sua p\u00e1gina do Google Sites e ganhe total confian\u00e7a. Use a demonstra\u00e7\u00e3o da Elfsight para criar seu recurso personalizado.\" \/>\n<meta property=\"og:url\" content=\"https:\/\/elfsight.com\/pt\/booking-reviews-widget\/google-sites\/\" \/>\n<meta property=\"og:site_name\" content=\"Elfsight PT\" \/>\n<meta property=\"article:modified_time\" content=\"2025-02-28T06:09:47+00:00\" \/>\n<meta name=\"twitter:card\" content=\"summary_large_image\" \/>\n<meta name=\"twitter:label1\" content=\"Tempo estimado de leitura\" \/>\n\t<meta name=\"twitter:data1\" content=\"3 minutos\" \/>\n<!-- \/ Yoast SEO plugin. -->","yoast_head_json":{"title":"Avalia\u00e7\u00f5es de reservas - Adicionar avalia\u00e7\u00f5es de reservas ao Google Sites (2025)","description":"Adicione um plug-in responsivo de Booking Reviews \u00e0 sua p\u00e1gina do Google Sites e ganhe total confian\u00e7a. Use a demonstra\u00e7\u00e3o da Elfsight para criar seu recurso personalizado.","robots":{"index":"index","follow":"follow","max-snippet":"max-snippet:-1","max-image-preview":"max-image-preview:large","max-video-preview":"max-video-preview:-1"},"canonical":"https:\/\/elfsight.com\/pt\/booking-reviews-widget\/google-sites\/","og_locale":"pt_PT","og_type":"article","og_title":"Avalia\u00e7\u00f5es de reservas - Adicionar avalia\u00e7\u00f5es de reservas ao Google Sites (2025)","og_description":"Adicione um plug-in responsivo de Booking Reviews \u00e0 sua p\u00e1gina do Google Sites e ganhe total confian\u00e7a. Use a demonstra\u00e7\u00e3o da Elfsight para criar seu recurso personalizado.","og_url":"https:\/\/elfsight.com\/pt\/booking-reviews-widget\/google-sites\/","og_site_name":"Elfsight PT","article_modified_time":"2025-02-28T06:09:47+00:00","twitter_card":"summary_large_image","twitter_misc":{"Tempo estimado de leitura":"3 minutos"},"schema":{"@context":"https:\/\/schema.org","@graph":[{"@type":"WebPage","@id":"https:\/\/elfsight.com\/pt\/booking-reviews-widget\/google-sites\/","url":"https:\/\/elfsight.com\/pt\/booking-reviews-widget\/google-sites\/","name":"Avalia\u00e7\u00f5es de reservas - Adicionar avalia\u00e7\u00f5es de reservas ao Google Sites (2025)","isPartOf":{"@id":"https:\/\/elfsight.com\/pt\/#website"},"datePublished":"2024-05-03T06:30:34+00:00","dateModified":"2025-02-28T06:09:47+00:00","description":"Adicione um plug-in responsivo de Booking Reviews \u00e0 sua p\u00e1gina do Google Sites e ganhe total confian\u00e7a. Use a demonstra\u00e7\u00e3o da Elfsight para criar seu recurso personalizado.","breadcrumb":{"@id":"https:\/\/elfsight.com\/pt\/booking-reviews-widget\/google-sites\/#breadcrumb"},"inLanguage":"pt-PT","potentialAction":[{"@type":"ReadAction","target":["https:\/\/elfsight.com\/pt\/booking-reviews-widget\/google-sites\/"]}]},{"@type":"BreadcrumbList","@id":"https:\/\/elfsight.com\/pt\/booking-reviews-widget\/google-sites\/#breadcrumb","itemListElement":[{"@type":"ListItem","position":1,"name":"Home","item":"https:\/\/elfsight.com\/pt\/"},{"@type":"ListItem","position":2,"name":"Booking Reviews","item":"https:\/\/elfsight.com\/pt\/booking-reviews-widget\/"},{"@type":"ListItem","position":3,"name":"Booking Reviews &#8211; Google Sites"}]},{"@type":"WebSite","@id":"https:\/\/elfsight.com\/pt\/#website","url":"https:\/\/elfsight.com\/pt\/","name":"Elfsight PT","description":"Just another Elfsight Sites site","potentialAction":[{"@type":"SearchAction","target":{"@type":"EntryPoint","urlTemplate":"https:\/\/elfsight.com\/pt\/?s={search_term_string}"},"query-input":{"@type":"PropertyValueSpecification","valueRequired":true,"valueName":"search_term_string"}}],"inLanguage":"pt-PT"}]}},"meta_box":{"industry":"","seo_heading":"","heading":"","description":"","cta_heading":"","cta_description":"","application":"1507","h1":"Widget de avalia\u00e7\u00f5es do Google Sites Booking.com","h1_caption":"Mostre as melhores avalia\u00e7\u00f5es de clientes do Booking em seu site","application_category":[],"applications_title":"","applications_request_title":"","applications_request_button_text":"","hero_text":"","hero_video":"","hero_video_schema_markup":"","selling_points_title":"","selling_points_caption":"","selling_points":[],"selling_points_cta_text":"","features_title":"","features":"","ed_cta_examples_text":"","ed_cta_examples_hidden":"","ed_cta_demo_text":"","ed_cta_demo_hidden":"","why_caption":"","why_editor_title":"","why_editor_text":"","why_team_title":"","why_team_text":"","why_service_title":"","why_service_text":"","template_catalog_visible":"0","template_catalog_title":"","template_catalog_text":"","template_catalog_categories_visible":"","demo_title":"Crie seu widget de avalia\u00e7\u00f5es de reservas","demo_caption":"Configure suas avalia\u00e7\u00f5es de reserva e adicione-as ao seu site do Google Sites gratuitamente!","default_faq_hidden":"","app_template_category":[],"platform":"112","template_public_id":"","codecanyon_url":"","codecanyon_item_id":"","codecanyon_price":"","pricing_caption":"","pricing_elfsight_apps_hide_column":"","pricing_elfsight_apps_url":"","pricing_codecanyon_price_caption":"","integration_category":[],"integration_request_title":"","integration_request_cta":"","integration_platform":"","integrations":[],"platform_category":[],"video_schema_markup":"","price":"a partir de US$ 0\/m\u00eas","trial":"","benefits":[{"text":"Assist\u00eancia de instala\u00e7\u00e3o gratuita"},{"text":"Suporte excepcional"},{"text":"Garantia de reembolso de 14 dias"},{"text":"Atualiza\u00e7\u00f5es gratuitas cont\u00ednuas"}],"button_url":"#demo","button_target_blank":"0","button_nofollow":"0","attributes":[{"name":"Instala\u00e7\u00f5es","content":"10,000 - 100,000"},{"name":"Responsivo","content":"Pronto para dispositivos m\u00f3veis"},{"name":"Navegadores compat\u00edveis","content":"Firefox, Edge, Chrome, Safari, Opera"}],"tags":[],"tags_disable_links":"0","hide_more_platforms":"0","video_object":"","demo_hide_cta":"0","demo_hide_cloud_options":"0","pricing_title":"","pricing":[{"pricing_icon":"platform","pricing_title":"Elfsight Apps","pricing_title_caption":"Solu\u00e7\u00e3o multiplataforma","pricing_price":"a partir de US$ 0\/m\u00eas","pricing_price_caption":"comece com plano gratuito","pricing_benefits":[{"text":"N\u00famero ilimitado de dom\u00ednios"},{"text":"Suporte profissional e pontual"},{"text":"Suporte profissional e pontual"},{"text":"Oferta especial para v\u00e1rios aplicativos"}],"pricing_button_text":"Adicionar ao site","pricing_button_url":"#demo"}],"related_apps_title":"","related_apps_hidden":"0","author":"","image":[],"title":"","job":"","social_networks":[]},"_links":{"self":[{"href":"https:\/\/elfsight.com\/pt\/wp-json\/wp\/v2\/pages\/5986","targetHints":{"allow":["GET"]}}],"collection":[{"href":"https:\/\/elfsight.com\/pt\/wp-json\/wp\/v2\/pages"}],"about":[{"href":"https:\/\/elfsight.com\/pt\/wp-json\/wp\/v2\/types\/page"}],"author":[{"embeddable":true,"href":"https:\/\/elfsight.com\/pt\/wp-json\/wp\/v2\/users\/9"}],"replies":[{"embeddable":true,"href":"https:\/\/elfsight.com\/pt\/wp-json\/wp\/v2\/comments?post=5986"}],"version-history":[{"count":3,"href":"https:\/\/elfsight.com\/pt\/wp-json\/wp\/v2\/pages\/5986\/revisions"}],"predecessor-version":[{"id":14072,"href":"https:\/\/elfsight.com\/pt\/wp-json\/wp\/v2\/pages\/5986\/revisions\/14072"}],"up":[{"embeddable":true,"href":"https:\/\/elfsight.com\/pt\/wp-json\/wp\/v2\/pages\/1508"}],"wp:attachment":[{"href":"https:\/\/elfsight.com\/pt\/wp-json\/wp\/v2\/media?parent=5986"}],"curies":[{"name":"wp","href":"https:\/\/api.w.org\/{rel}","templated":true}]}}