{"id":5984,"date":"2024-05-03T06:30:32","date_gmt":"2024-05-03T06:30:32","guid":{"rendered":"https:\/\/elfsight.com\/pt\/?page_id=5984"},"modified":"2025-02-28T06:29:58","modified_gmt":"2025-02-28T06:29:58","slug":"prestashop","status":"publish","type":"page","link":"https:\/\/elfsight.com\/pt\/booking-reviews-widget\/prestashop\/","title":{"rendered":"Booking Reviews &#8211; PrestaShop"},"content":{"rendered":"\n<div class=\"application-platform-content-item-description application-platform-content-item\" id=\"description\" data-nav-section=\"description\"> <h2>Descri\u00e7\u00e3o<\/h2> <p>Elfsight Booking Reviews \u00e9 uma ferramenta \u00fatil que lhe d\u00e1 a oportunidade de demonstrar os testemunhos sobre a sua mercadoria diretamente no seu site de todos os sites de avalia\u00e7\u00e3o populares. Por meio de nosso complemento, voc\u00ea poder\u00e1 aplicar filtros para ocultar coment\u00e1rios indesej\u00e1veis, exibir sua classifica\u00e7\u00e3o por estrelas e n\u00famero diretamente de sua conta em qualquer p\u00e1gina de avalia\u00e7\u00f5es de neg\u00f3cios, adicionar dados sobre os criadores dos coment\u00e1rios e anexar uma frase de chamariz isso far\u00e1 com que os visitantes escrevam seus pensamentos. A ferramenta Booking Reviews ir\u00e1 ajud\u00e1-lo a exibir sua excelente prova social na p\u00e1gina da web e come\u00e7ar a obter mais novas compras. <\/p><p><b>Comece a aplicar avalia\u00e7\u00f5es de reserva para atingir o pico do seu neg\u00f3cio com menos esfor\u00e7o! <\/b><\/p> <\/div> <div class=\"application-platform-content-item-features application-platform-content-item\" id=\"features\" data-nav-section=\"features\"> <h2>Os recursos essenciais do widget incluem<\/h2> <ul><li>Adicionar coment\u00e1rios de clientes da conta do Booking<\/li><li>3 tipos de filtros: excluir por, quantidade de coment\u00e1rios e por tipo<\/li><li>Quatro tipos de layout: Slider, Grade, Alvenaria e Lista<\/li><li>setas e arrastar tipos de navega\u00e7\u00e3o no layout Slider<\/li><li>Definir a velocidade de reprodu\u00e7\u00e3o autom\u00e1tica e de slide<\/li><li>Selecionar o tipo de pagina\u00e7\u00e3o no layout do controle deslizante<\/li><li>Bot\u00e3o de call to action para obter avalia\u00e7\u00f5es de novos usu\u00e1rios na p\u00e1gina de reservas<\/li> <li>3 modelos de avalia\u00e7\u00e3o: Cl\u00e1ssico, Spotlight, Bolha<\/li><li>6 elementos flex\u00edveis das avalia\u00e7\u00f5es: data e recomenda\u00e7\u00e3o, classifica\u00e7\u00e3o por estrelas, nome do autor, foto e \u00edcone de reserva<\/li><li>Uma op\u00e7\u00e3o para alterar o tamanho da fonte do texto da revis\u00e3o<\/li><\/ul><p><a href=\"#demo\">Experimente esta demonstra\u00e7\u00e3o para ver como funciona<\/a><\/p> <\/div> <div class=\"application-platform-content-item-installation application-platform-content-item\" id=\"installation\" data-nav-section=\"installation\"> <h2>Como posso adicionar avalia\u00e7\u00f5es de reservas ao meu site PrestaShop? <\/h2> <p>Basta seguir as orienta\u00e7\u00f5es abaixo para come\u00e7ar a usar o complemento. <\/p> <ol><li><b>Utilize nosso editor gratuito e comece a criar seu complemento personalizado. <\/b><br> Escolha a apar\u00eancia adequada e as caracter\u00edsticas funcionais do widget e aplique as corre\u00e7\u00f5es. <\/li> <li><b>Receba o seu c\u00f3digo individual apresentado no formul\u00e1rio especial nas aplica\u00e7\u00f5es Elfsight. <\/b><br> Quando a gera\u00e7\u00e3o do seu widget terminar, copie o c\u00f3digo individual da caixa exibida e guarde-o para uso posterior. <\/li> <li><b>Comece a usar a ferramenta no seu site PrestaShop. <\/b><br> Implemente o c\u00f3digo que voc\u00ea copiou recentemente em sua p\u00e1gina da web e salve as edi\u00e7\u00f5es. <\/li> <li><b>Pronto! A incorpora\u00e7\u00e3o foi realizada com sucesso. <\/b><br> Visite sua p\u00e1gina para ver o trabalho do widget em a\u00e7\u00e3o. <\/li><\/ol> <p>Caso voc\u00ea tenha algum obst\u00e1culo, n\u00e3o hesite em entrar em contato com nossa equipe de atendimento ao cliente. Nossos consultores desejam resolver todos os problemas que voc\u00ea possa ter com a ferramenta. <\/p> <div class=\"faq\" data-component=\"FAQ\"> \n<div class=\"faq-item\">\r\n\t\t\t\t\t<div class=\"faq-item-question\">\r\n\t\t\t\t\t\t<h3 class=\"faq-item-question-text\">Como adicionar avalia\u00e7\u00f5es do Booking.com ao meu site PrestaShop sem habilidades de programa\u00e7\u00e3o?<\/h3>\r\n\r\n\t\t\t\t\t\t<div class=\"faq-item-question-icon\"><\/div>\r\n\t\t\t\t\t<\/div>\r\n\r\n\t\t\t\t\t<div class=\"faq-item-answer\">\r\n\t\t\t\t\t\t<div class=\"faq-item-answer-text\"> \n<p>A Elfsight oferece uma solu\u00e7\u00e3o SaaS que permite criar facilmente um widget de avalia\u00e7\u00f5es do Booking.com. Veja como o processo \u00e9 simples:<\/p>\n<ul>\n<li>Trabalhe diretamente no editor online para criar um widget de avalia\u00e7\u00f5es do Booking.com que se encaixe perfeitamente no seu site PrestaShop.<\/li>\n\n<li>Escolha entre v\u00e1rias modelos prontos, ajuste as configura\u00e7\u00f5es do widget de avalia\u00e7\u00f5es do Booking.com, adicione seu conte\u00fado e altere o layout e as cores \u2013 tudo sem precisar de habilidades de programa\u00e7\u00e3o.<\/li>\n\n<li>Salve as configura\u00e7\u00f5es e copie o c\u00f3digo de incorpora\u00e7\u00e3o, que pode ser facilmente colado no seu site PrestaShop, sem a necessidade de pagar por uma vers\u00e3o paga.<\/li>\n<\/ul>\n<p>Com nosso editor f\u00e1cil de usar, qualquer usu\u00e1rio pode criar um widget de avalia\u00e7\u00f5es do Booking.com e incorpor\u00e1-lo facilmente no seu site. N\u00e3o \u00e9 necess\u00e1rio pagar ou inserir dados do cart\u00e3o para acessar o servi\u00e7o. Se voc\u00ea encontrar problemas durante qualquer etapa, nossa equipe de suporte t\u00e9cnico est\u00e1 \u00e0 disposi\u00e7\u00e3o para ajudar.<\/p> \n<\/div>\r\n\t\t\t\t\t<\/div>\r\n\t\t\t\t<\/div> \n<\/div>\n<\/div>\n","protected":false},"excerpt":{"rendered":"","protected":false},"author":9,"featured_media":0,"parent":1508,"menu_order":0,"comment_status":"closed","ping_status":"closed","template":"templates\/template-application-platform.php","meta":{"publish_to_discourse":"","publish_post_category":"","wpdc_auto_publish_overridden":"","wpdc_topic_tags":"","wpdc_pin_topic":"","wpdc_pin_until":"","discourse_post_id":"","discourse_permalink":"","wpdc_publishing_response":"","wpdc_publishing_error":"","footnotes":""},"class_list":["post-5984","page","type-page","status-publish","hentry"],"yoast_head":"<!-- This site is optimized with the Yoast SEO plugin v25.3.1 - https:\/\/yoast.com\/wordpress\/plugins\/seo\/ -->\n<title>Incorporar avalia\u00e7\u00f5es de reservas no site PrestaShop (r\u00e1pido e f\u00e1cil)<\/title>\n<meta name=\"description\" content=\"Com a Elfsight, molde as suas avalia\u00e7\u00f5es de reserva e adicione-as ao seu site PrestaShop com facilidade. Temos suporte gratuito ao cliente e mais b\u00f4nus.\" \/>\n<meta name=\"robots\" content=\"index, follow, max-snippet:-1, max-image-preview:large, max-video-preview:-1\" \/>\n<link rel=\"canonical\" href=\"https:\/\/elfsight.com\/pt\/booking-reviews-widget\/prestashop\/\" \/>\n<meta property=\"og:locale\" content=\"pt_PT\" \/>\n<meta property=\"og:type\" content=\"article\" \/>\n<meta property=\"og:title\" content=\"Incorporar avalia\u00e7\u00f5es de reservas no site PrestaShop (r\u00e1pido e f\u00e1cil)\" \/>\n<meta property=\"og:description\" content=\"Com a Elfsight, molde as suas avalia\u00e7\u00f5es de reserva e adicione-as ao seu site PrestaShop com facilidade. Temos suporte gratuito ao cliente e mais b\u00f4nus.\" \/>\n<meta property=\"og:url\" content=\"https:\/\/elfsight.com\/pt\/booking-reviews-widget\/prestashop\/\" \/>\n<meta property=\"og:site_name\" content=\"Elfsight PT\" \/>\n<meta property=\"article:modified_time\" content=\"2025-02-28T06:29:58+00:00\" \/>\n<meta name=\"twitter:card\" content=\"summary_large_image\" \/>\n<meta name=\"twitter:label1\" content=\"Tempo estimado de leitura\" \/>\n\t<meta name=\"twitter:data1\" content=\"4 minutos\" \/>\n<!-- \/ Yoast SEO plugin. -->","yoast_head_json":{"title":"Incorporar avalia\u00e7\u00f5es de reservas no site PrestaShop (r\u00e1pido e f\u00e1cil)","description":"Com a Elfsight, molde as suas avalia\u00e7\u00f5es de reserva e adicione-as ao seu site PrestaShop com facilidade. Temos suporte gratuito ao cliente e mais b\u00f4nus.","robots":{"index":"index","follow":"follow","max-snippet":"max-snippet:-1","max-image-preview":"max-image-preview:large","max-video-preview":"max-video-preview:-1"},"canonical":"https:\/\/elfsight.com\/pt\/booking-reviews-widget\/prestashop\/","og_locale":"pt_PT","og_type":"article","og_title":"Incorporar avalia\u00e7\u00f5es de reservas no site PrestaShop (r\u00e1pido e f\u00e1cil)","og_description":"Com a Elfsight, molde as suas avalia\u00e7\u00f5es de reserva e adicione-as ao seu site PrestaShop com facilidade. Temos suporte gratuito ao cliente e mais b\u00f4nus.","og_url":"https:\/\/elfsight.com\/pt\/booking-reviews-widget\/prestashop\/","og_site_name":"Elfsight PT","article_modified_time":"2025-02-28T06:29:58+00:00","twitter_card":"summary_large_image","twitter_misc":{"Tempo estimado de leitura":"4 minutos"},"schema":{"@context":"https:\/\/schema.org","@graph":[{"@type":"WebPage","@id":"https:\/\/elfsight.com\/pt\/booking-reviews-widget\/prestashop\/","url":"https:\/\/elfsight.com\/pt\/booking-reviews-widget\/prestashop\/","name":"Incorporar avalia\u00e7\u00f5es de reservas no site PrestaShop (r\u00e1pido e f\u00e1cil)","isPartOf":{"@id":"https:\/\/elfsight.com\/pt\/#website"},"datePublished":"2024-05-03T06:30:32+00:00","dateModified":"2025-02-28T06:29:58+00:00","description":"Com a Elfsight, molde as suas avalia\u00e7\u00f5es de reserva e adicione-as ao seu site PrestaShop com facilidade. Temos suporte gratuito ao cliente e mais b\u00f4nus.","breadcrumb":{"@id":"https:\/\/elfsight.com\/pt\/booking-reviews-widget\/prestashop\/#breadcrumb"},"inLanguage":"pt-PT","potentialAction":[{"@type":"ReadAction","target":["https:\/\/elfsight.com\/pt\/booking-reviews-widget\/prestashop\/"]}]},{"@type":"BreadcrumbList","@id":"https:\/\/elfsight.com\/pt\/booking-reviews-widget\/prestashop\/#breadcrumb","itemListElement":[{"@type":"ListItem","position":1,"name":"Home","item":"https:\/\/elfsight.com\/pt\/"},{"@type":"ListItem","position":2,"name":"Booking Reviews","item":"https:\/\/elfsight.com\/pt\/booking-reviews-widget\/"},{"@type":"ListItem","position":3,"name":"Booking Reviews &#8211; PrestaShop"}]},{"@type":"WebSite","@id":"https:\/\/elfsight.com\/pt\/#website","url":"https:\/\/elfsight.com\/pt\/","name":"Elfsight PT","description":"Just another Elfsight Sites site","potentialAction":[{"@type":"SearchAction","target":{"@type":"EntryPoint","urlTemplate":"https:\/\/elfsight.com\/pt\/?s={search_term_string}"},"query-input":{"@type":"PropertyValueSpecification","valueRequired":true,"valueName":"search_term_string"}}],"inLanguage":"pt-PT"}]}},"meta_box":{"industry":"","seo_heading":"","heading":"","description":"","cta_heading":"","cta_description":"","application":"1507","h1":"Avalia\u00e7\u00f5es da PrestaShop Booking.com","h1_caption":"Aumente a confian\u00e7a do cliente postando coment\u00e1rios sobre sua empresa diretamente em seu site","application_category":[],"applications_title":"","applications_request_title":"","applications_request_button_text":"","hero_text":"","hero_video":"","hero_video_schema_markup":"","selling_points_title":"","selling_points_caption":"","selling_points":[],"selling_points_cta_text":"","features_title":"","features":"","ed_cta_examples_text":"","ed_cta_examples_hidden":"","ed_cta_demo_text":"","ed_cta_demo_hidden":"","why_caption":"","why_editor_title":"","why_editor_text":"","why_team_title":"","why_team_text":"","why_service_title":"","why_service_text":"","template_catalog_visible":"0","template_catalog_title":"","template_catalog_text":"","template_catalog_categories_visible":"","demo_title":"Crie seu complemento de avalia\u00e7\u00f5es de reserva","demo_caption":"Configure suas avalia\u00e7\u00f5es de reservas e adicione-as ao seu site PrestaShop gratuitamente!","default_faq_hidden":"","app_template_category":[],"platform":"5343","template_public_id":"","codecanyon_url":"","codecanyon_item_id":"","codecanyon_price":"","pricing_caption":"","pricing_elfsight_apps_hide_column":"","pricing_elfsight_apps_url":"","pricing_codecanyon_price_caption":"","integration_category":[],"integration_request_title":"","integration_request_cta":"","integration_platform":"","integrations":[],"platform_category":[],"video_schema_markup":"","price":"a partir de US$ 0\/m\u00eas","trial":"","benefits":[{"text":"Servi\u00e7o de instala\u00e7\u00e3o gratuito"},{"text":"Suporte premium"},{"text":"Garantia de devolu\u00e7\u00e3o do dinheiro em 14 dias"},{"text":"Atualizando constantemente"}],"button_url":"#demo","button_target_blank":"0","button_nofollow":"0","attributes":[{"name":"Instala\u00e7\u00f5es","content":"10,000 - 100,000"},{"name":"Responsivo","content":"Sim"},{"name":"Navegadores compat\u00edveis","content":"Firefox, Safari, Opera, Chrome, Edge"}],"tags":[],"tags_disable_links":"0","hide_more_platforms":"0","video_object":"","demo_hide_cta":"0","demo_hide_cloud_options":"0","pricing_title":"","pricing":[{"pricing_icon":"platform","pricing_title":"Elfsight Apps","pricing_title_caption":"Solu\u00e7\u00e3o multiplataforma","pricing_price":"a partir de US$ 0\/m\u00eas","pricing_price_caption":"comece com plano gratuito","pricing_benefits":[{"text":"Sites ilimitados"},{"text":"Suporte profissional e pontual"},{"text":"Suporte profissional e pontual"},{"text":"100% personaliz\u00e1vel"}],"pricing_button_text":"Adicionar ao site","pricing_button_url":"#demo"}],"related_apps_title":"","related_apps_hidden":"0","author":"","image":[],"title":"","job":"","social_networks":[]},"_links":{"self":[{"href":"https:\/\/elfsight.com\/pt\/wp-json\/wp\/v2\/pages\/5984","targetHints":{"allow":["GET"]}}],"collection":[{"href":"https:\/\/elfsight.com\/pt\/wp-json\/wp\/v2\/pages"}],"about":[{"href":"https:\/\/elfsight.com\/pt\/wp-json\/wp\/v2\/types\/page"}],"author":[{"embeddable":true,"href":"https:\/\/elfsight.com\/pt\/wp-json\/wp\/v2\/users\/9"}],"replies":[{"embeddable":true,"href":"https:\/\/elfsight.com\/pt\/wp-json\/wp\/v2\/comments?post=5984"}],"version-history":[{"count":2,"href":"https:\/\/elfsight.com\/pt\/wp-json\/wp\/v2\/pages\/5984\/revisions"}],"predecessor-version":[{"id":14076,"href":"https:\/\/elfsight.com\/pt\/wp-json\/wp\/v2\/pages\/5984\/revisions\/14076"}],"up":[{"embeddable":true,"href":"https:\/\/elfsight.com\/pt\/wp-json\/wp\/v2\/pages\/1508"}],"wp:attachment":[{"href":"https:\/\/elfsight.com\/pt\/wp-json\/wp\/v2\/media?parent=5984"}],"curies":[{"name":"wp","href":"https:\/\/api.w.org\/{rel}","templated":true}]}}