{"id":5983,"date":"2024-05-03T06:30:31","date_gmt":"2024-05-03T06:30:31","guid":{"rendered":"https:\/\/elfsight.com\/pt\/?page_id=5983"},"modified":"2025-02-28T06:23:00","modified_gmt":"2025-02-28T06:23:00","slug":"jimdo","status":"publish","type":"page","link":"https:\/\/elfsight.com\/pt\/booking-reviews-widget\/jimdo\/","title":{"rendered":"Booking Reviews &#8211; Jimdo"},"content":{"rendered":"\n<div class=\"application-platform-content-item-description application-platform-content-item\" id=\"description\" data-nav-section=\"description\"> <h2>Descri\u00e7\u00e3o<\/h2> <p>Elfsight Booking Reviews \u00e9 um widget \u00fatil que lhe d\u00e1 a oportunidade de demonstrar as avalia\u00e7\u00f5es sobre sua mercadoria diretamente no seu site de todos os sites de avalia\u00e7\u00e3o conhecidos. Fazendo uso de nosso widget, voc\u00ea poder\u00e1 aplicar filtros para ocultar coment\u00e1rios indesejados, expor sua avalia\u00e7\u00e3o por estrelas e quantidade diretamente de sua conta em qualquer site de avalia\u00e7\u00f5es, adicionar dados sobre os criadores das avalia\u00e7\u00f5es e anexar um bot\u00e3o CTA que ir\u00e1 provocar visitantes escrevam seus pensamentos. Nosso aplicativo Booking Reviews ir\u00e1 pression\u00e1-lo a demonstrar sua not\u00e1vel prova social diretamente no site e come\u00e7ar a receber mais novas compras. <\/p><p><b>Insira avalia\u00e7\u00f5es de reservas para atingir os objetivos do seu neg\u00f3cio! <\/b><\/p> <\/div> <div class=\"application-platform-content-item-features application-platform-content-item\" id=\"features\" data-nav-section=\"features\"> <h2>O widget possui recursos \u00fateis e r\u00e1pidos, aqui est\u00e3o alguns deles: <\/h2> <ul><li>Integrar avalia\u00e7\u00f5es de clientes da conta Booking<\/li><li>Tr\u00eas tipos de filtros: por tipo, exclus\u00e3o por e quantidade de coment\u00e1rios<\/li><li>Quatro tipos de layout: Lista, Alvenaria, Slider e Grade<\/li><li> tipos de navega\u00e7\u00e3o com setas e arrastamentos no layout do controle deslizante<\/li><li>Definir a velocidade do slide e a velocidade de reprodu\u00e7\u00e3o autom\u00e1tica<\/li><li>Selecionar o tipo de pagina\u00e7\u00e3o no layout do controle deslizante<\/li><li>Bot\u00e3o de call to action para obter novos avalia\u00e7\u00f5es de usu\u00e1rios na p\u00e1gina de reservas<\/li><li>3 modelos de avalia\u00e7\u00e3o: Spotlight, Bubble, Classic<\/li><li>Seis elementos flex\u00edveis das avalia\u00e7\u00f5es: \u00edcone de reserva e nome do autor, data, classifica\u00e7\u00e3o por estrelas, foto e recomenda\u00e7\u00e3o <\/li><li>Uma op\u00e7\u00e3o para alterar o tamanho da fonte do texto de revis\u00e3o<\/li><\/ul><p><a href=\"#demo\">Voc\u00ea pode testar todos os recursos do widget na demonstra\u00e7\u00e3o aqui<\/a><\/p> <\/div> <div class=\"application-platform-content-item-installation application-platform-content-item\" id=\"installation\" data-nav-section=\"installation\"> <h2>Como adicionar avalia\u00e7\u00f5es de reservas ao meu site Jimdo? <\/h2> <p>Basta seguir as orienta\u00e7\u00f5es abaixo para inserir a ferramenta. <\/p> <ol><li><b>Inicie nosso configurador gratuito e comece a moldar seu widget personalizado. <\/b><br> Determine a apar\u00eancia personalizada e a funcionalidade do widget e salve as edi\u00e7\u00f5es. <\/li> <li><b>Adquira o seu c\u00f3digo pessoal que aparece no formul\u00e1rio especial nas aplica\u00e7\u00f5es Elfsight. <\/b><br> Quando a configura\u00e7\u00e3o do seu widget estiver conclu\u00edda, copie o c\u00f3digo pessoal na caixa que aparece e salve-o para uso futuro. <\/li> <li><b>Comece a usar o widget no seu site Jimdo. <\/b><br> Insira o c\u00f3digo copiado anteriormente em sua p\u00e1gina inicial e aplique os ajustes. <\/li> <li><b>Pronto! A configura\u00e7\u00e3o foi executada com sucesso. <\/b><br> Acesse sua p\u00e1gina para ver o funcionamento do widget. <\/li><\/ol> <p>Supondo que voc\u00ea encontre alguns problemas, n\u00e3o hesite em entrar em contato com nossa equipe de atendimento ao cliente. Nosso pessoal deseja ajud\u00e1-lo com todas as d\u00favidas que voc\u00ea possa ter sobre a ferramenta. <\/p><div class=\"faq\" data-component=\"FAQ\"> \n<div class=\"faq-item\">\r\n\t\t\t\t\t<div class=\"faq-item-question\">\r\n\t\t\t\t\t\t<h3 class=\"faq-item-question-text\">Como adicionar avalia\u00e7\u00f5es do Booking.com ao meu site Jimdo sem habilidades de programa\u00e7\u00e3o?<\/h3>\r\n\r\n\t\t\t\t\t\t<div class=\"faq-item-question-icon\"><\/div>\r\n\t\t\t\t\t<\/div>\r\n\r\n\t\t\t\t\t<div class=\"faq-item-answer\">\r\n\t\t\t\t\t\t<div class=\"faq-item-answer-text\"> \n<p>A Elfsight oferece uma solu\u00e7\u00e3o SaaS que permite criar facilmente um widget de avalia\u00e7\u00f5es do Booking.com. Veja como o processo \u00e9 simples:<\/p>\n<ul>\n<li>Trabalhe diretamente no editor online para criar um widget de avalia\u00e7\u00f5es do Booking.com que voc\u00ea gostaria de ter no seu site Jimdo.<\/li>\n\n<li>Escolha uma das modelos prontos, ajuste as configura\u00e7\u00f5es do widget de avalia\u00e7\u00f5es do Booking.com, adicione seu conte\u00fado e altere o layout e as cores \u2013 tudo isso sem precisar de habilidades de programa\u00e7\u00e3o.<\/li>\n\n<li>Salve as configura\u00e7\u00f5es e copie o c\u00f3digo de incorpora\u00e7\u00e3o, que pode ser facilmente colado no seu site Jimdo, sem a necessidade de comprar uma vers\u00e3o paga.<\/li>\n<\/ul>\n<p>Com nosso editor intuitivo, qualquer usu\u00e1rio pode criar um widget de avalia\u00e7\u00f5es do Booking.com online e incorpor\u00e1-lo facilmente no seu site. N\u00e3o \u00e9 necess\u00e1rio pagar ou inserir dados do cart\u00e3o para acessar o servi\u00e7o. Se voc\u00ea encontrar problemas em qualquer etapa, entre em contato com nossa equipe de suporte t\u00e9cnico.<\/p> \n<\/div>\r\n\t\t\t\t\t<\/div>\r\n\t\t\t\t<\/div> \n<\/div>\n<\/div>\n","protected":false},"excerpt":{"rendered":"","protected":false},"author":9,"featured_media":0,"parent":1508,"menu_order":0,"comment_status":"closed","ping_status":"closed","template":"templates\/template-application-platform.php","meta":{"publish_to_discourse":"","publish_post_category":"","wpdc_auto_publish_overridden":"","wpdc_topic_tags":"","wpdc_pin_topic":"","wpdc_pin_until":"","discourse_post_id":"","discourse_permalink":"","wpdc_publishing_response":"","wpdc_publishing_error":"","footnotes":""},"class_list":["post-5983","page","type-page","status-publish","hentry"],"yoast_head":"<!-- This site is optimized with the Yoast SEO plugin v25.3.1 - https:\/\/yoast.com\/wordpress\/plugins\/seo\/ -->\n<title>Incorporar avalia\u00e7\u00f5es de reservas no site Jimdo (r\u00e1pido e f\u00e1cil)<\/title>\n<meta name=\"description\" content=\"Com a Elfsight, personalize suas avalia\u00e7\u00f5es de reservas e adicione-as ao seu site Jimdo com facilidade. Temos suporte gratuito ao cliente e mais b\u00f4nus.\" \/>\n<meta name=\"robots\" content=\"index, follow, max-snippet:-1, max-image-preview:large, max-video-preview:-1\" \/>\n<link rel=\"canonical\" href=\"https:\/\/elfsight.com\/pt\/booking-reviews-widget\/jimdo\/\" \/>\n<meta property=\"og:locale\" content=\"pt_PT\" \/>\n<meta property=\"og:type\" content=\"article\" \/>\n<meta property=\"og:title\" content=\"Incorporar avalia\u00e7\u00f5es de reservas no site Jimdo (r\u00e1pido e f\u00e1cil)\" \/>\n<meta property=\"og:description\" content=\"Com a Elfsight, personalize suas avalia\u00e7\u00f5es de reservas e adicione-as ao seu site Jimdo com facilidade. Temos suporte gratuito ao cliente e mais b\u00f4nus.\" \/>\n<meta property=\"og:url\" content=\"https:\/\/elfsight.com\/pt\/booking-reviews-widget\/jimdo\/\" \/>\n<meta property=\"og:site_name\" content=\"Elfsight PT\" \/>\n<meta property=\"article:modified_time\" content=\"2025-02-28T06:23:00+00:00\" \/>\n<meta name=\"twitter:card\" content=\"summary_large_image\" \/>\n<meta name=\"twitter:label1\" content=\"Tempo estimado de leitura\" \/>\n\t<meta name=\"twitter:data1\" content=\"4 minutos\" \/>\n<!-- \/ Yoast SEO plugin. -->","yoast_head_json":{"title":"Incorporar avalia\u00e7\u00f5es de reservas no site Jimdo (r\u00e1pido e f\u00e1cil)","description":"Com a Elfsight, personalize suas avalia\u00e7\u00f5es de reservas e adicione-as ao seu site Jimdo com facilidade. Temos suporte gratuito ao cliente e mais b\u00f4nus.","robots":{"index":"index","follow":"follow","max-snippet":"max-snippet:-1","max-image-preview":"max-image-preview:large","max-video-preview":"max-video-preview:-1"},"canonical":"https:\/\/elfsight.com\/pt\/booking-reviews-widget\/jimdo\/","og_locale":"pt_PT","og_type":"article","og_title":"Incorporar avalia\u00e7\u00f5es de reservas no site Jimdo (r\u00e1pido e f\u00e1cil)","og_description":"Com a Elfsight, personalize suas avalia\u00e7\u00f5es de reservas e adicione-as ao seu site Jimdo com facilidade. Temos suporte gratuito ao cliente e mais b\u00f4nus.","og_url":"https:\/\/elfsight.com\/pt\/booking-reviews-widget\/jimdo\/","og_site_name":"Elfsight PT","article_modified_time":"2025-02-28T06:23:00+00:00","twitter_card":"summary_large_image","twitter_misc":{"Tempo estimado de leitura":"4 minutos"},"schema":{"@context":"https:\/\/schema.org","@graph":[{"@type":"WebPage","@id":"https:\/\/elfsight.com\/pt\/booking-reviews-widget\/jimdo\/","url":"https:\/\/elfsight.com\/pt\/booking-reviews-widget\/jimdo\/","name":"Incorporar avalia\u00e7\u00f5es de reservas no site Jimdo (r\u00e1pido e f\u00e1cil)","isPartOf":{"@id":"https:\/\/elfsight.com\/pt\/#website"},"datePublished":"2024-05-03T06:30:31+00:00","dateModified":"2025-02-28T06:23:00+00:00","description":"Com a Elfsight, personalize suas avalia\u00e7\u00f5es de reservas e adicione-as ao seu site Jimdo com facilidade. Temos suporte gratuito ao cliente e mais b\u00f4nus.","breadcrumb":{"@id":"https:\/\/elfsight.com\/pt\/booking-reviews-widget\/jimdo\/#breadcrumb"},"inLanguage":"pt-PT","potentialAction":[{"@type":"ReadAction","target":["https:\/\/elfsight.com\/pt\/booking-reviews-widget\/jimdo\/"]}]},{"@type":"BreadcrumbList","@id":"https:\/\/elfsight.com\/pt\/booking-reviews-widget\/jimdo\/#breadcrumb","itemListElement":[{"@type":"ListItem","position":1,"name":"Home","item":"https:\/\/elfsight.com\/pt\/"},{"@type":"ListItem","position":2,"name":"Booking Reviews","item":"https:\/\/elfsight.com\/pt\/booking-reviews-widget\/"},{"@type":"ListItem","position":3,"name":"Booking Reviews &#8211; Jimdo"}]},{"@type":"WebSite","@id":"https:\/\/elfsight.com\/pt\/#website","url":"https:\/\/elfsight.com\/pt\/","name":"Elfsight PT","description":"Just another Elfsight Sites site","potentialAction":[{"@type":"SearchAction","target":{"@type":"EntryPoint","urlTemplate":"https:\/\/elfsight.com\/pt\/?s={search_term_string}"},"query-input":{"@type":"PropertyValueSpecification","valueRequired":true,"valueName":"search_term_string"}}],"inLanguage":"pt-PT"}]}},"meta_box":{"industry":"","seo_heading":"","heading":"","description":"","cta_heading":"","cta_description":"","application":"1507","h1":"Widget de avalia\u00e7\u00f5es do Jimdo Booking.com","h1_caption":"Insira as avalia\u00e7\u00f5es de clientes mais atraentes do Booking em seu site","application_category":[],"applications_title":"","applications_request_title":"","applications_request_button_text":"","hero_text":"","hero_video":"","hero_video_schema_markup":"","selling_points_title":"","selling_points_caption":"","selling_points":[],"selling_points_cta_text":"","features_title":"","features":"","ed_cta_examples_text":"","ed_cta_examples_hidden":"","ed_cta_demo_text":"","ed_cta_demo_hidden":"","why_caption":"","why_editor_title":"","why_editor_text":"","why_team_title":"","why_team_text":"","why_service_title":"","why_service_text":"","template_catalog_visible":"0","template_catalog_title":"","template_catalog_text":"","template_catalog_categories_visible":"","demo_title":"Crie seu widget de avalia\u00e7\u00f5es de reservas","demo_caption":"Configure suas avalia\u00e7\u00f5es de reserva e adicione-as ao seu site Jimdo gratuitamente!","default_faq_hidden":"","app_template_category":[],"platform":"5393","template_public_id":"","codecanyon_url":"","codecanyon_item_id":"","codecanyon_price":"","pricing_caption":"","pricing_elfsight_apps_hide_column":"","pricing_elfsight_apps_url":"","pricing_codecanyon_price_caption":"","integration_category":[],"integration_request_title":"","integration_request_cta":"","integration_platform":"","integrations":[],"platform_category":[],"video_schema_markup":"","price":"a partir de US$ 0\/m\u00eas","trial":"","benefits":[{"text":"Servi\u00e7o de instala\u00e7\u00e3o gratuito"},{"text":"Atendimento ao cliente competente"},{"text":"Garantia de devolu\u00e7\u00e3o do dinheiro em 14 dias"},{"text":"Desenvolvimento cont\u00ednuo"}],"button_url":"#demo","button_target_blank":"0","button_nofollow":"0","attributes":[{"name":"Instala\u00e7\u00f5es","content":"10,000 - 100,000"},{"name":"Responsivo","content":"Sim"},{"name":"Navegadores compat\u00edveis","content":"Firefox, Safari, Opera, Chrome, Edge"}],"tags":[],"tags_disable_links":"0","hide_more_platforms":"0","video_object":"","demo_hide_cta":"0","demo_hide_cloud_options":"0","pricing_title":"","pricing":[{"pricing_icon":"platform","pricing_title":"Elfsight Apps","pricing_title_caption":"Solu\u00e7\u00e3o multiplataforma","pricing_price":"a partir de US$ 0\/m\u00eas","pricing_price_caption":"comece com plano gratuito","pricing_benefits":[{"text":"Sites ilimitados"},{"text":"Suporte premium e pontual"},{"text":"Suporte premium e pontual"},{"text":"Design flex\u00edvel"}],"pricing_button_text":"Adicionar ao site","pricing_button_url":"#demo"}],"related_apps_title":"","related_apps_hidden":"0","author":"","image":[],"title":"","job":"","social_networks":[]},"_links":{"self":[{"href":"https:\/\/elfsight.com\/pt\/wp-json\/wp\/v2\/pages\/5983","targetHints":{"allow":["GET"]}}],"collection":[{"href":"https:\/\/elfsight.com\/pt\/wp-json\/wp\/v2\/pages"}],"about":[{"href":"https:\/\/elfsight.com\/pt\/wp-json\/wp\/v2\/types\/page"}],"author":[{"embeddable":true,"href":"https:\/\/elfsight.com\/pt\/wp-json\/wp\/v2\/users\/9"}],"replies":[{"embeddable":true,"href":"https:\/\/elfsight.com\/pt\/wp-json\/wp\/v2\/comments?post=5983"}],"version-history":[{"count":2,"href":"https:\/\/elfsight.com\/pt\/wp-json\/wp\/v2\/pages\/5983\/revisions"}],"predecessor-version":[{"id":14074,"href":"https:\/\/elfsight.com\/pt\/wp-json\/wp\/v2\/pages\/5983\/revisions\/14074"}],"up":[{"embeddable":true,"href":"https:\/\/elfsight.com\/pt\/wp-json\/wp\/v2\/pages\/1508"}],"wp:attachment":[{"href":"https:\/\/elfsight.com\/pt\/wp-json\/wp\/v2\/media?parent=5983"}],"curies":[{"name":"wp","href":"https:\/\/api.w.org\/{rel}","templated":true}]}}