{"id":5929,"date":"2024-05-03T06:30:05","date_gmt":"2024-05-03T06:30:05","guid":{"rendered":"https:\/\/elfsight.com\/pt\/?page_id=5929"},"modified":"2024-11-12T15:29:14","modified_gmt":"2024-11-12T15:29:14","slug":"jimdo","status":"publish","type":"page","link":"https:\/\/elfsight.com\/pt\/before-and-after-slider-widget\/jimdo\/","title":{"rendered":"Before and After Slider &#8211; Jimdo"},"content":{"rendered":"<div class=\"application-platform-content-item-description application-platform-content-item\" id=\"description\" data-nav-section=\"description\"> <h2>Descri\u00e7\u00e3o<\/h2> <p>Before and After Slider da Elfsight ajuda voc\u00ea a publicar fotos fascinantes de promo\u00e7\u00e3o para o seu site. Os visitantes podem explorar todas as altera\u00e7\u00f5es que os seus produtos ou servi\u00e7os introduzem. Basta fazer upload das fotos de antes e depois para Antes e Depois do Slider para Jimdo e elas sair\u00e3o com uma divis\u00f3ria que pode ser movida para observar a diferen\u00e7a. Voc\u00ea pode ter suas ofertas! <\/p> <p><b>Com o controle deslizante antes e depois, alcance o crescimento sustent\u00e1vel dos neg\u00f3cios e mais vendas <\/b><\/p><\/div> <div class=\"application-platform-content-item-features application-platform-content-item\" id=\"features\" data-nav-section=\"features\"> <h2>Esses s\u00e3o apenas alguns dos valiosos recursos do widget: <\/h2> <ul><li>Demonstre qualquer quantidade de pares de fotos Antes e Depois<\/li> <li>Crie legendas com formata\u00e7\u00e3o de texto para cada foto<\/li><li>Dois recursos integrados layouts: lista e carrossel<\/li><li>Movimento horizontal ou vertical do divisor<\/li><li>Clique e arraste ou simplesmente passe o mouse para deslocar o divisor<\/li><li>Deslizar em dispositivos com tela sens\u00edvel ao toque<\/li><\/ul><p><a href=\"#demo\">Voc\u00ea pode verificar o que o widget oferece com a ajuda da demonstra\u00e7\u00e3o<\/a><\/p> <\/div> <div class=\"application-platform-content-item-installation application-platform-content-item\" id=\"installation\" data-nav-section=\"installation\"> <h2>Como fa\u00e7o para incorporar o controle deslizante Antes e Depois em um site Jimdo? <\/h2> <p>Basta seguir os seguintes passos descritos abaixo para inserir a ferramenta. <\/p> <ol><li><b>Utilize nosso configurador gratuito e comece a criar seu instrumento personalizado. <\/b><br> Determine o design e os par\u00e2metros preferidos do widget e aplique as edi\u00e7\u00f5es. <\/li> <li><b>Obtenha seu c\u00f3digo pessoal mostrado na caixa dos aplicativos Elfsight. <\/b><br> Quando a personaliza\u00e7\u00e3o do seu widget pessoal for conclu\u00edda, copie o c\u00f3digo individual da caixa exibida e guarde-o para futuras ocasi\u00f5es. <\/li> <li><b>Comece a usar o widget na p\u00e1gina inicial do Jimdo. <\/b><br> Coloque o c\u00f3digo que voc\u00ea salvou recentemente em sua p\u00e1gina e aplique as edi\u00e7\u00f5es. <\/li> <li><b>A instala\u00e7\u00e3o foi totalmente realizada. <\/b><br> Acesse sua p\u00e1gina para ver o desempenho da ferramenta. <\/li><\/ol> <p>Caso tenha d\u00favidas ou encontre alguma dificuldade, sinta-se \u00e0 vontade para entrar em contato com nossa equipe de suporte. Nossos especialistas ter\u00e3o prazer em resolver todas as d\u00favidas que voc\u00ea possa ter com o widget. <\/p> <div class=\"faq\" data-component=\"FAQ\"><div class=\"faq-item\">\r\n\t\t\t\t\t<div class=\"faq-item-question\">\r\n\t\t\t\t\t\t<h3 class=\"faq-item-question-text\">Como posso adicionar um controle deslizante Antes e Depois ao meu site Jimdo sem habilidades de codifica\u00e7\u00e3o?<\/h3>\r\n\r\n\t\t\t\t\t\t<div class=\"faq-item-question-icon\"><\/div>\r\n\t\t\t\t\t<\/div>\r\n\r\n\t\t\t\t\t<div class=\"faq-item-answer\">\r\n\t\t\t\t\t\t<div class=\"faq-item-answer-text\"> <p>A Elfsight fornece uma solu\u00e7\u00e3o SaaS que permite que voc\u00ea mesmo crie um widget deslizante Antes e Depois , veja como o processo \u00e9 f\u00e1cil: Trabalhe diretamente no Editor on-line para criar um widget deslizante Antes e Depois que voc\u00ea gostaria de ver em seu site Jimdo. Escolha um dos modelos predefinidos e ajuste as configura\u00e7\u00f5es do controle deslizante Antes e Depois, adicione seu conte\u00fado, altere o layout e as cores sem habilidades de codifica\u00e7\u00e3o. Salve o controle deslizante Antes e depois e copie seu c\u00f3digo de instala\u00e7\u00e3o, que voc\u00ea pode simplesmente incorporar em seu site Jimdo sem comprar um plano pago. Com nosso editor intuitivo, qualquer usu\u00e1rio da Internet pode criar um widget deslizante antes e depois on-line e incorpor\u00e1-lo facilmente em seu site Jimdo. N\u00e3o h\u00e1 necessidade de pagar ou inserir as credenciais do seu cart\u00e3o para acessar o servi\u00e7o. Se voc\u00ea enfrentar qualquer problema em qualquer etapa, n\u00e3o hesite em entrar em contato com nossa equipe de suporte t\u00e9cnico.<\/p> <\/div>\r\n\t\t\t\t\t<\/div>\r\n\t\t\t\t<\/div> <\/div><\/div>","protected":false},"excerpt":{"rendered":"","protected":false},"author":9,"featured_media":0,"parent":1019,"menu_order":0,"comment_status":"closed","ping_status":"closed","template":"templates\/template-application-platform.php","meta":{"publish_to_discourse":"","publish_post_category":"","wpdc_auto_publish_overridden":"","wpdc_topic_tags":"","wpdc_pin_topic":"","wpdc_pin_until":"","discourse_post_id":"","discourse_permalink":"","wpdc_publishing_response":"","wpdc_publishing_error":"","footnotes":""},"class_list":["post-5929","page","type-page","status-publish","hentry"],"yoast_head":"<!-- This site is optimized with the Yoast SEO plugin v25.3.1 - https:\/\/yoast.com\/wordpress\/plugins\/seo\/ -->\n<title>Site Antes e Depois do Slider para Jimdo (gr\u00e1tis e r\u00e1pido!)<\/title>\n<meta name=\"description\" content=\"Widget Shape Before and After Slider em seu site Jimdo. Teste a demonstra\u00e7\u00e3o gratuita da Elfsight e crie seu controle deslizante de compara\u00e7\u00e3o em apenas alguns segundos.\" \/>\n<meta name=\"robots\" content=\"index, follow, max-snippet:-1, max-image-preview:large, max-video-preview:-1\" \/>\n<link rel=\"canonical\" href=\"https:\/\/elfsight.com\/pt\/before-and-after-slider-widget\/jimdo\/\" \/>\n<meta property=\"og:locale\" content=\"pt_PT\" \/>\n<meta property=\"og:type\" content=\"article\" \/>\n<meta property=\"og:title\" content=\"Site Antes e Depois do Slider para Jimdo (gr\u00e1tis e r\u00e1pido!)\" \/>\n<meta property=\"og:description\" content=\"Widget Shape Before and After Slider em seu site Jimdo. Teste a demonstra\u00e7\u00e3o gratuita da Elfsight e crie seu controle deslizante de compara\u00e7\u00e3o em apenas alguns segundos.\" \/>\n<meta property=\"og:url\" content=\"https:\/\/elfsight.com\/pt\/before-and-after-slider-widget\/jimdo\/\" \/>\n<meta property=\"og:site_name\" content=\"Elfsight PT\" \/>\n<meta property=\"article:modified_time\" content=\"2024-11-12T15:29:14+00:00\" \/>\n<meta name=\"twitter:card\" content=\"summary_large_image\" \/>\n<meta name=\"twitter:label1\" content=\"Tempo estimado de leitura\" \/>\n\t<meta name=\"twitter:data1\" content=\"3 minutos\" \/>\n<!-- \/ Yoast SEO plugin. -->","yoast_head_json":{"title":"Site Antes e Depois do Slider para Jimdo (gr\u00e1tis e r\u00e1pido!)","description":"Widget Shape Before and After Slider em seu site Jimdo. Teste a demonstra\u00e7\u00e3o gratuita da Elfsight e crie seu controle deslizante de compara\u00e7\u00e3o em apenas alguns segundos.","robots":{"index":"index","follow":"follow","max-snippet":"max-snippet:-1","max-image-preview":"max-image-preview:large","max-video-preview":"max-video-preview:-1"},"canonical":"https:\/\/elfsight.com\/pt\/before-and-after-slider-widget\/jimdo\/","og_locale":"pt_PT","og_type":"article","og_title":"Site Antes e Depois do Slider para Jimdo (gr\u00e1tis e r\u00e1pido!)","og_description":"Widget Shape Before and After Slider em seu site Jimdo. Teste a demonstra\u00e7\u00e3o gratuita da Elfsight e crie seu controle deslizante de compara\u00e7\u00e3o em apenas alguns segundos.","og_url":"https:\/\/elfsight.com\/pt\/before-and-after-slider-widget\/jimdo\/","og_site_name":"Elfsight PT","article_modified_time":"2024-11-12T15:29:14+00:00","twitter_card":"summary_large_image","twitter_misc":{"Tempo estimado de leitura":"3 minutos"},"schema":{"@context":"https:\/\/schema.org","@graph":[{"@type":"WebPage","@id":"https:\/\/elfsight.com\/pt\/before-and-after-slider-widget\/jimdo\/","url":"https:\/\/elfsight.com\/pt\/before-and-after-slider-widget\/jimdo\/","name":"Site Antes e Depois do Slider para Jimdo (gr\u00e1tis e r\u00e1pido!)","isPartOf":{"@id":"https:\/\/elfsight.com\/pt\/#website"},"datePublished":"2024-05-03T06:30:05+00:00","dateModified":"2024-11-12T15:29:14+00:00","description":"Widget Shape Before and After Slider em seu site Jimdo. Teste a demonstra\u00e7\u00e3o gratuita da Elfsight e crie seu controle deslizante de compara\u00e7\u00e3o em apenas alguns segundos.","breadcrumb":{"@id":"https:\/\/elfsight.com\/pt\/before-and-after-slider-widget\/jimdo\/#breadcrumb"},"inLanguage":"pt-PT","potentialAction":[{"@type":"ReadAction","target":["https:\/\/elfsight.com\/pt\/before-and-after-slider-widget\/jimdo\/"]}]},{"@type":"BreadcrumbList","@id":"https:\/\/elfsight.com\/pt\/before-and-after-slider-widget\/jimdo\/#breadcrumb","itemListElement":[{"@type":"ListItem","position":1,"name":"Home","item":"https:\/\/elfsight.com\/pt\/"},{"@type":"ListItem","position":2,"name":"Before and After Slider","item":"https:\/\/elfsight.com\/pt\/before-and-after-slider-widget\/"},{"@type":"ListItem","position":3,"name":"Before and After Slider &#8211; Jimdo"}]},{"@type":"WebSite","@id":"https:\/\/elfsight.com\/pt\/#website","url":"https:\/\/elfsight.com\/pt\/","name":"Elfsight PT","description":"Just another Elfsight Sites site","potentialAction":[{"@type":"SearchAction","target":{"@type":"EntryPoint","urlTemplate":"https:\/\/elfsight.com\/pt\/?s={search_term_string}"},"query-input":{"@type":"PropertyValueSpecification","valueRequired":true,"valueName":"search_term_string"}}],"inLanguage":"pt-PT"}]}},"meta_box":{"industry":"","seo_heading":"","heading":"","description":"","cta_heading":"","cta_description":"","application":"1018","h1":"Antes e depois do controle deslizante para Jimdo","h1_caption":"Mostre como seus produtos e servi\u00e7os realmente funcionam e aumente as vendas","application_category":[],"applications_title":"","applications_request_title":"","applications_request_button_text":"","hero_text":"","hero_video":"","hero_video_schema_markup":"","selling_points_title":"","selling_points_caption":"","selling_points":[],"selling_points_cta_text":"","features_title":"","features":"","ed_cta_examples_text":"","ed_cta_examples_hidden":"","ed_cta_demo_text":"","ed_cta_demo_hidden":"","why_caption":"","why_editor_title":"","why_editor_text":"","why_team_title":"","why_team_text":"","why_service_title":"","why_service_text":"","template_catalog_visible":"","template_catalog_title":"","template_catalog_text":"","template_catalog_categories_visible":"","demo_title":"Crie seu widget Slider Antes e Depois","demo_caption":"Configure seu controle deslizante Antes e Depois e adicione-o ao seu site Jimdo gratuitamente!","default_faq_hidden":"","app_template_category":[],"platform":"5393","template_public_id":"","codecanyon_url":"","codecanyon_item_id":"","codecanyon_price":"","pricing_caption":"","pricing_elfsight_apps_hide_column":"","pricing_elfsight_apps_url":"","pricing_codecanyon_price_caption":"","integration_category":[],"integration_request_title":"","integration_request_cta":"","integration_platform":"","integrations":[],"platform_category":[],"video_schema_markup":"","price":"a partir de US$ 0\/m\u00eas","trial":"","benefits":[{"text":"Servi\u00e7o de instala\u00e7\u00e3o gratuito"},{"text":"Suporte premium"},{"text":"Garantia de devolu\u00e7\u00e3o do dinheiro em 14 dias"},{"text":"Desenvolvimento cont\u00ednuo"}],"button_url":"#demo","button_target_blank":"","button_nofollow":"","attributes":[{"name":"Instala\u00e7\u00f5es","content":"10,000 - 100,000"},{"name":"Responsivo","content":"Sim"},{"name":"Navegadores compat\u00edveis","content":"Firefox, Safari, Opera, Chrome, Edge"}],"tags":[],"tags_disable_links":"","hide_more_platforms":"","video_object":"","demo_hide_cta":"","demo_hide_cloud_options":"","pricing_title":"","pricing":[{"pricing_icon":"platform","pricing_title":"Elfsight Apps","pricing_title_caption":"Vers\u00e3o independente de plataforma","pricing_price":"a partir de US$ 0\/m\u00eas","pricing_price_caption":"comece com plano gratuito","pricing_benefits":[{"text":"Sites ilimitados"},{"text":"Suporte \u00e0 empresa 24 horas por dia, 7 dias por semana"},{"text":"Suporte \u00e0 empresa 24 horas por dia, 7 dias por semana"},{"text":"Design flex\u00edvel"}],"pricing_button_text":"Adicionar ao site","pricing_button_url":"#demo"}],"related_apps_title":"","related_apps_hidden":"","author":"","image":[],"title":"","job":"","social_networks":[]},"_links":{"self":[{"href":"https:\/\/elfsight.com\/pt\/wp-json\/wp\/v2\/pages\/5929","targetHints":{"allow":["GET"]}}],"collection":[{"href":"https:\/\/elfsight.com\/pt\/wp-json\/wp\/v2\/pages"}],"about":[{"href":"https:\/\/elfsight.com\/pt\/wp-json\/wp\/v2\/types\/page"}],"author":[{"embeddable":true,"href":"https:\/\/elfsight.com\/pt\/wp-json\/wp\/v2\/users\/9"}],"replies":[{"embeddable":true,"href":"https:\/\/elfsight.com\/pt\/wp-json\/wp\/v2\/comments?post=5929"}],"version-history":[{"count":1,"href":"https:\/\/elfsight.com\/pt\/wp-json\/wp\/v2\/pages\/5929\/revisions"}],"predecessor-version":[{"id":5933,"href":"https:\/\/elfsight.com\/pt\/wp-json\/wp\/v2\/pages\/5929\/revisions\/5933"}],"up":[{"embeddable":true,"href":"https:\/\/elfsight.com\/pt\/wp-json\/wp\/v2\/pages\/1019"}],"wp:attachment":[{"href":"https:\/\/elfsight.com\/pt\/wp-json\/wp\/v2\/media?parent=5929"}],"curies":[{"name":"wp","href":"https:\/\/api.w.org\/{rel}","templated":true}]}}