{"id":5920,"date":"2024-05-03T06:30:00","date_gmt":"2024-05-03T06:30:00","guid":{"rendered":"https:\/\/elfsight.com\/pt\/?page_id=5920"},"modified":"2025-03-04T07:18:05","modified_gmt":"2025-03-04T07:18:05","slug":"facebook","status":"publish","type":"page","link":"https:\/\/elfsight.com\/pt\/banner-widget\/facebook\/","title":{"rendered":"Banner &#8211; Facebook Page"},"content":{"rendered":"\n<div class=\"application-platform-content-item-description application-platform-content-item\" id=\"description\" data-nav-section=\"description\"> <h2>Descri\u00e7\u00e3o<\/h2> <p>O widget Elfsight Banner para p\u00e1gina do Facebook \u00e9 um recurso altamente personaliz\u00e1vel. Atualmente voc\u00ea tem a oportunidade de criar um banner promocional para quase qualquer objetivo. Tudo que voc\u00ea precisa \u00e9 escolher uma imagem de fundo, o tipo de fundo, definir sua posi\u00e7\u00e3o, anexar o t\u00edtulo e o texto. Lembre-se de anexar um bot\u00e3o de call to action \u2013 uma parte essencial de qualquer banner. E com certeza voc\u00ea est\u00e1 livre para adaptar o design geral do widget da maneira que precisar. <\/p> <p><b>Por meio do banner atraente nas p\u00e1ginas do seu site, impulsione seus produtos e servi\u00e7os, motivando mais usu\u00e1rios do site a fazer uma compra.<\/b><\/p> <\/div> <div class=\"application-platform-content-item-recursos application-platform-content-item\" id=\"recursos\" data-nav-section=\"recursos\"> <h2>Encontre abaixo os recursos b\u00e1sicos do widget: <\/h2> <ul><li>Envie fotos e v\u00eddeos. <\/li><li>Adicione links, seu e-mail ou n\u00famero de telefone.<\/li><li>Adicione t\u00edtulo e texto. <\/li><li>Crie seu bot\u00e3o CTA. <\/li><li>Deixe seu bot\u00e3o ser preenchido ou contornado. <\/li><\/ul><p><a href=\"#demo\">Voc\u00ea pode verificar se o widget oferece testando a demonstra\u00e7\u00e3o<\/a><\/p> <\/div> <div class=\"application-platform-content-item-installation application-platform-content-item\" id=\"installation\" data-nav-section=\"installation\"> <h2>Como incorporar Banner no site da minha p\u00e1gina do Facebook? <\/h2> <p>Basta seguir as orienta\u00e7\u00f5es abaixo para integrar o widget. <\/p> <ol><li><b>Realize nossa demonstra\u00e7\u00e3o gratuita e comece a criar seu widget personalizado. <\/b><br> Escolha a interface personalizada e as caracter\u00edsticas da ferramenta e aplique as modifica\u00e7\u00f5es. <\/li> <li><b>Receba o seu c\u00f3digo pessoal revelado no formul\u00e1rio especial nas aplica\u00e7\u00f5es Elfsight. <\/b><br> Ap\u00f3s a configura\u00e7\u00e3o do seu plugin, copie o c\u00f3digo exclusivo da caixa que aparece e salve-o para ocasi\u00f5es posteriores. <\/li> <li><b>Comece a usar o widget no site da p\u00e1gina do Facebook. <\/b><br>Incorpore o c\u00f3digo salvo recentemente em sua p\u00e1gina e aplique as corre\u00e7\u00f5es. <\/li> <li><b>A instala\u00e7\u00e3o foi realizada com sucesso. <\/b><br> Acesse sua p\u00e1gina para analisar o desempenho do widget. <\/li><\/ol> <p>Caso tenha d\u00favidas ou enfrente quaisquer problemas, n\u00e3o hesite em entrar em contato com nossa equipe de suporte. Nossos consultores est\u00e3o ansiosos para resolver todos os problemas que voc\u00ea possa ter com o widget. <\/p> <div class=\"faq\" data-component=\"FAQ\"> <div class=\"faq-item\">\r\n\t\t\t\t\t<div class=\"faq-item-question\">\r\n\t\t\t\t\t\t<h3 class=\"faq-item-question-text\">Como adicionar banner ao site da minha p\u00e1gina do Facebook sem habilidades de codifica\u00e7\u00e3o?<\/h3>\r\n\r\n\t\t\t\t\t\t<div class=\"faq-item-question-icon\"><\/div>\r\n\t\t\t\t\t<\/div>\r\n\r\n\t\t\t\t\t<div class=\"faq-item-answer\">\r\n\t\t\t\t\t\t<div class=\"faq-item-answer-text\"> <p>A Elfsight fornece uma solu\u00e7\u00e3o SaaS que permite que voc\u00ea mesmo crie um widget de banner, veja como \u00e9 f\u00e1cil o processo: trabalhe diretamente no Editor on-line para criar um widget de Banner que voc\u00ea gostaria de ver no site da sua p\u00e1gina do Facebook. Escolha um dos modelos predefinidos e ajuste as configura\u00e7\u00f5es do Banner, adicione seu conte\u00fado, altere o layout e o esquema de cores sem nenhuma habilidade de codifica\u00e7\u00e3o. Salve o Banner e copie seu c\u00f3digo de instala\u00e7\u00e3o, que voc\u00ea pode incluir no site da sua p\u00e1gina do Facebook sem a necessidade de adquirir uma assinatura paga. Com nosso editor intuitivo, qualquer usu\u00e1rio da Internet pode criar um widget de banner online e incorpor\u00e1-lo facilmente em sua p\u00e1gina do Facebook. N\u00e3o h\u00e1 necessidade de pagar ou inserir as credenciais do seu cart\u00e3o para acessar o servi\u00e7o. Se voc\u00ea enfrentar qualquer problema em qualquer etapa, n\u00e3o hesite em entrar em contato com nossa equipe de suporte t\u00e9cnico.<\/p> <\/div>\r\n\t\t\t\t\t<\/div>\r\n\t\t\t\t<\/div> <\/div> <\/div>\n\n\n<p><!-- wp:par\u00e1grafo --><\/p>\n<p><!-- \/wp:par\u00e1grafo --><\/p>","protected":false},"excerpt":{"rendered":"","protected":false},"author":9,"featured_media":0,"parent":1367,"menu_order":0,"comment_status":"closed","ping_status":"closed","template":"templates\/template-application-platform.php","meta":{"publish_to_discourse":"","publish_post_category":"","wpdc_auto_publish_overridden":"","wpdc_topic_tags":"","wpdc_pin_topic":"","wpdc_pin_until":"","discourse_post_id":"","discourse_permalink":"","wpdc_publishing_response":"","wpdc_publishing_error":"","footnotes":""},"class_list":["post-5920","page","type-page","status-publish","hentry"],"yoast_head":"<!-- This site is optimized with the Yoast SEO plugin v25.3.1 - https:\/\/yoast.com\/wordpress\/plugins\/seo\/ -->\n<title>Adicione o widget Banner ao site da p\u00e1gina do Facebook. R\u00e1pido e gratuito (2025)<\/title>\n<meta name=\"description\" content=\"Implemente um widget de banner de p\u00e1gina do Facebook compat\u00edvel com dispositivos m\u00f3veis em seu site. Experimente a demonstra\u00e7\u00e3o pr\u00e1tica da Elfsight e gere seu Banner em tr\u00eas minutos\" \/>\n<meta name=\"robots\" content=\"index, follow, max-snippet:-1, max-image-preview:large, max-video-preview:-1\" \/>\n<link rel=\"canonical\" href=\"https:\/\/elfsight.com\/pt\/banner-widget\/facebook\/\" \/>\n<meta property=\"og:locale\" content=\"pt_PT\" \/>\n<meta property=\"og:type\" content=\"article\" \/>\n<meta property=\"og:title\" content=\"Adicione o widget Banner ao site da p\u00e1gina do Facebook. R\u00e1pido e gratuito (2025)\" \/>\n<meta property=\"og:description\" content=\"Implemente um widget de banner de p\u00e1gina do Facebook compat\u00edvel com dispositivos m\u00f3veis em seu site. Experimente a demonstra\u00e7\u00e3o pr\u00e1tica da Elfsight e gere seu Banner em tr\u00eas minutos\" \/>\n<meta property=\"og:url\" content=\"https:\/\/elfsight.com\/pt\/banner-widget\/facebook\/\" \/>\n<meta property=\"og:site_name\" content=\"Elfsight PT\" \/>\n<meta property=\"article:modified_time\" content=\"2025-03-04T07:18:05+00:00\" \/>\n<meta name=\"twitter:card\" content=\"summary_large_image\" \/>\n<meta name=\"twitter:label1\" content=\"Tempo estimado de leitura\" \/>\n\t<meta name=\"twitter:data1\" content=\"3 minutos\" \/>\n<!-- \/ Yoast SEO plugin. -->","yoast_head_json":{"title":"Adicione o widget Banner ao site da p\u00e1gina do Facebook. R\u00e1pido e gratuito (2025)","description":"Implemente um widget de banner de p\u00e1gina do Facebook compat\u00edvel com dispositivos m\u00f3veis em seu site. Experimente a demonstra\u00e7\u00e3o pr\u00e1tica da Elfsight e gere seu Banner em tr\u00eas minutos","robots":{"index":"index","follow":"follow","max-snippet":"max-snippet:-1","max-image-preview":"max-image-preview:large","max-video-preview":"max-video-preview:-1"},"canonical":"https:\/\/elfsight.com\/pt\/banner-widget\/facebook\/","og_locale":"pt_PT","og_type":"article","og_title":"Adicione o widget Banner ao site da p\u00e1gina do Facebook. R\u00e1pido e gratuito (2025)","og_description":"Implemente um widget de banner de p\u00e1gina do Facebook compat\u00edvel com dispositivos m\u00f3veis em seu site. Experimente a demonstra\u00e7\u00e3o pr\u00e1tica da Elfsight e gere seu Banner em tr\u00eas minutos","og_url":"https:\/\/elfsight.com\/pt\/banner-widget\/facebook\/","og_site_name":"Elfsight PT","article_modified_time":"2025-03-04T07:18:05+00:00","twitter_card":"summary_large_image","twitter_misc":{"Tempo estimado de leitura":"3 minutos"},"schema":{"@context":"https:\/\/schema.org","@graph":[{"@type":"WebPage","@id":"https:\/\/elfsight.com\/pt\/banner-widget\/facebook\/","url":"https:\/\/elfsight.com\/pt\/banner-widget\/facebook\/","name":"Adicione o widget Banner ao site da p\u00e1gina do Facebook. R\u00e1pido e gratuito (2025)","isPartOf":{"@id":"https:\/\/elfsight.com\/pt\/#website"},"datePublished":"2024-05-03T06:30:00+00:00","dateModified":"2025-03-04T07:18:05+00:00","description":"Implemente um widget de banner de p\u00e1gina do Facebook compat\u00edvel com dispositivos m\u00f3veis em seu site. Experimente a demonstra\u00e7\u00e3o pr\u00e1tica da Elfsight e gere seu Banner em tr\u00eas minutos","breadcrumb":{"@id":"https:\/\/elfsight.com\/pt\/banner-widget\/facebook\/#breadcrumb"},"inLanguage":"pt-PT","potentialAction":[{"@type":"ReadAction","target":["https:\/\/elfsight.com\/pt\/banner-widget\/facebook\/"]}]},{"@type":"BreadcrumbList","@id":"https:\/\/elfsight.com\/pt\/banner-widget\/facebook\/#breadcrumb","itemListElement":[{"@type":"ListItem","position":1,"name":"Home","item":"https:\/\/elfsight.com\/pt\/"},{"@type":"ListItem","position":2,"name":"Banner","item":"https:\/\/elfsight.com\/pt\/banner-widget\/"},{"@type":"ListItem","position":3,"name":"Banner &#8211; Facebook Page"}]},{"@type":"WebSite","@id":"https:\/\/elfsight.com\/pt\/#website","url":"https:\/\/elfsight.com\/pt\/","name":"Elfsight PT","description":"Just another Elfsight Sites site","potentialAction":[{"@type":"SearchAction","target":{"@type":"EntryPoint","urlTemplate":"https:\/\/elfsight.com\/pt\/?s={search_term_string}"},"query-input":{"@type":"PropertyValueSpecification","valueRequired":true,"valueName":"search_term_string"}}],"inLanguage":"pt-PT"}]}},"meta_box":{"industry":"","seo_heading":"","heading":"","description":"","cta_heading":"","cta_description":"","application":"1366","h1":"Widget de banner da p\u00e1gina do Facebook","h1_caption":"Crie e exiba banners atraentes em seu site","application_category":[],"applications_title":"","applications_request_title":"","applications_request_button_text":"","hero_text":"","hero_video":"","hero_video_schema_markup":"","selling_points_title":"","selling_points_caption":"","selling_points":[],"selling_points_cta_text":"","features_title":"","features":"","ed_cta_examples_text":"","ed_cta_examples_hidden":"","ed_cta_demo_text":"","ed_cta_demo_hidden":"","why_caption":"","why_editor_title":"","why_editor_text":"","why_team_title":"","why_team_text":"","why_service_title":"","why_service_text":"","template_catalog_visible":"0","template_catalog_title":"","template_catalog_text":"","template_catalog_categories_visible":"","demo_title":"Crie seu widget de banner","demo_caption":"Configure seu Banner e adicione-o ao site da sua p\u00e1gina do Facebook gratuitamente!","default_faq_hidden":"","app_template_category":[],"platform":"103","template_public_id":"","codecanyon_url":"","codecanyon_item_id":"","codecanyon_price":"","pricing_caption":"","pricing_elfsight_apps_hide_column":"","pricing_elfsight_apps_url":"","pricing_codecanyon_price_caption":"","integration_category":[],"integration_request_title":"","integration_request_cta":"","integration_platform":"","integrations":[],"platform_category":[],"video_schema_markup":"","price":"a partir de US$ 0\/m\u00eas","trial":"","benefits":[{"text":"Servi\u00e7o de instala\u00e7\u00e3o gratuito"},{"text":"Suporte excepcional"},{"text":"Garantia de devolu\u00e7\u00e3o do dinheiro em 14 dias"},{"text":"Atualiza\u00e7\u00f5es cont\u00ednuas"}],"button_url":"#demo","button_target_blank":"0","button_nofollow":"0","attributes":[{"name":"Instala\u00e7\u00f5es","content":"10,000 - 100,000"},{"name":"Responsivo","content":"Sim"},{"name":"Navegadores compat\u00edveis","content":"Firefox, Safari, Opera, Chrome, Edge"}],"tags":[],"tags_disable_links":"0","hide_more_platforms":"0","video_object":"","demo_hide_cta":"0","demo_hide_cloud_options":"0","pricing_title":"","pricing":[{"pricing_icon":"platform","pricing_title":"Elfsight Apps","pricing_title_caption":"Vers\u00e3o multiplataforma","pricing_price":"a partir de US$ 0\/m\u00eas","pricing_price_caption":"comece com um plano gratuito","pricing_benefits":[{"text":"Sites ilimitados"},{"text":"Suporte profissional da empresa e bem documentado"},{"text":"Suporte profissional da empresa e bem documentado"},{"text":"100% personaliz\u00e1vel"}],"pricing_button_text":"Adicionar ao site","pricing_button_url":"#demo"}],"related_apps_title":"","related_apps_hidden":"0","author":"","image":[],"title":"","job":"","social_networks":[]},"_links":{"self":[{"href":"https:\/\/elfsight.com\/pt\/wp-json\/wp\/v2\/pages\/5920","targetHints":{"allow":["GET"]}}],"collection":[{"href":"https:\/\/elfsight.com\/pt\/wp-json\/wp\/v2\/pages"}],"about":[{"href":"https:\/\/elfsight.com\/pt\/wp-json\/wp\/v2\/types\/page"}],"author":[{"embeddable":true,"href":"https:\/\/elfsight.com\/pt\/wp-json\/wp\/v2\/users\/9"}],"replies":[{"embeddable":true,"href":"https:\/\/elfsight.com\/pt\/wp-json\/wp\/v2\/comments?post=5920"}],"version-history":[{"count":2,"href":"https:\/\/elfsight.com\/pt\/wp-json\/wp\/v2\/pages\/5920\/revisions"}],"predecessor-version":[{"id":14269,"href":"https:\/\/elfsight.com\/pt\/wp-json\/wp\/v2\/pages\/5920\/revisions\/14269"}],"up":[{"embeddable":true,"href":"https:\/\/elfsight.com\/pt\/wp-json\/wp\/v2\/pages\/1367"}],"wp:attachment":[{"href":"https:\/\/elfsight.com\/pt\/wp-json\/wp\/v2\/media?parent=5920"}],"curies":[{"name":"wp","href":"https:\/\/api.w.org\/{rel}","templated":true}]}}