{"id":5911,"date":"2024-05-03T06:29:55","date_gmt":"2024-05-03T06:29:55","guid":{"rendered":"https:\/\/elfsight.com\/pt\/?page_id=5911"},"modified":"2024-11-13T11:15:37","modified_gmt":"2024-11-13T11:15:37","slug":"iframe","status":"publish","type":"page","link":"https:\/\/elfsight.com\/pt\/banner-widget\/iframe\/","title":{"rendered":"Banner &#8211; iFrame"},"content":{"rendered":"<div class=\"application-platform-content-item-description application-platform-content-item\" id=\"description\" data-nav-section=\"description\"> <h2>Incorporar Banner no iFrame com o widget Elfsight<\/h2> <p>O widget Elfsight Banner para iFrame \u00e9 um recurso altamente personaliz\u00e1vel. Agora voc\u00ea tem a op\u00e7\u00e3o de formar um banner promocional para praticamente qualquer objetivo. Tudo o que voc\u00ea precisa \u00e9 escolher uma imagem de fundo, o tipo de fundo, definir sua posi\u00e7\u00e3o, anexar o t\u00edtulo e a legenda. Lembre-se de adicionar um bot\u00e3o de call to action \u2013 um elemento essencial de qualquer banner. E com certeza voc\u00ea pode modificar o design geral do widget da maneira que desejar. <\/p> <p><b>Usando o banner atraente em seu site, impulsione seus produtos e servi\u00e7os, motivando mais visitantes do site a fazer uma compra.<\/b><\/p> <\/div> <div class=\"application-platform-content-item-features  application-platform-content-item\" id=\"features \" data-nav-section=\"features \"> <h2>Encontre abaixo os principais recursos do widget: <\/h2> <ul><li>Envie imagens e v\u00eddeos. <\/li><li>Anexe links, seu e-mail ou telefone. <\/li><li>Anexe t\u00edtulo e texto da legenda. <\/li><li>Crie um bot\u00e3o de CTA. <\/li><li>Deixe o bot\u00e3o ser preenchido ou contornado. <\/li><\/ul><p><a href=\"#demo\">Experimente esta demonstra\u00e7\u00e3o para ver como funciona<\/a><\/p> <\/div> <div class=\"application-platform-content-item-installation application-platform-content-item\" id=\"installation\" data-nav-section=\"installation\"> <h2>Como adiciono Banner no meu site iFrame? <\/h2> <p>Basta aplicar as instru\u00e7\u00f5es abaixo para ativar o widget. <\/p> <ol><li><b>Inicie nossa demonstra\u00e7\u00e3o gratuita e comece a formar seu widget exclusivo. <\/b><br> Escolha a interface e os recursos preferidos da ferramenta e salve as modifica\u00e7\u00f5es. <\/li> <li><b>Receba o c\u00f3digo individual apresentado no formul\u00e1rio especial nas aplica\u00e7\u00f5es Elfsight. <\/b><br> Logo ap\u00f3s a cria\u00e7\u00e3o da sua ferramenta, copie o c\u00f3digo exclusivo no popup que aparece e guarde-o para futuras ocasi\u00f5es. <\/li> <li><b>Comece a usar o widget no seu site iFrame. <\/b><br> Integre o c\u00f3digo que voc\u00ea salvou recentemente em seu site e aplique as modifica\u00e7\u00f5es. <\/li> <li><b>Conclu\u00eddo! A integra\u00e7\u00e3o \u00e9 totalmente realizada. <\/b><br> Visite sua p\u00e1gina para verificar o funcionamento da ferramenta. <\/li><\/ol> <p>Caso voc\u00ea tenha alguma dificuldade, n\u00e3o tenha medo de recorrer \u00e0 nossa equipe de atendimento ao cliente. Nossos especialistas desejam resolver todos os problemas que voc\u00ea possa ter com a ferramenta. <\/p> <div class=\"faq\" data-component=\"FAQ\"> <div class=\"faq-item\">\r\n\t\t\t\t\t<div class=\"faq-item-question\">\r\n\t\t\t\t\t\t<h3 class=\"faq-item-question-text\">Como adicionar Banner ao meu site iFrame sem habilidades de codifica\u00e7\u00e3o?<\/h3>\r\n\r\n\t\t\t\t\t\t<div class=\"faq-item-question-icon\"><\/div>\r\n\t\t\t\t\t<\/div>\r\n\r\n\t\t\t\t\t<div class=\"faq-item-answer\">\r\n\t\t\t\t\t\t<div class=\"faq-item-answer-text\"> <p>A Elfsight fornece uma solu\u00e7\u00e3o SaaS que permite que voc\u00ea mesmo crie um widget de Banner, veja como o processo \u00e9 f\u00e1cil: Trabalhe diretamente no Editor on-line para criar um widget de Banner que voc\u00ea gostaria de ver em seu site iFrame. Escolha um dos modelos predefinidos e ajuste as configura\u00e7\u00f5es do Banner, adicione seu conte\u00fado, altere o layout e o esquema de cores sem habilidades de codifica\u00e7\u00e3o. Salve o Banner e copie seu c\u00f3digo de instala\u00e7\u00e3o, que voc\u00ea pode adicionar facilmente ao seu site iFrame sem comprar uma vers\u00e3o paga. Com nosso editor intuitivo, qualquer usu\u00e1rio da Internet pode criar um widget de Banner on-line e incorpor\u00e1-lo facilmente ao seu site iFrame. N\u00e3o h\u00e1 necessidade de pagar ou inserir as credenciais do seu cart\u00e3o para acessar o servi\u00e7o. Se voc\u00ea enfrentar qualquer problema em qualquer etapa, n\u00e3o hesite em entrar em contato com nossa equipe de suporte t\u00e9cnico.<\/p> <\/div>\r\n\t\t\t\t\t<\/div>\r\n\t\t\t\t<\/div> <\/div> <\/div>","protected":false},"excerpt":{"rendered":"","protected":false},"author":9,"featured_media":0,"parent":1367,"menu_order":0,"comment_status":"closed","ping_status":"closed","template":"templates\/template-application-platform.php","meta":{"publish_to_discourse":"","publish_post_category":"","wpdc_auto_publish_overridden":"","wpdc_topic_tags":"","wpdc_pin_topic":"","wpdc_pin_until":"","discourse_post_id":"","discourse_permalink":"","wpdc_publishing_response":"","wpdc_publishing_error":"","footnotes":""},"class_list":["post-5911","page","type-page","status-publish","hentry"],"yoast_head":"<!-- This site is optimized with the Yoast SEO plugin v25.3.1 - https:\/\/yoast.com\/wordpress\/plugins\/seo\/ -->\n<title>Incorporar widget de banner ao site iFrame. R\u00e1pido e gratuito (2025)<\/title>\n<meta name=\"description\" content=\"Adicione um widget de banner iFrame amig\u00e1vel ao seu site. Experimente a demonstra\u00e7\u00e3o pr\u00e1tica da Elfsight e gere seu banner estiloso com apenas alguns cliques\" \/>\n<meta name=\"robots\" content=\"index, follow, max-snippet:-1, max-image-preview:large, max-video-preview:-1\" \/>\n<link rel=\"canonical\" href=\"https:\/\/elfsight.com\/pt\/banner-widget\/iframe\/\" \/>\n<meta property=\"og:locale\" content=\"pt_PT\" \/>\n<meta property=\"og:type\" content=\"article\" \/>\n<meta property=\"og:title\" content=\"Incorporar widget de banner ao site iFrame. R\u00e1pido e gratuito (2025)\" \/>\n<meta property=\"og:description\" content=\"Adicione um widget de banner iFrame amig\u00e1vel ao seu site. Experimente a demonstra\u00e7\u00e3o pr\u00e1tica da Elfsight e gere seu banner estiloso com apenas alguns cliques\" \/>\n<meta property=\"og:url\" content=\"https:\/\/elfsight.com\/pt\/banner-widget\/iframe\/\" \/>\n<meta property=\"og:site_name\" content=\"Elfsight PT\" \/>\n<meta property=\"article:modified_time\" content=\"2024-11-13T11:15:37+00:00\" \/>\n<meta name=\"twitter:card\" content=\"summary_large_image\" \/>\n<meta name=\"twitter:label1\" content=\"Tempo estimado de leitura\" \/>\n\t<meta name=\"twitter:data1\" content=\"3 minutos\" \/>\n<!-- \/ Yoast SEO plugin. -->","yoast_head_json":{"title":"Incorporar widget de banner ao site iFrame. R\u00e1pido e gratuito (2025)","description":"Adicione um widget de banner iFrame amig\u00e1vel ao seu site. Experimente a demonstra\u00e7\u00e3o pr\u00e1tica da Elfsight e gere seu banner estiloso com apenas alguns cliques","robots":{"index":"index","follow":"follow","max-snippet":"max-snippet:-1","max-image-preview":"max-image-preview:large","max-video-preview":"max-video-preview:-1"},"canonical":"https:\/\/elfsight.com\/pt\/banner-widget\/iframe\/","og_locale":"pt_PT","og_type":"article","og_title":"Incorporar widget de banner ao site iFrame. R\u00e1pido e gratuito (2025)","og_description":"Adicione um widget de banner iFrame amig\u00e1vel ao seu site. Experimente a demonstra\u00e7\u00e3o pr\u00e1tica da Elfsight e gere seu banner estiloso com apenas alguns cliques","og_url":"https:\/\/elfsight.com\/pt\/banner-widget\/iframe\/","og_site_name":"Elfsight PT","article_modified_time":"2024-11-13T11:15:37+00:00","twitter_card":"summary_large_image","twitter_misc":{"Tempo estimado de leitura":"3 minutos"},"schema":{"@context":"https:\/\/schema.org","@graph":[{"@type":"WebPage","@id":"https:\/\/elfsight.com\/pt\/banner-widget\/iframe\/","url":"https:\/\/elfsight.com\/pt\/banner-widget\/iframe\/","name":"Incorporar widget de banner ao site iFrame. R\u00e1pido e gratuito (2025)","isPartOf":{"@id":"https:\/\/elfsight.com\/pt\/#website"},"datePublished":"2024-05-03T06:29:55+00:00","dateModified":"2024-11-13T11:15:37+00:00","description":"Adicione um widget de banner iFrame amig\u00e1vel ao seu site. Experimente a demonstra\u00e7\u00e3o pr\u00e1tica da Elfsight e gere seu banner estiloso com apenas alguns cliques","breadcrumb":{"@id":"https:\/\/elfsight.com\/pt\/banner-widget\/iframe\/#breadcrumb"},"inLanguage":"pt-PT","potentialAction":[{"@type":"ReadAction","target":["https:\/\/elfsight.com\/pt\/banner-widget\/iframe\/"]}]},{"@type":"BreadcrumbList","@id":"https:\/\/elfsight.com\/pt\/banner-widget\/iframe\/#breadcrumb","itemListElement":[{"@type":"ListItem","position":1,"name":"Home","item":"https:\/\/elfsight.com\/pt\/"},{"@type":"ListItem","position":2,"name":"Banner","item":"https:\/\/elfsight.com\/pt\/banner-widget\/"},{"@type":"ListItem","position":3,"name":"Banner &#8211; iFrame"}]},{"@type":"WebSite","@id":"https:\/\/elfsight.com\/pt\/#website","url":"https:\/\/elfsight.com\/pt\/","name":"Elfsight PT","description":"Just another Elfsight Sites site","potentialAction":[{"@type":"SearchAction","target":{"@type":"EntryPoint","urlTemplate":"https:\/\/elfsight.com\/pt\/?s={search_term_string}"},"query-input":{"@type":"PropertyValueSpecification","valueRequired":true,"valueName":"search_term_string"}}],"inLanguage":"pt-PT"}]}},"meta_box":{"industry":"","seo_heading":"","heading":"","description":"","cta_heading":"","cta_description":"","application":"1366","h1":"Widget de banner iFrame","h1_caption":"Crie e exiba banners promocionais em sua p\u00e1gina inicial","application_category":[],"applications_title":"","applications_request_title":"","applications_request_button_text":"","hero_text":"","hero_video":"","hero_video_schema_markup":"","selling_points_title":"","selling_points_caption":"","selling_points":[],"selling_points_cta_text":"","features_title":"","features":"","ed_cta_examples_text":"","ed_cta_examples_hidden":"","ed_cta_demo_text":"","ed_cta_demo_hidden":"","why_caption":"","why_editor_title":"","why_editor_text":"","why_team_title":"","why_team_text":"","why_service_title":"","why_service_text":"","template_catalog_visible":"","template_catalog_title":"","template_catalog_text":"","template_catalog_categories_visible":"","demo_title":"Crie seu widget de banner","demo_caption":"Configure seu Banner e adicione-o ao seu site iFrame gratuitamente!","default_faq_hidden":"","app_template_category":[],"platform":"4911","template_public_id":"","codecanyon_url":"","codecanyon_item_id":"","codecanyon_price":"","pricing_caption":"","pricing_elfsight_apps_hide_column":"","pricing_elfsight_apps_url":"","pricing_codecanyon_price_caption":"","integration_category":[],"integration_request_title":"","integration_request_cta":"","integration_platform":"","integrations":[],"platform_category":[],"video_schema_markup":"","price":"a partir de US$ 0\/m\u00eas","trial":"","benefits":[{"text":"Servi\u00e7o de instala\u00e7\u00e3o gratuito"},{"text":"Ajuda competente ao cliente"},{"text":"Garantia de devolu\u00e7\u00e3o do dinheiro em 14 dias"},{"text":"Desenvolvimento cont\u00ednuo"}],"button_url":"#demo","button_target_blank":"","button_nofollow":"","attributes":[{"name":"Instala\u00e7\u00f5es","content":"10,000 - 100,000"},{"name":"Responsivo","content":"Sim"},{"name":"Navegadores compat\u00edveis","content":"Firefox, Safari, Opera, Chrome, Edge"}],"tags":[],"tags_disable_links":"","hide_more_platforms":"","video_object":"","demo_hide_cta":"","demo_hide_cloud_options":"","pricing_title":"","pricing":[{"pricing_icon":"platform","pricing_title":"Elfsight Apps","pricing_title_caption":"Solu\u00e7\u00e3o digital multiplataforma","pricing_price":"a partir de US$ 0\/m\u00eas","pricing_price_caption":"comece com um plano gratuito","pricing_benefits":[{"text":"Dom\u00ednios ilimitados"},{"text":"Suporte r\u00e1pido e pontual e bem documentado"},{"text":"Suporte r\u00e1pido e pontual e bem documentado"},{"text":"100% personaliz\u00e1vel"}],"pricing_button_text":"Adicionar ao site","pricing_button_url":"#demo"}],"related_apps_title":"","related_apps_hidden":"","author":"","image":[],"title":"","job":"","social_networks":[]},"_links":{"self":[{"href":"https:\/\/elfsight.com\/pt\/wp-json\/wp\/v2\/pages\/5911","targetHints":{"allow":["GET"]}}],"collection":[{"href":"https:\/\/elfsight.com\/pt\/wp-json\/wp\/v2\/pages"}],"about":[{"href":"https:\/\/elfsight.com\/pt\/wp-json\/wp\/v2\/types\/page"}],"author":[{"embeddable":true,"href":"https:\/\/elfsight.com\/pt\/wp-json\/wp\/v2\/users\/9"}],"replies":[{"embeddable":true,"href":"https:\/\/elfsight.com\/pt\/wp-json\/wp\/v2\/comments?post=5911"}],"version-history":[{"count":1,"href":"https:\/\/elfsight.com\/pt\/wp-json\/wp\/v2\/pages\/5911\/revisions"}],"predecessor-version":[{"id":5915,"href":"https:\/\/elfsight.com\/pt\/wp-json\/wp\/v2\/pages\/5911\/revisions\/5915"}],"up":[{"embeddable":true,"href":"https:\/\/elfsight.com\/pt\/wp-json\/wp\/v2\/pages\/1367"}],"wp:attachment":[{"href":"https:\/\/elfsight.com\/pt\/wp-json\/wp\/v2\/media?parent=5911"}],"curies":[{"name":"wp","href":"https:\/\/api.w.org\/{rel}","templated":true}]}}