{"id":5906,"date":"2024-05-03T06:29:54","date_gmt":"2024-05-03T06:29:54","guid":{"rendered":"https:\/\/elfsight.com\/pt\/?page_id=5906"},"modified":"2025-03-04T07:22:32","modified_gmt":"2025-03-04T07:22:32","slug":"magento","status":"publish","type":"page","link":"https:\/\/elfsight.com\/pt\/banner-widget\/magento\/","title":{"rendered":"Banner &#8211; Magento"},"content":{"rendered":"\n<div class=\"application-platform-content-item-description application-platform-content-item\" id=\"description\" data-nav-section=\"description\"> <h2>Descri\u00e7\u00e3o<\/h2> <p>A extens\u00e3o Elfsight Banner para Magento \u00e9 um recurso imensamente ajust\u00e1vel. Atualmente voc\u00ea tem a oportunidade de fazer um banner promocional para quase qualquer objetivo. Tudo que voc\u00ea precisa \u00e9 escolher uma imagem de fundo, o tipo de fundo, definir sua posi\u00e7\u00e3o, adicionar o t\u00edtulo e o texto. Lembre-se de adicionar um bot\u00e3o CTA \u2013 uma parte crucial de qualquer banner. E \u00e9 claro que voc\u00ea pode modificar o design geral do widget da maneira que desejar. <\/p> <p><b>Com nosso banner atraente em seu site, endosse suas ofertas e servi\u00e7os, incentivando mais usu\u00e1rios a fazer uma compra<\/b><\/p> <\/div> <div class=\"application-platform-content-item-features application-platform-content-item\" id=\"features\" data-nav-section=\"features\"> <h2>Aqui est\u00e3o os principais recursos da extens\u00e3o: <\/h2> <ul><li>Enviar imagens e v\u00eddeos. <\/li><li>Anexar links, e-mail ou telefone.<\/li><li>Anexar t\u00edtulo e texto. <\/li><li>Crie seu bot\u00e3o CTA. <\/li><li>Deixe seu bot\u00e3o ser preenchido ou contornado. <\/li><\/ul><p><a href=\"#demo\">Teste todos os recursos de personaliza\u00e7\u00e3o em uma demonstra\u00e7\u00e3o completa<\/a><\/p> <\/div> <div class=\"application-platform-content-item-installation application-platform-content-item\" id=\"installation\" data-nav-section=\"installation\"> <h2>Como incorporar Banner no meu site Magento? <\/h2> <p>Basta seguir v\u00e1rios passos apresentados abaixo para integrar a extens\u00e3o. <\/p> <ol><li><b>Utilize nosso configurador gratuito e comece a criar seu instrumento personalizado. <\/b><br> Encontre a interface desej\u00e1vel e as caracter\u00edsticas funcionais da extens\u00e3o e salve as corre\u00e7\u00f5es. <\/li> <li><b>Adquira o seu c\u00f3digo exclusivo revelado no formul\u00e1rio especial nas aplica\u00e7\u00f5es Elfsight. <\/b><br> Assim que a cria\u00e7\u00e3o do seu widget pessoal for conclu\u00edda, copie o c\u00f3digo pessoal na caixa exibida e guarde-o para futuras ocasi\u00f5es. <\/li> <li><b>Comece a usar o plugin no seu site Magento. <\/b><br> Adicione o c\u00f3digo que voc\u00ea salvou antes em sua p\u00e1gina inicial e salve as modifica\u00e7\u00f5es. <\/li> <li><b>A instala\u00e7\u00e3o foi finalizada com sucesso. <\/b><br> Visite seu site para inspecionar o funcionamento da ferramenta. <\/li><\/ol> <p>Caso tenha d\u00favidas ou se depare com alguma dificuldade, n\u00e3o hesite em procurar atendimento de nossa equipe de atendimento ao cliente. Nossos especialistas desejam resolver todos os problemas que voc\u00ea possa ter com o produto. <\/p> <div class=\"faq\" data-component=\"FAQ\"> <div class=\"faq-item\">\r\n\t\t\t\t\t<div class=\"faq-item-question\">\r\n\t\t\t\t\t\t<h3 class=\"faq-item-question-text\">Como adicionar Banner ao meu site Magento sem habilidades de codifica\u00e7\u00e3o?<\/h3>\r\n\r\n\t\t\t\t\t\t<div class=\"faq-item-question-icon\"><\/div>\r\n\t\t\t\t\t<\/div>\r\n\r\n\t\t\t\t\t<div class=\"faq-item-answer\">\r\n\t\t\t\t\t\t<div class=\"faq-item-answer-text\"> <p>A Elfsight fornece uma solu\u00e7\u00e3o SaaS que permite que voc\u00ea mesmo crie um widget de Banner, veja como o processo \u00e9 f\u00e1cil: Trabalhe diretamente no Editor online para criar um widget de Banner que voc\u00ea gostaria de ver em seu site Magento. Escolha um dos modelos predefinidos e ajuste as configura\u00e7\u00f5es do Banner, adicione seu conte\u00fado, altere o layout e as cores sem habilidades de codifica\u00e7\u00e3o. Salve o Banner e copie seu c\u00f3digo de instala\u00e7\u00e3o, que voc\u00ea pode simplesmente incorporar em seu site Magento sem a necessidade de adquirir uma assinatura paga. Com nosso editor intuitivo, qualquer usu\u00e1rio da Internet pode criar um widget de Banner online e incorpor\u00e1-lo facilmente ao seu site Magento. N\u00e3o h\u00e1 necessidade de pagar ou inserir as credenciais do seu cart\u00e3o para acessar o servi\u00e7o. Se voc\u00ea enfrentar qualquer problema em qualquer etapa, n\u00e3o hesite em entrar em contato com nossa equipe de suporte t\u00e9cnico.<\/p> <\/div>\r\n\t\t\t\t\t<\/div>\r\n\t\t\t\t<\/div> <\/div> <\/div>\n","protected":false},"excerpt":{"rendered":"","protected":false},"author":9,"featured_media":0,"parent":1367,"menu_order":0,"comment_status":"closed","ping_status":"closed","template":"templates\/template-application-platform.php","meta":{"publish_to_discourse":"","publish_post_category":"","wpdc_auto_publish_overridden":"","wpdc_topic_tags":"","wpdc_pin_topic":"","wpdc_pin_until":"","discourse_post_id":"","discourse_permalink":"","wpdc_publishing_response":"","wpdc_publishing_error":"","footnotes":""},"class_list":["post-5906","page","type-page","status-publish","hentry"],"yoast_head":"<!-- This site is optimized with the Yoast SEO plugin v25.3.1 - https:\/\/yoast.com\/wordpress\/plugins\/seo\/ -->\n<title>Adicione extens\u00e3o de banner ao site Magento. R\u00e1pido e gratuito (2025)<\/title>\n<meta name=\"description\" content=\"Adicione uma extens\u00e3o responsiva de Banner Magento no site. Experimente a demonstra\u00e7\u00e3o pr\u00e1tica da Elfsight e gere seu banner estiloso em apenas alguns minutos\" \/>\n<meta name=\"robots\" content=\"index, follow, max-snippet:-1, max-image-preview:large, max-video-preview:-1\" \/>\n<link rel=\"canonical\" href=\"https:\/\/elfsight.com\/pt\/banner-widget\/magento\/\" \/>\n<meta property=\"og:locale\" content=\"pt_PT\" \/>\n<meta property=\"og:type\" content=\"article\" \/>\n<meta property=\"og:title\" content=\"Adicione extens\u00e3o de banner ao site Magento. R\u00e1pido e gratuito (2025)\" \/>\n<meta property=\"og:description\" content=\"Adicione uma extens\u00e3o responsiva de Banner Magento no site. Experimente a demonstra\u00e7\u00e3o pr\u00e1tica da Elfsight e gere seu banner estiloso em apenas alguns minutos\" \/>\n<meta property=\"og:url\" content=\"https:\/\/elfsight.com\/pt\/banner-widget\/magento\/\" \/>\n<meta property=\"og:site_name\" content=\"Elfsight PT\" \/>\n<meta property=\"article:modified_time\" content=\"2025-03-04T07:22:32+00:00\" \/>\n<meta name=\"twitter:card\" content=\"summary_large_image\" \/>\n<meta name=\"twitter:label1\" content=\"Tempo estimado de leitura\" \/>\n\t<meta name=\"twitter:data1\" content=\"3 minutos\" \/>\n<!-- \/ Yoast SEO plugin. -->","yoast_head_json":{"title":"Adicione extens\u00e3o de banner ao site Magento. R\u00e1pido e gratuito (2025)","description":"Adicione uma extens\u00e3o responsiva de Banner Magento no site. Experimente a demonstra\u00e7\u00e3o pr\u00e1tica da Elfsight e gere seu banner estiloso em apenas alguns minutos","robots":{"index":"index","follow":"follow","max-snippet":"max-snippet:-1","max-image-preview":"max-image-preview:large","max-video-preview":"max-video-preview:-1"},"canonical":"https:\/\/elfsight.com\/pt\/banner-widget\/magento\/","og_locale":"pt_PT","og_type":"article","og_title":"Adicione extens\u00e3o de banner ao site Magento. R\u00e1pido e gratuito (2025)","og_description":"Adicione uma extens\u00e3o responsiva de Banner Magento no site. Experimente a demonstra\u00e7\u00e3o pr\u00e1tica da Elfsight e gere seu banner estiloso em apenas alguns minutos","og_url":"https:\/\/elfsight.com\/pt\/banner-widget\/magento\/","og_site_name":"Elfsight PT","article_modified_time":"2025-03-04T07:22:32+00:00","twitter_card":"summary_large_image","twitter_misc":{"Tempo estimado de leitura":"3 minutos"},"schema":{"@context":"https:\/\/schema.org","@graph":[{"@type":"WebPage","@id":"https:\/\/elfsight.com\/pt\/banner-widget\/magento\/","url":"https:\/\/elfsight.com\/pt\/banner-widget\/magento\/","name":"Adicione extens\u00e3o de banner ao site Magento. R\u00e1pido e gratuito (2025)","isPartOf":{"@id":"https:\/\/elfsight.com\/pt\/#website"},"datePublished":"2024-05-03T06:29:54+00:00","dateModified":"2025-03-04T07:22:32+00:00","description":"Adicione uma extens\u00e3o responsiva de Banner Magento no site. Experimente a demonstra\u00e7\u00e3o pr\u00e1tica da Elfsight e gere seu banner estiloso em apenas alguns minutos","breadcrumb":{"@id":"https:\/\/elfsight.com\/pt\/banner-widget\/magento\/#breadcrumb"},"inLanguage":"pt-PT","potentialAction":[{"@type":"ReadAction","target":["https:\/\/elfsight.com\/pt\/banner-widget\/magento\/"]}]},{"@type":"BreadcrumbList","@id":"https:\/\/elfsight.com\/pt\/banner-widget\/magento\/#breadcrumb","itemListElement":[{"@type":"ListItem","position":1,"name":"Home","item":"https:\/\/elfsight.com\/pt\/"},{"@type":"ListItem","position":2,"name":"Banner","item":"https:\/\/elfsight.com\/pt\/banner-widget\/"},{"@type":"ListItem","position":3,"name":"Banner &#8211; Magento"}]},{"@type":"WebSite","@id":"https:\/\/elfsight.com\/pt\/#website","url":"https:\/\/elfsight.com\/pt\/","name":"Elfsight PT","description":"Just another Elfsight Sites site","potentialAction":[{"@type":"SearchAction","target":{"@type":"EntryPoint","urlTemplate":"https:\/\/elfsight.com\/pt\/?s={search_term_string}"},"query-input":{"@type":"PropertyValueSpecification","valueRequired":true,"valueName":"search_term_string"}}],"inLanguage":"pt-PT"}]}},"meta_box":{"industry":"","seo_heading":"","heading":"","description":"","cta_heading":"","cta_description":"","application":"1366","h1":"Extens\u00e3o de Banner Magento","h1_caption":"Crie e exiba banners promocionais em seu site","application_category":[],"applications_title":"","applications_request_title":"","applications_request_button_text":"","hero_text":"","hero_video":"","hero_video_schema_markup":"","selling_points_title":"","selling_points_caption":"","selling_points":[],"selling_points_cta_text":"","features_title":"","features":"","ed_cta_examples_text":"","ed_cta_examples_hidden":"","ed_cta_demo_text":"","ed_cta_demo_hidden":"","why_caption":"","why_editor_title":"","why_editor_text":"","why_team_title":"","why_team_text":"","why_service_title":"","why_service_text":"","template_catalog_visible":"0","template_catalog_title":"","template_catalog_text":"","template_catalog_categories_visible":"","demo_title":"Crie sua extens\u00e3o de banner","demo_caption":"Configure seu Banner e adicione-o ao seu site Magento gratuitamente!","default_faq_hidden":"","app_template_category":[],"platform":"58","template_public_id":"","codecanyon_url":"","codecanyon_item_id":"","codecanyon_price":"","pricing_caption":"","pricing_elfsight_apps_hide_column":"","pricing_elfsight_apps_url":"","pricing_codecanyon_price_caption":"","integration_category":[],"integration_request_title":"","integration_request_cta":"","integration_platform":"","integrations":[],"platform_category":[],"video_schema_markup":"","price":"a partir de US$ 0\/m\u00eas","trial":"","benefits":[{"text":"Ajuda de instala\u00e7\u00e3o gratuita"},{"text":"Atendimento ao cliente competente"},{"text":"Garantia de reembolso de 14 dias"},{"text":"Melhorias gratuitas regulares"}],"button_url":"#demo","button_target_blank":"0","button_nofollow":"0","attributes":[{"name":"Instala\u00e7\u00f5es","content":"10,000 - 100,000"},{"name":"Responsivo","content":"Sim"},{"name":"Navegadores compat\u00edveis","content":"Firefox, Safari, Opera, Chrome, Edge"}],"tags":[],"tags_disable_links":"0","hide_more_platforms":"0","video_object":"","demo_hide_cta":"0","demo_hide_cloud_options":"0","pricing_title":"","pricing":[{"pricing_icon":"platform","pricing_title":"Elfsight Apps","pricing_title_caption":"Solu\u00e7\u00e3o multiplataforma adequada para qualquer site","pricing_price":"a partir de US$ 0\/m\u00eas","pricing_price_caption":"comece com um plano gratuito","pricing_benefits":[{"text":"Dom\u00ednios ilimitados"},{"text":"Suporte profissional ao cliente e bem documentado"},{"text":"Suporte profissional ao cliente e bem documentado"},{"text":"Design flex\u00edvel"}],"pricing_button_text":"Adicionar ao site","pricing_button_url":"#demo"}],"related_apps_title":"","related_apps_hidden":"0","author":"","image":[],"title":"","job":"","social_networks":[]},"_links":{"self":[{"href":"https:\/\/elfsight.com\/pt\/wp-json\/wp\/v2\/pages\/5906","targetHints":{"allow":["GET"]}}],"collection":[{"href":"https:\/\/elfsight.com\/pt\/wp-json\/wp\/v2\/pages"}],"about":[{"href":"https:\/\/elfsight.com\/pt\/wp-json\/wp\/v2\/types\/page"}],"author":[{"embeddable":true,"href":"https:\/\/elfsight.com\/pt\/wp-json\/wp\/v2\/users\/9"}],"replies":[{"embeddable":true,"href":"https:\/\/elfsight.com\/pt\/wp-json\/wp\/v2\/comments?post=5906"}],"version-history":[{"count":2,"href":"https:\/\/elfsight.com\/pt\/wp-json\/wp\/v2\/pages\/5906\/revisions"}],"predecessor-version":[{"id":14274,"href":"https:\/\/elfsight.com\/pt\/wp-json\/wp\/v2\/pages\/5906\/revisions\/14274"}],"up":[{"embeddable":true,"href":"https:\/\/elfsight.com\/pt\/wp-json\/wp\/v2\/pages\/1367"}],"wp:attachment":[{"href":"https:\/\/elfsight.com\/pt\/wp-json\/wp\/v2\/media?parent=5906"}],"curies":[{"name":"wp","href":"https:\/\/api.w.org\/{rel}","templated":true}]}}