{"id":5897,"date":"2024-05-03T06:29:49","date_gmt":"2024-05-03T06:29:49","guid":{"rendered":"https:\/\/elfsight.com\/pt\/?page_id=5897"},"modified":"2026-01-20T09:33:46","modified_gmt":"2026-01-20T09:33:46","slug":"squarespace","status":"publish","type":"page","link":"https:\/\/elfsight.com\/pt\/banner-widget\/squarespace\/","title":{"rendered":"Banner &#8211; Squarespace"},"content":{"rendered":"\n<div class=\"application-platform-content-item-description application-platform-content-item\" id=\"description\" data-nav-section=\"description\"> <h2>Incorporar Banner no Squarespace com o widget Elfsight<\/h2> <p>O plugin Elfsight Banner para Squarespace \u00e9 um recurso altamente personaliz\u00e1vel. Agora voc\u00ea tem a chance de formar um banner promocional para qualquer finalidade. Tudo o que voc\u00ea precisa \u00e9 escolher uma imagem de fundo, o tipo de fundo, decidir sua posi\u00e7\u00e3o, adicionar o t\u00edtulo e o texto. Lembre-se de adicionar um bot\u00e3o CTA \u2013 uma parte essencial de qualquer banner. E com certeza voc\u00ea est\u00e1 livre para modificar o design geral do widget da maneira que funcionar para voc\u00ea. <\/p> <p><b>Aplicar nosso banner atraente nas p\u00e1ginas do seu site refor\u00e7a suas ofertas e servi\u00e7os, estimulando mais usu\u00e1rios a fazer uma compra<\/b><\/p> <\/div> <div class=\"application-platform-content-item-features  application-platform-content-item\" id=\"features \" data-nav-section=\"features \"> <h2>Encontre abaixo os recursos fundamentais do widget: <\/h2> <ul><li>Envie fotos e v\u00eddeos. <\/li><li>Anexar links, e-mail ou telefone. <\/li><li>Anexar t\u00edtulo e texto. <\/li><li>Crie um bot\u00e3o de CTA. <\/li><li>Permita que seu bot\u00e3o seja preenchido ou contornado. <\/li><\/ul><p><a href=\"#demo\">Voc\u00ea pode verificar quanto vale o plugin usando a demonstra\u00e7\u00e3o<\/a><\/p> <\/div> <div class=\"application-platform-content-item-installation application-platform-content-item\" id=\"installation\" data-nav-section=\"installation\"> <h2>Como incorporar Banner ao meu site Squarespace? <\/h2><div class=\"video-container\">\n<iframe width=\"720\" height=\"405\" src=\"https:\/\/www.youtube.com\/embed\/S4nquvgPPW4?si=jvHkOt_daWvziMxM\" frameborder=\"0\" allowfullscreen=\"\"><\/iframe>\n<\/div> <p>Basta seguir estas etapas apresentadas abaixo para adicionar o plugin. <\/p> <ol><li><b>Abra nosso editor gratuito e comece a criar seu plugin personalizado. <\/b><br> Determine a apar\u00eancia e os aspectos preferidos do plugin e salve as corre\u00e7\u00f5es. <\/li> <li><b>Receba o c\u00f3digo individual que \u00e9 mostrado na janela dos aplicativos Elfsight. <\/b><br> Ap\u00f3s o estabelecimento do seu widget pessoal, copie o c\u00f3digo pessoal na janela que surgir e salve-o para uso futuro. <\/li> <li><b>Comece a usar a ferramenta no seu site do Squarespace. <\/b><br> Coloque o c\u00f3digo salvo recentemente em seu site e aplique as edi\u00e7\u00f5es. <\/li> <li><b>A instala\u00e7\u00e3o foi totalmente conclu\u00edda. <\/b><br> Visite seu site para ver o desempenho da ferramenta. <\/li><\/ol> <p>Na condi\u00e7\u00e3o de lidar com d\u00favidas ou enfrentar qualquer problema, n\u00e3o tenha medo de entrar em contato com nossa equipe de suporte. Nossos especialistas est\u00e3o ansiosos para resolver todos os problemas que voc\u00ea possa ter com o plugin. <\/p> <div class=\"faq\" data-component=\"FAQ\"> <div class=\"faq-item\">\r\n\t\t\t\t\t<div class=\"faq-item-question\">\r\n\t\t\t\t\t\t<h3 class=\"faq-item-question-text\">Como posso adicionar Banner ao meu site Squarespace sem habilidades de codifica\u00e7\u00e3o?<\/h3>\r\n\r\n\t\t\t\t\t\t<div class=\"faq-item-question-icon\"><\/div>\r\n\t\t\t\t\t<\/div>\r\n\r\n\t\t\t\t\t<div class=\"faq-item-answer\">\r\n\t\t\t\t\t\t<div class=\"faq-item-answer-text\"> <p>A Elfsight fornece uma solu\u00e7\u00e3o SaaS que permite que voc\u00ea mesmo crie um widget de Banner. Veja como \u00e9 f\u00e1cil o processo: trabalhe diretamente no Editor on-line para criar um widget de banner que voc\u00ea gostaria de ver no seu site do Squarespace. Escolha um dos modelos predefinidos e ajuste as configura\u00e7\u00f5es do Banner, adicione seu conte\u00fado, altere o layout e o esquema de cores sem nenhuma habilidade de codifica\u00e7\u00e3o. Salve o Banner e copie seu c\u00f3digo de instala\u00e7\u00e3o, que voc\u00ea pode incorporar facilmente ao seu site do Squarespace sem comprar uma assinatura paga. Com nosso editor intuitivo, qualquer usu\u00e1rio da Internet pode criar um widget de banner on-line e incorpor\u00e1-lo facilmente ao site do Squarespace. N\u00e3o h\u00e1 necessidade de pagar ou inserir as credenciais do seu cart\u00e3o para acessar o servi\u00e7o. Se voc\u00ea enfrentar qualquer problema em qualquer etapa, n\u00e3o hesite em entrar em contato com nossa equipe de suporte t\u00e9cnico.<\/p> <\/div>\r\n\t\t\t\t\t<\/div>\r\n\t\t\t\t<\/div> <\/div> <\/div>\n","protected":false},"excerpt":{"rendered":"","protected":false},"author":9,"featured_media":0,"parent":1367,"menu_order":0,"comment_status":"closed","ping_status":"closed","template":"templates\/template-application-platform.php","meta":{"publish_to_discourse":"","publish_post_category":"","wpdc_auto_publish_overridden":"","wpdc_topic_tags":"","wpdc_pin_topic":"","wpdc_pin_until":"","discourse_post_id":"","discourse_permalink":"","wpdc_publishing_response":"","wpdc_publishing_error":"","footnotes":""},"class_list":["post-5897","page","type-page","status-publish","hentry"],"yoast_head":"<!-- This site is optimized with the Yoast SEO plugin v25.3.1 - https:\/\/yoast.com\/wordpress\/plugins\/seo\/ -->\n<title>Incorporar plugin de banner ao site do Squarespace. R\u00e1pido e gratuito ( 2025 )<\/title>\n<meta name=\"description\" content=\"Adicione um plugin de Banner do Squarespace f\u00e1cil de gerenciar ao site. Experimente a demonstra\u00e7\u00e3o pr\u00e1tica da Elfsight e crie o seu banner deslumbrante em tr\u00eas minutos\" \/>\n<meta name=\"robots\" content=\"index, follow, max-snippet:-1, max-image-preview:large, max-video-preview:-1\" \/>\n<link rel=\"canonical\" href=\"https:\/\/elfsight.com\/pt\/banner-widget\/squarespace\/\" \/>\n<meta property=\"og:locale\" content=\"pt_PT\" \/>\n<meta property=\"og:type\" content=\"article\" \/>\n<meta property=\"og:title\" content=\"Incorporar plugin de banner ao site do Squarespace. R\u00e1pido e gratuito ( 2025 )\" \/>\n<meta property=\"og:description\" content=\"Adicione um plugin de Banner do Squarespace f\u00e1cil de gerenciar ao site. Experimente a demonstra\u00e7\u00e3o pr\u00e1tica da Elfsight e crie o seu banner deslumbrante em tr\u00eas minutos\" \/>\n<meta property=\"og:url\" content=\"https:\/\/elfsight.com\/pt\/banner-widget\/squarespace\/\" \/>\n<meta property=\"og:site_name\" content=\"Elfsight PT\" \/>\n<meta property=\"article:modified_time\" content=\"2026-01-20T09:33:46+00:00\" \/>\n<meta name=\"twitter:card\" content=\"summary_large_image\" \/>\n<meta name=\"twitter:label1\" content=\"Tempo estimado de leitura\" \/>\n\t<meta name=\"twitter:data1\" content=\"3 minutos\" \/>\n<!-- \/ Yoast SEO plugin. -->","yoast_head_json":{"title":"Incorporar plugin de banner ao site do Squarespace. R\u00e1pido e gratuito ( 2025 )","description":"Adicione um plugin de Banner do Squarespace f\u00e1cil de gerenciar ao site. Experimente a demonstra\u00e7\u00e3o pr\u00e1tica da Elfsight e crie o seu banner deslumbrante em tr\u00eas minutos","robots":{"index":"index","follow":"follow","max-snippet":"max-snippet:-1","max-image-preview":"max-image-preview:large","max-video-preview":"max-video-preview:-1"},"canonical":"https:\/\/elfsight.com\/pt\/banner-widget\/squarespace\/","og_locale":"pt_PT","og_type":"article","og_title":"Incorporar plugin de banner ao site do Squarespace. R\u00e1pido e gratuito ( 2025 )","og_description":"Adicione um plugin de Banner do Squarespace f\u00e1cil de gerenciar ao site. Experimente a demonstra\u00e7\u00e3o pr\u00e1tica da Elfsight e crie o seu banner deslumbrante em tr\u00eas minutos","og_url":"https:\/\/elfsight.com\/pt\/banner-widget\/squarespace\/","og_site_name":"Elfsight PT","article_modified_time":"2026-01-20T09:33:46+00:00","twitter_card":"summary_large_image","twitter_misc":{"Tempo estimado de leitura":"3 minutos"},"schema":{"@context":"https:\/\/schema.org","@graph":[{"@type":"WebPage","@id":"https:\/\/elfsight.com\/pt\/banner-widget\/squarespace\/","url":"https:\/\/elfsight.com\/pt\/banner-widget\/squarespace\/","name":"Incorporar plugin de banner ao site do Squarespace. R\u00e1pido e gratuito ( 2025 )","isPartOf":{"@id":"https:\/\/elfsight.com\/pt\/#website"},"datePublished":"2024-05-03T06:29:49+00:00","dateModified":"2026-01-20T09:33:46+00:00","description":"Adicione um plugin de Banner do Squarespace f\u00e1cil de gerenciar ao site. Experimente a demonstra\u00e7\u00e3o pr\u00e1tica da Elfsight e crie o seu banner deslumbrante em tr\u00eas minutos","breadcrumb":{"@id":"https:\/\/elfsight.com\/pt\/banner-widget\/squarespace\/#breadcrumb"},"inLanguage":"pt-PT","potentialAction":[{"@type":"ReadAction","target":["https:\/\/elfsight.com\/pt\/banner-widget\/squarespace\/"]}]},{"@type":"BreadcrumbList","@id":"https:\/\/elfsight.com\/pt\/banner-widget\/squarespace\/#breadcrumb","itemListElement":[{"@type":"ListItem","position":1,"name":"Home","item":"https:\/\/elfsight.com\/pt\/"},{"@type":"ListItem","position":2,"name":"Banner","item":"https:\/\/elfsight.com\/pt\/banner-widget\/"},{"@type":"ListItem","position":3,"name":"Banner &#8211; Squarespace"}]},{"@type":"WebSite","@id":"https:\/\/elfsight.com\/pt\/#website","url":"https:\/\/elfsight.com\/pt\/","name":"Elfsight PT","description":"Just another Elfsight Sites site","potentialAction":[{"@type":"SearchAction","target":{"@type":"EntryPoint","urlTemplate":"https:\/\/elfsight.com\/pt\/?s={search_term_string}"},"query-input":{"@type":"PropertyValueSpecification","valueRequired":true,"valueName":"search_term_string"}}],"inLanguage":"pt-PT"}]}},"meta_box":{"industry":"","seo_heading":"","heading":"","description":"","cta_heading":"","cta_description":"","application":"1366","h1":"Plug-in de banner do Squarespace","h1_caption":"Crie e exiba banners atraentes nas p\u00e1ginas do seu site","application_category":[],"applications_title":"","applications_request_title":"","applications_request_button_text":"","hero_text":"","hero_video":"","hero_video_schema_markup":"","selling_points_title":"","selling_points_caption":"","selling_points":[],"selling_points_cta_text":"","features_title":"","features":"","ed_cta_examples_text":"","ed_cta_examples_hidden":"","ed_cta_demo_text":"","ed_cta_demo_hidden":"","why_caption":"","why_editor_title":"","why_editor_text":"","why_team_title":"","why_team_text":"","why_service_title":"","why_service_text":"","template_catalog_visible":"0","template_catalog_title":"","template_catalog_text":"","template_catalog_categories_visible":"","demo_title":"Crie seu plugin de banner","demo_caption":"Configure seu Banner e adicione-o ao seu site Squarespace gratuitamente!","default_faq_hidden":"","app_template_category":[],"platform":"67","template_public_id":"","codecanyon_url":"","codecanyon_item_id":"","codecanyon_price":"","pricing_caption":"","pricing_elfsight_apps_hide_column":"","pricing_elfsight_apps_url":"","pricing_codecanyon_price_caption":"","integration_category":[],"integration_request_title":"","integration_request_cta":"","integration_platform":"","integrations":[],"platform_category":[],"video_schema_markup":"","price":"a partir de US$ 0\/m\u00eas","trial":"","benefits":[{"text":"Assist\u00eancia de instala\u00e7\u00e3o gratuita"},{"text":"Atendimento ao cliente eficaz"},{"text":"Garantia de devolu\u00e7\u00e3o do dinheiro em 14 dias"},{"text":"Melhorias futuras"}],"button_url":"#demo","button_target_blank":"0","button_nofollow":"0","attributes":[{"name":"Instala\u00e7\u00f5es","content":"10,000 - 100,000"},{"name":"Responsivo","content":"Sim"},{"name":"Navegadores compat\u00edveis","content":"Firefox, Safari, Opera, Chrome, Edge"}],"tags":[],"tags_disable_links":"0","hide_more_platforms":"0","video_object":"","demo_hide_cta":"0","demo_hide_cloud_options":"0","pricing_title":"","pricing":[{"pricing_icon":"platform","pricing_title":"Elfsight Apps","pricing_title_caption":"Solu\u00e7\u00e3o digital multiplataforma","pricing_price":"a partir de US$ 0\/m\u00eas","pricing_price_caption":"comece com um plano gratuito","pricing_benefits":[{"text":"Dom\u00ednios ilimitados"},{"text":"Suporte profissional da empresa e bem documentado"},{"text":"Suporte profissional da empresa e bem documentado"},{"text":"Totalmente personaliz\u00e1vel"}],"pricing_button_text":"Adicionar ao site","pricing_button_url":"#demo"}],"related_apps_title":"","related_apps_hidden":"0","author":"","image":[],"title":"","job":"","social_networks":[]},"_links":{"self":[{"href":"https:\/\/elfsight.com\/pt\/wp-json\/wp\/v2\/pages\/5897","targetHints":{"allow":["GET"]}}],"collection":[{"href":"https:\/\/elfsight.com\/pt\/wp-json\/wp\/v2\/pages"}],"about":[{"href":"https:\/\/elfsight.com\/pt\/wp-json\/wp\/v2\/types\/page"}],"author":[{"embeddable":true,"href":"https:\/\/elfsight.com\/pt\/wp-json\/wp\/v2\/users\/9"}],"replies":[{"embeddable":true,"href":"https:\/\/elfsight.com\/pt\/wp-json\/wp\/v2\/comments?post=5897"}],"version-history":[{"count":3,"href":"https:\/\/elfsight.com\/pt\/wp-json\/wp\/v2\/pages\/5897\/revisions"}],"predecessor-version":[{"id":15213,"href":"https:\/\/elfsight.com\/pt\/wp-json\/wp\/v2\/pages\/5897\/revisions\/15213"}],"up":[{"embeddable":true,"href":"https:\/\/elfsight.com\/pt\/wp-json\/wp\/v2\/pages\/1367"}],"wp:attachment":[{"href":"https:\/\/elfsight.com\/pt\/wp-json\/wp\/v2\/media?parent=5897"}],"curies":[{"name":"wp","href":"https:\/\/api.w.org\/{rel}","templated":true}]}}