{"id":5896,"date":"2024-05-03T06:29:48","date_gmt":"2024-05-03T06:29:48","guid":{"rendered":"https:\/\/elfsight.com\/pt\/?page_id=5896"},"modified":"2025-03-04T07:27:01","modified_gmt":"2025-03-04T07:27:01","slug":"webflow","status":"publish","type":"page","link":"https:\/\/elfsight.com\/pt\/banner-widget\/webflow\/","title":{"rendered":"Banner &#8211; Webflow"},"content":{"rendered":"\n<div class=\"application-platform-content-item-description application-platform-content-item\" id=\"description\" data-nav-section=\"description\"> <h2>Incorporar Banner no Webflow com o widget Elfsight<\/h2> <p>O widget Elfsight Banner para Webflow \u00e9 um recurso extremamente personaliz\u00e1vel. Atualmente voc\u00ea tem a chance de formar um banner promocional para qualquer objetivo. Tudo o que voc\u00ea precisa \u00e9 escolher uma imagem de fundo, o tipo de fundo, definir sua posi\u00e7\u00e3o, adicionar o t\u00edtulo e o texto. Lembre-se de anexar um bot\u00e3o CTA \u2013 uma parte essencial de qualquer banner promocional. E com certeza voc\u00ea est\u00e1 livre para modificar as cores do widget da maneira que precisar. <\/p> <p><b>Por meio de nosso banner atraente em seu site, reforce seus produtos e servi\u00e7os, persuadindo mais visitantes do site a fazer uma compra.<\/b><\/p> <\/div> <div class=\"application-platform-content-item-features application-platform-content-item\" id=\"features\" data-nav-section=\"features\"> <h2>Aqui est\u00e3o os recursos fundamentais do widget: <\/h2> <ul><li>Enviar fotos e v\u00eddeos. <\/li><li>Adicione link, e-mail ou telefone.<\/li><li>Anexe t\u00edtulo e texto. <\/li><li>Crie seu bot\u00e3o CTA. <\/li><li>Permitir que o bot\u00e3o seja preenchido ou contornado. <\/li><\/ul><p><a href=\"#demo\">Voc\u00ea pode testar todos os recursos do widget na demonstra\u00e7\u00e3o <\/a><\/p> <\/div> <div class=\"application-platform-content-item-installation  application-platform-content-item\" id=\"installation \" data-nav-section=\"installation \"> <h2>Como incorporar Banner em meu site Webflow? <\/h2> <p>Simplesmente siga estas etapas apresentadas abaixo para incorporar o widget. <\/p> <ol><li><b>Realize nossa demonstra\u00e7\u00e3o gratuita e comece a formar seu widget personalizado. <\/b><br> Escolha o formul\u00e1rio personalizado e as caracter\u00edsticas do widget e salve as corre\u00e7\u00f5es. <\/li> <li><b>Copie o seu c\u00f3digo individual revelado na caixa das aplica\u00e7\u00f5es Elfsight. <\/b><br> Ap\u00f3s a conclus\u00e3o da cria\u00e7\u00e3o de sua ferramenta pessoal, copie o c\u00f3digo individual no pop-up que surgir e guarde-o para uso posterior. <\/li> <li><b>Comece a usar o widget no site Webflow. <\/b><br> Adicione o c\u00f3digo que voc\u00ea copiou recentemente em seu site e salve as edi\u00e7\u00f5es. <\/li> <li><b>Pronto! A configura\u00e7\u00e3o est\u00e1 totalmente conclu\u00edda. <\/b><br> Acesse seu site para examinar o funcionamento da ferramenta. <\/li><\/ol> <p>Se voc\u00ea encontrar alguma complica\u00e7\u00e3o, sinta-se \u00e0 vontade para entrar em contato com nossa equipe de suporte. Nossos consultores ter\u00e3o prazer em resolver todas as dificuldades que voc\u00ea possa ter com o widget. <\/p> <div class=\"faq\" data-component=\"FAQ\"> <div class=\"faq-item\">\r\n\t\t\t\t\t<div class=\"faq-item-question\">\r\n\t\t\t\t\t\t<h3 class=\"faq-item-question-text\">Como posso adicionar Banner ao meu site Webflow sem conhecimentos de codifica\u00e7\u00e3o?<\/h3>\r\n\r\n\t\t\t\t\t\t<div class=\"faq-item-question-icon\"><\/div>\r\n\t\t\t\t\t<\/div>\r\n\r\n\t\t\t\t\t<div class=\"faq-item-answer\">\r\n\t\t\t\t\t\t<div class=\"faq-item-answer-text\"> <p>A Elfsight fornece uma solu\u00e7\u00e3o SaaS que lhe permite criar um widget de Banner, veja como \u00e9 f\u00e1cil o processo: Trabalhe diretamente no Editor online para criar um widget de Banner que voc\u00ea gostaria de ver em seu site Webflow. Escolha um dos modelos predefinidos e ajuste as configura\u00e7\u00f5es do Banner, adicione seu conte\u00fado, altere o layout e o esquema de cores sem habilidades de codifica\u00e7\u00e3o. Salve o Banner e copie seu c\u00f3digo de instala\u00e7\u00e3o, que voc\u00ea pode incorporar facilmente ao seu site Webflow sem a necessidade de adquirir uma assinatura paga. Com nosso editor intuitivo, qualquer usu\u00e1rio da Internet pode criar um widget de Banner online e incorpor\u00e1-lo facilmente ao seu site Webflow. N\u00e3o h\u00e1 necessidade de pagar ou inserir as credenciais do seu cart\u00e3o para acessar o servi\u00e7o. Se voc\u00ea enfrentar qualquer problema em qualquer etapa, n\u00e3o hesite em entrar em contato com nossa equipe de suporte t\u00e9cnico.<\/p> <\/div>\r\n\t\t\t\t\t<\/div>\r\n\t\t\t\t<\/div> <\/div> <\/div>\n","protected":false},"excerpt":{"rendered":"","protected":false},"author":9,"featured_media":0,"parent":1367,"menu_order":0,"comment_status":"closed","ping_status":"closed","template":"templates\/template-application-platform.php","meta":{"publish_to_discourse":"","publish_post_category":"","wpdc_auto_publish_overridden":"","wpdc_topic_tags":"","wpdc_pin_topic":"","wpdc_pin_until":"","discourse_post_id":"","discourse_permalink":"","wpdc_publishing_response":"","wpdc_publishing_error":"","footnotes":""},"class_list":["post-5896","page","type-page","status-publish","hentry"],"yoast_head":"<!-- This site is optimized with the Yoast SEO plugin v25.3.1 - https:\/\/yoast.com\/wordpress\/plugins\/seo\/ -->\n<title>Integre o widget Banner ao site Webflow. R\u00e1pido e gratuito (2025)<\/title>\n<meta name=\"description\" content=\"Adicione um widget Webflow Banner f\u00e1cil de gerenciar ao site. Use a demonstra\u00e7\u00e3o pr\u00e1tica da Elfsight e gere seu lindo banner em alguns minutos\" \/>\n<meta name=\"robots\" content=\"index, follow, max-snippet:-1, max-image-preview:large, max-video-preview:-1\" \/>\n<link rel=\"canonical\" href=\"https:\/\/elfsight.com\/pt\/banner-widget\/webflow\/\" \/>\n<meta property=\"og:locale\" content=\"pt_PT\" \/>\n<meta property=\"og:type\" content=\"article\" \/>\n<meta property=\"og:title\" content=\"Integre o widget Banner ao site Webflow. R\u00e1pido e gratuito (2025)\" \/>\n<meta property=\"og:description\" content=\"Adicione um widget Webflow Banner f\u00e1cil de gerenciar ao site. Use a demonstra\u00e7\u00e3o pr\u00e1tica da Elfsight e gere seu lindo banner em alguns minutos\" \/>\n<meta property=\"og:url\" content=\"https:\/\/elfsight.com\/pt\/banner-widget\/webflow\/\" \/>\n<meta property=\"og:site_name\" content=\"Elfsight PT\" \/>\n<meta property=\"article:modified_time\" content=\"2025-03-04T07:27:01+00:00\" \/>\n<meta name=\"twitter:card\" content=\"summary_large_image\" \/>\n<meta name=\"twitter:label1\" content=\"Tempo estimado de leitura\" \/>\n\t<meta name=\"twitter:data1\" content=\"3 minutos\" \/>\n<!-- \/ Yoast SEO plugin. -->","yoast_head_json":{"title":"Integre o widget Banner ao site Webflow. R\u00e1pido e gratuito (2025)","description":"Adicione um widget Webflow Banner f\u00e1cil de gerenciar ao site. Use a demonstra\u00e7\u00e3o pr\u00e1tica da Elfsight e gere seu lindo banner em alguns minutos","robots":{"index":"index","follow":"follow","max-snippet":"max-snippet:-1","max-image-preview":"max-image-preview:large","max-video-preview":"max-video-preview:-1"},"canonical":"https:\/\/elfsight.com\/pt\/banner-widget\/webflow\/","og_locale":"pt_PT","og_type":"article","og_title":"Integre o widget Banner ao site Webflow. R\u00e1pido e gratuito (2025)","og_description":"Adicione um widget Webflow Banner f\u00e1cil de gerenciar ao site. Use a demonstra\u00e7\u00e3o pr\u00e1tica da Elfsight e gere seu lindo banner em alguns minutos","og_url":"https:\/\/elfsight.com\/pt\/banner-widget\/webflow\/","og_site_name":"Elfsight PT","article_modified_time":"2025-03-04T07:27:01+00:00","twitter_card":"summary_large_image","twitter_misc":{"Tempo estimado de leitura":"3 minutos"},"schema":{"@context":"https:\/\/schema.org","@graph":[{"@type":"WebPage","@id":"https:\/\/elfsight.com\/pt\/banner-widget\/webflow\/","url":"https:\/\/elfsight.com\/pt\/banner-widget\/webflow\/","name":"Integre o widget Banner ao site Webflow. R\u00e1pido e gratuito (2025)","isPartOf":{"@id":"https:\/\/elfsight.com\/pt\/#website"},"datePublished":"2024-05-03T06:29:48+00:00","dateModified":"2025-03-04T07:27:01+00:00","description":"Adicione um widget Webflow Banner f\u00e1cil de gerenciar ao site. Use a demonstra\u00e7\u00e3o pr\u00e1tica da Elfsight e gere seu lindo banner em alguns minutos","breadcrumb":{"@id":"https:\/\/elfsight.com\/pt\/banner-widget\/webflow\/#breadcrumb"},"inLanguage":"pt-PT","potentialAction":[{"@type":"ReadAction","target":["https:\/\/elfsight.com\/pt\/banner-widget\/webflow\/"]}]},{"@type":"BreadcrumbList","@id":"https:\/\/elfsight.com\/pt\/banner-widget\/webflow\/#breadcrumb","itemListElement":[{"@type":"ListItem","position":1,"name":"Home","item":"https:\/\/elfsight.com\/pt\/"},{"@type":"ListItem","position":2,"name":"Banner","item":"https:\/\/elfsight.com\/pt\/banner-widget\/"},{"@type":"ListItem","position":3,"name":"Banner &#8211; Webflow"}]},{"@type":"WebSite","@id":"https:\/\/elfsight.com\/pt\/#website","url":"https:\/\/elfsight.com\/pt\/","name":"Elfsight PT","description":"Just another Elfsight Sites site","potentialAction":[{"@type":"SearchAction","target":{"@type":"EntryPoint","urlTemplate":"https:\/\/elfsight.com\/pt\/?s={search_term_string}"},"query-input":{"@type":"PropertyValueSpecification","valueRequired":true,"valueName":"search_term_string"}}],"inLanguage":"pt-PT"}]}},"meta_box":{"industry":"","seo_heading":"","heading":"","description":"","cta_heading":"","cta_description":"","application":"1366","h1":"Widget de banner de fluxo da Web","h1_caption":"Crie e exiba banners atraentes nas p\u00e1ginas do seu site","application_category":[],"applications_title":"","applications_request_title":"","applications_request_button_text":"","hero_text":"","hero_video":"","hero_video_schema_markup":"","selling_points_title":"","selling_points_caption":"","selling_points":[],"selling_points_cta_text":"","features_title":"","features":"","ed_cta_examples_text":"","ed_cta_examples_hidden":"","ed_cta_demo_text":"","ed_cta_demo_hidden":"","why_caption":"","why_editor_title":"","why_editor_text":"","why_team_title":"","why_team_text":"","why_service_title":"","why_service_text":"","template_catalog_visible":"0","template_catalog_title":"","template_catalog_text":"","template_catalog_categories_visible":"","demo_title":"Crie seu widget de banner","demo_caption":"Configure seu Banner e adicione-o ao seu site Webflow gratuitamente!","default_faq_hidden":"","app_template_category":[],"platform":"70","template_public_id":"","codecanyon_url":"","codecanyon_item_id":"","codecanyon_price":"","pricing_caption":"","pricing_elfsight_apps_hide_column":"","pricing_elfsight_apps_url":"","pricing_codecanyon_price_caption":"","integration_category":[],"integration_request_title":"","integration_request_cta":"","integration_platform":"","integrations":[],"platform_category":[],"video_schema_markup":"","price":"a partir de US$ 0\/m\u00eas","trial":"","benefits":[{"text":"Ajuda de instala\u00e7\u00e3o gratuita"},{"text":"Atendimento ao cliente eficaz"},{"text":"Garantia de reembolso de 14 dias"},{"text":"Melhorias regulares"}],"button_url":"#demo","button_target_blank":"0","button_nofollow":"0","attributes":[{"name":"Instala\u00e7\u00f5es","content":"10,000 - 100,000"},{"name":"Responsivo","content":"Sim"},{"name":"Navegadores compat\u00edveis","content":"Firefox, Safari, Opera, Chrome, Edge"}],"tags":[],"tags_disable_links":"0","hide_more_platforms":"0","video_object":"","demo_hide_cta":"0","demo_hide_cloud_options":"0","pricing_title":"","pricing":[{"pricing_icon":"platform","pricing_title":"Elfsight Apps","pricing_title_caption":"Solu\u00e7\u00e3o digital multiplataforma que funciona em qualquer site","pricing_price":"a partir de US$ 0\/m\u00eas","pricing_price_caption":"comece com um plano gratuito","pricing_benefits":[{"text":"Sites ilimitados"},{"text":"Suporte gratuito e pontual"},{"text":"Suporte gratuito e pontual"},{"text":"Totalmente personaliz\u00e1vel"}],"pricing_button_text":"Adicionar ao site","pricing_button_url":"#demo"}],"related_apps_title":"","related_apps_hidden":"0","author":"","image":[],"title":"","job":"","social_networks":[]},"_links":{"self":[{"href":"https:\/\/elfsight.com\/pt\/wp-json\/wp\/v2\/pages\/5896","targetHints":{"allow":["GET"]}}],"collection":[{"href":"https:\/\/elfsight.com\/pt\/wp-json\/wp\/v2\/pages"}],"about":[{"href":"https:\/\/elfsight.com\/pt\/wp-json\/wp\/v2\/types\/page"}],"author":[{"embeddable":true,"href":"https:\/\/elfsight.com\/pt\/wp-json\/wp\/v2\/users\/9"}],"replies":[{"embeddable":true,"href":"https:\/\/elfsight.com\/pt\/wp-json\/wp\/v2\/comments?post=5896"}],"version-history":[{"count":2,"href":"https:\/\/elfsight.com\/pt\/wp-json\/wp\/v2\/pages\/5896\/revisions"}],"predecessor-version":[{"id":14279,"href":"https:\/\/elfsight.com\/pt\/wp-json\/wp\/v2\/pages\/5896\/revisions\/14279"}],"up":[{"embeddable":true,"href":"https:\/\/elfsight.com\/pt\/wp-json\/wp\/v2\/pages\/1367"}],"wp:attachment":[{"href":"https:\/\/elfsight.com\/pt\/wp-json\/wp\/v2\/media?parent=5896"}],"curies":[{"name":"wp","href":"https:\/\/api.w.org\/{rel}","templated":true}]}}