{"id":5895,"date":"2024-05-03T06:29:47","date_gmt":"2024-05-03T06:29:47","guid":{"rendered":"https:\/\/elfsight.com\/pt\/?page_id=5895"},"modified":"2025-03-04T07:27:39","modified_gmt":"2025-03-04T07:27:39","slug":"webnode","status":"publish","type":"page","link":"https:\/\/elfsight.com\/pt\/banner-widget\/webnode\/","title":{"rendered":"Banner &#8211; Webnode"},"content":{"rendered":"\n<div class=\"application-platform-content-item-description application-platform-content-item\" id=\"description\" data-nav-section=\"description\"> <h2>Descri\u00e7\u00e3o<\/h2> <p>O widget Elfsight Banner para Webnode \u00e9 um recurso imensamente personaliz\u00e1vel. Agora voc\u00ea tem a op\u00e7\u00e3o de fazer um banner promocional para praticamente qualquer objetivo. Tudo o que voc\u00ea precisa \u00e9 escolher uma imagem de fundo, o tipo de fundo, determinar sua posi\u00e7\u00e3o, adicionar o t\u00edtulo e a legenda. Lembre-se de adicionar um bot\u00e3o de call to action \u2013 um elemento central de qualquer banner. E, claro, voc\u00ea pode modificar o design geral do widget da maneira que desejar. <\/p> <p><b>Usando nosso banner atraente nas p\u00e1ginas do seu site, promova seus produtos e servi\u00e7os, levando mais usu\u00e1rios do site a fazer uma compra.<\/b><\/p> <\/div> <div class=\"application-platform-content-item- recursos application-platform-content-item\" id=\" recursos\" data-nav-section=\" recursos\"> <h2>Confira a lista dos recursos mais importantes: <\/h2> <ul><li>Envie imagens e v\u00eddeos adequados. <\/li><li>Adicione link, e-mail ou telefone.<\/li><li>Adicione t\u00edtulo e texto. <\/li><li>Crie um bot\u00e3o de CTA. <\/li><li>Permitir que o bot\u00e3o seja preenchido ou contornado. <\/li><\/ul><p><a href=\"#demo\">Voc\u00ea pode conferir todos os recursos do widget na demonstra\u00e7\u00e3o <\/a><\/p> <\/div> <div class=\"application-platform-content-item- instala\u00e7\u00e3o application-platform-content-item\" id=\" instala\u00e7\u00e3o\" data-nav-section=\" instala\u00e7\u00e3o\"> <h2>Como adiciono Banner no meu site Webnode? <\/h2> <p>Basta aplicar as instru\u00e7\u00f5es abaixo para inserir a ferramenta. <\/p> <ol><li><b>Gerencie nosso configurador gratuito e comece a criar seu widget personalizado. <\/b><br> Escolha o formul\u00e1rio selecionado e as op\u00e7\u00f5es do widget e aplique as modifica\u00e7\u00f5es. <\/li> <li><b>Copie o seu c\u00f3digo pessoal exposto no formul\u00e1rio especial nas aplica\u00e7\u00f5es Elfsight. <\/b><br> Logo ap\u00f3s finalizar a configura\u00e7\u00e3o do seu widget, copie o c\u00f3digo pessoal da caixa exibida e guarde-o para futuras necessidades. <\/li> <li><b>Entre usando o widget no seu site Webnode. <\/b><br> Integre o c\u00f3digo copiado anteriormente em sua p\u00e1gina inicial e aplique as edi\u00e7\u00f5es. <\/li> <li><b>A configura\u00e7\u00e3o est\u00e1 totalmente conclu\u00edda. <\/b><br> Visite seu site para observar o funcionamento da ferramenta. <\/li><\/ol> <p>Caso tenha d\u00favidas ou encontre alguma dificuldade, sinta-se \u00e0 vontade para entrar em contato com nossa equipe de suporte. Nossos consultores ter\u00e3o prazer em ajud\u00e1-lo com todos os problemas que voc\u00ea possa ter com a ferramenta. <\/p> <div class=\"faq\" data-component=\"FAQ\"> <div class=\"faq-item\">\r\n\t\t\t\t\t<div class=\"faq-item-question\">\r\n\t\t\t\t\t\t<h3 class=\"faq-item-question-text\">Como adicionar Banner ao meu site Webnode sem habilidades de codifica\u00e7\u00e3o?<\/h3>\r\n\r\n\t\t\t\t\t\t<div class=\"faq-item-question-icon\"><\/div>\r\n\t\t\t\t\t<\/div>\r\n\r\n\t\t\t\t\t<div class=\"faq-item-answer\">\r\n\t\t\t\t\t\t<div class=\"faq-item-answer-text\"> <p>A Elfsight fornece uma solu\u00e7\u00e3o SaaS que permite que voc\u00ea mesmo crie um widget de Banner, veja como o processo \u00e9 f\u00e1cil: Trabalhe diretamente no Editor online para criar um widget de Banner que voc\u00ea gostaria de ver no seu site Webnode. Escolha um dos modelos predefinidos e ajuste as configura\u00e7\u00f5es do Banner, adicione seu conte\u00fado, altere o layout e o esquema de cores sem habilidades de codifica\u00e7\u00e3o. Salve o Banner e copie seu c\u00f3digo de instala\u00e7\u00e3o, que voc\u00ea pode colar facilmente no seu site Webnode sem adquirir um plano pago. Com nosso editor intuitivo, qualquer usu\u00e1rio da Internet pode criar um widget de Banner online e incorpor\u00e1-lo facilmente ao seu site Webnode. N\u00e3o h\u00e1 necessidade de pagar ou inserir as credenciais do seu cart\u00e3o para acessar o servi\u00e7o. Se voc\u00ea enfrentar qualquer problema em qualquer etapa, n\u00e3o hesite em entrar em contato com nossa equipe de suporte t\u00e9cnico.<\/p> <\/div>\r\n\t\t\t\t\t<\/div>\r\n\t\t\t\t<\/div> <\/div> <\/div>\n","protected":false},"excerpt":{"rendered":"","protected":false},"author":9,"featured_media":0,"parent":1367,"menu_order":0,"comment_status":"closed","ping_status":"closed","template":"templates\/template-application-platform.php","meta":{"publish_to_discourse":"","publish_post_category":"","wpdc_auto_publish_overridden":"","wpdc_topic_tags":"","wpdc_pin_topic":"","wpdc_pin_until":"","discourse_post_id":"","discourse_permalink":"","wpdc_publishing_response":"","wpdc_publishing_error":"","footnotes":""},"class_list":["post-5895","page","type-page","status-publish","hentry"],"yoast_head":"<!-- This site is optimized with the Yoast SEO plugin v25.3.1 - https:\/\/yoast.com\/wordpress\/plugins\/seo\/ -->\n<title>Adicione o widget Banner ao site Webnode. R\u00e1pido e sem custos (2025)<\/title>\n<meta name=\"description\" content=\"Insira um widget Webnode Banner compat\u00edvel com dispositivos m\u00f3veis em seu site. Utilize a demonstra\u00e7\u00e3o pr\u00e1tica da Elfsight e crie o seu banner deslumbrante em dois cliques\" \/>\n<meta name=\"robots\" content=\"index, follow, max-snippet:-1, max-image-preview:large, max-video-preview:-1\" \/>\n<link rel=\"canonical\" href=\"https:\/\/elfsight.com\/pt\/banner-widget\/webnode\/\" \/>\n<meta property=\"og:locale\" content=\"pt_PT\" \/>\n<meta property=\"og:type\" content=\"article\" \/>\n<meta property=\"og:title\" content=\"Adicione o widget Banner ao site Webnode. R\u00e1pido e sem custos (2025)\" \/>\n<meta property=\"og:description\" content=\"Insira um widget Webnode Banner compat\u00edvel com dispositivos m\u00f3veis em seu site. Utilize a demonstra\u00e7\u00e3o pr\u00e1tica da Elfsight e crie o seu banner deslumbrante em dois cliques\" \/>\n<meta property=\"og:url\" content=\"https:\/\/elfsight.com\/pt\/banner-widget\/webnode\/\" \/>\n<meta property=\"og:site_name\" content=\"Elfsight PT\" \/>\n<meta property=\"article:modified_time\" content=\"2025-03-04T07:27:39+00:00\" \/>\n<meta name=\"twitter:card\" content=\"summary_large_image\" \/>\n<meta name=\"twitter:label1\" content=\"Tempo estimado de leitura\" \/>\n\t<meta name=\"twitter:data1\" content=\"3 minutos\" \/>\n<!-- \/ Yoast SEO plugin. -->","yoast_head_json":{"title":"Adicione o widget Banner ao site Webnode. R\u00e1pido e sem custos (2025)","description":"Insira um widget Webnode Banner compat\u00edvel com dispositivos m\u00f3veis em seu site. Utilize a demonstra\u00e7\u00e3o pr\u00e1tica da Elfsight e crie o seu banner deslumbrante em dois cliques","robots":{"index":"index","follow":"follow","max-snippet":"max-snippet:-1","max-image-preview":"max-image-preview:large","max-video-preview":"max-video-preview:-1"},"canonical":"https:\/\/elfsight.com\/pt\/banner-widget\/webnode\/","og_locale":"pt_PT","og_type":"article","og_title":"Adicione o widget Banner ao site Webnode. R\u00e1pido e sem custos (2025)","og_description":"Insira um widget Webnode Banner compat\u00edvel com dispositivos m\u00f3veis em seu site. Utilize a demonstra\u00e7\u00e3o pr\u00e1tica da Elfsight e crie o seu banner deslumbrante em dois cliques","og_url":"https:\/\/elfsight.com\/pt\/banner-widget\/webnode\/","og_site_name":"Elfsight PT","article_modified_time":"2025-03-04T07:27:39+00:00","twitter_card":"summary_large_image","twitter_misc":{"Tempo estimado de leitura":"3 minutos"},"schema":{"@context":"https:\/\/schema.org","@graph":[{"@type":"WebPage","@id":"https:\/\/elfsight.com\/pt\/banner-widget\/webnode\/","url":"https:\/\/elfsight.com\/pt\/banner-widget\/webnode\/","name":"Adicione o widget Banner ao site Webnode. R\u00e1pido e sem custos (2025)","isPartOf":{"@id":"https:\/\/elfsight.com\/pt\/#website"},"datePublished":"2024-05-03T06:29:47+00:00","dateModified":"2025-03-04T07:27:39+00:00","description":"Insira um widget Webnode Banner compat\u00edvel com dispositivos m\u00f3veis em seu site. Utilize a demonstra\u00e7\u00e3o pr\u00e1tica da Elfsight e crie o seu banner deslumbrante em dois cliques","breadcrumb":{"@id":"https:\/\/elfsight.com\/pt\/banner-widget\/webnode\/#breadcrumb"},"inLanguage":"pt-PT","potentialAction":[{"@type":"ReadAction","target":["https:\/\/elfsight.com\/pt\/banner-widget\/webnode\/"]}]},{"@type":"BreadcrumbList","@id":"https:\/\/elfsight.com\/pt\/banner-widget\/webnode\/#breadcrumb","itemListElement":[{"@type":"ListItem","position":1,"name":"Home","item":"https:\/\/elfsight.com\/pt\/"},{"@type":"ListItem","position":2,"name":"Banner","item":"https:\/\/elfsight.com\/pt\/banner-widget\/"},{"@type":"ListItem","position":3,"name":"Banner &#8211; Webnode"}]},{"@type":"WebSite","@id":"https:\/\/elfsight.com\/pt\/#website","url":"https:\/\/elfsight.com\/pt\/","name":"Elfsight PT","description":"Just another Elfsight Sites site","potentialAction":[{"@type":"SearchAction","target":{"@type":"EntryPoint","urlTemplate":"https:\/\/elfsight.com\/pt\/?s={search_term_string}"},"query-input":{"@type":"PropertyValueSpecification","valueRequired":true,"valueName":"search_term_string"}}],"inLanguage":"pt-PT"}]}},"meta_box":{"industry":"","seo_heading":"","heading":"","description":"","cta_heading":"","cta_description":"","application":"1366","h1":"Widget de Banner Webnode","h1_caption":"Crie e exiba banners atraentes nas p\u00e1ginas do seu site","application_category":[],"applications_title":"","applications_request_title":"","applications_request_button_text":"","hero_text":"","hero_video":"","hero_video_schema_markup":"","selling_points_title":"","selling_points_caption":"","selling_points":[],"selling_points_cta_text":"","features_title":"","features":"","ed_cta_examples_text":"","ed_cta_examples_hidden":"","ed_cta_demo_text":"","ed_cta_demo_hidden":"","why_caption":"","why_editor_title":"","why_editor_text":"","why_team_title":"","why_team_text":"","why_service_title":"","why_service_text":"","template_catalog_visible":"0","template_catalog_title":"","template_catalog_text":"","template_catalog_categories_visible":"","demo_title":"Crie seu widget de banner","demo_caption":"Configure seu Banner e adicione-o ao seu site Webnode gratuitamente!","default_faq_hidden":"","app_template_category":[],"platform":"4917","template_public_id":"","codecanyon_url":"","codecanyon_item_id":"","codecanyon_price":"","pricing_caption":"","pricing_elfsight_apps_hide_column":"","pricing_elfsight_apps_url":"","pricing_codecanyon_price_caption":"","integration_category":[],"integration_request_title":"","integration_request_cta":"","integration_platform":"","integrations":[],"platform_category":[],"video_schema_markup":"","price":"a partir de US$ 0\/m\u00eas","trial":"","benefits":[{"text":"Servi\u00e7o de instala\u00e7\u00e3o gratuito"},{"text":"Suporte excepcional"},{"text":"Garantia de devolu\u00e7\u00e3o do dinheiro em 14 dias"},{"text":"Atualizando constantemente"}],"button_url":"#demo","button_target_blank":"0","button_nofollow":"0","attributes":[{"name":"Instala\u00e7\u00f5es","content":"10,000 - 100,000"},{"name":"Responsivo","content":"Sim"},{"name":"Navegadores compat\u00edveis","content":"Firefox, Safari, Opera, Chrome, Edge"}],"tags":[],"tags_disable_links":"0","hide_more_platforms":"0","video_object":"","demo_hide_cta":"0","demo_hide_cloud_options":"0","pricing_title":"","pricing":[{"pricing_icon":"platform","pricing_title":"Elfsight Apps","pricing_title_caption":"Solu\u00e7\u00e3o multiplataforma que funciona em qualquer site","pricing_price":"a partir de US$ 0\/m\u00eas","pricing_price_caption":"comece com um plano gratuito","pricing_benefits":[{"text":"Sites ilimitados"},{"text":"Suporte dedicado"},{"text":"Suporte dedicado"},{"text":"Design flex\u00edvel"}],"pricing_button_text":"Adicionar ao site","pricing_button_url":"#demo"}],"related_apps_title":"","related_apps_hidden":"0","author":"","image":[],"title":"","job":"","social_networks":[]},"_links":{"self":[{"href":"https:\/\/elfsight.com\/pt\/wp-json\/wp\/v2\/pages\/5895","targetHints":{"allow":["GET"]}}],"collection":[{"href":"https:\/\/elfsight.com\/pt\/wp-json\/wp\/v2\/pages"}],"about":[{"href":"https:\/\/elfsight.com\/pt\/wp-json\/wp\/v2\/types\/page"}],"author":[{"embeddable":true,"href":"https:\/\/elfsight.com\/pt\/wp-json\/wp\/v2\/users\/9"}],"replies":[{"embeddable":true,"href":"https:\/\/elfsight.com\/pt\/wp-json\/wp\/v2\/comments?post=5895"}],"version-history":[{"count":2,"href":"https:\/\/elfsight.com\/pt\/wp-json\/wp\/v2\/pages\/5895\/revisions"}],"predecessor-version":[{"id":14280,"href":"https:\/\/elfsight.com\/pt\/wp-json\/wp\/v2\/pages\/5895\/revisions\/14280"}],"up":[{"embeddable":true,"href":"https:\/\/elfsight.com\/pt\/wp-json\/wp\/v2\/pages\/1367"}],"wp:attachment":[{"href":"https:\/\/elfsight.com\/pt\/wp-json\/wp\/v2\/media?parent=5895"}],"curies":[{"name":"wp","href":"https:\/\/api.w.org\/{rel}","templated":true}]}}