{"id":5882,"date":"2024-05-03T06:29:42","date_gmt":"2024-05-03T06:29:42","guid":{"rendered":"https:\/\/elfsight.com\/pt\/?page_id=5882"},"modified":"2025-03-04T07:31:00","modified_gmt":"2025-03-04T07:31:00","slug":"google-sites","status":"publish","type":"page","link":"https:\/\/elfsight.com\/pt\/banner-widget\/google-sites\/","title":{"rendered":"Banner &#8211; Google Sites"},"content":{"rendered":"\n<div class=\"application-platform-content-item-description application-platform-content-item\" id=\"description\" data-nav-section=\"description\"> <h2>Incorporar Banner no Google Sites com o widget Elfsight<\/h2> <p>O plugin Elfsight Banner para Google Sites \u00e9 um recurso extremamente personaliz\u00e1vel. Agora voc\u00ea tem a oportunidade de criar um banner promocional para praticamente qualquer finalidade. Tudo que voc\u00ea precisa \u00e9 escolher uma imagem de fundo, o tipo de fundo, determinar sua posi\u00e7\u00e3o, adicionar o t\u00edtulo e o texto. N\u00e3o se esque\u00e7a de anexar um bot\u00e3o de call to action \u2013 uma parte essencial de qualquer banner promocional. E com certeza voc\u00ea est\u00e1 convidado a modificar o design geral do widget da maneira que ele funciona para voc\u00ea. <\/p> <p><b>Por meio do banner atraente em seu site, promova seus produtos e servi\u00e7os, incentivando mais usu\u00e1rios do site a fazer uma compra.<\/b><\/p> <\/div> <div class=\"application-platform-content-item-features application-platform-content-item\" id=\"features\" data-nav-section=\"features\"> <h2>Estes s\u00e3o apenas alguns dos v\u00e1rios recursos do widget: <\/h2> <ul><li>Enviar imagens e v\u00eddeos. <\/li><li>Anexar link, e-mail ou telefone.<\/li><li>Adicionar t\u00edtulo e texto. <\/li><li>Crie seu bot\u00e3o CTA. <\/li><li>Permitir que o bot\u00e3o seja preenchido ou contornado. <\/li><\/ul><p><a href=\"#demo\">Voc\u00ea pode verificar quanto vale o plugin com a ajuda da demonstra\u00e7\u00e3o<\/a><\/p> <\/div> <div class=\"application-platform-content-item-instala\u00e7\u00e3o application-platform-content-item\" id=\"instala\u00e7\u00e3o\" data-nav-section=\"instala\u00e7\u00e3o\"> <h2>Como posso adicionar Banner ao meu site do Google Sites? <\/h2> <p>Basta seguir as instru\u00e7\u00f5es abaixo para inserir o plugin. <\/p> <ol><li><b>Abra nosso configurador gratuito e comece a criar seu plugin exclusivo. <\/b><br> Especifique a forma e os aspectos preferidos do plugin e salve as corre\u00e7\u00f5es. <\/li> <li><b>Adquira o c\u00f3digo exclusivo mostrado na caixa dos aplicativos da Elfsight. <\/b><br> Ap\u00f3s a conclus\u00e3o da cria\u00e7\u00e3o da sua ferramenta, copie o c\u00f3digo exclusivo do pop-up que surgiu e guarde-o para futuras ocasi\u00f5es. <\/li> <li><b>Iniciar a aplica\u00e7\u00e3o do widget no site do Google Sites. <\/b><br> Cole o c\u00f3digo salvo recentemente em seu site e aplique os ajustes. <\/li> <li><b>A configura\u00e7\u00e3o foi executada com sucesso. <\/b><br> Visite seu site para dar uma olhada no funcionamento do widget. <\/li><\/ol> [dica]<b>Devido \u00e0s peculiaridades do funcionamento do Google Sites, o widget pode ter uma apar\u00eancia diferente da demonstra\u00e7\u00e3o on-line. Pedimos desculpas por qualquer inconveniente causado.<\/b>[\/tip]<p>Caso voc\u00ea tenha alguma dificuldade, n\u00e3o tenha medo de recorrer \u00e0 nossa equipe de atendimento ao cliente. Nossos especialistas ter\u00e3o prazer em resolver todas as d\u00favidas que voc\u00ea possa ter com o plugin. <\/p><div class=\"faq\" data-component=\"FAQ\"> <div class=\"faq-item\">\r\n\t\t\t\t\t<div class=\"faq-item-question\">\r\n\t\t\t\t\t\t<h3 class=\"faq-item-question-text\">Como posso adicionar Banner ao meu site do Google Sites sem conhecimentos de codifica\u00e7\u00e3o?<\/h3>\r\n\r\n\t\t\t\t\t\t<div class=\"faq-item-question-icon\"><\/div>\r\n\t\t\t\t\t<\/div>\r\n\r\n\t\t\t\t\t<div class=\"faq-item-answer\">\r\n\t\t\t\t\t\t<div class=\"faq-item-answer-text\"> <p>A Elfsight fornece uma solu\u00e7\u00e3o SaaS que permite criar voc\u00ea mesmo um widget de Banner. Veja como \u00e9 f\u00e1cil o processo \u00e9: Trabalhe diretamente no Editor on-line para criar um widget de banner que voc\u00ea gostaria de ver em seu site do Google Sites. Escolha um dos modelos predefinidos e ajuste as configura\u00e7\u00f5es do Banner, adicione seu conte\u00fado, altere o layout e as cores sem habilidades de codifica\u00e7\u00e3o. Salve o Banner e copie seu c\u00f3digo de instala\u00e7\u00e3o, que voc\u00ea pode colar facilmente em seu site do Google Sites sem adquirir um plano pago. Com nosso editor intuitivo, qualquer usu\u00e1rio da Internet pode criar um widget de Banner on-line e incorpor\u00e1-lo facilmente ao seu site do Google Sites. N\u00e3o h\u00e1 necessidade de pagar ou inserir as credenciais do seu cart\u00e3o para acessar o servi\u00e7o. Se voc\u00ea enfrentar qualquer problema em qualquer etapa, n\u00e3o hesite em entrar em contato com nossa equipe de suporte t\u00e9cnico.<\/p> <\/div>\r\n\t\t\t\t\t<\/div>\r\n\t\t\t\t<\/div> <\/div> <\/div>\n","protected":false},"excerpt":{"rendered":"","protected":false},"author":9,"featured_media":0,"parent":1367,"menu_order":0,"comment_status":"closed","ping_status":"closed","template":"templates\/template-application-platform.php","meta":{"publish_to_discourse":"","publish_post_category":"","wpdc_auto_publish_overridden":"","wpdc_topic_tags":"","wpdc_pin_topic":"","wpdc_pin_until":"","discourse_post_id":"","discourse_permalink":"","wpdc_publishing_response":"","wpdc_publishing_error":"","footnotes":""},"class_list":["post-5882","page","type-page","status-publish","hentry"],"yoast_head":"<!-- This site is optimized with the Yoast SEO plugin v25.3.1 - https:\/\/yoast.com\/wordpress\/plugins\/seo\/ -->\n<title>Adicione o plugin de banner ao site do Google Sites. R\u00e1pido e gratuito (2025)<\/title>\n<meta name=\"description\" content=\"Incorpore um plug-in de banner do Google Sites f\u00e1cil de usar no site. Use a demonstra\u00e7\u00e3o pr\u00e1tica da Elfsight e gere seu banner impressionante com apenas alguns cliques\" \/>\n<meta name=\"robots\" content=\"index, follow, max-snippet:-1, max-image-preview:large, max-video-preview:-1\" \/>\n<link rel=\"canonical\" href=\"https:\/\/elfsight.com\/pt\/banner-widget\/google-sites\/\" \/>\n<meta property=\"og:locale\" content=\"pt_PT\" \/>\n<meta property=\"og:type\" content=\"article\" \/>\n<meta property=\"og:title\" content=\"Adicione o plugin de banner ao site do Google Sites. R\u00e1pido e gratuito (2025)\" \/>\n<meta property=\"og:description\" content=\"Incorpore um plug-in de banner do Google Sites f\u00e1cil de usar no site. Use a demonstra\u00e7\u00e3o pr\u00e1tica da Elfsight e gere seu banner impressionante com apenas alguns cliques\" \/>\n<meta property=\"og:url\" content=\"https:\/\/elfsight.com\/pt\/banner-widget\/google-sites\/\" \/>\n<meta property=\"og:site_name\" content=\"Elfsight PT\" \/>\n<meta property=\"article:modified_time\" content=\"2025-03-04T07:31:00+00:00\" \/>\n<meta name=\"twitter:card\" content=\"summary_large_image\" \/>\n<meta name=\"twitter:label1\" content=\"Tempo estimado de leitura\" \/>\n\t<meta name=\"twitter:data1\" content=\"3 minutos\" \/>\n<!-- \/ Yoast SEO plugin. -->","yoast_head_json":{"title":"Adicione o plugin de banner ao site do Google Sites. R\u00e1pido e gratuito (2025)","description":"Incorpore um plug-in de banner do Google Sites f\u00e1cil de usar no site. Use a demonstra\u00e7\u00e3o pr\u00e1tica da Elfsight e gere seu banner impressionante com apenas alguns cliques","robots":{"index":"index","follow":"follow","max-snippet":"max-snippet:-1","max-image-preview":"max-image-preview:large","max-video-preview":"max-video-preview:-1"},"canonical":"https:\/\/elfsight.com\/pt\/banner-widget\/google-sites\/","og_locale":"pt_PT","og_type":"article","og_title":"Adicione o plugin de banner ao site do Google Sites. R\u00e1pido e gratuito (2025)","og_description":"Incorpore um plug-in de banner do Google Sites f\u00e1cil de usar no site. Use a demonstra\u00e7\u00e3o pr\u00e1tica da Elfsight e gere seu banner impressionante com apenas alguns cliques","og_url":"https:\/\/elfsight.com\/pt\/banner-widget\/google-sites\/","og_site_name":"Elfsight PT","article_modified_time":"2025-03-04T07:31:00+00:00","twitter_card":"summary_large_image","twitter_misc":{"Tempo estimado de leitura":"3 minutos"},"schema":{"@context":"https:\/\/schema.org","@graph":[{"@type":"WebPage","@id":"https:\/\/elfsight.com\/pt\/banner-widget\/google-sites\/","url":"https:\/\/elfsight.com\/pt\/banner-widget\/google-sites\/","name":"Adicione o plugin de banner ao site do Google Sites. R\u00e1pido e gratuito (2025)","isPartOf":{"@id":"https:\/\/elfsight.com\/pt\/#website"},"datePublished":"2024-05-03T06:29:42+00:00","dateModified":"2025-03-04T07:31:00+00:00","description":"Incorpore um plug-in de banner do Google Sites f\u00e1cil de usar no site. Use a demonstra\u00e7\u00e3o pr\u00e1tica da Elfsight e gere seu banner impressionante com apenas alguns cliques","breadcrumb":{"@id":"https:\/\/elfsight.com\/pt\/banner-widget\/google-sites\/#breadcrumb"},"inLanguage":"pt-PT","potentialAction":[{"@type":"ReadAction","target":["https:\/\/elfsight.com\/pt\/banner-widget\/google-sites\/"]}]},{"@type":"BreadcrumbList","@id":"https:\/\/elfsight.com\/pt\/banner-widget\/google-sites\/#breadcrumb","itemListElement":[{"@type":"ListItem","position":1,"name":"Home","item":"https:\/\/elfsight.com\/pt\/"},{"@type":"ListItem","position":2,"name":"Banner","item":"https:\/\/elfsight.com\/pt\/banner-widget\/"},{"@type":"ListItem","position":3,"name":"Banner &#8211; Google Sites"}]},{"@type":"WebSite","@id":"https:\/\/elfsight.com\/pt\/#website","url":"https:\/\/elfsight.com\/pt\/","name":"Elfsight PT","description":"Just another Elfsight Sites site","potentialAction":[{"@type":"SearchAction","target":{"@type":"EntryPoint","urlTemplate":"https:\/\/elfsight.com\/pt\/?s={search_term_string}"},"query-input":{"@type":"PropertyValueSpecification","valueRequired":true,"valueName":"search_term_string"}}],"inLanguage":"pt-PT"}]}},"meta_box":{"industry":"","seo_heading":"","heading":"","description":"","cta_heading":"","cta_description":"","application":"1366","h1":"Plug-in de banner do Google Sites","h1_caption":"Fa\u00e7a e demonstre banners atraentes nas p\u00e1ginas do seu site","application_category":[],"applications_title":"","applications_request_title":"","applications_request_button_text":"","hero_text":"","hero_video":"","hero_video_schema_markup":"","selling_points_title":"","selling_points_caption":"","selling_points":[],"selling_points_cta_text":"","features_title":"","features":"","ed_cta_examples_text":"","ed_cta_examples_hidden":"","ed_cta_demo_text":"","ed_cta_demo_hidden":"","why_caption":"","why_editor_title":"","why_editor_text":"","why_team_title":"","why_team_text":"","why_service_title":"","why_service_text":"","template_catalog_visible":"0","template_catalog_title":"","template_catalog_text":"","template_catalog_categories_visible":"","demo_title":"Crie seu widget de banner","demo_caption":"Configure seu Banner e adicione-o ao seu site do Google Sites gratuitamente!","default_faq_hidden":"","app_template_category":[],"platform":"112","template_public_id":"","codecanyon_url":"","codecanyon_item_id":"","codecanyon_price":"","pricing_caption":"","pricing_elfsight_apps_hide_column":"","pricing_elfsight_apps_url":"","pricing_codecanyon_price_caption":"","integration_category":[],"integration_request_title":"","integration_request_cta":"","integration_platform":"","integrations":[],"platform_category":[],"video_schema_markup":"","price":"a partir de US$ 0\/m\u00eas","trial":"","benefits":[{"text":"Assist\u00eancia de instala\u00e7\u00e3o gratuita"},{"text":"Suporte premium"},{"text":"Garantia de reembolso de 14 dias"},{"text":"Desenvolvimento cont\u00ednuo"}],"button_url":"#demo","button_target_blank":"0","button_nofollow":"0","attributes":[{"name":"Instala\u00e7\u00f5es","content":"10,000 - 100,000"},{"name":"Responsivo","content":"Sim"},{"name":"Navegadores compat\u00edveis","content":"Firefox, Safari, Opera, Chrome, Edge"}],"tags":[],"tags_disable_links":"0","hide_more_platforms":"0","video_object":"","demo_hide_cta":"0","demo_hide_cloud_options":"0","pricing_title":"","pricing":[{"pricing_icon":"platform","pricing_title":"Elfsight Apps","pricing_title_caption":"Solu\u00e7\u00e3o independente de plataforma","pricing_price":"a partir de US$ 0\/m\u00eas","pricing_price_caption":"comece com um plano gratuito","pricing_benefits":[{"text":"Sites ilimitados"},{"text":"Suporte premium e bem documentado"},{"text":"Suporte premium e bem documentado"},{"text":"100% personaliz\u00e1vel"}],"pricing_button_text":"Adicionar ao site","pricing_button_url":"#demo"}],"related_apps_title":"","related_apps_hidden":"0","author":"","image":[],"title":"","job":"","social_networks":[]},"_links":{"self":[{"href":"https:\/\/elfsight.com\/pt\/wp-json\/wp\/v2\/pages\/5882","targetHints":{"allow":["GET"]}}],"collection":[{"href":"https:\/\/elfsight.com\/pt\/wp-json\/wp\/v2\/pages"}],"about":[{"href":"https:\/\/elfsight.com\/pt\/wp-json\/wp\/v2\/types\/page"}],"author":[{"embeddable":true,"href":"https:\/\/elfsight.com\/pt\/wp-json\/wp\/v2\/users\/9"}],"replies":[{"embeddable":true,"href":"https:\/\/elfsight.com\/pt\/wp-json\/wp\/v2\/comments?post=5882"}],"version-history":[{"count":2,"href":"https:\/\/elfsight.com\/pt\/wp-json\/wp\/v2\/pages\/5882\/revisions"}],"predecessor-version":[{"id":14285,"href":"https:\/\/elfsight.com\/pt\/wp-json\/wp\/v2\/pages\/5882\/revisions\/14285"}],"up":[{"embeddable":true,"href":"https:\/\/elfsight.com\/pt\/wp-json\/wp\/v2\/pages\/1367"}],"wp:attachment":[{"href":"https:\/\/elfsight.com\/pt\/wp-json\/wp\/v2\/media?parent=5882"}],"curies":[{"name":"wp","href":"https:\/\/api.w.org\/{rel}","templated":true}]}}