{"id":5873,"date":"2024-05-03T06:29:37","date_gmt":"2024-05-03T06:29:37","guid":{"rendered":"https:\/\/elfsight.com\/pt\/?page_id=5873"},"modified":"2024-11-13T11:39:23","modified_gmt":"2024-11-13T11:39:23","slug":"bigcommerce","status":"publish","type":"page","link":"https:\/\/elfsight.com\/pt\/background-music-widget\/bigcommerce\/","title":{"rendered":"Background Music &#8211; BigCommerce"},"content":{"rendered":"<div class=\"application-platform-content-item-description application-platform-content-item\" id=\"description\" data-nav-section=\"description\"> <h2>Descri\u00e7\u00e3o<\/h2> <p>Elfsight Background Music \u00e9 um widget descomplicado para sites BigCommerce que oferece a oportunidade de transmitir faixas de \u00e1udio diretamente no p\u00e1ginas do seu site. O plugin \u00e9 extremamente ajust\u00e1vel: voc\u00ea pode alterar sua posi\u00e7\u00e3o, colocando-o em qualquer lugar da p\u00e1gina, alterar seu tamanho, recolorir o fundo e outros elementos para combin\u00e1-lo com o design do seu site, aplicar esquema de cores escuras, mostrar capas e demonstrar ou ocultar 4 outros detalhes do jogador, por exemplo barra de progresso, t\u00edtulo e muito mais. Fa\u00e7a upload de quantas faixas desejar para entreter seus usu\u00e1rios, ative a op\u00e7\u00e3o de reprodu\u00e7\u00e3o autom\u00e1tica e n\u00e3o hesite: seu p\u00fablico n\u00e3o sair\u00e1 do seu site t\u00e3o cedo!<\/p> <p><b>Torne seu site mais eficaz para objetivos de com\u00e9rcio eletr\u00f4nico com a ajuda do reprodutor de m\u00fasica de fundo<\/b><\/p> <\/div> <div class=\"application-platform-content-item-features application-platform-content-item\" id=\"features\" data-nav-section=\"features\"> <h2>A oferta de recursos de widget mais valiosa<\/h2> <ul><li>Ilimitado varia\u00e7\u00f5es de cores<\/li><li>Tema de cores claras\/escuras<\/li><li>Design responsivo<\/li><li>Dois layouts dispon\u00edveis<\/li><li>Uma oportunidade para anexar imagem de fundo<\/li> <\/ul><p><a href=\"#demo\">Voc\u00ea pode descobrir a funcionalidade completa do widget na demonstra\u00e7\u00e3o abaixo<\/a><\/p> <\/div> <div class=\"application-platform-content-item-installation application-platform-content-item\" id=\"installation\" data-nav-section=\"installation\"> <h2>Como incorporar a m\u00fasica de fundo da Elfsight no meu site BigCommerce? <\/h2> <div class=\"video-container\"><iframe width=\"720\" height=\"405\" src=\"https:\/\/www.youtube.com\/embed\/q5N8JmH1UGw\" frameborder=\"0\" allowfullscreen><\/iframe><\/div><p>Basta aplicar as instru\u00e7\u00f5es abaixo para incorporar o widget. <\/p> <ol><li><b>Utilize nossa demonstra\u00e7\u00e3o gratuita e comece a moldar seu widget personalizado. <\/b><br> Encontre o design e as caracter\u00edsticas adequadas do widget e salve todas as corre\u00e7\u00f5es. <\/li> <li><b>Obtenha o c\u00f3digo individual revelado na janela dos aplicativos Elfsight. <\/b><br> Quando a configura\u00e7\u00e3o do seu widget estiver conclu\u00edda, copie o c\u00f3digo individual da janela exibida e salve-o para uso futuro. <\/li> <li><b>Comece a usar o widget no seu site BigCommerce. <\/b><br> Coloque o c\u00f3digo que voc\u00ea salvou antes em sua p\u00e1gina e salve as melhorias. <\/li> <li><b>A configura\u00e7\u00e3o est\u00e1 totalmente conclu\u00edda. <\/b><br> Abra seu site para inspecionar o funcionamento do widget. <\/li><\/ol><p>Se voc\u00ea tiver d\u00favidas ou se deparar com alguns obst\u00e1culos, entre em contato com nossa equipe de suporte. Nossos especialistas est\u00e3o ansiosos para ajud\u00e1-lo com todas as dificuldades que voc\u00ea possa ter com o produto. <\/p> <\/div>","protected":false},"excerpt":{"rendered":"","protected":false},"author":9,"featured_media":0,"parent":1292,"menu_order":0,"comment_status":"closed","ping_status":"closed","template":"templates\/template-application-platform.php","meta":{"publish_to_discourse":"","publish_post_category":"","wpdc_auto_publish_overridden":"","wpdc_topic_tags":"","wpdc_pin_topic":"","wpdc_pin_until":"","discourse_post_id":"","discourse_permalink":"","wpdc_publishing_response":"","wpdc_publishing_error":"","footnotes":""},"class_list":["post-5873","page","type-page","status-publish","hentry"],"yoast_head":"<!-- This site is optimized with the Yoast SEO plugin v25.3.1 - https:\/\/yoast.com\/wordpress\/plugins\/seo\/ -->\n<title>Reprodutor de m\u00fasica de fundo para o site BigCommerce (gratuito e sem codifica\u00e7\u00e3o)<\/title>\n<meta name=\"description\" content=\"Incorpore um widget de \u00e1udio de fundo adapt\u00e1vel ao seu site BigCommerce. Use a demonstra\u00e7\u00e3o gerenci\u00e1vel e crie seu widget personalizado em apenas 2 minutos.\" \/>\n<meta name=\"robots\" content=\"index, follow, max-snippet:-1, max-image-preview:large, max-video-preview:-1\" \/>\n<link rel=\"canonical\" href=\"https:\/\/elfsight.com\/pt\/background-music-widget\/bigcommerce\/\" \/>\n<meta property=\"og:locale\" content=\"pt_PT\" \/>\n<meta property=\"og:type\" content=\"article\" \/>\n<meta property=\"og:title\" content=\"Reprodutor de m\u00fasica de fundo para o site BigCommerce (gratuito e sem codifica\u00e7\u00e3o)\" \/>\n<meta property=\"og:description\" content=\"Incorpore um widget de \u00e1udio de fundo adapt\u00e1vel ao seu site BigCommerce. Use a demonstra\u00e7\u00e3o gerenci\u00e1vel e crie seu widget personalizado em apenas 2 minutos.\" \/>\n<meta property=\"og:url\" content=\"https:\/\/elfsight.com\/pt\/background-music-widget\/bigcommerce\/\" \/>\n<meta property=\"og:site_name\" content=\"Elfsight PT\" \/>\n<meta property=\"article:modified_time\" content=\"2024-11-13T11:39:23+00:00\" \/>\n<meta name=\"twitter:card\" content=\"summary_large_image\" \/>\n<meta name=\"twitter:label1\" content=\"Tempo estimado de leitura\" \/>\n\t<meta name=\"twitter:data1\" content=\"2 minutos\" \/>\n<!-- \/ Yoast SEO plugin. -->","yoast_head_json":{"title":"Reprodutor de m\u00fasica de fundo para o site BigCommerce (gratuito e sem codifica\u00e7\u00e3o)","description":"Incorpore um widget de \u00e1udio de fundo adapt\u00e1vel ao seu site BigCommerce. Use a demonstra\u00e7\u00e3o gerenci\u00e1vel e crie seu widget personalizado em apenas 2 minutos.","robots":{"index":"index","follow":"follow","max-snippet":"max-snippet:-1","max-image-preview":"max-image-preview:large","max-video-preview":"max-video-preview:-1"},"canonical":"https:\/\/elfsight.com\/pt\/background-music-widget\/bigcommerce\/","og_locale":"pt_PT","og_type":"article","og_title":"Reprodutor de m\u00fasica de fundo para o site BigCommerce (gratuito e sem codifica\u00e7\u00e3o)","og_description":"Incorpore um widget de \u00e1udio de fundo adapt\u00e1vel ao seu site BigCommerce. Use a demonstra\u00e7\u00e3o gerenci\u00e1vel e crie seu widget personalizado em apenas 2 minutos.","og_url":"https:\/\/elfsight.com\/pt\/background-music-widget\/bigcommerce\/","og_site_name":"Elfsight PT","article_modified_time":"2024-11-13T11:39:23+00:00","twitter_card":"summary_large_image","twitter_misc":{"Tempo estimado de leitura":"2 minutos"},"schema":{"@context":"https:\/\/schema.org","@graph":[{"@type":"WebPage","@id":"https:\/\/elfsight.com\/pt\/background-music-widget\/bigcommerce\/","url":"https:\/\/elfsight.com\/pt\/background-music-widget\/bigcommerce\/","name":"Reprodutor de m\u00fasica de fundo para o site BigCommerce (gratuito e sem codifica\u00e7\u00e3o)","isPartOf":{"@id":"https:\/\/elfsight.com\/pt\/#website"},"datePublished":"2024-05-03T06:29:37+00:00","dateModified":"2024-11-13T11:39:23+00:00","description":"Incorpore um widget de \u00e1udio de fundo adapt\u00e1vel ao seu site BigCommerce. Use a demonstra\u00e7\u00e3o gerenci\u00e1vel e crie seu widget personalizado em apenas 2 minutos.","breadcrumb":{"@id":"https:\/\/elfsight.com\/pt\/background-music-widget\/bigcommerce\/#breadcrumb"},"inLanguage":"pt-PT","potentialAction":[{"@type":"ReadAction","target":["https:\/\/elfsight.com\/pt\/background-music-widget\/bigcommerce\/"]}]},{"@type":"BreadcrumbList","@id":"https:\/\/elfsight.com\/pt\/background-music-widget\/bigcommerce\/#breadcrumb","itemListElement":[{"@type":"ListItem","position":1,"name":"Home","item":"https:\/\/elfsight.com\/pt\/"},{"@type":"ListItem","position":2,"name":"Background Music","item":"https:\/\/elfsight.com\/pt\/background-music-widget\/"},{"@type":"ListItem","position":3,"name":"Background Music &#8211; BigCommerce"}]},{"@type":"WebSite","@id":"https:\/\/elfsight.com\/pt\/#website","url":"https:\/\/elfsight.com\/pt\/","name":"Elfsight PT","description":"Just another Elfsight Sites site","potentialAction":[{"@type":"SearchAction","target":{"@type":"EntryPoint","urlTemplate":"https:\/\/elfsight.com\/pt\/?s={search_term_string}"},"query-input":{"@type":"PropertyValueSpecification","valueRequired":true,"valueName":"search_term_string"}}],"inLanguage":"pt-PT"}]}},"meta_box":{"industry":"","seo_heading":"","heading":"","description":"","cta_heading":"","cta_description":"","application":"1291","h1":"Aplicativo de m\u00fasica de fundo BigCommerce","h1_caption":"Adicione uma op\u00e7\u00e3o divertida \u00e0 sua p\u00e1gina inicial e obtenha clientes mais satisfeitos rapidamente","application_category":[],"applications_title":"","applications_request_title":"","applications_request_button_text":"","hero_text":"","hero_video":"","hero_video_schema_markup":"","selling_points_title":"","selling_points_caption":"","selling_points":[],"selling_points_cta_text":"","features_title":"","features":"","ed_cta_examples_text":"","ed_cta_examples_hidden":"","ed_cta_demo_text":"","ed_cta_demo_hidden":"","why_caption":"","why_editor_title":"","why_editor_text":"","why_team_title":"","why_team_text":"","why_service_title":"","why_service_text":"","template_catalog_visible":"","template_catalog_title":"","template_catalog_text":"","template_catalog_categories_visible":"","demo_title":"Crie seu aplicativo de m\u00fasica de fundo","demo_caption":"Configure sua m\u00fasica de fundo e adicione-a ao seu site BigCommerce gratuitamente!","default_faq_hidden":"","app_template_category":[],"platform":"43","template_public_id":"","codecanyon_url":"","codecanyon_item_id":"","codecanyon_price":"","pricing_caption":"","pricing_elfsight_apps_hide_column":"","pricing_elfsight_apps_url":"","pricing_codecanyon_price_caption":"","integration_category":[],"integration_request_title":"","integration_request_cta":"","integration_platform":"","integrations":[],"platform_category":[],"video_schema_markup":"","price":"a partir de US$ 0\/m\u00eas","trial":"","benefits":[{"text":"Ajuda de instala\u00e7\u00e3o gratuita"},{"text":"Atendimento ao cliente profissional"},{"text":"Garantia de devolu\u00e7\u00e3o do dinheiro em 14 dias"},{"text":"Melhorias gratuitas vital\u00edcias"}],"button_url":"#demo","button_target_blank":"","button_nofollow":"","attributes":[{"name":"Instala\u00e7\u00f5es","content":"10,000 - 100,000"},{"name":"Responsivo","content":"Sim"},{"name":"Navegadores compat\u00edveis","content":"Firefox, Safari, Opera, Chrome, Edge"}],"tags":[],"tags_disable_links":"","hide_more_platforms":"","video_object":"","demo_hide_cta":"","demo_hide_cloud_options":"","pricing_title":"","pricing":[{"pricing_icon":"platform","pricing_title":"Elfsight Apps","pricing_title_caption":"Solu\u00e7\u00e3o digital independente de plataforma que funciona em qualquer site","pricing_price":"a partir de US$ 0\/m\u00eas","pricing_price_caption":"comece com plano gratuito","pricing_benefits":[{"text":"Sites ilimitados"},{"text":"Suporte gratuito ao cliente e bem documentado"},{"text":"Suporte gratuito ao cliente e bem documentado"},{"text":"Totalmente personaliz\u00e1vel"}],"pricing_button_text":"Adicionar ao site","pricing_button_url":"#demo"}],"related_apps_title":"","related_apps_hidden":"","author":"","image":[],"title":"","job":"","social_networks":[]},"_links":{"self":[{"href":"https:\/\/elfsight.com\/pt\/wp-json\/wp\/v2\/pages\/5873","targetHints":{"allow":["GET"]}}],"collection":[{"href":"https:\/\/elfsight.com\/pt\/wp-json\/wp\/v2\/pages"}],"about":[{"href":"https:\/\/elfsight.com\/pt\/wp-json\/wp\/v2\/types\/page"}],"author":[{"embeddable":true,"href":"https:\/\/elfsight.com\/pt\/wp-json\/wp\/v2\/users\/9"}],"replies":[{"embeddable":true,"href":"https:\/\/elfsight.com\/pt\/wp-json\/wp\/v2\/comments?post=5873"}],"version-history":[{"count":2,"href":"https:\/\/elfsight.com\/pt\/wp-json\/wp\/v2\/pages\/5873\/revisions"}],"predecessor-version":[{"id":11639,"href":"https:\/\/elfsight.com\/pt\/wp-json\/wp\/v2\/pages\/5873\/revisions\/11639"}],"up":[{"embeddable":true,"href":"https:\/\/elfsight.com\/pt\/wp-json\/wp\/v2\/pages\/1292"}],"wp:attachment":[{"href":"https:\/\/elfsight.com\/pt\/wp-json\/wp\/v2\/media?parent=5873"}],"curies":[{"name":"wp","href":"https:\/\/api.w.org\/{rel}","templated":true}]}}