{"id":5872,"date":"2024-05-03T06:29:36","date_gmt":"2024-05-03T06:29:36","guid":{"rendered":"https:\/\/elfsight.com\/pt\/?page_id=5872"},"modified":"2025-02-26T17:38:37","modified_gmt":"2025-02-26T17:38:37","slug":"blogger","status":"publish","type":"page","link":"https:\/\/elfsight.com\/pt\/background-music-widget\/blogger\/","title":{"rendered":"Background Music &#8211; Blogger"},"content":{"rendered":"\n<div class=\"application-platform-content-item-description application-platform-content-item\" id=\"description\" data-nav-section=\"description\"> <h2>Descri\u00e7\u00e3o<\/h2> <p>Elfsight Background Music \u00e9 um widget descomplicado para sites do Blogger que oferece a oportunidade de transmitir faixas de \u00e1udio diretamente no p\u00e1ginas do seu site. O plugin \u00e9 totalmente customiz\u00e1vel: voc\u00ea \u00e9 livre para alterar seu posicionamento, inserindo-o em qualquer lugar da p\u00e1gina, alterar seu tamanho, recolorir o fundo e todos os demais elementos para combin\u00e1-lo com o design do seu site, usar esquema de cores escuras, demonstrar imagens e mostrar ou ocultar 4 outros detalhes do jogador, por exemplo barra de progresso, t\u00edtulo e muito mais. Inclua quantas faixas voc\u00ea precisar para envolver seus usu\u00e1rios, ative a op\u00e7\u00e3o de reprodu\u00e7\u00e3o autom\u00e1tica e tenha certeza: seus usu\u00e1rios n\u00e3o sair\u00e3o de sua p\u00e1gina da web com pressa! <\/p> <p><b>Com a m\u00fasica de fundo da Elfsight, veja o desenvolvimento ativo do neg\u00f3cio e aumente as vendas <\/b><\/p> <\/div> <div class=\"application-platform-content-item-features application-platform-content-item\" id=\"features\" data-nav-section=\"features\"> <h2>Os recursos de widget mais valiosos incluem<\/h2> <ul><li>V\u00e1rias varia\u00e7\u00f5es de cores<\/li><li>Esquema de cores claras\/escuras<\/li><li>Design flex\u00edvel<\/li><li>2 layouts dispon\u00edveis<\/li><li>Uma op\u00e7\u00e3o para anexar imagem de fundo<\/li><\/ul><p><a href=\"#demo\">Voc\u00ea pode sentir o que o widget oferece com a ajuda da demonstra\u00e7\u00e3o<\/a><\/p> <\/div> <div class=\"application-platform-content-item-installation application-platform-content-item\" id=\"installation\" data-nav-section=\"installation\"> <h2>Como adicionar m\u00fasica de fundo ao site do Blogger?<\/h2> <div class=\"video-container\"><iframe width=\"720\" height=\"405\" src=\"https:\/\/www.youtube.com\/embed\/46K2-X1_770\" frameborder=\"0\" allowfullscreen><\/iframe><\/div><p>Basta seguir algumas etapas apresentadas abaixo para integrar o widget. <\/p> <ol><li><b>Use nossa demonstra\u00e7\u00e3o gratuita e comece a construir seu pr\u00f3prio plugin. <\/b><br> Escolha a interface e as caracter\u00edsticas adequadas da ferramenta e salve as edi\u00e7\u00f5es. <\/li> <li><b>Receba o c\u00f3digo individual mostrado na caixa nas aplica\u00e7\u00f5es Elfsight<\/b><br> Depois de conclu\u00edda a configura\u00e7\u00e3o do seu widget, copie o c\u00f3digo individual na caixa que surgiu e guarde-o para uso adicional. <\/li> <li><b>Comece a aplicar a ferramenta na sua p\u00e1gina do Blogger.<\/b><br> Cole o c\u00f3digo salvo recentemente na sua p\u00e1gina da web e salve as modifica\u00e7\u00f5es. <\/li> <li><b>Pronto! A configura\u00e7\u00e3o foi totalmente conclu\u00edda<\/b><br> Acesse seu site para ver como a ferramenta funciona. <\/li><\/ol> <p>Caso voc\u00ea tenha d\u00favidas ou enfrente algum obst\u00e1culo, n\u00e3o tenha medo de entrar em contato com nossa equipe de atendimento ao cliente. Nossos consultores est\u00e3o ansiosos para resolver todas as d\u00favidas que voc\u00ea possa ter sobre a ferramenta. <\/p> <\/div>\n\n\n\n<p><\/p>\n","protected":false},"excerpt":{"rendered":"","protected":false},"author":9,"featured_media":0,"parent":1292,"menu_order":0,"comment_status":"closed","ping_status":"closed","template":"templates\/template-application-platform.php","meta":{"publish_to_discourse":"","publish_post_category":"","wpdc_auto_publish_overridden":"","wpdc_topic_tags":"","wpdc_pin_topic":"","wpdc_pin_until":"","discourse_post_id":"","discourse_permalink":"","wpdc_publishing_response":"","wpdc_publishing_error":"","footnotes":""},"class_list":["post-5872","page","type-page","status-publish","hentry"],"yoast_head":"<!-- This site is optimized with the Yoast SEO plugin v25.3.1 - https:\/\/yoast.com\/wordpress\/plugins\/seo\/ -->\n<title>Leitor de m\u00fasica de fundo para o site do Blogger (gratuito e sem codifica\u00e7\u00e3o)<\/title>\n<meta name=\"description\" content=\"Integre um reprodutor de \u00e1udio de fundo adapt\u00e1vel \u00e0 sua p\u00e1gina. Adicione m\u00fasica de fundo de reprodu\u00e7\u00e3o autom\u00e1tica no Blogger. Crie seu widget exclusivo em apenas alguns minutos!\" \/>\n<meta name=\"robots\" content=\"index, follow, max-snippet:-1, max-image-preview:large, max-video-preview:-1\" \/>\n<link rel=\"canonical\" href=\"https:\/\/elfsight.com\/pt\/background-music-widget\/blogger\/\" \/>\n<meta property=\"og:locale\" content=\"pt_PT\" \/>\n<meta property=\"og:type\" content=\"article\" \/>\n<meta property=\"og:title\" content=\"Leitor de m\u00fasica de fundo para o site do Blogger (gratuito e sem codifica\u00e7\u00e3o)\" \/>\n<meta property=\"og:description\" content=\"Integre um reprodutor de \u00e1udio de fundo adapt\u00e1vel \u00e0 sua p\u00e1gina. Adicione m\u00fasica de fundo de reprodu\u00e7\u00e3o autom\u00e1tica no Blogger. Crie seu widget exclusivo em apenas alguns minutos!\" \/>\n<meta property=\"og:url\" content=\"https:\/\/elfsight.com\/pt\/background-music-widget\/blogger\/\" \/>\n<meta property=\"og:site_name\" content=\"Elfsight PT\" \/>\n<meta property=\"article:modified_time\" content=\"2025-02-26T17:38:37+00:00\" \/>\n<meta name=\"twitter:card\" content=\"summary_large_image\" \/>\n<meta name=\"twitter:label1\" content=\"Tempo estimado de leitura\" \/>\n\t<meta name=\"twitter:data1\" content=\"2 minutos\" \/>\n<!-- \/ Yoast SEO plugin. -->","yoast_head_json":{"title":"Leitor de m\u00fasica de fundo para o site do Blogger (gratuito e sem codifica\u00e7\u00e3o)","description":"Integre um reprodutor de \u00e1udio de fundo adapt\u00e1vel \u00e0 sua p\u00e1gina. Adicione m\u00fasica de fundo de reprodu\u00e7\u00e3o autom\u00e1tica no Blogger. Crie seu widget exclusivo em apenas alguns minutos!","robots":{"index":"index","follow":"follow","max-snippet":"max-snippet:-1","max-image-preview":"max-image-preview:large","max-video-preview":"max-video-preview:-1"},"canonical":"https:\/\/elfsight.com\/pt\/background-music-widget\/blogger\/","og_locale":"pt_PT","og_type":"article","og_title":"Leitor de m\u00fasica de fundo para o site do Blogger (gratuito e sem codifica\u00e7\u00e3o)","og_description":"Integre um reprodutor de \u00e1udio de fundo adapt\u00e1vel \u00e0 sua p\u00e1gina. Adicione m\u00fasica de fundo de reprodu\u00e7\u00e3o autom\u00e1tica no Blogger. Crie seu widget exclusivo em apenas alguns minutos!","og_url":"https:\/\/elfsight.com\/pt\/background-music-widget\/blogger\/","og_site_name":"Elfsight PT","article_modified_time":"2025-02-26T17:38:37+00:00","twitter_card":"summary_large_image","twitter_misc":{"Tempo estimado de leitura":"2 minutos"},"schema":{"@context":"https:\/\/schema.org","@graph":[{"@type":"WebPage","@id":"https:\/\/elfsight.com\/pt\/background-music-widget\/blogger\/","url":"https:\/\/elfsight.com\/pt\/background-music-widget\/blogger\/","name":"Leitor de m\u00fasica de fundo para o site do Blogger (gratuito e sem codifica\u00e7\u00e3o)","isPartOf":{"@id":"https:\/\/elfsight.com\/pt\/#website"},"datePublished":"2024-05-03T06:29:36+00:00","dateModified":"2025-02-26T17:38:37+00:00","description":"Integre um reprodutor de \u00e1udio de fundo adapt\u00e1vel \u00e0 sua p\u00e1gina. Adicione m\u00fasica de fundo de reprodu\u00e7\u00e3o autom\u00e1tica no Blogger. Crie seu widget exclusivo em apenas alguns minutos!","breadcrumb":{"@id":"https:\/\/elfsight.com\/pt\/background-music-widget\/blogger\/#breadcrumb"},"inLanguage":"pt-PT","potentialAction":[{"@type":"ReadAction","target":["https:\/\/elfsight.com\/pt\/background-music-widget\/blogger\/"]}]},{"@type":"BreadcrumbList","@id":"https:\/\/elfsight.com\/pt\/background-music-widget\/blogger\/#breadcrumb","itemListElement":[{"@type":"ListItem","position":1,"name":"Home","item":"https:\/\/elfsight.com\/pt\/"},{"@type":"ListItem","position":2,"name":"Background Music","item":"https:\/\/elfsight.com\/pt\/background-music-widget\/"},{"@type":"ListItem","position":3,"name":"Background Music &#8211; Blogger"}]},{"@type":"WebSite","@id":"https:\/\/elfsight.com\/pt\/#website","url":"https:\/\/elfsight.com\/pt\/","name":"Elfsight PT","description":"Just another Elfsight Sites site","potentialAction":[{"@type":"SearchAction","target":{"@type":"EntryPoint","urlTemplate":"https:\/\/elfsight.com\/pt\/?s={search_term_string}"},"query-input":{"@type":"PropertyValueSpecification","valueRequired":true,"valueName":"search_term_string"}}],"inLanguage":"pt-PT"}]}},"meta_box":{"industry":"","seo_heading":"","heading":"","description":"","cta_heading":"","cta_description":"","application":"1291","h1":"Widget de m\u00fasica de fundo do Blogger","h1_caption":"Insira uma op\u00e7\u00e3o divertida em sua p\u00e1gina web e atraia mais clientes satisfeitos com um clique","application_category":[],"applications_title":"","applications_request_title":"","applications_request_button_text":"","hero_text":"","hero_video":"","hero_video_schema_markup":"","selling_points_title":"","selling_points_caption":"","selling_points":[],"selling_points_cta_text":"","features_title":"","features":"","ed_cta_examples_text":"","ed_cta_examples_hidden":"","ed_cta_demo_text":"","ed_cta_demo_hidden":"","why_caption":"","why_editor_title":"","why_editor_text":"","why_team_title":"","why_team_text":"","why_service_title":"","why_service_text":"","template_catalog_visible":"0","template_catalog_title":"","template_catalog_text":"","template_catalog_categories_visible":"","demo_title":"Crie seu widget de m\u00fasica de fundo","demo_caption":"Configure sua m\u00fasica de fundo e adicione-a ao site do Blogger gratuitamente!","default_faq_hidden":"","app_template_category":[],"platform":"46","template_public_id":"","codecanyon_url":"","codecanyon_item_id":"","codecanyon_price":"","pricing_caption":"","pricing_elfsight_apps_hide_column":"","pricing_elfsight_apps_url":"","pricing_codecanyon_price_caption":"","integration_category":[],"integration_request_title":"","integration_request_cta":"","integration_platform":"","integrations":[],"platform_category":[],"video_schema_markup":"","price":"a partir de US$ 0\/m\u00eas","trial":"","benefits":[{"text":"Assist\u00eancia de instala\u00e7\u00e3o gratuita"},{"text":"Suporte excepcional"},{"text":"Garantia de devolu\u00e7\u00e3o do dinheiro em 14 dias"},{"text":"Melhorias gratuitas vital\u00edcias"}],"button_url":"#demo","button_target_blank":"0","button_nofollow":"0","attributes":[{"name":"Instala\u00e7\u00f5es","content":"10,000 - 100,000"},{"name":"Responsivo","content":"Sim"},{"name":"Navegadores compat\u00edveis","content":"Firefox, Safari, Opera, Chrome, Edge"}],"tags":[],"tags_disable_links":"0","hide_more_platforms":"0","video_object":"","demo_hide_cta":"0","demo_hide_cloud_options":"0","pricing_title":"","pricing":[{"pricing_icon":"platform","pricing_title":"Elfsight Apps","pricing_title_caption":"Vers\u00e3o multiplataforma adequada para qualquer site","pricing_price":"a partir de US$ 0\/m\u00eas","pricing_price_caption":"comece com um plano gratuito","pricing_benefits":[{"text":"Sites ilimitados"},{"text":"Suporte 24 horas por dia, 7 dias por semana, pontual e bem documentado"},{"text":"Suporte 24 horas por dia, 7 dias por semana, pontual e bem documentado"},{"text":"Design flex\u00edvel"}],"pricing_button_text":"Adicionar ao site","pricing_button_url":"#demo"}],"related_apps_title":"","related_apps_hidden":"0","author":"","image":[],"title":"","job":"","social_networks":[]},"_links":{"self":[{"href":"https:\/\/elfsight.com\/pt\/wp-json\/wp\/v2\/pages\/5872","targetHints":{"allow":["GET"]}}],"collection":[{"href":"https:\/\/elfsight.com\/pt\/wp-json\/wp\/v2\/pages"}],"about":[{"href":"https:\/\/elfsight.com\/pt\/wp-json\/wp\/v2\/types\/page"}],"author":[{"embeddable":true,"href":"https:\/\/elfsight.com\/pt\/wp-json\/wp\/v2\/users\/9"}],"replies":[{"embeddable":true,"href":"https:\/\/elfsight.com\/pt\/wp-json\/wp\/v2\/comments?post=5872"}],"version-history":[{"count":3,"href":"https:\/\/elfsight.com\/pt\/wp-json\/wp\/v2\/pages\/5872\/revisions"}],"predecessor-version":[{"id":14023,"href":"https:\/\/elfsight.com\/pt\/wp-json\/wp\/v2\/pages\/5872\/revisions\/14023"}],"up":[{"embeddable":true,"href":"https:\/\/elfsight.com\/pt\/wp-json\/wp\/v2\/pages\/1292"}],"wp:attachment":[{"href":"https:\/\/elfsight.com\/pt\/wp-json\/wp\/v2\/media?parent=5872"}],"curies":[{"name":"wp","href":"https:\/\/api.w.org\/{rel}","templated":true}]}}