{"id":5871,"date":"2024-05-03T06:29:35","date_gmt":"2024-05-03T06:29:35","guid":{"rendered":"https:\/\/elfsight.com\/pt\/?page_id=5871"},"modified":"2024-11-13T11:39:23","modified_gmt":"2024-11-13T11:39:23","slug":"drupal","status":"publish","type":"page","link":"https:\/\/elfsight.com\/pt\/background-music-widget\/drupal\/","title":{"rendered":"Background Music &#8211; Drupal"},"content":{"rendered":"<div class=\"application-platform-content-item-description application-platform-content-item\" id=\"description\" data-nav-section=\"description\"> <h2>Descri\u00e7\u00e3o<\/h2> <p>Elfsight Background Music \u00e9 um widget simples para Drupal que lhe permite transmitir faixas de \u00e1udio diretamente nas p\u00e1ginas do seu local na rede Internet. O plugin \u00e9 extremamente modific\u00e1vel: voc\u00ea \u00e9 livre para mudar sua posi\u00e7\u00e3o, incorpor\u00e1-lo em qualquer lugar da p\u00e1gina, alterar seu tamanho, fazer sobre o fundo e outras partes para mistur\u00e1-lo com o estilo do seu site, aplicar esquema de cores escuras, exibir imagens e exibir ou ocultar 4 outros componentes do jogador, por exemplo, barra de progresso, t\u00edtulo e muito mais. Carregue quantas faixas quiser para encantar os seus visitantes, ative a reprodu\u00e7\u00e3o autom\u00e1tica e n\u00e3o hesite &#8211; o seu p\u00fablico n\u00e3o sair\u00e1 do seu site com pressa!<\/p> <p><b>Tire o melhor do Elfsight Background M\u00fasica para atingir seus objetivos de neg\u00f3cios de forma mais simples! <\/b><\/p> <\/div> <div class=\"application-platform-content-item-features application-platform-content-item\" id=\"features\" data-nav-section=\"features\"> <h2>Confira a lista dos melhores recursos: <\/h2> <ul><li>Numerosas varia\u00e7\u00f5es de cores<\/li><li>Tema de cores claras\/escuras<\/li><li>Design flex\u00edvel<\/li><li>Dois layouts dispon\u00edveis<\/li><li>Uma op\u00e7\u00e3o para usar imagem de fundo<\/li><\/ul><p><a href=\"#demo\">Voc\u00ea pode verificar se o widget \u00e9 adequado para voc\u00ea experimentando a demonstra\u00e7\u00e3o<\/a><\/p> <\/div> <div class=\"application-platform-content-item-installation application-platform-content-item\" id=\"installation\" data-nav-section=\"installation\"> <h2>Como incorporar a m\u00fasica de fundo da Elfsight no meu site Drupal? <\/h2> <div class=\"video-container\"><iframe width=\"720\" height=\"405\" src=\"https:\/\/www.youtube.com\/embed\/F_9QziIdONc\" frameborder=\"0\" allowfullscreen><\/iframe><\/div><p>Basta seguir os passos abaixo para adicionar o plugin. <\/p> <ol><li><b>Use nossa demonstra\u00e7\u00e3o gratuita e comece a criar seu m\u00f3dulo personalizado. <\/b><br> Escolha o design e as op\u00e7\u00f5es adequadas do m\u00f3dulo e aplique todas as modifica\u00e7\u00f5es. <\/li> <li><b>Obtenha o c\u00f3digo individual demonstrado na caixa dos aplicativos Elfsight. <\/b><br> Logo ap\u00f3s a conclus\u00e3o da configura\u00e7\u00e3o do seu m\u00f3dulo pessoal, copie o seu c\u00f3digo na janela que surgir e guarde-o para uso futuro. <\/li> <li><b>Inicie a aplica\u00e7\u00e3o do m\u00f3dulo em seu site Drupal. <\/b><br> Incorpore o c\u00f3digo que voc\u00ea salvou anteriormente em seu site e salve os ajustes. <\/li> <li><b>Conclu\u00eddo! A incorpora\u00e7\u00e3o \u00e9 totalmente executada. <\/b><br> Acesse seu site para verificar o desempenho do m\u00f3dulo. <\/li><\/ol><p>Caso tenha d\u00favidas ou encontre alguma dificuldade, sinta-se \u00e0 vontade para entrar em contato com nossa equipe de atendimento ao cliente. Nossos consultores ter\u00e3o prazer em ajud\u00e1-lo com todas as d\u00favidas que voc\u00ea possa ter sobre a ferramenta. <\/p> <\/div><p><\/p>","protected":false},"excerpt":{"rendered":"","protected":false},"author":9,"featured_media":0,"parent":1292,"menu_order":0,"comment_status":"closed","ping_status":"closed","template":"templates\/template-application-platform.php","meta":{"publish_to_discourse":"","publish_post_category":"","wpdc_auto_publish_overridden":"","wpdc_topic_tags":"","wpdc_pin_topic":"","wpdc_pin_until":"","discourse_post_id":"","discourse_permalink":"","wpdc_publishing_response":"","wpdc_publishing_error":"","footnotes":""},"class_list":["post-5871","page","type-page","status-publish","hentry"],"yoast_head":"<!-- This site is optimized with the Yoast SEO plugin v25.3.1 - https:\/\/yoast.com\/wordpress\/plugins\/seo\/ -->\n<title>Widget de m\u00fasica de fundo para o site Drupal (gratuito e r\u00e1pido)<\/title>\n<meta name=\"description\" content=\"Integre um reprodutor de \u00e1udio de fundo responsivo \u00e0 sua p\u00e1gina da web Drupal. Execute a demonstra\u00e7\u00e3o \u00fatil e crie seu widget personalizado em apenas 2 minutos.\" \/>\n<meta name=\"robots\" content=\"index, follow, max-snippet:-1, max-image-preview:large, max-video-preview:-1\" \/>\n<link rel=\"canonical\" href=\"https:\/\/elfsight.com\/pt\/background-music-widget\/drupal\/\" \/>\n<meta property=\"og:locale\" content=\"pt_PT\" \/>\n<meta property=\"og:type\" content=\"article\" \/>\n<meta property=\"og:title\" content=\"Widget de m\u00fasica de fundo para o site Drupal (gratuito e r\u00e1pido)\" \/>\n<meta property=\"og:description\" content=\"Integre um reprodutor de \u00e1udio de fundo responsivo \u00e0 sua p\u00e1gina da web Drupal. Execute a demonstra\u00e7\u00e3o \u00fatil e crie seu widget personalizado em apenas 2 minutos.\" \/>\n<meta property=\"og:url\" content=\"https:\/\/elfsight.com\/pt\/background-music-widget\/drupal\/\" \/>\n<meta property=\"og:site_name\" content=\"Elfsight PT\" \/>\n<meta property=\"article:modified_time\" content=\"2024-11-13T11:39:23+00:00\" \/>\n<meta name=\"twitter:card\" content=\"summary_large_image\" \/>\n<meta name=\"twitter:label1\" content=\"Tempo estimado de leitura\" \/>\n\t<meta name=\"twitter:data1\" content=\"2 minutos\" \/>\n<!-- \/ Yoast SEO plugin. -->","yoast_head_json":{"title":"Widget de m\u00fasica de fundo para o site Drupal (gratuito e r\u00e1pido)","description":"Integre um reprodutor de \u00e1udio de fundo responsivo \u00e0 sua p\u00e1gina da web Drupal. Execute a demonstra\u00e7\u00e3o \u00fatil e crie seu widget personalizado em apenas 2 minutos.","robots":{"index":"index","follow":"follow","max-snippet":"max-snippet:-1","max-image-preview":"max-image-preview:large","max-video-preview":"max-video-preview:-1"},"canonical":"https:\/\/elfsight.com\/pt\/background-music-widget\/drupal\/","og_locale":"pt_PT","og_type":"article","og_title":"Widget de m\u00fasica de fundo para o site Drupal (gratuito e r\u00e1pido)","og_description":"Integre um reprodutor de \u00e1udio de fundo responsivo \u00e0 sua p\u00e1gina da web Drupal. Execute a demonstra\u00e7\u00e3o \u00fatil e crie seu widget personalizado em apenas 2 minutos.","og_url":"https:\/\/elfsight.com\/pt\/background-music-widget\/drupal\/","og_site_name":"Elfsight PT","article_modified_time":"2024-11-13T11:39:23+00:00","twitter_card":"summary_large_image","twitter_misc":{"Tempo estimado de leitura":"2 minutos"},"schema":{"@context":"https:\/\/schema.org","@graph":[{"@type":"WebPage","@id":"https:\/\/elfsight.com\/pt\/background-music-widget\/drupal\/","url":"https:\/\/elfsight.com\/pt\/background-music-widget\/drupal\/","name":"Widget de m\u00fasica de fundo para o site Drupal (gratuito e r\u00e1pido)","isPartOf":{"@id":"https:\/\/elfsight.com\/pt\/#website"},"datePublished":"2024-05-03T06:29:35+00:00","dateModified":"2024-11-13T11:39:23+00:00","description":"Integre um reprodutor de \u00e1udio de fundo responsivo \u00e0 sua p\u00e1gina da web Drupal. Execute a demonstra\u00e7\u00e3o \u00fatil e crie seu widget personalizado em apenas 2 minutos.","breadcrumb":{"@id":"https:\/\/elfsight.com\/pt\/background-music-widget\/drupal\/#breadcrumb"},"inLanguage":"pt-PT","potentialAction":[{"@type":"ReadAction","target":["https:\/\/elfsight.com\/pt\/background-music-widget\/drupal\/"]}]},{"@type":"BreadcrumbList","@id":"https:\/\/elfsight.com\/pt\/background-music-widget\/drupal\/#breadcrumb","itemListElement":[{"@type":"ListItem","position":1,"name":"Home","item":"https:\/\/elfsight.com\/pt\/"},{"@type":"ListItem","position":2,"name":"Background Music","item":"https:\/\/elfsight.com\/pt\/background-music-widget\/"},{"@type":"ListItem","position":3,"name":"Background Music &#8211; Drupal"}]},{"@type":"WebSite","@id":"https:\/\/elfsight.com\/pt\/#website","url":"https:\/\/elfsight.com\/pt\/","name":"Elfsight PT","description":"Just another Elfsight Sites site","potentialAction":[{"@type":"SearchAction","target":{"@type":"EntryPoint","urlTemplate":"https:\/\/elfsight.com\/pt\/?s={search_term_string}"},"query-input":{"@type":"PropertyValueSpecification","valueRequired":true,"valueName":"search_term_string"}}],"inLanguage":"pt-PT"}]}},"meta_box":{"industry":"","seo_heading":"","heading":"","description":"","cta_heading":"","cta_description":"","application":"1291","h1":"M\u00f3dulo de m\u00fasica de fundo Drupal","h1_caption":"Adicione um recurso envolvente ao seu site e obtenha mais clientes satisfeitos imediatamente","application_category":[],"applications_title":"","applications_request_title":"","applications_request_button_text":"","hero_text":"","hero_video":"","hero_video_schema_markup":"","selling_points_title":"","selling_points_caption":"","selling_points":[],"selling_points_cta_text":"","features_title":"","features":"","ed_cta_examples_text":"","ed_cta_examples_hidden":"","ed_cta_demo_text":"","ed_cta_demo_hidden":"","why_caption":"","why_editor_title":"","why_editor_text":"","why_team_title":"","why_team_text":"","why_service_title":"","why_service_text":"","template_catalog_visible":"","template_catalog_title":"","template_catalog_text":"","template_catalog_categories_visible":"","demo_title":"Crie seu m\u00f3dulo de m\u00fasica de fundo","demo_caption":"Configure sua m\u00fasica de fundo e adicione-a ao seu site Drupal gratuitamente!","default_faq_hidden":"","app_template_category":[],"platform":"4905","template_public_id":"","codecanyon_url":"","codecanyon_item_id":"","codecanyon_price":"","pricing_caption":"","pricing_elfsight_apps_hide_column":"","pricing_elfsight_apps_url":"","pricing_codecanyon_price_caption":"","integration_category":[],"integration_request_title":"","integration_request_cta":"","integration_platform":"","integrations":[],"platform_category":[],"video_schema_markup":"","price":"a partir de US$ 0\/m\u00eas","trial":"","benefits":[{"text":"Ajuda de instala\u00e7\u00e3o gratuita"},{"text":"Suporte premium"},{"text":"Garantia de reembolso de 14 dias"},{"text":"Atualizando constantemente"}],"button_url":"#demo","button_target_blank":"","button_nofollow":"","attributes":[{"name":"Instala\u00e7\u00f5es","content":"10,000 - 100,000"},{"name":"Responsivo","content":"Sim"},{"name":"Navegadores compat\u00edveis","content":"Firefox, Safari, Opera, Chrome, Edge"}],"tags":[],"tags_disable_links":"","hide_more_platforms":"","video_object":"","demo_hide_cta":"","demo_hide_cloud_options":"","pricing_title":"","pricing":[{"pricing_icon":"platform","pricing_title":"Elfsight Apps","pricing_title_caption":"Vers\u00e3o independente de plataforma","pricing_price":"a partir de US$ 0\/m\u00eas","pricing_price_caption":"comece com plano gratuito","pricing_benefits":[{"text":"Dom\u00ednios ilimitados"},{"text":"Suporte gratuito da empresa e bem documentado"},{"text":"Suporte gratuito da empresa e bem documentado"},{"text":"Oferta especial para v\u00e1rios aplicativos"}],"pricing_button_text":"Adicionar ao site","pricing_button_url":"#demo"}],"related_apps_title":"","related_apps_hidden":"","author":"","image":[],"title":"","job":"","social_networks":[]},"_links":{"self":[{"href":"https:\/\/elfsight.com\/pt\/wp-json\/wp\/v2\/pages\/5871","targetHints":{"allow":["GET"]}}],"collection":[{"href":"https:\/\/elfsight.com\/pt\/wp-json\/wp\/v2\/pages"}],"about":[{"href":"https:\/\/elfsight.com\/pt\/wp-json\/wp\/v2\/types\/page"}],"author":[{"embeddable":true,"href":"https:\/\/elfsight.com\/pt\/wp-json\/wp\/v2\/users\/9"}],"replies":[{"embeddable":true,"href":"https:\/\/elfsight.com\/pt\/wp-json\/wp\/v2\/comments?post=5871"}],"version-history":[{"count":2,"href":"https:\/\/elfsight.com\/pt\/wp-json\/wp\/v2\/pages\/5871\/revisions"}],"predecessor-version":[{"id":11637,"href":"https:\/\/elfsight.com\/pt\/wp-json\/wp\/v2\/pages\/5871\/revisions\/11637"}],"up":[{"embeddable":true,"href":"https:\/\/elfsight.com\/pt\/wp-json\/wp\/v2\/pages\/1292"}],"wp:attachment":[{"href":"https:\/\/elfsight.com\/pt\/wp-json\/wp\/v2\/media?parent=5871"}],"curies":[{"name":"wp","href":"https:\/\/api.w.org\/{rel}","templated":true}]}}